

{"id":14285,"date":"2025-05-20T15:11:44","date_gmt":"2025-05-20T18:11:44","guid":{"rendered":"https:\/\/goias.gov.br\/juceg\/?page_id=14285"},"modified":"2025-05-22T15:13:07","modified_gmt":"2025-05-22T18:13:07","slug":"programa-de-compliance-publico-pcp","status":"publish","type":"page","link":"https:\/\/goias.gov.br\/juceg\/programa-de-compliance-publico-pcp\/","title":{"rendered":"Programa de Compliance P\u00fablico &#8211; PCP"},"content":{"rendered":"\n<p><\/p>\n\n\n\n<p><a href=\"https:\/\/goias.gov.br\/juceg\/wp-content\/uploads\/sites\/42\/2025\/05\/Portaria-de-Instituicao-do-Comite-Setorial-do-Programa-deCompliance-Publico.pdf\">\u2022 Portaria de Institui\u00e7\u00e3o do Comit\u00ea Setorial do Programa de Compliance P\u00fablico<\/a><\/p>\n\n\n\n<p><a href=\"https:\/\/goias.gov.br\/juceg\/wp-content\/uploads\/sites\/42\/2025\/05\/Portaria-de-Instituicao-do-Escritorio-de-Compliance.pdf\">\u2022 Portaria de Institui\u00e7\u00e3o do Escrit\u00f3rio de Compliance<\/a><\/p>\n\n\n\n<p><a href=\"https:\/\/goias.gov.br\/juceg\/wp-content\/uploads\/sites\/42\/2025\/05\/Politica-de-Gestao-de-Riscos.pdf\">\u2022 Pol\u00edtica de Gest\u00e3o de Riscos<\/a><\/p>\n\n\n\n<p><a href=\"https:\/\/goias.gov.br\/juceg\/wp-content\/uploads\/sites\/42\/2025\/05\/Plano-de-Comunicacao-de-Gestao-de-Riscos-compactado_1.pdf\">\u2022 Plano de Comunica\u00e7\u00e3o de Gest\u00e3o de Riscos<\/a><\/p>\n\n\n\n<p><a href=\"https:\/\/goias.gov.br\/juceg\/wp-content\/uploads\/sites\/42\/2025\/05\/Escopo-Contexto-e-Criterios-em-Gestao-de-Riscos-da-JUCEG-compactado_1.pdf\">\u2022 Escopo, Contexto e Crit\u00e9rios em Gest\u00e3o de Riscos<\/a><\/p>\n\n\n\n<p><strong>Documentos espec\u00edficos da pasta<\/strong><\/p>\n\n\n\n<p><a href=\"https:\/\/goias.gov.br\/juceg\/wp-content\/uploads\/sites\/42\/2025\/05\/Regulamento-da-Junta-Comercial-do-Estado-de-Goias.pdf\">\u2022 Regulamento da Junta Comercial do Estado de Goi\u00e1s (Decreto n\u00ba 10.321\/2023)<\/a><\/p>\n\n\n\n<p><a href=\"https:\/\/goias.gov.br\/juceg\/wp-content\/uploads\/sites\/42\/2025\/05\/Instrucao-Normativa-no-01-2021-dispoe-da-Conduta-Administrativa-dos-Gestores-das-Unidades-desta-Autarquia.pdf\">\u2022 Instru\u00e7\u00e3o Normativa n\u00ba 01\/2021, disp\u00f5e da Conduta Administrativa dos Gestores das Unidades desta Autarquia <\/a><\/p>\n\n\n\n<p><a href=\"https:\/\/goias.gov.br\/juceg\/wp-content\/uploads\/sites\/42\/2025\/05\/Codigo-de-Etica-do-Estado-de-Goias.pdf\">\u2022 C\u00f3digo de \u00c9tica do Estado de Goi\u00e1s <\/a><\/p>\n\n\n\n<p><strong>Reposit\u00f3rio de documentos<\/strong><\/p>\n\n\n\n<p><a href=\"https:\/\/goias.gov.br\/juceg\/wp-content\/uploads\/sites\/42\/2025\/05\/Material-Educativo-Mediacao-de-Conflitos-no-Servico-Publico.pdf\">\u2022 Material Educativo Media\u00e7\u00e3o de Conflitos no Servi\u00e7o P\u00fablico <\/a><\/p>\n\n\n\n<p><a href=\"https:\/\/goias.gov.br\/juceg\/wp-content\/uploads\/sites\/42\/2025\/05\/Manual-de-Orientacao-aos-Escritorios-de-Compliance.pdf\">\u2022 Manual de Orienta\u00e7\u00e3o aos Escrit\u00f3rios de Compliance <\/a><\/p>\n\n\n\n<p><a href=\"https:\/\/goias.gov.br\/juceg\/wp-content\/uploads\/sites\/42\/2025\/05\/Estatuto-do-Servidor-Publico-Lei-20756-2020.pdf\">\u2022 Estatuto do Servidor P\u00fablico (Lei 20756\/2020)<\/a><\/p>\n\n\n\n<p><a href=\"https:\/\/goias.gov.br\/juceg\/wp-content\/uploads\/sites\/42\/2025\/05\/Material-Educativo-Prevenindo-o-Assedio-no-Ambiente-de-Trabalho.pdf\">\u2022 Material Educativo Prevenindo o Ass\u00e9dio no Ambiente de Trabalho<\/a><\/p>\n\n\n\n<p><a href=\"https:\/\/goias.gov.br\/juceg\/wp-content\/uploads\/sites\/42\/2025\/05\/Cartilha-Lei-Geral-de-Protecao-de-Dados-LGPD.pdf\">\u2022 Cartilha Lei Geral de Prote\u00e7\u00e3o de Dados LGPD <\/a><\/p>\n\n\n\n<p><a href=\"https:\/\/goias.gov.br\/juceg\/wp-content\/uploads\/sites\/42\/2025\/05\/Manual-de-Procedimentos-das-Ouvidorias-2025-compactado_1-1.pdf\">\u2022 Manual de Procedimentos das Ouvidorias 2025 <\/a><\/p>\n\n\n\n<p><a href=\"https:\/\/goias.gov.br\/juceg\/wp-content\/uploads\/sites\/42\/2025\/05\/Manual-para-Orientacao-de-PAD-Processo-Administrativo-Disciplinar-e-Sindicancia.pdf\">\u2022 Manual para Orienta\u00e7\u00e3o de PAD (Processo Administrativo Disciplinar) e Sindic\u00e2ncia <\/a><\/p>\n\n\n\n<p><a href=\"https:\/\/goias.gov.br\/juceg\/wp-content\/uploads\/sites\/42\/2025\/05\/Guia-para-Gestor-e-Fiscal-de-Contratos.pdf\">\u2022 Guia para Gestor e Fiscal de Contratos<\/a><\/p>\n\n\n\n<p><a href=\"https:\/\/goias.gov.br\/juceg\/wp-content\/uploads\/sites\/42\/2025\/05\/Guia-de-Relacionamento-com-a-Imprensa.pdf\">\u2022 Guia de Relacionamento com a Imprensa<\/a><\/p>\n\n\n\n<p><\/p>\n","protected":false},"excerpt":{"rendered":"<p>\u2022 Portaria de Institui\u00e7\u00e3o do Comit\u00ea Setorial do Programa de Compliance P\u00fablico \u2022 Portaria de Institui\u00e7\u00e3o do Escrit\u00f3rio de Compliance \u2022 Pol\u00edtica de Gest\u00e3o de Riscos \u2022 Plano de Comunica\u00e7\u00e3o de Gest\u00e3o de Riscos \u2022 Escopo, Contexto e Crit\u00e9rios em Gest\u00e3o de Riscos Documentos espec\u00edficos da pasta \u2022 Regulamento da Junta Comercial do Estado de [&hellip;]<\/p>\n","protected":false},"author":374,"featured_media":0,"parent":0,"menu_order":0,"comment_status":"closed","ping_status":"closed","template":"","meta":{"footnotes":""},"class_list":["post-14285","page","type-page","status-publish","hentry"],"rttpg_featured_image_url":null,"rttpg_author":{"display_name":"joaoacarvalho","author_link":"https:\/\/goias.gov.br\/juceg\/author\/joaoacarvalho\/"},"rttpg_comment":0,"rttpg_category":null,"rttpg_excerpt":"\u2022 Portaria de Institui\u00e7\u00e3o do Comit\u00ea Setorial do Programa de Compliance P\u00fablico \u2022 Portaria de Institui\u00e7\u00e3o do Escrit\u00f3rio de Compliance \u2022 Pol\u00edtica de Gest\u00e3o de Riscos \u2022 Plano de Comunica\u00e7\u00e3o de Gest\u00e3o de Riscos \u2022 Escopo, Contexto e Crit\u00e9rios em Gest\u00e3o de Riscos Documentos espec\u00edficos da pasta \u2022 Regulamento da Junta Comercial do Estado de&hellip;","_links":{"self":[{"href":"https:\/\/goias.gov.br\/juceg\/wp-json\/wp\/v2\/pages\/14285","targetHints":{"allow":["GET"]}}],"collection":[{"href":"https:\/\/goias.gov.br\/juceg\/wp-json\/wp\/v2\/pages"}],"about":[{"href":"https:\/\/goias.gov.br\/juceg\/wp-json\/wp\/v2\/types\/page"}],"author":[{"embeddable":true,"href":"https:\/\/goias.gov.br\/juceg\/wp-json\/wp\/v2\/users\/374"}],"replies":[{"embeddable":true,"href":"https:\/\/goias.gov.br\/juceg\/wp-json\/wp\/v2\/comments?post=14285"}],"version-history":[{"count":2,"href":"https:\/\/goias.gov.br\/juceg\/wp-json\/wp\/v2\/pages\/14285\/revisions"}],"predecessor-version":[{"id":14597,"href":"https:\/\/goias.gov.br\/juceg\/wp-json\/wp\/v2\/pages\/14285\/revisions\/14597"}],"wp:attachment":[{"href":"https:\/\/goias.gov.br\/juceg\/wp-json\/wp\/v2\/media?parent=14285"}],"curies":[{"name":"wp","href":"https:\/\/api.w.org\/{rel}","templated":true}]}}