

{"id":8157,"date":"2024-10-04T13:39:30","date_gmt":"2024-10-04T16:39:30","guid":{"rendered":"https:\/\/goias.gov.br\/iquego\/?page_id=8157"},"modified":"2026-02-13T09:21:17","modified_gmt":"2026-02-13T12:21:17","slug":"ouvidoria-setorial","status":"publish","type":"page","link":"https:\/\/goias.gov.br\/iquego\/ouvidoria-setorial\/","title":{"rendered":"Ouvidoria Setorial"},"content":{"rendered":"\n<h4 class=\"wp-block-heading\"><span style=\"color: #008000\">Atendimento Presencial<\/span><\/h4>\n\n\n\n<p>Ouvidor Setorial: <strong>Eluise Elaine de Souza Martins<\/strong><\/p>\n\n\n\n<div class=\"wp-block-group\"><div class=\"wp-block-group__inner-container is-layout-constrained wp-block-group-is-layout-constrained\">\n<p>Endere\u00e7o: Av. Anhanguera, n\u00ba 9.827 Qd. 56 Lt. 01<br \/>Bairro Ipiranga, Goi\u00e2nia &#8211; GO, CEP: 74.430-030<br \/>Hor\u00e1rio de Atendimento: 8h \u00e0s 12h e das 13h \u00e0s 17h<br \/>E-mail: <a href=\"mailto:ouvidoriainterna@iquego.com.br\">ouvidoriainterna@iquego.com.br<\/a><br \/>Telefone: (62) 3030-1165 &#8211; Ramal: 435<br \/>Unidade SEI: 21867<\/p>\n<\/div><\/div>\n\n\n\n<p><\/p>\n","protected":false},"excerpt":{"rendered":"<p>Atendimento Presencial Ouvidor Setorial: Eluise Elaine de Souza Martins Endere\u00e7o: Av. Anhanguera, n\u00ba 9.827 Qd. 56 Lt. 01Bairro Ipiranga, Goi\u00e2nia &#8211; GO, CEP: 74.430-030Hor\u00e1rio de Atendimento: 8h \u00e0s 12h e das 13h \u00e0s 17hE-mail: ouvidoriainterna@iquego.com.brTelefone: (62) 3030-1165 &#8211; Ramal: 435Unidade SEI: 21867<\/p>\n","protected":false},"author":62,"featured_media":0,"parent":0,"menu_order":0,"comment_status":"closed","ping_status":"closed","template":"","meta":{"footnotes":""},"class_list":["post-8157","page","type-page","status-publish","hentry"],"rttpg_featured_image_url":null,"rttpg_author":{"display_name":"italoreis","author_link":"https:\/\/goias.gov.br\/iquego\/author\/italoreis\/"},"rttpg_comment":0,"rttpg_category":null,"rttpg_excerpt":"Atendimento Presencial Ouvidor Setorial: Eluise Elaine de Souza Martins Endere\u00e7o: Av. Anhanguera, n\u00ba 9.827 Qd. 56 Lt. 01Bairro Ipiranga, Goi\u00e2nia &#8211; GO, CEP: 74.430-030Hor\u00e1rio de Atendimento: 8h \u00e0s 12h e das 13h \u00e0s 17hE-mail: ouvidoriainterna@iquego.com.brTelefone: (62) 3030-1165 &#8211; Ramal: 435Unidade SEI: 21867","_links":{"self":[{"href":"https:\/\/goias.gov.br\/iquego\/wp-json\/wp\/v2\/pages\/8157","targetHints":{"allow":["GET"]}}],"collection":[{"href":"https:\/\/goias.gov.br\/iquego\/wp-json\/wp\/v2\/pages"}],"about":[{"href":"https:\/\/goias.gov.br\/iquego\/wp-json\/wp\/v2\/types\/page"}],"author":[{"embeddable":true,"href":"https:\/\/goias.gov.br\/iquego\/wp-json\/wp\/v2\/users\/62"}],"replies":[{"embeddable":true,"href":"https:\/\/goias.gov.br\/iquego\/wp-json\/wp\/v2\/comments?post=8157"}],"version-history":[{"count":2,"href":"https:\/\/goias.gov.br\/iquego\/wp-json\/wp\/v2\/pages\/8157\/revisions"}],"predecessor-version":[{"id":23524,"href":"https:\/\/goias.gov.br\/iquego\/wp-json\/wp\/v2\/pages\/8157\/revisions\/23524"}],"wp:attachment":[{"href":"https:\/\/goias.gov.br\/iquego\/wp-json\/wp\/v2\/media?parent=8157"}],"curies":[{"name":"wp","href":"https:\/\/api.w.org\/{rel}","templated":true}]}}