

{"id":468,"date":"2023-08-24T15:58:47","date_gmt":"2023-08-24T18:58:47","guid":{"rendered":"https:\/\/wwwdesenv.joomlamultidesenv.go.gov.br\/iquego\/?page_id=468"},"modified":"2025-10-29T14:46:34","modified_gmt":"2025-10-29T17:46:34","slug":"institucional","status":"publish","type":"page","link":"https:\/\/goias.gov.br\/iquego\/institucional\/","title":{"rendered":"Institucional"},"content":{"rendered":"\t\t<div data-elementor-type=\"wp-page\" data-elementor-id=\"468\" class=\"elementor elementor-468\">\n\t\t\t\t<div class=\"elementor-element elementor-element-86c06bf e-flex e-con-boxed e-con e-parent\" data-id=\"86c06bf\" data-element_type=\"container\" data-e-type=\"container\">\n\t\t\t\t\t<div class=\"e-con-inner\">\n\t\t\t\t<div class=\"elementor-element elementor-element-9790847 elementor-widget elementor-widget-text-editor\" data-id=\"9790847\" data-element_type=\"widget\" data-e-type=\"widget\" data-widget_type=\"text-editor.default\">\n\t\t\t\t<div class=\"elementor-widget-container\">\n\t\t\t\t\t\t\t\t\t<h1>A Iquego<\/h1><p>A Iquego (Ind\u00fastria Qu\u00edmica do Estado de Goi\u00e1s) \u00e9 um laborat\u00f3rio p\u00fablico criado em 6 de Novembro de 1962, por meio da Lei Estadual n\u00ba 4.207, no Governo Mauro Borges Teixeira, com in\u00edcio das atividades em 7 de janeiro de 1964.<\/p><p style=\"text-align: right;\"><a href=\"\/iquego\/a-iquego\/\">Conhe\u00e7a a Hist\u00f3ria da Iquego<\/a><\/p>\t\t\t\t\t\t\t\t<\/div>\n\t\t\t\t<\/div>\n\t\t\t\t\t<\/div>\n\t\t\t\t<\/div>\n\t\t<div class=\"elementor-element elementor-element-11eff9c e-flex e-con-boxed e-con e-parent\" data-id=\"11eff9c\" data-element_type=\"container\" data-e-type=\"container\">\n\t\t\t\t\t<div class=\"e-con-inner\">\n\t\t\t\t<div class=\"elementor-element elementor-element-ff80311 elementor-widget elementor-widget-shortcode\" data-id=\"ff80311\" data-element_type=\"widget\" data-e-type=\"widget\" data-widget_type=\"shortcode.default\">\n\t\t\t\t<div class=\"elementor-widget-container\">\n\t\t\t\t\t\t\t<div class=\"elementor-shortcode\"><div data-post-id=\"492\" class=\"insert-page insert-page-492 \"><h1 class='insert-page-title'>Compet\u00eancias<\/h1><p>Compete \u00e0 Iquego:<\/p>\n<ol>\n<li>Produ\u00e7\u00e3o de medicamentos para o atendimento de demanda do Minist\u00e9rio da Sa\u00fade, Secretarias de Sa\u00fade Estaduais e Municipais e demais institui\u00e7\u00f5es que atendam ou administrem o servi\u00e7o de sa\u00fade p\u00fablica, gratuita e\/ou filantr\u00f3pica.<\/li>\n<li>Produ\u00e7\u00e3o, industrializa\u00e7\u00e3o, comercializa\u00e7\u00e3o, representa\u00e7\u00e3o, importa\u00e7\u00e3o, exporta\u00e7\u00e3o e distribui\u00e7\u00e3o de insumos e de produtos qu\u00edmico-farmac\u00eauticos e produtos para sa\u00fade.<\/li>\n<li>Proceder a pesquisas t\u00e9cnicas e cientificas destinadas ao cont\u00ednuo desenvolvimento de suas atividades industriais e comerciais, objetivando a disputa em igualdade de condi\u00e7\u00f5es, dos mercados interno e externo, observadas as condi\u00e7\u00f5es do \u00a7 2\u00b0 deste artigo.\n<ul class=\"unstyled\">\n<li>\u00a71\u00b0 Para o pleno exerc\u00edcio de suas atividades a Iquego poder\u00e1:\n<ol style=\"list-style-type: lower-alpha;\" start=\"1\">\n<li>Montar e\/ou explorar ind\u00fastrias conexas ou servi\u00e7os acess\u00f3rios ou complementares ao seu ramo, em qualquer ponto do territ\u00f3rio nacional, especialmente a\u00e7\u00f5es de log\u00edstica para \u00f3rg\u00e3os p\u00fablicos ou entidades sem fins lucrativos; operar como representante de Companhias nacionais e estrangeiras que tenham atividades industriais e comerciais similares.<\/li>\n<li>Atuar nos mercados nacional e estrangeiro, mediante representa\u00e7\u00f5es comerciais, pelo credenciamento de pessoas f\u00edsicas ou jur\u00eddicas de comprovada experi\u00eancia e idoneidade, nos termos e na forma da legisla\u00e7\u00e3o civil e segundo as normas estabelecidas em regulamento.<\/li>\n<li>Participar mediante autoriza\u00e7\u00e3o da Assembleia Geral, como s\u00f3cia-cotista ou acionista de outras sociedades que tenham objeto social compat\u00edvel, inclusive a participa\u00e7\u00e3o no capital de empresas sob os benef\u00edcios da legisla\u00e7\u00e3o de incentivos fiscais, podendo ainda, encampar ou adquirir empresas, desde que interesse ao seu objeto social, atendendo ao disposto na legisla\u00e7\u00e3o espec\u00edfica.<\/li>\n<\/ol>\n<\/li>\n<li>\u00a72\u00b0 A sociedade observar\u00e1, sempre que poss\u00edvel, os seguintes princ\u00edpios:\n<ol style=\"list-style-type: lower-alpha;\" start=\"1\">\n<li>O estabelecimento de pre\u00e7os m\u00f3dicos para seus produtos, visando o equil\u00edbrio entre o interesse p\u00fablico e os interesses econ\u00f4micos e operacionais da Empresa;<\/li>\n<li>A fabrica\u00e7\u00e3o, preferencialmente de produtos considerados essenciais para a terap\u00eautica das doen\u00e7as mais comuns, utilizados pela rede p\u00fablica;<\/li>\n<li>A busca de melhoria tecnol\u00f3gica e da superior qualidade dos produtos de sua fabrica\u00e7\u00e3o, em compatibilidade com as pol\u00edticas emanadas dos Governos Estadual e Federal.<\/li>\n<\/ol>\n<\/li>\n<\/ul>\n<\/li>\n<\/ol>\n<p><a href=\"https:\/\/goias.gov.br\/iquego\/wp-content\/uploads\/sites\/16\/2018\/07\/iquego-90f.pdf\" target=\"_blank\" rel=\"noopener\">Conhe\u00e7a o Estatuto da Ind\u00fastria Qu\u00edmica do Estado de Goi\u00e1s &#8211; IQUEGO\u00a0 publicado no Di\u00e1rio Oficial n\u00ba 22451, de 23 de novembro de 2016 &#8211; P\u00e1g. 09 a 11<\/a><\/p>\n<p><a href=\"https:\/\/drive.google.com\/file\/d\/1_y-GzysuMNAxD1Degf-JA51vdj_rIBPe\/view?usp=sharing\">Estatuto da Ind\u00fastria Qu\u00edmica do Estado de Goi\u00e1s &#8211; IQUEGO\u00a0 de 08 de abril de 2021<\/a><\/p>\n<p><a href=\"https:\/\/drive.google.com\/file\/d\/1CRtGo1O0xT3dbZh1jqTZWtrZM5qT7E-t\/view?usp=share_link\">Estatuto da Ind\u00fastria Qu\u00edmica do Estado de Goi\u00e1s &#8211; IQUEGO\u00a0 de 10\u00a0de agosto\u00a0de 2022<\/a><\/p>\n<p><a href=\"https:\/\/drive.google.com\/file\/d\/1QD-Utmwon25uXOTFre9LBvwpxdM44LO3\/view?usp=drive_link\">Estatuto da Ind\u00fastria Qu\u00edmica do Estado de Goi\u00e1s &#8211; IQUEGO\u00a0 de 13 de novembro de 2023<\/a><\/p>\n<p><a href=\"https:\/\/drive.google.com\/file\/d\/1h1MtnqCfj4--HCyoFlUAqeN6TQwBhr2V\/view?usp=sharing\">C\u00f3digo de \u00c9tica ,Conduta e Integridade da Industia Qu\u00edmica do Estado de Goi\u00e1s S\/A &#8211; IQUEGO<\/a><\/p>\n<p><a href=\"https:\/\/drive.google.com\/file\/d\/1XsX2m6wI0u2vkFl_SXS6yN2KVtaxfGpL\/view?usp=sharing\">Ata 265 Conselho de Administra\u00e7\u00e3o<\/a>-Aprova\u00e7\u00e3o do C\u00f3digo de \u00c9tica e Mudan\u00e7as No Organograma.<\/p>\n<ul class='post-meta'>\n<li><span class='post-meta-key'>tpg-post-view-count:<\/span> 314<\/li>\n<li><span class='post-meta-key'>footnotes:<\/span> <\/li>\n<li><span class='post-meta-key'>rank_math_internal_links_processed:<\/span> 1<\/li>\n<li><span class='post-meta-key'>ao_post_optimize:<\/span> a:6:{s:16:\"ao_post_optimize\";s:2:\"on\";s:19:\"ao_post_js_optimize\";s:2:\"on\";s:20:\"ao_post_css_optimize\";s:2:\"on\";s:12:\"ao_post_ccss\";s:2:\"on\";s:16:\"ao_post_lazyload\";s:2:\"on\";s:15:\"ao_post_preload\";s:0:\"\";}<\/li>\n<\/ul>\n<\/div><\/div>\n\t\t\t\t\t\t<\/div>\n\t\t\t\t<\/div>\n\t\t\t\t\t<\/div>\n\t\t\t\t<\/div>\n\t\t<div class=\"elementor-element elementor-element-b0f9d0f e-flex e-con-boxed e-con e-parent\" data-id=\"b0f9d0f\" data-element_type=\"container\" data-e-type=\"container\">\n\t\t\t\t\t<div class=\"e-con-inner\">\n\t\t<div class=\"elementor-element elementor-element-01bbe50 e-con-full e-flex e-con e-child\" data-id=\"01bbe50\" data-element_type=\"container\" data-e-type=\"container\">\n\t\t\t\t<div class=\"elementor-element elementor-element-2b2df53 elementor-widget elementor-widget-shortcode\" data-id=\"2b2df53\" data-element_type=\"widget\" data-e-type=\"widget\" data-widget_type=\"shortcode.default\">\n\t\t\t\t<div class=\"elementor-widget-container\">\n\t\t\t\t\t\t\t<div class=\"elementor-shortcode\"><div data-post-id=\"485\" class=\"insert-page insert-page-485 \"><h1 class='insert-page-title'>Canais de Atendimento<\/h1><p class=\"nomargintop\">O atendimento presencial acontece das <strong>08h \u00e0s <\/strong><strong>17h<\/strong>.<\/p>\n<p>Avenida Anhanguera, 12.527 \u2013 Bairro Ipiranga, CEP.: 74.453-390, Goi\u00e2nia \u2013 Goi\u00e1s<\/p>\n<table style=\"border-collapse: collapse;width: 100%;height: 161px\">\n<tbody>\n<tr style=\"height: 23px\">\n<td style=\"width: 33.3333%;text-align: center;height: 23px\"><strong>Unidade<\/strong><\/td>\n<td style=\"width: 33.3333%;text-align: center;height: 23px\"><strong>Telefone\u00a0<\/strong><\/td>\n<td style=\"width: 33.3333%;text-align: center;height: 23px\"><strong>E-mail<\/strong><\/td>\n<\/tr>\n<tr style=\"height: 23px\">\n<td style=\"width: 33.3333%;text-align: center;height: 23px\">Presid\u00eancia\u00a0<\/td>\n<td style=\"width: 33.3333%;text-align: center;height: 23px\">(62) 3030-1165 Ramal-403\/404<\/td>\n<td style=\"width: 33.3333%;text-align: center;height: 23px\">gabinetedapresidencia@iquego.com.br<\/td>\n<\/tr>\n<tr>\n<td style=\"width: 33.3333%;text-align: center\">Chefia de Gabinete\u00a0<\/td>\n<td style=\"width: 33.3333%;text-align: center\">(62) 3030-1165 Ramal-403\/404<\/td>\n<td style=\"width: 33.3333%;text-align: center\">ricardo.peixoto@iquego.com.br<\/td>\n<\/tr>\n<tr style=\"height: 23px\">\n<td style=\"width: 33.3333%;text-align: center;height: 23px\">Secretaria Geral\u00a0<\/td>\n<td style=\"width: 33.3333%;text-align: center;height: 23px\">(62) 3030-1165 Ramal-403\/404<\/td>\n<td style=\"width: 33.3333%;text-align: center;height: 23px\">marci.paes@iquego.com.br<\/td>\n<\/tr>\n<tr style=\"height: 23px\">\n<td style=\"width: 33.3333%;text-align: center;height: 23px\">SAC IQUEGO<\/td>\n<td style=\"width: 33.3333%;text-align: center;height: 23px\">0800 9432928<\/td>\n<td style=\"width: 33.3333%;text-align: center;height: 23px\">sac@iquego.com.br<\/td>\n<\/tr>\n<tr style=\"height: 23px\">\n<td style=\"width: 33.3333%;text-align: center;height: 23px\">Diretoria Administrativa\u00a0<\/td>\n<td style=\"width: 33.3333%;text-align: center;height: 23px\">(62) 3030-1165 Ramal-416<\/td>\n<td style=\"width: 33.3333%;text-align: center;height: 23px\">hallan.rocha@iquego.com.br<\/td>\n<\/tr>\n<tr style=\"height: 23px\">\n<td style=\"width: 33.3333%;text-align: center;height: 23px\">Diretoria Comercial\u00a0<\/td>\n<td style=\"width: 33.3333%;text-align: center;height: 23px\">(62) 3030-1165 Ramal-407<\/td>\n<td style=\"width: 33.3333%;text-align: center;height: 23px\">vendas@iquego.com.br<\/td>\n<\/tr>\n<tr>\n<td style=\"width: 33.3333%;text-align: center\">Diretoria Industrial<\/td>\n<td style=\"width: 33.3333%;text-align: center\">(62) 3030-1165 Ramal-432<\/td>\n<td style=\"width: 33.3333%;text-align: center\">daniel.jpaula@iquego.com.br<\/td>\n<\/tr>\n<tr style=\"height: 23px\">\n<td style=\"width: 33.3333%;text-align: center;height: 23px\">Ouvidoria\u00a0<\/td>\n<td style=\"width: 33.3333%;text-align: center;height: 23px\">(62) 3030-1165 Ramal-435<\/td>\n<td style=\"width: 33.3333%;text-align: center;height: 23px\">ouvidoriainterna@iquego.com.br<\/td>\n<\/tr>\n<\/tbody>\n<\/table>\n<hr id=\"system-readmore\" \/>\n<p><a href=\"\/iquego\/telefones-enderecos-e-horarios-de-atendimento\/\">Saiba mais informa\u00e7\u00f5es sobre telefones, endere\u00e7os e hor\u00e1rios de atendimentos das\u00a0unidades<\/a>.<\/p>\n\n\n<p><\/p>\n<ul class='post-meta'>\n<li><span class='post-meta-key'>tpg-post-view-count:<\/span> 689<\/li>\n<li><span class='post-meta-key'>footnotes:<\/span> <\/li>\n<li><span class='post-meta-key'>ao_post_optimize:<\/span> a:6:{s:16:\"ao_post_optimize\";s:2:\"on\";s:19:\"ao_post_js_optimize\";s:2:\"on\";s:20:\"ao_post_css_optimize\";s:2:\"on\";s:12:\"ao_post_ccss\";s:2:\"on\";s:16:\"ao_post_lazyload\";s:2:\"on\";s:15:\"ao_post_preload\";s:0:\"\";}<\/li>\n<li><span class='post-meta-key'>rank_math_internal_links_processed:<\/span> 1<\/li>\n<\/ul>\n<\/div><\/div>\n\t\t\t\t\t\t<\/div>\n\t\t\t\t<\/div>\n\t\t\t\t<\/div>\n\t\t<div class=\"elementor-element elementor-element-0c86f24 e-con-full e-flex e-con e-child\" data-id=\"0c86f24\" data-element_type=\"container\" data-e-type=\"container\">\n\t\t\t\t<div class=\"elementor-element elementor-element-339e8e2 elementor-widget elementor-widget-shortcode\" data-id=\"339e8e2\" data-element_type=\"widget\" data-e-type=\"widget\" data-widget_type=\"shortcode.default\">\n\t\t\t\t<div class=\"elementor-widget-container\">\n\t\t\t\t\t\t\t<div class=\"elementor-shortcode\"><div data-post-id=\"493\" class=\"insert-page insert-page-493 \"><h1 class='insert-page-title'>Estrutura Organizacional<\/h1><p>A Iquego \u00e9 dividida em uma superintend\u00eancia e quatro diretorias respons\u00e1veis por atender ao cidad\u00e3o por meio de suas atividades.<\/p>\n<ul class=\"list-unidades\">\n<li><strong>Diretor-Presidente<\/strong>\n<ul>\n<li>Chefia de Gabinete\n<ul>\n<li>Secretaria Geral<\/li>\n<\/ul>\n<\/li>\n<li>Controller\n<ul>\n<li>Assessoria de Planejamento e Projetos<\/li>\n<\/ul>\n<\/li>\n<li>Assessoria Jur\u00eddica<\/li>\n<li>Assessoria da Presid\u00eancia<\/li>\n<li>Assessoria de Auditoria Interna<\/li>\n<li>Assessoria de Relacionamento Institucional<\/li>\n<\/ul>\n<\/li>\n<li><strong>Diretoria Industrial\u00a0<\/strong>\n<ul>\n<li>Ger\u00eancia de Controle da Qualidade<\/li>\n<li>Ger\u00eancia de Manuten\u00e7\u00e3o Industrial<\/li>\n<li>Ger\u00eancia de Suprimentos<\/li>\n<li>Ger\u00eancia de Produ\u00e7\u00e3o de Medicamentos<\/li>\n<li>Ger\u00eancia de Utilidades Industriais<\/li>\n<li>Ger\u00eancia de Assuntos regulat\u00f3rios<\/li>\n<li>Ger\u00eancia de PPCP<\/li>\n<\/ul>\n<\/li>\n<li><strong>Diretoria Comercial\u00a0\u00a0<\/strong>\n<ul>\n<li>Assessoria de An\u00e1lise de Cr\u00e9ditos e Cobran\u00e7a<\/li>\n<li>Ger\u00eancia Comercial<\/li>\n<\/ul>\n<\/li>\n<li><strong>Diretoria Administrativa e Financeira\u00a0<\/strong>\n<ul>\n<li>Ger\u00eancia Administrativa<\/li>\n<li>Ger\u00eancia de Gest\u00e3o de Pessoas<\/li>\n<li>Ger\u00eancia de Contabilidade<\/li>\n<li>Ger\u00eancia de Log\u00edstica<\/li>\n<li>Ger\u00eancia Financeira<\/li>\n<li>Gerencia de Engenharia<\/li>\n<li>Assessoria de Tecnologia da Informa\u00e7\u00e3o e Comunica\u00e7\u00e3o<\/li>\n<li>Assessoria de Compras governamentais<\/li>\n<\/ul>\n<\/li>\n<li><strong>Superintend\u00eancia de Novos Neg\u00f3cios,Pesquisa e Desenvolvimento\u00a0<\/strong>\n<ul>\n<li>Ger\u00eancia de Pesquisa e Desenvolvimento<\/li>\n<li>Ger\u00eancia de Novos Neg\u00f3cios<\/li>\n<li>Ger\u00eancia de Garantia da Qualidade<\/li>\n<li>Ger\u00eancia de Relacionamento Institucional<\/li>\n<\/ul>\n<\/li>\n<\/ul>\n<ul>\n<li><a href=\"https:\/\/drive.google.com\/file\/d\/1_T5sj_D76lhJUnKQBFFW_WJu-M4jvmdV\/view?usp=sharing\">Conhe\u00e7a tamb\u00e9m o nosso organograma<\/a><\/li>\n<li><a href=\"\/iquego\/cargos-e-seus-ocupantes\/\">Saiba quem \u00e9 quem em\u00a0Cargos e seus Ocupantes<\/a><\/li>\n<\/ul>\n<ul class='post-meta'>\n<li><span class='post-meta-key'>tpg-post-view-count:<\/span> 375<\/li>\n<li><span class='post-meta-key'>rank_math_internal_links_processed:<\/span> 1<\/li>\n<li><span class='post-meta-key'>ao_post_optimize:<\/span> a:6:{s:16:\"ao_post_optimize\";s:2:\"on\";s:19:\"ao_post_js_optimize\";s:2:\"on\";s:20:\"ao_post_css_optimize\";s:2:\"on\";s:12:\"ao_post_ccss\";s:2:\"on\";s:16:\"ao_post_lazyload\";s:2:\"on\";s:15:\"ao_post_preload\";s:0:\"\";}<\/li>\n<\/ul>\n<\/div><\/div>\n\t\t\t\t\t\t<\/div>\n\t\t\t\t<\/div>\n\t\t\t\t<\/div>\n\t\t\t\t\t<\/div>\n\t\t\t\t<\/div>\n\t\t\t\t<\/div>\n\t\t","protected":false},"excerpt":{"rendered":"<p>A Iquego A Iquego (Ind\u00fastria Qu\u00edmica do Estado de Goi\u00e1s) \u00e9 um laborat\u00f3rio p\u00fablico criado em 6 de Novembro de 1962, por meio da Lei Estadual n\u00ba 4.207, no Governo Mauro Borges Teixeira, com in\u00edcio das atividades em 7 de janeiro de 1964. Conhe\u00e7a a Hist\u00f3ria da Iquego<\/p>\n","protected":false},"author":12,"featured_media":0,"parent":0,"menu_order":0,"comment_status":"closed","ping_status":"closed","template":"wppb_theme_template","meta":{"footnotes":""},"class_list":["post-468","page","type-page","status-publish","hentry"],"rttpg_featured_image_url":null,"rttpg_author":{"display_name":"jackelinebastos","author_link":"https:\/\/goias.gov.br\/iquego\/author\/jackelinebastos\/"},"rttpg_comment":0,"rttpg_category":"","rttpg_excerpt":"A Iquego A Iquego (Ind\u00fastria Qu\u00edmica do Estado de Goi\u00e1s) \u00e9 um laborat\u00f3rio p\u00fablico criado em 6 de Novembro de 1962, por meio da Lei Estadual n\u00ba 4.207, no Governo Mauro Borges Teixeira, com in\u00edcio das atividades em 7 de janeiro de 1964. Conhe\u00e7a a Hist\u00f3ria da Iquego","_links":{"self":[{"href":"https:\/\/goias.gov.br\/iquego\/wp-json\/wp\/v2\/pages\/468","targetHints":{"allow":["GET"]}}],"collection":[{"href":"https:\/\/goias.gov.br\/iquego\/wp-json\/wp\/v2\/pages"}],"about":[{"href":"https:\/\/goias.gov.br\/iquego\/wp-json\/wp\/v2\/types\/page"}],"author":[{"embeddable":true,"href":"https:\/\/goias.gov.br\/iquego\/wp-json\/wp\/v2\/users\/12"}],"replies":[{"embeddable":true,"href":"https:\/\/goias.gov.br\/iquego\/wp-json\/wp\/v2\/comments?post=468"}],"version-history":[{"count":2,"href":"https:\/\/goias.gov.br\/iquego\/wp-json\/wp\/v2\/pages\/468\/revisions"}],"predecessor-version":[{"id":22214,"href":"https:\/\/goias.gov.br\/iquego\/wp-json\/wp\/v2\/pages\/468\/revisions\/22214"}],"wp:attachment":[{"href":"https:\/\/goias.gov.br\/iquego\/wp-json\/wp\/v2\/media?parent=468"}],"curies":[{"name":"wp","href":"https:\/\/api.w.org\/{rel}","templated":true}]}}