

{"id":2614,"date":"2023-10-04T16:00:06","date_gmt":"2023-10-04T19:00:06","guid":{"rendered":"https:\/\/goias.gov.br\/iquego\/?page_id=2614"},"modified":"2025-10-29T14:52:38","modified_gmt":"2025-10-29T17:52:38","slug":"fale-conosco","status":"publish","type":"page","link":"https:\/\/goias.gov.br\/iquego\/fale-conosco\/","title":{"rendered":"Fale Conosco"},"content":{"rendered":"\t\t<div data-elementor-type=\"wp-page\" data-elementor-id=\"2614\" class=\"elementor elementor-2614\">\n\t\t\t\t<div class=\"elementor-element elementor-element-c684249 e-flex e-con-boxed e-con e-parent\" data-id=\"c684249\" data-element_type=\"container\" data-e-type=\"container\">\n\t\t\t\t\t<div class=\"e-con-inner\">\n\t\t<div class=\"elementor-element elementor-element-c71eeac e-con-full e-flex e-con e-child\" data-id=\"c71eeac\" data-element_type=\"container\" data-e-type=\"container\">\n\t\t\t\t<div class=\"elementor-element elementor-element-ab42f35 elementor-widget elementor-widget-shortcode\" data-id=\"ab42f35\" data-element_type=\"widget\" data-e-type=\"widget\" data-widget_type=\"shortcode.default\">\n\t\t\t\t<div class=\"elementor-widget-container\">\n\t\t\t\t\t\t\t<div class=\"elementor-shortcode\">\n<div class=\"wpcf7 no-js\" id=\"wpcf7-f2617-o1\" lang=\"pt-BR\" dir=\"ltr\" data-wpcf7-id=\"2617\">\n<div class=\"screen-reader-response\"><p role=\"status\" aria-live=\"polite\" aria-atomic=\"true\"><\/p> <ul><\/ul><\/div>\n<form action=\"\/iquego\/wp-json\/wp\/v2\/pages\/2614#wpcf7-f2617-o1\" method=\"post\" class=\"wpcf7-form init\" aria-label=\"Formul\u00e1rios de contato\" novalidate=\"novalidate\" data-status=\"init\">\n<fieldset class=\"hidden-fields-container\"><input type=\"hidden\" name=\"_wpcf7\" value=\"2617\" \/><input type=\"hidden\" name=\"_wpcf7_version\" value=\"6.1.5\" \/><input type=\"hidden\" name=\"_wpcf7_locale\" value=\"pt_BR\" \/><input type=\"hidden\" name=\"_wpcf7_unit_tag\" value=\"wpcf7-f2617-o1\" \/><input type=\"hidden\" name=\"_wpcf7_container_post\" value=\"0\" \/><input type=\"hidden\" name=\"_wpcf7_posted_data_hash\" value=\"\" \/>\n<\/fieldset>\n<p><label> Nome*<br \/>\n<span class=\"wpcf7-form-control-wrap\" data-name=\"your-name\"><input size=\"40\" maxlength=\"400\" class=\"wpcf7-form-control wpcf7-text wpcf7-validates-as-required\" autocomplete=\"name\" aria-required=\"true\" aria-invalid=\"false\" value=\"\" type=\"text\" name=\"your-name\" \/><\/span> <\/label>\n<\/p>\n<p><label> E-mail*<br \/>\n<span class=\"wpcf7-form-control-wrap\" data-name=\"your-email\"><input size=\"40\" maxlength=\"400\" class=\"wpcf7-form-control wpcf7-email wpcf7-validates-as-required wpcf7-text wpcf7-validates-as-email\" autocomplete=\"email\" aria-required=\"true\" aria-invalid=\"false\" value=\"\" type=\"email\" name=\"your-email\" \/><\/span> <\/label>\n<\/p>\n<p><label> Assunto*<br \/>\n<span class=\"wpcf7-form-control-wrap\" data-name=\"your-subject\"><input size=\"40\" maxlength=\"400\" class=\"wpcf7-form-control wpcf7-text wpcf7-validates-as-required\" aria-required=\"true\" aria-invalid=\"false\" value=\"\" type=\"text\" name=\"your-subject\" \/><\/span> <\/label>\n<\/p>\n<p><label> Mensagem*<br \/>\n<span class=\"wpcf7-form-control-wrap\" data-name=\"your-message\"><textarea cols=\"40\" rows=\"10\" maxlength=\"2000\" class=\"wpcf7-form-control wpcf7-textarea wpcf7-validates-as-required\" aria-required=\"true\" aria-invalid=\"false\" name=\"your-message\"><\/textarea><\/span> <\/label>\n<\/p>\n<p><input class=\"wpcf7-form-control wpcf7-submit has-spinner\" type=\"submit\" value=\"Enviar\" \/>\n<\/p><div class=\"wpcf7-response-output\" aria-hidden=\"true\"><\/div>\n<\/form>\n<\/div>\n<\/div>\n\t\t\t\t\t\t<\/div>\n\t\t\t\t<\/div>\n\t\t\t\t<\/div>\n\t\t<div class=\"elementor-element elementor-element-304f10b e-con-full e-flex e-con e-child\" data-id=\"304f10b\" data-element_type=\"container\" data-e-type=\"container\">\n\t\t\t\t<div class=\"elementor-element elementor-element-2201d77 elementor-widget elementor-widget-shortcode\" data-id=\"2201d77\" data-element_type=\"widget\" data-e-type=\"widget\" data-widget_type=\"shortcode.default\">\n\t\t\t\t<div class=\"elementor-widget-container\">\n\t\t\t\t\t\t\t<div class=\"elementor-shortcode\"><div data-post-id=\"485\" class=\"insert-page insert-page-485 \"><h1 class='insert-page-title'>Canais de Atendimento<\/h1><p class=\"nomargintop\">O atendimento presencial acontece das <strong>08h \u00e0s <\/strong><strong>17h<\/strong>.<\/p>\n<p>Avenida Anhanguera, 12.527 \u2013 Bairro Ipiranga, CEP.: 74.453-390, Goi\u00e2nia \u2013 Goi\u00e1s<\/p>\n<table style=\"border-collapse: collapse;width: 100%;height: 161px\">\n<tbody>\n<tr style=\"height: 23px\">\n<td style=\"width: 33.3333%;text-align: center;height: 23px\"><strong>Unidade<\/strong><\/td>\n<td style=\"width: 33.3333%;text-align: center;height: 23px\"><strong>Telefone\u00a0<\/strong><\/td>\n<td style=\"width: 33.3333%;text-align: center;height: 23px\"><strong>E-mail<\/strong><\/td>\n<\/tr>\n<tr style=\"height: 23px\">\n<td style=\"width: 33.3333%;text-align: center;height: 23px\">Presid\u00eancia\u00a0<\/td>\n<td style=\"width: 33.3333%;text-align: center;height: 23px\">(62) 3030-1165 Ramal-403\/404<\/td>\n<td style=\"width: 33.3333%;text-align: center;height: 23px\">gabinetedapresidencia@iquego.com.br<\/td>\n<\/tr>\n<tr>\n<td style=\"width: 33.3333%;text-align: center\">Chefia de Gabinete\u00a0<\/td>\n<td style=\"width: 33.3333%;text-align: center\">(62) 3030-1165 Ramal-403\/404<\/td>\n<td style=\"width: 33.3333%;text-align: center\">ricardo.peixoto@iquego.com.br<\/td>\n<\/tr>\n<tr style=\"height: 23px\">\n<td style=\"width: 33.3333%;text-align: center;height: 23px\">Secretaria Geral\u00a0<\/td>\n<td style=\"width: 33.3333%;text-align: center;height: 23px\">(62) 3030-1165 Ramal-403\/404<\/td>\n<td style=\"width: 33.3333%;text-align: center;height: 23px\">marci.paes@iquego.com.br<\/td>\n<\/tr>\n<tr style=\"height: 23px\">\n<td style=\"width: 33.3333%;text-align: center;height: 23px\">SAC IQUEGO<\/td>\n<td style=\"width: 33.3333%;text-align: center;height: 23px\">0800 9432928<\/td>\n<td style=\"width: 33.3333%;text-align: center;height: 23px\">sac@iquego.com.br<\/td>\n<\/tr>\n<tr style=\"height: 23px\">\n<td style=\"width: 33.3333%;text-align: center;height: 23px\">Diretoria Administrativa\u00a0<\/td>\n<td style=\"width: 33.3333%;text-align: center;height: 23px\">(62) 3030-1165 Ramal-416<\/td>\n<td style=\"width: 33.3333%;text-align: center;height: 23px\">hallan.rocha@iquego.com.br<\/td>\n<\/tr>\n<tr style=\"height: 23px\">\n<td style=\"width: 33.3333%;text-align: center;height: 23px\">Diretoria Comercial\u00a0<\/td>\n<td style=\"width: 33.3333%;text-align: center;height: 23px\">(62) 3030-1165 Ramal-407<\/td>\n<td style=\"width: 33.3333%;text-align: center;height: 23px\">vendas@iquego.com.br<\/td>\n<\/tr>\n<tr>\n<td style=\"width: 33.3333%;text-align: center\">Diretoria Industrial<\/td>\n<td style=\"width: 33.3333%;text-align: center\">(62) 3030-1165 Ramal-432<\/td>\n<td style=\"width: 33.3333%;text-align: center\">daniel.jpaula@iquego.com.br<\/td>\n<\/tr>\n<tr style=\"height: 23px\">\n<td style=\"width: 33.3333%;text-align: center;height: 23px\">Ouvidoria\u00a0<\/td>\n<td style=\"width: 33.3333%;text-align: center;height: 23px\">(62) 3030-1165 Ramal-435<\/td>\n<td style=\"width: 33.3333%;text-align: center;height: 23px\">ouvidoriainterna@iquego.com.br<\/td>\n<\/tr>\n<\/tbody>\n<\/table>\n<hr id=\"system-readmore\" \/>\n<p><a href=\"\/iquego\/telefones-enderecos-e-horarios-de-atendimento\/\">Saiba mais informa\u00e7\u00f5es sobre telefones, endere\u00e7os e hor\u00e1rios de atendimentos das\u00a0unidades<\/a>.<\/p>\n\n\n<p><\/p>\n<ul class='post-meta'>\n<li><span class='post-meta-key'>tpg-post-view-count:<\/span> 667<\/li>\n<li><span class='post-meta-key'>footnotes:<\/span> <\/li>\n<li><span class='post-meta-key'>ao_post_optimize:<\/span> a:6:{s:16:\"ao_post_optimize\";s:2:\"on\";s:19:\"ao_post_js_optimize\";s:2:\"on\";s:20:\"ao_post_css_optimize\";s:2:\"on\";s:12:\"ao_post_ccss\";s:2:\"on\";s:16:\"ao_post_lazyload\";s:2:\"on\";s:15:\"ao_post_preload\";s:0:\"\";}<\/li>\n<li><span class='post-meta-key'>rank_math_internal_links_processed:<\/span> 1<\/li>\n<\/ul>\n<\/div><\/div>\n\t\t\t\t\t\t<\/div>\n\t\t\t\t<\/div>\n\t\t\t\t<\/div>\n\t\t\t\t\t<\/div>\n\t\t\t\t<\/div>\n\t\t\t\t<\/div>\n\t\t","protected":false},"excerpt":{"rendered":"","protected":false},"author":1,"featured_media":0,"parent":0,"menu_order":0,"comment_status":"closed","ping_status":"closed","template":"","meta":{"footnotes":""},"class_list":["post-2614","page","type-page","status-publish","hentry"],"rttpg_featured_image_url":null,"rttpg_author":{"display_name":"wagner.viana","author_link":"https:\/\/goias.gov.br\/iquego\/author\/wagner-viana\/"},"rttpg_comment":0,"rttpg_category":"","rttpg_excerpt":null,"_links":{"self":[{"href":"https:\/\/goias.gov.br\/iquego\/wp-json\/wp\/v2\/pages\/2614","targetHints":{"allow":["GET"]}}],"collection":[{"href":"https:\/\/goias.gov.br\/iquego\/wp-json\/wp\/v2\/pages"}],"about":[{"href":"https:\/\/goias.gov.br\/iquego\/wp-json\/wp\/v2\/types\/page"}],"author":[{"embeddable":true,"href":"https:\/\/goias.gov.br\/iquego\/wp-json\/wp\/v2\/users\/1"}],"replies":[{"embeddable":true,"href":"https:\/\/goias.gov.br\/iquego\/wp-json\/wp\/v2\/comments?post=2614"}],"version-history":[{"count":2,"href":"https:\/\/goias.gov.br\/iquego\/wp-json\/wp\/v2\/pages\/2614\/revisions"}],"predecessor-version":[{"id":22265,"href":"https:\/\/goias.gov.br\/iquego\/wp-json\/wp\/v2\/pages\/2614\/revisions\/22265"}],"wp:attachment":[{"href":"https:\/\/goias.gov.br\/iquego\/wp-json\/wp\/v2\/media?parent=2614"}],"curies":[{"name":"wp","href":"https:\/\/api.w.org\/{rel}","templated":true}]}}