

{"id":3478,"date":"2024-06-07T17:07:10","date_gmt":"2024-06-07T20:07:10","guid":{"rendered":"https:\/\/goias.gov.br\/institucional\/?page_id=3478"},"modified":"2025-08-22T15:48:59","modified_gmt":"2025-08-22T18:48:59","slug":"estrutura-organizacional","status":"publish","type":"page","link":"https:\/\/goias.gov.br\/institucional\/estrutura-organizacional\/","title":{"rendered":"Estrutura Organizacional"},"content":{"rendered":"\n<figure class=\"wp-block-image size-large\"><a href=\"https:\/\/goias.gov.br\/institucional\/wp-content\/uploads\/sites\/51\/2025\/08\/SERINT_Organograma_2025.pdf\"><img decoding=\"async\" src=\"https:\/\/goias.gov.br\/institucional\/wp-content\/uploads\/sites\/51\/2025\/08\/SERINT_Organograma_2025.jpg\" alt=\"\"\/><\/a><\/figure>\n\n\n\n<p>Fonte: \u00a0<a href=\"https:\/\/legisla.casacivil.go.gov.br\/pesquisa_legislacao\/106749\/lei-21792\" target=\"_blank\" rel=\"noopener\">Lei n\u00ba 21.792, de 16 de fevereiro de 2023<\/a><\/p>\n<p>Saiba quem s\u00e3o nossos servidores e as fun\u00e7\u00f5es que exercem:<\/p>\n<ul>\n<li><a href=\"https:\/\/goias.gov.br\/institucional\/cargos-e-seus-ocupantes\/\">Cargos e seus ocupantes<\/a><\/li>\n<\/ul>\n","protected":false},"excerpt":{"rendered":"<p>Fonte: \u00a0Lei n\u00ba 21.792, de 16 de fevereiro de 2023 Saiba quem s\u00e3o nossos servidores e as fun\u00e7\u00f5es que exercem: Cargos e seus ocupantes<\/p>\n","protected":false},"author":62,"featured_media":0,"parent":0,"menu_order":0,"comment_status":"closed","ping_status":"closed","template":"","meta":{"footnotes":""},"class_list":["post-3478","page","type-page","status-publish","hentry"],"rttpg_featured_image_url":null,"rttpg_author":{"display_name":"italoreis","author_link":"https:\/\/goias.gov.br\/institucional\/author\/italoreis\/"},"rttpg_comment":0,"rttpg_category":null,"rttpg_excerpt":"Fonte: \u00a0Lei n\u00ba 21.792, de 16 de fevereiro de 2023 Saiba quem s\u00e3o nossos servidores e as fun\u00e7\u00f5es que exercem: Cargos e seus ocupantes","_links":{"self":[{"href":"https:\/\/goias.gov.br\/institucional\/wp-json\/wp\/v2\/pages\/3478","targetHints":{"allow":["GET"]}}],"collection":[{"href":"https:\/\/goias.gov.br\/institucional\/wp-json\/wp\/v2\/pages"}],"about":[{"href":"https:\/\/goias.gov.br\/institucional\/wp-json\/wp\/v2\/types\/page"}],"author":[{"embeddable":true,"href":"https:\/\/goias.gov.br\/institucional\/wp-json\/wp\/v2\/users\/62"}],"replies":[{"embeddable":true,"href":"https:\/\/goias.gov.br\/institucional\/wp-json\/wp\/v2\/comments?post=3478"}],"version-history":[{"count":2,"href":"https:\/\/goias.gov.br\/institucional\/wp-json\/wp\/v2\/pages\/3478\/revisions"}],"predecessor-version":[{"id":35351,"href":"https:\/\/goias.gov.br\/institucional\/wp-json\/wp\/v2\/pages\/3478\/revisions\/35351"}],"wp:attachment":[{"href":"https:\/\/goias.gov.br\/institucional\/wp-json\/wp\/v2\/media?parent=3478"}],"curies":[{"name":"wp","href":"https:\/\/api.w.org\/{rel}","templated":true}]}}