

{"id":3474,"date":"2024-06-07T17:05:22","date_gmt":"2024-06-07T20:05:22","guid":{"rendered":"https:\/\/goias.gov.br\/institucional\/?page_id=3474"},"modified":"2025-06-27T11:05:42","modified_gmt":"2025-06-27T14:05:42","slug":"secretario","status":"publish","type":"page","link":"https:\/\/goias.gov.br\/institucional\/secretario\/","title":{"rendered":"Secret\u00e1rio"},"content":{"rendered":"\n<figure class=\"wp-block-image size-full\"><img fetchpriority=\"high\" decoding=\"async\" width=\"1067\" height=\"1600\" src=\"https:\/\/goias.gov.br\/institucional\/wp-content\/uploads\/sites\/51\/2024\/08\/armando.jpg\" alt=\"\" class=\"wp-image-9710\" srcset=\"https:\/\/goias.gov.br\/institucional\/wp-content\/uploads\/sites\/51\/2024\/08\/armando.jpg 1067w, https:\/\/goias.gov.br\/institucional\/wp-content\/uploads\/sites\/51\/2024\/08\/armando-200x300.jpg 200w, https:\/\/goias.gov.br\/institucional\/wp-content\/uploads\/sites\/51\/2024\/08\/armando-683x1024.jpg 683w, https:\/\/goias.gov.br\/institucional\/wp-content\/uploads\/sites\/51\/2024\/08\/armando-768x1152.jpg 768w, https:\/\/goias.gov.br\/institucional\/wp-content\/uploads\/sites\/51\/2024\/08\/armando-1024x1536.jpg 1024w\" sizes=\"(max-width: 1067px) 100vw, 1067px\" \/><\/figure>\n\n\n\n<h4><span style=\"color: #008000;\">Armando Verg\u00edlio<\/span><br \/><span style=\"color: #999999;\">Secret\u00e1rio de Estado de Rela\u00e7\u00f5es Institucionais<\/span><\/h4>\n<p>Armando Verg\u00edlio assumiu a Secretaria de Estado de Rela\u00e7\u00f5es Institucionais em abril de 2024. Casado, pai de dois filhos e duas enteadas, possui uma trajet\u00f3ria consolidada na pol\u00edtica, com atua\u00e7\u00e3o tanto no Estado de Goi\u00e1s quanto no Distrito Federal.<\/p>\n<p>Entre os principais cargos p\u00fablicos que ocupou, destacam-se:<\/p>\n<ul>\n<li>Deputado Federal (2011\u20132015)<\/li>\n<li>Secret\u00e1rio de Estado de Governo e de Assuntos Institucionais<\/li>\n<li>Secret\u00e1rio das Cidades<\/li>\n<li>Secret\u00e1rio de Trabalho<\/li>\n<li>Secret\u00e1rio de Previd\u00eancia e Seguridade (em Goi\u00e1s)<\/li>\n<li>Secret\u00e1rio de Desenvolvimento da Regi\u00e3o Metropolitana do Distrito Federal<\/li>\n<\/ul>\n<p>Al\u00e9m da carreira pol\u00edtica, \u00e9 empres\u00e1rio e atua como corretor de seguros desde 1989. Tamb\u00e9m foi:<\/p>\n<ul>\n<li>Superintendente da Superintend\u00eancia de Seguros Privados (SUSEP) \u2013 2007 a 2010<\/li>\n<li>Dirigente da Escola de Neg\u00f3cios e Seguros (ENS)<\/li>\n<li>Presidente do Sincor-GO<\/li>\n<li>Membro do Conselho Regulador dos Mercados Financeiro, de Capital e de Seguros, de Previd\u00eancia e de Capitaliza\u00e7\u00e3o (COREMEC)<\/li>\n<\/ul>\n<p><strong>Forma\u00e7\u00e3o acad\u00eamica:<\/strong><\/p>\n<ul>\n<li>Hist\u00f3ria, Universidade Cat\u00f3lica de Goi\u00e1s, Goi\u00e2nia, GO \u2013 1983<\/li>\n<li>Habilita\u00e7\u00e3o de Corretores de Seguros, Funda\u00e7\u00e3o Escola Nacional de Seguros (FUNENSEG), Goi\u00e2nia, GO \u2013 1988\u20131989<\/li>\n<li>Administra\u00e7\u00e3o de Empresas, Universidade Cat\u00f3lica de Goi\u00e1s, Goi\u00e2nia, GO \u2013 1999<\/li>\n<\/ul>\n","protected":false},"excerpt":{"rendered":"<p>Armando Verg\u00edlioSecret\u00e1rio de Estado de Rela\u00e7\u00f5es Institucionais Armando Verg\u00edlio assumiu a Secretaria de Estado de Rela\u00e7\u00f5es Institucionais em abril de 2024. Casado, pai de dois filhos e duas enteadas, possui uma trajet\u00f3ria consolidada na pol\u00edtica, com atua\u00e7\u00e3o tanto no Estado de Goi\u00e1s quanto no Distrito Federal. Entre os principais cargos p\u00fablicos que ocupou, destacam-se: Deputado [&hellip;]<\/p>\n","protected":false},"author":62,"featured_media":0,"parent":0,"menu_order":0,"comment_status":"closed","ping_status":"closed","template":"","meta":{"footnotes":""},"class_list":["post-3474","page","type-page","status-publish","hentry"],"rttpg_featured_image_url":null,"rttpg_author":{"display_name":"italoreis","author_link":"https:\/\/goias.gov.br\/institucional\/author\/italoreis\/"},"rttpg_comment":0,"rttpg_category":null,"rttpg_excerpt":"Armando Verg\u00edlioSecret\u00e1rio de Estado de Rela\u00e7\u00f5es Institucionais Armando Verg\u00edlio assumiu a Secretaria de Estado de Rela\u00e7\u00f5es Institucionais em abril de 2024. Casado, pai de dois filhos e duas enteadas, possui uma trajet\u00f3ria consolidada na pol\u00edtica, com atua\u00e7\u00e3o tanto no Estado de Goi\u00e1s quanto no Distrito Federal. Entre os principais cargos p\u00fablicos que ocupou, destacam-se: Deputado&hellip;","_links":{"self":[{"href":"https:\/\/goias.gov.br\/institucional\/wp-json\/wp\/v2\/pages\/3474","targetHints":{"allow":["GET"]}}],"collection":[{"href":"https:\/\/goias.gov.br\/institucional\/wp-json\/wp\/v2\/pages"}],"about":[{"href":"https:\/\/goias.gov.br\/institucional\/wp-json\/wp\/v2\/types\/page"}],"author":[{"embeddable":true,"href":"https:\/\/goias.gov.br\/institucional\/wp-json\/wp\/v2\/users\/62"}],"replies":[{"embeddable":true,"href":"https:\/\/goias.gov.br\/institucional\/wp-json\/wp\/v2\/comments?post=3474"}],"version-history":[{"count":2,"href":"https:\/\/goias.gov.br\/institucional\/wp-json\/wp\/v2\/pages\/3474\/revisions"}],"predecessor-version":[{"id":30203,"href":"https:\/\/goias.gov.br\/institucional\/wp-json\/wp\/v2\/pages\/3474\/revisions\/30203"}],"wp:attachment":[{"href":"https:\/\/goias.gov.br\/institucional\/wp-json\/wp\/v2\/media?parent=3474"}],"curies":[{"name":"wp","href":"https:\/\/api.w.org\/{rel}","templated":true}]}}