

{"id":3472,"date":"2024-06-07T17:04:17","date_gmt":"2024-06-07T20:04:17","guid":{"rendered":"https:\/\/goias.gov.br\/institucional\/?page_id=3472"},"modified":"2025-09-03T11:51:05","modified_gmt":"2025-09-03T14:51:05","slug":"competencias","status":"publish","type":"page","link":"https:\/\/goias.gov.br\/institucional\/competencias\/","title":{"rendered":"Compet\u00eancias"},"content":{"rendered":"\n<p>Segundo o estabelecido na\u00a0<a href=\"https:\/\/legisla.casacivil.go.gov.br\/pesquisa_legislacao\/106749\/lei-21792\" target=\"_blank\" rel=\"noreferrer noopener\">Lei n\u00ba 21.792, de 16 de fevereiro de 2023,<\/a> e seus incisos:<\/p>\n<h4 class=\"artigo\"><span style=\"color: #008000;\">Art. 7\u00ba \u00c0 SERINT competem:<\/span><\/h4>\n<p class=\"inciso\">I \u2013 as articula\u00e7\u00f5es pol\u00edtica e administrativa do Governo com as esferas federal, municipal e distrital, com outros estados, Poderes ou institui\u00e7\u00f5es, tamb\u00e9m com a sociedade civil;<\/p>\n<p class=\"inciso\">II \u2013 a coordena\u00e7\u00e3o das rela\u00e7\u00f5es do Estado com os munic\u00edpios e o acompanhamento da execu\u00e7\u00e3o dos programas e dos projetos estaduais neles implantados;<\/p>\n<p class=\"inciso\">III \u2013 a celebra\u00e7\u00e3o e o acompanhamento da execu\u00e7\u00e3o de conv\u00eanios com munic\u00edpios e parcerias com entidades sem fins lucrativos; e<\/p>\n<p class=\"inciso\">IV \u2013 a representa\u00e7\u00e3o do Governo do Estado de Goi\u00e1s em Bras\u00edlia:<\/p>\n<p class=\"alinea\">a) na assist\u00eancia ao Chefe do Poder Executivo estadual em assuntos referentes \u00e0 pol\u00edtica da agenda de capta\u00e7\u00e3o de recursos e financiamentos com entes federados e o terceiro setor, nacionais e estrangeiros;<\/p>\n<p class=\"alinea\">b) na interlocu\u00e7\u00e3o com a classe empresarial e as representa\u00e7\u00f5es estrangeiras, em Bras\u00edlia, para divulgar e promover as potencialidades goianas; e<\/p>\n<p class=\"alinea\">c) na promo\u00e7\u00e3o do relacionamento intergovernamental e da articula\u00e7\u00e3o institucional do Poder Executivo estadual nas esferas, municipal, estadual e federal com governos, munic\u00edpios, entidades da sociedade civil e colegiados.<\/p>\n<h4 class=\"paragrafo\"><span style=\"color: #008000;\">Confira a legisla\u00e7\u00e3o complementar da SERINT:<\/span><\/h4>\n<ul>\n<li><a href=\"https:\/\/legisla.casacivil.go.gov.br\/pesquisa_legislacao\/108412\/decreto-10400\" target=\"_blank\" rel=\"noopener\">Decreto n\u00ba 10.400, de 30 de Janeiro de 2024<\/a>\n<ul>\n<li>Aprova o Regulamento da Secretaria de Estado de Rela\u00e7\u00f5es Institucionais \u2013 SERINT e revoga o <a href=\"https:\/\/legisla.casacivil.go.gov.br\/pesquisa_legislacao\/72457\" target=\"_blank\" rel=\"noopener\">Decreto n\u00ba 9.542<\/a>, de 23 de outubro de 2019.<\/li>\n<\/ul>\n<\/li>\n<li><a href=\"https:\/\/legisla.casacivil.go.gov.br\/pesquisa_legislacao\/110202\/decreto-10614\">Decreto n\u00ba 10.614, de 20 de Dezembro de 2024<\/a>\n<ul>\n<li>Altera o\u00a0<a href=\"https:\/\/legisla.casacivil.go.gov.br\/pesquisa_legislacao\/106750\" target=\"_blank\" rel=\"noopener\">Decreto n\u00ba 10.218<\/a>, de 16 de fevereiro de 2023, que regulamenta a\u00a0<a href=\"https:\/\/legisla.casacivil.go.gov.br\/pesquisa_legislacao\/106749\" target=\"_blank\" rel=\"noopener\">Lei n\u00ba 21.792<\/a>, de 16 de fevereiro de 2023, que estabelece a organiza\u00e7\u00e3o administrativa b\u00e1sica do Poder Executivo e d\u00e1 outras provid\u00eancias.<\/li>\n<\/ul>\n<\/li>\n<\/ul>\n\n\n\n<p><\/p>\n","protected":false},"excerpt":{"rendered":"<p>Segundo o estabelecido na\u00a0Lei n\u00ba 21.792, de 16 de fevereiro de 2023, e seus incisos: Art. 7\u00ba \u00c0 SERINT competem: I \u2013 as articula\u00e7\u00f5es pol\u00edtica e administrativa do Governo com as esferas federal, municipal e distrital, com outros estados, Poderes ou institui\u00e7\u00f5es, tamb\u00e9m com a sociedade civil; II \u2013 a coordena\u00e7\u00e3o das rela\u00e7\u00f5es do Estado [&hellip;]<\/p>\n","protected":false},"author":62,"featured_media":0,"parent":0,"menu_order":0,"comment_status":"closed","ping_status":"closed","template":"","meta":{"footnotes":""},"class_list":["post-3472","page","type-page","status-publish","hentry"],"rttpg_featured_image_url":null,"rttpg_author":{"display_name":"italoreis","author_link":"https:\/\/goias.gov.br\/institucional\/author\/italoreis\/"},"rttpg_comment":0,"rttpg_category":null,"rttpg_excerpt":"Segundo o estabelecido na\u00a0Lei n\u00ba 21.792, de 16 de fevereiro de 2023, e seus incisos: Art. 7\u00ba \u00c0 SERINT competem: I \u2013 as articula\u00e7\u00f5es pol\u00edtica e administrativa do Governo com as esferas federal, municipal e distrital, com outros estados, Poderes ou institui\u00e7\u00f5es, tamb\u00e9m com a sociedade civil; II \u2013 a coordena\u00e7\u00e3o das rela\u00e7\u00f5es do Estado&hellip;","_links":{"self":[{"href":"https:\/\/goias.gov.br\/institucional\/wp-json\/wp\/v2\/pages\/3472","targetHints":{"allow":["GET"]}}],"collection":[{"href":"https:\/\/goias.gov.br\/institucional\/wp-json\/wp\/v2\/pages"}],"about":[{"href":"https:\/\/goias.gov.br\/institucional\/wp-json\/wp\/v2\/types\/page"}],"author":[{"embeddable":true,"href":"https:\/\/goias.gov.br\/institucional\/wp-json\/wp\/v2\/users\/62"}],"replies":[{"embeddable":true,"href":"https:\/\/goias.gov.br\/institucional\/wp-json\/wp\/v2\/comments?post=3472"}],"version-history":[{"count":2,"href":"https:\/\/goias.gov.br\/institucional\/wp-json\/wp\/v2\/pages\/3472\/revisions"}],"predecessor-version":[{"id":35817,"href":"https:\/\/goias.gov.br\/institucional\/wp-json\/wp\/v2\/pages\/3472\/revisions\/35817"}],"wp:attachment":[{"href":"https:\/\/goias.gov.br\/institucional\/wp-json\/wp\/v2\/media?parent=3472"}],"curies":[{"name":"wp","href":"https:\/\/api.w.org\/{rel}","templated":true}]}}