

{"id":2932,"date":"2024-03-04T14:16:01","date_gmt":"2024-03-04T17:16:01","guid":{"rendered":"https:\/\/siteshom.goias.gov.br\/institucional\/agenda-de-autoridades\/"},"modified":"2026-05-04T09:00:11","modified_gmt":"2026-05-04T12:00:11","slug":"agenda-de-autoridades","status":"publish","type":"page","link":"https:\/\/goias.gov.br\/institucional\/agenda-de-autoridades\/","title":{"rendered":"Agenda de Autoridades"},"content":{"rendered":"<p><strong style='margin-block-end: -1.8rem'><a href='https:\/\/goias.gov.br\/institucional\/secretario-de-estado\/'>Secret\u00e1rio de Estado<\/a><\/strong><br \/>ARMANDO VERGILIO DOS SANTOS JUNIOR<\/p>\n<p><strong style='margin-block-end: -1.8rem'><a href='https:\/\/goias.gov.br\/institucional\/subsecretario-de-articulacao-e-gestao\/'>Subsecret\u00e1rio de Articula\u00e7\u00e3o e Gest\u00e3o<\/a><\/strong><br \/>ANTONIO PEREIRA CARNEIRO NETO<\/p>\n<p><strong style='margin-block-end: -1.8rem'><a href='https:\/\/goias.gov.br\/institucional\/chefe-da-procuradoria-setorial\/'>Chefe da Procuradoria Setorial<\/a><\/strong><br \/>CESAR AUGUSTO DIAS ROSA<\/p>\n<p><strong style='margin-block-end: -1.8rem'><a href='https:\/\/goias.gov.br\/institucional\/superintendente-de-gestao-integrada\/'>Superintendente de Gest\u00e3o Integrada<\/a><\/strong><br \/>PEDRO PAULO DE PAIVA JORGE<\/p>\n<p><strong style='margin-block-end: -1.8rem'><a href='https:\/\/goias.gov.br\/institucional\/superintendente-de-gestao-de-emendas-parlamentares\/'>Superintendente de Gest\u00e3o de Emendas Parlamentares<\/a><\/strong><br \/>PATRICIA DE PAULA DOMINGOS HIDASI<\/p>\n<p><strong style='margin-block-end: -1.8rem'><a href='https:\/\/goias.gov.br\/institucional\/chefe-de-gabinete\/'>Chefe de Gabinete<\/a><\/strong><br \/>ALEXANDRE RASMUSSEM ALVES<\/p>\n<p><strong style='margin-block-end: -1.8rem'><a href='https:\/\/goias.gov.br\/institucional\/chefia-da-comunicacao-setorial\/'>Chefia da Comunica\u00e7\u00e3o Setorial<\/a><\/strong><br \/>TALITA MARIA CARVALHO DE LIMA<\/p>\n<p><strong style='margin-block-end: -1.8rem'><a href='https:\/\/goias.gov.br\/institucional\/chefe-de-gabinete-de-representacao-de-goias-no-distrito-federal\/'>Chefe de Gabinete de Representa\u00e7\u00e3o de Goi\u00e1s no Distrito Federal<\/a><\/strong><br \/>RENATHO MELO DE SOUSA<\/p>\n","protected":false},"excerpt":{"rendered":"<p>Secret\u00e1rio de EstadoARMANDO VERGILIO DOS SANTOS JUNIOR Subsecret\u00e1rio de Articula\u00e7\u00e3o e Gest\u00e3oANTONIO PEREIRA CARNEIRO NETO Chefe da Procuradoria SetorialCESAR AUGUSTO DIAS ROSA Superintendente de Gest\u00e3o IntegradaPEDRO PAULO DE PAIVA JORGE Superintendente de Gest\u00e3o de Emendas ParlamentaresPATRICIA DE PAULA DOMINGOS HIDASI Chefe de GabineteALEXANDRE RASMUSSEM ALVES Chefia da Comunica\u00e7\u00e3o SetorialTALITA MARIA CARVALHO DE LIMA Chefe de [&hellip;]<\/p>\n","protected":false},"author":422,"featured_media":0,"parent":0,"menu_order":0,"comment_status":"closed","ping_status":"closed","template":"","meta":{"footnotes":""},"class_list":["post-2932","page","type-page","status-publish","hentry"],"rttpg_featured_image_url":null,"rttpg_author":{"display_name":"joaojvaz","author_link":"https:\/\/goias.gov.br\/institucional\/author\/joaojvaz\/"},"rttpg_comment":0,"rttpg_category":null,"rttpg_excerpt":"Secret\u00e1rio de EstadoARMANDO VERGILIO DOS SANTOS JUNIOR Subsecret\u00e1rio de Articula\u00e7\u00e3o e Gest\u00e3oANTONIO PEREIRA CARNEIRO NETO Chefe da Procuradoria SetorialCESAR AUGUSTO DIAS ROSA Superintendente de Gest\u00e3o IntegradaPEDRO PAULO DE PAIVA JORGE Superintendente de Gest\u00e3o de Emendas ParlamentaresPATRICIA DE PAULA DOMINGOS HIDASI Chefe de GabineteALEXANDRE RASMUSSEM ALVES Chefia da Comunica\u00e7\u00e3o SetorialTALITA MARIA CARVALHO DE LIMA Chefe de&hellip;","_links":{"self":[{"href":"https:\/\/goias.gov.br\/institucional\/wp-json\/wp\/v2\/pages\/2932","targetHints":{"allow":["GET"]}}],"collection":[{"href":"https:\/\/goias.gov.br\/institucional\/wp-json\/wp\/v2\/pages"}],"about":[{"href":"https:\/\/goias.gov.br\/institucional\/wp-json\/wp\/v2\/types\/page"}],"author":[{"embeddable":true,"href":"https:\/\/goias.gov.br\/institucional\/wp-json\/wp\/v2\/users\/422"}],"replies":[{"embeddable":true,"href":"https:\/\/goias.gov.br\/institucional\/wp-json\/wp\/v2\/comments?post=2932"}],"version-history":[{"count":2,"href":"https:\/\/goias.gov.br\/institucional\/wp-json\/wp\/v2\/pages\/2932\/revisions"}],"predecessor-version":[{"id":47587,"href":"https:\/\/goias.gov.br\/institucional\/wp-json\/wp\/v2\/pages\/2932\/revisions\/47587"}],"wp:attachment":[{"href":"https:\/\/goias.gov.br\/institucional\/wp-json\/wp\/v2\/media?parent=2932"}],"curies":[{"name":"wp","href":"https:\/\/api.w.org\/{rel}","templated":true}]}}