

{"id":2874,"date":"2024-02-29T17:23:30","date_gmt":"2024-02-29T20:23:30","guid":{"rendered":"https:\/\/siteshom.goias.gov.br\/institucional\/?page_id=2874"},"modified":"2025-11-11T13:46:29","modified_gmt":"2025-11-11T16:46:29","slug":"goias-na-frente","status":"publish","type":"page","link":"https:\/\/goias.gov.br\/institucional\/goias-na-frente\/","title":{"rendered":"Goi\u00e1s na Frente"},"content":{"rendered":"\t\t<div data-elementor-type=\"wp-page\" data-elementor-id=\"2874\" class=\"elementor elementor-2874\">\n\t\t\t\t<div class=\"elementor-element elementor-element-ee5e216 e-flex e-con-boxed e-con e-parent\" data-id=\"ee5e216\" data-element_type=\"container\" data-e-type=\"container\">\n\t\t\t\t\t<div class=\"e-con-inner\">\n\t\t<div class=\"elementor-element elementor-element-7c20ad1 e-con-full e-flex e-con e-child\" data-id=\"7c20ad1\" data-element_type=\"container\" data-e-type=\"container\">\n\t\t\t\t<div class=\"elementor-element elementor-element-661d52a elementor-widget elementor-widget-image\" data-id=\"661d52a\" data-element_type=\"widget\" data-e-type=\"widget\" data-widget_type=\"image.default\">\n\t\t\t\t\t\t\t\t\t\t\t\t\t\t\t<img decoding=\"async\" src=\"https:\/\/goias.gov.br\/institucional\/wp-content\/uploads\/sites\/51\/2024\/02\/estrada.jpg\" title=\"\" alt=\"\" loading=\"lazy\" \/>\t\t\t\t\t\t\t\t\t\t\t\t\t\t\t<\/div>\n\t\t\t\t<div class=\"elementor-element elementor-element-7861d32 elementor-widget elementor-widget-text-editor\" data-id=\"7861d32\" data-element_type=\"widget\" data-e-type=\"widget\" data-widget_type=\"text-editor.default\">\n\t\t\t\t\t\t\t\t\t<p>O\u00a0<strong>Goi\u00e1s na Frente\u00a0<\/strong>contempla diversas \u00e1reas da administra\u00e7\u00e3o estadual. Lan\u00e7ado em mar\u00e7o de 2017, o programa tinha como promessa injetar mais de R$ 9 bilh\u00f5es em sa\u00fade, educa\u00e7\u00e3o, seguran\u00e7a p\u00fablica, ci\u00eancia e tecnologia, saneamento, habita\u00e7\u00e3o, meio ambiente e infraestrutura. Com a previs\u00e3o de recursos da ordem de R$ 6 bilh\u00f5es do Tesouro Estadual e outros R$ 3 bilh\u00f5es provenientes de investimentos em parcerias com a iniciativa privada, o intuito do Goi\u00e1s na Frente era fortalecer os munic\u00edpios goianos e proporcionar desenvolvimento em todas as regi\u00f5es de Goi\u00e1s.<\/p><p>Do valor total, as gest\u00f5es de 2017\/2018 prometeram investimentos de R$ 500 milh\u00f5es diretamente \u00e0s prefeituras via Secretaria de Governo, para que os administradores investissem em suas principais demandas. Entretanto, o balan\u00e7o do programa, feito em fevereiro de 2019, demonstrou a celebra\u00e7\u00e3o de 395 conv\u00eanios com 221 munic\u00edpios, totalizando R$ 166 milh\u00f5es em parcelas pagas e com restos a pagar de R$ 333.871.468,53. Apenas quatro munic\u00edpios foram contemplados com o pagamento integral dos conv\u00eanios e conclu\u00edram suas obras: Mundo Novo; no valor de R$ 1,75 milh\u00e3o; Bonfin\u00f3polis, R$ 1 milh\u00e3o; Jes\u00fapolis R$ 1 milh\u00e3o e S\u00edtio D\u2019Abadia, no valor de R$ 1 milh\u00e3o.<\/p><p>A gest\u00e3o de 2019\u00a0realizou levantamento sobre a situa\u00e7\u00e3o de todos os munic\u00edpios conveniados, e, a pedido do Tribunal de Contas do Estado, determinou Tomada de Contas no\u00a0<strong>Goi\u00e1s na Frente<\/strong>, a fim de se encontrar uma solu\u00e7\u00e3o jur\u00eddica para os contratos n\u00e3o findados pela gest\u00e3o anterior. Conforme o decreto\u00a0n\u00ba 9.436, de 29 de abril, os conv\u00eanios est\u00e3o suspensos\u00a0pelo prazo de 90 dias, at\u00e9 que os mesmos sejam conclu\u00eddos, rescindidos, denunciados ou alterados. Obras consideradas priorit\u00e1rias ser\u00e3o entregues em condi\u00e7\u00f5es de uso, o que exigir\u00e1 readequa\u00e7\u00f5es nos projetos e contrapartidas municipais.\u00a0J\u00e1 as cidades que receberam mas n\u00e3o utilizaram recursos do programa, ter\u00e3o que devolver os recursos aos cofres p\u00fablicos. Diversas prefeituras manifestaram interesse em continuar as obras com recursos pr\u00f3prios.<\/p>\t\t\t\t\t\t\t\t<\/div>\n\t\t\t\t<\/div>\n\t\t<div class=\"elementor-element elementor-element-d06eb39 e-con-full e-flex e-con e-child\" data-id=\"d06eb39\" data-element_type=\"container\" data-e-type=\"container\">\n\t\t\t\t<div class=\"elementor-element elementor-element-2f5ea70 elementor-widget elementor-widget-heading\" data-id=\"2f5ea70\" data-element_type=\"widget\" data-e-type=\"widget\" data-widget_type=\"heading.default\">\n\t\t\t\t\t<h2 class=\"elementor-heading-title elementor-size-default\">Conv\u00eanios<\/h2>\t\t\t\t<\/div>\n\t\t\t\t<div class=\"elementor-element elementor-element-7e12910 elementor-align-justify elementor-widget elementor-widget-button\" data-id=\"7e12910\" data-element_type=\"widget\" data-e-type=\"widget\" data-widget_type=\"button.default\">\n\t\t\t\t\t\t\t\t\t\t<a class=\"elementor-button elementor-button-link elementor-size-sm\" href=\"#\">\n\t\t\t\t\t\t<span class=\"elementor-button-content-wrapper\">\n\t\t\t\t\t\t\t\t\t<span class=\"elementor-button-text\">Presta\u00e7\u00e3o de Contas<\/span>\n\t\t\t\t\t<\/span>\n\t\t\t\t\t<\/a>\n\t\t\t\t\t\t\t\t<\/div>\n\t\t\t\t<div class=\"elementor-element elementor-element-7624884 elementor-widget elementor-widget-heading\" data-id=\"7624884\" data-element_type=\"widget\" data-e-type=\"widget\" data-widget_type=\"heading.default\">\n\t\t\t\t\t<h2 class=\"elementor-heading-title elementor-size-default\">Contato<\/h2>\t\t\t\t<\/div>\n\t\t\t\t<div class=\"elementor-element elementor-element-17f7323 elementor-widget elementor-widget-text-editor\" data-id=\"17f7323\" data-element_type=\"widget\" data-e-type=\"widget\" data-widget_type=\"text-editor.default\">\n\t\t\t\t\t\t\t\t\t<p>O atendimento presencial acontece de segunda a sexta, das\u00a0<strong>08h \u00e0s 12h e das 14h \u00e0s\u00a018h<\/strong>.<\/p><p>Rua 82 n\u00ba 400, Ed. Pal\u00e1cio Pedro Ludovico Teixeira, 6\u00ba andar \u2013 Ala Oeste, Setor Central\u00a0&#8211; CEP: 74.083-010 \u2013 Goi\u00e2nia-GO<br \/>Telefone: (62) 3237-5800<\/p><hr \/><p><a href=\"https:\/\/www.institucional.go.gov.br\/component\/content\/article\/164-institucional\/10-titulares.html?Itemid=134\">Para informa\u00e7\u00f5es de telefones e endere\u00e7os das unidades, acesse a p\u00e1gina de contatos.<\/a><\/p>\t\t\t\t\t\t\t\t<\/div>\n\t\t\t\t<\/div>\n\t\t\t\t\t<\/div>\n\t\t\t\t<\/div>\n\t\t\t\t<\/div>\n\t\t","protected":false},"excerpt":{"rendered":"<p>O\u00a0Goi\u00e1s na Frente\u00a0contempla diversas \u00e1reas da administra\u00e7\u00e3o estadual. Lan\u00e7ado em mar\u00e7o de 2017, o programa tinha como promessa injetar mais de R$ 9 bilh\u00f5es em sa\u00fade, educa\u00e7\u00e3o, seguran\u00e7a p\u00fablica, ci\u00eancia e tecnologia, saneamento, habita\u00e7\u00e3o, meio ambiente e infraestrutura. Com a previs\u00e3o de recursos da ordem de R$ 6 bilh\u00f5es do Tesouro Estadual e outros R$ [&hellip;]<\/p>\n","protected":false},"author":222,"featured_media":0,"parent":0,"menu_order":0,"comment_status":"closed","ping_status":"closed","template":"wppb_theme_template","meta":{"footnotes":""},"class_list":["post-2874","page","type-page","status-publish","hentry"],"rttpg_featured_image_url":null,"rttpg_author":{"display_name":"diegomsilva","author_link":"https:\/\/goias.gov.br\/institucional\/author\/diegomsilva\/"},"rttpg_comment":0,"rttpg_category":null,"rttpg_excerpt":"O\u00a0Goi\u00e1s na Frente\u00a0contempla diversas \u00e1reas da administra\u00e7\u00e3o estadual. Lan\u00e7ado em mar\u00e7o de 2017, o programa tinha como promessa injetar mais de R$ 9 bilh\u00f5es em sa\u00fade, educa\u00e7\u00e3o, seguran\u00e7a p\u00fablica, ci\u00eancia e tecnologia, saneamento, habita\u00e7\u00e3o, meio ambiente e infraestrutura. Com a previs\u00e3o de recursos da ordem de R$ 6 bilh\u00f5es do Tesouro Estadual e outros R$&hellip;","_links":{"self":[{"href":"https:\/\/goias.gov.br\/institucional\/wp-json\/wp\/v2\/pages\/2874","targetHints":{"allow":["GET"]}}],"collection":[{"href":"https:\/\/goias.gov.br\/institucional\/wp-json\/wp\/v2\/pages"}],"about":[{"href":"https:\/\/goias.gov.br\/institucional\/wp-json\/wp\/v2\/types\/page"}],"author":[{"embeddable":true,"href":"https:\/\/goias.gov.br\/institucional\/wp-json\/wp\/v2\/users\/222"}],"replies":[{"embeddable":true,"href":"https:\/\/goias.gov.br\/institucional\/wp-json\/wp\/v2\/comments?post=2874"}],"version-history":[{"count":2,"href":"https:\/\/goias.gov.br\/institucional\/wp-json\/wp\/v2\/pages\/2874\/revisions"}],"predecessor-version":[{"id":40298,"href":"https:\/\/goias.gov.br\/institucional\/wp-json\/wp\/v2\/pages\/2874\/revisions\/40298"}],"wp:attachment":[{"href":"https:\/\/goias.gov.br\/institucional\/wp-json\/wp\/v2\/media?parent=2874"}],"curies":[{"name":"wp","href":"https:\/\/api.w.org\/{rel}","templated":true}]}}