

{"id":2836,"date":"2024-02-29T14:37:29","date_gmt":"2024-02-29T17:37:29","guid":{"rendered":"https:\/\/siteshom.goias.gov.br\/institucional\/?page_id=2836"},"modified":"2025-11-11T13:33:21","modified_gmt":"2025-11-11T16:33:21","slug":"a-secretaria","status":"publish","type":"page","link":"https:\/\/goias.gov.br\/institucional\/a-secretaria\/","title":{"rendered":"A Secretaria"},"content":{"rendered":"\t\t<div data-elementor-type=\"wp-page\" data-elementor-id=\"2836\" class=\"elementor elementor-2836\">\n\t\t\t\t<div class=\"elementor-element elementor-element-5b7599d e-flex e-con-boxed e-con e-parent\" data-id=\"5b7599d\" data-element_type=\"container\" data-e-type=\"container\">\n\t\t\t\t\t<div class=\"e-con-inner\">\n\t\t<div class=\"elementor-element elementor-element-441cfd5 e-con-full e-flex e-con e-child\" data-id=\"441cfd5\" data-element_type=\"container\" data-e-type=\"container\">\n\t\t\t\t<div class=\"elementor-element elementor-element-5b4b5a8 elementor-widget elementor-widget-shortcode\" data-id=\"5b4b5a8\" data-element_type=\"widget\" data-e-type=\"widget\" data-widget_type=\"shortcode.default\">\n\t\t\t\t\t\t\t<div class=\"elementor-shortcode\"><div data-post-id=\"3472\" class=\"insert-page insert-page-3472 \"><h1 class='insert-page-title'>Compet\u00eancias<\/h1>\n<p>Segundo o estabelecido na\u00a0<a href=\"https:\/\/legisla.casacivil.go.gov.br\/pesquisa_legislacao\/106749\/lei-21792\" target=\"_blank\" rel=\"noreferrer noopener\">Lei n\u00ba 21.792, de 16 de fevereiro de 2023,<\/a> e seus incisos:<\/p>\n<h4 class=\"artigo\"><span style=\"color: #008000;\">Art. 7\u00ba \u00c0 SERINT competem:<\/span><\/h4>\n<p class=\"inciso\">I \u2013 as articula\u00e7\u00f5es pol\u00edtica e administrativa do Governo com as esferas federal, municipal e distrital, com outros estados, Poderes ou institui\u00e7\u00f5es, tamb\u00e9m com a sociedade civil;<\/p>\n<p class=\"inciso\">II \u2013 a coordena\u00e7\u00e3o das rela\u00e7\u00f5es do Estado com os munic\u00edpios e o acompanhamento da execu\u00e7\u00e3o dos programas e dos projetos estaduais neles implantados;<\/p>\n<p class=\"inciso\">III \u2013 a celebra\u00e7\u00e3o e o acompanhamento da execu\u00e7\u00e3o de conv\u00eanios com munic\u00edpios e parcerias com entidades sem fins lucrativos; e<\/p>\n<p class=\"inciso\">IV \u2013 a representa\u00e7\u00e3o do Governo do Estado de Goi\u00e1s em Bras\u00edlia:<\/p>\n<p class=\"alinea\">a) na assist\u00eancia ao Chefe do Poder Executivo estadual em assuntos referentes \u00e0 pol\u00edtica da agenda de capta\u00e7\u00e3o de recursos e financiamentos com entes federados e o terceiro setor, nacionais e estrangeiros;<\/p>\n<p class=\"alinea\">b) na interlocu\u00e7\u00e3o com a classe empresarial e as representa\u00e7\u00f5es estrangeiras, em Bras\u00edlia, para divulgar e promover as potencialidades goianas; e<\/p>\n<p class=\"alinea\">c) na promo\u00e7\u00e3o do relacionamento intergovernamental e da articula\u00e7\u00e3o institucional do Poder Executivo estadual nas esferas, municipal, estadual e federal com governos, munic\u00edpios, entidades da sociedade civil e colegiados.<\/p>\n<h4 class=\"paragrafo\"><span style=\"color: #008000;\">Confira a legisla\u00e7\u00e3o complementar da SERINT:<\/span><\/h4>\n<ul>\n<li><a href=\"https:\/\/legisla.casacivil.go.gov.br\/pesquisa_legislacao\/108412\/decreto-10400\" target=\"_blank\" rel=\"noopener\">Decreto n\u00ba 10.400, de 30 de Janeiro de 2024<\/a>\n<ul>\n<li>Aprova o Regulamento da Secretaria de Estado de Rela\u00e7\u00f5es Institucionais \u2013 SERINT e revoga o <a href=\"https:\/\/legisla.casacivil.go.gov.br\/pesquisa_legislacao\/72457\" target=\"_blank\" rel=\"noopener\">Decreto n\u00ba 9.542<\/a>, de 23 de outubro de 2019.<\/li>\n<\/ul>\n<\/li>\n<li><a href=\"https:\/\/legisla.casacivil.go.gov.br\/pesquisa_legislacao\/110202\/decreto-10614\">Decreto n\u00ba 10.614, de 20 de Dezembro de 2024<\/a>\n<ul>\n<li>Altera o\u00a0<a href=\"https:\/\/legisla.casacivil.go.gov.br\/pesquisa_legislacao\/106750\" target=\"_blank\" rel=\"noopener\">Decreto n\u00ba 10.218<\/a>, de 16 de fevereiro de 2023, que regulamenta a\u00a0<a href=\"https:\/\/legisla.casacivil.go.gov.br\/pesquisa_legislacao\/106749\" target=\"_blank\" rel=\"noopener\">Lei n\u00ba 21.792<\/a>, de 16 de fevereiro de 2023, que estabelece a organiza\u00e7\u00e3o administrativa b\u00e1sica do Poder Executivo e d\u00e1 outras provid\u00eancias.<\/li>\n<\/ul>\n<\/li>\n<\/ul>\n\n\n\n<p><\/p>\n<ul class='post-meta'>\n<li><span class='post-meta-key'>rank_math_internal_links_processed:<\/span> 1<\/li>\n<li><span class='post-meta-key'>rank_math_seo_score:<\/span> 12<\/li>\n<\/ul>\n<\/div><\/div>\n\t\t\t\t\t\t<\/div>\n\t\t\t\t<div class=\"elementor-element elementor-element-d9b23f8 elementor-widget elementor-widget-shortcode\" data-id=\"d9b23f8\" data-element_type=\"widget\" data-e-type=\"widget\" data-widget_type=\"shortcode.default\">\n\t\t\t\t\t\t\t<div class=\"elementor-shortcode\"><div data-post-id=\"3476\" class=\"insert-page insert-page-3476 \"><h1 class='insert-page-title'>Endere\u00e7os, Telefones, E-mails e Hor\u00e1rios de Atendimento<\/h1>\n<h5><i class=\"far fa-clock\" aria-hidden=\"true\"><\/i>\u00a0<span class=\"meta-prefix\">\u00daltima Atualiza\u00e7\u00e3o em 06 de janeiro de 2026<\/span><\/h5>\n<h4><span style=\"color: #008000;\">Pal\u00e1cio Pedro Ludovico Teixeira<\/span><\/h4>\n<p>Rua 82, n\u00ba 400 Ed. Pal\u00e1cio Pedro Ludovico Teixeira, 6\u00ba andar, Ala Oeste<br \/>Setor Central, Goi\u00e2nia\/GO \u2013 CEP: 74.015-908<br \/>E-mail:\u00a0<a href=\"mailto:secgeral.serint@goias.gov.br\" target=\"_blank\" rel=\"noopener\">secgeral.serint@goias.gov.br<\/a><br \/>Telefone: (62) 3237-5816<br \/>Atendimento: 08h \u00e0s 12h e 14h \u00e0s 18h<\/p>\n<h4><span style=\"color: #008000;\">Gabinete de Representa\u00e7\u00e3o de Goi\u00e1s no Distrito Federal<\/span><\/h4>\n<p>SAUS Quadra 1, Bloco M, Lote 04, 4\u00b0 Andar, Ed. Libertas<br \/>Asa Sul \u2013 Bras\u00edlia\/DF \u2013 CEP: 70070-935<br \/>E-mail:\u00a0<a href=\"mailto:gabdf.serint@goias.gov.br\">gabdf.serint@goias.gov.br<\/a><br \/>Telefone: (62) 3237-5820 \/ (62) 3237-5848<br \/>Atendimento: 08h \u00e0s 12h e 14h \u00e0s 18h<\/p>\n<p><strong>Ouvidoria Setorial<\/strong><br \/>E-mail:\u00a0<a href=\"mailto:ouvidoria.serint@goias.gov.br\">ouvidoria.serint@goias.gov.br<\/a><\/p>\n<p><strong>Imprensa<\/strong><br \/>E-mail:\u00a0<a href=\"mailto:comunicacao.serint@goias.gov.br\">comunicacao.serint@goias.gov.br<\/a><br \/>Telefone: (62) 3237-5852<\/p>\n<ul class='post-meta'>\n<li><span class='post-meta-key'>rank_math_internal_links_processed:<\/span> 1<\/li>\n<li><span class='post-meta-key'>rank_math_seo_score:<\/span> 7<\/li>\n<\/ul>\n<\/div><\/div>\n\t\t\t\t\t\t<\/div>\n\t\t\t\t<\/div>\n\t\t<div class=\"elementor-element elementor-element-97c0962 e-con-full e-flex e-con e-child\" data-id=\"97c0962\" data-element_type=\"container\" data-e-type=\"container\">\n\t\t\t\t<div class=\"elementor-element elementor-element-d49ed73 elementor-widget elementor-widget-shortcode\" data-id=\"d49ed73\" data-element_type=\"widget\" data-e-type=\"widget\" data-widget_type=\"shortcode.default\">\n\t\t\t\t\t\t\t<div class=\"elementor-shortcode\"><div data-post-id=\"3474\" class=\"insert-page insert-page-3474 \"><h1 class='insert-page-title'>Secret\u00e1rio<\/h1>\n<figure class=\"wp-block-image size-full\"><img fetchpriority=\"high\" fetchpriority=\"high\" decoding=\"async\" width=\"1067\" height=\"1600\" src=\"https:\/\/goias.gov.br\/institucional\/wp-content\/uploads\/sites\/51\/2024\/08\/armando.jpg\" alt=\"\" class=\"wp-image-9710\" srcset=\"https:\/\/goias.gov.br\/institucional\/wp-content\/uploads\/sites\/51\/2024\/08\/armando.jpg 1067w, https:\/\/goias.gov.br\/institucional\/wp-content\/uploads\/sites\/51\/2024\/08\/armando-200x300.jpg 200w, https:\/\/goias.gov.br\/institucional\/wp-content\/uploads\/sites\/51\/2024\/08\/armando-683x1024.jpg 683w, https:\/\/goias.gov.br\/institucional\/wp-content\/uploads\/sites\/51\/2024\/08\/armando-768x1152.jpg 768w, https:\/\/goias.gov.br\/institucional\/wp-content\/uploads\/sites\/51\/2024\/08\/armando-1024x1536.jpg 1024w\" sizes=\"(max-width: 1067px) 100vw, 1067px\" \/><\/figure>\n\n\n\n<h4><span style=\"color: #008000;\">Armando Verg\u00edlio<\/span><br \/><span style=\"color: #999999;\">Secret\u00e1rio de Estado de Rela\u00e7\u00f5es Institucionais<\/span><\/h4>\n<p>Armando Verg\u00edlio assumiu a Secretaria de Estado de Rela\u00e7\u00f5es Institucionais em abril de 2024. Casado, pai de dois filhos e duas enteadas, possui uma trajet\u00f3ria consolidada na pol\u00edtica, com atua\u00e7\u00e3o tanto no Estado de Goi\u00e1s quanto no Distrito Federal.<\/p>\n<p>Entre os principais cargos p\u00fablicos que ocupou, destacam-se:<\/p>\n<ul>\n<li>Deputado Federal (2011\u20132015)<\/li>\n<li>Secret\u00e1rio de Estado de Governo e de Assuntos Institucionais<\/li>\n<li>Secret\u00e1rio das Cidades<\/li>\n<li>Secret\u00e1rio de Trabalho<\/li>\n<li>Secret\u00e1rio de Previd\u00eancia e Seguridade (em Goi\u00e1s)<\/li>\n<li>Secret\u00e1rio de Desenvolvimento da Regi\u00e3o Metropolitana do Distrito Federal<\/li>\n<\/ul>\n<p>Al\u00e9m da carreira pol\u00edtica, \u00e9 empres\u00e1rio e atua como corretor de seguros desde 1989. Tamb\u00e9m foi:<\/p>\n<ul>\n<li>Superintendente da Superintend\u00eancia de Seguros Privados (SUSEP) \u2013 2007 a 2010<\/li>\n<li>Dirigente da Escola de Neg\u00f3cios e Seguros (ENS)<\/li>\n<li>Presidente do Sincor-GO<\/li>\n<li>Membro do Conselho Regulador dos Mercados Financeiro, de Capital e de Seguros, de Previd\u00eancia e de Capitaliza\u00e7\u00e3o (COREMEC)<\/li>\n<\/ul>\n<p><strong>Forma\u00e7\u00e3o acad\u00eamica:<\/strong><\/p>\n<ul>\n<li>Hist\u00f3ria, Universidade Cat\u00f3lica de Goi\u00e1s, Goi\u00e2nia, GO \u2013 1983<\/li>\n<li>Habilita\u00e7\u00e3o de Corretores de Seguros, Funda\u00e7\u00e3o Escola Nacional de Seguros (FUNENSEG), Goi\u00e2nia, GO \u2013 1988\u20131989<\/li>\n<li>Administra\u00e7\u00e3o de Empresas, Universidade Cat\u00f3lica de Goi\u00e1s, Goi\u00e2nia, GO \u2013 1999<\/li>\n<\/ul>\n<ul class='post-meta'>\n<li><span class='post-meta-key'>rank_math_internal_links_processed:<\/span> 1<\/li>\n<li><span class='post-meta-key'>rank_math_seo_score:<\/span> 12<\/li>\n<li><span class='post-meta-key'>rank_math_og_content_image:<\/span> a:2:{s:5:\"check\";s:32:\"5a64606f21107a229415851cdf381c4c\";s:6:\"images\";a:1:{i:0;i:9710;}}<\/li>\n<\/ul>\n<\/div><\/div>\n\t\t\t\t\t\t<\/div>\n\t\t\t\t<div class=\"elementor-element elementor-element-30b370e elementor-widget elementor-widget-shortcode\" data-id=\"30b370e\" data-element_type=\"widget\" data-e-type=\"widget\" data-widget_type=\"shortcode.default\">\n\t\t\t\t\t\t\t<div class=\"elementor-shortcode\"><div data-post-id=\"3478\" class=\"insert-page insert-page-3478 \"><h1 class='insert-page-title'>Estrutura Organizacional<\/h1>\n<figure class=\"wp-block-image size-large\"><a href=\"https:\/\/goias.gov.br\/institucional\/wp-content\/uploads\/sites\/51\/2025\/08\/SERINT_Organograma_2025.pdf\"><img decoding=\"async\" src=\"https:\/\/goias.gov.br\/institucional\/wp-content\/uploads\/sites\/51\/2025\/08\/SERINT_Organograma_2025.jpg\" alt=\"\"\/><\/a><\/figure>\n\n\n\n<p>Fonte: \u00a0<a href=\"https:\/\/legisla.casacivil.go.gov.br\/pesquisa_legislacao\/106749\/lei-21792\" target=\"_blank\" rel=\"noopener\">Lei n\u00ba 21.792, de 16 de fevereiro de 2023<\/a><\/p>\n<p>Saiba quem s\u00e3o nossos servidores e as fun\u00e7\u00f5es que exercem:<\/p>\n<ul>\n<li><a href=\"https:\/\/goias.gov.br\/institucional\/cargos-e-seus-ocupantes\/\">Cargos e seus ocupantes<\/a><\/li>\n<\/ul>\n<ul class='post-meta'>\n<li><span class='post-meta-key'>rank_math_internal_links_processed:<\/span> 1<\/li>\n<li><span class='post-meta-key'>rank_math_seo_score:<\/span> 18<\/li>\n<li><span class='post-meta-key'>rank_math_og_content_image:<\/span> a:2:{s:5:\"check\";s:32:\"ed4ca6a81cbf0fcfee4996fb494d8fe4\";s:6:\"images\";a:1:{i:0;i:3489;}}<\/li>\n<\/ul>\n<\/div><\/div>\n\t\t\t\t\t\t<\/div>\n\t\t\t\t<\/div>\n\t\t\t\t\t<\/div>\n\t\t\t\t<\/div>\n\t\t\t\t<\/div>\n\t\t","protected":false},"excerpt":{"rendered":"","protected":false},"author":222,"featured_media":0,"parent":0,"menu_order":0,"comment_status":"closed","ping_status":"closed","template":"wppb_theme_template","meta":{"footnotes":""},"class_list":["post-2836","page","type-page","status-publish","hentry"],"rttpg_featured_image_url":null,"rttpg_author":{"display_name":"diegomsilva","author_link":"https:\/\/goias.gov.br\/institucional\/author\/diegomsilva\/"},"rttpg_comment":0,"rttpg_category":null,"rttpg_excerpt":null,"_links":{"self":[{"href":"https:\/\/goias.gov.br\/institucional\/wp-json\/wp\/v2\/pages\/2836","targetHints":{"allow":["GET"]}}],"collection":[{"href":"https:\/\/goias.gov.br\/institucional\/wp-json\/wp\/v2\/pages"}],"about":[{"href":"https:\/\/goias.gov.br\/institucional\/wp-json\/wp\/v2\/types\/page"}],"author":[{"embeddable":true,"href":"https:\/\/goias.gov.br\/institucional\/wp-json\/wp\/v2\/users\/222"}],"replies":[{"embeddable":true,"href":"https:\/\/goias.gov.br\/institucional\/wp-json\/wp\/v2\/comments?post=2836"}],"version-history":[{"count":2,"href":"https:\/\/goias.gov.br\/institucional\/wp-json\/wp\/v2\/pages\/2836\/revisions"}],"predecessor-version":[{"id":40222,"href":"https:\/\/goias.gov.br\/institucional\/wp-json\/wp\/v2\/pages\/2836\/revisions\/40222"}],"wp:attachment":[{"href":"https:\/\/goias.gov.br\/institucional\/wp-json\/wp\/v2\/media?parent=2836"}],"curies":[{"name":"wp","href":"https:\/\/api.w.org\/{rel}","templated":true}]}}