

{"id":99386,"date":"2025-10-22T11:51:21","date_gmt":"2025-10-22T14:51:21","guid":{"rendered":"https:\/\/goias.gov.br\/inovacao\/?page_id=99386"},"modified":"2025-10-22T15:06:16","modified_gmt":"2025-10-22T18:06:16","slug":"olimpiada-de-ia","status":"publish","type":"page","link":"https:\/\/goias.gov.br\/inovacao\/olimpiada-de-ia\/","title":{"rendered":"Olimp\u00edada de IA"},"content":{"rendered":"\t\t<div data-elementor-type=\"wp-page\" data-elementor-id=\"99386\" class=\"elementor elementor-99386\">\n\t\t\t\t<div class=\"elementor-element elementor-element-08dbdb6 e-flex e-con-boxed e-con e-parent\" data-id=\"08dbdb6\" data-element_type=\"container\" data-e-type=\"container\">\n\t\t\t\t\t<div class=\"e-con-inner\">\n\t\t<div class=\"elementor-element elementor-element-b939529 e-con-full e-flex e-con e-child\" data-id=\"b939529\" data-element_type=\"container\" data-e-type=\"container\">\n\t\t\t\t<div class=\"elementor-element elementor-element-f39cb33 elementor-widget elementor-widget-image\" data-id=\"f39cb33\" data-element_type=\"widget\" data-e-type=\"widget\" data-widget_type=\"image.default\">\n\t\t\t\t\t\t\t\t\t\t\t\t\t\t\t<img fetchpriority=\"high\" decoding=\"async\" width=\"1500\" height=\"500\" src=\"https:\/\/goias.gov.br\/inovacao\/wp-content\/uploads\/sites\/26\/2025\/10\/Logo-Olimpiada-IA-Azul-2.png\" class=\"attachment-full size-full wp-image-100026\" alt=\"\" srcset=\"https:\/\/goias.gov.br\/inovacao\/wp-content\/uploads\/sites\/26\/2025\/10\/Logo-Olimpiada-IA-Azul-2.png 1500w, https:\/\/goias.gov.br\/inovacao\/wp-content\/uploads\/sites\/26\/2025\/10\/Logo-Olimpiada-IA-Azul-2-300x100.png 300w, https:\/\/goias.gov.br\/inovacao\/wp-content\/uploads\/sites\/26\/2025\/10\/Logo-Olimpiada-IA-Azul-2-1024x341.png 1024w, https:\/\/goias.gov.br\/inovacao\/wp-content\/uploads\/sites\/26\/2025\/10\/Logo-Olimpiada-IA-Azul-2-768x256.png 768w\" sizes=\"(max-width: 1500px) 100vw, 1500px\" \/>\t\t\t\t\t\t\t\t\t\t\t\t\t\t\t<\/div>\n\t\t\t\t<\/div>\n\t\t\t\t\t<\/div>\n\t\t\t\t<\/div>\n\t\t<div class=\"elementor-element elementor-element-49705d7 e-flex e-con-boxed e-con e-parent\" data-id=\"49705d7\" data-element_type=\"container\" data-e-type=\"container\">\n\t\t\t\t\t<div class=\"e-con-inner\">\n\t\t<div class=\"elementor-element elementor-element-8348a31 e-con-full e-flex e-con e-child\" data-id=\"8348a31\" data-element_type=\"container\" data-e-type=\"container\" data-settings=\"{&quot;shape_divider_bottom&quot;:&quot;split&quot;}\">\n\t\t\t\t<div class=\"elementor-shape elementor-shape-bottom\" aria-hidden=\"true\" data-negative=\"false\">\n\t\t\t<svg xmlns=\"http:\/\/www.w3.org\/2000\/svg\" viewBox=\"0 0 1000 20\" preserveAspectRatio=\"none\">\n\t<path class=\"elementor-shape-fill\" d=\"M0,0v3c0,0,393.8,0,483.4,0c9.2,0,16.6,7.4,16.6,16.6c0-9.1,7.4-16.6,16.6-16.6C606.2,3,1000,3,1000,3V0H0z\"\/>\n<\/svg>\t\t<\/div>\n\t\t\t\t<div class=\"elementor-element elementor-element-543f778 elementor-widget elementor-widget-text-editor\" data-id=\"543f778\" data-element_type=\"widget\" data-e-type=\"widget\" data-widget_type=\"text-editor.default\">\n\t\t\t\t\t\t\t\t\t<p><strong>O que \u00e9 a Olimp\u00edada de Intelig\u00eancia Artificial Aplicada?<\/strong><\/p><p>A Olimp\u00edada de Intelig\u00eancia Artificial Aplicada \u00e9 uma iniciativa promovida pela\u00a0Secretaria de Estado de Ci\u00eancia, Tecnologia e Inova\u00e7\u00e3o do Estado de Goi\u00e1s\u00a0em parceria com o\u00a0Centro de Excel\u00eancia em Intelig\u00eancia Artificial (CEIA) da UFG\u00a0que tem como objetivo estimular o aprendizado e o uso pr\u00e1tico da IA \u200b\u200bentre jovens.<\/p><p>Ao longo de tr\u00eas etapas \u2014 duas classificat\u00f3rias e uma final \u2014 os participantes mergulharam em desafios pr\u00e1ticos de\u00a0Vis\u00e3o Computacional\u00a0,\u00a0Processamento de Linguagem Natural\u00a0e\u00a0Aprendizado de M\u00e1quina para Dados Tabulares\u00a0. Tudo com apoio de mentores e treinamentos preparados especialmente para essa jornada<\/p>\t\t\t\t\t\t\t\t<\/div>\n\t\t<div class=\"elementor-element elementor-element-5c886b3 e-con-full e-flex e-con e-child\" data-id=\"5c886b3\" data-element_type=\"container\" data-e-type=\"container\" data-settings=\"{&quot;shape_divider_bottom&quot;:&quot;split&quot;}\">\n\t\t\t\t<div class=\"elementor-shape elementor-shape-bottom\" aria-hidden=\"true\" data-negative=\"false\">\n\t\t\t<svg xmlns=\"http:\/\/www.w3.org\/2000\/svg\" viewBox=\"0 0 1000 20\" preserveAspectRatio=\"none\">\n\t<path class=\"elementor-shape-fill\" d=\"M0,0v3c0,0,393.8,0,483.4,0c9.2,0,16.6,7.4,16.6,16.6c0-9.1,7.4-16.6,16.6-16.6C606.2,3,1000,3,1000,3V0H0z\"\/>\n<\/svg>\t\t<\/div>\n\t\t\t\t<div class=\"elementor-element elementor-element-2ae5930 elementor-widget elementor-widget-text-editor\" data-id=\"2ae5930\" data-element_type=\"widget\" data-e-type=\"widget\" data-widget_type=\"text-editor.default\">\n\t\t\t\t\t\t\t\t\t<p><strong>Cronograma da Competi\u00e7\u00e3o<\/strong><\/p><p><strong>Inscri\u00e7\u00f5es:<\/strong> 9\/06 a 28\/08<br \/><strong>Treinamento I<\/strong>: 1\/09 a 10\/10<br \/><strong>1\u00aa Etapa (online)<\/strong> : 8\/09 a 10\/10<br \/><strong>Treinamento II:<\/strong> 11\/10 a 16\/11<br \/><strong>Etapas presenciais:<\/strong> 20 a 22\/11 &#8211; Campus Party Goi\u00e1s<\/p>\t\t\t\t\t\t\t\t<\/div>\n\t\t\t\t<\/div>\n\t\t\t\t<\/div>\n\t\t<div class=\"elementor-element elementor-element-8366efc e-con-full e-flex e-con e-child\" data-id=\"8366efc\" data-element_type=\"container\" data-e-type=\"container\">\n\t\t<div class=\"elementor-element elementor-element-6f21dc0 e-con-full e-flex e-con e-child\" data-id=\"6f21dc0\" data-element_type=\"container\" data-e-type=\"container\" data-settings=\"{&quot;shape_divider_bottom&quot;:&quot;split&quot;}\">\n\t\t\t\t<div class=\"elementor-shape elementor-shape-bottom\" aria-hidden=\"true\" data-negative=\"false\">\n\t\t\t<svg xmlns=\"http:\/\/www.w3.org\/2000\/svg\" viewBox=\"0 0 1000 20\" preserveAspectRatio=\"none\">\n\t<path class=\"elementor-shape-fill\" d=\"M0,0v3c0,0,393.8,0,483.4,0c9.2,0,16.6,7.4,16.6,16.6c0-9.1,7.4-16.6,16.6-16.6C606.2,3,1000,3,1000,3V0H0z\"\/>\n<\/svg>\t\t<\/div>\n\t\t\t\t<div class=\"elementor-element elementor-element-7d3301d elementor-widget elementor-widget-text-editor\" data-id=\"7d3301d\" data-element_type=\"widget\" data-e-type=\"widget\" data-widget_type=\"text-editor.default\">\n\t\t\t\t\t\t\t\t\t<h3 class=\"text-3xl font-bold tracking-tight text-white sm:text-4xl lg:text-5xl mb-6\"><strong><span dir=\"auto\">\u00a0 Quem pode participar?<\/span><\/strong><\/h3><p class=\"text-lg leading-8 text-gray-300\"><span dir=\"auto\">\u00a0A Olimp\u00edada de IA Aplicada \u00e9 aberta a estudantes e mentores de todo o\u00a0 \u00a0 \u00a0estado de Goi\u00e1s. Confira os requisitos para cada categoria:<\/span><\/p>\t\t\t\t\t\t\t\t<\/div>\n\t\t\t\t<\/div>\n\t\t<div class=\"elementor-element elementor-element-51ca6f9 e-con-full e-flex e-con e-child\" data-id=\"51ca6f9\" data-element_type=\"container\" data-e-type=\"container\" data-settings=\"{&quot;shape_divider_bottom&quot;:&quot;split&quot;}\">\n\t\t\t\t<div class=\"elementor-shape elementor-shape-bottom\" aria-hidden=\"true\" data-negative=\"false\">\n\t\t\t<svg xmlns=\"http:\/\/www.w3.org\/2000\/svg\" viewBox=\"0 0 1000 20\" preserveAspectRatio=\"none\">\n\t<path class=\"elementor-shape-fill\" d=\"M0,0v3c0,0,393.8,0,483.4,0c9.2,0,16.6,7.4,16.6,16.6c0-9.1,7.4-16.6,16.6-16.6C606.2,3,1000,3,1000,3V0H0z\"\/>\n<\/svg>\t\t<\/div>\n\t\t<div class=\"elementor-element elementor-element-8a58a49 e-con-full e-flex e-con e-child\" data-id=\"8a58a49\" data-element_type=\"container\" data-e-type=\"container\">\n\t\t\t\t<div class=\"elementor-element elementor-element-5af2390 elementor-widget elementor-widget-text-editor\" data-id=\"5af2390\" data-element_type=\"widget\" data-e-type=\"widget\" data-widget_type=\"text-editor.default\">\n\t\t\t\t\t\t\t\t\t<h3 class=\"text-2xl font-bold text-white mb-4\"><strong><span dir=\"auto\">Estudantes<\/span><\/strong><\/h3><p class=\"text-gray-300 leading-relaxed\"><span dir=\"auto\">Estudantes do\u00a0<\/span><span class=\"text-indigo-300 font-medium\"><span dir=\"auto\">9\u00ba ano do ensino fundamental<\/span><\/span><span dir=\"auto\">\u00a0ao\u00a0<\/span><span class=\"text-indigo-300 font-medium\"><span dir=\"auto\">3\u00ba ano do ensino m\u00e9dio<\/span><\/span><span dir=\"auto\">\u00a0, de escolas p\u00fablicas ou privadas de Goi\u00e1s<\/span><\/p>\t\t\t\t\t\t\t\t<\/div>\n\t\t\t\t<\/div>\n\t\t<div class=\"elementor-element elementor-element-b6fde6c e-con-full e-flex e-con e-child\" data-id=\"b6fde6c\" data-element_type=\"container\" data-e-type=\"container\">\n\t\t\t\t<div class=\"elementor-element elementor-element-8e0ba0c elementor-widget elementor-widget-text-editor\" data-id=\"8e0ba0c\" data-element_type=\"widget\" data-e-type=\"widget\" data-widget_type=\"text-editor.default\">\n\t\t\t\t\t\t\t\t\t<h3 class=\"text-2xl font-bold text-white mb-4\"><strong><span dir=\"auto\">Mentores<\/span><\/strong><\/h3><p class=\"text-gray-300 leading-relaxed\"><span dir=\"auto\">Mentores\u00a0<\/span><span class=\"text-purple-300 font-medium\"><span dir=\"auto\">maiores de 18 anos<\/span><\/span><span dir=\"auto\">\u00a0com\u00a0<\/span><span class=\"text-purple-300 font-medium\"><span dir=\"auto\">ensino superior em qualquer \u00e1rea<\/span><\/span><span dir=\"auto\">\u00a0(conclu\u00eddo ou em curso)<\/span><\/p>\t\t\t\t\t\t\t\t<\/div>\n\t\t\t\t<\/div>\n\t\t<div class=\"elementor-element elementor-element-00cc607 e-con-full e-flex e-con e-child\" data-id=\"00cc607\" data-element_type=\"container\" data-e-type=\"container\">\n\t\t\t\t<div class=\"elementor-element elementor-element-13ac8d3 elementor-widget elementor-widget-text-editor\" data-id=\"13ac8d3\" data-element_type=\"widget\" data-e-type=\"widget\" data-widget_type=\"text-editor.default\">\n\t\t\t\t\t\t\t\t\t<h3 class=\"text-2xl font-bold text-white mb-4\"><strong><span dir=\"auto\">Equipes<\/span><\/strong><\/h3><p class=\"text-gray-300 leading-relaxed\"><span dir=\"auto\">Equipes formadas por\u00a0<\/span><span class=\"text-pink-300 font-medium\"><span dir=\"auto\">3 alunos + 1 tutor<\/span><\/span><span dir=\"auto\">\u00a0, promovendo colabora\u00e7\u00e3o e aprendizado em grupo<\/span><\/p>\t\t\t\t\t\t\t\t<\/div>\n\t\t\t\t<\/div>\n\t\t\t\t<\/div>\n\t\t<div class=\"elementor-element elementor-element-0d00bbd e-con-full e-flex e-con e-child\" data-id=\"0d00bbd\" data-element_type=\"container\" data-e-type=\"container\" data-settings=\"{&quot;shape_divider_bottom&quot;:&quot;split&quot;}\">\n\t\t\t\t<div class=\"elementor-shape elementor-shape-bottom\" aria-hidden=\"true\" data-negative=\"false\">\n\t\t\t<svg xmlns=\"http:\/\/www.w3.org\/2000\/svg\" viewBox=\"0 0 1000 20\" preserveAspectRatio=\"none\">\n\t<path class=\"elementor-shape-fill\" d=\"M0,0v3c0,0,393.8,0,483.4,0c9.2,0,16.6,7.4,16.6,16.6c0-9.1,7.4-16.6,16.6-16.6C606.2,3,1000,3,1000,3V0H0z\"\/>\n<\/svg>\t\t<\/div>\n\t\t\t\t<div class=\"elementor-element elementor-element-edb87a5 elementor-widget elementor-widget-text-editor\" data-id=\"edb87a5\" data-element_type=\"widget\" data-e-type=\"widget\" data-widget_type=\"text-editor.default\">\n\t\t\t\t\t\t\t\t\t<p><a href=\"https:\/\/goias.gov.br\/inovacao\/wp-content\/uploads\/sites\/26\/2025\/10\/edital_olimpiadaceia2025.pdf\"><strong>\u00a0 \u00a0Edital &#8211; Olimp\u00edada de IA 2025<\/strong><\/a><\/p><p>\u00a0 \u00a0<a href=\"https:\/\/goias.gov.br\/inovacao\/wp-content\/uploads\/sites\/26\/2025\/10\/Regulamento-Olimpico-de-Inteligencia-Artificial-Aplicado.pdf\"><strong>Regulamento<\/strong><\/a><br \/><b><br \/><\/b><strong>\u00a0 <a href=\"https:\/\/goias.gov.br\/inovacao\/wp-content\/uploads\/sites\/26\/2025\/10\/LISTA-DOS-APROVADOS-1a-ETAPA.pdf\">\u00a0Lista dos aprovados 1\u00aa Etapa<\/a><\/strong><\/p>\t\t\t\t\t\t\t\t<\/div>\n\t\t\t\t<\/div>\n\t\t\t\t<\/div>\n\t\t\t\t\t<\/div>\n\t\t\t\t<\/div>\n\t\t\t\t<\/div>\n\t\t","protected":false},"excerpt":{"rendered":"<p>O que \u00e9 a Olimp\u00edada de Intelig\u00eancia Artificial Aplicada? A Olimp\u00edada de Intelig\u00eancia Artificial Aplicada \u00e9 uma iniciativa promovida pela\u00a0Secretaria de Estado de Ci\u00eancia, Tecnologia e Inova\u00e7\u00e3o do Estado de Goi\u00e1s\u00a0em parceria com o\u00a0Centro de Excel\u00eancia em Intelig\u00eancia Artificial (CEIA) da UFG\u00a0que tem como objetivo estimular o aprendizado e o uso pr\u00e1tico da IA \u200b\u200bentre [&hellip;]<\/p>\n","protected":false},"author":718,"featured_media":0,"parent":0,"menu_order":0,"comment_status":"closed","ping_status":"closed","template":"","meta":{"footnotes":""},"class_list":["post-99386","page","type-page","status-publish","hentry"],"rttpg_featured_image_url":null,"rttpg_author":{"display_name":"vicentepaulo","author_link":"https:\/\/goias.gov.br\/inovacao\/author\/vicentepaulo\/"},"rttpg_comment":0,"rttpg_category":null,"rttpg_excerpt":"O que \u00e9 a Olimp\u00edada de Intelig\u00eancia Artificial Aplicada? A Olimp\u00edada de Intelig\u00eancia Artificial Aplicada \u00e9 uma iniciativa promovida pela\u00a0Secretaria de Estado de Ci\u00eancia, Tecnologia e Inova\u00e7\u00e3o do Estado de Goi\u00e1s\u00a0em parceria com o\u00a0Centro de Excel\u00eancia em Intelig\u00eancia Artificial (CEIA) da UFG\u00a0que tem como objetivo estimular o aprendizado e o uso pr\u00e1tico da IA \u200b\u200bentre&hellip;","_links":{"self":[{"href":"https:\/\/goias.gov.br\/inovacao\/wp-json\/wp\/v2\/pages\/99386","targetHints":{"allow":["GET"]}}],"collection":[{"href":"https:\/\/goias.gov.br\/inovacao\/wp-json\/wp\/v2\/pages"}],"about":[{"href":"https:\/\/goias.gov.br\/inovacao\/wp-json\/wp\/v2\/types\/page"}],"author":[{"embeddable":true,"href":"https:\/\/goias.gov.br\/inovacao\/wp-json\/wp\/v2\/users\/718"}],"replies":[{"embeddable":true,"href":"https:\/\/goias.gov.br\/inovacao\/wp-json\/wp\/v2\/comments?post=99386"}],"version-history":[{"count":2,"href":"https:\/\/goias.gov.br\/inovacao\/wp-json\/wp\/v2\/pages\/99386\/revisions"}],"predecessor-version":[{"id":100083,"href":"https:\/\/goias.gov.br\/inovacao\/wp-json\/wp\/v2\/pages\/99386\/revisions\/100083"}],"wp:attachment":[{"href":"https:\/\/goias.gov.br\/inovacao\/wp-json\/wp\/v2\/media?parent=99386"}],"curies":[{"name":"wp","href":"https:\/\/api.w.org\/{rel}","templated":true}]}}