

{"id":67472,"date":"2025-04-10T14:13:47","date_gmt":"2025-04-10T17:13:47","guid":{"rendered":"https:\/\/goias.gov.br\/inovacao\/?page_id=67472"},"modified":"2026-04-30T15:18:38","modified_gmt":"2026-04-30T18:18:38","slug":"chamamentos","status":"publish","type":"page","link":"https:\/\/goias.gov.br\/inovacao\/chamamentos\/","title":{"rendered":"Chamamentos"},"content":{"rendered":"\n<h3 class=\"wp-block-heading\"><strong>Chamamento P\u00fablico &#8211; 2026<\/strong><\/h3>\n\n\n\n<h4 class=\"wp-block-heading\"><strong>EDITAL DE CHAMAMENTO P\u00daBLICO N\u00ba 01\/2026-SECTI<\/strong><\/h4>\n\n\n\n<p>OBJETO: Sele\u00e7\u00e3o de proposta que torne mais eficaz a execu\u00e7\u00e3o do&nbsp;<strong>Projeto Educacional em Transforma\u00e7\u00e3o Digital<\/strong>&nbsp;voltado a lideran\u00e7as, gestores e servidores p\u00fablicos municipais, no \u00e2mbito do eixo 1 do programa e-Goi\u00e1s | Transforma\u00e7\u00e3o Digital dos Munic\u00edpios (e-Goi\u00e1s).&nbsp;<\/p>\n\n\n\n<div class=\"wp-block-file\"><a id=\"wp-block-file--media-508c7f86-69c9-4c5a-8fd4-8bb50f790966\" href=\"https:\/\/goias.gov.br\/inovacao\/wp-content\/uploads\/sites\/26\/2026\/03\/Chamamento-Publico-01-2026-Edital.pdf\" target=\"_blank\" rel=\"noreferrer noopener\">Chamamento Publico 01-2026 &#8211; Edital<\/a><a href=\"https:\/\/goias.gov.br\/inovacao\/wp-content\/uploads\/sites\/26\/2026\/03\/Chamamento-Publico-01-2026-Edital.pdf\" class=\"wp-block-file__button wp-element-button\" download aria-describedby=\"wp-block-file--media-508c7f86-69c9-4c5a-8fd4-8bb50f790966\">Baixar<\/a><\/div>\n\n\n\n<div class=\"wp-block-file\"><a id=\"wp-block-file--media-a05fab0f-6a43-44f3-91ad-0bbac42adbaa\" href=\"https:\/\/goias.gov.br\/inovacao\/wp-content\/uploads\/sites\/26\/2026\/03\/Chamamento-Publico-01-2026-TR.pdf\" target=\"_blank\" rel=\"noreferrer noopener\">Chamamento Publico 01-2026 &#8211; TR<\/a><a href=\"https:\/\/goias.gov.br\/inovacao\/wp-content\/uploads\/sites\/26\/2026\/03\/Chamamento-Publico-01-2026-TR.pdf\" class=\"wp-block-file__button wp-element-button\" download aria-describedby=\"wp-block-file--media-a05fab0f-6a43-44f3-91ad-0bbac42adbaa\">Baixar<\/a><\/div>\n\n\n\n<div class=\"wp-block-file\"><a id=\"wp-block-file--media-b47f700e-a7e7-4861-9838-94feb8d1ebfd\" href=\"https:\/\/goias.gov.br\/inovacao\/wp-content\/uploads\/sites\/26\/2026\/03\/Chamamento-Publico-01-2026-Plano-de-Trabalho.pdf\" target=\"_blank\" rel=\"noreferrer noopener\">Chamamento Publico 01-2026 &#8211; Plano de Trabalho<\/a><a href=\"https:\/\/goias.gov.br\/inovacao\/wp-content\/uploads\/sites\/26\/2026\/03\/Chamamento-Publico-01-2026-Plano-de-Trabalho.pdf\" class=\"wp-block-file__button wp-element-button\" download aria-describedby=\"wp-block-file--media-b47f700e-a7e7-4861-9838-94feb8d1ebfd\">Baixar<\/a><\/div>\n\n\n\n<div class=\"wp-block-file\"><a id=\"wp-block-file--media-2f6c16fa-b530-46a7-8686-3cf29dce95b7\" href=\"https:\/\/goias.gov.br\/inovacao\/wp-content\/uploads\/sites\/26\/2026\/03\/Chamamento-Publico-01-2026-Minuta-Termo-de-Colaboracao.pdf\" target=\"_blank\" rel=\"noreferrer noopener\">Chamamento Publico 01-2026 &#8211; Minuta Termo de Colabora\u00e7\u00e3o<\/a><a href=\"https:\/\/goias.gov.br\/inovacao\/wp-content\/uploads\/sites\/26\/2026\/03\/Chamamento-Publico-01-2026-Minuta-Termo-de-Colaboracao.pdf\" class=\"wp-block-file__button wp-element-button\" download aria-describedby=\"wp-block-file--media-2f6c16fa-b530-46a7-8686-3cf29dce95b7\">Baixar<\/a><\/div>\n\n\n\n<div class=\"wp-block-file\"><a id=\"wp-block-file--media-673aa6e0-b113-4ad3-bc3a-c3bb88ba33a1\" href=\"https:\/\/goias.gov.br\/inovacao\/wp-content\/uploads\/sites\/26\/2026\/03\/Chamamento-Publico-01-2026-Despacho-atualizacao-cronograma.pdf\" target=\"_blank\" rel=\"noreferrer noopener\">Chamamento Publico 01-2026 -Despacho atualiza\u00e7\u00e3o cronograma<\/a><a href=\"https:\/\/goias.gov.br\/inovacao\/wp-content\/uploads\/sites\/26\/2026\/03\/Chamamento-Publico-01-2026-Despacho-atualizacao-cronograma.pdf\" class=\"wp-block-file__button wp-element-button\" download aria-describedby=\"wp-block-file--media-673aa6e0-b113-4ad3-bc3a-c3bb88ba33a1\">Baixar<\/a><\/div>\n\n\n\n<div class=\"wp-block-file\"><a id=\"wp-block-file--media-6d33a3d4-1e60-4555-85b4-4fc3402a2cc0\" href=\"https:\/\/goias.gov.br\/inovacao\/wp-content\/uploads\/sites\/26\/2026\/03\/Chamamento-Publico-01-2026-Aviso-de-Chamamento.pdf\" target=\"_blank\" rel=\"noreferrer noopener\">Chamamento Publico 01-2026 &#8211; Aviso de Chamamento<\/a><a href=\"https:\/\/goias.gov.br\/inovacao\/wp-content\/uploads\/sites\/26\/2026\/03\/Chamamento-Publico-01-2026-Aviso-de-Chamamento.pdf\" class=\"wp-block-file__button wp-element-button\" download aria-describedby=\"wp-block-file--media-6d33a3d4-1e60-4555-85b4-4fc3402a2cc0\">Baixar<\/a><\/div>\n\n\n\n<div class=\"wp-block-file\"><a id=\"wp-block-file--media-5ce2a7fc-cb3c-4d86-9b08-74e9a2fa00e5\" href=\"https:\/\/goias.gov.br\/inovacao\/wp-content\/uploads\/sites\/26\/2026\/03\/Publicacao_do_Aviso_de_Chamamento_Publico_no_DOE.pdf\" target=\"_blank\" rel=\"noreferrer noopener\">Publicacao_do_Aviso_de_Chamamento_Publico_no_DOE<\/a><a href=\"https:\/\/goias.gov.br\/inovacao\/wp-content\/uploads\/sites\/26\/2026\/03\/Publicacao_do_Aviso_de_Chamamento_Publico_no_DOE.pdf\" class=\"wp-block-file__button wp-element-button\" download aria-describedby=\"wp-block-file--media-5ce2a7fc-cb3c-4d86-9b08-74e9a2fa00e5\">Baixar<\/a><\/div>\n\n\n\n<div class=\"wp-block-file\"><a id=\"wp-block-file--media-c934facb-805e-4687-b106-058f872466f3\" href=\"https:\/\/goias.gov.br\/inovacao\/wp-content\/uploads\/sites\/26\/2026\/03\/Publicacao_do_Aviso_de_Chamamento_Publico_no_Jornal_de_Grande_Circulacao.pdf\" target=\"_blank\" rel=\"noreferrer noopener\">Publicacao_do_Aviso_de_Chamamento_Publico_no_Jornal_de_Grande_Circulacao<\/a><a href=\"https:\/\/goias.gov.br\/inovacao\/wp-content\/uploads\/sites\/26\/2026\/03\/Publicacao_do_Aviso_de_Chamamento_Publico_no_Jornal_de_Grande_Circulacao.pdf\" class=\"wp-block-file__button wp-element-button\" download aria-describedby=\"wp-block-file--media-c934facb-805e-4687-b106-058f872466f3\">Baixar<\/a><\/div>\n\n\n\n<div class=\"wp-block-file\"><a id=\"wp-block-file--media-5601071f-1cb1-4fc1-ae00-586cbcacb1e6\" href=\"https:\/\/goias.gov.br\/inovacao\/wp-content\/uploads\/sites\/26\/2026\/04\/Esclarecimento-n-1-Quadro-4-do-TR.pdf\">Esclarecimento n 1 &#8211; Quadro 4 do TR<\/a><a href=\"https:\/\/goias.gov.br\/inovacao\/wp-content\/uploads\/sites\/26\/2026\/04\/Esclarecimento-n-1-Quadro-4-do-TR.pdf\" class=\"wp-block-file__button wp-element-button\" download aria-describedby=\"wp-block-file--media-5601071f-1cb1-4fc1-ae00-586cbcacb1e6\">Baixar<\/a><\/div>\n\n\n\n<div class=\"wp-block-file\"><a id=\"wp-block-file--media-f8882675-ecba-46d3-b271-58027cbf4431\" href=\"https:\/\/goias.gov.br\/inovacao\/wp-content\/uploads\/sites\/26\/2026\/04\/Errata-no-1.pdf\">Errata n\u00ba 1<\/a><a href=\"https:\/\/goias.gov.br\/inovacao\/wp-content\/uploads\/sites\/26\/2026\/04\/Errata-no-1.pdf\" class=\"wp-block-file__button wp-element-button\" download aria-describedby=\"wp-block-file--media-f8882675-ecba-46d3-b271-58027cbf4431\">Baixar<\/a><\/div>\n\n\n\n<div class=\"wp-block-file\"><a id=\"wp-block-file--media-362e7548-cf2f-462f-aa87-65fa164be14a\" href=\"https:\/\/goias.gov.br\/inovacao\/wp-content\/uploads\/sites\/26\/2026\/04\/Aviso-de-prorrogacao-no-1-e-Cronograma-atualizado.pdf\">Aviso de prorroga\u00e7\u00e3o n\u00ba 1 e Cronograma atualizado<\/a><a href=\"https:\/\/goias.gov.br\/inovacao\/wp-content\/uploads\/sites\/26\/2026\/04\/Aviso-de-prorrogacao-no-1-e-Cronograma-atualizado.pdf\" class=\"wp-block-file__button wp-element-button\" download aria-describedby=\"wp-block-file--media-362e7548-cf2f-462f-aa87-65fa164be14a\">Baixar<\/a><\/div>\n\n\n\n<div class=\"wp-block-file\"><a id=\"wp-block-file--media-11aa6fd6-b9aa-4d6c-ad85-58d91b87dc92\" href=\"https:\/\/goias.gov.br\/inovacao\/wp-content\/uploads\/sites\/26\/2026\/04\/PUBLICACAO_DOS_AVISOS_DE_PRORROGACAO_E_ERRATA.pdf\">PUBLICACAO_DOS_AVISOS_DE_PRORROGACAO_E_ERRATA<\/a><a href=\"https:\/\/goias.gov.br\/inovacao\/wp-content\/uploads\/sites\/26\/2026\/04\/PUBLICACAO_DOS_AVISOS_DE_PRORROGACAO_E_ERRATA.pdf\" class=\"wp-block-file__button wp-element-button\" download aria-describedby=\"wp-block-file--media-11aa6fd6-b9aa-4d6c-ad85-58d91b87dc92\">Baixar<\/a><\/div>\n\n\n\n<div class=\"wp-block-file\"><a id=\"wp-block-file--media-b1bf42f1-a653-4dd3-8d4f-b2b3e9fbcd07\" href=\"https:\/\/goias.gov.br\/inovacao\/wp-content\/uploads\/sites\/26\/2026\/04\/Publicacao_do_AVISO_DE_PRORROGACAO_e_ERRATA_DO_EDITAL_DO_CHAMAMENTO_PUBLICO_N__012026_SECTI.pdf\">Publicacao_do_AVISO_DE_PRORROGACAO_e_ERRATA_DO_EDITAL_DO_CHAMAMENTO_PUBLICO_N__012026_SECTI<\/a><a href=\"https:\/\/goias.gov.br\/inovacao\/wp-content\/uploads\/sites\/26\/2026\/04\/Publicacao_do_AVISO_DE_PRORROGACAO_e_ERRATA_DO_EDITAL_DO_CHAMAMENTO_PUBLICO_N__012026_SECTI.pdf\" class=\"wp-block-file__button wp-element-button\" download aria-describedby=\"wp-block-file--media-b1bf42f1-a653-4dd3-8d4f-b2b3e9fbcd07\">Baixar<\/a><\/div>\n\n\n\n<h3 class=\"wp-block-heading\"><strong>Chamamento P\u00fablico &#8211; 2025<\/strong><\/h3>\n\n\n\n<h4 class=\"wp-block-heading\"><strong>EDITAL DE CHAMAMENTO P\u00daBLICO N\u00ba 01\/2025-SECTI<\/strong><\/h4>\n\n\n\n<p>OBJETO: Sele\u00e7\u00e3o de Organiza\u00e7\u00e3o da Sociedade Civil para celebra\u00e7\u00e3o de Termo de Colabora\u00e7\u00e3o objetivando a elabora\u00e7\u00e3o e implementa\u00e7\u00e3o do Programa Cidad\u00e3o Tech, que visa promover a cidadania digital em Goi\u00e1s, tendo por objetivo reduzir o n\u00edvel de exclus\u00e3o digital dos segmentos mais vulner\u00e1veis da sociedade a partir de forma\u00e7\u00e3o atualiza\u00e7\u00e3o, conscientiza\u00e7\u00e3o e\/ou capacita\u00e7\u00e3o em inclus\u00e3o digita presenciais que estimulem o uso consciente, sustent\u00e1vel e seguro da tecnologia, conforme as condi\u00e7\u00f5es e especifica\u00e7\u00f5es deste edital e seus anexos.<\/p>\n\n\n\n<div class=\"wp-block-file\"><a id=\"wp-block-file--media-46e1ceb4-ea0c-4343-ac45-7536467e0bc4\" href=\"https:\/\/goias.gov.br\/inovacao\/wp-content\/uploads\/sites\/26\/2025\/04\/Chamamento-Publico-01-2025-Edital-01.pdf\">Chamamento Publico 01-2025 &#8211; Edital 01<\/a><a href=\"https:\/\/goias.gov.br\/inovacao\/wp-content\/uploads\/sites\/26\/2025\/04\/Chamamento-Publico-01-2025-Edital-01.pdf\" class=\"wp-block-file__button wp-element-button\" download aria-describedby=\"wp-block-file--media-46e1ceb4-ea0c-4343-ac45-7536467e0bc4\">Baixar<\/a><\/div>\n\n\n\n<div class=\"wp-block-file\"><a id=\"wp-block-file--media-d93ccea0-df05-4dba-8733-2c494960c6c6\" href=\"https:\/\/goias.gov.br\/inovacao\/wp-content\/uploads\/sites\/26\/2025\/04\/Chamamento-Publico-01-2025-Diario-Oficial.pdf\">Chamamento Publico 01-2025 &#8211; Diario Oficial<\/a><a href=\"https:\/\/goias.gov.br\/inovacao\/wp-content\/uploads\/sites\/26\/2025\/04\/Chamamento-Publico-01-2025-Diario-Oficial.pdf\" class=\"wp-block-file__button wp-element-button\" download aria-describedby=\"wp-block-file--media-d93ccea0-df05-4dba-8733-2c494960c6c6\">Baixar<\/a><\/div>\n\n\n\n<div class=\"wp-block-file\"><a id=\"wp-block-file--media-ca4f1528-6aa7-4b73-a711-1c52cf6dde04\" href=\"https:\/\/goias.gov.br\/inovacao\/wp-content\/uploads\/sites\/26\/2025\/04\/Chamamento-Publico-01-2025-Gazeta-do-Estado.pdf\">Chamamento Publico 01-2025 &#8211; Gazeta do Estado<\/a><a href=\"https:\/\/goias.gov.br\/inovacao\/wp-content\/uploads\/sites\/26\/2025\/04\/Chamamento-Publico-01-2025-Gazeta-do-Estado.pdf\" class=\"wp-block-file__button wp-element-button\" download aria-describedby=\"wp-block-file--media-ca4f1528-6aa7-4b73-a711-1c52cf6dde04\">Baixar<\/a><\/div>\n\n\n\n<div class=\"wp-block-file\"><a id=\"wp-block-file--media-14efe2a7-b0f9-4657-9ab8-6e95af6219d0\" href=\"https:\/\/goias.gov.br\/inovacao\/wp-content\/uploads\/sites\/26\/2025\/05\/diario_oficial_2025-05-05_completo.pdf\">Errata Chamamento Publico 01-2025 &#8211; Diario Oficial <\/a><a href=\"https:\/\/goias.gov.br\/inovacao\/wp-content\/uploads\/sites\/26\/2025\/05\/diario_oficial_2025-05-05_completo.pdf\" class=\"wp-block-file__button wp-element-button\" download aria-describedby=\"wp-block-file--media-14efe2a7-b0f9-4657-9ab8-6e95af6219d0\">Baixar<\/a><\/div>\n\n\n\n<div class=\"wp-block-file\"><a id=\"wp-block-file--media-f26c96dd-2f56-4360-992f-22f1c5065558\" href=\"https:\/\/goias.gov.br\/inovacao\/wp-content\/uploads\/sites\/26\/2025\/05\/SEI-202514304000429.pdf\">Errata Chamamento Publico 01-2025 &#8211; Edital 01<\/a><a href=\"https:\/\/goias.gov.br\/inovacao\/wp-content\/uploads\/sites\/26\/2025\/05\/SEI-202514304000429.pdf\" class=\"wp-block-file__button wp-element-button\" download aria-describedby=\"wp-block-file--media-f26c96dd-2f56-4360-992f-22f1c5065558\">Baixar<\/a><\/div>\n\n\n\n<div class=\"wp-block-file\"><a id=\"wp-block-file--media-87eebfbd-500d-4cd2-9dad-9614327bc4e2\" href=\"https:\/\/goias.gov.br\/inovacao\/wp-content\/uploads\/sites\/26\/2025\/05\/gazeta-6067-1-1-19-24aaa1b761f5329eaa16346780ebbf3a.pdf\">Errata Chamamento Publico 01-2025 &#8211; Gazeta do Estado<\/a><a href=\"https:\/\/goias.gov.br\/inovacao\/wp-content\/uploads\/sites\/26\/2025\/05\/gazeta-6067-1-1-19-24aaa1b761f5329eaa16346780ebbf3a.pdf\" class=\"wp-block-file__button wp-element-button\" download aria-describedby=\"wp-block-file--media-87eebfbd-500d-4cd2-9dad-9614327bc4e2\">Baixar<\/a><\/div>\n\n\n\n<div class=\"wp-block-file\"><a id=\"wp-block-file--media-5ef0ca39-f242-42aa-82f9-3518ecd0bfa8\" href=\"https:\/\/goias.gov.br\/inovacao\/wp-content\/uploads\/sites\/26\/2025\/06\/Ata-de-Reuniao-01.pdf\" target=\"_blank\" rel=\"noreferrer noopener\">Ata de Reuniao 01<\/a><a href=\"https:\/\/goias.gov.br\/inovacao\/wp-content\/uploads\/sites\/26\/2025\/06\/Ata-de-Reuniao-01.pdf\" class=\"wp-block-file__button wp-element-button\" download aria-describedby=\"wp-block-file--media-5ef0ca39-f242-42aa-82f9-3518ecd0bfa8\">Baixar<\/a><\/div>\n\n\n\n<div class=\"wp-block-file\"><a id=\"wp-block-file--media-4d2ff3e2-99cf-47d9-bf49-e89b7bb0edde\" href=\"https:\/\/goias.gov.br\/inovacao\/wp-content\/uploads\/sites\/26\/2025\/06\/Ata-de-Reuniao-02.pdf\">Ata de Reuniao 02<\/a><a href=\"https:\/\/goias.gov.br\/inovacao\/wp-content\/uploads\/sites\/26\/2025\/06\/Ata-de-Reuniao-02.pdf\" class=\"wp-block-file__button wp-element-button\" download aria-describedby=\"wp-block-file--media-4d2ff3e2-99cf-47d9-bf49-e89b7bb0edde\">Baixar<\/a><\/div>\n\n\n\n<div class=\"wp-block-file\"><a id=\"wp-block-file--media-0a23c550-caee-40db-b72a-e9b7fcbcc5a4\" href=\"https:\/\/goias.gov.br\/inovacao\/wp-content\/uploads\/sites\/26\/2025\/06\/Ata-de-Reuniao-03.pdf\">Ata de Reuniao 03<\/a><a href=\"https:\/\/goias.gov.br\/inovacao\/wp-content\/uploads\/sites\/26\/2025\/06\/Ata-de-Reuniao-03.pdf\" class=\"wp-block-file__button wp-element-button\" download aria-describedby=\"wp-block-file--media-0a23c550-caee-40db-b72a-e9b7fcbcc5a4\">Baixar<\/a><\/div>\n\n\n\n<div class=\"wp-block-file\"><a id=\"wp-block-file--media-3c37fa31-e365-4909-acab-70bbf4064288\" href=\"https:\/\/goias.gov.br\/inovacao\/wp-content\/uploads\/sites\/26\/2025\/06\/Ata-de-Reuniao-04.pdf\">Ata de Reuniao 04<\/a><a href=\"https:\/\/goias.gov.br\/inovacao\/wp-content\/uploads\/sites\/26\/2025\/06\/Ata-de-Reuniao-04.pdf\" class=\"wp-block-file__button wp-element-button\" download aria-describedby=\"wp-block-file--media-3c37fa31-e365-4909-acab-70bbf4064288\">Baixar<\/a><\/div>\n\n\n\n<div class=\"wp-block-file\"><a id=\"wp-block-file--media-0c19ba47-3b72-4ebf-ad05-24c2943394d5\" href=\"https:\/\/goias.gov.br\/inovacao\/wp-content\/uploads\/sites\/26\/2025\/06\/Ata-de-Reuniao-05.pdf\">Ata de Reuniao 05<\/a><a href=\"https:\/\/goias.gov.br\/inovacao\/wp-content\/uploads\/sites\/26\/2025\/06\/Ata-de-Reuniao-05.pdf\" class=\"wp-block-file__button wp-element-button\" download aria-describedby=\"wp-block-file--media-0c19ba47-3b72-4ebf-ad05-24c2943394d5\">Baixar<\/a><\/div>\n\n\n\n<div class=\"wp-block-file\"><a id=\"wp-block-file--media-b4e494b7-c5c8-4e47-a838-8c4d7ec0fdb8\" href=\"https:\/\/goias.gov.br\/inovacao\/wp-content\/uploads\/sites\/26\/2025\/06\/Resultado-Final.pdf\">Resultado Final<\/a><a href=\"https:\/\/goias.gov.br\/inovacao\/wp-content\/uploads\/sites\/26\/2025\/06\/Resultado-Final.pdf\" class=\"wp-block-file__button wp-element-button\" download aria-describedby=\"wp-block-file--media-b4e494b7-c5c8-4e47-a838-8c4d7ec0fdb8\">Baixar<\/a><\/div>\n\n\n\n<div class=\"wp-block-file\"><a id=\"wp-block-file--media-fb3950c2-1c58-4802-99bd-e0db6f8b0685\" href=\"https:\/\/goias.gov.br\/inovacao\/wp-content\/uploads\/sites\/26\/2025\/06\/Publicacao-Jornal-de-Grande-Circulacao.pdf\">Publica\u00e7\u00e3o Jornal de Grande Circula\u00e7\u00e3o<\/a><a href=\"https:\/\/goias.gov.br\/inovacao\/wp-content\/uploads\/sites\/26\/2025\/06\/Publicacao-Jornal-de-Grande-Circulacao.pdf\" class=\"wp-block-file__button wp-element-button\" download aria-describedby=\"wp-block-file--media-fb3950c2-1c58-4802-99bd-e0db6f8b0685\">Baixar<\/a><\/div>\n\n\n\n<div class=\"wp-block-file\"><a id=\"wp-block-file--media-346f601f-9196-4d7b-882d-df2e7347e31d\" href=\"https:\/\/goias.gov.br\/inovacao\/wp-content\/uploads\/sites\/26\/2025\/06\/diario_oficial_2025-06-05_completo-1.pdf\">Diario_Oficial_2025-06-05_completo<\/a><a href=\"https:\/\/goias.gov.br\/inovacao\/wp-content\/uploads\/sites\/26\/2025\/06\/diario_oficial_2025-06-05_completo-1.pdf\" class=\"wp-block-file__button wp-element-button\" download aria-describedby=\"wp-block-file--media-346f601f-9196-4d7b-882d-df2e7347e31d\">Baixar<\/a><\/div>\n\n\n\n<div class=\"wp-block-file\"><a id=\"wp-block-file--media-03997bc8-24cf-490e-ba41-e79c3631e5a8\" href=\"https:\/\/goias.gov.br\/inovacao\/wp-content\/uploads\/sites\/26\/2025\/06\/Proposta-Programando-o-Futuro.pdf\">Proposta &#8211; Programando o Futuro<\/a><a href=\"https:\/\/goias.gov.br\/inovacao\/wp-content\/uploads\/sites\/26\/2025\/06\/Proposta-Programando-o-Futuro.pdf\" class=\"wp-block-file__button wp-element-button\" download aria-describedby=\"wp-block-file--media-03997bc8-24cf-490e-ba41-e79c3631e5a8\">Baixar<\/a><\/div>\n\n\n\n<div class=\"wp-block-file\"><a id=\"wp-block-file--media-e82f77f1-2a1f-4492-aa9b-c7be0984e29c\" href=\"https:\/\/goias.gov.br\/inovacao\/wp-content\/uploads\/sites\/26\/2025\/06\/Convocacao-1.pdf\">Convoca\u00e7\u00e3o 1<\/a><a href=\"https:\/\/goias.gov.br\/inovacao\/wp-content\/uploads\/sites\/26\/2025\/06\/Convocacao-1.pdf\" class=\"wp-block-file__button wp-element-button\" download aria-describedby=\"wp-block-file--media-e82f77f1-2a1f-4492-aa9b-c7be0984e29c\">Baixar<\/a><\/div>\n\n\n\n<div class=\"wp-block-file\"><a id=\"wp-block-file--media-13d8c87c-1e8c-4d4d-836a-42e21d990d03\" href=\"https:\/\/goias.gov.br\/inovacao\/wp-content\/uploads\/sites\/26\/2025\/06\/Convocacao-1-DOE.pdf\">Convoca\u00e7\u00e3o 1 DOE<\/a><a href=\"https:\/\/goias.gov.br\/inovacao\/wp-content\/uploads\/sites\/26\/2025\/06\/Convocacao-1-DOE.pdf\" class=\"wp-block-file__button wp-element-button\" download aria-describedby=\"wp-block-file--media-13d8c87c-1e8c-4d4d-836a-42e21d990d03\">Baixar<\/a><\/div>\n\n\n\n<p><\/p>\n","protected":false},"excerpt":{"rendered":"<p>Chamamento P\u00fablico &#8211; 2026 EDITAL DE CHAMAMENTO P\u00daBLICO N\u00ba 01\/2026-SECTI OBJETO: Sele\u00e7\u00e3o de proposta que torne mais eficaz a execu\u00e7\u00e3o do&nbsp;Projeto Educacional em Transforma\u00e7\u00e3o Digital&nbsp;voltado a lideran\u00e7as, gestores e servidores p\u00fablicos municipais, no \u00e2mbito do eixo 1 do programa e-Goi\u00e1s | Transforma\u00e7\u00e3o Digital dos Munic\u00edpios (e-Goi\u00e1s).&nbsp; Chamamento P\u00fablico &#8211; 2025 EDITAL DE CHAMAMENTO P\u00daBLICO N\u00ba [&hellip;]<\/p>\n","protected":false},"author":337,"featured_media":0,"parent":0,"menu_order":0,"comment_status":"closed","ping_status":"closed","template":"","meta":{"footnotes":""},"class_list":["post-67472","page","type-page","status-publish","hentry"],"rttpg_featured_image_url":null,"rttpg_author":{"display_name":"heitormatos","author_link":"https:\/\/goias.gov.br\/inovacao\/author\/heitormatos\/"},"rttpg_comment":0,"rttpg_category":null,"rttpg_excerpt":"Chamamento P\u00fablico &#8211; 2026 EDITAL DE CHAMAMENTO P\u00daBLICO N\u00ba 01\/2026-SECTI OBJETO: Sele\u00e7\u00e3o de proposta que torne mais eficaz a execu\u00e7\u00e3o do&nbsp;Projeto Educacional em Transforma\u00e7\u00e3o Digital&nbsp;voltado a lideran\u00e7as, gestores e servidores p\u00fablicos municipais, no \u00e2mbito do eixo 1 do programa e-Goi\u00e1s | Transforma\u00e7\u00e3o Digital dos Munic\u00edpios (e-Goi\u00e1s).&nbsp; Chamamento P\u00fablico &#8211; 2025 EDITAL DE CHAMAMENTO P\u00daBLICO N\u00ba&hellip;","_links":{"self":[{"href":"https:\/\/goias.gov.br\/inovacao\/wp-json\/wp\/v2\/pages\/67472","targetHints":{"allow":["GET"]}}],"collection":[{"href":"https:\/\/goias.gov.br\/inovacao\/wp-json\/wp\/v2\/pages"}],"about":[{"href":"https:\/\/goias.gov.br\/inovacao\/wp-json\/wp\/v2\/types\/page"}],"author":[{"embeddable":true,"href":"https:\/\/goias.gov.br\/inovacao\/wp-json\/wp\/v2\/users\/337"}],"replies":[{"embeddable":true,"href":"https:\/\/goias.gov.br\/inovacao\/wp-json\/wp\/v2\/comments?post=67472"}],"version-history":[{"count":2,"href":"https:\/\/goias.gov.br\/inovacao\/wp-json\/wp\/v2\/pages\/67472\/revisions"}],"predecessor-version":[{"id":122059,"href":"https:\/\/goias.gov.br\/inovacao\/wp-json\/wp\/v2\/pages\/67472\/revisions\/122059"}],"wp:attachment":[{"href":"https:\/\/goias.gov.br\/inovacao\/wp-json\/wp\/v2\/media?parent=67472"}],"curies":[{"name":"wp","href":"https:\/\/api.w.org\/{rel}","templated":true}]}}