

{"id":51740,"date":"2024-10-04T13:44:59","date_gmt":"2024-10-04T16:44:59","guid":{"rendered":"https:\/\/goias.gov.br\/inovacao\/?page_id=51740"},"modified":"2024-11-13T09:10:55","modified_gmt":"2024-11-13T12:10:55","slug":"ouvidoria-setorial","status":"publish","type":"page","link":"https:\/\/goias.gov.br\/inovacao\/ouvidoria-setorial\/","title":{"rendered":"Ouvidoria Setorial"},"content":{"rendered":"\n<h4 class=\"wp-block-heading\"><span style=\"color: #008000;\">Atendimento Presencial<\/span><\/h4>\n\n\n\n<p>Ouvidora Setorial: <strong>ANNA L\u00daCIA LEANDRO DE ABREU OLIVEIRA<\/strong><\/p>\n\n\n\n<div class=\"wp-block-group\"><div class=\"wp-block-group__inner-container is-layout-constrained wp-block-group-is-layout-constrained\">\n<p>Rua 82, n\u00ba 400 Ed. Pal\u00e1cio Pedro Ludovico Teixeira, 1\u00ba andar<br \/>Setor Central, Goi\u00e2nia\/GO \u2013 CEP: 74.015-908<br \/>Hor\u00e1rio de Atendimento: 08h \u00e0s 12h e das 13h \u00e0s 17h<br \/>E-mail: <a href=\"mailto:ouvidoria.secti@goias.gov.br\">ouvidoria.secti@goias.gov.br<\/a><br \/>Telefone: (62) 3269-4260<br \/>Unidade SEI: 21859<\/p>\n<\/div><\/div>\n","protected":false},"excerpt":{"rendered":"<p>Atendimento Presencial Ouvidora Setorial: ANNA L\u00daCIA LEANDRO DE ABREU OLIVEIRA Rua 82, n\u00ba 400 Ed. Pal\u00e1cio Pedro Ludovico Teixeira, 1\u00ba andarSetor Central, Goi\u00e2nia\/GO \u2013 CEP: 74.015-908Hor\u00e1rio de Atendimento: 08h \u00e0s 12h e das 13h \u00e0s 17hE-mail: ouvidoria.secti@goias.gov.brTelefone: (62) 3269-4260Unidade SEI: 21859<\/p>\n","protected":false},"author":62,"featured_media":0,"parent":0,"menu_order":0,"comment_status":"closed","ping_status":"closed","template":"","meta":{"footnotes":""},"class_list":["post-51740","page","type-page","status-publish","hentry"],"rttpg_featured_image_url":null,"rttpg_author":{"display_name":"italoreis","author_link":"https:\/\/goias.gov.br\/inovacao\/author\/italoreis\/"},"rttpg_comment":0,"rttpg_category":null,"rttpg_excerpt":"Atendimento Presencial Ouvidora Setorial: ANNA L\u00daCIA LEANDRO DE ABREU OLIVEIRA Rua 82, n\u00ba 400 Ed. Pal\u00e1cio Pedro Ludovico Teixeira, 1\u00ba andarSetor Central, Goi\u00e2nia\/GO \u2013 CEP: 74.015-908Hor\u00e1rio de Atendimento: 08h \u00e0s 12h e das 13h \u00e0s 17hE-mail: ouvidoria.secti@goias.gov.brTelefone: (62) 3269-4260Unidade SEI: 21859","_links":{"self":[{"href":"https:\/\/goias.gov.br\/inovacao\/wp-json\/wp\/v2\/pages\/51740","targetHints":{"allow":["GET"]}}],"collection":[{"href":"https:\/\/goias.gov.br\/inovacao\/wp-json\/wp\/v2\/pages"}],"about":[{"href":"https:\/\/goias.gov.br\/inovacao\/wp-json\/wp\/v2\/types\/page"}],"author":[{"embeddable":true,"href":"https:\/\/goias.gov.br\/inovacao\/wp-json\/wp\/v2\/users\/62"}],"replies":[{"embeddable":true,"href":"https:\/\/goias.gov.br\/inovacao\/wp-json\/wp\/v2\/comments?post=51740"}],"version-history":[{"count":2,"href":"https:\/\/goias.gov.br\/inovacao\/wp-json\/wp\/v2\/pages\/51740\/revisions"}],"predecessor-version":[{"id":55158,"href":"https:\/\/goias.gov.br\/inovacao\/wp-json\/wp\/v2\/pages\/51740\/revisions\/55158"}],"wp:attachment":[{"href":"https:\/\/goias.gov.br\/inovacao\/wp-json\/wp\/v2\/media?parent=51740"}],"curies":[{"name":"wp","href":"https:\/\/api.w.org\/{rel}","templated":true}]}}