

{"id":40723,"date":"2024-06-07T16:21:18","date_gmt":"2024-06-07T19:21:18","guid":{"rendered":"https:\/\/goias.gov.br\/inovacao\/?page_id=40723"},"modified":"2026-04-01T09:55:46","modified_gmt":"2026-04-01T12:55:46","slug":"estrutura-organizacional","status":"publish","type":"page","link":"https:\/\/goias.gov.br\/inovacao\/estrutura-organizacional\/","title":{"rendered":"Estrutura Organizacional"},"content":{"rendered":"\n<figure class=\"wp-block-image size-full\"><a href=\"https:\/\/goias.gov.br\/inovacao\/wp-content\/uploads\/sites\/26\/2025\/01\/Organograma-Secti.pdf\"><img fetchpriority=\"high\" decoding=\"async\" width=\"2117\" height=\"1497\" src=\"https:\/\/goias.gov.br\/inovacao\/wp-content\/uploads\/sites\/26\/2025\/01\/Organograma-Secti-pdf.jpg\" alt=\"\" class=\"wp-image-60155\" \/><\/a><\/figure>\n\n\n\n<p>Fonte: \u00a0<a href=\"https:\/\/legisla.casacivil.go.gov.br\/pesquisa_legislacao\/106749\/lei-21792\" target=\"_blank\" rel=\"noopener\">Lei n\u00ba 21.792, de 16 de fevereiro de 2023<\/a><\/p>\n<p><a href=\"https:\/\/legisla.casacivil.go.gov.br\/pesquisa_legislacao\/110174\/decreto-10612\">Organiza\u00e7\u00e3o administrativa: DECRETO N\u00ba 10.612, DE 18 DE DEZEMBRO DE 2024<\/a> &#8211; Altera o <a href=\"https:\/\/legisla.casacivil.go.gov.br\/pesquisa_legislacao\/106750\">Decreto n\u00ba 10.218<\/a>, de 16 de fevereiro de 2023<\/p>\n<p>Saiba quem s\u00e3o nossos servidores e as fun\u00e7\u00f5es que exercem:<\/p>\n<ul>\n<li><a href=\"https:\/\/goias.gov.br\/inovacao\/cargos-e-seus-ocupantes\/\">Cargos e seus ocupantes<\/a><\/li>\n<\/ul>\n<h4 class=\"nomarginbottom\"><span style=\"color: #008000\">Conhe\u00e7a tamb\u00e9m outras entidades que est\u00e3o jurisdicionadas a Secti:<br \/><br \/><\/span><\/h4>\n<ul class=\"nomargintop\">\n<li><a href=\"https:\/\/goias.gov.br\/iquego\/\">Ind\u00fastria Qu\u00edmica do Estado de Goi\u00e1s &#8211; IQUEGO<\/a><\/li>\n<li><a href=\"https:\/\/goias.gov.br\/fapeg\/\" target=\"_blank\" rel=\"noopener\">Funda\u00e7\u00e3o de Amparo \u00e0 Pesquisa do Estado de Goi\u00e1s &#8211; FAPEG<\/a><\/li>\n<li>Conselho Estadual de Ci\u00eancia e Tecnologia \u2013 CONCITEG<\/li>\n<li>Fundo Estadual de Ci\u00eancia e Tecnologia \u2013 FUNCTEC<\/li>\n<\/ul>\n<h4 class=\"nomarginbottom\"><span style=\"color: #008000\">\u00a0<\/span><\/h4>\n","protected":false},"excerpt":{"rendered":"<p>Fonte: \u00a0Lei n\u00ba 21.792, de 16 de fevereiro de 2023 Organiza\u00e7\u00e3o administrativa: DECRETO N\u00ba 10.612, DE 18 DE DEZEMBRO DE 2024 &#8211; Altera o Decreto n\u00ba 10.218, de 16 de fevereiro de 2023 Saiba quem s\u00e3o nossos servidores e as fun\u00e7\u00f5es que exercem: Cargos e seus ocupantes Conhe\u00e7a tamb\u00e9m outras entidades que est\u00e3o jurisdicionadas a [&hellip;]<\/p>\n","protected":false},"author":62,"featured_media":0,"parent":0,"menu_order":0,"comment_status":"closed","ping_status":"closed","template":"","meta":{"footnotes":""},"class_list":["post-40723","page","type-page","status-publish","hentry"],"rttpg_featured_image_url":null,"rttpg_author":{"display_name":"italoreis","author_link":"https:\/\/goias.gov.br\/inovacao\/author\/italoreis\/"},"rttpg_comment":0,"rttpg_category":null,"rttpg_excerpt":"Fonte: \u00a0Lei n\u00ba 21.792, de 16 de fevereiro de 2023 Organiza\u00e7\u00e3o administrativa: DECRETO N\u00ba 10.612, DE 18 DE DEZEMBRO DE 2024 &#8211; Altera o Decreto n\u00ba 10.218, de 16 de fevereiro de 2023 Saiba quem s\u00e3o nossos servidores e as fun\u00e7\u00f5es que exercem: Cargos e seus ocupantes Conhe\u00e7a tamb\u00e9m outras entidades que est\u00e3o jurisdicionadas a&hellip;","_links":{"self":[{"href":"https:\/\/goias.gov.br\/inovacao\/wp-json\/wp\/v2\/pages\/40723","targetHints":{"allow":["GET"]}}],"collection":[{"href":"https:\/\/goias.gov.br\/inovacao\/wp-json\/wp\/v2\/pages"}],"about":[{"href":"https:\/\/goias.gov.br\/inovacao\/wp-json\/wp\/v2\/types\/page"}],"author":[{"embeddable":true,"href":"https:\/\/goias.gov.br\/inovacao\/wp-json\/wp\/v2\/users\/62"}],"replies":[{"embeddable":true,"href":"https:\/\/goias.gov.br\/inovacao\/wp-json\/wp\/v2\/comments?post=40723"}],"version-history":[{"count":2,"href":"https:\/\/goias.gov.br\/inovacao\/wp-json\/wp\/v2\/pages\/40723\/revisions"}],"predecessor-version":[{"id":118427,"href":"https:\/\/goias.gov.br\/inovacao\/wp-json\/wp\/v2\/pages\/40723\/revisions\/118427"}],"wp:attachment":[{"href":"https:\/\/goias.gov.br\/inovacao\/wp-json\/wp\/v2\/media?parent=40723"}],"curies":[{"name":"wp","href":"https:\/\/api.w.org\/{rel}","templated":true}]}}