

{"id":40721,"date":"2024-06-07T16:13:35","date_gmt":"2024-06-07T19:13:35","guid":{"rendered":"https:\/\/goias.gov.br\/inovacao\/?page_id=40721"},"modified":"2024-06-07T16:42:15","modified_gmt":"2024-06-07T19:42:15","slug":"canais-de-atendimento","status":"publish","type":"page","link":"https:\/\/goias.gov.br\/inovacao\/canais-de-atendimento\/","title":{"rendered":"Endere\u00e7os, Telefones, E-mails e Hor\u00e1rios de Atendimento"},"content":{"rendered":"\n<p>Rua 82, n\u00ba 400 Ed. Pal\u00e1cio Pedro Ludovico Teixeira, 1\u00ba andar<br \/>Setor Central, Goi\u00e2nia\/GO \u2013 CEP: 74.015-908<br \/>Atendimento: 08h \u00e0s 12h e 14h \u00e0s 18h<\/p>\n<p><strong>Atendimento ao Cidad\u00e3o<\/strong><br \/>Telefone: (62) 3269-3101<\/p>\n<p><strong>Ouvidoria Setorial<\/strong><br \/>E-mail:\u00a0<a href=\"mailto:ouvidoria.secti@goias.gov.br\">ouvidoria.secti@goias.gov.br<\/a><br \/>Telefone:\u00a0(62) 3269-3123<\/p>\n<p><strong>Imprensa<\/strong><br \/>E-mail:\u00a0<a href=\"mailto:comunicacao.secti@goias.gov.br\">comunicacao.secti@goias.gov.br<\/a><br \/>Telefone: (62) 3269-3110<br \/><br \/><br \/><\/p>\n","protected":false},"excerpt":{"rendered":"<p>Rua 82, n\u00ba 400 Ed. Pal\u00e1cio Pedro Ludovico Teixeira, 1\u00ba andarSetor Central, Goi\u00e2nia\/GO \u2013 CEP: 74.015-908Atendimento: 08h \u00e0s 12h e 14h \u00e0s 18h Atendimento ao Cidad\u00e3oTelefone: (62) 3269-3101 Ouvidoria SetorialE-mail:\u00a0ouvidoria.secti@goias.gov.brTelefone:\u00a0(62) 3269-3123 ImprensaE-mail:\u00a0comunicacao.secti@goias.gov.brTelefone: (62) 3269-3110<\/p>\n","protected":false},"author":62,"featured_media":0,"parent":0,"menu_order":0,"comment_status":"closed","ping_status":"closed","template":"","meta":{"footnotes":""},"class_list":["post-40721","page","type-page","status-publish","hentry"],"rttpg_featured_image_url":null,"rttpg_author":{"display_name":"italoreis","author_link":"https:\/\/goias.gov.br\/inovacao\/author\/italoreis\/"},"rttpg_comment":0,"rttpg_category":null,"rttpg_excerpt":"Rua 82, n\u00ba 400 Ed. Pal\u00e1cio Pedro Ludovico Teixeira, 1\u00ba andarSetor Central, Goi\u00e2nia\/GO \u2013 CEP: 74.015-908Atendimento: 08h \u00e0s 12h e 14h \u00e0s 18h Atendimento ao Cidad\u00e3oTelefone: (62) 3269-3101 Ouvidoria SetorialE-mail:\u00a0ouvidoria.secti@goias.gov.brTelefone:\u00a0(62) 3269-3123 ImprensaE-mail:\u00a0comunicacao.secti@goias.gov.brTelefone: (62) 3269-3110","_links":{"self":[{"href":"https:\/\/goias.gov.br\/inovacao\/wp-json\/wp\/v2\/pages\/40721","targetHints":{"allow":["GET"]}}],"collection":[{"href":"https:\/\/goias.gov.br\/inovacao\/wp-json\/wp\/v2\/pages"}],"about":[{"href":"https:\/\/goias.gov.br\/inovacao\/wp-json\/wp\/v2\/types\/page"}],"author":[{"embeddable":true,"href":"https:\/\/goias.gov.br\/inovacao\/wp-json\/wp\/v2\/users\/62"}],"replies":[{"embeddable":true,"href":"https:\/\/goias.gov.br\/inovacao\/wp-json\/wp\/v2\/comments?post=40721"}],"version-history":[{"count":2,"href":"https:\/\/goias.gov.br\/inovacao\/wp-json\/wp\/v2\/pages\/40721\/revisions"}],"predecessor-version":[{"id":40735,"href":"https:\/\/goias.gov.br\/inovacao\/wp-json\/wp\/v2\/pages\/40721\/revisions\/40735"}],"wp:attachment":[{"href":"https:\/\/goias.gov.br\/inovacao\/wp-json\/wp\/v2\/media?parent=40721"}],"curies":[{"name":"wp","href":"https:\/\/api.w.org\/{rel}","templated":true}]}}