

{"id":40719,"date":"2024-06-07T16:12:33","date_gmt":"2024-06-07T19:12:33","guid":{"rendered":"https:\/\/goias.gov.br\/inovacao\/?page_id=40719"},"modified":"2024-06-07T16:36:04","modified_gmt":"2024-06-07T19:36:04","slug":"secretario","status":"publish","type":"page","link":"https:\/\/goias.gov.br\/inovacao\/secretario\/","title":{"rendered":"Secret\u00e1rio"},"content":{"rendered":"\n<figure class=\"wp-block-image size-full\"><img fetchpriority=\"high\" decoding=\"async\" width=\"505\" height=\"758\" src=\"https:\/\/goias.gov.br\/inovacao\/wp-content\/uploads\/sites\/26\/2024\/06\/Design-sem-nome-64.png\" alt=\"\" class=\"wp-image-40733\"\/><\/figure>\n\n\n\n<h4><span style=\"color: #008000;\">Jos\u00e9 Frederico Lyra Netto<\/span><br \/><span style=\"color: #999999;\">Secret\u00e1rio de Estado de Ci\u00eancia, Tecnologia e Inova\u00e7\u00e3o<\/span><\/h4>\n<p>Com forma\u00e7\u00e3o em Engenharia Mecatr\u00f4nica pela Universidade Estadual de Campinas (Unicamp), Jos\u00e9 Frederico Lyra Netto tomou posse como secret\u00e1rio de Ci\u00eancia, Tecnologia e Inova\u00e7\u00e3o, em solenidade realizada no dia 06 de mar\u00e7o de 2023. Jos\u00e9 Frederico \u00e9 mestre em Pol\u00edticas P\u00fablicas por Harvard e executivo de Integridade e Valores em Governo por Oxford. Em 2017, foi um dos 11 l\u00edderes empresariais jovens selecionados para um encontro com o ex-presidente dos Estados Unidos, Barack Obama.\u00a0<\/p>\n<p>Foi secret\u00e1rio de Prioridades Estrat\u00e9gicas de Goi\u00e2nia, onde idealizou e executou o primeiro processo seletivo aberto para cargos comissionados da Capital, numa demonstra\u00e7\u00e3o de cuidado com a efici\u00eancia da gest\u00e3o p\u00fablica. Tamb\u00e9m atuou por dois anos na Falconi, a maior consultoria brasileira de gest\u00e3o empresarial e de pessoas, marcada por uso de tecnologia de ponta e intelig\u00eancia de dados na gera\u00e7\u00e3o de resultados.<\/p>\n","protected":false},"excerpt":{"rendered":"<p>Jos\u00e9 Frederico Lyra NettoSecret\u00e1rio de Estado de Ci\u00eancia, Tecnologia e Inova\u00e7\u00e3o Com forma\u00e7\u00e3o em Engenharia Mecatr\u00f4nica pela Universidade Estadual de Campinas (Unicamp), Jos\u00e9 Frederico Lyra Netto tomou posse como secret\u00e1rio de Ci\u00eancia, Tecnologia e Inova\u00e7\u00e3o, em solenidade realizada no dia 06 de mar\u00e7o de 2023. Jos\u00e9 Frederico \u00e9 mestre em Pol\u00edticas P\u00fablicas por Harvard e [&hellip;]<\/p>\n","protected":false},"author":62,"featured_media":0,"parent":0,"menu_order":0,"comment_status":"closed","ping_status":"closed","template":"","meta":{"footnotes":""},"class_list":["post-40719","page","type-page","status-publish","hentry"],"rttpg_featured_image_url":null,"rttpg_author":{"display_name":"italoreis","author_link":"https:\/\/goias.gov.br\/inovacao\/author\/italoreis\/"},"rttpg_comment":0,"rttpg_category":null,"rttpg_excerpt":"Jos\u00e9 Frederico Lyra NettoSecret\u00e1rio de Estado de Ci\u00eancia, Tecnologia e Inova\u00e7\u00e3o Com forma\u00e7\u00e3o em Engenharia Mecatr\u00f4nica pela Universidade Estadual de Campinas (Unicamp), Jos\u00e9 Frederico Lyra Netto tomou posse como secret\u00e1rio de Ci\u00eancia, Tecnologia e Inova\u00e7\u00e3o, em solenidade realizada no dia 06 de mar\u00e7o de 2023. Jos\u00e9 Frederico \u00e9 mestre em Pol\u00edticas P\u00fablicas por Harvard e&hellip;","_links":{"self":[{"href":"https:\/\/goias.gov.br\/inovacao\/wp-json\/wp\/v2\/pages\/40719","targetHints":{"allow":["GET"]}}],"collection":[{"href":"https:\/\/goias.gov.br\/inovacao\/wp-json\/wp\/v2\/pages"}],"about":[{"href":"https:\/\/goias.gov.br\/inovacao\/wp-json\/wp\/v2\/types\/page"}],"author":[{"embeddable":true,"href":"https:\/\/goias.gov.br\/inovacao\/wp-json\/wp\/v2\/users\/62"}],"replies":[{"embeddable":true,"href":"https:\/\/goias.gov.br\/inovacao\/wp-json\/wp\/v2\/comments?post=40719"}],"version-history":[{"count":2,"href":"https:\/\/goias.gov.br\/inovacao\/wp-json\/wp\/v2\/pages\/40719\/revisions"}],"predecessor-version":[{"id":40734,"href":"https:\/\/goias.gov.br\/inovacao\/wp-json\/wp\/v2\/pages\/40719\/revisions\/40734"}],"wp:attachment":[{"href":"https:\/\/goias.gov.br\/inovacao\/wp-json\/wp\/v2\/media?parent=40719"}],"curies":[{"name":"wp","href":"https:\/\/api.w.org\/{rel}","templated":true}]}}