

{"id":19813,"date":"2023-11-07T15:34:59","date_gmt":"2023-11-07T18:34:59","guid":{"rendered":"https:\/\/siteshom.goias.gov.br\/inovacao\/?page_id=19813"},"modified":"2025-11-24T14:26:32","modified_gmt":"2025-11-24T17:26:32","slug":"regularizacao-fundiaria","status":"publish","type":"page","link":"https:\/\/goias.gov.br\/inovacao\/regularizacao-fundiaria\/","title":{"rendered":"Regulariza\u00e7\u00e3o Fundi\u00e1ria"},"content":{"rendered":"\t\t<div data-elementor-type=\"wp-page\" data-elementor-id=\"19813\" class=\"elementor elementor-19813\">\n\t\t\t\t<div class=\"elementor-element elementor-element-f02cbc4 e-flex e-con-boxed e-con e-parent\" data-id=\"f02cbc4\" data-element_type=\"container\" data-e-type=\"container\">\n\t\t\t\t\t<div class=\"e-con-inner\">\n\t\t<div class=\"elementor-element elementor-element-84390f8 e-con-full e-flex e-con e-child\" data-id=\"84390f8\" data-element_type=\"container\" data-e-type=\"container\">\n\t\t\t\t<\/div>\n\t\t<div class=\"elementor-element elementor-element-e9b9b13 e-con-full e-flex e-con e-child\" data-id=\"e9b9b13\" data-element_type=\"container\" data-e-type=\"container\">\n\t\t\t\t<div class=\"elementor-element elementor-element-bf05f7a elementor-widget elementor-widget-shortcode\" data-id=\"bf05f7a\" data-element_type=\"widget\" data-e-type=\"widget\" data-widget_type=\"shortcode.default\">\n\t\t\t\t\t\t\t<div class=\"elementor-shortcode\"><div data-post-id=\"26982\" class=\"insert-page insert-page-26982 \"><h1 class='insert-page-title'>Requerimentos<\/h1><ul>\n<li><a href=\"https:\/\/goias.gov.br\/inovacao\/wp-content\/uploads\/sites\/26\/2017\/08\/sea-re-01-requerimento-de-titulacao-ver_00-106.docx\">Requerimento de Titula&ccedil;&atilde;o<\/a><\/li>\n<li><a href=\"https:\/\/goias.gov.br\/inovacao\/wp-content\/uploads\/sites\/26\/2017\/08\/sea-re-02-declaracao-que-nao-possui-imovel-rural-ver_00-318.docx\">Declara&ccedil;&atilde;o que n&atilde;o Possui Im&oacute;vel Rural<\/a><\/li>\n<li><a href=\"https:\/\/goias.gov.br\/inovacao\/wp-content\/uploads\/sites\/26\/2017\/08\/sea-re-03-declaracao-que-nao-exerce-funcao-publica-ver_00-381.docx\">Declara&ccedil;&atilde;o que n&atilde;o Exerce Fun&ccedil;&atilde;o P&uacute;blica<\/a><\/li>\n<li><a href=\"https:\/\/goias.gov.br\/inovacao\/wp-content\/uploads\/sites\/26\/2017\/08\/sea-re-04-declaracao-de-residencia-domiciliar-ver_00-e41.docx\">Declara&ccedil;&atilde;o de Resid&ecirc;ncia Domiciliar<\/a><\/li>\n<li><a href=\"https:\/\/goias.gov.br\/inovacao\/wp-content\/uploads\/sites\/26\/2017\/08\/sea-re-09-requerimento-de-credenciamento-ver_00-09c.docx\">Requerimento de Credenciamento<\/a><\/li>\n<li><a href=\"https:\/\/goias.gov.br\/inovacao\/wp-content\/uploads\/sites\/26\/2017\/08\/re-118-requerimento-diverso-ver_00-53e.docx\">Requerimento Diverso<\/a><\/li>\n<\/ul>\n<ul class='post-meta'>\n<li><span class='post-meta-key'>rank_math_internal_links_processed:<\/span> 1<\/li>\n<li><span class='post-meta-key'>tpg-post-view-count:<\/span> 163<\/li>\n<\/ul>\n<\/div><\/div>\n\t\t\t\t\t\t<\/div>\n\t\t\t\t<div class=\"elementor-element elementor-element-b45aafc elementor-widget elementor-widget-shortcode\" data-id=\"b45aafc\" data-element_type=\"widget\" data-e-type=\"widget\" data-widget_type=\"shortcode.default\">\n\t\t\t\t\t\t\t<div class=\"elementor-shortcode\"><div data-post-id=\"22359\" class=\"insert-page insert-page-22359 \"><h1 class='insert-page-title'>Terras Devolutas<\/h1><ul>\n<li><a href=\"https:\/\/goias.gov.br\/inovacao\/wp-content\/uploads\/sites\/26\/2018\/09\/terras-devolutas-13a.xlsx\">Rela&ccedil;&atilde;o de Munic&iacute;pios.xlsx<\/a><\/li>\n<li><a href=\"https:\/\/goias.gov.br\/inovacao\/wp-content\/uploads\/sites\/26\/2018\/09\/alto-paraiso-de-goias-8fa.pdf\">Mapas &#8211; Alto Para&iacute;so de Goi&aacute;s<\/a><\/li>\n<li><a href=\"https:\/\/goias.gov.br\/inovacao\/wp-content\/uploads\/sites\/26\/2018\/09\/cavalcante-teresina-de-goias-colinas-do-sul-8c6.pdf\">Mapas &#8211;&nbsp;Cavalcante &#8211; Teresina de Goias &#8211; Colinas do Sul<\/a><\/li>\n<li><a href=\"https:\/\/goias.gov.br\/inovacao\/wp-content\/uploads\/sites\/26\/2018\/09\/nova-roma-d30.pdf\">Mapas &#8211; Nova Roma<\/a><\/li>\n<li><a href=\"https:\/\/goias.gov.br\/inovacao\/wp-content\/uploads\/sites\/26\/2018\/09\/sao-joao-dalianca-46b.pdf\">Mapas &#8211;&nbsp;Sao Joao D&#39;Alianca<\/a><\/li>\n<\/ul>\n<ul class='post-meta'>\n<li><span class='post-meta-key'>rank_math_internal_links_processed:<\/span> 1<\/li>\n<li><span class='post-meta-key'>tpg-post-view-count:<\/span> 670<\/li>\n<\/ul>\n<\/div><\/div>\n\t\t\t\t\t\t<\/div>\n\t\t\t\t<\/div>\n\t\t\t\t\t<\/div>\n\t\t\t\t<\/div>\n\t\t\t\t<\/div>\n\t\t","protected":false},"excerpt":{"rendered":"","protected":false},"author":222,"featured_media":0,"parent":0,"menu_order":0,"comment_status":"closed","ping_status":"closed","template":"wppb_theme_template","meta":{"footnotes":""},"class_list":["post-19813","page","type-page","status-publish","hentry"],"rttpg_featured_image_url":null,"rttpg_author":{"display_name":"diegomsilva","author_link":"https:\/\/goias.gov.br\/inovacao\/author\/diegomsilva\/"},"rttpg_comment":0,"rttpg_category":"","rttpg_excerpt":null,"_links":{"self":[{"href":"https:\/\/goias.gov.br\/inovacao\/wp-json\/wp\/v2\/pages\/19813","targetHints":{"allow":["GET"]}}],"collection":[{"href":"https:\/\/goias.gov.br\/inovacao\/wp-json\/wp\/v2\/pages"}],"about":[{"href":"https:\/\/goias.gov.br\/inovacao\/wp-json\/wp\/v2\/types\/page"}],"author":[{"embeddable":true,"href":"https:\/\/goias.gov.br\/inovacao\/wp-json\/wp\/v2\/users\/222"}],"replies":[{"embeddable":true,"href":"https:\/\/goias.gov.br\/inovacao\/wp-json\/wp\/v2\/comments?post=19813"}],"version-history":[{"count":3,"href":"https:\/\/goias.gov.br\/inovacao\/wp-json\/wp\/v2\/pages\/19813\/revisions"}],"predecessor-version":[{"id":103323,"href":"https:\/\/goias.gov.br\/inovacao\/wp-json\/wp\/v2\/pages\/19813\/revisions\/103323"}],"wp:attachment":[{"href":"https:\/\/goias.gov.br\/inovacao\/wp-json\/wp\/v2\/media?parent=19813"}],"curies":[{"name":"wp","href":"https:\/\/api.w.org\/{rel}","templated":true}]}}