

{"id":105351,"date":"2026-01-20T12:04:25","date_gmt":"2026-01-20T15:04:25","guid":{"rendered":"https:\/\/goias.gov.br\/inovacao\/?page_id=105351"},"modified":"2026-02-02T11:19:05","modified_gmt":"2026-02-02T14:19:05","slug":"e-goias-empresa","status":"publish","type":"page","link":"https:\/\/goias.gov.br\/inovacao\/e-goias-empresa\/","title":{"rendered":"e-Goi\u00e1s Empresas"},"content":{"rendered":"\t\t<div data-elementor-type=\"wp-page\" data-elementor-id=\"105351\" class=\"elementor elementor-105351\">\n\t\t\t\t<div class=\"elementor-element elementor-element-16b82e3 e-flex e-con-boxed e-con e-parent\" data-id=\"16b82e3\" data-element_type=\"container\" data-e-type=\"container\">\n\t\t\t\t\t<div class=\"e-con-inner\">\n\t\t\t\t<div class=\"elementor-element elementor-element-fc167e5 elementor-widget elementor-widget-image\" data-id=\"fc167e5\" data-element_type=\"widget\" data-e-type=\"widget\" data-widget_type=\"image.default\">\n\t\t\t\t\t\t\t\t\t\t\t\t\t\t\t<img fetchpriority=\"high\" decoding=\"async\" width=\"1024\" height=\"427\" src=\"https:\/\/goias.gov.br\/inovacao\/wp-content\/uploads\/sites\/26\/2025\/12\/Goias-Digital-Empresas_Prancheta-1-1024x427.png\" class=\"attachment-large size-large wp-image-105362\" alt=\"\" srcset=\"https:\/\/goias.gov.br\/inovacao\/wp-content\/uploads\/sites\/26\/2025\/12\/Goias-Digital-Empresas_Prancheta-1-1024x427.png 1024w, https:\/\/goias.gov.br\/inovacao\/wp-content\/uploads\/sites\/26\/2025\/12\/Goias-Digital-Empresas_Prancheta-1-300x125.png 300w, https:\/\/goias.gov.br\/inovacao\/wp-content\/uploads\/sites\/26\/2025\/12\/Goias-Digital-Empresas_Prancheta-1-768x320.png 768w, https:\/\/goias.gov.br\/inovacao\/wp-content\/uploads\/sites\/26\/2025\/12\/Goias-Digital-Empresas_Prancheta-1-1536x640.png 1536w, https:\/\/goias.gov.br\/inovacao\/wp-content\/uploads\/sites\/26\/2025\/12\/Goias-Digital-Empresas_Prancheta-1-2048x853.png 2048w\" sizes=\"(max-width: 1024px) 100vw, 1024px\" \/>\t\t\t\t\t\t\t\t\t\t\t\t\t\t\t<\/div>\n\t\t\t\t<div class=\"elementor-element elementor-element-8474b21 elementor-invisible elementor-widget elementor-widget-heading\" data-id=\"8474b21\" data-element_type=\"widget\" data-e-type=\"widget\" data-settings=\"{&quot;_animation&quot;:&quot;fadeInLeft&quot;}\" data-widget_type=\"heading.default\">\n\t\t\t\t\t<h2 class=\"elementor-heading-title elementor-size-default\">Impulsionando a produtividade das micro, pequenas e m\u00e9dias empresas goianas por meio da inova\u00e7\u00e3o aberta e transforma\u00e7\u00e3o digital.<\/h2>\t\t\t\t<\/div>\n\t\t\t\t\t<\/div>\n\t\t\t\t<\/div>\n\t\t<div class=\"elementor-element elementor-element-fb4e6bd e-flex e-con-boxed e-con e-parent\" data-id=\"fb4e6bd\" data-element_type=\"container\" data-e-type=\"container\">\n\t\t\t\t\t<div class=\"e-con-inner\">\n\t\t\t\t<div class=\"elementor-element elementor-element-8eb1e48 elementor-widget elementor-widget-heading\" data-id=\"8eb1e48\" data-element_type=\"widget\" data-e-type=\"widget\" data-widget_type=\"heading.default\">\n\t\t\t\t\t<h2 class=\"elementor-heading-title elementor-size-default\">\nO QUE \u00c9 O E-GOI\u00c1S TRANSFORMA\u00c7\u00c3O DIGITAL DAS EMPRESAS?\n<\/h2>\t\t\t\t<\/div>\n\t\t\t\t\t<\/div>\n\t\t\t\t<\/div>\n\t\t<div class=\"elementor-element elementor-element-cb9efe5 e-flex e-con-boxed e-con e-parent\" data-id=\"cb9efe5\" data-element_type=\"container\" data-e-type=\"container\">\n\t\t\t\t\t<div class=\"e-con-inner\">\n\t\t<div class=\"elementor-element elementor-element-740046b e-con-full e-flex e-con e-child\" data-id=\"740046b\" data-element_type=\"container\" data-e-type=\"container\">\n\t\t\t\t<div class=\"elementor-element elementor-element-ac2273f elementor-widget elementor-widget-text-editor\" data-id=\"ac2273f\" data-element_type=\"widget\" data-e-type=\"widget\" data-widget_type=\"text-editor.default\">\n\t\t\t\t\t\t\t\t\t<p><em><strong>Inova\u00e7\u00e3o aberta, produtividade e resultados reais<\/strong><\/em><\/p>\n<p>O Projeto e-Goi\u00e1s Transforma\u00e7\u00e3o Digital das Empresas apoia micro, pequenas e m\u00e9dias empresas (MPMEs) de Goi\u00e1s na ado\u00e7\u00e3o de solu\u00e7\u00f5es digitais inovadoras, aumentando a produtividade e a competitividade dos neg\u00f3cios.<\/p>\n<p>A iniciativa da Secretaria de Estado de Ci\u00eancia, Tecnologia e Inova\u00e7\u00e3o de Goi\u00e1s (Secti), realizada em parceria com o Hub Goi\u00e1s, <strong>conecta empresas a startups e solu\u00e7\u00f5es tecnol\u00f3gicas sob medida, com apoio t\u00e9cnico e financeiro.<\/strong><\/p>\n<p><strong>O que o programa oferece<\/strong><\/p>\n<ul>\n<li><img decoding=\"async\" class=\"emoji\" role=\"img\" draggable=\"false\" src=\"https:\/\/s.w.org\/images\/core\/emoji\/17.0.2\/svg\/1f4a1.svg\" alt=\"\ud83d\udca1\" \/> Solu\u00e7\u00f5es tecnol\u00f3gicas para desafios reais de neg\u00f3cio<\/li>\n<li><img decoding=\"async\" class=\"emoji\" role=\"img\" draggable=\"false\" src=\"https:\/\/s.w.org\/images\/core\/emoji\/17.0.2\/svg\/1f91d.svg\" alt=\"\ud83e\udd1d\" \/> Conex\u00e3o com startups e empresas inovadoras<\/li>\n<li><img decoding=\"async\" class=\"emoji\" role=\"img\" draggable=\"false\" src=\"https:\/\/s.w.org\/images\/core\/emoji\/17.0.2\/svg\/1f4b0.svg\" alt=\"\ud83d\udcb0\" \/> Apoio financeiro de at\u00e9 R$ 20 mil por contrato<\/li>\n<li><img decoding=\"async\" class=\"emoji\" role=\"img\" draggable=\"false\" src=\"https:\/\/s.w.org\/images\/core\/emoji\/17.0.2\/svg\/1f4c8.svg\" alt=\"\ud83d\udcc8\" \/> Aumento de produtividade e presen\u00e7a digital<\/li>\n<li><img decoding=\"async\" class=\"emoji\" role=\"img\" draggable=\"false\" src=\"https:\/\/s.w.org\/images\/core\/emoji\/17.0.2\/svg\/1f30d.svg\" alt=\"\ud83c\udf0d\" \/> Interioriza\u00e7\u00e3o da inova\u00e7\u00e3o e inclus\u00e3o digital<\/li>\n<\/ul>\t\t\t\t\t\t\t\t<\/div>\n\t\t\t\t<\/div>\n\t\t<div class=\"elementor-element elementor-element-6260d36 e-con-full e-flex e-con e-child\" data-id=\"6260d36\" data-element_type=\"container\" data-e-type=\"container\">\n\t\t\t\t<div class=\"elementor-element elementor-element-32c91a1 elementor-widget elementor-widget-text-editor\" data-id=\"32c91a1\" data-element_type=\"widget\" data-e-type=\"widget\" data-widget_type=\"text-editor.default\">\n\t\t\t\t\t\t\t\t\t<p><strong>Quem pode participar<\/strong><\/p>\n<ul>\n<li>MPMEs dos munic\u00edpios integrantes da Rede Estadual de Transforma\u00e7\u00e3o Digital de Goi\u00e1s<br \/><br \/><\/li>\n<li>Startups e empresas inovadoras de todo o Brasil\n<p>\u00a0<\/p>\n<\/li>\n<\/ul>\n<p><strong>Resultados comprovados<\/strong><\/p>\n<p><strong>Desde 2024, o projeto fortalece o ecossistema de inova\u00e7\u00e3o, promove a interioriza\u00e7\u00e3o da tecnologia, amplia a inclus\u00e3o digital e contribui para o desenvolvimento econ\u00f4mico regional em Goi\u00e1s.<br \/><\/strong><\/p>\n<ul>\n<li><img decoding=\"async\" class=\"emoji\" role=\"img\" draggable=\"false\" src=\"https:\/\/s.w.org\/images\/core\/emoji\/17.0.2\/svg\/1f4ca.svg\" alt=\"\ud83d\udcca\" \/>\u00a0256% de crescimento no n\u00famero de inscri\u00e7\u00f5es<\/li>\n<li><img decoding=\"async\" class=\"emoji\" role=\"img\" draggable=\"false\" src=\"https:\/\/s.w.org\/images\/core\/emoji\/17.0.2\/svg\/1f3d9.svg\" alt=\"\ud83c\udfd9\ufe0f\" \/>\u00a0Expans\u00e3o para 30 munic\u00edpios goianos<\/li>\n<li><img decoding=\"async\" class=\"emoji\" role=\"img\" draggable=\"false\" src=\"https:\/\/s.w.org\/images\/core\/emoji\/17.0.2\/svg\/1f680.svg\" alt=\"\ud83d\ude80\" \/>\u00a0Solu\u00e7\u00f5es implementadas com impacto direto nos neg\u00f3cios<\/li>\n<\/ul>\t\t\t\t\t\t\t\t<\/div>\n\t\t\t\t<\/div>\n\t\t\t\t\t<\/div>\n\t\t\t\t<\/div>\n\t\t<div class=\"elementor-element elementor-element-24174df e-con-full e-flex e-con e-parent\" data-id=\"24174df\" data-element_type=\"container\" data-e-type=\"container\" data-settings=\"{&quot;background_background&quot;:&quot;classic&quot;}\">\n\t\t\t\t<div class=\"elementor-element elementor-element-553bcd7 elementor-widget__width-initial elementor-widget elementor-widget-text-editor\" data-id=\"553bcd7\" data-element_type=\"widget\" data-e-type=\"widget\" data-widget_type=\"text-editor.default\">\n\t\t\t\t\t\t\t\t\t<h3 style=\"text-align: center;\"><strong>Acompanhe o 2\u00ba Ciclo do e-Goi\u00e1s Transforma\u00e7\u00e3o Digital das Empresas<\/strong><\/h3><p style=\"text-align: center;\"><strong>Acesse aqui a p\u00e1gina do Programa no Hub Goi\u00e1s<\/strong><\/p><h2 style=\"text-align: center;\"><strong><a href=\"https:\/\/hubgoias.org\/e-goias\/\">https:\/\/hubgoias.org\/e-goias\/<\/a><\/strong><\/h2>\t\t\t\t\t\t\t\t<\/div>\n\t\t\t\t<\/div>\n\t\t\t\t<\/div>\n\t\t","protected":false},"excerpt":{"rendered":"<p>Impulsionando a produtividade das micro, pequenas e m\u00e9dias empresas goianas por meio da inova\u00e7\u00e3o aberta e transforma\u00e7\u00e3o digital. O QUE \u00c9 O E-GOI\u00c1S TRANSFORMA\u00c7\u00c3O DIGITAL DAS EMPRESAS? Inova\u00e7\u00e3o aberta, produtividade e resultados reais O Projeto e-Goi\u00e1s Transforma\u00e7\u00e3o Digital das Empresas apoia micro, pequenas e m\u00e9dias empresas (MPMEs) de Goi\u00e1s na ado\u00e7\u00e3o de solu\u00e7\u00f5es digitais inovadoras, [&hellip;]<\/p>\n","protected":false},"author":331,"featured_media":0,"parent":0,"menu_order":0,"comment_status":"closed","ping_status":"closed","template":"","meta":{"footnotes":""},"class_list":["post-105351","page","type-page","status-publish","hentry"],"rttpg_featured_image_url":null,"rttpg_author":{"display_name":"divinarosa","author_link":"https:\/\/goias.gov.br\/inovacao\/author\/divinarosa\/"},"rttpg_comment":0,"rttpg_category":null,"rttpg_excerpt":"Impulsionando a produtividade das micro, pequenas e m\u00e9dias empresas goianas por meio da inova\u00e7\u00e3o aberta e transforma\u00e7\u00e3o digital. O QUE \u00c9 O E-GOI\u00c1S TRANSFORMA\u00c7\u00c3O DIGITAL DAS EMPRESAS? Inova\u00e7\u00e3o aberta, produtividade e resultados reais O Projeto e-Goi\u00e1s Transforma\u00e7\u00e3o Digital das Empresas apoia micro, pequenas e m\u00e9dias empresas (MPMEs) de Goi\u00e1s na ado\u00e7\u00e3o de solu\u00e7\u00f5es digitais inovadoras,&hellip;","_links":{"self":[{"href":"https:\/\/goias.gov.br\/inovacao\/wp-json\/wp\/v2\/pages\/105351","targetHints":{"allow":["GET"]}}],"collection":[{"href":"https:\/\/goias.gov.br\/inovacao\/wp-json\/wp\/v2\/pages"}],"about":[{"href":"https:\/\/goias.gov.br\/inovacao\/wp-json\/wp\/v2\/types\/page"}],"author":[{"embeddable":true,"href":"https:\/\/goias.gov.br\/inovacao\/wp-json\/wp\/v2\/users\/331"}],"replies":[{"embeddable":true,"href":"https:\/\/goias.gov.br\/inovacao\/wp-json\/wp\/v2\/comments?post=105351"}],"version-history":[{"count":2,"href":"https:\/\/goias.gov.br\/inovacao\/wp-json\/wp\/v2\/pages\/105351\/revisions"}],"predecessor-version":[{"id":108175,"href":"https:\/\/goias.gov.br\/inovacao\/wp-json\/wp\/v2\/pages\/105351\/revisions\/108175"}],"wp:attachment":[{"href":"https:\/\/goias.gov.br\/inovacao\/wp-json\/wp\/v2\/media?parent=105351"}],"curies":[{"name":"wp","href":"https:\/\/api.w.org\/{rel}","templated":true}]}}