

{"id":100441,"date":"2025-10-23T13:31:02","date_gmt":"2025-10-23T16:31:02","guid":{"rendered":"https:\/\/goias.gov.br\/inovacao\/?page_id=100441"},"modified":"2026-03-04T09:46:11","modified_gmt":"2026-03-04T12:46:11","slug":"start","status":"publish","type":"page","link":"https:\/\/goias.gov.br\/inovacao\/start\/","title":{"rendered":"Start \u2013 Seguir Transformando Atrav\u00e9s da Rob\u00f3tica e outras Tecnologias\u00a0Start"},"content":{"rendered":"\t\t<div data-elementor-type=\"wp-page\" data-elementor-id=\"100441\" class=\"elementor elementor-100441\">\n\t\t\t\t<div class=\"elementor-element elementor-element-df60bdc e-flex e-con-boxed e-con e-parent\" data-id=\"df60bdc\" data-element_type=\"container\" data-e-type=\"container\">\n\t\t\t\t\t<div class=\"e-con-inner\">\n\t\t\t\t<div class=\"elementor-element elementor-element-ac5509c elementor-widget__width-initial elementor-widget elementor-widget-text-editor\" data-id=\"ac5509c\" data-element_type=\"widget\" data-e-type=\"widget\" data-widget_type=\"text-editor.default\">\n\t\t\t\t\t\t\t\t\t\n<figure class=\"wp-block-image size-large\"><img fetchpriority=\"high\" decoding=\"async\" width=\"1024\" height=\"576\" class=\"wp-image-48748\" src=\"https:\/\/goias.gov.br\/inovacao\/wp-content\/uploads\/sites\/26\/2024\/09\/LOGO-PADRAO-COLORIDO-START-1024x576.png\" alt=\"\" srcset=\"https:\/\/goias.gov.br\/inovacao\/wp-content\/uploads\/sites\/26\/2024\/09\/LOGO-PADRAO-COLORIDO-START-1024x576.png 1024w, https:\/\/goias.gov.br\/inovacao\/wp-content\/uploads\/sites\/26\/2024\/09\/LOGO-PADRAO-COLORIDO-START-300x169.png 300w, https:\/\/goias.gov.br\/inovacao\/wp-content\/uploads\/sites\/26\/2024\/09\/LOGO-PADRAO-COLORIDO-START-768x432.png 768w, https:\/\/goias.gov.br\/inovacao\/wp-content\/uploads\/sites\/26\/2024\/09\/LOGO-PADRAO-COLORIDO-START-1536x864.png 1536w, https:\/\/goias.gov.br\/inovacao\/wp-content\/uploads\/sites\/26\/2024\/09\/LOGO-PADRAO-COLORIDO-START-2048x1152.png 2048w\" sizes=\"(max-width: 1024px) 100vw, 1024px\" \/><\/figure>\n\t\t\t\t\t\t\t\t<\/div>\n\t\t\t\t\t<\/div>\n\t\t\t\t<\/div>\n\t\t<div class=\"elementor-element elementor-element-004518e e-flex e-con-boxed e-con e-parent\" data-id=\"004518e\" data-element_type=\"container\" data-e-type=\"container\">\n\t\t\t\t\t<div class=\"e-con-inner\">\n\t\t\t\t<div class=\"elementor-element elementor-element-20a839f e-n-tabs-mobile elementor-widget elementor-widget-n-tabs\" data-id=\"20a839f\" data-element_type=\"widget\" data-e-type=\"widget\" data-settings=\"{&quot;horizontal_scroll&quot;:&quot;disable&quot;}\" data-widget_type=\"nested-tabs.default\">\n\t\t\t\t\t\t\t<div class=\"e-n-tabs\" data-widget-number=\"34243487\" aria-label=\"Abas. Abra itens com &quot;Enter&quot; ou &quot;Espa\u00e7o&quot;, feche com &quot;Escape&quot; e navegue usando as teclas de &quot;Seta&quot;.\">\n\t\t\t<div class=\"e-n-tabs-heading\" role=\"tablist\">\n\t\t\t\t\t<button id=\"e-n-tab-title-342434871\" data-tab-title-id=\"e-n-tab-title-342434871\" class=\"e-n-tab-title\" aria-selected=\"true\" data-tab-index=\"1\" role=\"tab\" tabindex=\"0\" aria-controls=\"e-n-tab-content-342434871\" style=\"--n-tabs-title-order: 1;\">\n\t\t\t\t\t\t<span class=\"e-n-tab-title-text\">\n\t\t\t\tO que \u00e9 o Programa?\t\t\t<\/span>\n\t\t<\/button>\n\t\t\t\t<button id=\"e-n-tab-title-342434872\" data-tab-title-id=\"e-n-tab-title-342434872\" class=\"e-n-tab-title\" aria-selected=\"false\" data-tab-index=\"2\" role=\"tab\" tabindex=\"-1\" aria-controls=\"e-n-tab-content-342434872\" style=\"--n-tabs-title-order: 2;\">\n\t\t\t\t\t\t<span class=\"e-n-tab-title-text\">\n\t\t\t\tUnidades\t\t\t<\/span>\n\t\t<\/button>\n\t\t\t\t<button id=\"e-n-tab-title-342434873\" data-tab-title-id=\"e-n-tab-title-342434873\" class=\"e-n-tab-title\" aria-selected=\"false\" data-tab-index=\"3\" role=\"tab\" tabindex=\"-1\" aria-controls=\"e-n-tab-content-342434873\" style=\"--n-tabs-title-order: 3;\">\n\t\t\t\t\t\t<span class=\"e-n-tab-title-text\">\n\t\t\t\tInscri\u00e7\u00f5es\t\t\t<\/span>\n\t\t<\/button>\n\t\t\t\t<button id=\"e-n-tab-title-342434874\" data-tab-title-id=\"e-n-tab-title-342434874\" class=\"e-n-tab-title\" aria-selected=\"false\" data-tab-index=\"4\" role=\"tab\" tabindex=\"-1\" aria-controls=\"e-n-tab-content-342434874\" style=\"--n-tabs-title-order: 4;\">\n\t\t\t\t\t\t<span class=\"e-n-tab-title-text\">\n\t\t\t\tEditais encerrados\t\t\t<\/span>\n\t\t<\/button>\n\t\t\t\t\t<\/div>\n\t\t\t<div class=\"e-n-tabs-content\">\n\t\t\t\t<div id=\"e-n-tab-content-342434871\" role=\"tabpanel\" aria-labelledby=\"e-n-tab-title-342434871\" data-tab-index=\"1\" style=\"--n-tabs-title-order: 1;\" class=\"e-active elementor-element elementor-element-e3a1898 e-grid e-con-boxed e-con e-child\" data-id=\"e3a1898\" data-element_type=\"container\" data-e-type=\"container\" data-settings=\"{&quot;background_background&quot;:&quot;classic&quot;}\">\n\t\t\t\t\t<div class=\"e-con-inner\">\n\t\t\t\t<div class=\"elementor-element elementor-element-90d9d6a elementor-widget elementor-widget-text-editor\" data-id=\"90d9d6a\" data-element_type=\"widget\" data-e-type=\"widget\" data-widget_type=\"text-editor.default\">\n\t\t\t\t\t\t\t\t\t<p>O<b> Programa Start<\/b> \u00e9 uma iniciativa do Governo de Goi\u00e1s, promovido pela Secretaria de Ci\u00eancia, Tecnologia e Inova\u00e7\u00e3o (Secti), em parceria com o Instituto Federal de Goi\u00e1s (IFG). O Start tem como objetivo inserir crian\u00e7as e jovens de 8 a 20 anos no universo da rob\u00f3tica e das tecnologias avan\u00e7adas, criando oportunidades de aprendizado e desenvolvimento para crian\u00e7as, jovens e adultos, especialmente para aqueles em situa\u00e7\u00e3o de vulnerabilidade socioecon\u00f4mica.<\/p><p>As aulas abrangem conte\u00fados de rob\u00f3tica, linguagens de\nprograma\u00e7\u00e3o, dispositivos de realidade virtual e aumentada, impress\u00e3o 3D e\nintelig\u00eancia artificial; os participantes desenvolvem solu\u00e7\u00f5es inovadoras e\ntecnol\u00f3gicas para desafios reais de suas comunidades.<\/p>\t\t\t\t\t\t\t\t<\/div>\n\t\t\t\t<div class=\"elementor-element elementor-element-a6798da elementor-widget elementor-widget-text-editor\" data-id=\"a6798da\" data-element_type=\"widget\" data-e-type=\"widget\" data-widget_type=\"text-editor.default\">\n\t\t\t\t\t\t\t\t\t<p><b><i>Quem pode participar<\/i>:<\/b><\/p>\n<ul style=\"margin-top: 0cm;\" type=\"disc\">\n<li>Crian\u00e7as e jovens de 8 a 20 anos, em situa\u00e7\u00e3o de vulnerabilidade.<\/li>\n<li><span style=\"font-size: 11.0pt; line-height: 107%; font-family: 'Aptos',sans-serif; mso-ascii-theme-font: minor-latin; mso-fareast-font-family: Aptos; mso-fareast-theme-font: minor-latin; mso-hansi-theme-font: minor-latin; mso-bidi-font-family: 'Times New Roman'; mso-bidi-theme-font: minor-bidi; mso-ansi-language: PT-BR; mso-fareast-language: EN-US; mso-bidi-language: AR-SA;\">Estar matriculado em escola p\u00fablica ou ser bolsista integral (100%) em escola<br \/>privada.<\/span><\/li>\n<li><span style=\"font-size: 11.0pt; line-height: 107%; font-family: 'Aptos',sans-serif; mso-ascii-theme-font: minor-latin; mso-fareast-font-family: Aptos; mso-fareast-theme-font: minor-latin; mso-hansi-theme-font: minor-latin; mso-bidi-font-family: 'Times New Roman'; mso-bidi-theme-font: minor-bidi; mso-ansi-language: PT-BR; mso-fareast-language: EN-US; mso-bidi-language: AR-SA;\">50% das vagas reservadas para meninas (equidade de g\u00eanero).<br \/><\/span><\/li>\n<li>Cursos 100% gratuitos<\/li>\n<\/ul>\n<div>\n<p><strong><span style=\"font-size: 12pt;\">M\u00f3dulos de Ensino:<\/span><\/strong><b><br \/><\/b><i style=\"font-size: 1rem;\">1) Introdut\u00f3rio<\/i><span style=\"font-size: 1rem;\">: <br \/><\/span><span style=\"font-size: 1rem;\">Conceitos b\u00e1sicos de rob\u00f3tica, impressoras 3D e drones.<br \/><br \/><\/span><i>2) Intermedi\u00e1rio<\/i>:<br \/>Desenvolvimento de projetos mais avan\u00e7ados.<\/p>\n<p><i>3) Avan\u00e7ado<\/i>:<br \/>Cria\u00e7\u00e3o de solu\u00e7\u00f5es tecnol\u00f3gicas para comunidades locais.<\/p>\n<\/div>\t\t\t\t\t\t\t\t<\/div>\n\t\t\t\t\t<\/div>\n\t\t\t\t<\/div>\n\t\t<div id=\"e-n-tab-content-342434872\" role=\"tabpanel\" aria-labelledby=\"e-n-tab-title-342434872\" data-tab-index=\"2\" style=\"--n-tabs-title-order: 2;\" class=\" elementor-element elementor-element-68a6c0b e-con-full e-grid e-con e-child\" data-id=\"68a6c0b\" data-element_type=\"container\" data-e-type=\"container\" data-settings=\"{&quot;background_background&quot;:&quot;classic&quot;}\">\n\t\t\t\t<div class=\"elementor-element elementor-element-6f1b814 elementor-widget elementor-widget-text-editor\" data-id=\"6f1b814\" data-element_type=\"widget\" data-e-type=\"widget\" data-widget_type=\"text-editor.default\">\n\t\t\t\t\t\t\t\t\t<h3 style=\"border: 0px solid oklch(0.922 0 0); margin-top: 0px; margin-bottom: 16px; padding: 0px; outline-color: oklab(0.647 -0.147427 -0.0445109 \/ 0.5); font-size: 30px; font-weight: bold; line-height: 1.2; --tw-font-weight: 700; color: oklch(0.21 0.034 264.665); font-family: ui-sans-serif, system-ui, sans-serif, 'Apple Color Emoji', 'Segoe UI Emoji', 'Segoe UI Symbol', 'Noto Color Emoji'; text-align: center;\">Onde Estamos<br \/><span style=\"color: #666666; font-family: Opensans; text-align: start; font-size: 1rem;\">J\u00e1 est\u00e3o estruturados 24 laborat\u00f3rios do Programa Start em 22 munic\u00edpios do estado de Goi\u00e1s.\u00a0<\/span><\/h3>\n<h3 style=\"border: 0px solid oklch(0.922 0 0); margin-top: 0px; margin-bottom: 16px; padding: 0px; outline-color: oklab(0.647 -0.147427 -0.0445109 \/ 0.5); font-size: 30px; font-weight: bold; line-height: 1.2; --tw-font-weight: 700; color: oklch(0.21 0.034 264.665); font-family: ui-sans-serif, system-ui, sans-serif, 'Apple Color Emoji', 'Segoe UI Emoji', 'Segoe UI Symbol', 'Noto Color Emoji'; text-align: center;\"><span style=\"color: #666666; font-family: Opensans; text-align: start; font-size: 1rem;\">Veja onde encontrar os\u00a0<\/span><span style=\"font-family: Opensans; text-align: start; font-size: 1rem; box-sizing: inherit; font-weight: bold; color: #4d4d4d;\">Laborat\u00f3rios Start<\/span><span style=\"color: #666666; font-family: Opensans; text-align: start; font-size: 1rem;\">:<\/span><\/h3>\n<p style=\"border: 0px solid oklch(0.922 0 0); margin: 0px; padding: 0px; outline-color: oklab(0.647 -0.147427 -0.0445109 \/ 0.5); margin-inline: auto; max-width: 768px; font-size: 18px; line-height: 1.55556; color: oklch(0.446 0.03 256.802); font-family: ui-sans-serif, system-ui, sans-serif, 'Apple Color Emoji', 'Segoe UI Emoji', 'Segoe UI Symbol', 'Noto Color Emoji'; text-align: center;\">\u00a0<\/p>\t\t\t\t\t\t\t\t<\/div>\n\t\t\t\t<div class=\"elementor-element elementor-element-18d35e1 elementor-widget elementor-widget-text-editor\" data-id=\"18d35e1\" data-element_type=\"widget\" data-e-type=\"widget\" data-widget_type=\"text-editor.default\">\n\t\t\t\t\t\t\t\t\t<ul style=\"margin-top: 0cm;\" type=\"disc\">\n<li class=\"MsoNormal\"><strong>Alto Para\u00edso de Goi\u00e1s<\/strong><\/li>\n<li class=\"MsoNormal\"><strong>An\u00e1polis<\/strong><\/li>\n<li class=\"MsoNormal\"><strong>Aparecida de Goi\u00e2nia<\/strong><\/li>\n<li class=\"MsoNormal\"><strong>Aruan\u00e3<\/strong><\/li>\n<li class=\"MsoNormal\"><strong>Catal\u00e3o<\/strong><\/li>\n<li class=\"MsoNormal\"><strong>Caldas Novas<\/strong><\/li>\n<li class=\"MsoNormal\"><strong>Cristalina<\/strong><\/li>\n<li class=\"MsoNormal\"><strong>Goi\u00e2nia (4 laborat\u00f3rios)<\/strong><\/li>\n<li class=\"MsoNormal\"><strong>Itabera\u00ed<\/strong><\/li>\n<li class=\"MsoNormal\"><strong>Itumbiara<\/strong><\/li>\n<li class=\"MsoNormal\"><strong>Jata\u00ed<\/strong><\/li>\n<li class=\"MsoNormal\"><strong>Luzi\u00e2nia<\/strong><\/li>\n<li class=\"MsoNormal\"><strong>Mamba\u00ed<\/strong><\/li>\n<li class=\"MsoNormal\"><strong>Piren\u00f3polis<\/strong><\/li>\n<li class=\"MsoNormal\"><strong>Porangatu<\/strong><\/li>\n<li class=\"MsoNormal\"><strong>Rio Verde<\/strong><\/li>\n<li class=\"MsoNormal\"><strong>Santo Ant\u00f4nio do Descoberto<\/strong><\/li>\n<li class=\"MsoNormal\"><strong>S\u00e3o Lu\u00eds de Montes Belos<\/strong><\/li>\n<li class=\"MsoNormal\"><strong>S\u00e3o Miguel do Araguaia<\/strong><\/li>\n<li class=\"MsoNormal\"><strong>Trindade<\/strong><\/li>\n<li class=\"MsoNormal\"><strong>Uruana<\/strong><\/li>\n<li class=\"MsoNormal\"><strong>Valpara\u00edso de Goi\u00e1s<\/strong><\/li>\n<\/ul>\t\t\t\t\t\t\t\t<\/div>\n\t\t\t\t<\/div>\n\t\t<div id=\"e-n-tab-content-342434873\" role=\"tabpanel\" aria-labelledby=\"e-n-tab-title-342434873\" data-tab-index=\"3\" style=\"--n-tabs-title-order: 3;\" class=\" elementor-element elementor-element-1ed965a e-con-full e-grid e-con e-child\" data-id=\"1ed965a\" data-element_type=\"container\" data-e-type=\"container\" data-settings=\"{&quot;background_background&quot;:&quot;classic&quot;,&quot;shape_divider_top&quot;:&quot;arrow&quot;}\">\n\t\t\t\t<div class=\"elementor-shape elementor-shape-top\" aria-hidden=\"true\" data-negative=\"false\">\n\t\t\t<svg xmlns=\"http:\/\/www.w3.org\/2000\/svg\" viewBox=\"0 0 700 10\" preserveAspectRatio=\"none\">\n\t<path class=\"elementor-shape-fill\" d=\"M350,10L340,0h20L350,10z\"\/>\n<\/svg>\t\t<\/div>\n\t\t\t\t<div class=\"elementor-element elementor-element-2b52332 elementor-invisible elementor-widget elementor-widget-heading\" data-id=\"2b52332\" data-element_type=\"widget\" data-e-type=\"widget\" data-settings=\"{&quot;_animation&quot;:&quot;fadeInRight&quot;}\" data-widget_type=\"heading.default\">\n\t\t\t\t\t<h2 class=\"elementor-heading-title elementor-size-default\">Inscri\u00e7\u00f5es Prorrogadas - at\u00e9 1\u00ba de mar\u00e7o<\/h2>\t\t\t\t<\/div>\n\t\t<div class=\"elementor-element elementor-element-8d4a917 e-grid e-con-boxed e-con e-child\" data-id=\"8d4a917\" data-element_type=\"container\" data-e-type=\"container\">\n\t\t\t\t\t<div class=\"e-con-inner\">\n\t\t\t\t<div class=\"elementor-element elementor-element-d8d54ab elementor-widget elementor-widget-text-editor\" data-id=\"d8d54ab\" data-element_type=\"widget\" data-e-type=\"widget\" data-widget_type=\"text-editor.default\">\n\t\t\t\t\t\t\t\t\t<h5><strong><span dir=\"auto\" style=\"font-size: 12pt; color: #000000;\">Vagas para &#8211;\u00a0 Campos Belos de Goi\u00e1s<br \/>Edital de Chamada P\u00fablica N\u00ba 02\/2026 &#8211; M\u00f3dulo I (Iniciante)<br \/><br \/>Curso de Introdu\u00e7\u00e3o \u00e0 Rob\u00f3tica (32h) &#8211; INSCRI\u00c7\u00d5ES ABERTAS.<br \/><br \/><\/span><\/strong><\/h5>\n<div class=\"flex items-center text-gray-700\"><span style=\"color: #000000;\"><strong>Inscri\u00e7\u00e3o:<\/strong>\u00a002 a 11 de Mar\u00e7o<\/span><\/div>\n<div class=\"flex items-center text-gray-700\"><span style=\"color: #000000;\"><strong>Vagas:<\/strong>\u00a060<\/span><\/div>\n<div class=\"flex items-center text-gray-700\"><span style=\"color: #000000;\"><strong>Resultados (1\u00aa chamada):<\/strong>\u00a012 de Mar\u00e7o<\/span><\/div>\n<div class=\"flex items-center text-gray-700\"><span style=\"color: #000000;\"><strong>Matr\u00edcula:<\/strong>\u00a002 a 13 de Mar\u00e7o<\/span><\/div>\n<div class=\"flex items-center text-gray-700\"><span style=\"color: #000000;\"><strong>Resultados (2\u00aa chamada):<\/strong>\u00a023 de Mar\u00e7o<\/span><\/div>\n<div class=\"flex items-center text-gray-700\"><span style=\"color: #000000;\"><strong>Matr\u00edcula:<\/strong>\u00a023 a 27 de Mar\u00e7o<\/span><\/div>\n<div class=\"flex items-center text-gray-700\"><span style=\"color: #000000;\"><strong>In\u00edcio das aulas:<\/strong>\u00a023 de Mar\u00e7o<\/span><\/div>\n<h5><strong><span dir=\"auto\" style=\"font-size: 12pt; color: #000000;\"><br \/><br \/><br \/><br \/><br \/><\/span><\/strong><\/h5>\t\t\t\t\t\t\t\t<\/div>\n\t\t\t\t<div class=\"elementor-element elementor-element-96355e8 elementor-widget elementor-widget-text-editor\" data-id=\"96355e8\" data-element_type=\"widget\" data-e-type=\"widget\" data-widget_type=\"text-editor.default\">\n\t\t\t\t\t\t\t\t\t<h5><strong><span dir=\"auto\" style=\"font-size: 12pt; color: #000000;\">Campos Belos de Goi\u00e1s<\/span><\/strong><\/h5>\n<h5><a href=\"https:\/\/goias.gov.br\/inovacao\/wp-content\/uploads\/sites\/26\/2026\/03\/CHAMADA_PUBLICA_02_2026_PROEX_IFG_PROGRAMA-STARTCamposBelos-GO.pdf\"><span style=\"color: #000000; font-size: 12pt;\">Clique e acesse Edital<\/span><\/a><\/h5>\n<h5><span style=\"color: #000000; font-size: 12pt;\">Formul\u00e1rio de Inscri\u00e7\u00e3o: <a href=\"https:\/\/abre.go.gov.br\/startcamposbelos\">https:\/\/abre.go.gov.br\/startcamposbelos<\/a><\/span><span style=\"color: #000000; font-size: 12pt;\"><br \/>\u00a0<\/span><\/h5>\n<p><span style=\"color: #000000;\"><span style=\"font-size: 12pt;\">Resultado<\/span><span style=\"font-size: 12pt;\"> (1\u00aa chamada)<\/span><\/span><\/p>\n<p><span style=\"color: #000000;\">Resultado (2\u00aa chamada)<\/span><\/p>\t\t\t\t\t\t\t\t<\/div>\n\t\t\t\t<div class=\"elementor-element elementor-element-e15d9a3 elementor-widget elementor-widget-text-editor\" data-id=\"e15d9a3\" data-element_type=\"widget\" data-e-type=\"widget\" data-widget_type=\"text-editor.default\">\n\t\t\t\t\t\t\t\t\t<h5><strong><span dir=\"auto\" style=\"font-size: 12pt; color: #000000;\">Edital de Chamada P\u00fablica N\u00ba 01\/2026 &#8211; M\u00f3dulo I (Iniciante)<\/span><\/strong><\/h5>\n<p><span dir=\"auto\">Curso de Introdu\u00e7\u00e3o \u00e0 Rob\u00f3tica (32h) &#8211; INSCRI\u00c7\u00d5ES ABERTAS.<br \/><strong><br \/><span style=\"color: #000000;\">Inscri\u00e7\u00e3o\u00a0:<\/span><\/strong><span style=\"color: #000000;\">\u00a011 a 24 de fevereiro<\/span><br \/><\/span><span style=\"color: #000000;\"><span style=\"font-size: 12pt;\"><strong><span dir=\"auto\">Vagas\u00a0<\/span><span dir=\"auto\">:<\/span><\/strong>\u00a0<\/span><span dir=\"auto\" style=\"font-size: 1rem;\"><span style=\"font-size: 12pt;\">900<\/span><br \/><span style=\"font-family: georgia, palatino, serif; font-size: 12pt;\"><span style=\"border: 0px solid oklch(0.922 0 0); margin: 0px; padding: 0px; outline-color: oklab(0.647 -0.147427 -0.0445109 \/ 0.5); font-weight: bolder;\"><span dir=\"auto\" style=\"border: 0px solid oklch(0.922 0 0); margin: 0px; padding: 0px; outline-color: oklab(0.647 -0.147427 -0.0445109 \/ 0.5); vertical-align: inherit;\"><span dir=\"auto\" style=\"border: 0px solid oklch(0.922 0 0); margin: 0px; padding: 0px; outline-color: oklab(0.647 -0.147427 -0.0445109 \/ 0.5); vertical-align: inherit;\">Resultados (1\u00aa chamada)\u00a0<\/span><\/span><span dir=\"auto\" style=\"border: 0px solid oklch(0.922 0 0); margin: 0px; padding: 0px; outline-color: oklab(0.647 -0.147427 -0.0445109 \/ 0.5); vertical-align: inherit;\"><span dir=\"auto\" style=\"border: 0px solid oklch(0.922 0 0); margin: 0px; padding: 0px; outline-color: oklab(0.647 -0.147427 -0.0445109 \/ 0.5); vertical-align: inherit;\">:<\/span><\/span><\/span>\u00a0<span dir=\"auto\" style=\"border: 0px solid oklch(0.922 0 0); margin: 0px; padding: 0px; outline-color: oklab(0.647 -0.147427 -0.0445109 \/ 0.5); vertical-align: inherit;\"><span dir=\"auto\" style=\"border: 0px solid oklch(0.922 0 0); margin: 0px; padding: 0px; outline-color: oklab(0.647 -0.147427 -0.0445109 \/ 0.5); vertical-align: inherit;\">25 de fevereiro<br \/><span style=\"border: 0px solid oklch(0.922 0 0); margin: 0px; padding: 0px; outline-color: oklab(0.647 -0.147427 -0.0445109 \/ 0.5); font-weight: bolder;\"><span dir=\"auto\" style=\"border: 0px solid oklch(0.922 0 0); margin: 0px; padding: 0px; outline-color: oklab(0.647 -0.147427 -0.0445109 \/ 0.5); vertical-align: inherit;\"><span dir=\"auto\" style=\"border: 0px solid oklch(0.922 0 0); margin: 0px; padding: 0px; outline-color: oklab(0.647 -0.147427 -0.0445109 \/ 0.5); vertical-align: inherit;\">Matr\u00edcula\u00a0<\/span><\/span><span dir=\"auto\" style=\"border: 0px solid oklch(0.922 0 0); margin: 0px; padding: 0px; outline-color: oklab(0.647 -0.147427 -0.0445109 \/ 0.5); vertical-align: inherit;\"><span dir=\"auto\" style=\"border: 0px solid oklch(0.922 0 0); margin: 0px; padding: 0px; outline-color: oklab(0.647 -0.147427 -0.0445109 \/ 0.5); vertical-align: inherit;\">:<\/span><\/span><\/span>\u00a0<span dir=\"auto\" style=\"border: 0px solid oklch(0.922 0 0); margin: 0px; padding: 0px; outline-color: oklab(0.647 -0.147427 -0.0445109 \/ 0.5); vertical-align: inherit;\"><span dir=\"auto\" style=\"border: 0px solid oklch(0.922 0 0); margin: 0px; padding: 0px; outline-color: oklab(0.647 -0.147427 -0.0445109 \/ 0.5); vertical-align: inherit;\">25 de fevereiro a 06 de mar\u00e7o<\/span><\/span><\/span><\/span><\/span><\/span><\/span><\/p>\n<p><span style=\"color: #000000;\"><strong><span dir=\"auto\">Resultados (2\u00aa chamada)\u00a0<\/span><span dir=\"auto\">:<\/span><\/strong><span dir=\"auto\"><span style=\"color: #000000;\">09 de mar\u00e7o<\/span><br \/><span style=\"color: #000000;\"><strong>Matr\u00edcula\u00a0:<\/strong>\u00a009 a 13 de mar\u00e7o<br \/><br \/><\/span><\/span><\/span><span dir=\"auto\" style=\"color: #000000;\"><strong>IN\u00cdCIO DAS AULAS<br \/><\/strong><\/span><span style=\"color: #000000;\"><span dir=\"auto\"><span style=\"color: #000000;\">09 de mar\u00e7o<\/span><br \/><\/span><\/span><\/p>\n<p>\u00a0<\/p>\t\t\t\t\t\t\t\t<\/div>\n\t\t\t\t<div class=\"elementor-element elementor-element-793519a elementor-widget elementor-widget-text-editor\" data-id=\"793519a\" data-element_type=\"widget\" data-e-type=\"widget\" data-widget_type=\"text-editor.default\">\n\t\t\t\t\t\t\t\t\t<h5><strong><span dir=\"auto\" style=\"font-size: 12pt; color: #000000;\">Edital de Chamada P\u00fablica N\u00ba 01\/2026 &#8211; M\u00f3dulo I<\/span><\/strong><\/h5>\n<h5><a href=\"https:\/\/goias.gov.br\/inovacao\/wp-content\/uploads\/sites\/26\/2026\/02\/CHAMADA-PUBLICA-No-01_2026_PROEX_IFG-PROGRAMA-START.pdf\"><span style=\"color: #000000; font-size: 12pt;\">Clique e acesse Edital<\/span><\/a><\/h5>\n<h5><span style=\"color: #000000; font-size: 12pt;\">\u00a0<a href=\"https:\/\/goias.gov.br\/inovacao\/wp-content\/uploads\/sites\/26\/2026\/02\/CHAMADA-PUBLICA-RETIFICADA-No-01_2026_PROEX_IFG-PROGRAMA-START.pdf\">Edital Retificado &#8211; Inscri\u00e7\u00f5es prorrogadas<\/a><\/span><\/h5>\n<h5><span style=\"color: #000000; font-size: 12pt;\">\u00a0Formul\u00e1rio de Inscri\u00e7\u00e3o: <a href=\"http:\/\/abre.go.gov.br\/startgoias\">abre<\/a><\/span>.<span style=\"color: #000000; font-size: 12pt;\">go.gov.br\/<a href=\"http:\/\/abre.go.gov.br\/startgoias\">startgoias<\/a><br \/>\u00a0<\/span><\/h5>\n<h5><span style=\"color: #000000; font-size: 12pt;\">\u00a0Clique e acesse <a href=\"https:\/\/goias.gov.br\/inovacao\/wp-content\/uploads\/sites\/26\/2026\/03\/ResultadoProcessoSeletivo01-2026.pdf\">Resultado (1\u00aa chamada)<\/a><\/span><\/h5>\n<p>\u00a0<\/p>\n<p>\u00a0Resultado (2\u00aa chamada)<\/p>\t\t\t\t\t\t\t\t<\/div>\n\t\t\t\t\t<\/div>\n\t\t\t\t<\/div>\n\t\t\t\t<\/div>\n\t\t<div id=\"e-n-tab-content-342434874\" role=\"tabpanel\" aria-labelledby=\"e-n-tab-title-342434874\" data-tab-index=\"4\" style=\"--n-tabs-title-order: 4;\" class=\" elementor-element elementor-element-9f71844 e-flex e-con-boxed e-con e-child\" data-id=\"9f71844\" data-element_type=\"container\" data-e-type=\"container\">\n\t\t\t\t\t<div class=\"e-con-inner\">\n\t\t<div class=\"elementor-element elementor-element-094c6d7 e-con-full e-flex e-con e-child\" data-id=\"094c6d7\" data-element_type=\"container\" data-e-type=\"container\">\n\t\t\t\t<div class=\"elementor-element elementor-element-a75ed06 elementor-widget elementor-widget-text-editor\" data-id=\"a75ed06\" data-element_type=\"widget\" data-e-type=\"widget\" data-widget_type=\"text-editor.default\">\n\t\t\t\t\t\t\t\t\t<p><strong><a href=\"https:\/\/goias.gov.br\/inovacao\/wp-content\/uploads\/sites\/26\/2025\/09\/CHAMADA-PUBLICA-No-02_2025_PROEX_IFG-SECTI-PROGRAMA-START-1.pdf\">Edital 2\/2025<\/a><\/strong><\/p>\n<p><strong><a href=\"https:\/\/goias.gov.br\/inovacao\/wp-content\/uploads\/sites\/26\/2025\/09\/Retificacao-CHAMADA-PUBLICA-No-02_2025_PROEX_IFG-PROGRAMA-START.pdf\">Retifica\u00e7\u00e3o Edital 2\/2025<\/a><\/strong><\/p>\n<p><strong><a href=\"https:\/\/goias.gov.br\/inovacao\/wp-content\/uploads\/sites\/26\/2025\/09\/\ud83e\udd16-Resultado-da-Selecao-dos-Laboratorios-START-MODULO-1-Ciclo-4.xlsx.pdf\">Resultado Sele\u00e7\u00e3o Edital 2\/2025<\/a><\/strong><\/p>\t\t\t\t\t\t\t\t<\/div>\n\t\t\t\t<\/div>\n\t\t<div class=\"elementor-element elementor-element-8e051a4 e-con-full e-flex e-con e-child\" data-id=\"8e051a4\" data-element_type=\"container\" data-e-type=\"container\">\n\t\t\t\t<div class=\"elementor-element elementor-element-f1d8fdd elementor-widget elementor-widget-text-editor\" data-id=\"f1d8fdd\" data-element_type=\"widget\" data-e-type=\"widget\" data-widget_type=\"text-editor.default\">\n\t\t\t\t\t\t\t\t\t<p><a href=\"https:\/\/goias.gov.br\/inovacao\/wp-content\/uploads\/sites\/26\/2025\/10\/CHAMADA-PUBLICA-No-02_2025_PROEX_IFG-SECTI-PROGRAMA-START-1_assinado.pdf\"><strong>Edital 3\/2025<\/strong><\/a> &#8211; <strong>Senador Canedo<br \/><br \/><a href=\"https:\/\/goias.gov.br\/inovacao\/wp-content\/uploads\/sites\/26\/2025\/10\/selecionados_SENADOR_CANEDO_aprovados_e_cad_reserva.pdf\">Resultado<\/a><br \/><\/strong><\/p>\t\t\t\t\t\t\t\t<\/div>\n\t\t\t\t<\/div>\n\t\t\t\t\t<\/div>\n\t\t\t\t<\/div>\n\t\t\t\t\t<\/div>\n\t\t<\/div>\n\t\t\t\t\t\t<\/div>\n\t\t\t\t\t<\/div>\n\t\t\t\t<\/div>\n\t\t\t\t<\/div>\n\t\t","protected":false},"excerpt":{"rendered":"<p>O que \u00e9 o Programa? Unidades Inscri\u00e7\u00f5es Editais encerrados O Programa Start \u00e9 uma iniciativa do Governo de Goi\u00e1s, promovido pela Secretaria de Ci\u00eancia, Tecnologia e Inova\u00e7\u00e3o (Secti), em parceria com o Instituto Federal de Goi\u00e1s (IFG). O Start tem como objetivo inserir crian\u00e7as e jovens de 8 a 20 anos no universo da rob\u00f3tica [&hellip;]<\/p>\n","protected":false},"author":718,"featured_media":0,"parent":0,"menu_order":0,"comment_status":"closed","ping_status":"closed","template":"","meta":{"footnotes":""},"class_list":["post-100441","page","type-page","status-publish","hentry"],"rttpg_featured_image_url":null,"rttpg_author":{"display_name":"vicentepaulo","author_link":"https:\/\/goias.gov.br\/inovacao\/author\/vicentepaulo\/"},"rttpg_comment":0,"rttpg_category":null,"rttpg_excerpt":"O que \u00e9 o Programa? Unidades Inscri\u00e7\u00f5es Editais encerrados O Programa Start \u00e9 uma iniciativa do Governo de Goi\u00e1s, promovido pela Secretaria de Ci\u00eancia, Tecnologia e Inova\u00e7\u00e3o (Secti), em parceria com o Instituto Federal de Goi\u00e1s (IFG). O Start tem como objetivo inserir crian\u00e7as e jovens de 8 a 20 anos no universo da rob\u00f3tica&hellip;","_links":{"self":[{"href":"https:\/\/goias.gov.br\/inovacao\/wp-json\/wp\/v2\/pages\/100441","targetHints":{"allow":["GET"]}}],"collection":[{"href":"https:\/\/goias.gov.br\/inovacao\/wp-json\/wp\/v2\/pages"}],"about":[{"href":"https:\/\/goias.gov.br\/inovacao\/wp-json\/wp\/v2\/types\/page"}],"author":[{"embeddable":true,"href":"https:\/\/goias.gov.br\/inovacao\/wp-json\/wp\/v2\/users\/718"}],"replies":[{"embeddable":true,"href":"https:\/\/goias.gov.br\/inovacao\/wp-json\/wp\/v2\/comments?post=100441"}],"version-history":[{"count":3,"href":"https:\/\/goias.gov.br\/inovacao\/wp-json\/wp\/v2\/pages\/100441\/revisions"}],"predecessor-version":[{"id":114976,"href":"https:\/\/goias.gov.br\/inovacao\/wp-json\/wp\/v2\/pages\/100441\/revisions\/114976"}],"wp:attachment":[{"href":"https:\/\/goias.gov.br\/inovacao\/wp-json\/wp\/v2\/media?parent=100441"}],"curies":[{"name":"wp","href":"https:\/\/api.w.org\/{rel}","templated":true}]}}