

{"id":6131,"date":"2023-11-16T11:22:28","date_gmt":"2023-11-16T14:22:28","guid":{"rendered":"https:\/\/siteshom.goias.gov.br\/industriaecomercio\/agenda-de-autoridades\/"},"modified":"2026-04-25T16:27:51","modified_gmt":"2026-04-25T19:27:51","slug":"agenda-de-autoridades","status":"publish","type":"page","link":"https:\/\/goias.gov.br\/industriaecomercio\/agenda-de-autoridades\/","title":{"rendered":"Agenda de Autoridades"},"content":{"rendered":"<p><strong style='margin-block-end: -1.8rem'><a href='https:\/\/goias.gov.br\/industriaecomercio\/secretario-de-estado\/'>Secret\u00e1rio de Estado<\/a><\/strong><br \/>JOEL DE SANT ANNA BRAGA FILHO<\/p>\n<p><strong style='margin-block-end: -1.8rem'><a href='https:\/\/goias.gov.br\/industriaecomercio\/chefe-de-gabinete\/'>Chefe de Gabinete<\/a><\/strong><br \/>Luemir Lisboa Santana<\/p>\n<p><strong style='margin-block-end: -1.8rem'><a href='https:\/\/goias.gov.br\/industriaecomercio\/chefe-da-procuradoria-setorial\/'>Chefe da Procuradoria Setorial<\/a><\/strong><br \/>GUSTAVO LELIS SOUZA SILVA<\/p>\n<p><strong style='margin-block-end: -1.8rem'><a href='https:\/\/goias.gov.br\/industriaecomercio\/superintendente-de-comercio-exterior-e-atracao-de-investimentos-internacionais\/'>Superintendente de Com\u00e9rcio Exterior e Atra\u00e7\u00e3o de Investimentos Internacionais<\/a><\/strong><br \/>PLINIO CESAR LUCAS VIANA<\/p>\n<p><strong style='margin-block-end: -1.8rem'><a href='https:\/\/goias.gov.br\/industriaecomercio\/chefe-da-comunicacao-setorial\/'>Chefe da Comunica\u00e7\u00e3o Setorial<\/a><\/strong><br \/>LEONCIO DA SILVA NETO<\/p>\n<p><strong style='margin-block-end: -1.8rem'><a href='https:\/\/goias.gov.br\/industriaecomercio\/superintendente-de-gestao-integrada\/'>Superintendente de Gest\u00e3o Integrada<\/a><\/strong><br \/>JOAO BATISTA PERES JUNIOR<\/p>\n<p><strong style='margin-block-end: -1.8rem'><a href='https:\/\/goias.gov.br\/industriaecomercio\/subsecretario-de-fomento-e-competitividade\/'>Subsecret\u00e1rio de Fomento e Competitividade<\/a><\/strong><br \/>LEANDRO RIBEIRO DA SILVA<\/p>\n<p><strong style='margin-block-end: -1.8rem'><a href='https:\/\/goias.gov.br\/industriaecomercio\/superintendente-dos-programas-de-desenvolvimento\/'>Superintendente dos Programas de Desenvolvimento<\/a><\/strong><br \/>LUCIA MARIA HOLANDA EVANGELISTA BARBOSA<\/p>\n<p><strong style='margin-block-end: -1.8rem'><a href='https:\/\/goias.gov.br\/industriaecomercio\/subsecretario-de-atracao-de-investimentos-e-negocios\/'>Subsecret\u00e1rio de Atra\u00e7\u00e3o de Investimentos e Neg\u00f3cios<\/a><\/strong><br \/>JULIANO RICARDO FUGANTI MENDES<\/p>\n<p><strong style='margin-block-end: -1.8rem'><a href='https:\/\/goias.gov.br\/industriaecomercio\/superintendente-de-prospeccao-de-investimentos\/'>Superintendente de Prospec\u00e7\u00e3o de Investimentos<\/a><\/strong><br \/>DANILO GOMES AVELINO DE ALENCAR ARRAES<\/p>\n<p><strong style='margin-block-end: -1.8rem'><a href='https:\/\/goias.gov.br\/industriaecomercio\/superintendente-de-desenvolvimento-regional\/'>Superintendente de Desenvolvimento Regional<\/a><\/strong><br \/>MARCOS SUSSUMO ANDRADE<\/p>\n<p><strong style='margin-block-end: -1.8rem'><a href='https:\/\/goias.gov.br\/industriaecomercio\/superintendente-de-gestao-estrategica-do-setor-produtivo\/'>Superintendente de Gest\u00e3o Estrat\u00e9gica do Setor Produtivo<\/a><\/strong><br \/>LIVIA MARQUES DE ALMEIDA PARREIRA<\/p>\n<p><strong style='margin-block-end: -1.8rem'><a href='https:\/\/goias.gov.br\/industriaecomercio\/escritorio-de-projetos\/'>Escrit\u00f3rio de Projetos<\/a><\/strong><br \/>FL\u00c1VIA LETICIA PEREIRA DE CARVALHO<\/p>\n","protected":false},"excerpt":{"rendered":"<p>Secret\u00e1rio de EstadoJOEL DE SANT ANNA BRAGA FILHO Chefe de GabineteLuemir Lisboa Santana Chefe da Procuradoria SetorialGUSTAVO LELIS SOUZA SILVA Superintendente de Com\u00e9rcio Exterior e Atra\u00e7\u00e3o de Investimentos InternacionaisPLINIO CESAR LUCAS VIANA Chefe da Comunica\u00e7\u00e3o SetorialLEONCIO DA SILVA NETO Superintendente de Gest\u00e3o IntegradaJOAO BATISTA PERES JUNIOR Subsecret\u00e1rio de Fomento e CompetitividadeLEANDRO RIBEIRO DA SILVA Superintendente [&hellip;]<\/p>\n","protected":false},"author":538,"featured_media":0,"parent":0,"menu_order":0,"comment_status":"closed","ping_status":"closed","template":"","meta":{"footnotes":""},"class_list":["post-6131","page","type-page","status-publish","hentry"],"rttpg_featured_image_url":null,"rttpg_author":{"display_name":"josesoliveira","author_link":"https:\/\/goias.gov.br\/industriaecomercio\/author\/josesoliveira\/"},"rttpg_comment":0,"rttpg_category":null,"rttpg_excerpt":"Secret\u00e1rio de EstadoJOEL DE SANT ANNA BRAGA FILHO Chefe de GabineteLuemir Lisboa Santana Chefe da Procuradoria SetorialGUSTAVO LELIS SOUZA SILVA Superintendente de Com\u00e9rcio Exterior e Atra\u00e7\u00e3o de Investimentos InternacionaisPLINIO CESAR LUCAS VIANA Chefe da Comunica\u00e7\u00e3o SetorialLEONCIO DA SILVA NETO Superintendente de Gest\u00e3o IntegradaJOAO BATISTA PERES JUNIOR Subsecret\u00e1rio de Fomento e CompetitividadeLEANDRO RIBEIRO DA SILVA Superintendente&hellip;","_links":{"self":[{"href":"https:\/\/goias.gov.br\/industriaecomercio\/wp-json\/wp\/v2\/pages\/6131","targetHints":{"allow":["GET"]}}],"collection":[{"href":"https:\/\/goias.gov.br\/industriaecomercio\/wp-json\/wp\/v2\/pages"}],"about":[{"href":"https:\/\/goias.gov.br\/industriaecomercio\/wp-json\/wp\/v2\/types\/page"}],"author":[{"embeddable":true,"href":"https:\/\/goias.gov.br\/industriaecomercio\/wp-json\/wp\/v2\/users\/538"}],"replies":[{"embeddable":true,"href":"https:\/\/goias.gov.br\/industriaecomercio\/wp-json\/wp\/v2\/comments?post=6131"}],"version-history":[{"count":2,"href":"https:\/\/goias.gov.br\/industriaecomercio\/wp-json\/wp\/v2\/pages\/6131\/revisions"}],"predecessor-version":[{"id":47168,"href":"https:\/\/goias.gov.br\/industriaecomercio\/wp-json\/wp\/v2\/pages\/6131\/revisions\/47168"}],"wp:attachment":[{"href":"https:\/\/goias.gov.br\/industriaecomercio\/wp-json\/wp\/v2\/media?parent=6131"}],"curies":[{"name":"wp","href":"https:\/\/api.w.org\/{rel}","templated":true}]}}