

{"id":6059,"date":"2023-11-14T14:57:36","date_gmt":"2023-11-14T17:57:36","guid":{"rendered":"https:\/\/siteshom.goias.gov.br\/industriaecomercio\/?page_id=6059"},"modified":"2026-02-27T09:44:48","modified_gmt":"2026-02-27T12:44:48","slug":"institucional","status":"publish","type":"page","link":"https:\/\/goias.gov.br\/industriaecomercio\/institucional\/","title":{"rendered":"Institucional"},"content":{"rendered":"\t\t<div data-elementor-type=\"wp-page\" data-elementor-id=\"6059\" class=\"elementor elementor-6059\">\n\t\t\t\t<div class=\"elementor-element elementor-element-8dfe539 e-flex e-con-boxed e-con e-parent\" data-id=\"8dfe539\" data-element_type=\"container\" data-e-type=\"container\">\n\t\t\t\t\t<div class=\"e-con-inner\">\n\t\t<div class=\"elementor-element elementor-element-67f934f e-con-full e-flex e-con e-child\" data-id=\"67f934f\" data-element_type=\"container\" data-e-type=\"container\">\n\t\t\t\t<div class=\"elementor-element elementor-element-0422264 elementor-widget elementor-widget-shortcode\" data-id=\"0422264\" data-element_type=\"widget\" data-e-type=\"widget\" data-widget_type=\"shortcode.default\">\n\t\t\t\t\t\t\t<div class=\"elementor-shortcode\"><div data-post-id=\"2688\" class=\"insert-page insert-page-2688 \"><h1 class='insert-page-title'>A Secretaria<\/h1><p>A Secretaria de Ind\u00fastria, Com\u00e9rcio e Servi\u00e7os foi recriada pela Lei n\u00ba 20.417\/2019.<\/p>\n<p><a href=\"https:\/\/goias.gov.br\/industriaecomercio\/historia-da-secretaria-de-industria-comercio-e-servicos-sic\/\">Conhe\u00e7a nossa hist\u00f3ria.<\/a><\/p>\n<p><a href=\"https:\/\/goias.gov.br\/industriaecomercio\/wp-content\/uploads\/sites\/32\/2024\/04\/REGULAMENTO-SIC.pdf\" target=\"_blank\" rel=\"noopener\">Regimento interno: Decreto N\u00ba 10.429, de 25 de Mar\u00e7o de 2024.<\/a><\/p>\n<p>Confira aqui o\u00a0<a href=\"https:\/\/goias.gov.br\/industriaecomercio\/gestao-estrategica\/\">Planejamento Estrat\u00e9gico 2023-2027, a Miss\u00e3o, Vis\u00e3o e Valores da SIC.<\/a><\/p>\n<ul class='post-meta'>\n<li><span class='post-meta-key'>tpg-post-view-count:<\/span> 366<\/li>\n<li><span class='post-meta-key'>rank_math_internal_links_processed:<\/span> 1<\/li>\n<li><span class='post-meta-key'>footnotes:<\/span> <\/li>\n<\/ul>\n<\/div><\/div>\n\t\t\t\t\t\t<\/div>\n\t\t\t\t<\/div>\n\t\t\t\t\t<\/div>\n\t\t\t\t<\/div>\n\t\t<div class=\"elementor-element elementor-element-d48ba50 e-flex e-con-boxed e-con e-parent\" data-id=\"d48ba50\" data-element_type=\"container\" data-e-type=\"container\">\n\t\t\t\t\t<div class=\"e-con-inner\">\n\t\t<div class=\"elementor-element elementor-element-45c0a78 e-con-full e-flex e-con e-child\" data-id=\"45c0a78\" data-element_type=\"container\" data-e-type=\"container\">\n\t\t\t\t<div class=\"elementor-element elementor-element-2c983d7 elementor-widget elementor-widget-shortcode\" data-id=\"2c983d7\" data-element_type=\"widget\" data-e-type=\"widget\" data-widget_type=\"shortcode.default\">\n\t\t\t\t\t\t\t<div class=\"elementor-shortcode\"><div data-post-id=\"2552\" class=\"insert-page insert-page-2552 \"><h1 class='insert-page-title'>Compet\u00eancias<\/h1><p><span style=\"color: #000000\">Segundo o estabelecido na<\/span> <a id=\"\" title=\"\" href=\"https:\/\/goias.gov.br\/industriaecomercio\/wp-content\/uploads\/sites\/32\/2015\/02\/leiordinaria-c4a.pdf\" target=\"\" rel=\"noopener\">Lei n\u00ba 21.792, de 16 de fevereiro de 2023,<\/a> <span style=\"color: #000000\">e seus incisos:<\/span><\/p>\n<h4><span style=\"color: #008000\">Art. 46. \u00c0 SIC competem:<\/span><\/h4>\n<p><span style=\"color: #000000\">I \u2013 o planejamento, a formula\u00e7\u00e3o, a coordena\u00e7\u00e3o e a execu\u00e7\u00e3o das pol\u00edticas estaduais para o desenvolvimento da ind\u00fastria, do com\u00e9rcio e dos servi\u00e7os;<\/span><\/p>\n<p><span style=\"color: #000000\">II \u2013- Revogado pela Lei n\u00ba 21.882, de 24-04-2023, art. 42.<\/span><\/p>\n<p><span style=\"color: #000000\">III \u2013 a formula\u00e7\u00e3o e a execu\u00e7\u00e3o da pol\u00edtica estadual de atra\u00e7\u00e3o de investimentos nacionais e internacionais, prospec\u00e7\u00e3o e apoio ao investidor;<\/span><\/p>\n<p><span style=\"color: #000000\">IV \u2013 a formula\u00e7\u00e3o e a execu\u00e7\u00e3o de pol\u00edticas p\u00fablicas relacionadas ao com\u00e9rcio exterior, as negocia\u00e7\u00f5es internacionais e \u00e0 articula\u00e7\u00e3o com ag\u00eancias governamentais estrangeiras, tamb\u00e9m a coordena\u00e7\u00e3o das a\u00e7\u00f5es no n\u00edvel internacional destinadas aos programas e aos projetos do setor p\u00fablico estadual;<\/span><\/p>\n<p><span style=\"color: #000000\">V \u2013 a formula\u00e7\u00e3o e a execu\u00e7\u00e3o da pol\u00edtica estadual de desenvolvimento regional, com servi\u00e7os, atividades e obras, para o desenvolvimento de todas as regi\u00f5es do Estado;<\/span><\/p>\n<p><span style=\"color: #000000\">VI \u2013 a formula\u00e7\u00e3o da pol\u00edtica p\u00fablica do setor de minas;<\/span><\/p>\n<p><span style=\"color: #000000\">VII \u2013 a orienta\u00e7\u00e3o e o assessoramento t\u00e9cnico dos projetos que tratem de parceria p\u00fablico\u2013 privada (PPP), concess\u00e3o, permiss\u00e3o de uso ou explora\u00e7\u00e3o de bens e servi\u00e7os p\u00fablicos estaduais, excetuados os bens im\u00f3veis estaduais, sob compet\u00eancia da SEAD, bem como aqueles sob a compet\u00eancia da SEINFRA;<\/span><\/p>\n<p><span style=\"color: #000000\">VIII \u2013 a promo\u00e7\u00e3o e a divulga\u00e7\u00e3o das oportunidades de neg\u00f3cios e investimentos produtivos em Goi\u00e1s; e<\/span><\/p>\n<p><span style=\"color: #000000\">IX \u2013 a celebra\u00e7\u00e3o de protocolos de inten\u00e7\u00f5es dentro de suas compet\u00eancias.<\/span><\/p>\n<div><\/div>\n<ul class='post-meta'>\n<li><span class='post-meta-key'>tpg-post-view-count:<\/span> 452<\/li>\n<li><span class='post-meta-key'>rank_math_internal_links_processed:<\/span> 1<\/li>\n<li><span class='post-meta-key'>rank_math_seo_score:<\/span> 9<\/li>\n<\/ul>\n<\/div>\n\n<div data-post-id=\"12\" class=\"insert-page insert-page-12 \"><h1 class='insert-page-title'>Canais de Atendimento<\/h1><p>O atendimento presencial acontece das <strong>08h \u00e0s 12h e 14h \u00e0s 18h<\/strong>.<\/p>\n<p>Rua 82, n\u00ba 400 Ed. Pal\u00e1cio Pedro Ludovico Teixeira, 5\u00ba andar, Setor Central &#8211; CEP: 74.015-908 \u2013 Goi\u00e2nia-GO. Telefone: (62) 3201-5512.<\/p>\n<p><span id=\"more-12\"><\/span><\/p>\n<hr \/>\n<p><a href=\"https:\/\/goias.gov.br\/industriaecomercio\/telefones-enderecos-e-horarios-de-atendimento\/\">Saiba mais informa\u00e7\u00f5es sobre telefones, endere\u00e7os e hor\u00e1rios de atendimentos das\u00a0unidades<\/a>.<\/p>\n<ul class='post-meta'>\n<li><span class='post-meta-key'>tpg-post-view-count:<\/span> 300<\/li>\n<li><span class='post-meta-key'>rank_math_internal_links_processed:<\/span> 1<\/li>\n<\/ul>\n<\/div><\/div>\n\t\t\t\t\t\t<\/div>\n\t\t\t\t<\/div>\n\t\t<div class=\"elementor-element elementor-element-d46007d e-con-full e-flex e-con e-child\" data-id=\"d46007d\" data-element_type=\"container\" data-e-type=\"container\">\n\t\t\t\t<div class=\"elementor-element elementor-element-749a305 elementor-widget elementor-widget-shortcode\" data-id=\"749a305\" data-element_type=\"widget\" data-e-type=\"widget\" data-widget_type=\"shortcode.default\">\n\t\t\t\t\t\t\t<div class=\"elementor-shortcode\"><div data-post-id=\"2507\" class=\"insert-page insert-page-2507 \"><h1 class='insert-page-title'>Secret\u00e1rio<\/h1><hr \/>\n<p><img fetchpriority=\"high\" fetchpriority=\"high\" decoding=\"async\" id=\"\" class=\"size-full wp-image-2505 aligncenter\" title=\"\" src=\"https:\/\/goias.gov.br\/industriaecomercio\/wp-content\/uploads\/sites\/32\/2015\/02\/JoelSantannaBragaFilho-611-scaled.jpg\" alt=\"\" width=\"448\" height=\"513\" srcset=\"https:\/\/goias.gov.br\/industriaecomercio\/wp-content\/uploads\/sites\/32\/2015\/02\/JoelSantannaBragaFilho-611-scaled.jpg 2232w, https:\/\/goias.gov.br\/industriaecomercio\/wp-content\/uploads\/sites\/32\/2015\/02\/JoelSantannaBragaFilho-611-262x300.jpg 262w, https:\/\/goias.gov.br\/industriaecomercio\/wp-content\/uploads\/sites\/32\/2015\/02\/JoelSantannaBragaFilho-611-893x1024.jpg 893w, https:\/\/goias.gov.br\/industriaecomercio\/wp-content\/uploads\/sites\/32\/2015\/02\/JoelSantannaBragaFilho-611-768x881.jpg 768w, https:\/\/goias.gov.br\/industriaecomercio\/wp-content\/uploads\/sites\/32\/2015\/02\/JoelSantannaBragaFilho-611-1339x1536.jpg 1339w, https:\/\/goias.gov.br\/industriaecomercio\/wp-content\/uploads\/sites\/32\/2015\/02\/JoelSantannaBragaFilho-611-1786x2048.jpg 1786w\" sizes=\"(max-width: 448px) 100vw, 448px\" \/><\/p>\n<h4><strong><span style=\"color: #008000;\">Joel de Sant&#8217;Anna Braga Filho<br \/>\n<\/span><\/strong><span style=\"font-weight: 400; color: #808080;\">Secret\u00e1rio de Estado de Ind\u00fastria, Com\u00e9rcio e Servi\u00e7os de Goi\u00e1s<\/span><\/h4>\n<p style=\"text-align: justify;\">Possui gradua\u00e7\u00e3o em Odontologia e tem especializa\u00e7\u00e3o em Pol\u00edticas P\u00fablicas. Empres\u00e1rio, professor e gestor p\u00fablico, Joel de Sant\u2019Anna Braga filho, 58 anos de idade, \u00e9 casado com Gisela Maciel Braga e pai de dois filhos, Lu\u00edza e Jo\u00e3o Pedro.<\/p>\n<p style=\"text-align: justify;\">Aos 20 anos de idade j\u00e1 trabalhava como empres\u00e1rio no ramo de confec\u00e7\u00f5es e, desde ent\u00e3o, se mant\u00e9m em atividade no ramo empresarial. Em 1986 concluiu a gradua\u00e7\u00e3o em odontologia, profiss\u00e3o que exerceu de 1987 a 2005, quando iniciou sua vida p\u00fablica, aceitando convite do ent\u00e3o prefeito de Goi\u00e2nia, Iris Rezende Machado, para ocupar a Secretaria Municipal de Desenvolvimento Econ\u00f4mico (Sedem), da Prefeitura de Goi\u00e2nia.<\/p>\n<p style=\"text-align: justify;\">Foi secret\u00e1rio de governo na gest\u00e3o do ent\u00e3o governador Alcides Rodrigues Filho quando ocupou o cargo de secret\u00e1rio de Estado da Ci\u00eancia e Tecnologia de Goi\u00e1s entre 2008 a 2010, per\u00edodo em que conseguiu implantar mais de 20 escolas t\u00e9cnicas em todo o Estado, al\u00e9m de organizar 22 concursos p\u00fablicos e inaugurar o primeiro teatro escola do Brasil, Teatro Escola Basileu Fran\u00e7a. Entre os anos de 2011 a 2021 foi diretor Administrativo e de Articula\u00e7\u00e3o Pol\u00edtica da Assembleia Legislativa de Goi\u00e1s.<\/p>\n<ul class='post-meta'>\n<li><span class='post-meta-key'>tpg-post-view-count:<\/span> 1002<\/li>\n<li><span class='post-meta-key'>rank_math_internal_links_processed:<\/span> 1<\/li>\n<li><span class='post-meta-key'>rank_math_seo_score:<\/span> 9<\/li>\n<\/ul>\n<\/div><\/div>\n\t\t\t\t\t\t<\/div>\n\t\t\t\t<\/div>\n\t\t\t\t\t<\/div>\n\t\t\t\t<\/div>\n\t\t<div class=\"elementor-element elementor-element-e7f56eb e-flex e-con-boxed e-con e-parent\" data-id=\"e7f56eb\" data-element_type=\"container\" data-e-type=\"container\">\n\t\t\t\t\t<div class=\"e-con-inner\">\n\t\t<div class=\"elementor-element elementor-element-f6f3076 e-con-full e-flex e-con e-child\" data-id=\"f6f3076\" data-element_type=\"container\" data-e-type=\"container\">\n\t\t\t\t<div class=\"elementor-element elementor-element-660644b elementor-widget elementor-widget-shortcode\" data-id=\"660644b\" data-element_type=\"widget\" data-e-type=\"widget\" data-widget_type=\"shortcode.default\">\n\t\t\t\t\t\t\t<div class=\"elementor-shortcode\"><div data-post-id=\"22\" class=\"insert-page insert-page-22 \"><h1 class='insert-page-title'>Estrutura Organizacional<\/h1>\n<figure class=\"wp-block-image size-full\"><img decoding=\"async\" width=\"1024\" height=\"724\" src=\"https:\/\/goias.gov.br\/industriaecomercio\/wp-content\/uploads\/sites\/32\/2018\/07\/organograma-industriaecomercio-2025-1024x724-1.jpg\" alt=\"\" class=\"wp-image-18978\" srcset=\"https:\/\/goias.gov.br\/industriaecomercio\/wp-content\/uploads\/sites\/32\/2018\/07\/organograma-industriaecomercio-2025-1024x724-1.jpg 1024w, https:\/\/goias.gov.br\/industriaecomercio\/wp-content\/uploads\/sites\/32\/2018\/07\/organograma-industriaecomercio-2025-1024x724-1-300x212.jpg 300w, https:\/\/goias.gov.br\/industriaecomercio\/wp-content\/uploads\/sites\/32\/2018\/07\/organograma-industriaecomercio-2025-1024x724-1-768x543.jpg 768w\" sizes=\"(max-width: 1024px) 100vw, 1024px\" \/><\/figure>\n\n\n<p><a href=\"https:\/\/goias.gov.br\/industriaecomercio\/wp-content\/uploads\/sites\/32\/2025\/05\/Organograma-SIC-2025.pdf\">Baixe aqui nosso organograma completo.<\/a><\/p>\n<p>A SIC \u00e9 dividida em duas subsecretarias, seis\u00a0 superintend\u00eancias, quatro conselhos, vinte e uma ger\u00eancias, uma chefia de gabinete, uma chefia de projetos, uma chefia de comunica\u00e7\u00e3o setorial e uma procuradoria setorial.<\/p>\n<p><strong>Fonte: <\/strong>Lei n\u00ba 21.792, de 16 de fevereiro de 2023.<\/p>\n<h4 class=\"nomarginbottom\"><span style=\"color: #008000;\">Conhe\u00e7a tamb\u00e9m outras entidades que est\u00e3o jurisdicionadas a SIC:<\/span><\/h4>\n<ul>\n<li><a href=\"https:\/\/goias.gov.br\/juceg\/\">Junta Comercial do Estado de Goi\u00e1s \u2013 Juceg<\/a><\/li>\n<li><a href=\"https:\/\/goias.gov.br\/goiasparcerias\/\">Companhia de Investimentos e Parcerias do Estado de Goi\u00e1s \u2013\u00a0Goi\u00e1s Parcerias<\/a><\/li>\n<\/ul><ul class='post-meta'>\n<li><span class='post-meta-key'>tpg-post-view-count:<\/span> 855<\/li>\n<li><span class='post-meta-key'>footnotes:<\/span> <\/li>\n<li><span class='post-meta-key'>rank_math_internal_links_processed:<\/span> 1<\/li>\n<li><span class='post-meta-key'>ao_post_optimize:<\/span> a:6:{s:16:\"ao_post_optimize\";s:2:\"on\";s:19:\"ao_post_js_optimize\";s:2:\"on\";s:20:\"ao_post_css_optimize\";s:2:\"on\";s:12:\"ao_post_ccss\";s:2:\"on\";s:16:\"ao_post_lazyload\";s:2:\"on\";s:15:\"ao_post_preload\";s:0:\"\";}<\/li>\n<li><span class='post-meta-key'>rank_math_seo_score:<\/span> 19<\/li>\n<\/ul>\n<\/div><\/div>\n\t\t\t\t\t\t<\/div>\n\t\t\t\t<\/div>\n\t\t\t\t\t<\/div>\n\t\t\t\t<\/div>\n\t\t\t\t<\/div>\n\t\t","protected":false},"excerpt":{"rendered":"","protected":false},"author":7,"featured_media":0,"parent":0,"menu_order":0,"comment_status":"closed","ping_status":"closed","template":"wppb_theme_template","meta":{"footnotes":""},"class_list":["post-6059","page","type-page","status-publish","hentry"],"rttpg_featured_image_url":null,"rttpg_author":{"display_name":"gustavogoncalves","author_link":"https:\/\/goias.gov.br\/industriaecomercio\/author\/gustavogoncalves\/"},"rttpg_comment":0,"rttpg_category":"","rttpg_excerpt":null,"_links":{"self":[{"href":"https:\/\/goias.gov.br\/industriaecomercio\/wp-json\/wp\/v2\/pages\/6059","targetHints":{"allow":["GET"]}}],"collection":[{"href":"https:\/\/goias.gov.br\/industriaecomercio\/wp-json\/wp\/v2\/pages"}],"about":[{"href":"https:\/\/goias.gov.br\/industriaecomercio\/wp-json\/wp\/v2\/types\/page"}],"author":[{"embeddable":true,"href":"https:\/\/goias.gov.br\/industriaecomercio\/wp-json\/wp\/v2\/users\/7"}],"replies":[{"embeddable":true,"href":"https:\/\/goias.gov.br\/industriaecomercio\/wp-json\/wp\/v2\/comments?post=6059"}],"version-history":[{"count":2,"href":"https:\/\/goias.gov.br\/industriaecomercio\/wp-json\/wp\/v2\/pages\/6059\/revisions"}],"predecessor-version":[{"id":43663,"href":"https:\/\/goias.gov.br\/industriaecomercio\/wp-json\/wp\/v2\/pages\/6059\/revisions\/43663"}],"wp:attachment":[{"href":"https:\/\/goias.gov.br\/industriaecomercio\/wp-json\/wp\/v2\/media?parent=6059"}],"curies":[{"name":"wp","href":"https:\/\/api.w.org\/{rel}","templated":true}]}}