

{"id":6055,"date":"2023-11-14T14:50:06","date_gmt":"2023-11-14T17:50:06","guid":{"rendered":"https:\/\/siteshom.goias.gov.br\/industriaecomercio\/?page_id=6055"},"modified":"2024-08-12T15:59:23","modified_gmt":"2024-08-12T18:59:23","slug":"mapa-do-site","status":"publish","type":"page","link":"https:\/\/goias.gov.br\/industriaecomercio\/mapa-do-site\/","title":{"rendered":"Mapa do Site"},"content":{"rendered":"<div id=\"custom-sitemap\" class=\"sitemap-container\"><div class='sitemap-group'><h3>A<\/h3><ul><li><a href='https:\/\/goias.gov.br\/industriaecomercio\/atracao-de-investimentos-internacionais\/' target='_blank'>ATRA\u00c7\u00c3O DE INVESTIMENTOS INTERNACIONAIS<\/a><\/li><li><a href='https:\/\/goias.gov.br\/industriaecomercio\/acordos-sem-repasses-financeiros\/' target='_blank'>ACORDOS SEM REPASSES FINANCEIROS<\/a><\/li><li><a href='https:\/\/goias.gov.br\/industriaecomercio\/manual-do-servidor\/' target='_blank'>ACESSE O MANUAL<\/a><\/li><li><a href='https:\/\/goias.gov.br\/industriaecomercio\/mercadao-goiano-aguas-lindas-de-goias\/' target='_blank'>\u00c1GUAS LINDAS DE GOI\u00c1S<\/a><\/li><li><a href='https:\/\/goias.gov.br\/industriaecomercio\/anuario-da-industria-comercio-e-servicos-de-goias\/' target='_blank'>ANU\u00c1RIO DA IND\u00daSTRIA, COM\u00c9RCIO E SERVI\u00c7OS DE GOI\u00c1S<\/a><\/li><li><a href='https:\/\/goias.gov.br\/industriaecomercio\/acesso-a-informacao-sic\/' target='_blank'>ACESSO \u00c0 INFORMA\u00c7\u00c3O<\/a><\/li><li><a href='https:\/\/portal.al.go.leg.br\/' target='_blank'>ASSEMBLEIA LEGISLATIVA DO ESTADO DE GOI\u00c1S<\/a><\/li><li><a href='https:\/\/goias.gov.br\/industriaecomercio\/agenda-de-autoridades\/' target='_blank'>AGENDA DE AUTORIDADES<\/a><\/li><li><a href='https:\/\/goias.gov.br\/industriaecomercio\/acordos-sem-transferencia-de-recursos\/' target='_blank'>ACORDOS SEM TRANSFER\u00caNCIA DE RECURSOS<\/a><\/li><li><a href='https:\/\/goias.gov.br\/industriaecomercio\/autoridade-de-monitoramento-de-aplicacao-da-lai\/' target='_blank'>AUTORIDADE DE MONITORAMENTO DE APLICA\u00c7\u00c3O DA LAI<\/a><\/li><li><a href='https:\/\/goias.gov.br\/industriaecomercio\/audiencias-publicas\/' target='_blank'>AUDI\u00caNCIAS P\u00daBLICAS<\/a><\/li><\/ul><\/div><div class='sitemap-group'><h3>B<\/h3><ul><li><a href='https:\/\/goias.gov.br\/industriaecomercio\/balanca-comercial\/' target='_blank'>BALAN\u00c7A COMERCIAL<\/a><\/li><li><a href='https:\/\/goias.gov.br\/industriaecomercio\/boletim-comex-go\/' target='_blank'>BOLETIM COMEX GO<\/a><\/li><li><a href='https:\/\/goias.gov.br\/industriaecomercio\/comex-go-2\/' target='_blank'>BOLETIM 2025.2<\/a><\/li><li><a href='https:\/\/goias.gov.br\/industriaecomercio\/comex-go\/' target='_blank'>BOLETIM 2025.1<\/a><\/li><li><a href='https:\/\/goias.gov.br\/economia\/balanco-geral-do-estado\/' target='_blank'>BALAN\u00c7O GERAL<\/a><\/li><li><a href='https:\/\/goias.gov.br\/industriaecomercio\/bens-moveis-2\/' target='_blank'>BENS M\u00d3VEIS<\/a><\/li><li><a href='https:\/\/goias.gov.br\/industriaecomercio\/bens-imoveis\/' target='_blank'>BENS IM\u00d3VEIS<\/a><\/li><\/ul><\/div><div class='sitemap-group'><h3>C<\/h3><ul><li><a href='https:\/\/goias.gov.br\/industriaecomercio\/contratos\/' target='_blank'>CONTRATOS<\/a><\/li><li><a href='https:\/\/goias.gov.br\/industriaecomercio\/convenios-e-transferencias-recebidas-2\/' target='_blank'>CONV\u00caNIOS E TRANSFER\u00caNCIAS RECEBIDAS<\/a><\/li><li><a href='https:\/\/goias.gov.br\/industriaecomercio\/convenios-e-transferencias-realizadas\/' target='_blank'>CONV\u00caNIOS E TRANSFER\u00caNCIAS REALIZADAS<\/a><\/li><li><a href='https:\/\/goias.gov.br\/industriaecomercio\/compliance-publico\/' target='_blank'>COMPLIANCE P\u00daBLICO<\/a><\/li><li><a href='https:\/\/www.go.gov.br\/servicos\/servicos-por-orgao\/secretaria-de-estado-de-industria-comercio-e-servicos' target='_blank'>CARTA DE SERVI\u00c7OS<\/a><\/li><li><a href='https:\/\/legisla.casacivil.go.gov.br\/pesquisa_legislacao\/103904\/decreto-9837' target='_blank'>C\u00d3DIGO DE \u00c9TICA<\/a><\/li><li><a href='https:\/\/goias.gov.br\/controladoria' target='_blank'>CONTROLADORIA-GERAL DO ESTADO DE GOI\u00c1S<\/a><\/li><li><a href='https:\/\/goias.gov.br\/governo\/cadastro-de-autoridade\/' target='_blank'>CADASTRO DE AUTORIDADES<\/a><\/li><li><a href='https:\/\/app.sefaz.go.gov.br\/arr-www\/view\/consultaDocumentos.jsf' target='_blank'>CONSULTA DARE PAGO<\/a><\/li><li><a href='https:\/\/sei.go.gov.br\/sei\/modulos\/pesquisa\/md_pesq_processo_pesquisar.php?acao_externa=protocolo_pesquisar&amp;acao_origem_externa=protocolo_pesquisar&amp;id_orgao_acesso_externo=1' target='_blank'>CONSULTAR PROCESSOS<\/a><\/li><li><a href='https:\/\/sistemas.sic.goias.gov.br\/siccif\/' target='_blank'>CONTROLE DE INCENTIVOS FINANCEIROS (SIC-CIF)<\/a><\/li><li><a href='https:\/\/goias.gov.br\/industriaecomercio\/competencias\/' target='_blank'>COMPET\u00caNCIAS<\/a><\/li><li><a href='\/industriaecomercio\/cargos-e-seus-ocupantes\/' target='_blank'>CARGOS E SEUS OCUPANTES<\/a><\/li><li><a href='https:\/\/goias.gov.br\/industriaecomercio\/conselhos\/' target='_blank'>CONSELHOS<\/a><\/li><li><a href='https:\/\/goias.gov.br\/industriaecomercio\/convenios-recebidos\/' target='_blank'>CONV\u00caNIOS RECEBIDOS<\/a><\/li><li><a href='https:\/\/goias.gov.br\/industriaecomercio\/convenios-concedidos\/' target='_blank'>CONV\u00caNIOS CONCEDIDOS<\/a><\/li><li><a href='https:\/\/www.comprasnet.go.gov.br\/' target='_blank'>COMPRASNET<\/a><\/li><li><a href='https:\/\/goias.gov.br\/industriaecomercio\/contratos-emergenciais\/' target='_blank'>CONTRATOS EMERGENCIAIS<\/a><\/li><li><a href='https:\/\/goias.gov.br\/industriaecomercio\/contratos-de-locacao-de-imoveis-2\/' target='_blank'>CONTRATOS DE LOCA\u00c7\u00c3O DE IM\u00d3VEIS<\/a><\/li><li><a href='https:\/\/goias.gov.br\/industriaecomercio\/informacoessigilosas\/' target='_blank'>CLASSIFICA\u00c7\u00c3O DAS INFORMA\u00c7\u00d5ES SIGILOSAS\u00a0<\/a><\/li><li><a href='https:\/\/goias.gov.br\/industriaecomercio\/consultas-publicas\/' target='_blank'>CONSULTAS P\u00daBLICAS<\/a><\/li><\/ul><\/div><div class='sitemap-group'><h3>D<\/h3><ul><li><a href='https:\/\/goias.gov.br\/industriaecomercio\/desenvolvimento-regional\/' target='_blank'>DESENVOLVIMENTO REGIONAL<\/a><\/li><li><a href='https:\/\/goias.gov.br\/industriaecomercio\/calendario-de-datas-comemorativas\/' target='_blank'>DATAS COMEMORATIVAS<\/a><\/li><li><a href='https:\/\/dadosabertos.go.gov.br\/' target='_blank'>DADOS ABERTOS<\/a><\/li><li><a href='https:\/\/www.go.gov.br\/servicos-digitais\/cge\/nova-ouvidoria\/nova-manifestacao\/tela-negativo?orgao=45' target='_blank'>DENUNCIAS CONTRA CORRUP\u00c7\u00c3O<\/a><\/li><li><a href='http:\/\/diariooficial.abc.go.gov.br\/' target='_blank'>DI\u00c1RIO OFICIAL<\/a><\/li><li><a href='https:\/\/dadosabertos.go.gov.br\/' target='_blank'>DADOS ABERTOS GOI\u00c1S<\/a><\/li><li><a href='https:\/\/goias.gov.br\/industriaecomercio\/doacoes\/' target='_blank'>DOA\u00c7\u00d5ES<\/a><\/li><li><a href='https:\/\/www.transparencia.go.gov.br\/wp-content\/uploads\/sites\/2\/painel\/lai.php?painel=diarias&orgao=sic' target='_blank'>DI\u00c1RIAS<\/a><\/li><li><a href='https:\/\/dadosabertos.go.gov.br\/organization\/secretaria-de-estado-de-industria-comercio-e-servicos' target='_blank'>DADOS ABERTO GOI\u00c1S<\/a><\/li><\/ul><\/div><div class='sitemap-group'><h3>E<\/h3><ul><li><a href='https:\/\/goias.gov.br\/industriaecomercio\/escritorio-de-projetos-setorial\/' target='_blank'>ESCRIT\u00d3RIO DE PROJETOS SETORIAL<\/a><\/li><li><a href='https:\/\/www.go.gov.br\/servicos-digitais\/cge\/nova-ouvidoria\/pedido-informacao-publica?orgao=45&tipo_manifestacao=7' target='_blank'>E-SIC<\/a><\/li><li><a href='https:\/\/www.go.gov.br\/servicos-digitais\/cge\/nova-ouvidoria\/pedido-informacao-publica?orgao=45&tipo_manifestacao=7' target='_blank'>E-SIC - SERVI\u00c7O ELETR\u00d4NICO DE INFORMA\u00c7\u00c3O AO CIDAD\u00c3O<\/a><\/li><li><a href='https:\/\/www.go.gov.br\/' target='_blank'>EXPRESSO GOI\u00c1S<\/a><\/li><li><a href='https:\/\/portal.go.gov.br\/' target='_blank'>EXPRESSO APLICA\u00c7\u00d5ES<\/a><\/li><li><a href='https:\/\/www.go.gov.br\/' target='_blank'>EXPRESSO SERVIDOR<\/a><\/li><li><a href='https:\/\/goias.gov.br\/escoladegoverno\/' target='_blank'>ESCOLA DE GOVERNO<\/a><\/li><li><a href='https:\/\/goias.gov.br\/industriaecomercio\/emissao-de-d-a-r-e\/' target='_blank'>EMISS\u00c3O DE DARE<\/a><\/li><li><a href='https:\/\/goias.gov.br\/administracao\/sicdados\/' target='_blank'>ESTRUTURA ORGANIZACIONAL<\/a><\/li><li><a href='https:\/\/goias.gov.br\/industriaecomercio\/telefones-enderecos-e-horarios-de-atendimento\/' target='_blank'>ENDERE\u00c7OS, TELEFONES, E-MAILS\u00a0E HOR\u00c1RIOS DE ATENDIMENTO<\/a><\/li><li><a href='http:\/\/www.transparencia.go.gov.br\/lai.php?painel=empenhos&orgao=sic' target='_blank'>EMPENHOS E PAGAMENTOS:\n SIC<\/a><\/li><li><a href='http:\/\/www.transparencia.go.gov.br\/lai.php?painel=empenhos&orgao=sic_funproduzir' target='_blank'>EMPENHOS E PAGAMENTOS:\n FUNPRODUZIR<\/a><\/li><li><a href='http:\/\/www.transparencia.go.gov.br\/lai.php?painel=empenhos&orgao=sic_fomentar' target='_blank'>EMPENHOS E PAGAMENTOS:\n FOMENTAR<\/a><\/li><li><a href='http:\/\/www.transparencia.go.gov.br\/lai.php?painel=execucao_orcamentaria_visao_geral&orgao=sic' target='_blank'>EXECU\u00c7\u00c3O OR\u00c7AMENT\u00c1RIA:\n SIC<\/a><\/li><li><a href='http:\/\/www.transparencia.go.gov.br\/lai.php?painel=execucao_orcamentaria_visao_geral&orgao=sic_funproduzir' target='_blank'>EXECU\u00c7\u00c3O OR\u00c7AMENT\u00c1RIA:\n FUNPRODUZIR<\/a><\/li><li><a href='https:\/\/transparencia.go.gov.br\/execucao-orcamentaria\/' target='_blank'>EXECU\u00c7\u00c3O OR\u00c7AMENT\u00c1RIA:\n , <\/a><\/li><li><a href='http:\/\/www.transparencia.go.gov.br\/lai.php?painel=execucao_orcamentaria_visao_geral&orgao=sic_fomentar' target='_blank'>EXECU\u00c7\u00c3O OR\u00c7AMENT\u00c1RIA:\n FOMENTAR<\/a><\/li><li><a href='https:\/\/goias.gov.br\/industriaecomercio\/emendas-parlamentares\/' target='_blank'>EMENDAS PARLAMENTARES ESTADUAIS<\/a><\/li><li><a href='https:\/\/goias.gov.br\/industriaecomercio\/emendas-parlamentares-federais\/' target='_blank'>EMENDAS PARLAMENTARES FEDERAIS<\/a><\/li><li><a href='https:\/\/www.go.gov.br\/servicos-digitais\/cge\/nova-ouvidoria\/nova-manifestacao?orgao=45' target='_blank'>E-SIC ELETR\u00d4NICO\u00a0<\/a><\/li><li><a href='https:\/\/goias.gov.br\/industriaecomercio\/lei-geral-de-protecao-de-dados\/' target='_blank'>ENCARREGADO PELO TRATAMENTO DOS\u00a0DADOS PESSOAIS\u00a0<\/a><\/li><\/ul><\/div><div class='sitemap-group'><h3>F<\/h3><ul><li><a href='https:\/\/goias.gov.br\/industriaecomercio\/fomentar\/' target='_blank'>FOMENTAR<\/a><\/li><li><a href='https:\/\/goias.gov.br\/industriaecomercio\/fale-conosco\/' target='_blank'>FALE CONOSCO<\/a><\/li><li><a href='https:\/\/www.facebook.com\/sicgoias' target='_blank'>FACEBOOK<\/a><\/li><li><a href='https:\/\/www.transparencia.go.gov.br\/wp-content\/uploads\/sites\/2\/painel\/lai.php?painel=folha_de_pagamento_salarios_de_servidores_ativos&orgao=sic' target='_blank'>FOLHA DE PAGAMENTO<\/a><\/li><\/ul><\/div><div class='sitemap-group'><h3>G<\/h3><ul><li><a href='https:\/\/www.gov.br\/' target='_blank'>GOVERNO FEDERAL<\/a><\/li><li><a href='https:\/\/transparencia.go.gov.br\/' target='_blank'>GOI\u00c1S TRANSPAR\u00caNCIA<\/a><\/li><li><a href='https:\/\/www.transparencia.go.gov.br\/wp-content\/uploads\/sites\/2\/painel\/lai.php?painel=gastos_governamentais&orgao=sic' target='_blank'>GASTOS GOVERNAMENTAIS:\n SIC<\/a><\/li><li><a href='https:\/\/www.transparencia.go.gov.br\/wp-content\/uploads\/sites\/2\/painel\/lai.php?painel=gastos_governamentais&orgao=sic_funproduzir' target='_blank'>GASTOS GOVERNAMENTAIS:\n FUNPRODUZIR<\/a><\/li><li><a href='https:\/\/transparencia.go.gov.br\/gastos-governamentais\/' target='_blank'>GASTOS GOVERNAMENTAIS:\n ,<\/a><\/li><li><a href='https:\/\/www.transparencia.go.gov.br\/wp-content\/uploads\/sites\/2\/painel\/lai.php?painel=gastos_governamentais&orgao=sic_fomentar' target='_blank'>GASTOS GOVERNAMENTAIS:\n FOMENTAR<\/a><\/li><li><a href='http:\/\/www.transparencia.go.gov.br\/lai.php?painel=publicidade_propaganda&orgao=sic' target='_blank'>GASTOS EM\u00a0PUBLICIDADE E PROPAGANDA:\n SIC<\/a><\/li><li><a href='http:\/\/www.transparencia.go.gov.br\/lai.php?painel=publicidade_propaganda&orgao=sic_funproduzir' target='_blank'>GASTOS EM\u00a0PUBLICIDADE E PROPAGANDA:\n FUNPRODUZIR<\/a><\/li><li><a href='http:\/\/www.transparencia.go.gov.br\/lai.php?painel=publicidade_propaganda&orgao=sic_fomentar' target='_blank'>GASTOS EM\u00a0PUBLICIDADE E PROPAGANDA:\n FOMENTAR<\/a><\/li><\/ul><\/div><div class='sitemap-group'><h3>I<\/h3><ul><li><a href='https:\/\/goias.gov.br\/industriaecomercio\/institucional\/' target='_blank'>INSTITUCIONAL<\/a><\/li><li><a href='https:\/\/www.instagram.com\/sicgoias' target='_blank'>INSTAGRAM<\/a><\/li><li><a href='https:\/\/www.transparencia.go.gov.br\/wp-content\/uploads\/sites\/2\/painel\/lai.php?painel=pda&orgao=sic' target='_blank'>INVENT\u00c1RIO DE DADOS<\/a><\/li><\/ul><\/div><div class='sitemap-group'><h3>J<\/h3><ul><li><a href='https:\/\/goias.gov.br\/industriaecomercio\/julgamento-das-contas-pelo-tce-go\/' target='_blank'>JULGAMENTO DAS CONTAS PELO TCE-GO<\/a><\/li><\/ul><\/div><div class='sitemap-group'><h3>L<\/h3><ul><li><a href='https:\/\/goias.gov.br\/industriaecomercio\/linhas-de-credito\/' target='_blank'>LINHAS DE CR\u00c9DITO<\/a><\/li><li><a href='https:\/\/goias.gov.br\/industriaecomercio\/licitacoes-sic\/' target='_blank'>LICITA\u00c7\u00d5ES<\/a><\/li><li><a href='https:\/\/goias.gov.br\/industriaecomercio\/lei-geral-de-protecao-de-dados\/' target='_blank'>LGPD<\/a><\/li><li><a href='https:\/\/legisla.casacivil.go.gov.br\/pesquisa_ato_infralegal?orgao_emissor=12&ano&busca_avancada=1' target='_blank'>LEGISLA\u00c7\u00c3O\u00a0APLIC\u00c1VEL<\/a><\/li><li><a href='https:\/\/www.transparencia.go.gov.br\/wp-content\/uploads\/sites\/2\/painel\/lai.php?painel=folha_de_pagamento_salarios_de_estagiarios_ativos&orgao=sic' target='_blank'>LISTA DE ESTAGI\u00c1RIOS\u00a0<\/a><\/li><li><a href='https:\/\/www.transparencia.go.gov.br\/wp-content\/uploads\/sites\/2\/painel\/lai.php?painel=licitacoes_licitacoes_concluidas&orgao=sic' target='_blank'>LICITA\u00c7\u00d5ES - COMPRASNET<\/a><\/li><li><a href='https:\/\/www.transparencia.go.gov.br\/wp-content\/uploads\/sites\/2\/painel\/lai.php?painel=licitacoes_concluidas_sislog&orgao=sic' target='_blank'>LICITA\u00c7\u00d5ES - SISLOG<\/a><\/li><li><a href='https:\/\/transparencia.go.gov.br\/fornecedores-impedidos\/' target='_blank'>LICITANTES SANCIONADOS ADMINISTRATIVAMENTE\u00a0<\/a><\/li><li><a href='https:\/\/transparencia.go.gov.br\/orcamento-e-planejamento-pecas\/' target='_blank'>LDO\/LOA<\/a><\/li><li><a href='https:\/\/legisla.casacivil.go.gov.br\/api\/v2\/pesquisa\/legislacoes\/90142\/pdf' target='_blank'>LEI DE ACESSO \u00c0 INFORMA\u00c7\u00c3O ESTADUAL<\/a><\/li><\/ul><\/div><div class='sitemap-group'><h3>M<\/h3><ul><li><a href='https:\/\/goias.gov.br\/industriaecomercio\/mineracao\/' target='_blank'>MINERA\u00c7\u00c3O<\/a><\/li><li><a href='https:\/\/goias.gov.br\/industriaecomercio\/mercadoes-goianos\/' target='_blank'>MERCAD\u00d5ES GOIANOS<\/a><\/li><li><a href='https:\/\/www.mpgo.mp.br\/portal\/' target='_blank'>MINIST\u00c9RIO P\u00daBLICO DO ESTADO DE GOI\u00c1S<\/a><\/li><li><a href='https:\/\/goias.gov.br\/industriaecomercio\/wp-content\/uploads\/sites\/32\/2025\/09\/RELATORIO-RESUMIDO-Gestao-Estrategica-Compliance-7.pdf' target='_blank'>MONITORAMENTO DE PROGRAMAS, PROJETOS, A\u00c7\u00d5ES E ATIVIDADES<\/a><\/li><\/ul><\/div><div class='sitemap-group'><h3>O<\/h3><ul><li><a href='https:\/\/goias.gov.br\/industriaecomercio\/goias-empreendedor\/' target='_blank'>O PROGRAMA<\/a><\/li><li><a href='https:\/\/goias.gov.br\/industriaecomercio\/ouvidoria\/' target='_blank'>OUVIDORIA<\/a><\/li><li><a href='https:\/\/www.go.gov.br\/servicos-digitais\/cge\/nova-ouvidoria?orgao=45' target='_blank'>OUVIDORIA SETORIAL (EXPRESSO)<\/a><\/li><li><a href='https:\/\/goias.gov.br\/industriaecomercio\/ouvidoria-setorial\/' target='_blank'>OUVIDORIA SETORIAL (PRESENCIAL)<\/a><\/li><li><a href='http:\/\/www.transparencia.go.gov.br\/lai.php?painel=ordem_cronologica_despesas&orgao=sic' target='_blank'>ORDEM CRONOL\u00d3GICA DE PAGAMENTOS:\n SIC<\/a><\/li><li><a href='http:\/\/www.transparencia.go.gov.br\/lai.php?painel=ordem_cronologica_despesas&orgao=sic_funproduzir' target='_blank'>ORDEM CRONOL\u00d3GICA DE PAGAMENTOS:\n FUNPRODUZIR<\/a><\/li><li><a href='http:\/\/www.transparencia.go.gov.br\/lai.php?painel=ordem_cronologica_despesas&orgao=sic_fomentar' target='_blank'>ORDEM CRONOL\u00d3GICA DE PAGAMENTOS:\n FOMENTAR<\/a><\/li><li><a href='https:\/\/app.powerbi.com\/view?r=eyJrIjoiZTk0ZDA2NmMtYmFmZi00NmViLTk5OTEtOWM3MDc1ZTAxMmVhIiwidCI6IjY3ZmQ0MzFjLWIyYWQtNDg2Ny04MWJjLWQ3NTYyMjBiNTZkNCJ9&pageName=ReportSectiond755217298c2706b71dc' target='_blank'>OBRAS<\/a><\/li><li><a href='https:\/\/app.powerbi.com\/view?r=eyJrIjoiZTk0ZDA2NmMtYmFmZi00NmViLTk5OTEtOWM3MDc1ZTAxMmVhIiwidCI6IjY3ZmQ0MzFjLWIyYWQtNDg2Ny04MWJjLWQ3NTYyMjBiNTZkNCJ9&pageName=ReportSection8f435ccde7de8820eb54' target='_blank'>OBRAS PARALISADAS<\/a><\/li><li><a href='https:\/\/goias.gov.br\/industriaecomercio\/obras-audiencias-consultas-publicas-2\/' target='_blank'>OBRAS - AUDI\u00caNCIAS\/CONSULTAS P\u00daBLICAS<\/a><\/li><li><a href='https:\/\/goias.gov.br\/industriaecomercio\/ouvidoriapresencial\/' target='_blank'>OUVIDORIA - ATENDIMENTO PRESENCIAL\u00a0<\/a><\/li><\/ul><\/div><div class='sitemap-group'><h3>P<\/h3><ul><li><a href='https:\/\/goias.gov.br\/industriaecomercio\/produzir-programa-de-desenvolvimento-industrial-de-goias\/' target='_blank'>PRODUZIR<\/a><\/li><li><a href='https:\/\/www.industriaecomercio.go.gov.br\/progoias' target='_blank'>PROGOI\u00c1S<\/a><\/li><li><a href='https:\/\/goias.gov.br\/industriaecomercio\/prospeccao-de-investimentos\/' target='_blank'>PROSPEC\u00c7\u00c3O DE INVESTIMENTOS<\/a><\/li><li><a href='https:\/\/goias.gov.br\/industriaecomercio\/programa-de-desenvolvimento\/' target='_blank'>PROGRAMA DE DESENVOLVIMENTO<\/a><\/li><li><a href='https:\/\/goias.gov.br\/industriaecomercio\/planejamento-estrategico\/' target='_blank'>PLANEJAMENTO ESTRAT\u00c9GICO<\/a><\/li><li><a href='https:\/\/goias.gov.br\/industriaecomercio\/programa-de-desenvolvimento\/' target='_blank'>PROGRAMA DE DESENVOLVIMENTO<\/a><\/li><li><a href='https:\/\/goias.gov.br\/industriaecomercio\/programa-de-qualificacao-para-a-exportacao-peiex\/' target='_blank'>PROGRAMA DE QUALIFICA\u00c7\u00c3O PARA A EXPORTA\u00c7\u00c3O \u2013 PEIEX<\/a><\/li><li><a href='https:\/\/perm.go.gov.br\/' target='_blank'>PERM GO<\/a><\/li><li><a href='https:\/\/goias.gov.br\/industriaecomercio\/planejamento-estrategico\/' target='_blank'>PLANEJAMENTO ESTRAT\u00c9GICO<\/a><\/li><li><a href='http:\/\/recicla.goias.gov.br' target='_blank'>PORTAL RECICLA GOI\u00c1S<\/a><\/li><li><a href='https:\/\/transparencia.go.gov.br\/' target='_blank'>PORTAL DA TRANSPAR\u00caNCIA<\/a><\/li><li><a href='https:\/\/goias.gov.br\/controladoria\/programa-de-compliance-publico-do-governo-de-goias\/' target='_blank'>PCP<\/a><\/li><li><a href='https:\/\/goias.gov.br\/procuradoria\/' target='_blank'>PROCURADORIA-GERAL DO ESTADO DE GOI\u00c1S<\/a><\/li><li><a href='https:\/\/www.industriaecomercio.go.gov.br\/progoias' target='_blank'>P\u00c1GINA INICIAL<\/a><\/li><li><a href='https:\/\/sistemas.sic.goias.gov.br\/empresarialapp\/' target='_blank'>PORTAL EMPRESARIAL<\/a><\/li><li><a href='https:\/\/goias.gov.br\/industriaecomercio\/programa-de-compliance-publico-pcp\/' target='_blank'>PROGRAMA DE COMPLIANCE P\u00daBLICO - PCP<\/a><\/li><li><a href='https:\/\/sislog.go.gov.br\/Pca' target='_blank'>PCA - PLANO DE CONTRATA\u00c7\u00d5ES\u00a0ANUAL\u00a0<\/a><\/li><li><a href='https:\/\/www.gov.br\/pncp\/pt-br\/acesso-a-informacao\/painel-pncp-em-numeros\/pncp-em-numeros-contratacoes\/pncp-em-numeros-municipio' target='_blank'>PNCP<\/a><\/li><li><a href='https:\/\/www.transparencia.go.gov.br\/wp-content\/uploads\/sites\/2\/painel\/lai.php?painel=contratos_parcerias&orgao=%20sic' target='_blank'>PARCERIAS COM OSCS<\/a><\/li><li><a href='https:\/\/goias.gov.br\/industriaecomercio\/wp-content\/uploads\/sites\/32\/2025\/09\/PLANEJAMENTO-INSTITUCIONAL-1.pdf' target='_blank'>PLANO ESTRAT\u00c9GICO INSTITUCIONAL<\/a><\/li><li><a href='https:\/\/ppa.go.gov.br\/' target='_blank'>PPA\u00a0<\/a><\/li><li><a href='https:\/\/www.planalto.gov.br\/ccivil_03\/_ato2015-2018\/2018\/lei\/l13709.htm' target='_blank'>POL\u00cdTICA DE PRIVACIDADE E PROTE\u00c7\u00c3O DE DADOS\u00a0<\/a><\/li><li><a href='https:\/\/app.powerbi.com\/view?r=eyJrIjoiNmRhN2MzZmYtMWZkMi00ODdmLWJhNGQtYTJkODcwNDJlMTU4IiwidCI6IjY3ZmQ0MzFjLWIyYWQtNDg2Ny04MWJjLWQ3NTYyMjBiNTZkNCJ9' target='_blank'>PESQUISA DE SATISFA\u00c7\u00c3O<\/a><\/li><li><a href='https:\/\/transparencia.go.gov.br\/' target='_blank'>PORTAL GOI\u00c1S TRANSPARENTE\u00a0<\/a><\/li><li><a href='https:\/\/goias.gov.br\/industriaecomercio\/projetos-de-participacao-social\/' target='_blank'>PROJETOS DE PARTICIPA\u00c7\u00c3O SOCIAL<\/a><\/li><li><a href='https:\/\/goias.gov.br\/industriaecomercio\/projetos-de-inovacao-no-servico-publico\/' target='_blank'>PROJETOS DE INOVA\u00c7\u00c3O NO SERVI\u00c7O P\u00daBLICO<\/a><\/li><\/ul><\/div><div class='sitemap-group'><h3>R<\/h3><ul><li><a href='https:\/\/goias.gov.br\/industriaecomercio\/veja-a-segunda-edicao-da-revista-go-comex-magazine-uma-publicacao-da-sic-sobre-a-balanca-comercial-goiana\/' target='_blank'>REVISTA GO COMEX<\/a><\/li><li><a href='https:\/\/radardatransparencia.atricon.org.br\/' target='_blank'>RADAR DA TRANSPAR\u00caNCIA<\/a><\/li><li><a href='https:\/\/www.transparencia.go.gov.br\/wp-content\/uploads\/sites\/2\/painel\/lai.php?painel=receitas_estaduais&orgao=sic' target='_blank'>RECEITA ESTADUAL\n SIC<\/a><\/li><li><a href='http:\/\/www.transparencia.go.gov.br\/lai.php?painel=receitas_estaduais&orgao=sic_funproduzir' target='_blank'>RECEITA ESTADUAL\n FUNPRODUZIR<\/a><\/li><li><a href='http:\/\/www.transparencia.go.gov.br\/lai.php?painel=receitas_estaduais&orgao=sic_fomentar' target='_blank'>RECEITA ESTADUAL\n FOMENTAR<\/a><\/li><li><a href='https:\/\/goias.gov.br\/industriaecomercio\/relacao-de-terceirizados-3\/' target='_blank'>RELA\u00c7\u00c3O DE TERCEIRIZADOS<\/a><\/li><li><a href='https:\/\/www.transparencia.go.gov.br\/wp-content\/uploads\/sites\/2\/painel\/lai.php?painel=contratos_fiscais_e_gestores&orgao=sic' target='_blank'>RELA\u00c7\u00c3O DOS FISCAIS DOS CONTRATOS<\/a><\/li><li><a href='https:\/\/goias.gov.br\/industriaecomercio\/relacao-de-veiculos\/' target='_blank'>RELA\u00c7\u00c3O DE VE\u00cdCULOS<\/a><\/li><li><a href='https:\/\/goias.gov.br\/industriaecomercio\/relatorio-de-gestao-ou-atividades\/' target='_blank'>RELAT\u00d3RIO DE GEST\u00c3O OU ATIVIDADES<\/a><\/li><li><a href='https:\/\/transparencia.go.gov.br\/gestao-fiscal-e-governamental-rgf\/' target='_blank'>RGF<\/a><\/li><li><a href='https:\/\/transparencia.go.gov.br\/rreo\/' target='_blank'>RREO<\/a><\/li><li><a href='https:\/\/www.ouvidoriageral.go.gov.br\/api\/relatorio_gestao.php?tipo=7&orgao=45' target='_blank'>RELAT\u00d3RIO DE PEDIDOS DE ACESSO \u00c0 INFORMA\u00c7\u00c3O\u00a0<\/a><\/li><li><a href='https:\/\/goias.gov.br\/industriaecomercio\/ouvidoria\/' target='_blank'>RELAT\u00d3RIOS DE GEST\u00c3O DA OUVIDORIA<\/a><\/li><\/ul><\/div><div class='sitemap-group'><h3>S<\/h3><ul><li><a href='https:\/\/goias.gov.br\/industriaecomercio\/processo-seletivo-simplificado\/' target='_blank'>SERVIDORES TEMPOR\u00c1RIOS<\/a><\/li><li><a href='https:\/\/goias.gov.br\/industriaecomercio\/desenvolvimento-regional\/' target='_blank'>SUPERINTEND\u00caNCIA DE DESENVOLVIMENTO REGIONAL<\/a><\/li><li><a href='https:\/\/goias.gov.br\/administracao\/siga-eng\/' target='_blank'>SIGA<\/a><\/li><li><a href='https:\/\/www.go.gov.br\/unidadesvaptvupt' target='_blank'>SIC - SERVI\u00c7O DE INFORMA\u00c7\u00c3O AO CIDAD\u00c3O<\/a><\/li><li><a href='https:\/\/sei.go.gov.br\/sei\/modulos\/goias\/login-sei\/MdGoiasLoginSEI.php?acao=md_goias_login_SEI&sigla_orgao_sistema=GOVERNADORIA&sigla_sistema=SEI&infra_url=L3NlaS8=' target='_blank'>SEI GOVERNADORIA<\/a><\/li><li><a href='http:\/\/sistemas.sic.goias.gov.br\/portalapp\/' target='_blank'>SIC DIGITAL<\/a><\/li><li><a href='https:\/\/goias.gov.br\/industriaecomercio\/sobre-desenvolvimento-regional\/' target='_blank'>SOBRE DESENVOLVIMENTO REGIONAL<\/a><\/li><li><a href='https:\/\/goias.gov.br\/industriaecomercio\/sobre-o-produzir-e-fomentar\/' target='_blank'>SOBRE O PRODUZIR E FOMENTAR\u00a0<\/a><\/li><li><a href='https:\/\/goias.gov.br\/industriaecomercio\/perguntasrespostasmineracao\/' target='_blank'>SOBRE A MINERA\u00c7\u00c3O<\/a><\/li><li><a href='https:\/\/sislog.go.gov.br\/' target='_blank'>SISLOG<\/a><\/li><li><a href='https:\/\/vaptvupt.go.gov.br\/unidades' target='_blank'>SIC F\u00cdSICO - UNIDADES DO VAPT VUPT<\/a><\/li><\/ul><\/div><div class='sitemap-group'><h3>T<\/h3><ul><li><a href='https:\/\/www.tjgo.jus.br\/' target='_blank'>TRIBUNAL DE JUSTI\u00c7A DO ESTADO DE GOI\u00c1S<\/a><\/li><li><a href='https:\/\/twitter.com\/sic_go' target='_blank'>TWITTER<\/a><\/li><\/ul><\/div><\/div>\n","protected":false},"excerpt":{"rendered":"","protected":false},"author":7,"featured_media":0,"parent":0,"menu_order":0,"comment_status":"closed","ping_status":"closed","template":"","meta":{"footnotes":""},"class_list":["post-6055","page","type-page","status-publish","hentry"],"rttpg_featured_image_url":null,"rttpg_author":{"display_name":"gustavogoncalves","author_link":"https:\/\/goias.gov.br\/industriaecomercio\/author\/gustavogoncalves\/"},"rttpg_comment":0,"rttpg_category":null,"rttpg_excerpt":null,"_links":{"self":[{"href":"https:\/\/goias.gov.br\/industriaecomercio\/wp-json\/wp\/v2\/pages\/6055","targetHints":{"allow":["GET"]}}],"collection":[{"href":"https:\/\/goias.gov.br\/industriaecomercio\/wp-json\/wp\/v2\/pages"}],"about":[{"href":"https:\/\/goias.gov.br\/industriaecomercio\/wp-json\/wp\/v2\/types\/page"}],"author":[{"embeddable":true,"href":"https:\/\/goias.gov.br\/industriaecomercio\/wp-json\/wp\/v2\/users\/7"}],"replies":[{"embeddable":true,"href":"https:\/\/goias.gov.br\/industriaecomercio\/wp-json\/wp\/v2\/comments?post=6055"}],"version-history":[{"count":2,"href":"https:\/\/goias.gov.br\/industriaecomercio\/wp-json\/wp\/v2\/pages\/6055\/revisions"}],"predecessor-version":[{"id":7920,"href":"https:\/\/goias.gov.br\/industriaecomercio\/wp-json\/wp\/v2\/pages\/6055\/revisions\/7920"}],"wp:attachment":[{"href":"https:\/\/goias.gov.br\/industriaecomercio\/wp-json\/wp\/v2\/media?parent=6055"}],"curies":[{"name":"wp","href":"https:\/\/api.w.org\/{rel}","templated":true}]}}