

{"id":14999,"date":"2024-10-15T11:14:13","date_gmt":"2024-10-15T14:14:13","guid":{"rendered":"https:\/\/goias.gov.br\/industriaecomercio\/?page_id=14999"},"modified":"2024-10-15T11:14:13","modified_gmt":"2024-10-15T14:14:13","slug":"chamamento-publico","status":"publish","type":"page","link":"https:\/\/goias.gov.br\/industriaecomercio\/chamamento-publico\/","title":{"rendered":"Chamamento p\u00fablico"},"content":{"rendered":"\n<p class=\"has-text-align-center\"><strong>CHAMAMENTO P\u00daBLICO N\u00ba 001\/2024<\/strong><\/p>\n\n\n\n<p><strong>Processo n\u00ba:<\/strong>\u00a02024.1760.400.2497<\/p>\n\n\n\n<p><strong>Objeto:<\/strong>\u00a0Sele\u00e7\u00e3o de pessoa jur\u00eddica para instala\u00e7\u00e3o, de forma gratuita, de carregadores de ve\u00edculos el\u00e9tricos em \u00f3rg\u00e3os p\u00fablicos do Estado de Goi\u00e1s, visando promover a mobilidade sustent\u00e1vel e a utiliza\u00e7\u00e3o de energias limpas.<\/p>\n\n\n\n<p><strong>Per\u00edodo de inscri\u00e7\u00f5es:<\/strong>\u00a015\/10\/2024 \u00e0 18\/11\/2024.<\/p>\n\n\n\n<p><a href=\"https:\/\/goias.gov.br\/industriaecomercio\/wp-content\/uploads\/sites\/32\/2024\/10\/SEI_66108235_Edital.pdf\" data-type=\"link\" data-id=\"https:\/\/goias.gov.br\/industriaecomercio\/wp-content\/uploads\/sites\/32\/2024\/10\/SEI_66108235_Edital.pdf\">Edital<\/a><\/p>\n\n\n\n<p><a href=\"https:\/\/goias.gov.br\/industriaecomercio\/wp-content\/uploads\/sites\/32\/2024\/10\/SEI_66108519_Cronograma.pdf\" data-type=\"link\" data-id=\"https:\/\/goias.gov.br\/industriaecomercio\/wp-content\/uploads\/sites\/32\/2024\/10\/SEI_66108519_Cronograma.pdf\">Cronograma<\/a><\/p>\n\n\n\n<p><a href=\"https:\/\/goias.gov.br\/industriaecomercio\/wp-content\/uploads\/sites\/32\/2024\/10\/SEI_66134572_Anexo_II.pdf\" data-type=\"link\" data-id=\"https:\/\/goias.gov.br\/industriaecomercio\/wp-content\/uploads\/sites\/32\/2024\/10\/SEI_66134572_Anexo_II.pdf\">Anexo II Declara\u00e7\u00e3o de inexist\u00eancia de fatos impeditivos<\/a><\/p>\n\n\n\n<p><a href=\"https:\/\/goias.gov.br\/industriaecomercio\/wp-content\/uploads\/sites\/32\/2024\/10\/SEI_66134614_Anexo_III.pdf\" data-type=\"link\" data-id=\"https:\/\/goias.gov.br\/industriaecomercio\/wp-content\/uploads\/sites\/32\/2024\/10\/SEI_66134614_Anexo_III.pdf\">Anexo III Declara\u00e7\u00e3o que n\u00e3o emprega menor<\/a><\/p>\n\n\n\n<p><a href=\"https:\/\/goias.gov.br\/industriaecomercio\/wp-content\/uploads\/sites\/32\/2024\/10\/SEI_66134649_Anexo_IV.pdf\" data-type=\"link\" data-id=\"https:\/\/goias.gov.br\/industriaecomercio\/wp-content\/uploads\/sites\/32\/2024\/10\/SEI_66134649_Anexo_IV.pdf\">Anexo IV Declara\u00e7\u00e3o de instala\u00e7\u00e3o gratuita<\/a><\/p>\n\n\n\n<p><a href=\"https:\/\/goias.gov.br\/industriaecomercio\/wp-content\/uploads\/sites\/32\/2024\/10\/SEI_66134718_Anexo_V.pdf\" data-type=\"link\" data-id=\"https:\/\/goias.gov.br\/industriaecomercio\/wp-content\/uploads\/sites\/32\/2024\/10\/SEI_66134718_Anexo_V.pdf\">Anexo V Minuta do Termo de Coopera\u00e7\u00e3o T\u00e9cnica<\/a><\/p>\n\n\n\n<p><a href=\"https:\/\/goias.gov.br\/industriaecomercio\/wp-content\/uploads\/sites\/32\/2024\/10\/SEI_66134749_Anexo_VI.pdf\" data-type=\"link\" data-id=\"https:\/\/goias.gov.br\/industriaecomercio\/wp-content\/uploads\/sites\/32\/2024\/10\/SEI_66134749_Anexo_VI.pdf\">Anexo VI Plano de trabalho<\/a><\/p>\n","protected":false},"excerpt":{"rendered":"<p>CHAMAMENTO P\u00daBLICO N\u00ba 001\/2024 Processo n\u00ba:\u00a02024.1760.400.2497 Objeto:\u00a0Sele\u00e7\u00e3o de pessoa jur\u00eddica para instala\u00e7\u00e3o, de forma gratuita, de carregadores de ve\u00edculos el\u00e9tricos em \u00f3rg\u00e3os p\u00fablicos do Estado de Goi\u00e1s, visando promover a mobilidade sustent\u00e1vel e a utiliza\u00e7\u00e3o de energias limpas. Per\u00edodo de inscri\u00e7\u00f5es:\u00a015\/10\/2024 \u00e0 18\/11\/2024. Edital Cronograma Anexo II Declara\u00e7\u00e3o de inexist\u00eancia de fatos impeditivos Anexo III [&hellip;]<\/p>\n","protected":false},"author":312,"featured_media":0,"parent":0,"menu_order":0,"comment_status":"closed","ping_status":"closed","template":"","meta":{"footnotes":""},"class_list":["post-14999","page","type-page","status-publish","hentry"],"rttpg_featured_image_url":null,"rttpg_author":{"display_name":"murillossilva","author_link":"https:\/\/goias.gov.br\/industriaecomercio\/author\/murillossilva\/"},"rttpg_comment":0,"rttpg_category":null,"rttpg_excerpt":"CHAMAMENTO P\u00daBLICO N\u00ba 001\/2024 Processo n\u00ba:\u00a02024.1760.400.2497 Objeto:\u00a0Sele\u00e7\u00e3o de pessoa jur\u00eddica para instala\u00e7\u00e3o, de forma gratuita, de carregadores de ve\u00edculos el\u00e9tricos em \u00f3rg\u00e3os p\u00fablicos do Estado de Goi\u00e1s, visando promover a mobilidade sustent\u00e1vel e a utiliza\u00e7\u00e3o de energias limpas. Per\u00edodo de inscri\u00e7\u00f5es:\u00a015\/10\/2024 \u00e0 18\/11\/2024. Edital Cronograma Anexo II Declara\u00e7\u00e3o de inexist\u00eancia de fatos impeditivos Anexo III&hellip;","_links":{"self":[{"href":"https:\/\/goias.gov.br\/industriaecomercio\/wp-json\/wp\/v2\/pages\/14999","targetHints":{"allow":["GET"]}}],"collection":[{"href":"https:\/\/goias.gov.br\/industriaecomercio\/wp-json\/wp\/v2\/pages"}],"about":[{"href":"https:\/\/goias.gov.br\/industriaecomercio\/wp-json\/wp\/v2\/types\/page"}],"author":[{"embeddable":true,"href":"https:\/\/goias.gov.br\/industriaecomercio\/wp-json\/wp\/v2\/users\/312"}],"replies":[{"embeddable":true,"href":"https:\/\/goias.gov.br\/industriaecomercio\/wp-json\/wp\/v2\/comments?post=14999"}],"version-history":[{"count":2,"href":"https:\/\/goias.gov.br\/industriaecomercio\/wp-json\/wp\/v2\/pages\/14999\/revisions"}],"predecessor-version":[{"id":15009,"href":"https:\/\/goias.gov.br\/industriaecomercio\/wp-json\/wp\/v2\/pages\/14999\/revisions\/15009"}],"wp:attachment":[{"href":"https:\/\/goias.gov.br\/industriaecomercio\/wp-json\/wp\/v2\/media?parent=14999"}],"curies":[{"name":"wp","href":"https:\/\/api.w.org\/{rel}","templated":true}]}}