
{"id":5811,"date":"2023-11-23T17:19:09","date_gmt":"2023-11-23T20:19:09","guid":{"rendered":"https:\/\/siteshom.goias.gov.br\/imb\/?page_id=5811"},"modified":"2026-01-22T14:39:44","modified_gmt":"2026-01-22T17:39:44","slug":"analises-estruturais","status":"publish","type":"page","link":"https:\/\/goias.gov.br\/imb\/analises-estruturais\/","title":{"rendered":"An\u00e1lises Estruturais"},"content":{"rendered":"\t\t<div data-elementor-type=\"wp-page\" data-elementor-id=\"5811\" class=\"elementor elementor-5811\">\n\t\t\t\t<div class=\"elementor-element elementor-element-051fb1f e-flex e-con-boxed e-con e-parent\" data-id=\"051fb1f\" data-element_type=\"container\" data-e-type=\"container\">\n\t\t\t\t\t<div class=\"e-con-inner\">\n\t\t<div class=\"elementor-element elementor-element-8798527 e-con-full e-flex e-con e-child\" data-id=\"8798527\" data-element_type=\"container\" data-e-type=\"container\">\n\t\t\t\t<div class=\"elementor-element elementor-element-f8cd54e elementor-widget elementor-widget-text-editor\" data-id=\"f8cd54e\" data-element_type=\"widget\" data-e-type=\"widget\" data-widget_type=\"text-editor.default\">\n\t\t\t\t\t\t\t\t\t<p><span style=\"font-size: 24pt;\"><strong>An\u00e1lises Estruturais<\/strong><\/span>\u00a0<span style=\"font-size: 14pt;\">An\u00e1lises Estruturais<\/span><\/p>\t\t\t\t\t\t\t\t<\/div>\n\t\t\t\t<\/div>\n\t\t\t\t\t<\/div>\n\t\t\t\t<\/div>\n\t\t<div class=\"elementor-element elementor-element-1168003 e-flex e-con-boxed e-con e-parent\" data-id=\"1168003\" data-element_type=\"container\" data-e-type=\"container\">\n\t\t\t\t\t<div class=\"e-con-inner\">\n\t\t<div class=\"elementor-element elementor-element-0f0bd03 e-con-full e-flex e-con e-child\" data-id=\"0f0bd03\" data-element_type=\"container\" data-e-type=\"container\">\n\t\t\t\t<div class=\"elementor-element elementor-element-b574d47 elementor-widget elementor-widget-text-editor\" data-id=\"b574d47\" data-element_type=\"widget\" data-e-type=\"widget\" data-widget_type=\"text-editor.default\">\n\t\t\t\t\t\t\t\t\t<h6 class=\"category-page list-children item heading\"><a href=\"index.php?option=com_content&amp;view=category&amp;id=215&amp;Itemid=284\">Censo Escolar da Educa\u00e7\u00e3o B\u00e1sica<\/a><\/h6><div>O Censo Escolar da Educa\u00e7\u00e3o B\u00e1sica \u00e9 um levantamento de dados estat\u00edstico-educacionais de \u00e2mbito nacional realizado todos os anos e coordenado pelo Instituto Nacional de Estudos e Pesquisas Educacionais An\u00edsio Teixeira \u2013 Inep.<\/div><div><hr \/><\/div>\t\t\t\t\t\t\t\t<\/div>\n\t\t\t\t<\/div>\n\t\t<div class=\"elementor-element elementor-element-b451e1f e-con-full e-flex e-con e-child\" data-id=\"b451e1f\" data-element_type=\"container\" data-e-type=\"container\">\n\t\t\t\t<div class=\"elementor-element elementor-element-a07782c elementor-widget elementor-widget-text-editor\" data-id=\"a07782c\" data-element_type=\"widget\" data-e-type=\"widget\" data-widget_type=\"text-editor.default\">\n\t\t\t\t\t\t\t\t\t<h6 class=\"category-page list-children item heading\"><a href=\"index.php?option=com_content&amp;view=category&amp;id=208&amp;Itemid=284\">PAC &#8211; Pesquisa Anual de Com\u00e9rcio<\/a><\/h6><div>A Pesquisa Anual de Com\u00e9rcio &#8211; PAC tem por objetivo descrever as caracter\u00edsticas estruturais b\u00e1sicas do segmento empresarial do com\u00e9rcio atacadista e varejista no Pa\u00eds e suas transforma\u00e7\u00f5es no tempo.<\/div><div><hr \/><\/div>\t\t\t\t\t\t\t\t<\/div>\n\t\t\t\t<\/div>\n\t\t\t\t\t<\/div>\n\t\t\t\t<\/div>\n\t\t<div class=\"elementor-element elementor-element-ccf838e e-flex e-con-boxed e-con e-parent\" data-id=\"ccf838e\" data-element_type=\"container\" data-e-type=\"container\">\n\t\t\t\t\t<div class=\"e-con-inner\">\n\t\t<div class=\"elementor-element elementor-element-7353c8d e-con-full e-flex e-con e-child\" data-id=\"7353c8d\" data-element_type=\"container\" data-e-type=\"container\">\n\t\t\t\t<div class=\"elementor-element elementor-element-d8d22d5 elementor-widget elementor-widget-text-editor\" data-id=\"d8d22d5\" data-element_type=\"widget\" data-e-type=\"widget\" data-widget_type=\"text-editor.default\">\n\t\t\t\t\t\t\t\t\t<h6 class=\"category-page list-children item heading\"><a href=\"index.php?option=com_content&amp;view=category&amp;id=209&amp;Itemid=284\">PAM &#8211; Produ\u00e7\u00e3o Agr\u00edcola Municipal<\/a><\/h6><div>A pesquisa Produ\u00e7\u00e3o Agr\u00edcola Municipal \u2013 PAM, do IBGE, investiga um elenco de mais de 60 produtos, divididos em produtos de lavouras tempor\u00e1rias e produtos de lavouras permanentes.<\/div><div><hr \/><\/div>\t\t\t\t\t\t\t\t<\/div>\n\t\t\t\t<\/div>\n\t\t<div class=\"elementor-element elementor-element-09ca5c3 e-con-full e-flex e-con e-child\" data-id=\"09ca5c3\" data-element_type=\"container\" data-e-type=\"container\">\n\t\t\t\t<div class=\"elementor-element elementor-element-88cc72b elementor-widget elementor-widget-text-editor\" data-id=\"88cc72b\" data-element_type=\"widget\" data-e-type=\"widget\" data-widget_type=\"text-editor.default\">\n\t\t\t\t\t\t\t\t\t<h6 class=\"category-page list-children item heading\"><a href=\"index.php?option=com_content&amp;view=category&amp;id=214&amp;Itemid=284\">PAS \u2013 Pesquisa Anual de Servi\u00e7os<\/a><\/h6><div>A Pesquisa Anual de Servi\u00e7os &#8211; (PAS)- tem por objetivo no \u00e2mbito do Sistema Estat\u00edstico, fornecer informa\u00e7\u00f5es dos segmentos produtivos n\u00e3o financeiros para o Sistema de Contas Nacionais.<\/div><div><hr \/><\/div>\t\t\t\t\t\t\t\t<\/div>\n\t\t\t\t<\/div>\n\t\t\t\t\t<\/div>\n\t\t\t\t<\/div>\n\t\t<div class=\"elementor-element elementor-element-48dab23 e-flex e-con-boxed e-con e-parent\" data-id=\"48dab23\" data-element_type=\"container\" data-e-type=\"container\">\n\t\t\t\t\t<div class=\"e-con-inner\">\n\t\t<div class=\"elementor-element elementor-element-64e5c8a e-con-full e-flex e-con e-child\" data-id=\"64e5c8a\" data-element_type=\"container\" data-e-type=\"container\">\n\t\t\t\t<div class=\"elementor-element elementor-element-191da1f elementor-widget elementor-widget-text-editor\" data-id=\"191da1f\" data-element_type=\"widget\" data-e-type=\"widget\" data-widget_type=\"text-editor.default\">\n\t\t\t\t\t\t\t\t\t<h6 class=\"category-page list-children item heading\"><a href=\"index.php?option=com_content&amp;view=category&amp;id=210&amp;Itemid=284\">PIA &#8211; Pesquisa Industrial Anual<\/a><\/h6><div>A Pesquisa Industrial Anual &#8211; (PIA) &#8211; Empresa tem por objetivo identificar as caracter\u00edsticas estruturais b\u00e1sicas do segmento empresarial da atividade industrial no Pa\u00eds e suas transforma\u00e7\u00f5es no tempo, tomando como base uma amostra de empresas industriais.<\/div><div><hr \/><\/div>\t\t\t\t\t\t\t\t<\/div>\n\t\t\t\t<\/div>\n\t\t<div class=\"elementor-element elementor-element-24184ee e-con-full e-flex e-con e-child\" data-id=\"24184ee\" data-element_type=\"container\" data-e-type=\"container\">\n\t\t\t\t<div class=\"elementor-element elementor-element-0c195bf elementor-widget elementor-widget-text-editor\" data-id=\"0c195bf\" data-element_type=\"widget\" data-e-type=\"widget\" data-widget_type=\"text-editor.default\">\n\t\t\t\t\t\t\t\t\t<h6 class=\"category-page list-children item heading\"><a href=\"index.php?option=com_content&amp;view=category&amp;id=118&amp;Itemid=284\">PNAD Cont\u00ednua &#8211; Pesquisa Nacional por Amostra de Domic\u00edlios &#8211; Educa\u00e7\u00e3o<\/a><\/h6><div>A PNAD Cont\u00ednua visa produzir indicadores para acompanhar as flutua\u00e7\u00f5es trimestrais e a evolu\u00e7\u00e3o, a m\u00e9dio e longo prazo, da for\u00e7a de trabalho e outras informa\u00e7\u00f5es necess\u00e1rias para o estudo e desenvolvimento socioecon\u00f4mico do Pa\u00eds.<\/div><div><hr \/><\/div>\t\t\t\t\t\t\t\t<\/div>\n\t\t\t\t<\/div>\n\t\t\t\t\t<\/div>\n\t\t\t\t<\/div>\n\t\t<div class=\"elementor-element elementor-element-271b354 e-flex e-con-boxed e-con e-parent\" data-id=\"271b354\" data-element_type=\"container\" data-e-type=\"container\">\n\t\t\t\t\t<div class=\"e-con-inner\">\n\t\t<div class=\"elementor-element elementor-element-4f681e8 e-con-full e-flex e-con e-child\" data-id=\"4f681e8\" data-element_type=\"container\" data-e-type=\"container\">\n\t\t\t\t<div class=\"elementor-element elementor-element-e0f8cc9 elementor-widget elementor-widget-text-editor\" data-id=\"e0f8cc9\" data-element_type=\"widget\" data-e-type=\"widget\" data-widget_type=\"text-editor.default\">\n\t\t\t\t\t\t\t\t\t<h6 class=\"category-page list-children item heading\"><a href=\"index.php?option=com_content&amp;view=category&amp;id=211&amp;Itemid=284\">PPM &#8211; Pesquisa da Pecu\u00e1ria Municipal<\/a><\/h6><div>Esta pesquisa iniciou-se no Minist\u00e9rio da Agricultura em 1945. As informa\u00e7\u00f5es foram levantadas pelos Agentes Municipais de Coleta do IBGE, cabendo ao Minist\u00e9rio da Agricultura a elabora\u00e7\u00e3o dos question\u00e1rios, a apura\u00e7\u00e3o, a cr\u00edtica e a divulga\u00e7\u00e3o dos resultados.<\/div><div><hr \/><\/div>\t\t\t\t\t\t\t\t<\/div>\n\t\t\t\t<\/div>\n\t\t<div class=\"elementor-element elementor-element-5d6d5fe e-con-full e-flex e-con e-child\" data-id=\"5d6d5fe\" data-element_type=\"container\" data-e-type=\"container\">\n\t\t\t\t<div class=\"elementor-element elementor-element-e854d2b elementor-widget elementor-widget-text-editor\" data-id=\"e854d2b\" data-element_type=\"widget\" data-e-type=\"widget\" data-widget_type=\"text-editor.default\">\n\t\t\t\t\t\t\t\t\t<h6 class=\"category-page list-children item heading\"><a href=\"index.php?option=com_content&amp;view=category&amp;id=212&amp;Itemid=284\">RAIS &#8211; Rela\u00e7\u00e3o Anual de Informa\u00e7\u00f5es Sociais<\/a><\/h6><div>A Rela\u00e7\u00e3o Anual de Informa\u00e7\u00f5es Sociais (RAIS), gerenciada pelo Minist\u00e9rio de Trabalho e Emprego (MTE), \u00e9 uma das principais fontes de informa\u00e7\u00f5es sobre o mercado de trabalho formal brasileiro, sendo considerada um censo porque a sua cobertura \u00e9 superior a 97% dos v\u00ednculos empregat\u00edcios formais do pa\u00eds.<\/div><div><hr \/><\/div>\t\t\t\t\t\t\t\t<\/div>\n\t\t\t\t<\/div>\n\t\t\t\t\t<\/div>\n\t\t\t\t<\/div>\n\t\t\t\t<\/div>\n\t\t","protected":false},"excerpt":{"rendered":"<p>An\u00e1lises Estruturais\u00a0An\u00e1lises Estruturais Censo Escolar da Educa\u00e7\u00e3o B\u00e1sica O Censo Escolar da Educa\u00e7\u00e3o B\u00e1sica \u00e9 um levantamento de dados estat\u00edstico-educacionais de \u00e2mbito nacional realizado todos os anos e coordenado pelo Instituto Nacional de Estudos e Pesquisas Educacionais An\u00edsio Teixeira \u2013 Inep. PAC &#8211; Pesquisa Anual de Com\u00e9rcio A Pesquisa Anual de Com\u00e9rcio &#8211; PAC tem [&hellip;]<\/p>\n","protected":false},"author":222,"featured_media":0,"parent":0,"menu_order":0,"comment_status":"closed","ping_status":"closed","template":"wppb_theme_template","meta":{"footnotes":""},"class_list":["post-5811","page","type-page","status-publish","hentry"],"rttpg_featured_image_url":null,"rttpg_author":{"display_name":"diegomsilva","author_link":"https:\/\/goias.gov.br\/imb\/author\/diegomsilva\/"},"rttpg_comment":0,"rttpg_category":null,"rttpg_excerpt":"An\u00e1lises Estruturais\u00a0An\u00e1lises Estruturais Censo Escolar da Educa\u00e7\u00e3o B\u00e1sica O Censo Escolar da Educa\u00e7\u00e3o B\u00e1sica \u00e9 um levantamento de dados estat\u00edstico-educacionais de \u00e2mbito nacional realizado todos os anos e coordenado pelo Instituto Nacional de Estudos e Pesquisas Educacionais An\u00edsio Teixeira \u2013 Inep. PAC &#8211; Pesquisa Anual de Com\u00e9rcio A Pesquisa Anual de Com\u00e9rcio &#8211; PAC tem&hellip;","_links":{"self":[{"href":"https:\/\/goias.gov.br\/imb\/wp-json\/wp\/v2\/pages\/5811","targetHints":{"allow":["GET"]}}],"collection":[{"href":"https:\/\/goias.gov.br\/imb\/wp-json\/wp\/v2\/pages"}],"about":[{"href":"https:\/\/goias.gov.br\/imb\/wp-json\/wp\/v2\/types\/page"}],"author":[{"embeddable":true,"href":"https:\/\/goias.gov.br\/imb\/wp-json\/wp\/v2\/users\/222"}],"replies":[{"embeddable":true,"href":"https:\/\/goias.gov.br\/imb\/wp-json\/wp\/v2\/comments?post=5811"}],"version-history":[{"count":2,"href":"https:\/\/goias.gov.br\/imb\/wp-json\/wp\/v2\/pages\/5811\/revisions"}],"predecessor-version":[{"id":15974,"href":"https:\/\/goias.gov.br\/imb\/wp-json\/wp\/v2\/pages\/5811\/revisions\/15974"}],"wp:attachment":[{"href":"https:\/\/goias.gov.br\/imb\/wp-json\/wp\/v2\/media?parent=5811"}],"curies":[{"name":"wp","href":"https:\/\/api.w.org\/{rel}","templated":true}]}}