
{"id":5807,"date":"2023-11-23T16:17:13","date_gmt":"2023-11-23T19:17:13","guid":{"rendered":"https:\/\/siteshom.goias.gov.br\/imb\/?page_id=5807"},"modified":"2026-01-22T16:44:31","modified_gmt":"2026-01-22T19:44:31","slug":"outras-publicacoes","status":"publish","type":"page","link":"https:\/\/goias.gov.br\/imb\/outras-publicacoes\/","title":{"rendered":"Outras Publica\u00e7\u00f5es"},"content":{"rendered":"\t\t<div data-elementor-type=\"wp-page\" data-elementor-id=\"5807\" class=\"elementor elementor-5807\">\n\t\t\t\t<div class=\"elementor-element elementor-element-9f9b08d e-flex e-con-boxed e-con e-parent\" data-id=\"9f9b08d\" data-element_type=\"container\" data-e-type=\"container\">\n\t\t\t\t\t<div class=\"e-con-inner\">\n\t\t<div class=\"elementor-element elementor-element-582c96b e-con-full e-flex e-con e-child\" data-id=\"582c96b\" data-element_type=\"container\" data-e-type=\"container\">\n\t\t\t\t<div class=\"elementor-element elementor-element-122343a elementor-widget elementor-widget-text-editor\" data-id=\"122343a\" data-element_type=\"widget\" data-e-type=\"widget\" data-widget_type=\"text-editor.default\">\n\t\t\t\t\t\t\t\t\t<h1 class=\"header\">Publica\u00e7\u00f5es <small style=\"font-size: 70%; color: #6c757d !important; font-weight: 400;\">Outras Publica\u00e7\u00f5es<\/small><\/h1>\t\t\t\t\t\t\t\t<\/div>\n\t\t\t\t<\/div>\n\t\t\t\t\t<\/div>\n\t\t\t\t<\/div>\n\t\t<div class=\"elementor-element elementor-element-481473b e-flex e-con-boxed e-con e-parent\" data-id=\"481473b\" data-element_type=\"container\" data-e-type=\"container\">\n\t\t\t\t\t<div class=\"e-con-inner\">\n\t\t<div class=\"elementor-element elementor-element-903722b e-con-full e-flex e-con e-child\" data-id=\"903722b\" data-element_type=\"container\" data-e-type=\"container\">\n\t\t\t\t<div class=\"elementor-element elementor-element-46cf593 elementor-widget elementor-widget-heading\" data-id=\"46cf593\" data-element_type=\"widget\" data-e-type=\"widget\" data-widget_type=\"heading.default\">\n\t\t\t\t\t<h3 class=\"elementor-heading-title elementor-size-default\">\u00cdndice de Desempenho dos Munic\u00edpios<\/h3>\t\t\t\t<\/div>\n\t\t\t\t<div class=\"elementor-element elementor-element-73ba894 elementor-widget elementor-widget-text-editor\" data-id=\"73ba894\" data-element_type=\"widget\" data-e-type=\"widget\" data-widget_type=\"text-editor.default\">\n\t\t\t\t\t\t\t\t\t<div>O \u00cdndice de Desempenho dos Munic\u00edpios &#8211; IDM \u00e9 uma medida sint\u00e9tica de parte do contexto socioecon\u00f4mico dos munic\u00edpios em seis \u00e1reas de atua\u00e7\u00e3o: Economia, Educa\u00e7\u00e3o, Infraestrutura, Sa\u00fade, Seguran\u00e7a e Trabalho. S\u00e3o ao todo 37 vari\u00e1veis selecionadas para conferir o desempenho dos munic\u00edpios goianos.<\/div><p><a class=\"btn btn-primary\" href=\"https:\/\/goias.gov.br\/imb\/indice-de-desempenho-dos-municipios-idm-indice-de-desempenho-dos-municipios\/\">Confira nossas publica\u00e7\u00f5es<\/a><\/p>\t\t\t\t\t\t\t\t<\/div>\n\t\t\t\t<\/div>\n\t\t<div class=\"elementor-element elementor-element-33ef920 e-con-full e-flex e-con e-child\" data-id=\"33ef920\" data-element_type=\"container\" data-e-type=\"container\">\n\t\t\t\t<div class=\"elementor-element elementor-element-52c8902 elementor-widget elementor-widget-heading\" data-id=\"52c8902\" data-element_type=\"widget\" data-e-type=\"widget\" data-widget_type=\"heading.default\">\n\t\t\t\t\t<h3 class=\"elementor-heading-title elementor-size-default\">Monitoramento do Plano Estadual de Educa\u00e7\u00e3o<\/h3>\t\t\t\t<\/div>\n\t\t\t\t<div class=\"elementor-element elementor-element-1c3378f elementor-widget elementor-widget-text-editor\" data-id=\"1c3378f\" data-element_type=\"widget\" data-e-type=\"widget\" data-widget_type=\"text-editor.default\">\n\t\t\t\t\t\t\t\t\t<div>Relat\u00f3rio(s) de Monitoramento do Plano Estadual de Educa\u00e7\u00e3o de Goi\u00e1s.<\/div><p><a class=\"btn btn-primary\" href=\"index.php?option=com_content&amp;view=category&amp;layout=blog&amp;id=220&amp;Itemid=189\">Confira nossas publica\u00e7\u00f5es<\/a><\/p>\t\t\t\t\t\t\t\t<\/div>\n\t\t\t\t<\/div>\n\t\t\t\t\t<\/div>\n\t\t\t\t<\/div>\n\t\t<div class=\"elementor-element elementor-element-1d52324 e-flex e-con-boxed e-con e-parent\" data-id=\"1d52324\" data-element_type=\"container\" data-e-type=\"container\">\n\t\t\t\t\t<div class=\"e-con-inner\">\n\t\t<div class=\"elementor-element elementor-element-63c39cb e-con-full e-flex e-con e-child\" data-id=\"63c39cb\" data-element_type=\"container\" data-e-type=\"container\">\n\t\t\t\t<div class=\"elementor-element elementor-element-e1a1ed3 elementor-widget elementor-widget-heading\" data-id=\"e1a1ed3\" data-element_type=\"widget\" data-e-type=\"widget\" data-widget_type=\"heading.default\">\n\t\t\t\t\t<h3 class=\"elementor-heading-title elementor-size-default\">An\u00e1lises Conjunturais<\/h3>\t\t\t\t<\/div>\n\t\t\t\t<div class=\"elementor-element elementor-element-5c1f4bb elementor-widget elementor-widget-text-editor\" data-id=\"5c1f4bb\" data-element_type=\"widget\" data-e-type=\"widget\" data-widget_type=\"text-editor.default\">\n\t\t\t\t\t\t\t\t\t<p><a class=\"btn btn-primary\" href=\"https:\/\/goias.gov.br\/imb\/analises-conjunturais\/\">Confira nossas publica\u00e7\u00f5es<\/a><\/p>\t\t\t\t\t\t\t\t<\/div>\n\t\t\t\t<\/div>\n\t\t<div class=\"elementor-element elementor-element-a8ca042 e-con-full e-flex e-con e-child\" data-id=\"a8ca042\" data-element_type=\"container\" data-e-type=\"container\">\n\t\t\t\t<div class=\"elementor-element elementor-element-256687a elementor-widget elementor-widget-heading\" data-id=\"256687a\" data-element_type=\"widget\" data-e-type=\"widget\" data-widget_type=\"heading.default\">\n\t\t\t\t\t<h3 class=\"elementor-heading-title elementor-size-default\">An\u00e1lises Estruturais<\/h3>\t\t\t\t<\/div>\n\t\t\t\t<div class=\"elementor-element elementor-element-80988e1 elementor-widget elementor-widget-text-editor\" data-id=\"80988e1\" data-element_type=\"widget\" data-e-type=\"widget\" data-widget_type=\"text-editor.default\">\n\t\t\t\t\t\t\t\t\t<p><a class=\"btn btn-primary\" href=\"https:\/\/goias.gov.br\/imb\/analises-estruturais\/\">Confira nossas publica\u00e7\u00f5es<\/a><\/p>\t\t\t\t\t\t\t\t<\/div>\n\t\t\t\t<\/div>\n\t\t\t\t\t<\/div>\n\t\t\t\t<\/div>\n\t\t<div class=\"elementor-element elementor-element-2226bc1 e-flex e-con-boxed e-con e-parent\" data-id=\"2226bc1\" data-element_type=\"container\" data-e-type=\"container\">\n\t\t\t\t\t<div class=\"e-con-inner\">\n\t\t<div class=\"elementor-element elementor-element-8a64160 e-con-full e-flex e-con e-child\" data-id=\"8a64160\" data-element_type=\"container\" data-e-type=\"container\">\n\t\t\t\t<div class=\"elementor-element elementor-element-b04a703 elementor-widget elementor-widget-heading\" data-id=\"b04a703\" data-element_type=\"widget\" data-e-type=\"widget\" data-widget_type=\"heading.default\">\n\t\t\t\t\t<h3 class=\"elementor-heading-title elementor-size-default\">\u00cdndice de Pre\u00e7os ao Consumidor - Goi\u00e2nia<\/h3>\t\t\t\t<\/div>\n\t\t\t\t<div class=\"elementor-element elementor-element-5276fcd elementor-widget elementor-widget-text-editor\" data-id=\"5276fcd\" data-element_type=\"widget\" data-e-type=\"widget\" data-widget_type=\"text-editor.default\">\n\t\t\t\t\t\t\t\t\t<div>A Secretaria de Estado da Economia, atrav\u00e9s do Instituto Mauro Borges de Estat\u00edsticas e Estudos Socioecon\u00f4micos, calcula e divulga mensalmente o \u00cdndice de Pre\u00e7os ao Consumidor &#8211; IPC Goi\u00e2nia para fam\u00edlias com rendimentos de 1 a 5 sal\u00e1rios m\u00ednimos. O \u00edndice da infla\u00e7\u00e3o \u00e9 obtido atrav\u00e9s da compara\u00e7\u00e3o dos pre\u00e7os m\u00e9dios dos produtos e servi\u00e7os pesquisados do primeiro ao \u00faltimo dia \u00fatil do m\u00eas, com os pre\u00e7os coletados no mesmo per\u00edodo do m\u00eas anterior.<\/div><p><a class=\"btn btn-primary\" href=\"index.php?option=com_content&amp;view=category&amp;layout=blog&amp;id=18&amp;Itemid=176\">Confira nossas publica\u00e7\u00f5es<\/a><\/p>\t\t\t\t\t\t\t\t<\/div>\n\t\t\t\t<\/div>\n\t\t<div class=\"elementor-element elementor-element-6fa9511 e-con-full e-flex e-con e-child\" data-id=\"6fa9511\" data-element_type=\"container\" data-e-type=\"container\">\n\t\t\t\t<div class=\"elementor-element elementor-element-d0ed3dd elementor-widget elementor-widget-heading\" data-id=\"d0ed3dd\" data-element_type=\"widget\" data-e-type=\"widget\" data-widget_type=\"heading.default\">\n\t\t\t\t\t<h3 class=\"elementor-heading-title elementor-size-default\">Colet\u00e2nea do Planejamento em Goi\u00e1s<\/h3>\t\t\t\t<\/div>\n\t\t\t\t<div class=\"elementor-element elementor-element-2e92632 elementor-widget elementor-widget-text-editor\" data-id=\"2e92632\" data-element_type=\"widget\" data-e-type=\"widget\" data-widget_type=\"text-editor.default\">\n\t\t\t\t\t\t\t\t\t<div>O Instituto Mauro Borges de Estat\u00edsticas e Estudos Socioecon\u00f4micos (IMB) apresenta \u00e0 sociedade goiana e brasileira a Colet\u00e2nea do Planejamento em Goi\u00e1s.<\/div><p><a class=\"btn btn-primary\" href=\"index.php?option=com_content&amp;view=article&amp;id=87&amp;Itemid=213\">Confira nossas publica\u00e7\u00f5es<\/a><\/p>\t\t\t\t\t\t\t\t<\/div>\n\t\t\t\t<\/div>\n\t\t\t\t\t<\/div>\n\t\t\t\t<\/div>\n\t\t<div class=\"elementor-element elementor-element-72cf3d0 e-flex e-con-boxed e-con e-parent\" data-id=\"72cf3d0\" data-element_type=\"container\" data-e-type=\"container\">\n\t\t\t\t\t<div class=\"e-con-inner\">\n\t\t<div class=\"elementor-element elementor-element-9141347 e-con-full e-flex e-con e-child\" data-id=\"9141347\" data-element_type=\"container\" data-e-type=\"container\">\n\t\t\t\t<div class=\"elementor-element elementor-element-de1c007 elementor-widget elementor-widget-heading\" data-id=\"de1c007\" data-element_type=\"widget\" data-e-type=\"widget\" data-widget_type=\"heading.default\">\n\t\t\t\t\t<h3 class=\"elementor-heading-title elementor-size-default\">\u00cdndice de Vulnerabilidade Juvenil dos Munic\u00edpios<\/h3>\t\t\t\t<\/div>\n\t\t\t\t<div class=\"elementor-element elementor-element-737c527 elementor-widget elementor-widget-text-editor\" data-id=\"737c527\" data-element_type=\"widget\" data-e-type=\"widget\" data-widget_type=\"text-editor.default\">\n\t\t\t\t\t\t\t\t\t<div>\u00cdndice de Vulnerabilidade Juvenil \u2013 IVJ \u00e9 uma medida que busca avaliar as condi\u00e7\u00f5es de vida em que se desenvolvem e adentram \u00e0 vida adulta os jovens em cada um dos 246 munic\u00edpios goianos al\u00e9m de fazer uma an\u00e1lise mais aprofundada da Regi\u00e3o Metropolitana de Goi\u00e2nia e do Entorno do Distrito Federal.<\/div><p><a class=\"btn btn-primary\" href=\"https:\/\/goias.gov.br\/imb\/indice-de-vulnerabilidade-juvenil-dos-municipios\/\">Confira nossas publica\u00e7\u00f5es<\/a><\/p>\t\t\t\t\t\t\t\t<\/div>\n\t\t\t\t<\/div>\n\t\t<div class=\"elementor-element elementor-element-aa979c0 e-con-full e-flex e-con e-child\" data-id=\"aa979c0\" data-element_type=\"container\" data-e-type=\"container\">\n\t\t\t\t<div class=\"elementor-element elementor-element-f54ce25 elementor-widget elementor-widget-heading\" data-id=\"f54ce25\" data-element_type=\"widget\" data-e-type=\"widget\" data-widget_type=\"heading.default\">\n\t\t\t\t\t<h3 class=\"elementor-heading-title elementor-size-default\">\u00cdndice de Vulnerabilidade Juvenil dos Munic\u00edpios<\/h3>\t\t\t\t<\/div>\n\t\t\t\t<div class=\"elementor-element elementor-element-5aca340 elementor-widget elementor-widget-text-editor\" data-id=\"5aca340\" data-element_type=\"widget\" data-e-type=\"widget\" data-widget_type=\"text-editor.default\">\n\t\t\t\t\t\t\t\t\t<div>O \u00cdndice Goiano de Longevidade \u2013 IGL tem a finalidade de auxiliar na identifica\u00e7\u00e3o das cidades goianas que proporcionam melhores condi\u00e7\u00f5es de vida e, consequentemente, maior longevidade para sua popula\u00e7\u00e3o.<\/div><p><a class=\"btn btn-primary\" href=\"https:\/\/goias.gov.br\/imb\/indice-goiano-de-longevidade-igl-indice-goiano-de-longevidade\/\">Confira nossas publica\u00e7\u00f5es<\/a><\/p>\t\t\t\t\t\t\t\t<\/div>\n\t\t\t\t<\/div>\n\t\t\t\t\t<\/div>\n\t\t\t\t<\/div>\n\t\t<div class=\"elementor-element elementor-element-5837ce8 e-flex e-con-boxed e-con e-parent\" data-id=\"5837ce8\" data-element_type=\"container\" data-e-type=\"container\">\n\t\t\t\t\t<div class=\"e-con-inner\">\n\t\t<div class=\"elementor-element elementor-element-4eb4f0a e-con-full e-flex e-con e-child\" data-id=\"4eb4f0a\" data-element_type=\"container\" data-e-type=\"container\">\n\t\t\t\t<div class=\"elementor-element elementor-element-16c1f00 elementor-widget elementor-widget-heading\" data-id=\"16c1f00\" data-element_type=\"widget\" data-e-type=\"widget\" data-widget_type=\"heading.default\">\n\t\t\t\t\t<h3 class=\"elementor-heading-title elementor-size-default\">Boletim do Setor L\u00e1cteo<\/h3>\t\t\t\t<\/div>\n\t\t\t\t<div class=\"elementor-element elementor-element-05bd02b elementor-widget elementor-widget-text-editor\" data-id=\"05bd02b\" data-element_type=\"widget\" data-e-type=\"widget\" data-widget_type=\"text-editor.default\">\n\t\t\t\t\t\t\t\t\t<p><a class=\"btn btn-primary\" href=\"index.php?option=com_content&amp;view=category&amp;layout=blog&amp;id=235&amp;Itemid=314\">Confira nossas publica\u00e7\u00f5es<\/a><\/p>\t\t\t\t\t\t\t\t<\/div>\n\t\t\t\t<\/div>\n\t\t<div class=\"elementor-element elementor-element-92c5710 e-con-full e-flex e-con e-child\" data-id=\"92c5710\" data-element_type=\"container\" data-e-type=\"container\">\n\t\t\t\t<\/div>\n\t\t\t\t\t<\/div>\n\t\t\t\t<\/div>\n\t\t\t\t<\/div>\n\t\t","protected":false},"excerpt":{"rendered":"<p>Publica\u00e7\u00f5es Outras Publica\u00e7\u00f5es \u00cdndice de Desempenho dos Munic\u00edpios O \u00cdndice de Desempenho dos Munic\u00edpios &#8211; IDM \u00e9 uma medida sint\u00e9tica de parte do contexto socioecon\u00f4mico dos munic\u00edpios em seis \u00e1reas de atua\u00e7\u00e3o: Economia, Educa\u00e7\u00e3o, Infraestrutura, Sa\u00fade, Seguran\u00e7a e Trabalho. S\u00e3o ao todo 37 vari\u00e1veis selecionadas para conferir o desempenho dos munic\u00edpios goianos. Confira nossas publica\u00e7\u00f5es [&hellip;]<\/p>\n","protected":false},"author":222,"featured_media":0,"parent":0,"menu_order":0,"comment_status":"closed","ping_status":"closed","template":"wppb_theme_template","meta":{"footnotes":""},"class_list":["post-5807","page","type-page","status-publish","hentry"],"rttpg_featured_image_url":null,"rttpg_author":{"display_name":"diegomsilva","author_link":"https:\/\/goias.gov.br\/imb\/author\/diegomsilva\/"},"rttpg_comment":0,"rttpg_category":null,"rttpg_excerpt":"Publica\u00e7\u00f5es Outras Publica\u00e7\u00f5es \u00cdndice de Desempenho dos Munic\u00edpios O \u00cdndice de Desempenho dos Munic\u00edpios &#8211; IDM \u00e9 uma medida sint\u00e9tica de parte do contexto socioecon\u00f4mico dos munic\u00edpios em seis \u00e1reas de atua\u00e7\u00e3o: Economia, Educa\u00e7\u00e3o, Infraestrutura, Sa\u00fade, Seguran\u00e7a e Trabalho. S\u00e3o ao todo 37 vari\u00e1veis selecionadas para conferir o desempenho dos munic\u00edpios goianos. Confira nossas publica\u00e7\u00f5es&hellip;","_links":{"self":[{"href":"https:\/\/goias.gov.br\/imb\/wp-json\/wp\/v2\/pages\/5807","targetHints":{"allow":["GET"]}}],"collection":[{"href":"https:\/\/goias.gov.br\/imb\/wp-json\/wp\/v2\/pages"}],"about":[{"href":"https:\/\/goias.gov.br\/imb\/wp-json\/wp\/v2\/types\/page"}],"author":[{"embeddable":true,"href":"https:\/\/goias.gov.br\/imb\/wp-json\/wp\/v2\/users\/222"}],"replies":[{"embeddable":true,"href":"https:\/\/goias.gov.br\/imb\/wp-json\/wp\/v2\/comments?post=5807"}],"version-history":[{"count":2,"href":"https:\/\/goias.gov.br\/imb\/wp-json\/wp\/v2\/pages\/5807\/revisions"}],"predecessor-version":[{"id":16115,"href":"https:\/\/goias.gov.br\/imb\/wp-json\/wp\/v2\/pages\/5807\/revisions\/16115"}],"wp:attachment":[{"href":"https:\/\/goias.gov.br\/imb\/wp-json\/wp\/v2\/media?parent=5807"}],"curies":[{"name":"wp","href":"https:\/\/api.w.org\/{rel}","templated":true}]}}