
{"id":5790,"date":"2023-11-22T15:55:43","date_gmt":"2023-11-22T18:55:43","guid":{"rendered":"https:\/\/siteshom.goias.gov.br\/imb\/?page_id=5790"},"modified":"2026-01-22T15:35:35","modified_gmt":"2026-01-22T18:35:35","slug":"geoservicos","status":"publish","type":"page","link":"https:\/\/goias.gov.br\/imb\/geoservicos\/","title":{"rendered":"Geoservi\u00e7os"},"content":{"rendered":"\t\t<div data-elementor-type=\"wp-page\" data-elementor-id=\"5790\" class=\"elementor elementor-5790\">\n\t\t\t\t<div class=\"elementor-element elementor-element-2c98076 e-flex e-con-boxed e-con e-parent\" data-id=\"2c98076\" data-element_type=\"container\" data-e-type=\"container\">\n\t\t\t\t\t<div class=\"e-con-inner\">\n\t\t\t\t<div class=\"elementor-element elementor-element-1f14636 elementor-widget elementor-widget-heading\" data-id=\"1f14636\" data-element_type=\"widget\" data-e-type=\"widget\" data-widget_type=\"heading.default\">\n\t\t\t\t\t<h3 class=\"elementor-heading-title elementor-size-default\">Baixe o arquivo do pacote GeoServi\u00e7os\n<\/h3>\t\t\t\t<\/div>\n\t\t\t\t\t<\/div>\n\t\t\t\t<\/div>\n\t\t<div class=\"elementor-element elementor-element-bccf2d5 e-flex e-con-boxed e-con e-parent\" data-id=\"bccf2d5\" data-element_type=\"container\" data-e-type=\"container\">\n\t\t\t\t\t<div class=\"e-con-inner\">\n\t\t<div class=\"elementor-element elementor-element-36e6aa2 e-con-full e-flex e-con e-child\" data-id=\"36e6aa2\" data-element_type=\"container\" data-e-type=\"container\">\n\t\t\t\t<div class=\"elementor-element elementor-element-805df20 elementor-widget elementor-widget-n-accordion\" data-id=\"805df20\" data-element_type=\"widget\" data-e-type=\"widget\" data-settings=\"{&quot;default_state&quot;:&quot;expanded&quot;,&quot;max_items_expended&quot;:&quot;one&quot;,&quot;n_accordion_animation_duration&quot;:{&quot;unit&quot;:&quot;ms&quot;,&quot;size&quot;:400,&quot;sizes&quot;:[]}}\" data-widget_type=\"nested-accordion.default\">\n\t\t\t\t\t\t\t<div class=\"e-n-accordion\" aria-label=\"Accordion. Open links with Enter or Space, close with Escape, and navigate with Arrow Keys\">\n\t\t\t\t\t\t<details id=\"e-n-accordion-item-1340\" class=\"e-n-accordion-item\" open>\n\t\t\t\t<summary class=\"e-n-accordion-item-title\" data-accordion-index=\"1\" tabindex=\"0\" aria-expanded=\"true\" aria-controls=\"e-n-accordion-item-1340\" >\n\t\t\t\t\t<span class='e-n-accordion-item-title-header'><div class=\"e-n-accordion-item-title-text\"> GeoServi\u00e7os <\/div><\/span>\n\t\t\t\t\t\t\t<span class='e-n-accordion-item-title-icon'>\n\t\t\t<span class='e-opened' ><svg aria-hidden=\"true\" class=\"e-font-icon-svg e-fas-minus\" viewBox=\"0 0 448 512\" xmlns=\"http:\/\/www.w3.org\/2000\/svg\"><path d=\"M416 208H32c-17.67 0-32 14.33-32 32v32c0 17.67 14.33 32 32 32h384c17.67 0 32-14.33 32-32v-32c0-17.67-14.33-32-32-32z\"><\/path><\/svg><\/span>\n\t\t\t<span class='e-closed'><svg aria-hidden=\"true\" class=\"e-font-icon-svg e-fas-plus\" viewBox=\"0 0 448 512\" xmlns=\"http:\/\/www.w3.org\/2000\/svg\"><path d=\"M416 208H272V64c0-17.67-14.33-32-32-32h-32c-17.67 0-32 14.33-32 32v144H32c-17.67 0-32 14.33-32 32v32c0 17.67 14.33 32 32 32h144v144c0 17.67 14.33 32 32 32h32c17.67 0 32-14.33 32-32V304h144c17.67 0 32-14.33 32-32v-32c0-17.67-14.33-32-32-32z\"><\/path><\/svg><\/span>\n\t\t<\/span>\n\n\t\t\t\t\t\t<\/summary>\n\t\t\t\t<div role=\"region\" aria-labelledby=\"e-n-accordion-item-1340\" class=\"elementor-element elementor-element-4196ee0 e-con-full e-flex e-con e-child\" data-id=\"4196ee0\" data-element_type=\"container\" data-e-type=\"container\">\n\t\t\t\t<div class=\"elementor-element elementor-element-84bd176 elementor-widget elementor-widget-text-editor\" data-id=\"84bd176\" data-element_type=\"widget\" data-e-type=\"widget\" data-widget_type=\"text-editor.default\">\n\t\t\t\t\t\t\t\t\t<p>Com o intuito de expandir a dissemina\u00e7\u00e3o de informa\u00e7\u00f5es geogr\u00e1ficas relevantes para o Estado de Goi\u00e1s, o SIEG compilou os principais geoservi\u00e7os, nos padr\u00f5es WMS (Web Map Service) e WFS (Web Feature Service), dispon\u00edveis no \u00e2mbito nacional. Esses padr\u00f5es objetivam interoperabilidade, isto \u00e9, proporcionam a integra\u00e7\u00e3o entre diferentes sistemas.<\/p><p>As informa\u00e7\u00f5es podem ser visualizadas em aplicativos de geoprocessamento para an\u00e1lises espaciais de diversas naturezas. O download, no link abaixo, permite o acesso ao arquivo para visualizar os geoservi\u00e7os.<\/p><p><a href=\"https:\/\/dados.sieg.go.gov.br\/Sieg\/rgg\/geoservicos\/geoservicos.zip\" target=\"_blank\" rel=\"noopener noreferrer\"><strong>Baixe o arquivo com o pacote de Geoservi\u00e7os aqui.<\/strong><\/a><\/p><p>Caso existam d\u00favidas, disponibilizamos um manual com instru\u00e7\u00f5es de uso no software livre de geoprocessamento \u2013 QGIS.<\/p><p><a href=\"https:\/\/dados.sieg.go.gov.br\/Sieg\/rgg\/geoservicos\/Acesso_WMS.pdf\" target=\"_blank\" rel=\"noopener noreferrer\"><strong>Baixe o manual sobre o uso do arquivo de Geoservi\u00e7os aqui<\/strong>.<\/a><\/p><p><strong>Como consumir Servi\u00e7os WMS, WFS e WCS no QGIS<\/strong><\/p><p>O Anderson Medeiros fundador da ClickGeo elaborou este v\u00eddeo mostrando como usar os Servi\u00e7os WMS, WFS e WCS. Vale a pena conferir.<\/p><p>Voc\u00ea sabe o que s\u00e3o e para que servem WebServices Geogr\u00e1ficos? Sabe o que significam as siglas WMS, WFS e WCS? Onde encontrar dados deste tipo? Tudo isso e muito mais \u00e9 apresentado nesta aula. Inclusive mostro como consumir este tipo de WebService Geoespacial diretamente pelo software QGIS. Link do Cat\u00e1logo da INDE: <a spellcheck=\"false\" href=\"https:\/\/www.inde.gov.br\/CatalogoGeoservicos\" target=\"_blank\" rel=\"noopener noreferrer\" data-cke-saved-href=\"https:\/\/www.inde.gov.br\/CatalogoGeoservicos\">https:\/\/bit.ly\/CatalogoGeoservicos<\/a> . <a href=\"https:\/\/www.youtube.com\/channel\/UC0Gru-jrD7sWd-pqDH8y_OA\" data-cke-saved-href=\"https:\/\/www.youtube.com\/channel\/UC0Gru-jrD7sWd-pqDH8y_OA\">Anderson Medeiros &#8211; ClickGeo<\/a><\/p><p>\u00a0 <iframe src=\"https:\/\/www.youtube.com\/embed\/rTb_rbGnP1Q\" width=\"560\" height=\"560\" frameborder=\"0\" allowfullscreen=\"allowfullscreen\" data-mce-fragment=\"1\"><\/iframe><\/p><p>Agradecemos a gentileza da comunca\u00e7\u00e3o de eventuais falhas ou sugest\u00f5es, como a aus\u00eancia de algum geoservi\u00e7o relevante de \u00e2mbito nacional. Contatos deste tipo pode ser feitos por meio do Fale Conosco. Seus coment\u00e1rios e sugest\u00f5es s\u00e3o muito importantes para n\u00f3s.<\/p><p>Equipe SIEG.<\/p>\t\t\t\t\t\t\t\t<\/div>\n\t\t\t\t<\/div>\n\t\t\t\t\t<\/details>\n\t\t\t\t\t\t<details id=\"e-n-accordion-item-1341\" class=\"e-n-accordion-item\" >\n\t\t\t\t<summary class=\"e-n-accordion-item-title\" data-accordion-index=\"2\" tabindex=\"-1\" aria-expanded=\"false\" aria-controls=\"e-n-accordion-item-1341\" >\n\t\t\t\t\t<span class='e-n-accordion-item-title-header'><div class=\"e-n-accordion-item-title-text\"> Manual sobre o uso do arquivo geoservi\u00e7os <\/div><\/span>\n\t\t\t\t\t\t\t<span class='e-n-accordion-item-title-icon'>\n\t\t\t<span class='e-opened' ><svg aria-hidden=\"true\" class=\"e-font-icon-svg e-fas-minus\" viewBox=\"0 0 448 512\" xmlns=\"http:\/\/www.w3.org\/2000\/svg\"><path d=\"M416 208H32c-17.67 0-32 14.33-32 32v32c0 17.67 14.33 32 32 32h384c17.67 0 32-14.33 32-32v-32c0-17.67-14.33-32-32-32z\"><\/path><\/svg><\/span>\n\t\t\t<span class='e-closed'><svg aria-hidden=\"true\" class=\"e-font-icon-svg e-fas-plus\" viewBox=\"0 0 448 512\" xmlns=\"http:\/\/www.w3.org\/2000\/svg\"><path d=\"M416 208H272V64c0-17.67-14.33-32-32-32h-32c-17.67 0-32 14.33-32 32v144H32c-17.67 0-32 14.33-32 32v32c0 17.67 14.33 32 32 32h144v144c0 17.67 14.33 32 32 32h32c17.67 0 32-14.33 32-32V304h144c17.67 0 32-14.33 32-32v-32c0-17.67-14.33-32-32-32z\"><\/path><\/svg><\/span>\n\t\t<\/span>\n\n\t\t\t\t\t\t<\/summary>\n\t\t\t\t<div role=\"region\" aria-labelledby=\"e-n-accordion-item-1341\" class=\"elementor-element elementor-element-82ec597 e-flex e-con-boxed e-con e-child\" data-id=\"82ec597\" data-element_type=\"container\" data-e-type=\"container\">\n\t\t\t\t\t<div class=\"e-con-inner\">\n\t\t\t\t<div class=\"elementor-element elementor-element-1bedffc elementor-widget elementor-widget-text-editor\" data-id=\"1bedffc\" data-element_type=\"widget\" data-e-type=\"widget\" data-widget_type=\"text-editor.default\">\n\t\t\t\t\t\t\t\t\t<p>Caso existam d\u00favidas, disponibilizamos um manual com instru\u00e7\u00f5es de uso no software livre de geoprocessamento \u2013 QGIS.<\/p><p><strong><a id=\"\" href=\"https:\/\/dados.sieg.go.gov.br\/Sieg\/rgg\/geoservicos\/geoservicos.zip\">Baixe o manual sobre o uso do arquivo de Geoservi\u00e7os aqui.<\/a><\/strong><\/p><p>Agradecemos a gentileza da comunca\u00e7\u00e3o de eventuais falhas ou sugest\u00f5es, como a aus\u00eancia de algum geoservi\u00e7o relevante de \u00e2mbito nacional. Contatos deste tipo pode ser feitos por meio do Fale Conosco. Seus coment\u00e1rios e sugest\u00f5es s\u00e3o muito importantes para n\u00f3s.<\/p><p>Equipe SIEG.<\/p>\t\t\t\t\t\t\t\t<\/div>\n\t\t\t\t\t<\/div>\n\t\t\t\t<\/div>\n\t\t\t\t\t<\/details>\n\t\t\t\t\t<\/div>\n\t\t\t\t\t\t<\/div>\n\t\t\t\t<\/div>\n\t\t\t\t\t<\/div>\n\t\t\t\t<\/div>\n\t\t\t\t<\/div>\n\t\t","protected":false},"excerpt":{"rendered":"<p>Baixe o arquivo do pacote GeoServi\u00e7os GeoServi\u00e7os Com o intuito de expandir a dissemina\u00e7\u00e3o de informa\u00e7\u00f5es geogr\u00e1ficas relevantes para o Estado de Goi\u00e1s, o SIEG compilou os principais geoservi\u00e7os, nos padr\u00f5es WMS (Web Map Service) e WFS (Web Feature Service), dispon\u00edveis no \u00e2mbito nacional. Esses padr\u00f5es objetivam interoperabilidade, isto \u00e9, proporcionam a integra\u00e7\u00e3o entre diferentes [&hellip;]<\/p>\n","protected":false},"author":222,"featured_media":0,"parent":0,"menu_order":0,"comment_status":"closed","ping_status":"closed","template":"wppb_theme_template","meta":{"footnotes":""},"class_list":["post-5790","page","type-page","status-publish","hentry"],"rttpg_featured_image_url":null,"rttpg_author":{"display_name":"diegomsilva","author_link":"https:\/\/goias.gov.br\/imb\/author\/diegomsilva\/"},"rttpg_comment":0,"rttpg_category":null,"rttpg_excerpt":"Baixe o arquivo do pacote GeoServi\u00e7os GeoServi\u00e7os Com o intuito de expandir a dissemina\u00e7\u00e3o de informa\u00e7\u00f5es geogr\u00e1ficas relevantes para o Estado de Goi\u00e1s, o SIEG compilou os principais geoservi\u00e7os, nos padr\u00f5es WMS (Web Map Service) e WFS (Web Feature Service), dispon\u00edveis no \u00e2mbito nacional. Esses padr\u00f5es objetivam interoperabilidade, isto \u00e9, proporcionam a integra\u00e7\u00e3o entre diferentes&hellip;","_links":{"self":[{"href":"https:\/\/goias.gov.br\/imb\/wp-json\/wp\/v2\/pages\/5790","targetHints":{"allow":["GET"]}}],"collection":[{"href":"https:\/\/goias.gov.br\/imb\/wp-json\/wp\/v2\/pages"}],"about":[{"href":"https:\/\/goias.gov.br\/imb\/wp-json\/wp\/v2\/types\/page"}],"author":[{"embeddable":true,"href":"https:\/\/goias.gov.br\/imb\/wp-json\/wp\/v2\/users\/222"}],"replies":[{"embeddable":true,"href":"https:\/\/goias.gov.br\/imb\/wp-json\/wp\/v2\/comments?post=5790"}],"version-history":[{"count":2,"href":"https:\/\/goias.gov.br\/imb\/wp-json\/wp\/v2\/pages\/5790\/revisions"}],"predecessor-version":[{"id":16060,"href":"https:\/\/goias.gov.br\/imb\/wp-json\/wp\/v2\/pages\/5790\/revisions\/16060"}],"wp:attachment":[{"href":"https:\/\/goias.gov.br\/imb\/wp-json\/wp\/v2\/media?parent=5790"}],"curies":[{"name":"wp","href":"https:\/\/api.w.org\/{rel}","templated":true}]}}