
{"id":5787,"date":"2023-11-22T15:27:19","date_gmt":"2023-11-22T18:27:19","guid":{"rendered":"https:\/\/siteshom.goias.gov.br\/imb\/?page_id=5787"},"modified":"2026-01-22T14:51:38","modified_gmt":"2026-01-22T17:51:38","slug":"conheca","status":"publish","type":"page","link":"https:\/\/goias.gov.br\/imb\/conheca\/","title":{"rendered":"Conhe\u00e7a"},"content":{"rendered":"\t\t<div data-elementor-type=\"wp-page\" data-elementor-id=\"5787\" class=\"elementor elementor-5787\">\n\t\t\t\t<div class=\"elementor-element elementor-element-729a025 e-flex e-con-boxed e-con e-parent\" data-id=\"729a025\" data-element_type=\"container\" data-e-type=\"container\">\n\t\t\t\t\t<div class=\"e-con-inner\">\n\t\t\t\t<div class=\"elementor-element elementor-element-1551475 elementor-widget elementor-widget-heading\" data-id=\"1551475\" data-element_type=\"widget\" data-e-type=\"widget\" data-widget_type=\"heading.default\">\n\t\t\t\t\t<h3 class=\"elementor-heading-title elementor-size-default\">Conhe\u00e7a<\/h3>\t\t\t\t<\/div>\n\t\t<div class=\"elementor-element elementor-element-ecd0e5b e-con-full e-flex e-con e-child\" data-id=\"ecd0e5b\" data-element_type=\"container\" data-e-type=\"container\">\n\t\t\t\t<div class=\"elementor-element elementor-element-f090263 elementor-widget elementor-widget-n-accordion\" data-id=\"f090263\" data-element_type=\"widget\" data-e-type=\"widget\" data-settings=\"{&quot;default_state&quot;:&quot;expanded&quot;,&quot;max_items_expended&quot;:&quot;one&quot;,&quot;n_accordion_animation_duration&quot;:{&quot;unit&quot;:&quot;ms&quot;,&quot;size&quot;:400,&quot;sizes&quot;:[]}}\" data-widget_type=\"nested-accordion.default\">\n\t\t\t\t\t\t\t<div class=\"e-n-accordion\" aria-label=\"Accordion. Open links with Enter or Space, close with Escape, and navigate with Arrow Keys\">\n\t\t\t\t\t\t<details id=\"e-n-accordion-item-2520\" class=\"e-n-accordion-item\" open>\n\t\t\t\t<summary class=\"e-n-accordion-item-title\" data-accordion-index=\"1\" tabindex=\"0\" aria-expanded=\"true\" aria-controls=\"e-n-accordion-item-2520\" >\n\t\t\t\t\t<span class='e-n-accordion-item-title-header'><div class=\"e-n-accordion-item-title-text\"> Sistema Estadual de Geoinforma\u00e7\u00e3o - SIEG <\/div><\/span>\n\t\t\t\t\t\t\t<span class='e-n-accordion-item-title-icon'>\n\t\t\t<span class='e-opened' ><svg aria-hidden=\"true\" class=\"e-font-icon-svg e-fas-minus\" viewBox=\"0 0 448 512\" xmlns=\"http:\/\/www.w3.org\/2000\/svg\"><path d=\"M416 208H32c-17.67 0-32 14.33-32 32v32c0 17.67 14.33 32 32 32h384c17.67 0 32-14.33 32-32v-32c0-17.67-14.33-32-32-32z\"><\/path><\/svg><\/span>\n\t\t\t<span class='e-closed'><svg aria-hidden=\"true\" class=\"e-font-icon-svg e-fas-plus\" viewBox=\"0 0 448 512\" xmlns=\"http:\/\/www.w3.org\/2000\/svg\"><path d=\"M416 208H272V64c0-17.67-14.33-32-32-32h-32c-17.67 0-32 14.33-32 32v144H32c-17.67 0-32 14.33-32 32v32c0 17.67 14.33 32 32 32h144v144c0 17.67 14.33 32 32 32h32c17.67 0 32-14.33 32-32V304h144c17.67 0 32-14.33 32-32v-32c0-17.67-14.33-32-32-32z\"><\/path><\/svg><\/span>\n\t\t<\/span>\n\n\t\t\t\t\t\t<\/summary>\n\t\t\t\t<div role=\"region\" aria-labelledby=\"e-n-accordion-item-2520\" class=\"elementor-element elementor-element-0b8f662 e-con-full e-flex e-con e-child\" data-id=\"0b8f662\" data-element_type=\"container\" data-e-type=\"container\">\n\t\t\t\t<div class=\"elementor-element elementor-element-f556f24 elementor-widget elementor-widget-text-editor\" data-id=\"f556f24\" data-element_type=\"widget\" data-e-type=\"widget\" data-widget_type=\"text-editor.default\">\n\t\t\t\t\t\t\t\t\t<p>O que \u00e9 SIEG?<\/p><div style=\"text-align: justify;\"><p>Institu\u00eddo pelo\u00a0<a href=\"https:\/\/www.gabinetecivil.go.gov.br\/pagina_decretos.php?id=1080\">Decreto N\u00ba 6.019, de 07 de outubro de 2004<\/a>, o Sistema Estadual de Geoinforma\u00e7\u00e3o (SIEG) tem como objetivo otimizar e promover a integra\u00e7\u00e3o das \u00e1reas de produ\u00e7\u00e3o de geoinforma\u00e7\u00e3o dos \u00f3rg\u00e3os estaduais, visando subsidiar o planejamento e o acompanhamento das a\u00e7\u00f5es governamentais e disponibilizar as informa\u00e7\u00f5es para toda a sociedade.<br \/><img fetchpriority=\"high\" decoding=\"async\" class=\"alignnone wp-image-5789 size-full\" src=\"https:\/\/goias.gov.br\/imb\/wp-content\/uploads\/sites\/29\/2023\/11\/download.jpeg\" alt=\"\" width=\"765\" height=\"387\" srcset=\"https:\/\/goias.gov.br\/imb\/wp-content\/uploads\/sites\/29\/2023\/11\/download.jpeg 765w, https:\/\/goias.gov.br\/imb\/wp-content\/uploads\/sites\/29\/2023\/11\/download-300x152.jpeg 300w\" sizes=\"(max-width: 765px) 100vw, 765px\" \/><\/p><p>O SIEG \u00e9 gerenciado pela Secretaria Estado Secretaria-Geral da Governadoria, por meio do Instituto Mauro Borges de Estat\u00edsticas e Estudos Socioecon\u00f4micos (IMB), e comp\u00f5e-se pelos seguintes membros: Goinfra, Agetop, Ses, e outros<\/p><\/div>\t\t\t\t\t\t\t\t<\/div>\n\t\t\t\t<\/div>\n\t\t\t\t\t<\/details>\n\t\t\t\t\t\t<details id=\"e-n-accordion-item-2521\" class=\"e-n-accordion-item\" >\n\t\t\t\t<summary class=\"e-n-accordion-item-title\" data-accordion-index=\"2\" tabindex=\"-1\" aria-expanded=\"false\" aria-controls=\"e-n-accordion-item-2521\" >\n\t\t\t\t\t<span class='e-n-accordion-item-title-header'><div class=\"e-n-accordion-item-title-text\"> Representantes - SIEG <\/div><\/span>\n\t\t\t\t\t\t\t<span class='e-n-accordion-item-title-icon'>\n\t\t\t<span class='e-opened' ><svg aria-hidden=\"true\" class=\"e-font-icon-svg e-fas-minus\" viewBox=\"0 0 448 512\" xmlns=\"http:\/\/www.w3.org\/2000\/svg\"><path d=\"M416 208H32c-17.67 0-32 14.33-32 32v32c0 17.67 14.33 32 32 32h384c17.67 0 32-14.33 32-32v-32c0-17.67-14.33-32-32-32z\"><\/path><\/svg><\/span>\n\t\t\t<span class='e-closed'><svg aria-hidden=\"true\" class=\"e-font-icon-svg e-fas-plus\" viewBox=\"0 0 448 512\" xmlns=\"http:\/\/www.w3.org\/2000\/svg\"><path d=\"M416 208H272V64c0-17.67-14.33-32-32-32h-32c-17.67 0-32 14.33-32 32v144H32c-17.67 0-32 14.33-32 32v32c0 17.67 14.33 32 32 32h144v144c0 17.67 14.33 32 32 32h32c17.67 0 32-14.33 32-32V304h144c17.67 0 32-14.33 32-32v-32c0-17.67-14.33-32-32-32z\"><\/path><\/svg><\/span>\n\t\t<\/span>\n\n\t\t\t\t\t\t<\/summary>\n\t\t\t\t<div role=\"region\" aria-labelledby=\"e-n-accordion-item-2521\" class=\"elementor-element elementor-element-892606c e-con-full e-flex e-con e-child\" data-id=\"892606c\" data-element_type=\"container\" data-e-type=\"container\">\n\t\t\t\t<div class=\"elementor-element elementor-element-47b2827 elementor-widget elementor-widget-text-editor\" data-id=\"47b2827\" data-element_type=\"widget\" data-e-type=\"widget\" data-widget_type=\"text-editor.default\">\n\t\t\t\t\t\t\t\t\t<p><img decoding=\"async\" class=\"\" src=\"https:\/\/www.sgc.goias.gov.br\/upload\/arquivos\/2013-12\/sieg.png\" alt=\"\" width=\"300\" height=\"110\" \/><\/p><p>O SIEG conta com um representante em cada \u00f3rg\u00e3o\/entidade da Administra\u00e7\u00e3o P\u00fablica Estadual. Estes representantes s\u00e3o indicados pelo Titular e\/ou pela Ger\u00eancia \/ Assessoria de Planejamento do \u00f3rg\u00e3o\/entidade (ver em Decreto 6.019 as responsabilidades das unidades de planejamento). Eles t\u00eam como atribui\u00e7\u00f5es representar seus \u00f3rg\u00e3os, participar de reuni\u00f5es e capacita\u00e7\u00f5es promovidas pela SGG\/IMB, e providenciar a\u00e7\u00f5es decorrentes de decis\u00f5es tomadas nas reuni\u00f5es e pela coordena\u00e7\u00e3o do SIEG.<\/p><p><strong>REPRESENTANTES DO SIEG<\/strong><\/p><p>O SIEG \u00e9 formado por um Comit\u00ea Gestor que re\u00fane as \u00e1reas produtoras de geoprocessamento dos \u00f3rg\u00e3os integrantes. O Comit\u00ea reune-se periodicamente planejando e executando a\u00e7\u00f5es visando fortalecer e otimizar a produ\u00e7\u00e3o e o uso da geoinforma\u00e7\u00e3o no Estado de Goi\u00e1s.<\/p><p><strong>\u00a0 SECRETARIA-GERAL DO SIEG<\/strong><\/p><table class=\" cke_show_border\" border=\"0\"><tbody><tr><td><strong>COORDENA\u00c7\u00c3O GERAL DO SIEG<\/strong><\/td><\/tr><tr><td><strong>\u00a0<\/strong>Nome:\u00a0<br \/>Org\u00e3o:\u00a0<br \/>\u00c1rea\/se\u00e7\u00e3o: Instituto Mauro Borges de Estat\u00edsticas e Estudos Socioecon\u00f4micos &#8211; IMB<br \/>Telefone:\u00a0<br \/>E-mail:\u00a0<\/td><\/tr><tr><td><strong>COORDENA\u00c7\u00c3O T\u00c9CNICA DO SIEG<\/strong><\/td><\/tr><tr><td><p>E-mail:\u00a0 Nome: Bernard Silva de Oliveira<br \/>Org\u00e3o: SGG \/ IMB<br \/>Unidade: Ger\u00eancia de Dados e Estat\u00edsticas<br \/>Telefone:\u00a0<br \/>E-mail: bernard-so@goias.go.gov.br<\/p><\/td><\/tr><tr><td><strong>EQUIPE T\u00c9CNICA DO SIEG<\/strong><\/td><\/tr><tr><td>Nome: Ant\u00f4nio Alves Pach\u00eaco Junior<br \/>Org\u00e3o: SGG\/ IMB<br \/>Unidade: Ger\u00eancia de Dados e Estat\u00edsticas<br \/>Telefone:\u00a0<br \/>E-mail: antonio-apj@goias.go.gov.br<\/td><\/tr><tr><td>\u00a0<\/td><\/tr><tr><td><p>Nome: Carlos Ant\u00f4nio Melo Crist\u00f3v\u00e3o<br \/>Org\u00e3o: SGG\/ IMB<br \/>Unidade: Ger\u00eancia de Dados e Estat\u00edsticas<br \/>Telefone:\u00a0<br \/>E-mail: carlos-amc@goias.go.gov.br<\/p><\/td><\/tr><tr><td>\u00a0<\/td><\/tr><tr><td>Nome: Helber de Carvalho<br \/>Org\u00e3o: SGG\/ IMB<br \/>Unidade: Ger\u00eancia de Dados e Estat\u00edsticas<br \/>Telefone:\u00a0<br \/>E-mail: helber-c@goias.go.gov.br<\/td><\/tr><tr><td>\u00a0<\/td><\/tr><tr><td>Nome: Jos\u00e9 de Paula Moraes Filho<br \/>Org\u00e3o: SGG\/ IMB<br \/>Unidade: Ger\u00eancia de Dados e Estat\u00edsticas<br \/>Telefone:\u00a0<br \/>E-mail: jose.pmoraes@goias.gov.br<\/td><\/tr><tr><td>\u00a0<\/td><\/tr><tr><td>Nome: Lorenna Rodrigues de Oliveira Santos<br \/>Org\u00e3o: SGG\/ IMB<br \/>Unidade: Ger\u00eancia de Dados e Estat\u00edsticas<br \/>Telefone:\u00a0<br \/>E-mail:\u00a0lorenna.santos@goias.gov.br<\/td><\/tr><tr><td>\u00a0<\/td><\/tr><tr><td>Nome: Luciane Alves Neves<br \/>Org\u00e3o: SGG \/ IMB<br \/>Unidade: Ger\u00eancia de Dados e Estat\u00edsticas<br \/>Telefone:\u00a0<br \/>E-mail: luciane-an@goias.go.gov.br<\/td><\/tr><tr><td>\u00a0<\/td><\/tr><tr><td>Nome: Priscila Midori Miyashita<br \/>Org\u00e3o: SGG \/ IMB<br \/>Unidade: Ger\u00eancia de Dados e Estat\u00edsticas<br \/>Telefone:\u00a0<br \/>E-mail: priscila-mm@goias.go.gov.br<\/td><\/tr><tr><td>\u00a0<\/td><\/tr><tr><td><p>Nome: Rejane Moreira da Silva<br \/>Org\u00e3o: SGG \/ IMB<br \/>Unidade: Ger\u00eancia de Dados e Estat\u00edsticas<br \/>Telefone:\u00a0<br \/>E-mail: rejane-ms@goias.go.gov.br<\/p><\/td><\/tr><tr><td>\u00a0<\/td><\/tr><tr><td><strong>DESENVOLVIMENTO DO SITE<\/strong><br \/>Equipe\u00a0 de T\u00e9cnicos do Governo Eletr\u00f4nico<\/td><\/tr><\/tbody><\/table><p><strong>OBS<\/strong>.: O Comit\u00ea Gestor est\u00e1 em constante atualiza\u00e7\u00e3o. Se voc\u00ea faz parte de algum \u00f3rg\u00e3o do Governo do Estado de Goi\u00e1s que trabalha com SIG &#8211; Sistema de Informa\u00e7\u00f5es Geogr\u00e1ficas e tem interesse em participar do comit\u00ea, entre em contato pelo email<span class=\"apple-converted-space\">\u00a0<\/span><a href=\"images\/imagens_migradas\/\" data-cke-saved-href=\"images\/imagens_migradas\/\">sieg@goias.go.gov.br<\/a><span class=\"apple-converted-space\">\u00a0<\/span>ou pelo telefone (62) xxxx xxxx.<\/p>\t\t\t\t\t\t\t\t<\/div>\n\t\t\t\t<\/div>\n\t\t\t\t\t<\/details>\n\t\t\t\t\t\t<details id=\"e-n-accordion-item-2522\" class=\"e-n-accordion-item\" >\n\t\t\t\t<summary class=\"e-n-accordion-item-title\" data-accordion-index=\"3\" tabindex=\"-1\" aria-expanded=\"false\" aria-controls=\"e-n-accordion-item-2522\" >\n\t\t\t\t\t<span class='e-n-accordion-item-title-header'><div class=\"e-n-accordion-item-title-text\"> Geoprocessamento <\/div><\/span>\n\t\t\t\t\t\t\t<span class='e-n-accordion-item-title-icon'>\n\t\t\t<span class='e-opened' ><svg aria-hidden=\"true\" class=\"e-font-icon-svg e-fas-minus\" viewBox=\"0 0 448 512\" xmlns=\"http:\/\/www.w3.org\/2000\/svg\"><path d=\"M416 208H32c-17.67 0-32 14.33-32 32v32c0 17.67 14.33 32 32 32h384c17.67 0 32-14.33 32-32v-32c0-17.67-14.33-32-32-32z\"><\/path><\/svg><\/span>\n\t\t\t<span class='e-closed'><svg aria-hidden=\"true\" class=\"e-font-icon-svg e-fas-plus\" viewBox=\"0 0 448 512\" xmlns=\"http:\/\/www.w3.org\/2000\/svg\"><path d=\"M416 208H272V64c0-17.67-14.33-32-32-32h-32c-17.67 0-32 14.33-32 32v144H32c-17.67 0-32 14.33-32 32v32c0 17.67 14.33 32 32 32h144v144c0 17.67 14.33 32 32 32h32c17.67 0 32-14.33 32-32V304h144c17.67 0 32-14.33 32-32v-32c0-17.67-14.33-32-32-32z\"><\/path><\/svg><\/span>\n\t\t<\/span>\n\n\t\t\t\t\t\t<\/summary>\n\t\t\t\t<div role=\"region\" aria-labelledby=\"e-n-accordion-item-2522\" class=\"elementor-element elementor-element-2ef186e e-con-full e-flex e-con e-child\" data-id=\"2ef186e\" data-element_type=\"container\" data-e-type=\"container\">\n\t\t\t\t<div class=\"elementor-element elementor-element-f23e59a elementor-widget elementor-widget-text-editor\" data-id=\"f23e59a\" data-element_type=\"widget\" data-e-type=\"widget\" data-widget_type=\"text-editor.default\">\n\t\t\t\t\t\t\t\t\t<div style=\"text-align: justify;\"><strong>O QUE \u00c9 GEOPROCESSAMENTO?<\/strong><\/div><div style=\"text-align: justify;\">\u201cQuase tudo que acontece, acontece em algum lugar\u201d (LONGLEY et. al., 2005). Portanto, a localiza\u00e7\u00e3o geogr\u00e1fica de uma ocorr\u00eancia torna-se pe\u00e7a chave para a perfeita compreens\u00e3o das rela\u00e7\u00f5es intr\u00ednsecas de determinado fen\u00f4meno. A busca deste entendimento passa obrigatoriamente pela aplica\u00e7\u00e3o das t\u00e9cnicas de geoprocessamento.<\/div><div style=\"text-align: justify;\">Segundo C\u00e2mara et. al. (2001), o geoprocessamento denota a disciplina do conhecimento que utiliza t\u00e9cnicas matem\u00e1ticas e computacionais para a obten\u00e7\u00e3o, manipula\u00e7\u00e3o e apresenta\u00e7\u00e3o de dados e informa\u00e7\u00f5es geogr\u00e1ficas. Esse tem influenciado sobremaneira as \u00e1reas da Cartografia, An\u00e1lise de Recursos Naturais, Transportes, Comunica\u00e7\u00e3o, Energia e Planejamento Urbano e Regional.<\/div><div style=\"text-align: justify;\">Rodrigues (2003), define Geoprocessamento como um conjunto de tecnologias de coleta, tratamento, manipula\u00e7\u00e3o e representa\u00e7\u00e3o de informa\u00e7\u00f5es espaciais voltado para um objetivo espec\u00edfico.<\/div><div style=\"text-align: justify;\"><p>Tais defini\u00e7\u00f5es evidenciam que o geoprocessamento \u00e9 uma \u00e1rea do conhecimento aplic\u00e1vel a diferentes quest\u00f5es ligadas a sociedade. Essas t\u00e9cnicas vem sendo aplicadas com grande sucesso nas \u00e1reas da sa\u00fade, meio ambiente, neg\u00f3cios, administra\u00e7\u00e3o p\u00fablica entre outras.<\/p><p><img decoding=\"async\" class=\"\" src=\"https:\/\/www.sgc.goias.gov.br\/upload\/fotos\/2014-01\/geoprocessamento.png\" alt=\"\" width=\"1174\" height=\"686\" \/><\/p><p><strong>O QUE \u00c9 SENSORIAMENTO REMOTO?<\/strong><\/p><p>Sensoriamento remoto \u00e9 a arte e a ci\u00eancia de obter informa\u00e7\u00e3o sobre um objeto sem estar em contato f\u00edsico direto com o objeto. Novo (2010), apresenta uma defini\u00e7\u00e3o menos abrangente que recorta melhor a atividade de sensoriamento remoto realizada na \u00e1rea de geoprocessamento:<\/p><p><span style=\"color: #000000;\"><em>Sensoriamento Remoto trata-se da utiliza\u00e7\u00e3o conjunta de sensores, equipamentos para processamento de dados, equipamentos de transmiss\u00e3o de dados colocados a bordo de aeronaves, espa\u00e7onaves, ou outras plataformas, com objetivo de estudar eventos, fen\u00f4menos e processos que ocorrem na superf\u00edcie do planeta Terra a partir do registro e da an\u00e1lise das intera\u00e7\u00f5es entre a radia\u00e7\u00e3o eletromagn\u00e9tica e as subst\u00e2ncias que o comp\u00f5em em suas mais diversas \u00a0manifesta\u00e7\u00f5es (NOVO, 2010).<\/em><\/span><\/p><p><strong>O QUE \u00c9 GEOD\u00c9SIA?<\/strong><\/p><p>A Geod\u00e9sia est\u00e1 intimamente ligada \u00e0 necessidade inerente de localiza\u00e7\u00e3o da esp\u00e9cie humana (Bueno, 2005). Geodesia \u00e9 a ci\u00eancia que trata da aquisi\u00e7\u00e3o de dados por meio de levantamentos e da representa\u00e7\u00e3o da forma e da superf\u00edcie terrestre, com as suas fei\u00e7\u00f5es naturais e artificiais, al\u00e9m de considerar o campo gravitacional da Terra (Helmert, 1880). Dentre suas aplica\u00e7\u00f5es est\u00e1 o apoio ao mapeamento, demarca\u00e7\u00e3o de \u00e1reas e regulariza\u00e7\u00e3o fundi\u00e1ria. Al\u00e9m disso, \u00e9 uma importante ferramenta no aux\u00edlio \u00e0 administra\u00e7\u00e3o urbana e ambiental.<\/p><p>A partir do advento do GPS (Global Positioning System), as atividades que necessitam de posicionamento foram revolucionadas em fun\u00e7\u00e3o da obten\u00e7\u00e3o de coordenadas de forma precisa e r\u00e1pida. Tais atividades no Brasil s\u00e3o de responsabilidade do\u00a0<a href=\"https:\/\/www.ibge.gov.br\/\" target=\"_blank\" rel=\"noopener noreferrer\">Instituto Brasileiro de Geografia e Estat\u00edstica (IBGE)<\/a>\u00a0que criou o\u00a0<a href=\"https:\/\/www.ibge.gov.br\/home\/geociencias\/geodesia\/default_sgb_int.shtm\" target=\"_blank\" rel=\"noopener noreferrer\">Sistema Geod\u00e9sico Brasileiro (SGB)<\/a>\u00a0, constitu\u00eddo de uma rede de esta\u00e7\u00f5es de monitoramento cont\u00ednuo que servem de refer\u00eancia aos usu\u00e1rios em seus trabalhos.<\/p><p><strong>O QUE S\u00c3O SISTEMAS DE INFORMA\u00c7\u00d5ES GEOGR\u00c1FICAS?<\/strong><\/p><p>Sistemas de Informa\u00e7\u00f5es Geogr\u00e1ficas (SIG), s\u00e3o sistemas de informa\u00e7\u00e3o constru\u00eddos especialmente para armazenar, analisar e manipular dados geogr\u00e1ficos, ou seja, dados que representam objetos e fen\u00f4menos em que a localiza\u00e7\u00e3o geogr\u00e1fica \u00e9 uma caracter\u00edstica inerente e indispens\u00e1vel para trata-los. Dados geogr\u00e1ficos s\u00e3o coletados a partir de diversas fontes e armazenados via de regra nos chamados bancos de dados geogr\u00e1ficos (C\u00c2MARA et. al., 2006).<\/p><p><strong>O QUE \u00c9 FOTOGRAMETRIA?<\/strong><\/p><p>Fotogrametria \u00e9 a ci\u00eancia e tecnologia de obter informa\u00e7\u00f5es confi\u00e1veis atrav\u00e9s de processo de registro, interpreta\u00e7\u00e3o e mensura\u00e7\u00e3o de imagens fotogr\u00e1ficas (Andrade, 1998). A elabora\u00e7\u00e3o de mapas antes dessa ci\u00eancia necessitava de uma s\u00e9rie excessiva de mensura\u00e7\u00f5es em campo, e foi a partir da fotografia, que o homem encontrou uma forma de otimizar a determina\u00e7\u00e3o da posi\u00e7\u00e3o das fei\u00e7\u00f5es do terreno.<\/p><p>De acordo com Andrade (1998), a Fotogrametria encontra o seu maior campo de aplica\u00e7\u00e3o na elabora\u00e7\u00e3o de mapas em colabora\u00e7\u00e3o com outras ci\u00eancias como Geod\u00e9sia e Cartografia. \u00c9 classificada em anal\u00f3gica, anal\u00edtica e digital, sendo que, esta \u00faltima predomina atualmente. A Fotogrametria digital possibilita a reconstru\u00e7\u00e3o autom\u00e1tica do espa\u00e7o tridimensional (espa\u00e7o objeto) a partir de imagens bidimensionais (espa\u00e7o imagem).<\/p><p><strong>O QUE \u00c9 CARTOGRAFIA?<\/strong><\/p><p>Segundo Menezes e Fernandes (2013), a produ\u00e7\u00e3o de mapas e a no\u00e7\u00e3o de Cartografia, como um conjunto de t\u00e9cnicas utilizadas para representar o espa\u00e7o geogr\u00e1fico, est\u00e3o relacionadas com a hist\u00f3ria da humanidade. H\u00e1 evid\u00eancias da confec\u00e7\u00e3o de mapas antes mesmo da inven\u00e7\u00e3o da escrita, o que comprova que povos pr\u00e9-hist\u00f3ricos j\u00e1 dominavam a habilidade do tra\u00e7ado de mapas.<\/p><p>A cartografia \u00e9 uma palavra derivada do grego\u00a0<em>graphein<\/em>, que significa escrita, e do latim\u00a0<em>charta<\/em>, significa papel. Assim, cartografia refere-se \u00e0 apresenta\u00e7\u00e3o gr\u00e1fica da informa\u00e7\u00e3o, com sua representa\u00e7\u00e3o em papel. No entanto, para atingir seu objetivo final\u00edstico, a cartografia engloba \u201c[&#8230;] todas as atividades que v\u00e3o do levantamento de campo ou da pesquisa bibliogr\u00e1fica at\u00e9 a impress\u00e3o definitiva e a publica\u00e7\u00e3o do mapa elaborado. Ela \u00e9 ao mesmo tempo uma ci\u00eancia, uma arte e uma t\u00e9cnica\u201d. (MENEZES E FERNANDES, 2013, p. 18).<\/p><p>Para sintetizar, a Cartografia visa estudar formas de elaborar, produzir e utilizar a representa\u00e7\u00e3o da informa\u00e7\u00e3o geogr\u00e1fica, consoante a seguinte defini\u00e7\u00e3o:<\/p><p>\u201c[&#8230;] ci\u00eancia que trata da organiza\u00e7\u00e3o, apresenta\u00e7\u00e3o, comunica\u00e7\u00e3o e utiliza\u00e7\u00e3o da geoinforma\u00e7\u00e3o, sob uma forma que pode ser visual, num\u00e9rica ou t\u00e1til, incluindo todos os processos de elabora\u00e7\u00e3o, ap\u00f3s a prepara\u00e7\u00e3o dos dados, bem como o estudo e utiliza\u00e7\u00e3o dos mapas ou meios de representa\u00e7\u00e3o, em todas as suas formas\u201d (TAYLOR, 1991,\u00a0<em>apud<\/em>, MENEZES E FERNANDES, 2013, p. 19).<\/p><p>ANDRADE, J. B.\u00a0<strong>Fotogrametria.<\/strong>\u00a0Curitiba: SBEE, 2003.<\/p><p>BUENO, R.<strong>\u00a0Redes Ativas de GPS. InfoGPS<\/strong>, Curitiba, ano 2, n.10, 2005.<\/p><p><a href=\"https:\/\/www.dpi.inpe.br\/gilberto\/livro\/anatomia.pdf\" target=\"_blank\" rel=\"noopener noreferrer\">C\u00c2MARA, G.; CASANOVA, M.; HEMERLY, A.; MEDEIROS, C. B.; MAGALH\u00c3ES, G.\u00a0<strong>Anatomia de sistemas de informa\u00e7\u00e3o geogr\u00e1fica.<\/strong>\u00a0Campinas: UNICAMP &#8211; Instituto de Computa\u00e7\u00e3o, 1996b. 193p.\u00a0<\/a><\/p><p><a href=\"https:\/\/www.dpi.inpe.br\/gilberto\/livro\/introd\/index.html\" target=\"_blank\" rel=\"noopener noreferrer\">C\u00c2MARA, G.; DAVIS, C.; MONTEIRO, A. M. V.\u00a0<strong>Introdu\u00e7\u00e3o \u00e0 Ci\u00eancia da Geoinforma\u00e7\u00e3o<\/strong>. S\u00e3o Jos\u00e9 dos Campos, INPE, 2001.<\/a><\/p><p>HELMERT, F.R..\u00a0<strong>Die Mathematischen und Physikalischen Theorien der H\u00f6heren\u00a0<\/strong><strong>Geod\u00e4sie<\/strong>, Leipzig, 1880.<\/p><p>LONGLEY, P. A.; Goodchild, M. F.; Maguire, D. J.; Rhind, D. W.\u00a0<strong>Geographical Information Systems and Science.<\/strong>\u00a02\u00aa ed. John Wiley &amp; Sons Ltd. England. 2005.<\/p><p>MENEZES, P. M. L.; FERNANDES, M. C.\u00a0<strong>Roteiro de Cartografia<\/strong>.\u00a0 S\u00e3o Paulo: Oficina de Textos, 2013.<\/p><p>NOVO, E. M. L. de M.\u00a0<strong>Sensoriamento Remoto: Princ\u00edpios e Aplica\u00e7\u00f5es.\u00a0<\/strong>4 ed. S\u00e3o Paulo: Blucher, 2010.<\/p><p>RODRIGUES, M. Geoprocessamento: um retrato atual.\u00a0<strong>Revista Fator GIS<\/strong>. Sagres Cartografia e Editora, Curitiba, PR, 1993, Ano1, n\u00ba2, p\u00e1g. 20-23.<\/p><\/div>\t\t\t\t\t\t\t\t<\/div>\n\t\t\t\t<\/div>\n\t\t\t\t\t<\/details>\n\t\t\t\t\t<\/div>\n\t\t\t\t\t\t<\/div>\n\t\t\t\t<\/div>\n\t\t\t\t\t<\/div>\n\t\t\t\t<\/div>\n\t\t\t\t<\/div>\n\t\t","protected":false},"excerpt":{"rendered":"<p>Conhe\u00e7a Sistema Estadual de Geoinforma\u00e7\u00e3o &#8211; SIEG O que \u00e9 SIEG? Institu\u00eddo pelo\u00a0Decreto N\u00ba 6.019, de 07 de outubro de 2004, o Sistema Estadual de Geoinforma\u00e7\u00e3o (SIEG) tem como objetivo otimizar e promover a integra\u00e7\u00e3o das \u00e1reas de produ\u00e7\u00e3o de geoinforma\u00e7\u00e3o dos \u00f3rg\u00e3os estaduais, visando subsidiar o planejamento e o acompanhamento das a\u00e7\u00f5es governamentais e [&hellip;]<\/p>\n","protected":false},"author":222,"featured_media":0,"parent":0,"menu_order":0,"comment_status":"closed","ping_status":"closed","template":"wppb_theme_template","meta":{"footnotes":""},"class_list":["post-5787","page","type-page","status-publish","hentry"],"rttpg_featured_image_url":null,"rttpg_author":{"display_name":"diegomsilva","author_link":"https:\/\/goias.gov.br\/imb\/author\/diegomsilva\/"},"rttpg_comment":0,"rttpg_category":null,"rttpg_excerpt":"Conhe\u00e7a Sistema Estadual de Geoinforma\u00e7\u00e3o &#8211; SIEG O que \u00e9 SIEG? Institu\u00eddo pelo\u00a0Decreto N\u00ba 6.019, de 07 de outubro de 2004, o Sistema Estadual de Geoinforma\u00e7\u00e3o (SIEG) tem como objetivo otimizar e promover a integra\u00e7\u00e3o das \u00e1reas de produ\u00e7\u00e3o de geoinforma\u00e7\u00e3o dos \u00f3rg\u00e3os estaduais, visando subsidiar o planejamento e o acompanhamento das a\u00e7\u00f5es governamentais e&hellip;","_links":{"self":[{"href":"https:\/\/goias.gov.br\/imb\/wp-json\/wp\/v2\/pages\/5787","targetHints":{"allow":["GET"]}}],"collection":[{"href":"https:\/\/goias.gov.br\/imb\/wp-json\/wp\/v2\/pages"}],"about":[{"href":"https:\/\/goias.gov.br\/imb\/wp-json\/wp\/v2\/types\/page"}],"author":[{"embeddable":true,"href":"https:\/\/goias.gov.br\/imb\/wp-json\/wp\/v2\/users\/222"}],"replies":[{"embeddable":true,"href":"https:\/\/goias.gov.br\/imb\/wp-json\/wp\/v2\/comments?post=5787"}],"version-history":[{"count":2,"href":"https:\/\/goias.gov.br\/imb\/wp-json\/wp\/v2\/pages\/5787\/revisions"}],"predecessor-version":[{"id":15981,"href":"https:\/\/goias.gov.br\/imb\/wp-json\/wp\/v2\/pages\/5787\/revisions\/15981"}],"wp:attachment":[{"href":"https:\/\/goias.gov.br\/imb\/wp-json\/wp\/v2\/media?parent=5787"}],"curies":[{"name":"wp","href":"https:\/\/api.w.org\/{rel}","templated":true}]}}