
{"id":5764,"date":"2023-11-22T10:41:38","date_gmt":"2023-11-22T13:41:38","guid":{"rendered":"https:\/\/siteshom.goias.gov.br\/imb\/?page_id=5764"},"modified":"2026-01-22T14:52:55","modified_gmt":"2026-01-22T17:52:55","slug":"biblioteca","status":"publish","type":"page","link":"https:\/\/goias.gov.br\/imb\/biblioteca\/","title":{"rendered":"Biblioteca"},"content":{"rendered":"\t\t<div data-elementor-type=\"wp-page\" data-elementor-id=\"5764\" class=\"elementor elementor-5764\">\n\t\t\t\t<div class=\"elementor-element elementor-element-cfcf0b0 e-flex e-con-boxed e-con e-parent\" data-id=\"cfcf0b0\" data-element_type=\"container\" data-e-type=\"container\">\n\t\t\t\t\t<div class=\"e-con-inner\">\n\t\t<div class=\"elementor-element elementor-element-4252783 e-con-full e-flex e-con e-child\" data-id=\"4252783\" data-element_type=\"container\" data-e-type=\"container\">\n\t\t\t\t<div class=\"elementor-element elementor-element-d7862cb elementor-widget elementor-widget-text-editor\" data-id=\"d7862cb\" data-element_type=\"widget\" data-e-type=\"widget\" data-widget_type=\"text-editor.default\">\n\t\t\t\t\t\t\t\t\t<p><span style=\"font-size: 32px;\"><b>Biblioteca<\/b><\/span><\/p>\t\t\t\t\t\t\t\t<\/div>\n\t\t\t\t<\/div>\n\t\t\t\t\t<\/div>\n\t\t\t\t<\/div>\n\t\t<div class=\"elementor-element elementor-element-5347f47 e-flex e-con-boxed e-con e-parent\" data-id=\"5347f47\" data-element_type=\"container\" data-e-type=\"container\">\n\t\t\t\t\t<div class=\"e-con-inner\">\n\t\t<div class=\"elementor-element elementor-element-1720b5f e-con-full e-flex e-con e-child\" data-id=\"1720b5f\" data-element_type=\"container\" data-e-type=\"container\">\n\t\t\t\t<div class=\"elementor-element elementor-element-ac6d43d elementor-widget elementor-widget-heading\" data-id=\"ac6d43d\" data-element_type=\"widget\" data-e-type=\"widget\" data-widget_type=\"heading.default\">\n\t\t\t\t\t<h3 class=\"elementor-heading-title elementor-size-default\">Acervo Digital<\/h3>\t\t\t\t<\/div>\n\t\t<div class=\"elementor-element elementor-element-f3399c9 e-con-full e-flex e-con e-child\" data-id=\"f3399c9\" data-element_type=\"container\" data-e-type=\"container\">\n\t\t\t\t<div class=\"elementor-element elementor-element-9cb3e18 elementor-widget elementor-widget-text-editor\" data-id=\"9cb3e18\" data-element_type=\"widget\" data-e-type=\"widget\" data-widget_type=\"text-editor.default\">\n\t\t\t\t\t\t\t\t\t<p>Acervo de livros, artigos cient\u00edficos, teses, disserta\u00e7\u00f5es e monografias\u00a0sobre Goi\u00e1s ou\u00a0produzidos ou co-produzidos por colaboradores. Tamb\u00e9m encontra-se aqui os\u00a0produtos descontinuados do Instituto Mauro Borges.<\/p><p><a class=\"btn btn-primary\" href=\"index.php?option=com_content&amp;view=category&amp;layout=blog&amp;id=12\">Acesse o nosso Acervo Digital<\/a><\/p>\t\t\t\t\t\t\t\t<\/div>\n\t\t\t\t<\/div>\n\t\t\t\t<\/div>\n\t\t\t\t\t<\/div>\n\t\t\t\t<\/div>\n\t\t\t\t<\/div>\n\t\t","protected":false},"excerpt":{"rendered":"<p>Biblioteca Acervo Digital Acervo de livros, artigos cient\u00edficos, teses, disserta\u00e7\u00f5es e monografias\u00a0sobre Goi\u00e1s ou\u00a0produzidos ou co-produzidos por colaboradores. Tamb\u00e9m encontra-se aqui os\u00a0produtos descontinuados do Instituto Mauro Borges. Acesse o nosso Acervo Digital<\/p>\n","protected":false},"author":222,"featured_media":0,"parent":0,"menu_order":0,"comment_status":"closed","ping_status":"closed","template":"wppb_theme_template","meta":{"footnotes":""},"class_list":["post-5764","page","type-page","status-publish","hentry"],"rttpg_featured_image_url":null,"rttpg_author":{"display_name":"diegomsilva","author_link":"https:\/\/goias.gov.br\/imb\/author\/diegomsilva\/"},"rttpg_comment":0,"rttpg_category":null,"rttpg_excerpt":"Biblioteca Acervo Digital Acervo de livros, artigos cient\u00edficos, teses, disserta\u00e7\u00f5es e monografias\u00a0sobre Goi\u00e1s ou\u00a0produzidos ou co-produzidos por colaboradores. Tamb\u00e9m encontra-se aqui os\u00a0produtos descontinuados do Instituto Mauro Borges. Acesse o nosso Acervo Digital","_links":{"self":[{"href":"https:\/\/goias.gov.br\/imb\/wp-json\/wp\/v2\/pages\/5764","targetHints":{"allow":["GET"]}}],"collection":[{"href":"https:\/\/goias.gov.br\/imb\/wp-json\/wp\/v2\/pages"}],"about":[{"href":"https:\/\/goias.gov.br\/imb\/wp-json\/wp\/v2\/types\/page"}],"author":[{"embeddable":true,"href":"https:\/\/goias.gov.br\/imb\/wp-json\/wp\/v2\/users\/222"}],"replies":[{"embeddable":true,"href":"https:\/\/goias.gov.br\/imb\/wp-json\/wp\/v2\/comments?post=5764"}],"version-history":[{"count":2,"href":"https:\/\/goias.gov.br\/imb\/wp-json\/wp\/v2\/pages\/5764\/revisions"}],"predecessor-version":[{"id":15987,"href":"https:\/\/goias.gov.br\/imb\/wp-json\/wp\/v2\/pages\/5764\/revisions\/15987"}],"wp:attachment":[{"href":"https:\/\/goias.gov.br\/imb\/wp-json\/wp\/v2\/media?parent=5764"}],"curies":[{"name":"wp","href":"https:\/\/api.w.org\/{rel}","templated":true}]}}