
{"id":5756,"date":"2023-11-21T16:43:10","date_gmt":"2023-11-21T19:43:10","guid":{"rendered":"https:\/\/siteshom.goias.gov.br\/imb\/?page_id=5756"},"modified":"2026-01-23T09:03:39","modified_gmt":"2026-01-23T12:03:39","slug":"limites-municipais","status":"publish","type":"page","link":"https:\/\/goias.gov.br\/imb\/limites-municipais\/","title":{"rendered":"Limites Municipais"},"content":{"rendered":"\t\t<div data-elementor-type=\"wp-page\" data-elementor-id=\"5756\" class=\"elementor elementor-5756\">\n\t\t\t\t<div class=\"elementor-element elementor-element-2a9682f e-flex e-con-boxed e-con e-parent\" data-id=\"2a9682f\" data-element_type=\"container\" data-e-type=\"container\">\n\t\t\t\t\t<div class=\"e-con-inner\">\n\t\t<div class=\"elementor-element elementor-element-a85aaa1 e-con-full e-flex e-con e-child\" data-id=\"a85aaa1\" data-element_type=\"container\" data-e-type=\"container\">\n\t\t\t\t<div class=\"elementor-element elementor-element-400b797 elementor-widget elementor-widget-shortcode\" data-id=\"400b797\" data-element_type=\"widget\" data-e-type=\"widget\" data-widget_type=\"shortcode.default\">\n\t\t\t\t\t\t\t<div class=\"elementor-shortcode\"><div data-post-id=\"8732\" class=\"insert-page insert-page-8732 \"><h1 class='insert-page-title'>Limites Municipais<\/h1><p style=\"text-align: justify;\">O IMB atua por meio de estudos t\u00e9cnicos no aprimoramento da compreens\u00e3o territorial goiana, sobretudo no que concerne aos limites territoriais institu\u00eddos pela legisla\u00e7\u00e3o estadual e \u00e0 sua interpreta\u00e7\u00e3o cartogr\u00e1fica.<\/p>\n<p style=\"text-align: justify;\">Para atingir a excel\u00eancia e a assertividade nesta compreens\u00e3o territorial, o IMB trabalha em conjunto com o Instituto Brasileiro de Geografia e Estat\u00edstica (IBGE) e com o suporte da Assembleia Legislativa de Goi\u00e1s (AL-GO).<\/p>\n<p style=\"text-align: justify;\">No atendimento ao p\u00fablico, o IMB atua em duas linhas de trabalho:<\/p>\n<p style=\"text-align: justify;\">1) com a atividade de Solicita\u00e7\u00e3o de Localiza\u00e7\u00e3o de \u00c1rea e Bens Im\u00f3veis &#8211; LDA\u00a0(ver orienta\u00e7\u00f5es a respeito\u00a0procedimento na extremidade direita da tela);<\/p>\n<p style=\"text-align: justify;\">2) com a atividade de\u00a0<strong>Avalia\u00e7\u00e3o Territorial do Quadro Pol\u00edtico-Administrativo de Goi\u00e1s<\/strong>.<\/p>\n<hr \/>\n<h3><a href=\"\/imb\/faq-perguntas-e-respostas-sobre-limites-municipais\/\" target=\"_blank\" rel=\"noopener\"><strong>Perguntas e respostas sobre limites municipais<\/strong><\/a><\/h3>\n<hr \/>\n<h3>Solicita\u00e7\u00e3o\u00a0de Avalia\u00e7\u00e3o Territorial do Quadro Pol\u00edtico-Administrativo de Goi\u00e1s<\/h3>\n<p class=\"nomargintop\" style=\"text-align: justify;\">A atividade de Avalia\u00e7\u00e3o Territorial visa atender requisi\u00e7\u00f5es origin\u00e1rias\u00a0de poss\u00edveis inconsist\u00eancias na representa\u00e7\u00e3o cartogr\u00e1fica dos limites municipais. Consiste na elabora\u00e7\u00e3o de estudos para identificar a rela\u00e7\u00e3o entre as leis de cria\u00e7\u00e3o municipais e suas respectivas espacializa\u00e7\u00f5es.<\/p>\n<p class=\"nomargintop\" style=\"text-align: justify;\">Para a abertura de processo o requisitante\u00a0necessita inicialmente constatar se efetivamente a requisi\u00e7\u00e3o est\u00e1 devidamente enquadrada nos crit\u00e9rios de Avalia\u00e7\u00e3o Territorial. Dentre os aspectos importantes para a formaliza\u00e7\u00e3o (protocolo) desta requisi\u00e7\u00e3o, est\u00e1 a exclusidade de tratar solicita\u00e7\u00f5es que contenham poss\u00edveis problemas de representa\u00e7\u00e3o cartogr\u00e1fica dos limites goianos. Outro fator que dever\u00e1 ser observado \u00e9 requisitante efetua a requisi\u00e7\u00e3o via pessoa f\u00edsica (propriet\u00e1rio rural) ou representando uma institui\u00e7\u00e3o (prefeitura, por exemplo). Para cada tipo de requisitante existe uma listagem de documenta\u00e7\u00e3o espec\u00edfica para a requisi\u00e7\u00e3o.<\/p>\n<h4 class=\"nomargintop\" style=\"text-align: justify;\"><strong>Documentos Necess\u00e1rios para Avalia\u00e7\u00e3o Territorial (institui\u00e7\u00f5es: prefeituras, estados e outras institui\u00e7\u00f5es)<\/strong><\/h4>\n<p style=\"text-align: justify;\">Para a abertura de processo (protocolo) de Avalia\u00e7\u00e3o Territorial\u00a0no Sei &#8211; Sistema Eletr\u00f4nico de Informa\u00e7\u00f5es\u00a0\u00e9 obrigat\u00f3ria\u00a0a entrega\u00a0dos seguintes documentos (listagem para institui\u00e7\u00f5es):<\/p>\n<ol style=\"list-style-type: lower-alpha;\">\n<li style=\"text-align: justify;\">Descri\u00e7\u00e3o pormenorizada com justificativa da requisi\u00e7\u00e3o de an\u00e1lise, descri\u00e7\u00e3o do\u00a0per\u00edodo da identifica\u00e7\u00e3o da solicita\u00e7\u00e3o, quais foram os documentos levantados para a detec\u00e7\u00e3o da poss\u00edvel inconsist\u00eancia, se existem propriedades ou empreendimentos na \u00e1rea em quest\u00e3o, quais foram os m\u00e9todos de levantamento cartogr\u00e1fico e\/ou topogr\u00e1fico para averigua\u00e7\u00e3o da poss\u00edvel inconsist\u00eancia, quais foram os insumos, t\u00e9cnicas ou procedimentos utilizados (imagens de sat\u00e9lite, levantamento <em>in loco<\/em>, bases de dados geogr\u00e1ficos e\/ou outras fontes utilizadas);<\/li>\n<li style=\"text-align: justify;\">Formul\u00e1rio de requerimento de <strong><a href=\"https:\/\/goias.gov.br\/imb\/wp-content\/uploads\/sites\/29\/2018\/07\/Formulario_Avaliacao1-92d.docx\"><u>Avalia\u00e7\u00e3o Territorial<\/u><\/a><\/strong> devidamente preenchido;<\/li>\n<li style=\"text-align: justify;\">C\u00f3pia do RG do representante legal;<\/li>\n<li style=\"text-align: justify;\">C\u00f3pia do CPF do representante legal;<\/li>\n<li style=\"text-align: justify;\">C\u00f3pia da nomea\u00e7\u00e3o do representante legal (descrevendo sua fun\u00e7\u00e3o);<\/li>\n<li style=\"text-align: justify;\">C\u00f3pia do CNPJ da institui\u00e7\u00e3o;<\/li>\n<li style=\"text-align: justify;\">Comprovante de endere\u00e7o da institui\u00e7\u00e3o;<\/li>\n<li style=\"text-align: justify;\">Mapa caracterizando a localiza\u00e7\u00e3o da requisi\u00e7\u00e3o com a apresenta\u00e7\u00e3o da fei\u00e7\u00e3o e\/ou \u00e1rea requisitada para an\u00e1lise (elemento natural, elemento artificial ou per\u00edmetro). O documento deve conter assinatura do t\u00e9cnico respons\u00e1vel, com elabora\u00e7\u00e3o com coordenadas UTM ou geogr\u00e1ficas, elaboradas com Datum SIRGAS2000;<\/li>\n<li style=\"text-align: justify;\">C\u00f3pia da ART (Anota\u00e7\u00e3o de Responsabilidade T\u00e9cnica), TRT (Termo de Responsabilidade T\u00e9cnica) ou RRT (Registro de Responsabilidade T\u00e9cnica) do profissional respons\u00e1vel pelo levantamento topogr\u00e1fico\/georreferenciamento &#8211; documento deve conter assinatura do t\u00e9cnico respons\u00e1vel;<\/li>\n<li style=\"text-align: justify;\">Arquivo georreferenciado da \u00e1rea requisitada e\/ou fei\u00e7\u00e3o de interesse para avalia\u00e7\u00e3o em formato SHP ou DWG;<\/li>\n<li style=\"text-align: justify;\">Documentos cartogr\u00e1ficos, tais como mapas oficiais, que tratem da \u00e1rea ou munic\u00edpio em quest\u00e3o (item n\u00e3o obrigat\u00f3rio).<\/li>\n<\/ol>\n<hr \/>\n<h3><strong>D\u00favidas e Esclarecimentos:<\/strong><\/h3>\n<p style=\"text-align: justify;\">Contatos: telefone: (62) 99472-5882 e e-mail:\u00a0<a href=\"mailto:limites.imb@goias.gov.br\">limites.imb@goias.gov.b<\/a>r<\/p>\n<p style=\"text-align: justify;\"><strong>Baixe o Formul\u00e1rio\u00a0<\/strong><strong>de Avalia\u00e7\u00e3o Territorial<\/strong><strong>.\u00a0<\/strong>Fa\u00e7a o <em>download<\/em> do formul\u00e1rio aqui: <strong><a href=\"https:\/\/goias.gov.br\/imb\/wp-content\/uploads\/sites\/29\/2018\/07\/Formulario_Avaliacao1-8bc.pdf\"><u>Requerimento_Avaliacao.pdf<\/u><\/a><\/strong>\u00a0ou <strong><a href=\"https:\/\/goias.gov.br\/imb\/wp-content\/uploads\/sites\/29\/2018\/07\/Formulario_Avaliacao1-92d.docx\"><u>Requerimento_Avaliacao.docx<\/u><\/a><\/strong><\/p>\n<p style=\"text-align: justify;\"><strong>Baixe o Procedimento Operacional Padr\u00e3o \u2013 POP.\u00a0<\/strong>O POP descreve os crit\u00e9rios referentes \u00e0 gest\u00e3o de protocolo e estabelece uniformidade na orienta\u00e7\u00e3o do requerente sobre informa\u00e7\u00f5es de Avalia\u00e7\u00e3o Territorial. Fa\u00e7a o <em>download<\/em> do POP aqui:\u00a0<strong><u><a href=\"https:\/\/goias.gov.br\/imb\/wp-content\/uploads\/sites\/29\/2018\/07\/POP_Limites_Versao_001-982.pdf\">POP_<\/a><\/u><a href=\"https:\/\/goias.gov.br\/imb\/wp-content\/uploads\/sites\/29\/2018\/07\/POP_Limites_Versao_001-982.pdf\"><u>Avaliacao.pdf<\/u><\/a>.<\/strong><\/p>\n<p style=\"text-align: justify;\"><strong>Baixe o arquivo(shapefile) da Malha de\u00a0Limite Municipal.\u00a0<\/strong>Fa\u00e7a o <em>download<\/em> do arquivo georreferenciado aqui:\u00a0<u><strong><a href=\"https:\/\/goias.gov.br\/imb\/wp-content\/uploads\/sites\/29\/painel\/dados_sieg\/bc_municipios2022_imb_100k.zip\" target=\"_blank\" rel=\"noopener\">Limites Municipais de Goi\u00e1s 2022.<\/a><\/strong><\/u><\/p>\n<hr \/>\n<h3 class=\"nomargintop\" style=\"text-align: justify;\">Compet\u00eancias do IMB sobre aspectos Territoriais<\/h3>\n<p class=\"nomargintop\" style=\"text-align: justify;\">O Instituto Mauro Borges de Estat\u00edsticas e Estudos Socioecon\u00f4micos (IMB) tem sob sua responsabilidade, dentre outros campos de atua\u00e7\u00e3o, assuntos relacionados \u00e0 Divis\u00e3o Administrativa e Territorial do Estado de Goi\u00e1s, e \u00e0 documenta\u00e7\u00e3o geogr\u00e1fica e cartogr\u00e1fica do territ\u00f3rio goiano. \u00c9 de sua responsabilidade:<\/p>\n<p style=\"text-align: justify;\"><em>\u00a0\u201cIII &#8211; (&#8230;) consolidar e subsidiar tecnicamente quest\u00f5es relativas ao quadro territorial administrativo do Estado de Goi\u00e1s;<\/em><\/p>\n<p style=\"text-align: justify;\"><em>IV &#8211; produzir, sistematizar e disponibilizar bases cartogr\u00e1ficas, mapas tem\u00e1ticos e de estudos geogr\u00e1ficos, relacionados \u00e0 Divis\u00e3o Administrativa e Territorial do Estado de Goi\u00e1s\u201d (Lei Estadual n\u00b0 17.688 de 29 de junho de 2012, Art. 3\u00b0, incisos III e IV).<\/em><\/p>\n<p style=\"text-align: justify;\">Dessa forma, o IMB atua por meio de estudos t\u00e9cnicos no aprimoramento da compreens\u00e3o territorial goiana, sobretudo no que concerne aos limites territoriais institu\u00eddos pela legisla\u00e7\u00e3o estadual e \u00e0 sua interpreta\u00e7\u00e3o cartogr\u00e1fica.<\/p>\n<p style=\"text-align: justify;\">O IMB efetua avalia\u00e7\u00e3o t\u00e9cnica\u00a0em parceria com o Instituto Brasileiro de Geografia e Estat\u00edstica (IBGE), por meio de sua Unidade Estadual de Goi\u00e1s, via Acordo de Coopera\u00e7\u00e3o T\u00e9cnica. Conta tamb\u00e9m com o suporte da Assembleia Legislativa de Goi\u00e1s (AL-GO), com sua\u00a0<a href=\"https:\/\/portal.al.go.leg.br\/legado\/comissao\/ver\/id\/22\" target=\"_blank\" rel=\"noopener\">Comiss\u00e3o de Organiza\u00e7\u00e3o dos Munic\u00edpios<\/a>, que efetua decis\u00f5es relativas \u00e0 aprova\u00e7\u00e3o, altera\u00e7\u00e3o, adequa\u00e7\u00e3o e\/ou atualiza\u00e7\u00e3o das leis, assim como adequa\u00e7\u00f5es do ponto de vista jur\u00eddico.<\/p>\n<p style=\"text-align: justify;\">Para executar estas atividades conjuntas, s\u00e3o considerados: a avalia\u00e7\u00e3o t\u00e9cnica de aspectos cartogr\u00e1ficos, e os elementos jur\u00eddicos para respaldar poss\u00edveis aperfei\u00e7oamentos\/ajustes nos memoriais descritivos de limites. Estas atividades inserem-se em duas frentes de trabalho que colaboram entre si: o Projeto de consolida\u00e7\u00e3o da divis\u00e3o pol\u00edtico-administrativa dos munic\u00edpios do Estado de Goi\u00e1s, denominado \u201cProjeto Limites\u201d, e a An\u00e1lise de casos e revis\u00e3o gr\u00e1fica pontual dos limites municipais. A primeira objetiva modernizar as descri\u00e7\u00f5es e melhorar o ordenamento das divisas de todos os 246 munic\u00edpios; e a segunda de resolver problemas pontuais que surgem conforme a demanda.<\/p>\n<h3><strong>Projeto Limites<\/strong><\/h3>\n<p style=\"text-align: justify;\">O Projeto Limites constitui importante balizador da melhor compreens\u00e3o e atualiza\u00e7\u00e3o dos limites goiano. Dentre os pontos que se destacam nessa iniciativa, est\u00e1 a oportunidade da utiliza\u00e7\u00e3o de novas geotecnologias, com o apoio de imagens de sat\u00e9lite e instrumentos de Sistema de Navega\u00e7\u00e3o Global por Sat\u00e9lite, com o GPS.<\/p>\n<p style=\"text-align: justify;\">O resultado final do projeto ser\u00e1 uma publica\u00e7\u00e3o contemplando todos os memoriais descritivos e mapas municipais do Estado, com a consolida\u00e7\u00e3o do \u201cArquivo Gr\u00e1fico Municipal do Estado de Goi\u00e1s\u201d englobando os 246 munic\u00edpios goianos.<\/p>\n<p style=\"text-align: justify;\">Finalizada a avalia\u00e7\u00e3o de todos os munic\u00edpios goianos, ap\u00f3s a publica\u00e7\u00e3o das Leis dispondo sobre seus limites municipais, ser\u00e1 disponibilizado no site do IMB (www.imb.go.gov.br) e no Portal do Sistema Estadual de Geoinforma\u00e7\u00e3o (SIEG) (<a href=\"http:\/\/www.sieg.go.gov.br\/\">www.sieg.go.gov.br<\/a>), arquivos gr\u00e1ficos georreferenciados. Outro mecanismo de acesso das atualiza\u00e7\u00f5es produzidos no Projeto Limites, \u00e9 o Portal SIEG por meio da plataforma SIEG Mapas, onde qualquer usu\u00e1rio pode acessar sempre a vers\u00e3o mais atualizada e correta dos limites municipais goianos.<\/p>\n<h3><strong>An\u00e1lise de casos e revis\u00e3o gr\u00e1fica pontual dos limites municipais<\/strong><\/h3>\n<p style=\"text-align: justify;\">A revis\u00e3o e a atualiza\u00e7\u00e3o gr\u00e1fica pontual dos limites territoriais goianos podem ser necess\u00e1rias por conta ocorrer por diversos aspectos, dentre estes:<\/p>\n<ul>\n<li style=\"text-align: justify;\">A incerteza nos limites municipais reflete em quest\u00f5es sociais, d\u00favidas de cunho de registro civil, quest\u00f5es fundi\u00e1rias, de domic\u00edlio eleitoral, problemas tribut\u00e1rios, e na aplica\u00e7\u00e3o de verbas p\u00fablicas nos munic\u00edpios envolvidos, gerando inseguran\u00e7a administrativa para os governos envolvidos e para a popula\u00e7\u00e3o local;<\/li>\n<li style=\"text-align: justify;\">A import\u00e2ncia da revis\u00e3o da lei estadual com a inclus\u00e3o de um mapa oficial apresentando seus limites, eliminando ambiguidades nas \u00e1reas litigiosas. A aus\u00eancia de um mapa anexo \u00e0 reda\u00e7\u00e3o da lei acarreta, por vezes, interpreta\u00e7\u00f5es diversas e causam erros na avalia\u00e7\u00e3o das linhas de limite;<\/li>\n<li style=\"text-align: justify;\">A lei vigente destinada ao munic\u00edpio \u00e9 antiga e utiliza, em alguns casos, acidentes geogr\u00e1ficos de dif\u00edcil interpreta\u00e7\u00e3o, alguns deles n\u00e3o mais existentes, com interpreta\u00e7\u00e3o d\u00fabia ou afetados por fatores naturais ou antr\u00f3picos;<\/li>\n<li style=\"text-align: justify;\">A correta representa\u00e7\u00e3o das leis em mapas oficiais minimizaria consideravelmente transtornos associados \u00e0 contagem populacional e a gest\u00e3o territorial nos munic\u00edpios. Esses transtornos prejudicam a atua\u00e7\u00e3o das prefeituras nas regi\u00f5es de conflito, al\u00e9m de serem fatores que contribuem para aplica\u00e7\u00e3o indevida de recursos em fun\u00e7\u00e3o da indefini\u00e7\u00e3o ou incertezas em rela\u00e7\u00e3o aos limites municipais.<\/li>\n<\/ul>\n<ul class='post-meta'>\n<li><span class='post-meta-key'>rank_math_internal_links_processed:<\/span> 1<\/li>\n<li><span class='post-meta-key'>teste-campo:<\/span> <\/li>\n<li><span class='post-meta-key'>tpg-post-view-count:<\/span> 1080<\/li>\n<li><span class='post-meta-key'>rank_math_seo_score:<\/span> 20<\/li>\n<\/ul>\n<\/div><\/div>\n\t\t\t\t\t\t<\/div>\n\t\t\t\t<\/div>\n\t\t<div class=\"elementor-element elementor-element-0a43051 e-con-full e-flex e-con e-child\" data-id=\"0a43051\" data-element_type=\"container\" data-e-type=\"container\">\n\t\t\t\t<div class=\"elementor-element elementor-element-9cecca5 elementor-widget elementor-widget-shortcode\" data-id=\"9cecca5\" data-element_type=\"widget\" data-e-type=\"widget\" data-widget_type=\"shortcode.default\">\n\t\t\t\t\t\t\t<div class=\"elementor-shortcode\"><div data-post-id=\"10104\" class=\"insert-page insert-page-10104 \"><h1 class='insert-page-title'>Solicita\u00e7\u00e3o de Localiza\u00e7\u00e3o de \u00c1rea e Bens Im\u00f3veis &#8211; LDA<\/h1><p>O<strong> IMB<\/strong>, conforme o Decreto GO N\u00ba 9.730, de 15 de outubro de 2020, presta o servi\u00e7o de<strong> Localiza\u00e7\u00e3o De \u00c1reas (LDA)<\/strong>, cujo objetivo \u00e9 determinar em qual munic\u00edpio est\u00e1 localizado um determinado im\u00f3vel, rural ou urbano, de acordo com as informa\u00e7\u00f5es apresentadas por seu propriet\u00e1rio. As d\u00favidas sobre a localiza\u00e7\u00e3o geogr\u00e1fica de uma propriedade normalmente surgem quando esta propriedade est\u00e1 localizada pr\u00f3xima aos limites com outro munic\u00edpio ou nos casos em que a propriedade est\u00e1 registrada no Cart\u00f3rio de Im\u00f3veis de um munic\u00edpio que cedeu territ\u00f3rio para a cria\u00e7\u00e3o de um novo munic\u00edpio.<\/p>\n<p>Como resposta \u00e0 solicita\u00e7\u00e3o, o IMB emite um <strong>Of\u00edcio de Localiza\u00e7\u00e3o de \u00c1rea<\/strong> atestando em qual munic\u00edpio est\u00e1 localizado o im\u00f3vel objeto de an\u00e1lise, de acordo com a malha municipal oficial do IMB em vigor na ocasi\u00e3o da an\u00e1lise. O of\u00edcio \u00e9 emitido de acordo com as informa\u00e7\u00f5es apresentadas pelo requerente, que \u00e9 o respons\u00e1vel pela veracidade dos documentos apresentados que atestam a posse ou a propriedade do im\u00f3vel, bem como sua situa\u00e7\u00e3o junto ao Cart\u00f3rio de Registro de Im\u00f3veis.<\/p>\n<h3>Quem pode solicitar este servi\u00e7o:<\/h3>\n<p>Os propriet\u00e1rios de im\u00f3veis, rurais ou urbanos, que necessitem de um documento do IMB atestando em qual munic\u00edpio est\u00e3o localizadas suas propriedades. Os propriet\u00e1rios poder\u00e3o ser representados por terceiros devidamente autorizados por meio de procura\u00e7\u00e3o registrada em cart\u00f3rio.<\/p>\n<h3>Como solicitar a localiza\u00e7\u00e3o de uma \u00e1rea:<\/h3>\n<p>H\u00e1 dois tipos de solicita\u00e7\u00e3o de LDA, dependendo se o requerente possui ou n\u00e3o o c\u00f3digo da parcela do im\u00f3vel no SIGEF\/INCRA. Para facilitar a identifica\u00e7\u00e3o deste c\u00f3digo dentre os v\u00e1rios n\u00fameros de identifica\u00e7\u00e3o do INCRA, procure por um grupamento de 36 letras e n\u00fameros semelhantes a este exemplo: <strong>4905ff67-542c-48ac-8ef9-74891a5f8583.<\/strong><\/p>\n<h3>Se o im\u00f3vel <u>j\u00e1 tem<\/u> o c\u00f3digo da parcela no SIGEF\/INCRA:<\/h3>\n<p>A solicita\u00e7\u00e3o dever\u00e1 ser feita usando o formul\u00e1rio SIMPLIFICADO, considerando que a documenta\u00e7\u00e3o do im\u00f3vel j\u00e1 foi validada previamente em outra institui\u00e7\u00e3o p\u00fablica (INCRA). Se o im\u00f3vel ainda n\u00e3o tem o c\u00f3digo da parcela, o propriet\u00e1rio poder\u00e1 optar por fazer esse registro e, posteriormente, encaminhar a solicita\u00e7\u00e3o de LDA usando o formul\u00e1rio SIMPLIFICADO. Para este tipo de solicita\u00e7\u00e3o, os documentos exigidos s\u00e3o os seguintes:<\/p>\n<ol>\n<li>Solicita\u00e7\u00e3o de Localiza\u00e7\u00e3o de \u00c1rea (<a href=\"https:\/\/goias.gov.br\/wp-content\/uploads\/sites\/29\/files\/docs\/LDA_formSimplificado.pdf\">Formul\u00e1rio Simplificado<\/a>)<\/li>\n<li>C\u00f3pias do RG e CPF do requerente<\/li>\n<li>Em caso de procura\u00e7\u00e3o, deve-se anexar tamb\u00e9m a c\u00f3pia da procura\u00e7\u00e3o, o RG e o CPF do procurador<\/li>\n<\/ol>\n<h3>Se o im\u00f3vel <u>ainda n\u00e3o tem<\/u> o c\u00f3digo da parcela no SIGEF\/INCRA:<\/h3>\n<p>A solicita\u00e7\u00e3o dever\u00e1 ser feita usando o formul\u00e1rio COMPLETO, acompanhado dos seguintes documentos:<\/p>\n<ol>\n<li>Solicita\u00e7\u00e3o de Localiza\u00e7\u00e3o de \u00c1rea (<a href=\"https:\/\/goias.gov.br\/wp-content\/uploads\/sites\/29\/files\/docs\/LDA_formCompleto.pdf\">Formul\u00e1rio Completo<\/a>)<\/li>\n<li>C\u00f3pias do RG e CPF do requerente (.pdf);<\/li>\n<li>Em caso de procura\u00e7\u00e3o, deve-se anexar tamb\u00e9m a c\u00f3pia da procura\u00e7\u00e3o, RG e CPF do procurador (.pdf);<\/li>\n<li>C\u00f3pia da certid\u00e3o do im\u00f3vel (a certid\u00e3o deve ser atualizada, e com validade de no m\u00e1ximo 90 dias) (.pdf);<\/li>\n<li>C\u00f3pias do(s) mapa(s) do im\u00f3vel &#8211; documento deve estar assinado pelo t\u00e9cnico respons\u00e1vel (.pdf);<\/li>\n<li>C\u00f3pia do(s) memorial(is) descritivo(s) com coordenadas UTM ou geogr\u00e1ficas, datum SIRGAS2000 &#8211; documento deve estar assinado pelo t\u00e9cnico respons\u00e1vel (.pdf)<\/li>\n<li>C\u00f3pia do memorial descritivo tamb\u00e9m em texto no formato .doc ou .docx;<\/li>\n<li>C\u00f3pia da carteira profissional do t\u00e9cnico respons\u00e1vel pelo levantamento topogr\u00e1fico\/georreferenciamento (CREA, CFT, etc.) (.pdf);<\/li>\n<li>C\u00f3pia da ART (Anota\u00e7\u00e3o de Responsabilidade T\u00e9cnica), TRT (Termo de Responsabilidade T\u00e9cnica) ou RRT (Registro de Responsabilidade T\u00e9cnica) do profissional respons\u00e1vel pelo levantamento topogr\u00e1fico\/georreferenciamento &#8211; documento deve estar assinado pelo t\u00e9cnico respons\u00e1vel (.pdf);<\/li>\n<li>Arquivo georreferenciado do im\u00f3vel em formato SHP ou DXF.<\/li>\n<\/ol>\n<p>Caso o requerente, na prepara\u00e7\u00e3o da documenta\u00e7\u00e3o para o formul\u00e1rio COMPLETO, tenha a necessidade de utilizar a <strong>Malha Municipal do IMB<\/strong>, ele poder\u00e1 efetuar o download em formato <a href=\"https:\/\/goias.gov.br\/wp-content\/uploads\/sites\/29\/painel\/dados_sieg\/bc_municipios2022_imb_100k.zip\">shapefile (.shp)<\/a> ou em formato compat\u00edvel com o <a href=\"https:\/\/goias.gov.br\/wp-content\/uploads\/sites\/29\/painel\/dados_sieg\/bc_municipios2022_imb_100k.kml\">Google Earth (.kml<strong>)<\/strong><\/a><strong>.<\/strong><\/p>\n<h3>Andamento do processo:<\/h3>\n<p>As solicita\u00e7\u00f5es de LDA devem ser encaminhadas, via e-mail, para o endere\u00e7o\u00a0<a href=\"mailto:lda.imb@goias.gov.br\">lda.imb@goias.gov.br<\/a>. Assim que o e-mail ingressa no correio eletr\u00f4nico do IMB, \u00e9 emitida uma resposta autom\u00e1tica acusando o recebimento. Na etapa seguinte, para cada solicita\u00e7\u00e3o recebida, \u00e9 protocolado um processo no SEI &#8211; Sistema Eletr\u00f4nico de Informa\u00e7\u00f5es do Estado de Goi\u00e1s. Nesta fase, \u00e9 enviado um e-mail ao requerente informando o n\u00famero do processo, o qual dever\u00e1 ser sempre citado no item \u201cAssunto\u201d em eventuais comunica\u00e7\u00f5es posteriores.<\/p>\n<p>O processo poder\u00e1 ser acompanhado pelo requerente, no endere\u00e7o <a href=\"https:\/\/sei.go.gov.br\/sei\/modulos\/pesquisa\/md_pesq_processo_pesquisar.php?acao_externa=protocolo_pesquisar&amp;acao_origem_externa=protocolo_pesquisar&amp;id_orgao_acesso_externo=1\" target=\"_blank\" rel=\"noopener\">https:\/\/sei.go.gov.br\/sei\/modulos\/pesquisa\/md_pesq_processo_pesquisar.php?acao_externa=protocolo_pesquisar&amp;acao_origem_externa=protocolo_pesquisar&amp;id_orgao_acesso_externo=1<\/a><\/p>\n<p>Na fase de an\u00e1lise do processo, \u00e9 verificado se algum documento est\u00e1 em desacordo, incompleto ou com validade vencida. Se for o caso, \u00e9 encaminhada uma notifica\u00e7\u00e3o com a lista das inconformidades, cuja regulariza\u00e7\u00e3o dever ocorrer em at\u00e9 20 dias corridos, sob pena de o processo ser encerrado.<\/p>\n<h3>D\u00favidas e Esclarecimentos:<\/h3>\n<p>Telefone: (62) 3270-8664<br \/>\nE-mail:\u00a0<a href=\"mailto:lda.economia@goias.gov.br\">lda.imb@goias.gov.br<\/a><br \/>\nHor\u00e1rio de atendimento: de segunda a sexta-feira, das 08:00 \u00e0s 12:00 e das 13:00 \u00e0s 17:00h<\/p>\n<h3>Prazo para emiss\u00e3o do Of\u00edcio de Localiza\u00e7\u00e3o de \u00c1rea:<\/h3>\n<p>O prazo previsto para a emiss\u00e3o do of\u00edcio \u00e9 de, no m\u00e1ximo, 30 dias. O of\u00edcio ser\u00e1 enviado para o e-mail informado no formul\u00e1rio de solicita\u00e7\u00e3o, ficando a sua impress\u00e3o sob a responsabilidade do requerente.<\/p>\n<h3>Legisla\u00e7\u00e3o:<\/h3>\n<p>Decreto GO N\u00ba 9.730, de 15 de outubro de 2020 (<a href=\"https:\/\/legisla.casacivil.go.gov.br\/api\/v2\/pesquisa\/legislacoes\/103484\/pdf\">Confira o documento<\/a>)<\/p>\n<h3>Arquivos:<\/h3>\n<p><a href=\"https:\/\/goias.gov.br\/wp-content\/uploads\/sites\/29\/files\/docs\/LDA_formCompleto.pdf\">Formul\u00e1rio Completo<\/a><br \/>\n<a href=\"https:\/\/goias.gov.br\/wp-content\/uploads\/sites\/29\/files\/docs\/LDA_formSimplificado.pdf\">Formul\u00e1rio Simplificado<\/a><\/p>\n<ul class='post-meta'>\n<li><span class='post-meta-key'>rank_math_internal_links_processed:<\/span> 1<\/li>\n<li><span class='post-meta-key'>teste-campo:<\/span> <\/li>\n<li><span class='post-meta-key'>tpg-post-view-count:<\/span> 1142<\/li>\n<li><span class='post-meta-key'>rank_math_seo_score:<\/span> 12<\/li>\n<\/ul>\n<\/div><\/div>\n\t\t\t\t\t\t<\/div>\n\t\t\t\t<\/div>\n\t\t\t\t\t<\/div>\n\t\t\t\t<\/div>\n\t\t\t\t<\/div>\n\t\t","protected":false},"excerpt":{"rendered":"","protected":false},"author":222,"featured_media":0,"parent":0,"menu_order":0,"comment_status":"closed","ping_status":"closed","template":"wppb_theme_template","meta":{"footnotes":""},"class_list":["post-5756","page","type-page","status-publish","hentry"],"rttpg_featured_image_url":null,"rttpg_author":{"display_name":"diegomsilva","author_link":"https:\/\/goias.gov.br\/imb\/author\/diegomsilva\/"},"rttpg_comment":0,"rttpg_category":"","rttpg_excerpt":null,"_links":{"self":[{"href":"https:\/\/goias.gov.br\/imb\/wp-json\/wp\/v2\/pages\/5756","targetHints":{"allow":["GET"]}}],"collection":[{"href":"https:\/\/goias.gov.br\/imb\/wp-json\/wp\/v2\/pages"}],"about":[{"href":"https:\/\/goias.gov.br\/imb\/wp-json\/wp\/v2\/types\/page"}],"author":[{"embeddable":true,"href":"https:\/\/goias.gov.br\/imb\/wp-json\/wp\/v2\/users\/222"}],"replies":[{"embeddable":true,"href":"https:\/\/goias.gov.br\/imb\/wp-json\/wp\/v2\/comments?post=5756"}],"version-history":[{"count":2,"href":"https:\/\/goias.gov.br\/imb\/wp-json\/wp\/v2\/pages\/5756\/revisions"}],"predecessor-version":[{"id":16134,"href":"https:\/\/goias.gov.br\/imb\/wp-json\/wp\/v2\/pages\/5756\/revisions\/16134"}],"wp:attachment":[{"href":"https:\/\/goias.gov.br\/imb\/wp-json\/wp\/v2\/media?parent=5756"}],"curies":[{"name":"wp","href":"https:\/\/api.w.org\/{rel}","templated":true}]}}