
{"id":5748,"date":"2023-11-21T15:06:03","date_gmt":"2023-11-21T18:06:03","guid":{"rendered":"https:\/\/siteshom.goias.gov.br\/imb\/?page_id=5748"},"modified":"2026-01-23T09:08:55","modified_gmt":"2026-01-23T12:08:55","slug":"o-instituto","status":"publish","type":"page","link":"https:\/\/goias.gov.br\/imb\/o-instituto\/","title":{"rendered":"O Instituto"},"content":{"rendered":"\t\t<div data-elementor-type=\"wp-page\" data-elementor-id=\"5748\" class=\"elementor elementor-5748\">\n\t\t\t\t<div class=\"elementor-element elementor-element-5eb8d69 e-flex e-con-boxed e-con e-parent\" data-id=\"5eb8d69\" data-element_type=\"container\" data-e-type=\"container\">\n\t\t\t\t\t<div class=\"e-con-inner\">\n\t\t<div class=\"elementor-element elementor-element-35624df e-con-full e-flex e-con e-child\" data-id=\"35624df\" data-element_type=\"container\" data-e-type=\"container\">\n\t\t\t\t<div class=\"elementor-element elementor-element-5abbccf elementor-widget elementor-widget-shortcode\" data-id=\"5abbccf\" data-element_type=\"widget\" data-e-type=\"widget\" data-widget_type=\"shortcode.default\">\n\t\t\t\t\t\t\t<div class=\"elementor-shortcode\"><div data-post-id=\"8717\" class=\"insert-page insert-page-8717 \"><h1 class='insert-page-title'>Compet\u00eancias<\/h1><p><span style=\"color: #000000\">Segundo o estabelecido no<\/span>\u00a0<a href=\"https:\/\/goias.gov.br\/governo\/wp-content\/uploads\/sites\/11\/2023\/12\/Regulamento_SGG_Decreto-n10355_05-de-Dezembro-de-2023.pdf\">Decreto n\u00ba 10.355, de 5 de Dezembro de 2023<\/a><a href=\"https:\/\/legisla.casacivil.go.gov.br\/pesquisa_legislacao\/106749\/lei-21792\" target=\"_blank\" rel=\"noopener\">,<\/a>\u00a0<span style=\"color: #000000\">e seus incisos:<\/span><\/p>\n<h4 class=\"artigo\"><span style=\"color: #008000\">Da Diretoria-Executiva do\u00a0Instituto Mauro Borges de Pesquisa e Pol\u00edtica Econ\u00f4mica \u2013 IMB<\/span><\/h4>\n<p><strong><span style=\"color: #008000\">Art. 29\u00ba<\/span> <\/strong><span style=\"color: #000000\">Compete \u00e0 Diretoria Executiva do Instituto Mauro Borges \u2013 IMB:<\/span><\/p>\n<p><span style=\"color: #000000\">I \u2013 dar suporte t\u00e9cnico-cient\u00edfico \u00e0s decis\u00f5es estrat\u00e9gicas dos \u00f3rg\u00e3os da<\/span><br \/><span style=\"color: #000000\">administra\u00e7\u00e3o estadual;<\/span><br \/><span style=\"color: #000000\"><span style=\"font-size: revert\">II \u2013 monitorar a avalia\u00e7\u00e3o de pol\u00edticas p\u00fablicas;<br \/><\/span>III \u2013 avaliar a evolu\u00e7\u00e3o da economia estadual e de seus munic\u00edpios;<\/span><br \/><span style=\"color: #000000\"><span style=\"font-size: revert\">IV \u2013 fornecer cen\u00e1rios macroecon\u00f4micos e das conjunturas mundial, nacional e <\/span>regional para verificar as suas implica\u00e7\u00f5es sobre a economia goiana;<\/span><br \/><span style=\"color: #000000\">V \u2013 fornecer proje\u00e7\u00f5es de indicadores, principalmente macroecon\u00f4micos;<\/span><br \/><span style=\"color: #000000\"><span style=\"font-size: revert\">VI \u2013 fornecer bases de dados estat\u00edsticos e geoespaciais, al\u00e9m de registros\u00a0<\/span>administrativos procedentes de \u00f3rg\u00e3os p\u00fablicos;<\/span><br \/><span style=\"color: #000000\">VII \u2013 fornecer informa\u00e7\u00f5es relativas a geotecnologias do Estado; e<\/span><br \/><span style=\"color: #000000\">VIII \u2013 formar e aperfei\u00e7oar pesquisadores e t\u00e9cnicos da \u00e1rea.<\/span><\/p>\n<p><span style=\"color: #000000\"><strong>Par\u00e1grafo \u00fanico.<\/strong> Al\u00e9m das compet\u00eancias constantes do caput deste artigo, compete \u00e0 Diretoria Executiva do Instituto Mauro Borges de Pesquisa e Pol\u00edtica Econ\u00f4mica \u2013 IMB exercer as fun\u00e7\u00f5es de organiza\u00e7\u00e3o, coordena\u00e7\u00e3o e supervis\u00e3o t\u00e9cnica das seguintes unidades:<\/span><\/p>\n<p><span style=\"color: #000000\">I \u2013 Assessoria Executiva do IMB;<\/span><br \/><span style=\"color: #000000\"><span style=\"font-size: revert\">II \u2013 Superintend\u00eancia de Intelig\u00eancia de Dados e Geotecnologias;<br \/><\/span><span style=\"font-size: revert\">III \u2013 Ger\u00eancia de Dados e Estat\u00edsticas;<br \/><\/span>IV \u2013 Ger\u00eancia de Geotecnologias;<\/span><br \/><span style=\"color: #000000\">V \u2013 Superintend\u00eancia de Estudos Sociais e Ambientais;<\/span><br \/><span style=\"color: #000000\">VI \u2013 Ger\u00eancia de Estudos sobre Pobreza e Desigualdades;<\/span><br \/><span style=\"color: #000000\">VII \u2013 Ger\u00eancia de Estudos Ambientais e Agroneg\u00f3cio;<\/span><br \/><span style=\"color: #000000\">VIII \u2013 Superintend\u00eancia de Estudos e Proje\u00e7\u00f5es Macroecon\u00f4micas;<\/span><br \/><span style=\"color: #000000\">IX \u2013 Ger\u00eancia de Indicadores Conjunturais e Estruturais; e<\/span><br \/><span style=\"color: #000000\">X \u2013 Ger\u00eancia de Proje\u00e7\u00f5es Macroecon\u00f4micas.<\/span><\/p>\n\n\n<h1>Institucional<\/h1>\n<p>O Instituto Mauro Borges de Pesquisa e Pol\u00edtica Econ\u00f4mica (IMB) atua na produ\u00e7\u00e3o e sistematiza\u00e7\u00e3o de informa\u00e7\u00f5es sobre aspectos socioecon\u00f4micos, na divis\u00e3o administrativa e territorial de Goi\u00e1s e na documenta\u00e7\u00e3o geogr\u00e1fica e cartogr\u00e1fica do estado. Sua atua\u00e7\u00e3o inclui a elabora\u00e7\u00e3o de estudos socioecon\u00f4micos, o monitoramento e a avalia\u00e7\u00e3o de pol\u00edticas p\u00fablicas, o assessoramento t\u00e9cnico e a an\u00e1lise de indicadores da economia goiana. O Instituto tamb\u00e9m disponibiliza bases de dados estat\u00edsticos, geogr\u00e1ficos e cartogr\u00e1ficos, contribuindo para o fortalecimento da \u00e1rea de geoprocessamento em Goi\u00e1s.<\/p>\n<p>O IMB tamb\u00e9m integra o Comit\u00ea Gestor do Fundo de Estabiliza\u00e7\u00e3o Econ\u00f4mica de Goi\u00e1s (CGFEG), criado pela <a href=\"https:\/\/diariooficial.abc.go.gov.br\/portal\/visualizacoes\/pdf\/6732#\/p:1\/e:6732?find=FUNDO%20DE%20ESTABILIZA%C3%87%C3%83O%20ECONOMICA\" target=\"_blank\" rel=\"noopener\">Lei Complementar n\u00ba 208\/2025.<\/a> O Instituto \u00e9 respons\u00e1vel pelo c\u00e1lculo e publica\u00e7\u00e3o anual do Resultado Fiscal Estrutural (RFE), previsto no <a href=\"https:\/\/diariooficial.abc.go.gov.br\/portal\/visualizacoes\/pdf\/6732#\/p:4\/e:6732?find=CGFEG\" target=\"_blank\" rel=\"noopener\">Decreto n\u00ba 10.722\/2025<\/a> &#8211; um indicador essencial para liberar o uso dos recursos do Fundo de Estabiliza\u00e7\u00e3o Econ\u00f4mica de Goi\u00e1s em situa\u00e7\u00f5es excepcionais, como crises fiscais e fiscais. Al\u00e9m disso, com o <a href=\"https:\/\/diariooficial.abc.go.gov.br\/portal\/visualizacoes\/pdf\/6738#\/p:5\/e:6738?find=CONSELHO%20DE%20MONITORAMENTO%20E%20AVALIA%C3%87%C3%83O%20DE%20POL%C3%8DTICAS%20P%C3%9ABLICAS\" target=\"_blank\" rel=\"noopener\">Decreto n\u00ba 10.728\/2025<\/a>, o IMB tamb\u00e9m assume a coordena\u00e7\u00e3o t\u00e9cnica do Conselho de Monitoramento e Avalia\u00e7\u00e3o de Pol\u00edticas P\u00fablicas (CAP), sendo respons\u00e1vel por liderar os grupos t\u00e9cnicos, elaborar relat\u00f3rios avaliativos e garantir a infraestrutura necess\u00e1ria para o funcionamento do conselho.<\/p>\n<p>Estudantes do ensino m\u00e9dio, universit\u00e1rios, p\u00f3s-graduandos, doutorandos, professores, empres\u00e1rios, jornalistas e diversos outros profissionais utilizam o IMB como refer\u00eancia na busca por informa\u00e7\u00f5es qualificadas em diferentes \u00e1reas do conhecimento.<\/p>\n<p><strong><span style=\"color: #000000\">Saiba mais sobre o IMB:<\/span><\/strong><\/p>\n<ul>\n<li><a href=\"\/imb\/mauro-borges-o-pioneiro-do-planejamento-em-goias\/\">Quem foi Mauro Borges?<\/a><\/li>\n<li><a href=\"https:\/\/goias.gov.br\/imb\/nossa-historia\/\">Nossa Hist\u00f3ria<\/a><\/li>\n<li><a href=\"https:\/\/goias.gov.br\/imb\/wp-content\/uploads\/sites\/29\/2023\/12\/Regulamento_SGG_Decreto-n10355_05-de-Dezembro-de-2023_IMB.pdf\">Regulamento IMB<\/a><\/li>\n<li><a href=\"https:\/\/goias.gov.br\/imb\/corpo-tecnico-de-pesquisadores\/\">Corpo T\u00e9cnico<\/a><\/li>\n<\/ul>\n<ul class='post-meta'>\n<li><span class='post-meta-key'>rank_math_internal_links_processed:<\/span> 1<\/li>\n<li><span class='post-meta-key'>teste-campo:<\/span> <\/li>\n<li><span class='post-meta-key'>tpg-post-view-count:<\/span> 292<\/li>\n<li><span class='post-meta-key'>rank_math_seo_score:<\/span> 17<\/li>\n<li><span class='post-meta-key'>rank_math_primary_category:<\/span> 682<\/li>\n<\/ul>\n<\/div><\/div>\n\t\t\t\t\t\t<\/div>\n\t\t\t\t<\/div>\n\t\t<div class=\"elementor-element elementor-element-2fa6ae5 e-con-full e-flex e-con e-child\" data-id=\"2fa6ae5\" data-element_type=\"container\" data-e-type=\"container\">\n\t\t\t\t<div class=\"elementor-element elementor-element-5f0d232 elementor-widget elementor-widget-shortcode\" data-id=\"5f0d232\" data-element_type=\"widget\" data-e-type=\"widget\" data-widget_type=\"shortcode.default\">\n\t\t\t\t\t\t\t<div class=\"elementor-shortcode\"><div data-post-id=\"9854\" class=\"insert-page insert-page-9854 \"><h1 class='insert-page-title'>Diretor-Executivo<\/h1><h3><img fetchpriority=\"high\" fetchpriority=\"high\" decoding=\"async\" class=\"alignnone wp-image-13710 size-large\" src=\"https:\/\/goias.gov.br\/imb\/wp-content\/uploads\/sites\/29\/2023\/03\/Erik-Alencar-de-Figueiredo-1-683x1024.jpg\" alt=\"\" width=\"683\" height=\"1024\" srcset=\"https:\/\/goias.gov.br\/imb\/wp-content\/uploads\/sites\/29\/2023\/03\/Erik-Alencar-de-Figueiredo-1-683x1024.jpg 683w, https:\/\/goias.gov.br\/imb\/wp-content\/uploads\/sites\/29\/2023\/03\/Erik-Alencar-de-Figueiredo-1-200x300.jpg 200w, https:\/\/goias.gov.br\/imb\/wp-content\/uploads\/sites\/29\/2023\/03\/Erik-Alencar-de-Figueiredo-1-768x1152.jpg 768w, https:\/\/goias.gov.br\/imb\/wp-content\/uploads\/sites\/29\/2023\/03\/Erik-Alencar-de-Figueiredo-1-1024x1536.jpg 1024w, https:\/\/goias.gov.br\/imb\/wp-content\/uploads\/sites\/29\/2023\/03\/Erik-Alencar-de-Figueiredo-1-1365x2048.jpg 1365w, https:\/\/goias.gov.br\/imb\/wp-content\/uploads\/sites\/29\/2023\/03\/Erik-Alencar-de-Figueiredo-1-scaled.jpg 1706w\" sizes=\"(max-width: 683px) 100vw, 683px\" \/><\/h3>\n<h3><strong><span style=\"color: #008000\">Erik Alencar de Figueiredo<\/span><\/strong><\/h3>\n<p><span style=\"font-weight: 400\">Nascido em Concei\u00e7\u00e3o, no Estado da Para\u00edba, tem 45 anos, \u00e9 casado e pai de dois filhos. \u00c9 formado em Ci\u00eancias Econ\u00f4micas pela Universidade Federal da Para\u00edba (UFPB), mestre em Economia, tamb\u00e9m pela UFPB, doutor em Economia pela Universidade Federal do Rio Grande do Sul (UFRGS) e P\u00f3s-Doutor em Economia pela University of Tennessee (UTK), nos Estados Unidos.<\/span><\/p>\n<p><span style=\"font-weight: 400\">O Diretor-Executivo do IMB, foi presidente do Instituto de Pesquisa Econ\u00f4mica Aplicada (IPEA) e subsecret\u00e1rio de Pol\u00edtica Fiscal da Secretaria de Pol\u00edtica Econ\u00f4mica do Minist\u00e9rio da Economia. Tamb\u00e9m foi suplente do ministro da Economia, no Conselho da Previd\u00eancia Social, e atuou nos conselhos de administra\u00e7\u00e3o do Banco da Amaz\u00f4nia e da Associa\u00e7\u00e3o Brasileira de Desenvolvimento.\u00a0<\/span><\/p>\n<p><span style=\"font-weight: 400\">Especialista da \u00e1rea de economia, \u00e9 pesquisador n\u00edvel 1 do Conselho Nacional de Desenvolvimento Cient\u00edfico e Tecnol\u00f3gico (CNPq) e possui cerca de 70 artigos publicados em revistas nacionais e internacionais.<br \/>\n<\/span><\/p>\n<ul class='post-meta'>\n<li><span class='post-meta-key'>rank_math_internal_links_processed:<\/span> 1<\/li>\n<li><span class='post-meta-key'>teste-campo:<\/span> <\/li>\n<li><span class='post-meta-key'>tpg-post-view-count:<\/span> 543<\/li>\n<li><span class='post-meta-key'>rank_math_seo_score:<\/span> 8<\/li>\n<li><span class='post-meta-key'>rank_math_og_content_image:<\/span> a:2:{s:5:\"check\";s:32:\"a0ed336bee75945d7e6dcf08aba7868c\";s:6:\"images\";a:1:{i:0;s:102:\"https:\/\/goias.gov.br\/imb\/wp-content\/uploads\/sites\/29\/2023\/03\/Erik-Alencar-de-Figueiredo-1-683x1024.jpg\";}}<\/li>\n<li><span class='post-meta-key'>footnotes:<\/span> <\/li>\n<\/ul>\n<\/div><\/div>\n\t\t\t\t\t\t<\/div>\n\t\t\t\t<\/div>\n\t\t\t\t\t<\/div>\n\t\t\t\t<\/div>\n\t\t<div class=\"elementor-element elementor-element-5cc6d5d e-flex e-con-boxed e-con e-parent\" data-id=\"5cc6d5d\" data-element_type=\"container\" data-e-type=\"container\">\n\t\t\t\t\t<div class=\"e-con-inner\">\n\t\t<div class=\"elementor-element elementor-element-dc61b4c e-con-full e-flex e-con e-child\" data-id=\"dc61b4c\" data-element_type=\"container\" data-e-type=\"container\">\n\t\t\t\t<div class=\"elementor-element elementor-element-afb19f6 elementor-widget elementor-widget-shortcode\" data-id=\"afb19f6\" data-element_type=\"widget\" data-e-type=\"widget\" data-widget_type=\"shortcode.default\">\n\t\t\t\t\t\t\t<div class=\"elementor-shortcode\"><div data-post-id=\"8715\" class=\"insert-page insert-page-8715 \"><h1 class='insert-page-title'>Endere\u00e7os, Telefones, E-mails e Hor\u00e1rios de Atendimento<\/h1><p>Pra\u00e7a Dr. Pedro Ludovico Teixeira, n\u00ba 26, Antiga Chefatura de Pol\u00edcia<br \/>\nSetor Central, Goi\u00e2nia\/GO \u2013 CEP: 74003-010<br \/>\nAtendimento: 08h \u00e0s 12h e 14h \u00e0s 18h<\/p>\n<p><strong>Atendimento ao Cidad\u00e3o<\/strong><br \/>\nE-mail:\u00a0<a href=\"mailto:imb@goias.gov.br\">imb@goias.gov.br<\/a><br \/>\nTelefone:\u00a0(62) 3270-8661<\/p>\n<p><strong>Ouvidoria Setorial<\/strong><br \/>\nE-mail:\u00a0<a href=\"mailto:ouvidoria.sgg@goias.gov.br\">ouvidoria.sgg@goias.gov.br<\/a><\/p>\n<p><strong>Imprensa<\/strong><br \/>\nE-mail:\u00a0<a href=\"mailto:comunicacao.imb@goias.gov.br\">comunicacao.imb@goias.gov.br<\/a><br \/>\nTelefone: (62) 3270-8624 \/ (62) 3270-8625<br \/>\n(62) 3270-8626 \/ (62) 3270-8655<\/p>\n<h4><span style=\"color: #008000\">Confira os contatos de outras unidades do IMB<\/span><\/h4>\n<ul>\n<li><a href=\"https:\/\/goias.gov.br\/imb\/cargos-e-seus-ocupantes\/\" target=\"_blank\" rel=\"noopener\">Cargos e seus ocupantes<\/a><\/li>\n<\/ul>\n<ul class='post-meta'>\n<li><span class='post-meta-key'>rank_math_internal_links_processed:<\/span> 1<\/li>\n<li><span class='post-meta-key'>teste-campo:<\/span> <\/li>\n<li><span class='post-meta-key'>tpg-post-view-count:<\/span> 819<\/li>\n<li><span class='post-meta-key'>footnotes:<\/span> <\/li>\n<\/ul>\n<\/div><\/div>\n\t\t\t\t\t\t<\/div>\n\t\t\t\t<\/div>\n\t\t<div class=\"elementor-element elementor-element-c3d40de e-con-full e-flex e-con e-child\" data-id=\"c3d40de\" data-element_type=\"container\" data-e-type=\"container\">\n\t\t\t\t<div class=\"elementor-element elementor-element-063f27d elementor-widget elementor-widget-shortcode\" data-id=\"063f27d\" data-element_type=\"widget\" data-e-type=\"widget\" data-widget_type=\"shortcode.default\">\n\t\t\t\t\t\t\t<div class=\"elementor-shortcode\"><div data-post-id=\"8720\" class=\"insert-page insert-page-8720 \"><h1 class='insert-page-title'>Estrutura Organizacional<\/h1>\n<figure class=\"wp-block-image size-large is-resized\"><img decoding=\"async\" width=\"1024\" height=\"724\" src=\"https:\/\/goias.gov.br\/imb\/wp-content\/uploads\/sites\/29\/2023\/12\/SGG10032023-1-1-scaled-1-1024x724.jpg\" alt=\"\" class=\"wp-image-11759\" style=\"width:570px;height:auto\" srcset=\"https:\/\/goias.gov.br\/imb\/wp-content\/uploads\/sites\/29\/2023\/12\/SGG10032023-1-1-scaled-1-1024x724.jpg 1024w, https:\/\/goias.gov.br\/imb\/wp-content\/uploads\/sites\/29\/2023\/12\/SGG10032023-1-1-scaled-1-300x212.jpg 300w, https:\/\/goias.gov.br\/imb\/wp-content\/uploads\/sites\/29\/2023\/12\/SGG10032023-1-1-scaled-1-768x543.jpg 768w, https:\/\/goias.gov.br\/imb\/wp-content\/uploads\/sites\/29\/2023\/12\/SGG10032023-1-1-scaled-1-1536x1086.jpg 1536w, https:\/\/goias.gov.br\/imb\/wp-content\/uploads\/sites\/29\/2023\/12\/SGG10032023-1-1-scaled-1-2048x1448.jpg 2048w\" sizes=\"(max-width: 1024px) 100vw, 1024px\" \/><\/figure>\n\n\n<p>Fonte: \u00a0<a href=\"https:\/\/legisla.casacivil.go.gov.br\/pesquisa_legislacao\/106749\/lei-21792\" target=\"_blank\" rel=\"noopener\">Lei n\u00ba 21.792, de 16 de fevereiro de 2023<\/a><\/p>\n<p>Saiba quem s\u00e3o nossos servidores e as fun\u00e7\u00f5es que exercem:<\/p>\n<ul>\n<li><a href=\"https:\/\/goias.gov.br\/imb\/cargos-e-seus-ocupantes\/\">Cargos e seus ocupantes<\/a><\/li>\n<\/ul><ul class='post-meta'>\n<li><span class='post-meta-key'>rank_math_internal_links_processed:<\/span> 1<\/li>\n<li><span class='post-meta-key'>teste-campo:<\/span> <\/li>\n<li><span class='post-meta-key'>tpg-post-view-count:<\/span> 346<\/li>\n<li><span class='post-meta-key'>rank_math_og_content_image:<\/span> a:2:{s:5:\"check\";s:32:\"764b1490fd6f311c2db552c1f07f2ad0\";s:6:\"images\";a:1:{i:0;i:11759;}}<\/li>\n<li><span class='post-meta-key'>ao_post_optimize:<\/span> a:6:{s:16:\"ao_post_optimize\";s:2:\"on\";s:19:\"ao_post_js_optimize\";s:2:\"on\";s:20:\"ao_post_css_optimize\";s:2:\"on\";s:12:\"ao_post_ccss\";s:2:\"on\";s:16:\"ao_post_lazyload\";s:2:\"on\";s:15:\"ao_post_preload\";s:0:\"\";}<\/li>\n<li><span class='post-meta-key'>rank_math_primary_category:<\/span> 682<\/li>\n<li><span class='post-meta-key'>rank_math_seo_score:<\/span> 18<\/li>\n<\/ul>\n<\/div><\/div>\n\t\t\t\t\t\t<\/div>\n\t\t\t\t<\/div>\n\t\t\t\t\t<\/div>\n\t\t\t\t<\/div>\n\t\t\t\t<\/div>\n\t\t","protected":false},"excerpt":{"rendered":"","protected":false},"author":222,"featured_media":0,"parent":0,"menu_order":0,"comment_status":"closed","ping_status":"closed","template":"wppb_theme_template","meta":{"footnotes":""},"class_list":["post-5748","page","type-page","status-publish","hentry"],"rttpg_featured_image_url":null,"rttpg_author":{"display_name":"diegomsilva","author_link":"https:\/\/goias.gov.br\/imb\/author\/diegomsilva\/"},"rttpg_comment":0,"rttpg_category":"","rttpg_excerpt":null,"_links":{"self":[{"href":"https:\/\/goias.gov.br\/imb\/wp-json\/wp\/v2\/pages\/5748","targetHints":{"allow":["GET"]}}],"collection":[{"href":"https:\/\/goias.gov.br\/imb\/wp-json\/wp\/v2\/pages"}],"about":[{"href":"https:\/\/goias.gov.br\/imb\/wp-json\/wp\/v2\/types\/page"}],"author":[{"embeddable":true,"href":"https:\/\/goias.gov.br\/imb\/wp-json\/wp\/v2\/users\/222"}],"replies":[{"embeddable":true,"href":"https:\/\/goias.gov.br\/imb\/wp-json\/wp\/v2\/comments?post=5748"}],"version-history":[{"count":2,"href":"https:\/\/goias.gov.br\/imb\/wp-json\/wp\/v2\/pages\/5748\/revisions"}],"predecessor-version":[{"id":16146,"href":"https:\/\/goias.gov.br\/imb\/wp-json\/wp\/v2\/pages\/5748\/revisions\/16146"}],"wp:attachment":[{"href":"https:\/\/goias.gov.br\/imb\/wp-json\/wp\/v2\/media?parent=5748"}],"curies":[{"name":"wp","href":"https:\/\/api.w.org\/{rel}","templated":true}]}}