
{"id":16310,"date":"2026-03-27T10:04:39","date_gmt":"2026-03-27T13:04:39","guid":{"rendered":"https:\/\/goias.gov.br\/imb\/?page_id=16310"},"modified":"2026-03-27T10:04:39","modified_gmt":"2026-03-27T13:04:39","slug":"sistema-de-previsao-de-series-temporais","status":"publish","type":"page","link":"https:\/\/goias.gov.br\/imb\/sistema-de-previsao-de-series-temporais\/","title":{"rendered":"Sistema de Previs\u00e3o de S\u00e9ries Temporais"},"content":{"rendered":"\n<p>O Instituto Mauro Borges (IMB) disponibiliza uma ferramenta interativa que permite gerar proje\u00e7\u00f5es de forma simples, r\u00e1pida e gratuita.<\/p>\n\n\n\n<p>Com base em m\u00e9todos estat\u00edsticos, econom\u00e9tricos e de aprendizado de m\u00e1quina, o sistema possibilita estimar o comportamento futuro de diferentes vari\u00e1veis \u2014 como vendas, demanda, produ\u00e7\u00e3o ou receitas \u2014 a partir de dados hist\u00f3ricos.<\/p>\n\n\n\n<p>Basta inserir sua base de dados, definir a vari\u00e1vel de interesse e configurar os par\u00e2metros de an\u00e1lise. A plataforma processa as informa\u00e7\u00f5es automaticamente e apresenta os resultados de forma visual, permitindo comparar modelos e apoiar decis\u00f5es com base em evid\u00eancias.<\/p>\n\n\n\n<div class=\"wp-block-buttons is-content-justification-center is-layout-flex wp-container-core-buttons-is-layout-16018d1d wp-block-buttons-is-layout-flex\">\n<div class=\"wp-block-button\"><a class=\"wp-block-button__link has-background has-text-align-center wp-element-button\" href=\"https:\/\/calculadora.imb.go.gov.br\/\" style=\"background-color:#2da44a\">ACESSE A FERRAMENTA<\/a><\/div>\n<\/div>\n","protected":false},"excerpt":{"rendered":"<p>O Instituto Mauro Borges (IMB) disponibiliza uma ferramenta interativa que permite gerar proje\u00e7\u00f5es de forma simples, r\u00e1pida e gratuita. Com base em m\u00e9todos estat\u00edsticos, econom\u00e9tricos e de aprendizado de m\u00e1quina, o sistema possibilita estimar o comportamento futuro de diferentes vari\u00e1veis \u2014 como vendas, demanda, produ\u00e7\u00e3o ou receitas \u2014 a partir de dados hist\u00f3ricos. Basta inserir [&hellip;]<\/p>\n","protected":false},"author":245,"featured_media":0,"parent":0,"menu_order":0,"comment_status":"closed","ping_status":"closed","template":"","meta":{"footnotes":""},"class_list":["post-16310","page","type-page","status-publish","hentry"],"rttpg_featured_image_url":null,"rttpg_author":{"display_name":"gabriellabeltrao","author_link":"https:\/\/goias.gov.br\/imb\/author\/gabriellabeltrao\/"},"rttpg_comment":0,"rttpg_category":null,"rttpg_excerpt":"O Instituto Mauro Borges (IMB) disponibiliza uma ferramenta interativa que permite gerar proje\u00e7\u00f5es de forma simples, r\u00e1pida e gratuita. Com base em m\u00e9todos estat\u00edsticos, econom\u00e9tricos e de aprendizado de m\u00e1quina, o sistema possibilita estimar o comportamento futuro de diferentes vari\u00e1veis \u2014 como vendas, demanda, produ\u00e7\u00e3o ou receitas \u2014 a partir de dados hist\u00f3ricos. Basta inserir&hellip;","_links":{"self":[{"href":"https:\/\/goias.gov.br\/imb\/wp-json\/wp\/v2\/pages\/16310","targetHints":{"allow":["GET"]}}],"collection":[{"href":"https:\/\/goias.gov.br\/imb\/wp-json\/wp\/v2\/pages"}],"about":[{"href":"https:\/\/goias.gov.br\/imb\/wp-json\/wp\/v2\/types\/page"}],"author":[{"embeddable":true,"href":"https:\/\/goias.gov.br\/imb\/wp-json\/wp\/v2\/users\/245"}],"replies":[{"embeddable":true,"href":"https:\/\/goias.gov.br\/imb\/wp-json\/wp\/v2\/comments?post=16310"}],"version-history":[{"count":1,"href":"https:\/\/goias.gov.br\/imb\/wp-json\/wp\/v2\/pages\/16310\/revisions"}],"predecessor-version":[{"id":16311,"href":"https:\/\/goias.gov.br\/imb\/wp-json\/wp\/v2\/pages\/16310\/revisions\/16311"}],"wp:attachment":[{"href":"https:\/\/goias.gov.br\/imb\/wp-json\/wp\/v2\/media?parent=16310"}],"curies":[{"name":"wp","href":"https:\/\/api.w.org\/{rel}","templated":true}]}}