
{"id":14100,"date":"2024-07-03T15:14:56","date_gmt":"2024-07-03T18:14:56","guid":{"rendered":"https:\/\/goias.gov.br\/imb\/?page_id=14100"},"modified":"2026-04-14T13:23:22","modified_gmt":"2026-04-14T16:23:22","slug":"cargos-e-seus-ocupantes","status":"publish","type":"page","link":"https:\/\/goias.gov.br\/imb\/cargos-e-seus-ocupantes\/","title":{"rendered":"Cargos e Seus Ocupantes"},"content":{"rendered":"<h4 class=\"wp-block-heading\"><span style=\"color: #008000;\">Diretoria-Executiva<\/span><\/h4>\n<p><span style=\"color: #000000;\">Diretor-Executivo:\u00a0<b>ERIK ALENCAR DE FIGUEIREDO<br \/>\n<\/b>Pra\u00e7a Dr. Pedro Ludovico Teixeira, n\u00ba 26, Antiga Chefatura de Pol\u00edcia<\/span><br \/>\n<span style=\"color: #000000;\">Setor Central\u00a0\u2013 Goi\u00e2nia\/GO \u2013 CEP: 74003-010<\/span><br \/>\n<span style=\"color: #000000;\">E-mail:\u00a0<\/span><a href=\"mailto:erik.figueiredo@goias.gov.br\">erik.figueiredo@goias.gov.br<\/a><br \/>\n<span style=\"color: #000000;\">Telefone: (62) 3270-8660<\/span><br \/>\n<span style=\"color: #000000;\">Unidade SEI: 19206<\/span><\/p>\n<h4 class=\"wp-block-heading\"><span style=\"color: #008000;\">Assessoria-Executiva<\/span><\/h4>\n<p><span style=\"color: #000000;\">Assessor-Executivo: <strong>EV\u00c2NIO MARQUES DE SOUZA J\u00daNIOR<\/strong><b><br \/>\n<\/b>Pra\u00e7a Dr. Pedro Ludovico Teixeira, n\u00ba 26, Antiga Chefatura de Pol\u00edcia<\/span><br \/>\n<span style=\"color: #000000;\">Setor Central\u00a0\u2013 Goi\u00e2nia\/GO \u2013 CEP: 74003-010<\/span><br \/>\n<span style=\"color: #000000;\">E-mail:<\/span> <a href=\"mailto:evanio.souza@goias.gov.br\">evanio.souza@goias.gov.br<\/a><br \/>\n<span style=\"color: #000000;\">Telefone: (62) 3270-8660<\/span><br \/>\n<span style=\"color: #000000;\">Unidade SEI: 21157<\/span><\/p>\n<h4><span style=\"color: #008000;\">Assessoria Especial<\/span><\/h4>\n<p><span style=\"color: #000000;\">Assessor: <strong>ALEXANDRE RODRIGUES LOURES<\/strong><b><br \/>\n<\/b>Pra\u00e7a Dr. Pedro Ludovico Teixeira, n\u00ba 26, Antiga Chefatura de Pol\u00edcia<\/span><br \/>\n<span style=\"color: #000000;\">Setor Central\u00a0\u2013 Goi\u00e2nia\/GO \u2013 CEP: 74003-010<\/span><br \/>\n<span style=\"color: #000000;\">E-mail: <\/span><a href=\"mailto:alexandre.loures@goias.gov.br\">alexandre.loures@goias.gov.br<\/a><br \/>\n<span style=\"color: #000000;\">Telefone: (62) 3270-8660<\/span><br \/>\n<span style=\"color: #000000;\">Unidade SEI: 22838<\/span><\/p>\n<h4 class=\"wp-block-heading\"><span style=\"color: #008000;\">Superintend\u00eancia de Intelig\u00eancia de Dados e Geotecnologias<\/span><\/h4>\n<p><span style=\"color: #000000;\">Superintendente:\u00a0<b>RUBENS VILLAR SIQUEIRA<br \/>\n<\/b>Pra\u00e7a Dr. Pedro Ludovico Teixeira, n\u00ba 26, Antiga Chefatura de Pol\u00edcia<\/span><br \/>\n<span style=\"color: #000000;\">Setor Central\u00a0\u2013 Goi\u00e2nia\/GO \u2013 CEP: 74003-010<\/span><br \/>\n<span style=\"color: #000000;\">E-mail:<\/span> <a href=\"mailto:rubens.siqueira@goias.gov.br\">rubens.siqueira@goias.gov.br<\/a><br \/>\n<span style=\"color: #000000;\">Telefone: (62) 3270-8662<\/span><br \/>\n<span style=\"color: #000000;\">Unidade SEI: 21158<\/span><\/p>\n<p><span style=\"color: #000000;\">Ger\u00eancia de Dados e Estat\u00edsticas<\/span><\/p>\n<p><span style=\"color: #000000;\">Gerente:\u00a0<b>WESLEY MODANEZ FREITAS<br \/>\n<\/b>Pra\u00e7a Dr. Pedro Ludovico Teixeira, n\u00ba 26, Antiga Chefatura de Pol\u00edcia<\/span><br \/>\n<span style=\"color: #000000;\">Setor Central\u00a0\u2013 Goi\u00e2nia\/GO \u2013 CEP: 74003-010<\/span><br \/>\n<span style=\"color: #000000;\">E-mail:<\/span> <a href=\"mailto:wesley.modanez@goias.gov.br\">wesley.modanez@goias.gov.br<\/a><br \/>\n<span style=\"color: #000000;\">Telefone: (62) 3270-8674<\/span><br \/>\n<span style=\"color: #000000;\">Unidade SEI: 19208<\/span><\/p>\n<p><span style=\"color: #000000;\">Ger\u00eancia de Geotecnologias<\/span><\/p>\n<p><span style=\"color: #000000;\">Gerente: <strong>HELBER DE CARVALHO<\/strong><b><br \/>\n<\/b>Pra\u00e7a Dr. Pedro Ludovico Teixeira, n\u00ba 26, Antiga Chefatura de Pol\u00edcia<\/span><br \/>\n<span style=\"color: #000000;\">Setor Central\u00a0\u2013 Goi\u00e2nia\/GO \u2013 CEP: 74003-010<\/span><br \/>\n<span style=\"color: #000000;\">E-mail:<\/span> <a href=\"mailto:helber.carvalho@goias.gov.br\">helber.carvalho@goias.gov.br<\/a><br \/>\n<span style=\"color: #000000;\">Telefone: (62) 3270-8664<\/span><br \/>\n<span style=\"color: #000000;\">Unidade SEI: 21159<\/span><\/p>\n<h4 class=\"wp-block-heading\"><span style=\"color: #008000;\">Superintend\u00eancia de Estudos e Avalia\u00e7\u00e3o<\/span><\/h4>\n<p><span style=\"color: #000000;\">Superintendente:\u00a0<strong>PAULO DOMINGOS DA SILVA MATOS<\/strong><\/span><br \/>\n<span style=\"color: #000000;\">Pra\u00e7a Dr. Pedro Ludovico Teixeira, n\u00ba 26, Antiga Chefatura de Pol\u00edcia<\/span><br \/>\n<span style=\"color: #000000;\">Setor Central \u2013 Goi\u00e2nia\/GO \u2013 CEP: 74003-010<\/span><br \/>\n<span style=\"color: #000000;\">E-mail:\u00a0<\/span><a href=\"mailto:paulo.matos@goias.gov.br\">paulo.matos@goias.gov.br<\/a><br \/>\n<span style=\"color: #000000;\">Telefone: (62) 3270-8662<\/span><br \/>\n<span style=\"color: #000000;\">Unidade SEI: 21160<\/span><\/p>\n<p><span style=\"color: #000000;\">Ger\u00eancia de Estudos Econ\u00f4micos<\/span><\/p>\n<p><span style=\"color: #000000;\">Gerente: <strong>JO\u00c3O KLEBER EST\u00c1CIO DE LIMA<\/strong><strong><br \/>\n<\/strong>Pra\u00e7a Dr. Pedro Ludovico Teixeira, n\u00ba 26, Antiga Chefatura de Pol\u00edcia<\/span><br \/>\n<span style=\"color: #000000;\">Setor Central\u00a0\u2013 Goi\u00e2nia\/GO \u2013 CEP: 74003-010<\/span><br \/>\n<span style=\"color: #000000;\">E-mail:<\/span> <a href=\"mailto:joao.elima@goias.gov.br\">joao.elima@goias.gov.br<\/a><br \/>\n<span style=\"color: #000000;\">Telefone: (62) 3270-8665<\/span><br \/>\n<span style=\"color: #000000;\">Unidade SEI: 19207<\/span><\/p>\n<p><span style=\"color: #000000;\">Ger\u00eancia de Estudos do Meio Ambiente e do Agroneg\u00f3cio<\/span><\/p>\n<p><span style=\"color: #000000;\">Gerente:\u00a0<b>\u00c9RICA BAS\u00cdLIO TAVARES RAMOS<br \/>\n<\/b>Pra\u00e7a Dr. Pedro Ludovico Teixeira, n\u00ba 26, Antiga Chefatura de Pol\u00edcia<\/span><br \/>\n<span style=\"color: #000000;\">Setor Central\u00a0\u2013 Goi\u00e2nia\/GO \u2013 CEP: 74003-010<\/span><br \/>\n<span style=\"color: #000000;\">E-mail:<\/span>\u00a0<a href=\"mailto:erica.ramos@goias.gov.br\"><span class=\"allowTextSelection _rpc_C1 ms-font-color-themePrimary ms-font-s\" title=\"erica.ramos@goias.gov.br\">erica.ramos@goias.gov.br<\/span><\/a><br \/>\n<span style=\"color: #000000;\">Telefone: (62) 3270-8665<\/span><br \/>\n<span style=\"color: #000000;\">Unidade SEI: 19210<\/span><\/p>\n<h4 class=\"wp-block-heading\"><span style=\"color: #008000;\">Superintend\u00eancia de Estudos e Proje\u00e7\u00f5es Macroecon\u00f4micas<\/span><\/h4>\n<p><span style=\"color: #000000;\">Superintendente:\u00a0<b>S\u00c1VIO LUAN DA COSTA OLIVEIRA<\/b><b><br \/>\n<\/b>Pra\u00e7a Dr. Pedro Ludovico Teixeira, n\u00ba 26, Antiga Chefatura de Pol\u00edcia<\/span><br \/>\n<span style=\"color: #000000;\">Setor Central\u00a0\u2013 Goi\u00e2nia\/GO \u2013 CEP: 74003-010<\/span><br \/>\n<span style=\"color: #000000;\">E-mail:<\/span>\u00a0<a class=\"_rpc_i1 o365button\" role=\"link\" href=\"mailto:savio.oliveira@goias.gov.br\"><span class=\"allowTextSelection _rpc_C1 ms-font-color-themePrimary ms-font-s\" title=\"savio.oliveira@goias.gov.br\">savio.oliveira@goias.gov.br<\/span><\/a><br \/>\n<span style=\"color: #000000;\">Telefone: (62) 3270-8662<\/span><br \/>\n<span style=\"color: #000000;\">Unidade SEI: 21161<\/span><\/p>\n<p><span style=\"color: #000000;\">Ger\u00eancia de Indicadores Econ\u00f4micos<\/span><\/p>\n<p><span style=\"color: #000000;\">Gerente:\u00a0<b>RAFAEL DOS REIS COSTA<br \/>\n<\/b>Pra\u00e7a Dr. Pedro Ludovico Teixeira, n\u00ba 26, Antiga Chefatura de Pol\u00edcia<\/span><br \/>\n<span style=\"color: #000000;\">Setor Central\u00a0\u2013 Goi\u00e2nia\/GO \u2013 CEP: 74003-010<\/span><br \/>\nE-mail:\u00a0<a href=\"mailto:rafael.costa@goias.gov.br\">rafael.costa@goias.gov.br<\/a><br \/>\n<span style=\"color: #000000;\">Telefone: (62) 3270-8665<\/span><br \/>\n<span style=\"color: #000000;\">Unidade SEI: 19209<\/span><\/p>\n<p><span style=\"color: #000000;\">Ger\u00eancia de Proje\u00e7\u00f5es Macroecon\u00f4micas<\/span><\/p>\n<p><span style=\"color: #000000;\">Gerente: <strong>ROBERTO RODRIGUES GOMES DA COSTA<\/strong><strong><br \/>\n<\/strong>Pra\u00e7a Dr. Pedro Ludovico Teixeira, n\u00ba 26, Antiga Chefatura de Pol\u00edcia<\/span><br \/>\n<span style=\"color: #000000;\">Setor Central \u2013 Goi\u00e2nia\/GO \u2013 CEP: 74003-010<\/span><br \/>\n<span style=\"color: #000000;\">E-mail: <a href=\"mailto:roberto.gcosta@goias.gov.br\">roberto.gcosta@goias.gov.br<\/a><\/span><br \/>\n<span style=\"color: #000000;\">Telefone: (62) 3270-8665<\/span><br \/>\n<span style=\"color: #000000;\">Unidade SEI: 21162<\/span><\/p>\n","protected":false},"excerpt":{"rendered":"<p>Diretoria-Executiva Diretor-Executivo:\u00a0ERIK ALENCAR DE FIGUEIREDO Pra\u00e7a Dr. Pedro Ludovico Teixeira, n\u00ba 26, Antiga Chefatura de Pol\u00edcia Setor Central\u00a0\u2013 Goi\u00e2nia\/GO \u2013 CEP: 74003-010 E-mail:\u00a0erik.figueiredo@goias.gov.br Telefone: (62) 3270-8660 Unidade SEI: 19206 Assessoria-Executiva Assessor-Executivo: EV\u00c2NIO MARQUES DE SOUZA J\u00daNIOR Pra\u00e7a Dr. Pedro Ludovico Teixeira, n\u00ba 26, Antiga Chefatura de Pol\u00edcia Setor Central\u00a0\u2013 Goi\u00e2nia\/GO \u2013 CEP: 74003-010 E-mail: evanio.souza@goias.gov.br [&hellip;]<\/p>\n","protected":false},"author":60,"featured_media":0,"parent":0,"menu_order":0,"comment_status":"closed","ping_status":"closed","template":"","meta":{"footnotes":""},"class_list":["post-14100","page","type-page","status-publish","hentry"],"rttpg_featured_image_url":null,"rttpg_author":{"display_name":"anapcarvalho","author_link":"https:\/\/goias.gov.br\/imb\/author\/anapcarvalho\/"},"rttpg_comment":0,"rttpg_category":null,"rttpg_excerpt":"Diretoria-Executiva Diretor-Executivo:\u00a0ERIK ALENCAR DE FIGUEIREDO Pra\u00e7a Dr. Pedro Ludovico Teixeira, n\u00ba 26, Antiga Chefatura de Pol\u00edcia Setor Central\u00a0\u2013 Goi\u00e2nia\/GO \u2013 CEP: 74003-010 E-mail:\u00a0erik.figueiredo@goias.gov.br Telefone: (62) 3270-8660 Unidade SEI: 19206 Assessoria-Executiva Assessor-Executivo: EV\u00c2NIO MARQUES DE SOUZA J\u00daNIOR Pra\u00e7a Dr. Pedro Ludovico Teixeira, n\u00ba 26, Antiga Chefatura de Pol\u00edcia Setor Central\u00a0\u2013 Goi\u00e2nia\/GO \u2013 CEP: 74003-010 E-mail: evanio.souza@goias.gov.br&hellip;","_links":{"self":[{"href":"https:\/\/goias.gov.br\/imb\/wp-json\/wp\/v2\/pages\/14100","targetHints":{"allow":["GET"]}}],"collection":[{"href":"https:\/\/goias.gov.br\/imb\/wp-json\/wp\/v2\/pages"}],"about":[{"href":"https:\/\/goias.gov.br\/imb\/wp-json\/wp\/v2\/types\/page"}],"author":[{"embeddable":true,"href":"https:\/\/goias.gov.br\/imb\/wp-json\/wp\/v2\/users\/60"}],"replies":[{"embeddable":true,"href":"https:\/\/goias.gov.br\/imb\/wp-json\/wp\/v2\/comments?post=14100"}],"version-history":[{"count":2,"href":"https:\/\/goias.gov.br\/imb\/wp-json\/wp\/v2\/pages\/14100\/revisions"}],"predecessor-version":[{"id":16353,"href":"https:\/\/goias.gov.br\/imb\/wp-json\/wp\/v2\/pages\/14100\/revisions\/16353"}],"wp:attachment":[{"href":"https:\/\/goias.gov.br\/imb\/wp-json\/wp\/v2\/media?parent=14100"}],"curies":[{"name":"wp","href":"https:\/\/api.w.org\/{rel}","templated":true}]}}