
{"id":11715,"date":"2023-12-14T14:48:12","date_gmt":"2023-12-14T17:48:12","guid":{"rendered":"https:\/\/siteshom.goias.gov.br\/imb\/?page_id=11715"},"modified":"2026-01-22T15:51:21","modified_gmt":"2026-01-22T18:51:21","slug":"indice-de-vulnerabilidade-juvenil-dos-municipios","status":"publish","type":"page","link":"https:\/\/goias.gov.br\/imb\/indice-de-vulnerabilidade-juvenil-dos-municipios\/","title":{"rendered":"\u00cdndice de Vulnerabilidade Juvenil dos Munic\u00edpios"},"content":{"rendered":"\t\t<div data-elementor-type=\"wp-page\" data-elementor-id=\"11715\" class=\"elementor elementor-11715\">\n\t\t\t\t<div class=\"elementor-element elementor-element-b0bde3a e-flex e-con-boxed e-con e-parent\" data-id=\"b0bde3a\" data-element_type=\"container\" data-e-type=\"container\">\n\t\t\t\t\t<div class=\"e-con-inner\">\n\t\t\t\t<div class=\"elementor-element elementor-element-21745de elementor-widget elementor-widget-text-editor\" data-id=\"21745de\" data-element_type=\"widget\" data-e-type=\"widget\" data-widget_type=\"text-editor.default\">\n\t\t\t\t\t\t\t\t\t<h1 class=\"header\">\u00cdndice de Vulnerabilidade Juvenil dos Munic\u00edpios <small style=\"font-size: 70%; color: #6c757d !important; font-weight: 400;\">IVJ &#8211; \u00cdndice de Vulnerabilidade Juvenil dos Munic\u00edpios<\/small><\/h1>\t\t\t\t\t\t\t\t<\/div>\n\t\t\t\t\t<\/div>\n\t\t\t\t<\/div>\n\t\t<div class=\"elementor-element elementor-element-ee2f23a e-flex e-con-boxed e-con e-parent\" data-id=\"ee2f23a\" data-element_type=\"container\" data-e-type=\"container\">\n\t\t\t\t\t<div class=\"e-con-inner\">\n\t\t<div class=\"elementor-element elementor-element-1e0a9eb e-con-full e-flex e-con e-child\" data-id=\"1e0a9eb\" data-element_type=\"container\" data-e-type=\"container\">\n\t\t\t\t<div class=\"elementor-element elementor-element-aefb170 elementor-widget elementor-widget-image\" data-id=\"aefb170\" data-element_type=\"widget\" data-e-type=\"widget\" data-widget_type=\"image.default\">\n\t\t\t\t\t\t\t\t\t\t\t\t\t\t\t<img fetchpriority=\"high\" decoding=\"async\" width=\"684\" height=\"361\" src=\"https:\/\/goias.gov.br\/imb\/wp-content\/uploads\/sites\/29\/2023\/12\/Capturadetela2022-11-17072517-1.png\" class=\"attachment-large size-large wp-image-11717\" alt=\"\" srcset=\"https:\/\/goias.gov.br\/imb\/wp-content\/uploads\/sites\/29\/2023\/12\/Capturadetela2022-11-17072517-1.png 684w, https:\/\/goias.gov.br\/imb\/wp-content\/uploads\/sites\/29\/2023\/12\/Capturadetela2022-11-17072517-1-300x158.png 300w\" sizes=\"(max-width: 684px) 100vw, 684px\" \/>\t\t\t\t\t\t\t\t\t\t\t\t\t\t\t<\/div>\n\t\t\t\t<div class=\"elementor-element elementor-element-0f92d30 elementor-widget elementor-widget-text-editor\" data-id=\"0f92d30\" data-element_type=\"widget\" data-e-type=\"widget\" data-widget_type=\"text-editor.default\">\n\t\t\t\t\t\t\t\t\t<p>\u00cdndice de Vulnerabilidade Juvenil \u2013 IVJ \u00e9 uma medida que busca avaliar as condi\u00e7\u00f5es de vida em que se desenvolvem e adentram \u00e0 vida adulta os jovens em cada um dos 246 munic\u00edpios goianos al\u00e9m de fazer uma an\u00e1lise mais aprofundada da Regi\u00e3o Metropolitana de Goi\u00e2nia e do Entorno do Distrito Federal.<\/p><p>Como se trata de indicador calculado com dados censit\u00e1rios, sua atualiza\u00e7\u00e3o ocorrer\u00e1 somente quando disponibilizados os dados do Censo Demogr\u00e1fico de 2020.<\/p><p>\u00a0<\/p>\t\t\t\t\t\t\t\t<\/div>\n\t\t\t\t<\/div>\n\t\t<div class=\"elementor-element elementor-element-b2406e9 e-con-full e-flex e-con e-child\" data-id=\"b2406e9\" data-element_type=\"container\" data-e-type=\"container\">\n\t\t\t\t<div class=\"elementor-element elementor-element-66a0d57 elementor-widget elementor-widget-shortcode\" data-id=\"66a0d57\" data-element_type=\"widget\" data-e-type=\"widget\" data-widget_type=\"shortcode.default\">\n\t\t\t\t\t\t\t<div class=\"elementor-shortcode\"><style type='text\/css' media='all'>#rt-tpg-container-112610099 .rt-holder .rt-woo-info .price{color:#0367bf;}body .rt-tpg-container .rt-tpg-isotope-buttons .selected,\n\t\t\t\t\t#rt-tpg-container-112610099 .layout12 .rt-holder:hover .rt-detail,\n\t\t\t\t\t#rt-tpg-container-112610099 .isotope8 .rt-holder:hover .rt-detail,\n\t\t\t\t\t#rt-tpg-container-112610099 .carousel8 .rt-holder:hover .rt-detail,\n\t\t\t\t\t#rt-tpg-container-112610099 .layout13 .rt-holder .overlay .post-info,\n\t\t\t\t\t#rt-tpg-container-112610099 .isotope9 .rt-holder .overlay .post-info,\n\t\t\t\t\t#rt-tpg-container-112610099.rt-tpg-container .layout4 .rt-holder .rt-detail,\n\t\t\t\t\t.rt-modal-112610099 .md-content,\n\t\t\t\t\t.rt-modal-112610099 .md-content > .rt-md-content-holder .rt-md-content,\n\t\t\t\t\t.rt-popup-wrap-112610099.rt-popup-wrap .rt-popup-navigation-wrap,\n\t\t\t\t\t#rt-tpg-container-112610099 .carousel9 .rt-holder .overlay .post-info{background-color:#0367bf;}#rt-tpg-container-112610099 .layout5 .rt-holder .overlay, #rt-tpg-container-112610099 .isotope2 .rt-holder .overlay, #rt-tpg-container-112610099 .carousel2 .rt-holder .overlay,#rt-tpg-container-112610099 .layout15 .rt-holder h3, #rt-tpg-container-112610099 .isotope11 .rt-holder h3, #rt-tpg-container-112610099 .carousel11 .rt-holder h3, #rt-tpg-container-112610099 .layout16 .rt-holder h3,\n\t\t\t\t\t#rt-tpg-container-112610099 .isotope12 .rt-holder h3, #rt-tpg-container-112610099 .carousel12 .rt-holder h3 {background-color:rgba(3,103,191,0.8);}#rt-tpg-container-112610099 .read-more a{border-radius:px;}#rt-tpg-container-112610099 .rt-img-holder img.rt-img-responsive,#rt-tpg-container-112610099 .rt-img-holder,\n\t\t\t\t\t#rt-tpg-container-112610099 .rt-post-overlay .post-img,\n\t\t\t\t\t#rt-tpg-container-112610099 .post-sm .post-img,\n\t\t\t\t\t#rt-tpg-container-112610099 .rt-post-grid .post-img,\n\t\t\t\t\t#rt-tpg-container-112610099 .post-img img {border-radius:px;}<\/style><div class='rt-container-fluid rt-tpg-container tpg-shortcode-main-wrapper ' id='rt-tpg-container-112610099'   data-layout='layout2' data-grid-style='even' data-desktop-col='1'  data-tab-col='1'  data-mobile-col='1' data-sc-id='11718'><div data-title='Loading ...' class='rt-row rt-content-loader   layout2 tpg-even '><div class=\"rt-col-md-12 rt-col-sm-12 rt-col-xs-12 even-grid-item rt-grid-item\" data-id=\"6109\"><div class=\"rt-holder\"><div class=\"rt-row\"><div class='rt-col-sm-4 rt-col-xs-12 '><div class=\"rt-img-holder\"><a data-id='6109' class='' href='https:\/\/goias.gov.br\/imb\/ivj-indice-de-vulnerabilidade-juvenil-dos-municipios-goianos-2010-novembro-2013\/'><img decoding=\"async\" width=\"226\" height=\"318\" src=\"https:\/\/goias.gov.br\/imb\/wp-content\/uploads\/sites\/29\/2013\/11\/ivj2010-d95.jpg\" class=\"rt-img-responsive \" alt=\"\" \/><\/a><\/div><\/div><div class='rt-col-sm-8 rt-col-xs-12 '><div class='rt-detail'><h3 class=\"entry-title\"><a data-id=\"6109\" class=\"\" href=\"https:\/\/goias.gov.br\/imb\/ivj-indice-de-vulnerabilidade-juvenil-dos-municipios-goianos-2010-novembro-2013\/\">IVJ &#8211; \u00cdndice de Vulnerabilidade Juvenil dos Munic\u00edpios Goianos &#8211; 2010 &#8211; Novembro\/2013<\/a><\/h3><div class='post-meta-user '><span class='date-meta'>18 de novembro de 2013<\/span><\/div><div class='tpg-excerpt'>Este estudo procura medir a vulnerabilidade juvenil dos munic\u00edpios goianos, tra\u00e7ando um perfil das condi\u00e7\u00f5es...<\/div><\/div><\/div><\/div><\/div><\/div><\/div><\/div><\/div>\n\t\t\t\t\t\t<\/div>\n\t\t\t\t<\/div>\n\t\t\t\t\t<\/div>\n\t\t\t\t<\/div>\n\t\t\t\t<\/div>\n\t\t","protected":false},"excerpt":{"rendered":"<p>\u00cdndice de Vulnerabilidade Juvenil dos Munic\u00edpios IVJ &#8211; \u00cdndice de Vulnerabilidade Juvenil dos Munic\u00edpios \u00cdndice de Vulnerabilidade Juvenil \u2013 IVJ \u00e9 uma medida que busca avaliar as condi\u00e7\u00f5es de vida em que se desenvolvem e adentram \u00e0 vida adulta os jovens em cada um dos 246 munic\u00edpios goianos al\u00e9m de fazer uma an\u00e1lise mais aprofundada [&hellip;]<\/p>\n","protected":false},"author":7,"featured_media":0,"parent":0,"menu_order":0,"comment_status":"closed","ping_status":"closed","template":"wppb_theme_template","meta":{"footnotes":""},"class_list":["post-11715","page","type-page","status-publish","hentry"],"rttpg_featured_image_url":null,"rttpg_author":{"display_name":"gustavogoncalves","author_link":"https:\/\/goias.gov.br\/imb\/author\/gustavogoncalves\/"},"rttpg_comment":0,"rttpg_category":"","rttpg_excerpt":"\u00cdndice de Vulnerabilidade Juvenil dos Munic\u00edpios IVJ &#8211; \u00cdndice de Vulnerabilidade Juvenil dos Munic\u00edpios \u00cdndice de Vulnerabilidade Juvenil \u2013 IVJ \u00e9 uma medida que busca avaliar as condi\u00e7\u00f5es de vida em que se desenvolvem e adentram \u00e0 vida adulta os jovens em cada um dos 246 munic\u00edpios goianos al\u00e9m de fazer uma an\u00e1lise mais aprofundada&hellip;","_links":{"self":[{"href":"https:\/\/goias.gov.br\/imb\/wp-json\/wp\/v2\/pages\/11715","targetHints":{"allow":["GET"]}}],"collection":[{"href":"https:\/\/goias.gov.br\/imb\/wp-json\/wp\/v2\/pages"}],"about":[{"href":"https:\/\/goias.gov.br\/imb\/wp-json\/wp\/v2\/types\/page"}],"author":[{"embeddable":true,"href":"https:\/\/goias.gov.br\/imb\/wp-json\/wp\/v2\/users\/7"}],"replies":[{"embeddable":true,"href":"https:\/\/goias.gov.br\/imb\/wp-json\/wp\/v2\/comments?post=11715"}],"version-history":[{"count":2,"href":"https:\/\/goias.gov.br\/imb\/wp-json\/wp\/v2\/pages\/11715\/revisions"}],"predecessor-version":[{"id":16096,"href":"https:\/\/goias.gov.br\/imb\/wp-json\/wp\/v2\/pages\/11715\/revisions\/16096"}],"wp:attachment":[{"href":"https:\/\/goias.gov.br\/imb\/wp-json\/wp\/v2\/media?parent=11715"}],"curies":[{"name":"wp","href":"https:\/\/api.w.org\/{rel}","templated":true}]}}