
{"id":11710,"date":"2023-12-14T14:33:51","date_gmt":"2023-12-14T17:33:51","guid":{"rendered":"https:\/\/siteshom.goias.gov.br\/imb\/?page_id=11710"},"modified":"2026-01-22T15:45:51","modified_gmt":"2026-01-22T18:45:51","slug":"indice-de-desempenho-dos-municipios-idm-indice-de-desempenho-dos-municipios","status":"publish","type":"page","link":"https:\/\/goias.gov.br\/imb\/indice-de-desempenho-dos-municipios-idm-indice-de-desempenho-dos-municipios\/","title":{"rendered":"\u00cdndice de Desempenho dos Munic\u00edpios\u00a0IDM &#8211; \u00cdndice de Desempenho dos Munic\u00edpios"},"content":{"rendered":"\t\t<div data-elementor-type=\"wp-page\" data-elementor-id=\"11710\" class=\"elementor elementor-11710\">\n\t\t\t\t<div class=\"elementor-element elementor-element-9e8eddb e-flex e-con-boxed e-con e-parent\" data-id=\"9e8eddb\" data-element_type=\"container\" data-e-type=\"container\">\n\t\t\t\t\t<div class=\"e-con-inner\">\n\t\t\t\t<div class=\"elementor-element elementor-element-40fa2d1 elementor-widget elementor-widget-text-editor\" data-id=\"40fa2d1\" data-element_type=\"widget\" data-e-type=\"widget\" data-widget_type=\"text-editor.default\">\n\t\t\t\t\t\t\t\t\t<h1 class=\"header\">\u00cdndice de Desempenho dos Munic\u00edpios <small style=\"font-size: 70%; color: #6c757d !important; font-weight: 400;\">IDM &#8211; \u00cdndice de Desempenho dos Munic\u00edpios<\/small><\/h1>\t\t\t\t\t\t\t\t<\/div>\n\t\t\t\t\t<\/div>\n\t\t\t\t<\/div>\n\t\t<div class=\"elementor-element elementor-element-c0b8415 e-flex e-con-boxed e-con e-parent\" data-id=\"c0b8415\" data-element_type=\"container\" data-e-type=\"container\">\n\t\t\t\t\t<div class=\"e-con-inner\">\n\t\t<div class=\"elementor-element elementor-element-a205e3c e-con-full e-flex e-con e-child\" data-id=\"a205e3c\" data-element_type=\"container\" data-e-type=\"container\">\n\t\t\t\t<div class=\"elementor-element elementor-element-6214db0 elementor-widget elementor-widget-image\" data-id=\"6214db0\" data-element_type=\"widget\" data-e-type=\"widget\" data-widget_type=\"image.default\">\n\t\t\t\t\t\t\t\t\t\t\t\t\t\t\t<img fetchpriority=\"high\" decoding=\"async\" width=\"684\" height=\"396\" src=\"https:\/\/goias.gov.br\/imb\/wp-content\/uploads\/sites\/29\/2023\/12\/Capturadetela2022-11-17070455-1.png\" class=\"attachment-large size-large wp-image-11712\" alt=\"\" srcset=\"https:\/\/goias.gov.br\/imb\/wp-content\/uploads\/sites\/29\/2023\/12\/Capturadetela2022-11-17070455-1.png 684w, https:\/\/goias.gov.br\/imb\/wp-content\/uploads\/sites\/29\/2023\/12\/Capturadetela2022-11-17070455-1-300x174.png 300w\" sizes=\"(max-width: 684px) 100vw, 684px\" \/>\t\t\t\t\t\t\t\t\t\t\t\t\t\t\t<\/div>\n\t\t\t\t<div class=\"elementor-element elementor-element-3542390 elementor-widget elementor-widget-text-editor\" data-id=\"3542390\" data-element_type=\"widget\" data-e-type=\"widget\" data-widget_type=\"text-editor.default\">\n\t\t\t\t\t\t\t\t\t<p>O \u00cdndice de Desempenho dos Munic\u00edpios &#8211; IDM \u00e9 uma medida sint\u00e9tica de parte do contexto socioecon\u00f4mico dos munic\u00edpios em seis \u00e1reas de atua\u00e7\u00e3o: Economia, Educa\u00e7\u00e3o, Infraestrutura, Sa\u00fade, Seguran\u00e7a e Trabalho. S\u00e3o ao todo 37 vari\u00e1veis selecionadas para conferir o desempenho dos munic\u00edpios goianos.<\/p><p>O objetivo do \u00edndice \u00e9 facilitar o diagn\u00f3stico e a compara\u00e7\u00e3o do desempenho dos munic\u00edpios, bem como avaliar os resultados e subsidiar o planejamento das a\u00e7\u00f5es dos governos ao longo do tempo. Houve altera\u00e7\u00e3o metodol\u00f3gica na terceira edi\u00e7\u00e3o do \u00edndice (2016), na qual foram acrescentadas tr\u00eas vari\u00e1veis. Ainda assim, as publica\u00e7\u00f5es anteriores podem ser consultadas abaixo em sua forma original. A nova metodologia foi replicada para os anos anteriores com o intuito de se manter a s\u00e9rie hist\u00f3rica do \u00edndice. O IDM tem periodicidade bianual.<\/p>\t\t\t\t\t\t\t\t<\/div>\n\t\t<a class=\"elementor-element elementor-element-e0bd540 e-con-full e-flex e-con e-child\" data-id=\"e0bd540\" data-element_type=\"container\" data-e-type=\"container\" data-settings=\"{&quot;background_background&quot;:&quot;classic&quot;}\" href=\"\/imb\/i-d-m-indice-de-desempenho-dos-municipios-tabelas-de-resultados\/\" target=\"_blank\">\n\t\t\t\t<div class=\"elementor-element elementor-element-f006077 elementor-widget elementor-widget-heading\" data-id=\"f006077\" data-element_type=\"widget\" data-e-type=\"widget\" data-widget_type=\"heading.default\">\n\t\t\t\t\t<h5 class=\"elementor-heading-title elementor-size-default\">DM - Tabelas de Resultados<\/h5>\t\t\t\t<\/div>\n\t\t\t\t<\/a>\n\t\t\t\t<div class=\"elementor-element elementor-element-aa1e924 elementor-widget elementor-widget-button\" data-id=\"aa1e924\" data-element_type=\"widget\" data-e-type=\"widget\" data-widget_type=\"button.default\">\n\t\t\t\t\t\t\t\t\t\t<a class=\"elementor-button elementor-button-link elementor-size-sm\" href=\"\/imb\/i-d-m-indice-de-desempenho-dos-municipios-tabelas-de-resultados\/\" target=\"_blank\">\n\t\t\t\t\t\t<span class=\"elementor-button-content-wrapper\">\n\t\t\t\t\t\t\t\t\t<span class=\"elementor-button-text\">Clique aqui para acessar os indicadores do IDM de cada edi\u00e7\u00e3o no Banco de Dados Estatt\u00edsticos (BDE)<\/span>\n\t\t\t\t\t<\/span>\n\t\t\t\t\t<\/a>\n\t\t\t\t\t\t\t\t<\/div>\n\t\t\t\t<\/div>\n\t\t<div class=\"elementor-element elementor-element-092e8eb e-con-full e-flex e-con e-child\" data-id=\"092e8eb\" data-element_type=\"container\" data-e-type=\"container\">\n\t\t\t\t<div class=\"elementor-element elementor-element-27c340a elementor-widget elementor-widget-shortcode\" data-id=\"27c340a\" data-element_type=\"widget\" data-e-type=\"widget\" data-widget_type=\"shortcode.default\">\n\t\t\t\t\t\t\t<div class=\"elementor-shortcode\"><style type='text\/css' media='all'>#rt-tpg-container-428884542 .rt-holder .rt-woo-info .price{color:#0367bf;}body .rt-tpg-container .rt-tpg-isotope-buttons .selected,\n\t\t\t\t\t#rt-tpg-container-428884542 .layout12 .rt-holder:hover .rt-detail,\n\t\t\t\t\t#rt-tpg-container-428884542 .isotope8 .rt-holder:hover .rt-detail,\n\t\t\t\t\t#rt-tpg-container-428884542 .carousel8 .rt-holder:hover .rt-detail,\n\t\t\t\t\t#rt-tpg-container-428884542 .layout13 .rt-holder .overlay .post-info,\n\t\t\t\t\t#rt-tpg-container-428884542 .isotope9 .rt-holder .overlay .post-info,\n\t\t\t\t\t#rt-tpg-container-428884542.rt-tpg-container .layout4 .rt-holder .rt-detail,\n\t\t\t\t\t.rt-modal-428884542 .md-content,\n\t\t\t\t\t.rt-modal-428884542 .md-content > .rt-md-content-holder .rt-md-content,\n\t\t\t\t\t.rt-popup-wrap-428884542.rt-popup-wrap .rt-popup-navigation-wrap,\n\t\t\t\t\t#rt-tpg-container-428884542 .carousel9 .rt-holder .overlay .post-info{background-color:#0367bf;}#rt-tpg-container-428884542 .layout5 .rt-holder .overlay, #rt-tpg-container-428884542 .isotope2 .rt-holder .overlay, #rt-tpg-container-428884542 .carousel2 .rt-holder .overlay,#rt-tpg-container-428884542 .layout15 .rt-holder h3, #rt-tpg-container-428884542 .isotope11 .rt-holder h3, #rt-tpg-container-428884542 .carousel11 .rt-holder h3, #rt-tpg-container-428884542 .layout16 .rt-holder h3,\n\t\t\t\t\t#rt-tpg-container-428884542 .isotope12 .rt-holder h3, #rt-tpg-container-428884542 .carousel12 .rt-holder h3 {background-color:rgba(3,103,191,0.8);}#rt-tpg-container-428884542 .read-more a{border-radius:px;}#rt-tpg-container-428884542 .rt-img-holder img.rt-img-responsive,#rt-tpg-container-428884542 .rt-img-holder,\n\t\t\t\t\t#rt-tpg-container-428884542 .rt-post-overlay .post-img,\n\t\t\t\t\t#rt-tpg-container-428884542 .post-sm .post-img,\n\t\t\t\t\t#rt-tpg-container-428884542 .rt-post-grid .post-img,\n\t\t\t\t\t#rt-tpg-container-428884542 .post-img img {border-radius:px;}<\/style><div class='rt-container-fluid rt-tpg-container tpg-shortcode-main-wrapper ' id='rt-tpg-container-428884542'   data-layout='layout2' data-grid-style='even' data-desktop-col='1'  data-tab-col='1'  data-mobile-col='1' data-sc-id='11714'><div data-title='Loading ...' class='rt-row rt-content-loader   layout2 tpg-even '><div class=\"rt-col-md-12 rt-col-sm-12 rt-col-xs-12 even-grid-item rt-grid-item\" data-id=\"10879\"><div class=\"rt-holder\"><div class=\"rt-row\"><div class='rt-col-sm-4 rt-col-xs-12 '><div class=\"rt-img-holder\"><a data-id='10879' class='' href='https:\/\/goias.gov.br\/imb\/idm-indice-de-desempenho-dos-municipios-2020-2021\/'><img decoding=\"async\" width=\"318\" height=\"428\" src=\"https:\/\/goias.gov.br\/imb\/wp-content\/uploads\/sites\/29\/2021\/10\/idm2020_2021-fcb.jpg\" class=\"rt-img-responsive \" alt=\"\" \/><\/a><\/div><\/div><div class='rt-col-sm-8 rt-col-xs-12 '><div class='rt-detail'><h3 class=\"entry-title\"><a data-id=\"10879\" class=\"\" href=\"https:\/\/goias.gov.br\/imb\/idm-indice-de-desempenho-dos-municipios-2020-2021\/\">IDM &#8211; \u00cdndice de Desempenho dos Munic\u00edpios &#8211; 2020\/2021<\/a><\/h3><div class='post-meta-user '><span class='date-meta'>29 de outubro de 2021<\/span><\/div><div class='tpg-excerpt'>Clique aqui para baixar a publica\u00e7\u00e3o:&nbsp;IDM &#8211; \u00cdndice de Desempenho dos Munic\u00edpios &#8211; 2020\/2021...<\/div><\/div><\/div><\/div><\/div><\/div><div class=\"rt-col-md-12 rt-col-sm-12 rt-col-xs-12 even-grid-item rt-grid-item\" data-id=\"9857\"><div class=\"rt-holder\"><div class=\"rt-row\"><div class='rt-col-sm-4 rt-col-xs-12 '><div class=\"rt-img-holder\"><a data-id='9857' class='' href='https:\/\/goias.gov.br\/imb\/idm-indice-de-desempenho-dos-municipios-2018\/'><img decoding=\"async\" width=\"222\" height=\"313\" src=\"https:\/\/goias.gov.br\/imb\/wp-content\/uploads\/sites\/29\/2019\/02\/idm2018-f78.jpg\" class=\"rt-img-responsive \" alt=\"\" \/><\/a><\/div><\/div><div class='rt-col-sm-8 rt-col-xs-12 '><div class='rt-detail'><h3 class=\"entry-title\"><a data-id=\"9857\" class=\"\" href=\"https:\/\/goias.gov.br\/imb\/idm-indice-de-desempenho-dos-municipios-2018\/\">IDM &#8211; \u00cdndice de Desempenho dos Munic\u00edpios &#8211; 2018<\/a><\/h3><div class='post-meta-user '><span class='date-meta'>4 de fevereiro de 2019<\/span><\/div><div class='tpg-excerpt'>Clique aqui para baixar a publica\u00e7\u00e3o:&nbsp;IDM &#8211; \u00cdndice de Desempenho dos Munic\u00edpios &#8211; 2018...<\/div><\/div><\/div><\/div><\/div><\/div><div class=\"rt-col-md-12 rt-col-sm-12 rt-col-xs-12 even-grid-item rt-grid-item\" data-id=\"6092\"><div class=\"rt-holder\"><div class=\"rt-row\"><div class='rt-col-sm-4 rt-col-xs-12 '><div class=\"rt-img-holder\"><a data-id='6092' class='' href='https:\/\/goias.gov.br\/imb\/idm-indice-de-desempenho-dos-municipios-2016\/'><img loading=\"lazy\" decoding=\"async\" width=\"226\" height=\"319\" src=\"https:\/\/goias.gov.br\/imb\/wp-content\/uploads\/sites\/29\/2016\/12\/idm2016-48b.jpg\" class=\"rt-img-responsive \" alt=\"\" \/><\/a><\/div><\/div><div class='rt-col-sm-8 rt-col-xs-12 '><div class='rt-detail'><h3 class=\"entry-title\"><a data-id=\"6092\" class=\"\" href=\"https:\/\/goias.gov.br\/imb\/idm-indice-de-desempenho-dos-municipios-2016\/\">IDM &#8211; \u00cdndice de Desempenho dos Munic\u00edpios &#8211; 2016<\/a><\/h3><div class='post-meta-user '><span class='date-meta'>22 de dezembro de 2016<\/span><\/div><div class='tpg-excerpt'>Clique aqui para baixar a publica\u00e7\u00e3o:&nbsp;IDM &#8211; \u00cdndice de Desempenho dos Munic\u00edpios &#8211; 2016...<\/div><\/div><\/div><\/div><\/div><\/div><div class=\"rt-col-md-12 rt-col-sm-12 rt-col-xs-12 even-grid-item rt-grid-item\" data-id=\"6089\"><div class=\"rt-holder\"><div class=\"rt-row\"><div class='rt-col-sm-4 rt-col-xs-12 '><div class=\"rt-img-holder\"><a data-id='6089' class='' href='https:\/\/goias.gov.br\/imb\/idm-indice-de-desempenho-dos-municipios-2012\/'><img loading=\"lazy\" decoding=\"async\" width=\"226\" height=\"320\" src=\"https:\/\/goias.gov.br\/imb\/wp-content\/uploads\/sites\/29\/2014\/11\/idm2012-bd3.jpg\" class=\"rt-img-responsive \" alt=\"\" \/><\/a><\/div><\/div><div class='rt-col-sm-8 rt-col-xs-12 '><div class='rt-detail'><h3 class=\"entry-title\"><a data-id=\"6089\" class=\"\" href=\"https:\/\/goias.gov.br\/imb\/idm-indice-de-desempenho-dos-municipios-2012\/\">IDM &#8211; \u00cdndice de Desempenho dos Munic\u00edpios &#8211; 2012<\/a><\/h3><div class='post-meta-user '><span class='date-meta'>27 de novembro de 2014<\/span><\/div><div class='tpg-excerpt'>Clique aqui para baixar a publica\u00e7\u00e3o:&nbsp;IDM &#8211; \u00cdndice de Desempenho dos Munic\u00edpios &#8211; 2012...<\/div><\/div><\/div><\/div><\/div><\/div><div class=\"rt-col-md-12 rt-col-sm-12 rt-col-xs-12 even-grid-item rt-grid-item\" data-id=\"6086\"><div class=\"rt-holder\"><div class=\"rt-row\"><div class='rt-col-sm-4 rt-col-xs-12 '><div class=\"rt-img-holder\"><a data-id='6086' class='' href='https:\/\/goias.gov.br\/imb\/idm-indice-de-desempenho-dos-municipios-2010\/'><img loading=\"lazy\" decoding=\"async\" width=\"226\" height=\"320\" src=\"https:\/\/goias.gov.br\/imb\/wp-content\/uploads\/sites\/29\/2013\/04\/idm2010-c7f.jpg\" class=\"rt-img-responsive \" alt=\"\" \/><\/a><\/div><\/div><div class='rt-col-sm-8 rt-col-xs-12 '><div class='rt-detail'><h3 class=\"entry-title\"><a data-id=\"6086\" class=\"\" href=\"https:\/\/goias.gov.br\/imb\/idm-indice-de-desempenho-dos-municipios-2010\/\">IDM &#8211; \u00cdndice de Desempenho dos Munic\u00edpios &#8211; 2010<\/a><\/h3><div class='post-meta-user '><span class='date-meta'>1 de abril de 2013<\/span><\/div><div class='tpg-excerpt'>Clique aqui para baixar a publica\u00e7\u00e3o:&nbsp;IDM &#8211; \u00cdndice de Desempenho dos Munic\u00edpios &#8211; 2010...<\/div><\/div><\/div><\/div><\/div><\/div><div class=\"rt-col-md-12 rt-col-sm-12 rt-col-xs-12 even-grid-item rt-grid-item\" data-id=\"6081\"><div class=\"rt-holder\"><div class=\"rt-row\"><div class='rt-col-xs-12'><div class='rt-detail'><h3 class=\"entry-title\"><a data-id=\"6081\" class=\"\" href=\"https:\/\/goias.gov.br\/imb\/i-d-m-indice-de-desempenho-dos-municipios-tabelas-de-resultados\/\">I D M &#8211; \u00cdndice de Desempenho dos Munic\u00edpios &#8211; Tabelas de Resultados<\/a><\/h3><div class='post-meta-user '><span class='date-meta'>1 de abril de 2013<\/span><\/div><div class='tpg-excerpt'>O \u00cdndice de Desempenho dos Munic\u00edpios &#8211; IDM \u00e9 uma medida sint\u00e9tica de parte do...<\/div><\/div><\/div><\/div><\/div><\/div><\/div><\/div>\n<\/div>\n\t\t\t\t\t\t<\/div>\n\t\t\t\t<\/div>\n\t\t\t\t\t<\/div>\n\t\t\t\t<\/div>\n\t\t\t\t<\/div>\n\t\t","protected":false},"excerpt":{"rendered":"<p>\u00cdndice de Desempenho dos Munic\u00edpios IDM &#8211; \u00cdndice de Desempenho dos Munic\u00edpios O \u00cdndice de Desempenho dos Munic\u00edpios &#8211; IDM \u00e9 uma medida sint\u00e9tica de parte do contexto socioecon\u00f4mico dos munic\u00edpios em seis \u00e1reas de atua\u00e7\u00e3o: Economia, Educa\u00e7\u00e3o, Infraestrutura, Sa\u00fade, Seguran\u00e7a e Trabalho. S\u00e3o ao todo 37 vari\u00e1veis selecionadas para conferir o desempenho dos munic\u00edpios [&hellip;]<\/p>\n","protected":false},"author":7,"featured_media":0,"parent":0,"menu_order":0,"comment_status":"closed","ping_status":"closed","template":"wppb_theme_template","meta":{"footnotes":""},"class_list":["post-11710","page","type-page","status-publish","hentry"],"rttpg_featured_image_url":null,"rttpg_author":{"display_name":"gustavogoncalves","author_link":"https:\/\/goias.gov.br\/imb\/author\/gustavogoncalves\/"},"rttpg_comment":0,"rttpg_category":"","rttpg_excerpt":"\u00cdndice de Desempenho dos Munic\u00edpios IDM &#8211; \u00cdndice de Desempenho dos Munic\u00edpios O \u00cdndice de Desempenho dos Munic\u00edpios &#8211; IDM \u00e9 uma medida sint\u00e9tica de parte do contexto socioecon\u00f4mico dos munic\u00edpios em seis \u00e1reas de atua\u00e7\u00e3o: Economia, Educa\u00e7\u00e3o, Infraestrutura, Sa\u00fade, Seguran\u00e7a e Trabalho. S\u00e3o ao todo 37 vari\u00e1veis selecionadas para conferir o desempenho dos munic\u00edpios&hellip;","_links":{"self":[{"href":"https:\/\/goias.gov.br\/imb\/wp-json\/wp\/v2\/pages\/11710","targetHints":{"allow":["GET"]}}],"collection":[{"href":"https:\/\/goias.gov.br\/imb\/wp-json\/wp\/v2\/pages"}],"about":[{"href":"https:\/\/goias.gov.br\/imb\/wp-json\/wp\/v2\/types\/page"}],"author":[{"embeddable":true,"href":"https:\/\/goias.gov.br\/imb\/wp-json\/wp\/v2\/users\/7"}],"replies":[{"embeddable":true,"href":"https:\/\/goias.gov.br\/imb\/wp-json\/wp\/v2\/comments?post=11710"}],"version-history":[{"count":2,"href":"https:\/\/goias.gov.br\/imb\/wp-json\/wp\/v2\/pages\/11710\/revisions"}],"predecessor-version":[{"id":16084,"href":"https:\/\/goias.gov.br\/imb\/wp-json\/wp\/v2\/pages\/11710\/revisions\/16084"}],"wp:attachment":[{"href":"https:\/\/goias.gov.br\/imb\/wp-json\/wp\/v2\/media?parent=11710"}],"curies":[{"name":"wp","href":"https:\/\/api.w.org\/{rel}","templated":true}]}}