
{"id":11682,"date":"2023-12-14T10:59:33","date_gmt":"2023-12-14T13:59:33","guid":{"rendered":"https:\/\/siteshom.goias.gov.br\/imb\/?page_id=11682"},"modified":"2026-01-22T15:01:06","modified_gmt":"2026-01-22T18:01:06","slug":"estatisticas-consultas","status":"publish","type":"page","link":"https:\/\/goias.gov.br\/imb\/estatisticas-consultas\/","title":{"rendered":"Estat\u00edsticas\u00a0Consultas"},"content":{"rendered":"\t\t<div data-elementor-type=\"wp-page\" data-elementor-id=\"11682\" class=\"elementor elementor-11682\">\n\t\t\t\t<div class=\"elementor-element elementor-element-be7da77 e-flex e-con-boxed e-con e-parent\" data-id=\"be7da77\" data-element_type=\"container\" data-e-type=\"container\">\n\t\t\t\t\t<div class=\"e-con-inner\">\n\t\t<div class=\"elementor-element elementor-element-2ccafae e-con-full e-flex e-con e-child\" data-id=\"2ccafae\" data-element_type=\"container\" data-e-type=\"container\">\n\t\t\t\t<div class=\"elementor-element elementor-element-22f88f6 elementor-widget elementor-widget-heading\" data-id=\"22f88f6\" data-element_type=\"widget\" data-e-type=\"widget\" data-widget_type=\"heading.default\">\n\t\t\t\t\t<h3 class=\"elementor-heading-title elementor-size-default\">BDE - Banco de Dados Estat\u00edstico<\/h3>\t\t\t\t<\/div>\n\t\t\t\t<div class=\"elementor-element elementor-element-5d79d4a elementor-widget elementor-widget-text-editor\" data-id=\"5d79d4a\" data-element_type=\"widget\" data-e-type=\"widget\" data-widget_type=\"text-editor.default\">\n\t\t\t\t\t\t\t\t\t<p><a class=\"btn btn-primary\" href=\"https:\/\/www.imb.go.gov.br\/bde\/\" target=\"_blank\" rel=\"noopener noreferrer\">Acesse o\u00a0BDE &#8211; Banco de Dados Estat\u00edstico<\/a><\/p>\t\t\t\t\t\t\t\t<\/div>\n\t\t\t\t<\/div>\n\t\t<div class=\"elementor-element elementor-element-abc8d29 e-con-full e-flex e-con e-child\" data-id=\"abc8d29\" data-element_type=\"container\" data-e-type=\"container\">\n\t\t\t\t<div class=\"elementor-element elementor-element-beb76cd elementor-widget elementor-widget-heading\" data-id=\"beb76cd\" data-element_type=\"widget\" data-e-type=\"widget\" data-widget_type=\"heading.default\">\n\t\t\t\t\t<h2 class=\"elementor-heading-title elementor-size-default\">Painel Municipal<\/h2>\t\t\t\t<\/div>\n\t\t\t\t<div class=\"elementor-element elementor-element-3b22feb elementor-widget elementor-widget-text-editor\" data-id=\"3b22feb\" data-element_type=\"widget\" data-e-type=\"widget\" data-widget_type=\"text-editor.default\">\n\t\t\t\t\t\t\t\t\t<p>O Painel Municipal traz estat\u00edsticas atualizadas dos munic\u00edpios goianos atrav\u00e9s de textos, tabelas e gr\u00e1ficos, utilizando dados do\u00a0<a href=\"https:\/\/www.imb.go.gov.br\/bde\" target=\"_blank\" rel=\"noopener noreferrer\">BDE &#8211; Banco de Dados Estat\u00edsticos do Estado de Goi\u00e1s<\/a>.<\/p>\t\t\t\t\t\t\t\t<\/div>\n\t\t\t\t<\/div>\n\t\t\t\t\t<\/div>\n\t\t\t\t<\/div>\n\t\t\t\t<\/div>\n\t\t","protected":false},"excerpt":{"rendered":"<p>BDE &#8211; Banco de Dados Estat\u00edstico Acesse o\u00a0BDE &#8211; Banco de Dados Estat\u00edstico Painel Municipal O Painel Municipal traz estat\u00edsticas atualizadas dos munic\u00edpios goianos atrav\u00e9s de textos, tabelas e gr\u00e1ficos, utilizando dados do\u00a0BDE &#8211; Banco de Dados Estat\u00edsticos do Estado de Goi\u00e1s.<\/p>\n","protected":false},"author":7,"featured_media":0,"parent":0,"menu_order":0,"comment_status":"closed","ping_status":"closed","template":"wppb_theme_template","meta":{"footnotes":""},"class_list":["post-11682","page","type-page","status-publish","hentry"],"rttpg_featured_image_url":null,"rttpg_author":{"display_name":"gustavogoncalves","author_link":"https:\/\/goias.gov.br\/imb\/author\/gustavogoncalves\/"},"rttpg_comment":0,"rttpg_category":null,"rttpg_excerpt":"BDE &#8211; Banco de Dados Estat\u00edstico Acesse o\u00a0BDE &#8211; Banco de Dados Estat\u00edstico Painel Municipal O Painel Municipal traz estat\u00edsticas atualizadas dos munic\u00edpios goianos atrav\u00e9s de textos, tabelas e gr\u00e1ficos, utilizando dados do\u00a0BDE &#8211; Banco de Dados Estat\u00edsticos do Estado de Goi\u00e1s.","_links":{"self":[{"href":"https:\/\/goias.gov.br\/imb\/wp-json\/wp\/v2\/pages\/11682","targetHints":{"allow":["GET"]}}],"collection":[{"href":"https:\/\/goias.gov.br\/imb\/wp-json\/wp\/v2\/pages"}],"about":[{"href":"https:\/\/goias.gov.br\/imb\/wp-json\/wp\/v2\/types\/page"}],"author":[{"embeddable":true,"href":"https:\/\/goias.gov.br\/imb\/wp-json\/wp\/v2\/users\/7"}],"replies":[{"embeddable":true,"href":"https:\/\/goias.gov.br\/imb\/wp-json\/wp\/v2\/comments?post=11682"}],"version-history":[{"count":2,"href":"https:\/\/goias.gov.br\/imb\/wp-json\/wp\/v2\/pages\/11682\/revisions"}],"predecessor-version":[{"id":16005,"href":"https:\/\/goias.gov.br\/imb\/wp-json\/wp\/v2\/pages\/11682\/revisions\/16005"}],"wp:attachment":[{"href":"https:\/\/goias.gov.br\/imb\/wp-json\/wp\/v2\/media?parent=11682"}],"curies":[{"name":"wp","href":"https:\/\/api.w.org\/{rel}","templated":true}]}}