
{"id":11677,"date":"2023-12-14T10:39:10","date_gmt":"2023-12-14T13:39:10","guid":{"rendered":"https:\/\/siteshom.goias.gov.br\/imb\/?page_id=11677"},"modified":"2026-01-22T15:39:16","modified_gmt":"2026-01-22T18:39:16","slug":"goias-em-dados","status":"publish","type":"page","link":"https:\/\/goias.gov.br\/imb\/goias-em-dados\/","title":{"rendered":"Goi\u00e1s em Dados"},"content":{"rendered":"\t\t<div data-elementor-type=\"wp-page\" data-elementor-id=\"11677\" class=\"elementor elementor-11677\">\n\t\t\t\t<div class=\"elementor-element elementor-element-395f221 e-flex e-con-boxed e-con e-parent\" data-id=\"395f221\" data-element_type=\"container\" data-e-type=\"container\">\n\t\t\t\t\t<div class=\"e-con-inner\">\n\t\t<div class=\"elementor-element elementor-element-32fd388 e-con-full e-flex e-con e-child\" data-id=\"32fd388\" data-element_type=\"container\" data-e-type=\"container\">\n\t\t\t\t<div class=\"elementor-element elementor-element-4a7b832 elementor-widget elementor-widget-image\" data-id=\"4a7b832\" data-element_type=\"widget\" data-e-type=\"widget\" data-widget_type=\"image.default\">\n\t\t\t\t\t\t\t\t\t\t\t\t\t\t\t<img fetchpriority=\"high\" decoding=\"async\" width=\"662\" height=\"344\" src=\"https:\/\/goias.gov.br\/imb\/wp-content\/uploads\/sites\/29\/2023\/12\/Capturadetela2022-11-16194055.png\" class=\"attachment-large size-large wp-image-11679\" alt=\"\" srcset=\"https:\/\/goias.gov.br\/imb\/wp-content\/uploads\/sites\/29\/2023\/12\/Capturadetela2022-11-16194055.png 662w, https:\/\/goias.gov.br\/imb\/wp-content\/uploads\/sites\/29\/2023\/12\/Capturadetela2022-11-16194055-300x156.png 300w\" sizes=\"(max-width: 662px) 100vw, 662px\" \/>\t\t\t\t\t\t\t\t\t\t\t\t\t\t\t<\/div>\n\t\t\t\t<div class=\"elementor-element elementor-element-02f4b4d elementor-widget elementor-widget-text-editor\" data-id=\"02f4b4d\" data-element_type=\"widget\" data-e-type=\"widget\" data-widget_type=\"text-editor.default\">\n\t\t\t\t\t\t\t\t\t<p>Conjunto de informa\u00e7\u00f5es socioecon\u00f4micas do Estado de Goi\u00e1s agrupadas em s\u00e9ries hist\u00f3ricas que permite a an\u00e1lise da din\u00e2mica econ\u00f4mica com as transforma\u00e7\u00f5es espaciais produzidas pelos impactos demogr\u00e1ficos, econ\u00f4micos, socioculturais e financeiros.<\/p>\t\t\t\t\t\t\t\t<\/div>\n\t\t\t\t<\/div>\n\t\t<div class=\"elementor-element elementor-element-9138365 e-con-full e-flex e-con e-child\" data-id=\"9138365\" data-element_type=\"container\" data-e-type=\"container\">\n\t\t\t\t<div class=\"elementor-element elementor-element-e58cf15 elementor-widget elementor-widget-shortcode\" data-id=\"e58cf15\" data-element_type=\"widget\" data-e-type=\"widget\" data-widget_type=\"shortcode.default\">\n\t\t\t\t\t\t\t<div class=\"elementor-shortcode\"><style type='text\/css' media='all'>#rt-tpg-container-1772462711 .rt-holder .rt-woo-info .price{color:#0367bf;}body .rt-tpg-container .rt-tpg-isotope-buttons .selected,\n\t\t\t\t\t#rt-tpg-container-1772462711 .layout12 .rt-holder:hover .rt-detail,\n\t\t\t\t\t#rt-tpg-container-1772462711 .isotope8 .rt-holder:hover .rt-detail,\n\t\t\t\t\t#rt-tpg-container-1772462711 .carousel8 .rt-holder:hover .rt-detail,\n\t\t\t\t\t#rt-tpg-container-1772462711 .layout13 .rt-holder .overlay .post-info,\n\t\t\t\t\t#rt-tpg-container-1772462711 .isotope9 .rt-holder .overlay .post-info,\n\t\t\t\t\t#rt-tpg-container-1772462711.rt-tpg-container .layout4 .rt-holder .rt-detail,\n\t\t\t\t\t.rt-modal-1772462711 .md-content,\n\t\t\t\t\t.rt-modal-1772462711 .md-content > .rt-md-content-holder .rt-md-content,\n\t\t\t\t\t.rt-popup-wrap-1772462711.rt-popup-wrap .rt-popup-navigation-wrap,\n\t\t\t\t\t#rt-tpg-container-1772462711 .carousel9 .rt-holder .overlay .post-info{background-color:#0367bf;}#rt-tpg-container-1772462711 .layout5 .rt-holder .overlay, #rt-tpg-container-1772462711 .isotope2 .rt-holder .overlay, #rt-tpg-container-1772462711 .carousel2 .rt-holder .overlay,#rt-tpg-container-1772462711 .layout15 .rt-holder h3, #rt-tpg-container-1772462711 .isotope11 .rt-holder h3, #rt-tpg-container-1772462711 .carousel11 .rt-holder h3, #rt-tpg-container-1772462711 .layout16 .rt-holder h3,\n\t\t\t\t\t#rt-tpg-container-1772462711 .isotope12 .rt-holder h3, #rt-tpg-container-1772462711 .carousel12 .rt-holder h3 {background-color:rgba(3,103,191,0.8);}#rt-tpg-container-1772462711 .read-more a{border-radius:px;}#rt-tpg-container-1772462711 .rt-img-holder img.rt-img-responsive,#rt-tpg-container-1772462711 .rt-img-holder,\n\t\t\t\t\t#rt-tpg-container-1772462711 .rt-post-overlay .post-img,\n\t\t\t\t\t#rt-tpg-container-1772462711 .post-sm .post-img,\n\t\t\t\t\t#rt-tpg-container-1772462711 .rt-post-grid .post-img,\n\t\t\t\t\t#rt-tpg-container-1772462711 .post-img img {border-radius:px;}<\/style><div class='rt-container-fluid rt-tpg-container tpg-shortcode-main-wrapper ' id='rt-tpg-container-1772462711'   data-layout='layout2' data-grid-style='even' data-desktop-col='1'  data-tab-col='1'  data-mobile-col='1' data-sc-id='11680'><div data-title='Loading ...' class='rt-row rt-content-loader   layout2 tpg-even '><div class=\"rt-col-md-12 rt-col-sm-12 rt-col-xs-12 even-grid-item rt-grid-item\" data-id=\"16348\"><div class=\"rt-holder\"><div class=\"rt-row\"><div class='rt-col-sm-4 rt-col-xs-12 '><div class=\"rt-img-holder\"><a data-id='16348' class='' href='https:\/\/goias.gov.br\/imb\/goias-em-dados-2025\/'><img decoding=\"async\" width=\"1414\" height=\"2000\" src=\"https:\/\/goias.gov.br\/imb\/wp-content\/uploads\/sites\/29\/2026\/04\/CapaGoiasemDados2025.jpg\" class=\"rt-img-responsive \" alt=\"\" \/><\/a><\/div><\/div><div class='rt-col-sm-8 rt-col-xs-12 '><div class='rt-detail'><h3 class=\"entry-title\"><a data-id=\"16348\" class=\"\" href=\"https:\/\/goias.gov.br\/imb\/goias-em-dados-2025\/\">Goi\u00e1s em Dados &#8211; 2025<\/a><\/h3><div class='post-meta-user '><span class='date-meta'>14 de abril de 2026<\/span><\/div><div class='tpg-excerpt'>Clique aqui para baixar a publica\u00e7\u00e3o: Goi\u00e1s em Dados &#8211; 2025...<\/div><\/div><\/div><\/div><\/div><\/div><div class=\"rt-col-md-12 rt-col-sm-12 rt-col-xs-12 even-grid-item rt-grid-item\" data-id=\"14473\"><div class=\"rt-holder\"><div class=\"rt-row\"><div class='rt-col-sm-4 rt-col-xs-12 '><div class=\"rt-img-holder\"><a data-id='14473' class='' href='https:\/\/goias.gov.br\/imb\/goias-em-dados-2024\/'><img decoding=\"async\" width=\"1191\" height=\"1684\" src=\"https:\/\/goias.gov.br\/imb\/wp-content\/uploads\/sites\/29\/2025\/02\/54f-1.jpg\" class=\"rt-img-responsive \" alt=\"\" \/><\/a><\/div><\/div><div class='rt-col-sm-8 rt-col-xs-12 '><div class='rt-detail'><h3 class=\"entry-title\"><a data-id=\"14473\" class=\"\" href=\"https:\/\/goias.gov.br\/imb\/goias-em-dados-2024\/\">Goi\u00e1s em Dados &#8211; 2024<\/a><\/h3><div class='post-meta-user '><span class='date-meta'>14 de fevereiro de 2025<\/span><\/div><div class='tpg-excerpt'>Clique aqui para baixar a publica\u00e7\u00e3o: Goi\u00e1s em Dados &#8211; 2024...<\/div><\/div><\/div><\/div><\/div><\/div><div class=\"rt-col-md-12 rt-col-sm-12 rt-col-xs-12 even-grid-item rt-grid-item\" data-id=\"13985\"><div class=\"rt-holder\"><div class=\"rt-row\"><div class='rt-col-sm-4 rt-col-xs-12 '><div class=\"rt-img-holder\"><a data-id='13985' class='' href='https:\/\/goias.gov.br\/imb\/goias-em-dados-2023\/'><img loading=\"lazy\" decoding=\"async\" width=\"1192\" height=\"1685\" src=\"https:\/\/goias.gov.br\/imb\/wp-content\/uploads\/sites\/29\/2024\/04\/1_CAPA.png\" class=\"rt-img-responsive \" alt=\"\" \/><\/a><\/div><\/div><div class='rt-col-sm-8 rt-col-xs-12 '><div class='rt-detail'><h3 class=\"entry-title\"><a data-id=\"13985\" class=\"\" href=\"https:\/\/goias.gov.br\/imb\/goias-em-dados-2023\/\">Goi\u00e1s em Dados &#8211; 2023<\/a><\/h3><div class='post-meta-user '><span class='date-meta'>26 de abril de 2024<\/span><\/div><div class='tpg-excerpt'>Clique aqui para baixar a publica\u00e7\u00e3o: Goi\u00e1s em Dados 2023...<\/div><\/div><\/div><\/div><\/div><\/div><div class=\"rt-col-md-12 rt-col-sm-12 rt-col-xs-12 even-grid-item rt-grid-item\" data-id=\"11052\"><div class=\"rt-holder\"><div class=\"rt-row\"><div class='rt-col-sm-4 rt-col-xs-12 '><div class=\"rt-img-holder\"><a data-id='11052' class='' href='https:\/\/goias.gov.br\/imb\/goias-em-dados-2022\/'><img loading=\"lazy\" decoding=\"async\" width=\"221\" height=\"317\" src=\"https:\/\/goias.gov.br\/imb\/wp-content\/uploads\/sites\/29\/2022\/11\/goias-em-dados-2022-39e.jpg\" class=\"rt-img-responsive \" alt=\"\" \/><\/a><\/div><\/div><div class='rt-col-sm-8 rt-col-xs-12 '><div class='rt-detail'><h3 class=\"entry-title\"><a data-id=\"11052\" class=\"\" href=\"https:\/\/goias.gov.br\/imb\/goias-em-dados-2022\/\">Goi\u00e1s em Dados &#8211; 2022<\/a><\/h3><div class='post-meta-user '><span class='date-meta'>11 de novembro de 2022<\/span><\/div><div class='tpg-excerpt'>Clique aqui para baixar a publica\u00e7\u00e3o: Goi\u00e1s em Dados &#8211; 2022 Clique aqui para baixar...<\/div><\/div><\/div><\/div><\/div><\/div><div class=\"rt-col-md-12 rt-col-sm-12 rt-col-xs-12 even-grid-item rt-grid-item\" data-id=\"6071\"><div class=\"rt-holder\"><div class=\"rt-row\"><div class='rt-col-sm-4 rt-col-xs-12 '><div class=\"rt-img-holder\"><a data-id='6071' class='' href='https:\/\/goias.gov.br\/imb\/goias-em-dados-2017\/'><img loading=\"lazy\" decoding=\"async\" width=\"221\" height=\"312\" src=\"https:\/\/goias.gov.br\/imb\/wp-content\/uploads\/sites\/29\/2018\/07\/goias-em-dados-2017-779.jpg\" class=\"rt-img-responsive \" alt=\"\" \/><\/a><\/div><\/div><div class='rt-col-sm-8 rt-col-xs-12 '><div class='rt-detail'><h3 class=\"entry-title\"><a data-id=\"6071\" class=\"\" href=\"https:\/\/goias.gov.br\/imb\/goias-em-dados-2017\/\">Goi\u00e1s em Dados &#8211; 2017<\/a><\/h3><div class='post-meta-user '><span class='date-meta'>3 de julho de 2018<\/span><\/div><div class='tpg-excerpt'>Clique aqui para baixar a publica\u00e7\u00e3o: Goi\u00e1s em Dados &#8211; 2017 Clique aqui para baixar...<\/div><\/div><\/div><\/div><\/div><\/div><div class=\"rt-col-md-12 rt-col-sm-12 rt-col-xs-12 even-grid-item rt-grid-item\" data-id=\"5840\"><div class=\"rt-holder\"><div class=\"rt-row\"><div class='rt-col-sm-4 rt-col-xs-12 '><div class=\"rt-img-holder\"><a data-id='5840' class='' href='https:\/\/goias.gov.br\/imb\/goias-em-dados-2016\/'><img loading=\"lazy\" decoding=\"async\" width=\"226\" height=\"316\" src=\"https:\/\/goias.gov.br\/imb\/wp-content\/uploads\/sites\/29\/2017\/06\/goias-em-dados-2016-4af.jpg\" class=\"rt-img-responsive \" alt=\"\" \/><\/a><\/div><\/div><div class='rt-col-sm-8 rt-col-xs-12 '><div class='rt-detail'><h3 class=\"entry-title\"><a data-id=\"5840\" class=\"\" href=\"https:\/\/goias.gov.br\/imb\/goias-em-dados-2016\/\">Goi\u00e1s em Dados &#8211; 2016<\/a><\/h3><div class='post-meta-user '><span class='date-meta'>26 de junho de 2017<\/span><\/div><div class='tpg-excerpt'>Clique aqui para baixar a publica\u00e7\u00e3o: Goi\u00e1s em Dados &#8211; 2016...<\/div><\/div><\/div><\/div><\/div><\/div><div class=\"rt-col-md-12 rt-col-sm-12 rt-col-xs-12 even-grid-item rt-grid-item\" data-id=\"5843\"><div class=\"rt-holder\"><div class=\"rt-row\"><div class='rt-col-sm-4 rt-col-xs-12 '><div class=\"rt-img-holder\"><a data-id='5843' class='' href='https:\/\/goias.gov.br\/imb\/goias-em-dados-2015\/'><img loading=\"lazy\" decoding=\"async\" width=\"226\" height=\"322\" src=\"https:\/\/goias.gov.br\/imb\/wp-content\/uploads\/sites\/29\/2016\/09\/goias-em-dados-2015-0d5.jpg\" class=\"rt-img-responsive \" alt=\"\" \/><\/a><\/div><\/div><div class='rt-col-sm-8 rt-col-xs-12 '><div class='rt-detail'><h3 class=\"entry-title\"><a data-id=\"5843\" class=\"\" href=\"https:\/\/goias.gov.br\/imb\/goias-em-dados-2015\/\">Goi\u00e1s em Dados &#8211; 2015<\/a><\/h3><div class='post-meta-user '><span class='date-meta'>5 de setembro de 2016<\/span><\/div><div class='tpg-excerpt'>Clique aqui para baixar a publica\u00e7\u00e3o: Goi\u00e1s em Dados &#8211; 2015...<\/div><\/div><\/div><\/div><\/div><\/div><\/div><div class='rt-pagination-wrap' data-total-pages='4' data-posts-per-page='7' data-type='pagination'  ><div class=\"rt-pagination\" ><ul class=\"pagination-list\"><li class=\"active\"><span>1<\/span><\/li><li><a data-paged='2' href='https:\/\/goias.gov.br\/imb\/wp-json\/wp\/v2\/pages\/11677\/page\/2\/'>2<\/a><\/li><li><a data-paged='3' href='https:\/\/goias.gov.br\/imb\/wp-json\/wp\/v2\/pages\/11677\/page\/3\/'>3<\/a><\/li><li><a data-paged='4' href='https:\/\/goias.gov.br\/imb\/wp-json\/wp\/v2\/pages\/11677\/page\/4\/'>4<\/a><\/li><\/ul><\/div><\/div><\/div><\/div>\n\t\t\t\t\t\t<\/div>\n\t\t\t\t<\/div>\n\t\t\t\t\t<\/div>\n\t\t\t\t<\/div>\n\t\t\t\t<\/div>\n\t\t","protected":false},"excerpt":{"rendered":"<p>Conjunto de informa\u00e7\u00f5es socioecon\u00f4micas do Estado de Goi\u00e1s agrupadas em s\u00e9ries hist\u00f3ricas que permite a an\u00e1lise da din\u00e2mica econ\u00f4mica com as transforma\u00e7\u00f5es espaciais produzidas pelos impactos demogr\u00e1ficos, econ\u00f4micos, socioculturais e financeiros.<\/p>\n","protected":false},"author":7,"featured_media":0,"parent":0,"menu_order":0,"comment_status":"closed","ping_status":"closed","template":"","meta":{"footnotes":""},"class_list":["post-11677","page","type-page","status-publish","hentry"],"rttpg_featured_image_url":null,"rttpg_author":{"display_name":"gustavogoncalves","author_link":"https:\/\/goias.gov.br\/imb\/author\/gustavogoncalves\/"},"rttpg_comment":0,"rttpg_category":"","rttpg_excerpt":"Conjunto de informa\u00e7\u00f5es socioecon\u00f4micas do Estado de Goi\u00e1s agrupadas em s\u00e9ries hist\u00f3ricas que permite a an\u00e1lise da din\u00e2mica econ\u00f4mica com as transforma\u00e7\u00f5es espaciais produzidas pelos impactos demogr\u00e1ficos, econ\u00f4micos, socioculturais e financeiros.","_links":{"self":[{"href":"https:\/\/goias.gov.br\/imb\/wp-json\/wp\/v2\/pages\/11677","targetHints":{"allow":["GET"]}}],"collection":[{"href":"https:\/\/goias.gov.br\/imb\/wp-json\/wp\/v2\/pages"}],"about":[{"href":"https:\/\/goias.gov.br\/imb\/wp-json\/wp\/v2\/types\/page"}],"author":[{"embeddable":true,"href":"https:\/\/goias.gov.br\/imb\/wp-json\/wp\/v2\/users\/7"}],"replies":[{"embeddable":true,"href":"https:\/\/goias.gov.br\/imb\/wp-json\/wp\/v2\/comments?post=11677"}],"version-history":[{"count":3,"href":"https:\/\/goias.gov.br\/imb\/wp-json\/wp\/v2\/pages\/11677\/revisions"}],"predecessor-version":[{"id":16345,"href":"https:\/\/goias.gov.br\/imb\/wp-json\/wp\/v2\/pages\/11677\/revisions\/16345"}],"wp:attachment":[{"href":"https:\/\/goias.gov.br\/imb\/wp-json\/wp\/v2\/media?parent=11677"}],"curies":[{"name":"wp","href":"https:\/\/api.w.org\/{rel}","templated":true}]}}