
{"id":11657,"date":"2023-12-13T16:34:47","date_gmt":"2023-12-13T19:34:47","guid":{"rendered":"https:\/\/siteshom.goias.gov.br\/imb\/?page_id=11657"},"modified":"2026-01-22T16:36:07","modified_gmt":"2026-01-22T19:36:07","slug":"indices-de-precos","status":"publish","type":"page","link":"https:\/\/goias.gov.br\/imb\/indices-de-precos\/","title":{"rendered":"\u00cdndices de Pre\u00e7os"},"content":{"rendered":"\t\t<div data-elementor-type=\"wp-page\" data-elementor-id=\"11657\" class=\"elementor elementor-11657\">\n\t\t\t\t<div class=\"elementor-element elementor-element-01d24d2 e-flex e-con-boxed e-con e-parent\" data-id=\"01d24d2\" data-element_type=\"container\" data-e-type=\"container\">\n\t\t\t\t\t<div class=\"e-con-inner\">\n\t\t<div class=\"elementor-element elementor-element-559d661 e-con-full e-flex e-con e-child\" data-id=\"559d661\" data-element_type=\"container\" data-e-type=\"container\">\n\t\t\t\t<div class=\"elementor-element elementor-element-fbde9b5 elementor-widget elementor-widget-image\" data-id=\"fbde9b5\" data-element_type=\"widget\" data-e-type=\"widget\" data-widget_type=\"image.default\">\n\t\t\t\t\t\t\t\t\t\t\t\t\t\t\t<img fetchpriority=\"high\" decoding=\"async\" width=\"685\" height=\"354\" src=\"https:\/\/goias.gov.br\/imb\/wp-content\/uploads\/sites\/29\/2023\/12\/Capturadetela2022-11-17074726.png\" class=\"attachment-large size-large wp-image-11659\" alt=\"\" srcset=\"https:\/\/goias.gov.br\/imb\/wp-content\/uploads\/sites\/29\/2023\/12\/Capturadetela2022-11-17074726.png 685w, https:\/\/goias.gov.br\/imb\/wp-content\/uploads\/sites\/29\/2023\/12\/Capturadetela2022-11-17074726-300x155.png 300w\" sizes=\"(max-width: 685px) 100vw, 685px\" \/>\t\t\t\t\t\t\t\t\t\t\t\t\t\t\t<\/div>\n\t\t\t\t<div class=\"elementor-element elementor-element-aa4c580 elementor-widget elementor-widget-text-editor\" data-id=\"aa4c580\" data-element_type=\"widget\" data-e-type=\"widget\" data-widget_type=\"text-editor.default\">\n\t\t\t\t\t\t\t\t\t<p>Os \u00cdndices de Pre\u00e7os, calculado pelo IMB e\u00a0por institui\u00e7\u00f5es nacionais de estat\u00edstica, s\u00e3o\u00a0usados para observar tend\u00eancias de infla\u00e7\u00e3o, bem como realizar atualiza\u00e7\u00e3o de valores.<\/p>\t\t\t\t\t\t\t\t<\/div>\n\t\t\t\t<\/div>\n\t\t<div class=\"elementor-element elementor-element-90e8258 e-con-full e-flex e-con e-child\" data-id=\"90e8258\" data-element_type=\"container\" data-e-type=\"container\">\n\t\t\t\t<div class=\"elementor-element elementor-element-b1f4271 elementor-widget elementor-widget-shortcode\" data-id=\"b1f4271\" data-element_type=\"widget\" data-e-type=\"widget\" data-widget_type=\"shortcode.default\">\n\t\t\t\t\t\t\t<div class=\"elementor-shortcode\"><style type='text\/css' media='all'>#rt-tpg-container-3151262502 .rt-holder .rt-woo-info .price{color:#0367bf;}body .rt-tpg-container .rt-tpg-isotope-buttons .selected,\n\t\t\t\t\t#rt-tpg-container-3151262502 .layout12 .rt-holder:hover .rt-detail,\n\t\t\t\t\t#rt-tpg-container-3151262502 .isotope8 .rt-holder:hover .rt-detail,\n\t\t\t\t\t#rt-tpg-container-3151262502 .carousel8 .rt-holder:hover .rt-detail,\n\t\t\t\t\t#rt-tpg-container-3151262502 .layout13 .rt-holder .overlay .post-info,\n\t\t\t\t\t#rt-tpg-container-3151262502 .isotope9 .rt-holder .overlay .post-info,\n\t\t\t\t\t#rt-tpg-container-3151262502.rt-tpg-container .layout4 .rt-holder .rt-detail,\n\t\t\t\t\t.rt-modal-3151262502 .md-content,\n\t\t\t\t\t.rt-modal-3151262502 .md-content > .rt-md-content-holder .rt-md-content,\n\t\t\t\t\t.rt-popup-wrap-3151262502.rt-popup-wrap .rt-popup-navigation-wrap,\n\t\t\t\t\t#rt-tpg-container-3151262502 .carousel9 .rt-holder .overlay .post-info{background-color:#0367bf;}#rt-tpg-container-3151262502 .layout5 .rt-holder .overlay, #rt-tpg-container-3151262502 .isotope2 .rt-holder .overlay, #rt-tpg-container-3151262502 .carousel2 .rt-holder .overlay,#rt-tpg-container-3151262502 .layout15 .rt-holder h3, #rt-tpg-container-3151262502 .isotope11 .rt-holder h3, #rt-tpg-container-3151262502 .carousel11 .rt-holder h3, #rt-tpg-container-3151262502 .layout16 .rt-holder h3,\n\t\t\t\t\t#rt-tpg-container-3151262502 .isotope12 .rt-holder h3, #rt-tpg-container-3151262502 .carousel12 .rt-holder h3 {background-color:rgba(3,103,191,0.8);}#rt-tpg-container-3151262502 .read-more a{border-radius:px;}#rt-tpg-container-3151262502 .rt-img-holder img.rt-img-responsive,#rt-tpg-container-3151262502 .rt-img-holder,\n\t\t\t\t\t#rt-tpg-container-3151262502 .rt-post-overlay .post-img,\n\t\t\t\t\t#rt-tpg-container-3151262502 .post-sm .post-img,\n\t\t\t\t\t#rt-tpg-container-3151262502 .rt-post-grid .post-img,\n\t\t\t\t\t#rt-tpg-container-3151262502 .post-img img {border-radius:px;}<\/style><div class='rt-container-fluid rt-tpg-container tpg-shortcode-main-wrapper ' id='rt-tpg-container-3151262502'   data-layout='layout2' data-grid-style='even' data-desktop-col='1'  data-tab-col='1'  data-mobile-col='1' data-sc-id='11660'><div data-title='Loading ...' class='rt-row rt-content-loader   layout2 tpg-even '><div class=\"rt-col-md-12 rt-col-sm-12 rt-col-xs-12 even-grid-item rt-grid-item\" data-id=\"9104\"><div class=\"rt-holder\"><div class=\"rt-row\"><div class='rt-col-xs-12'><div class='rt-detail'><h3 class=\"entry-title\"><a data-id=\"9104\" class=\"\" href=\"https:\/\/goias.gov.br\/imb\/indices-de-precos-goias-e-capital\/\">\u00cdndices de Pre\u00e7os &#8211; Goi\u00e1s e Capital<\/a><\/h3><div class='post-meta-user '><span class='date-meta'>17 de agosto de 2018<\/span><\/div><div class='tpg-excerpt'>...<\/div><\/div><\/div><\/div><\/div><\/div><div class=\"rt-col-md-12 rt-col-sm-12 rt-col-xs-12 even-grid-item rt-grid-item\" data-id=\"9105\"><div class=\"rt-holder\"><div class=\"rt-row\"><div class='rt-col-xs-12'><div class='rt-detail'><h3 class=\"entry-title\"><a data-id=\"9105\" class=\"\" href=\"https:\/\/goias.gov.br\/imb\/indices-de-precos-nacional\/\">\u00cdndices de Pre\u00e7os &#8211; Nacional<\/a><\/h3><div class='post-meta-user '><span class='date-meta'>17 de agosto de 2018<\/span><\/div><div class='tpg-excerpt'>...<\/div><\/div><\/div><\/div><\/div><\/div><div class=\"rt-col-md-12 rt-col-sm-12 rt-col-xs-12 even-grid-item rt-grid-item\" data-id=\"9106\"><div class=\"rt-holder\"><div class=\"rt-row\"><div class='rt-col-xs-12'><div class='rt-detail'><h3 class=\"entry-title\"><a data-id=\"9106\" class=\"\" href=\"https:\/\/goias.gov.br\/imb\/cesta-basica-goiania\/\">Cesta B\u00e1sica &#8211; Goi\u00e2nia<\/a><\/h3><div class='post-meta-user '><span class='date-meta'>17 de agosto de 2018<\/span><\/div><div class='tpg-excerpt'>...<\/div><\/div><\/div><\/div><\/div><\/div><div class=\"rt-col-md-12 rt-col-sm-12 rt-col-xs-12 even-grid-item rt-grid-item\" data-id=\"9107\"><div class=\"rt-holder\"><div class=\"rt-row\"><div class='rt-col-xs-12'><div class='rt-detail'><h3 class=\"entry-title\"><a data-id=\"9107\" class=\"\" href=\"https:\/\/goias.gov.br\/imb\/outros-indicadores-dolar-comercial-salario-minimo-taxa-selic-e-tjlp\/\">Outros Indicadores (D\u00f3lar Comercial, Sal\u00e1rio M\u00ednimo, Selic e TJLP)<\/a><\/h3><div class='post-meta-user '><span class='date-meta'>17 de agosto de 2018<\/span><\/div><div class='tpg-excerpt'>...<\/div><\/div><\/div><\/div><\/div><\/div><\/div><\/div><\/div>\n\t\t\t\t\t\t<\/div>\n\t\t\t\t<\/div>\n\t\t\t\t\t<\/div>\n\t\t\t\t<\/div>\n\t\t\t\t<\/div>\n\t\t","protected":false},"excerpt":{"rendered":"<p>Os \u00cdndices de Pre\u00e7os, calculado pelo IMB e\u00a0por institui\u00e7\u00f5es nacionais de estat\u00edstica, s\u00e3o\u00a0usados para observar tend\u00eancias de infla\u00e7\u00e3o, bem como realizar atualiza\u00e7\u00e3o de valores.<\/p>\n","protected":false},"author":7,"featured_media":0,"parent":0,"menu_order":0,"comment_status":"closed","ping_status":"closed","template":"","meta":{"footnotes":""},"class_list":["post-11657","page","type-page","status-publish","hentry"],"rttpg_featured_image_url":null,"rttpg_author":{"display_name":"gustavogoncalves","author_link":"https:\/\/goias.gov.br\/imb\/author\/gustavogoncalves\/"},"rttpg_comment":0,"rttpg_category":"","rttpg_excerpt":"Os \u00cdndices de Pre\u00e7os, calculado pelo IMB e\u00a0por institui\u00e7\u00f5es nacionais de estat\u00edstica, s\u00e3o\u00a0usados para observar tend\u00eancias de infla\u00e7\u00e3o, bem como realizar atualiza\u00e7\u00e3o de valores.","_links":{"self":[{"href":"https:\/\/goias.gov.br\/imb\/wp-json\/wp\/v2\/pages\/11657","targetHints":{"allow":["GET"]}}],"collection":[{"href":"https:\/\/goias.gov.br\/imb\/wp-json\/wp\/v2\/pages"}],"about":[{"href":"https:\/\/goias.gov.br\/imb\/wp-json\/wp\/v2\/types\/page"}],"author":[{"embeddable":true,"href":"https:\/\/goias.gov.br\/imb\/wp-json\/wp\/v2\/users\/7"}],"replies":[{"embeddable":true,"href":"https:\/\/goias.gov.br\/imb\/wp-json\/wp\/v2\/comments?post=11657"}],"version-history":[{"count":2,"href":"https:\/\/goias.gov.br\/imb\/wp-json\/wp\/v2\/pages\/11657\/revisions"}],"predecessor-version":[{"id":16108,"href":"https:\/\/goias.gov.br\/imb\/wp-json\/wp\/v2\/pages\/11657\/revisions\/16108"}],"wp:attachment":[{"href":"https:\/\/goias.gov.br\/imb\/wp-json\/wp\/v2\/media?parent=11657"}],"curies":[{"name":"wp","href":"https:\/\/api.w.org\/{rel}","templated":true}]}}