
{"id":11649,"date":"2023-12-13T16:20:57","date_gmt":"2023-12-13T19:20:57","guid":{"rendered":"https:\/\/siteshom.goias.gov.br\/imb\/?page_id=11649"},"modified":"2026-01-22T15:41:57","modified_gmt":"2026-01-22T18:41:57","slug":"goias-no-contexto-nacional","status":"publish","type":"page","link":"https:\/\/goias.gov.br\/imb\/goias-no-contexto-nacional\/","title":{"rendered":"Goi\u00e1s no Contexto Nacional"},"content":{"rendered":"\t\t<div data-elementor-type=\"wp-page\" data-elementor-id=\"11649\" class=\"elementor elementor-11649\">\n\t\t\t\t<div class=\"elementor-element elementor-element-810617a e-flex e-con-boxed e-con e-parent\" data-id=\"810617a\" data-element_type=\"container\" data-e-type=\"container\">\n\t\t\t\t\t<div class=\"e-con-inner\">\n\t\t<div class=\"elementor-element elementor-element-30a048e e-con-full e-flex e-con e-child\" data-id=\"30a048e\" data-element_type=\"container\" data-e-type=\"container\">\n\t\t\t\t<div class=\"elementor-element elementor-element-dac75a6 elementor-widget elementor-widget-image\" data-id=\"dac75a6\" data-element_type=\"widget\" data-e-type=\"widget\" data-widget_type=\"image.default\">\n\t\t\t\t\t\t\t\t\t\t\t\t\t\t\t<img fetchpriority=\"high\" decoding=\"async\" width=\"689\" height=\"355\" src=\"https:\/\/goias.gov.br\/imb\/wp-content\/uploads\/sites\/29\/2023\/12\/Capturadetela2022-11-17074041.png\" class=\"attachment-large size-large wp-image-11651\" alt=\"\" srcset=\"https:\/\/goias.gov.br\/imb\/wp-content\/uploads\/sites\/29\/2023\/12\/Capturadetela2022-11-17074041.png 689w, https:\/\/goias.gov.br\/imb\/wp-content\/uploads\/sites\/29\/2023\/12\/Capturadetela2022-11-17074041-300x155.png 300w\" sizes=\"(max-width: 689px) 100vw, 689px\" \/>\t\t\t\t\t\t\t\t\t\t\t\t\t\t\t<\/div>\n\t\t\t\t<div class=\"elementor-element elementor-element-f4ede37 elementor-widget elementor-widget-text-editor\" data-id=\"f4ede37\" data-element_type=\"widget\" data-e-type=\"widget\" data-widget_type=\"text-editor.default\">\n\t\t\t\t\t\t\t\t\t<p>Documento que mostra a performance do Estado de Goi\u00e1s no cen\u00e1rio nacional em diversos indicadores. Composto por diversas tabelas com informa\u00e7\u00f5es ranqueadas segundo as unidades da federa\u00e7\u00e3o compara, em quase todos os indicadores, o ano 2000 com o \u00faltimo ano dispon\u00edvel.<\/p>\t\t\t\t\t\t\t\t<\/div>\n\t\t\t\t<\/div>\n\t\t<div class=\"elementor-element elementor-element-4703cbe e-con-full e-flex e-con e-child\" data-id=\"4703cbe\" data-element_type=\"container\" data-e-type=\"container\">\n\t\t\t\t<div class=\"elementor-element elementor-element-c1645f1 elementor-widget elementor-widget-shortcode\" data-id=\"c1645f1\" data-element_type=\"widget\" data-e-type=\"widget\" data-widget_type=\"shortcode.default\">\n\t\t\t\t\t\t\t<div class=\"elementor-shortcode\"><style type='text\/css' media='all'>#rt-tpg-container-861523695 .rt-holder .rt-woo-info .price{color:#0367bf;}body .rt-tpg-container .rt-tpg-isotope-buttons .selected,\n\t\t\t\t\t#rt-tpg-container-861523695 .layout12 .rt-holder:hover .rt-detail,\n\t\t\t\t\t#rt-tpg-container-861523695 .isotope8 .rt-holder:hover .rt-detail,\n\t\t\t\t\t#rt-tpg-container-861523695 .carousel8 .rt-holder:hover .rt-detail,\n\t\t\t\t\t#rt-tpg-container-861523695 .layout13 .rt-holder .overlay .post-info,\n\t\t\t\t\t#rt-tpg-container-861523695 .isotope9 .rt-holder .overlay .post-info,\n\t\t\t\t\t#rt-tpg-container-861523695.rt-tpg-container .layout4 .rt-holder .rt-detail,\n\t\t\t\t\t.rt-modal-861523695 .md-content,\n\t\t\t\t\t.rt-modal-861523695 .md-content > .rt-md-content-holder .rt-md-content,\n\t\t\t\t\t.rt-popup-wrap-861523695.rt-popup-wrap .rt-popup-navigation-wrap,\n\t\t\t\t\t#rt-tpg-container-861523695 .carousel9 .rt-holder .overlay .post-info{background-color:#0367bf;}#rt-tpg-container-861523695 .layout5 .rt-holder .overlay, #rt-tpg-container-861523695 .isotope2 .rt-holder .overlay, #rt-tpg-container-861523695 .carousel2 .rt-holder .overlay,#rt-tpg-container-861523695 .layout15 .rt-holder h3, #rt-tpg-container-861523695 .isotope11 .rt-holder h3, #rt-tpg-container-861523695 .carousel11 .rt-holder h3, #rt-tpg-container-861523695 .layout16 .rt-holder h3,\n\t\t\t\t\t#rt-tpg-container-861523695 .isotope12 .rt-holder h3, #rt-tpg-container-861523695 .carousel12 .rt-holder h3 {background-color:rgba(3,103,191,0.8);}#rt-tpg-container-861523695 .read-more a{border-radius:px;}#rt-tpg-container-861523695 .rt-img-holder img.rt-img-responsive,#rt-tpg-container-861523695 .rt-img-holder,\n\t\t\t\t\t#rt-tpg-container-861523695 .rt-post-overlay .post-img,\n\t\t\t\t\t#rt-tpg-container-861523695 .post-sm .post-img,\n\t\t\t\t\t#rt-tpg-container-861523695 .rt-post-grid .post-img,\n\t\t\t\t\t#rt-tpg-container-861523695 .post-img img {border-radius:px;}<\/style><div class='rt-container-fluid rt-tpg-container tpg-shortcode-main-wrapper ' id='rt-tpg-container-861523695'   data-layout='layout2' data-grid-style='even' data-desktop-col='1'  data-tab-col='1'  data-mobile-col='1' data-sc-id='11652'><div data-title='Loading ...' class='rt-row rt-content-loader   layout2 tpg-even '><div class=\"rt-col-md-12 rt-col-sm-12 rt-col-xs-12 even-grid-item rt-grid-item\" data-id=\"8389\"><div class=\"rt-holder\"><div class=\"rt-row\"><div class='rt-col-sm-4 rt-col-xs-12 '><div class=\"rt-img-holder\"><a data-id='8389' class='' href='https:\/\/goias.gov.br\/imb\/estado-de-goias-no-contexto-nacional-2017\/'><img decoding=\"async\" class=\"rt-img-responsive \" src=\"https:\/\/goias.gov.br\/imb\/wp-content\/uploads\/sites\/29\/2018\/07\/goiascn2017-51b.jpg\" width=\"226\" height=\"318\" alt=\"Estado de Goi\u00e1s no Contexto Nacional &#8211; 2017\" \/><\/a><\/div><\/div><div class='rt-col-sm-8 rt-col-xs-12 '><div class='rt-detail'><h3 class=\"entry-title\"><a data-id=\"8389\" class=\"\" href=\"https:\/\/goias.gov.br\/imb\/estado-de-goias-no-contexto-nacional-2017\/\">Estado de Goi\u00e1s no Contexto Nacional &#8211; 2017<\/a><\/h3><div class='post-meta-user '><span class='date-meta'>10 de julho de 2018<\/span><\/div><div class='tpg-excerpt'>Clique aqui para baixar a publica\u00e7\u00e3o: Estado de Goi\u00e1s no Contexto Nacional &#8211; 2017 Clique...<\/div><\/div><\/div><\/div><\/div><\/div><div class=\"rt-col-md-12 rt-col-sm-12 rt-col-xs-12 even-grid-item rt-grid-item\" data-id=\"5956\"><div class=\"rt-holder\"><div class=\"rt-row\"><div class='rt-col-sm-4 rt-col-xs-12 '><div class=\"rt-img-holder\"><a data-id='5956' class='' href='https:\/\/goias.gov.br\/imb\/estado-de-goias-no-contexto-nacional-2016\/'><img decoding=\"async\" class=\"rt-img-responsive \" src=\"https:\/\/goias.gov.br\/imb\/wp-content\/uploads\/sites\/29\/2017\/08\/goiascn2016-6cd.jpg\" width=\"226\" height=\"315\" alt=\"Estado de Goi\u00e1s no Contexto Nacional &#8211; 2016\" \/><\/a><\/div><\/div><div class='rt-col-sm-8 rt-col-xs-12 '><div class='rt-detail'><h3 class=\"entry-title\"><a data-id=\"5956\" class=\"\" href=\"https:\/\/goias.gov.br\/imb\/estado-de-goias-no-contexto-nacional-2016\/\">Estado de Goi\u00e1s no Contexto Nacional &#8211; 2016<\/a><\/h3><div class='post-meta-user '><span class='date-meta'>23 de agosto de 2017<\/span><\/div><div class='tpg-excerpt'>Clique aqui para baixar a publica\u00e7\u00e3o: Estado de Goi\u00e1s no Contexto Nacional &#8211; 2016...<\/div><\/div><\/div><\/div><\/div><\/div><div class=\"rt-col-md-12 rt-col-sm-12 rt-col-xs-12 even-grid-item rt-grid-item\" data-id=\"5959\"><div class=\"rt-holder\"><div class=\"rt-row\"><div class='rt-col-sm-4 rt-col-xs-12 '><div class=\"rt-img-holder\"><a data-id='5959' class='' href='https:\/\/goias.gov.br\/imb\/estado-de-goias-no-contexto-nacional-2015\/'><img loading=\"lazy\" decoding=\"async\" class=\"rt-img-responsive \" src=\"https:\/\/goias.gov.br\/imb\/wp-content\/uploads\/sites\/29\/2016\/08\/goiascn2015-2b7.jpg\" width=\"226\" height=\"323\" alt=\"Estado de Goi\u00e1s no Contexto Nacional &#8211; 2015\" \/><\/a><\/div><\/div><div class='rt-col-sm-8 rt-col-xs-12 '><div class='rt-detail'><h3 class=\"entry-title\"><a data-id=\"5959\" class=\"\" href=\"https:\/\/goias.gov.br\/imb\/estado-de-goias-no-contexto-nacional-2015\/\">Estado de Goi\u00e1s no Contexto Nacional &#8211; 2015<\/a><\/h3><div class='post-meta-user '><span class='date-meta'>15 de agosto de 2016<\/span><\/div><div class='tpg-excerpt'>Clique aqui para baixar a publica\u00e7\u00e3o: Estado de Goi\u00e1s no Contexto Nacional &#8211; 2015...<\/div><\/div><\/div><\/div><\/div><\/div><div class=\"rt-col-md-12 rt-col-sm-12 rt-col-xs-12 even-grid-item rt-grid-item\" data-id=\"5962\"><div class=\"rt-holder\"><div class=\"rt-row\"><div class='rt-col-sm-4 rt-col-xs-12 '><div class=\"rt-img-holder\"><a data-id='5962' class='' href='https:\/\/goias.gov.br\/imb\/estado-de-goias-no-contexto-nacional-2014\/'><img loading=\"lazy\" decoding=\"async\" class=\"rt-img-responsive \" src=\"https:\/\/goias.gov.br\/imb\/wp-content\/uploads\/sites\/29\/2015\/07\/goiascn2014-161.jpg\" width=\"226\" height=\"320\" alt=\"Estado de Goi\u00e1s no Contexto Nacional &#8211; 2014\" \/><\/a><\/div><\/div><div class='rt-col-sm-8 rt-col-xs-12 '><div class='rt-detail'><h3 class=\"entry-title\"><a data-id=\"5962\" class=\"\" href=\"https:\/\/goias.gov.br\/imb\/estado-de-goias-no-contexto-nacional-2014\/\">Estado de Goi\u00e1s no Contexto Nacional &#8211; 2014<\/a><\/h3><div class='post-meta-user '><span class='date-meta'>23 de julho de 2015<\/span><\/div><div class='tpg-excerpt'>Clique aqui para baixar a publica\u00e7\u00e3o: Estado de Goi\u00e1s no Contexto Nacional &#8211; 2014...<\/div><\/div><\/div><\/div><\/div><\/div><div class=\"rt-col-md-12 rt-col-sm-12 rt-col-xs-12 even-grid-item rt-grid-item\" data-id=\"5965\"><div class=\"rt-holder\"><div class=\"rt-row\"><div class='rt-col-sm-4 rt-col-xs-12 '><div class=\"rt-img-holder\"><a data-id='5965' class='' href='https:\/\/goias.gov.br\/imb\/estado-de-goias-no-contexto-nacional-2013\/'><img loading=\"lazy\" decoding=\"async\" class=\"rt-img-responsive \" src=\"https:\/\/goias.gov.br\/imb\/wp-content\/uploads\/sites\/29\/2014\/06\/goiascn2013-a43.jpg\" width=\"226\" height=\"319\" alt=\"Estado de Goi\u00e1s no Contexto Nacional &#8211; 2013\" \/><\/a><\/div><\/div><div class='rt-col-sm-8 rt-col-xs-12 '><div class='rt-detail'><h3 class=\"entry-title\"><a data-id=\"5965\" class=\"\" href=\"https:\/\/goias.gov.br\/imb\/estado-de-goias-no-contexto-nacional-2013\/\">Estado de Goi\u00e1s no Contexto Nacional &#8211; 2013<\/a><\/h3><div class='post-meta-user '><span class='date-meta'>18 de junho de 2014<\/span><\/div><div class='tpg-excerpt'>Clique aqui para baixar a publica\u00e7\u00e3o: Estado de Goi\u00e1s no Contexto Nacional &#8211; 2013...<\/div><\/div><\/div><\/div><\/div><\/div><div class=\"rt-col-md-12 rt-col-sm-12 rt-col-xs-12 even-grid-item rt-grid-item\" data-id=\"5968\"><div class=\"rt-holder\"><div class=\"rt-row\"><div class='rt-col-sm-4 rt-col-xs-12 '><div class=\"rt-img-holder\"><a data-id='5968' class='' href='https:\/\/goias.gov.br\/imb\/estado-de-goias-no-contexto-nacional-2012\/'><img loading=\"lazy\" decoding=\"async\" class=\"rt-img-responsive \" src=\"https:\/\/goias.gov.br\/imb\/wp-content\/uploads\/sites\/29\/2013\/09\/goiascn2012-995.jpg\" width=\"226\" height=\"321\" alt=\"Estado de Goi\u00e1s no Contexto Nacional &#8211; 2012\" \/><\/a><\/div><\/div><div class='rt-col-sm-8 rt-col-xs-12 '><div class='rt-detail'><h3 class=\"entry-title\"><a data-id=\"5968\" class=\"\" href=\"https:\/\/goias.gov.br\/imb\/estado-de-goias-no-contexto-nacional-2012\/\">Estado de Goi\u00e1s no Contexto Nacional &#8211; 2012<\/a><\/h3><div class='post-meta-user '><span class='date-meta'>17 de setembro de 2013<\/span><\/div><div class='tpg-excerpt'>Clique aqui para baixar a publica\u00e7\u00e3o: Estado de Goi\u00e1s no Contexto Nacional &#8211; 2012...<\/div><\/div><\/div><\/div><\/div><\/div><div class=\"rt-col-md-12 rt-col-sm-12 rt-col-xs-12 even-grid-item rt-grid-item\" data-id=\"9192\"><div class=\"rt-holder\"><div class=\"rt-row\"><div class='rt-col-sm-4 rt-col-xs-12 '><div class=\"rt-img-holder\"><a data-id='9192' class='' href='https:\/\/goias.gov.br\/imb\/estado-de-goias-no-contexto-nacional-2011\/'><img loading=\"lazy\" decoding=\"async\" class=\"rt-img-responsive \" src=\"https:\/\/goias.gov.br\/imb\/wp-content\/uploads\/sites\/29\/2012\/01\/goiascn2011-def.jpg\" width=\"226\" height=\"321\" alt=\"Estado de Goi\u00e1s no Contexto Nacional &#8211; 2011\" \/><\/a><\/div><\/div><div class='rt-col-sm-8 rt-col-xs-12 '><div class='rt-detail'><h3 class=\"entry-title\"><a data-id=\"9192\" class=\"\" href=\"https:\/\/goias.gov.br\/imb\/estado-de-goias-no-contexto-nacional-2011\/\">Estado de Goi\u00e1s no Contexto Nacional &#8211; 2011<\/a><\/h3><div class='post-meta-user '><span class='date-meta'>30 de janeiro de 2012<\/span><\/div><div class='tpg-excerpt'>Clique aqui para baixar a publica\u00e7\u00e3o: Estado de Goi\u00e1s no Contexto Nacional &#8211; 2011...<\/div><\/div><\/div><\/div><\/div><\/div><\/div><div class='rt-pagination-wrap' data-total-pages='2' data-posts-per-page='7' data-type='pagination'  ><div class=\"rt-pagination\" ><ul class=\"pagination-list\"><li class=\"active\"><span>1<\/span><\/li><li><a data-paged='2' href='https:\/\/goias.gov.br\/imb\/wp-json\/wp\/v2\/pages\/11649\/page\/2\/'>2<\/a><\/li><\/ul><\/div><\/div><\/div><\/div>\n\t\t\t\t\t\t<\/div>\n\t\t\t\t<\/div>\n\t\t\t\t\t<\/div>\n\t\t\t\t<\/div>\n\t\t\t\t<\/div>\n\t\t","protected":false},"excerpt":{"rendered":"<p>Documento que mostra a performance do Estado de Goi\u00e1s no cen\u00e1rio nacional em diversos indicadores. Composto por diversas tabelas com informa\u00e7\u00f5es ranqueadas segundo as unidades da federa\u00e7\u00e3o compara, em quase todos os indicadores, o ano 2000 com o \u00faltimo ano dispon\u00edvel.<\/p>\n","protected":false},"author":7,"featured_media":0,"parent":0,"menu_order":0,"comment_status":"closed","ping_status":"closed","template":"","meta":{"footnotes":""},"class_list":["post-11649","page","type-page","status-publish","hentry"],"rttpg_featured_image_url":null,"rttpg_author":{"display_name":"gustavogoncalves","author_link":"https:\/\/goias.gov.br\/imb\/author\/gustavogoncalves\/"},"rttpg_comment":0,"rttpg_category":"","rttpg_excerpt":"Documento que mostra a performance do Estado de Goi\u00e1s no cen\u00e1rio nacional em diversos indicadores. Composto por diversas tabelas com informa\u00e7\u00f5es ranqueadas segundo as unidades da federa\u00e7\u00e3o compara, em quase todos os indicadores, o ano 2000 com o \u00faltimo ano dispon\u00edvel.","_links":{"self":[{"href":"https:\/\/goias.gov.br\/imb\/wp-json\/wp\/v2\/pages\/11649","targetHints":{"allow":["GET"]}}],"collection":[{"href":"https:\/\/goias.gov.br\/imb\/wp-json\/wp\/v2\/pages"}],"about":[{"href":"https:\/\/goias.gov.br\/imb\/wp-json\/wp\/v2\/types\/page"}],"author":[{"embeddable":true,"href":"https:\/\/goias.gov.br\/imb\/wp-json\/wp\/v2\/users\/7"}],"replies":[{"embeddable":true,"href":"https:\/\/goias.gov.br\/imb\/wp-json\/wp\/v2\/comments?post=11649"}],"version-history":[{"count":2,"href":"https:\/\/goias.gov.br\/imb\/wp-json\/wp\/v2\/pages\/11649\/revisions"}],"predecessor-version":[{"id":16078,"href":"https:\/\/goias.gov.br\/imb\/wp-json\/wp\/v2\/pages\/11649\/revisions\/16078"}],"wp:attachment":[{"href":"https:\/\/goias.gov.br\/imb\/wp-json\/wp\/v2\/media?parent=11649"}],"curies":[{"name":"wp","href":"https:\/\/api.w.org\/{rel}","templated":true}]}}