
{"id":11644,"date":"2023-12-13T16:05:27","date_gmt":"2023-12-13T19:05:27","guid":{"rendered":"https:\/\/siteshom.goias.gov.br\/imb\/?page_id=11644"},"modified":"2026-01-22T11:07:39","modified_gmt":"2026-01-22T14:07:39","slug":"publicacoes-descontinuadas","status":"publish","type":"page","link":"https:\/\/goias.gov.br\/imb\/publicacoes-descontinuadas\/","title":{"rendered":"Publica\u00e7\u00f5es Descontinuadas"},"content":{"rendered":"\t\t<div data-elementor-type=\"wp-page\" data-elementor-id=\"11644\" class=\"elementor elementor-11644\">\n\t\t\t\t<div class=\"elementor-element elementor-element-bf1f9ac e-flex e-con-boxed e-con e-parent\" data-id=\"bf1f9ac\" data-element_type=\"container\" data-e-type=\"container\">\n\t\t\t\t\t<div class=\"e-con-inner\">\n\t\t\t\t<div class=\"elementor-element elementor-element-12b020d elementor-widget elementor-widget-text-editor\" data-id=\"12b020d\" data-element_type=\"widget\" data-e-type=\"widget\" data-widget_type=\"text-editor.default\">\n\t\t\t\t\t\t\t\t\t<h1 class=\"header\">Publica\u00e7\u00f5es Descontinuadas <small style=\"font-size: 70%; color: #6c757d !important; font-weight: 400;\">Publica\u00e7\u00f5es Descontinuadas<\/small><\/h1>\t\t\t\t\t\t\t\t<\/div>\n\t\t\t\t\t<\/div>\n\t\t\t\t<\/div>\n\t\t<div class=\"elementor-element elementor-element-d536085 e-flex e-con-boxed e-con e-parent\" data-id=\"d536085\" data-element_type=\"container\" data-e-type=\"container\">\n\t\t\t\t\t<div class=\"e-con-inner\">\n\t\t<div class=\"elementor-element elementor-element-737c629 e-con-full e-flex e-con e-child\" data-id=\"737c629\" data-element_type=\"container\" data-e-type=\"container\">\n\t\t\t\t<div class=\"elementor-element elementor-element-fda2eab elementor-widget elementor-widget-heading\" data-id=\"fda2eab\" data-element_type=\"widget\" data-e-type=\"widget\" data-widget_type=\"heading.default\">\n\t\t\t\t\t<h3 class=\"elementor-heading-title elementor-size-default\">Caderno de Indicadores<\/h3>\t\t\t\t<\/div>\n\t\t\t\t<div class=\"elementor-element elementor-element-24caa55 elementor-widget elementor-widget-text-editor\" data-id=\"24caa55\" data-element_type=\"widget\" data-e-type=\"widget\" data-widget_type=\"text-editor.default\">\n\t\t\t\t\t\t\t\t\t<div><div>O objetivo deste estudo \u00e9 apresentar um panorama de alguns temas importantes que s\u00e3o retratados em quase todos os trabalhos do g\u00eanero, bem como reunir informa\u00e7\u00f5es dispersas de tais informa\u00e7\u00f5es.<\/div><\/div><p><a class=\"btn btn-primary\" href=\"\/imb\/caderno-de-indicadores-de-goias-marco-2018\/\">Confira nossas publica\u00e7\u00f5es<\/a><\/p>\t\t\t\t\t\t\t\t<\/div>\n\t\t\t\t<\/div>\n\t\t<div class=\"elementor-element elementor-element-4f9f192 e-con-full e-flex e-con e-child\" data-id=\"4f9f192\" data-element_type=\"container\" data-e-type=\"container\">\n\t\t\t\t<div class=\"elementor-element elementor-element-2d804a8 elementor-widget elementor-widget-heading\" data-id=\"2d804a8\" data-element_type=\"widget\" data-e-type=\"widget\" data-widget_type=\"heading.default\">\n\t\t\t\t\t<h3 class=\"elementor-heading-title elementor-size-default\">Estado de Goi\u00e1s no Contexto Nacional\n<\/h3>\t\t\t\t<\/div>\n\t\t\t\t<div class=\"elementor-element elementor-element-9524fbe elementor-widget elementor-widget-text-editor\" data-id=\"9524fbe\" data-element_type=\"widget\" data-e-type=\"widget\" data-widget_type=\"text-editor.default\">\n\t\t\t\t\t\t\t\t\t<div>Documento que mostra a performance do Estado de Goi\u00e1s no cen\u00e1rio nacional em diversos indicadores. Composto por diversas tabelas com informa\u00e7\u00f5es ranqueadas segundo as unidades da federa\u00e7\u00e3o compara, em quase todos os indicadores, o ano 2000 com o \u00faltimo ano dispon\u00edvel.<\/div><p><a class=\"btn btn-primary\" href=\"\/imb\/goias-no-contexto-nacional\/\">Confira nossas publica\u00e7\u00f5es<\/a><\/p>\t\t\t\t\t\t\t\t<\/div>\n\t\t\t\t<\/div>\n\t\t\t\t\t<\/div>\n\t\t\t\t<\/div>\n\t\t<div class=\"elementor-element elementor-element-be05aa7 e-flex e-con-boxed e-con e-parent\" data-id=\"be05aa7\" data-element_type=\"container\" data-e-type=\"container\">\n\t\t\t\t\t<div class=\"e-con-inner\">\n\t\t<div class=\"elementor-element elementor-element-0150a95 e-con-full e-flex e-con e-child\" data-id=\"0150a95\" data-element_type=\"container\" data-e-type=\"container\">\n\t\t\t\t<div class=\"elementor-element elementor-element-af91ae2 elementor-widget elementor-widget-heading\" data-id=\"af91ae2\" data-element_type=\"widget\" data-e-type=\"widget\" data-widget_type=\"heading.default\">\n\t\t\t\t\t<h3 class=\"elementor-heading-title elementor-size-default\">Estat\u00edsticas B\u00e1sicas<\/h3>\t\t\t\t<\/div>\n\t\t\t\t<div class=\"elementor-element elementor-element-20ab631 elementor-widget elementor-widget-text-editor\" data-id=\"20ab631\" data-element_type=\"widget\" data-e-type=\"widget\" data-widget_type=\"text-editor.default\">\n\t\t\t\t\t\t\t\t\t<p>Documento com estat\u00edsticas detalhadas sobre Goi\u00e1s divulgadas quadrimestralmente. Comp\u00f5e a revista Economia &amp; Desenvolvimento como encarte, quando esta \u00e9 editada.<\/p><p><a class=\"btn btn-primary\" href=\"\/imb\/estatisticas-basicas\/\">Confira nossas publica\u00e7\u00f5es<\/a><\/p>\t\t\t\t\t\t\t\t<\/div>\n\t\t\t\t<\/div>\n\t\t<div class=\"elementor-element elementor-element-2abbcd4 e-con-full e-flex e-con e-child\" data-id=\"2abbcd4\" data-element_type=\"container\" data-e-type=\"container\">\n\t\t\t\t<div class=\"elementor-element elementor-element-b7c1737 elementor-widget elementor-widget-heading\" data-id=\"b7c1737\" data-element_type=\"widget\" data-e-type=\"widget\" data-widget_type=\"heading.default\">\n\t\t\t\t\t<h3 class=\"elementor-heading-title elementor-size-default\">Estat\u00edsticas Municipais - (S\u00e9ries Hist\u00f3ricas)\n<\/h3>\t\t\t\t<\/div>\n\t\t\t\t<div class=\"elementor-element elementor-element-192d690 elementor-widget elementor-widget-text-editor\" data-id=\"192d690\" data-element_type=\"widget\" data-e-type=\"widget\" data-widget_type=\"text-editor.default\">\n\t\t\t\t\t\t\t\t\t<p>Sistema que permite a recupera\u00e7\u00e3o de dados e indicadores dos munic\u00edpios goianos. Cont\u00e9m s\u00e9ries hist\u00f3ricas de vari\u00e1veis reunidas em grandes temas, que podem ser pesquisadas por munic\u00edpios (todos) e regi\u00f5es (regi\u00f5es de planejamento, microrregi\u00f5es e mesorregi\u00f5es) do Estado de Goi\u00e1s. O banco de dados possui atualiza\u00e7\u00e3o constante e sistem\u00e1tica, possibilitando estat\u00edsticas sempre atualizadas.<\/p><p><a class=\"btn btn-primary\" href=\"\/imb\/estatisticas-municipais-series-historicas\/\">Confira nossas publica\u00e7\u00f5es<\/a><\/p>\t\t\t\t\t\t\t\t<\/div>\n\t\t\t\t<\/div>\n\t\t\t\t\t<\/div>\n\t\t\t\t<\/div>\n\t\t<div class=\"elementor-element elementor-element-eb033bc e-flex e-con-boxed e-con e-parent\" data-id=\"eb033bc\" data-element_type=\"container\" data-e-type=\"container\">\n\t\t\t\t\t<div class=\"e-con-inner\">\n\t\t<div class=\"elementor-element elementor-element-a64f84b e-con-full e-flex e-con e-child\" data-id=\"a64f84b\" data-element_type=\"container\" data-e-type=\"container\">\n\t\t\t\t<div class=\"elementor-element elementor-element-9026c1b elementor-widget elementor-widget-heading\" data-id=\"9026c1b\" data-element_type=\"widget\" data-e-type=\"widget\" data-widget_type=\"heading.default\">\n\t\t\t\t\t<h3 class=\"elementor-heading-title elementor-size-default\">\u00cdndices de Pre\u00e7os<\/h3>\t\t\t\t<\/div>\n\t\t\t\t<div class=\"elementor-element elementor-element-c11839e elementor-widget elementor-widget-text-editor\" data-id=\"c11839e\" data-element_type=\"widget\" data-e-type=\"widget\" data-widget_type=\"text-editor.default\">\n\t\t\t\t\t\t\t\t\t<div>Os \u00cdndices de Pre\u00e7os, calculado pelo IMB e por institui\u00e7\u00f5es nacionais de estat\u00edstica, s\u00e3o usados para observar tend\u00eancias de infla\u00e7\u00e3o, bem como realizar atualiza\u00e7\u00e3o de valores.<\/div><p><a class=\"btn btn-primary\" href=\"\/imb\/indices-de-precos\/\">Confira nossas publica\u00e7\u00f5es<\/a><\/p>\t\t\t\t\t\t\t\t<\/div>\n\t\t\t\t<\/div>\n\t\t<div class=\"elementor-element elementor-element-0b4796b e-con-full e-flex e-con e-child\" data-id=\"0b4796b\" data-element_type=\"container\" data-e-type=\"container\">\n\t\t\t\t<div class=\"elementor-element elementor-element-a619c4d elementor-widget elementor-widget-heading\" data-id=\"a619c4d\" data-element_type=\"widget\" data-e-type=\"widget\" data-widget_type=\"heading.default\">\n\t\t\t\t\t<h3 class=\"elementor-heading-title elementor-size-default\">Perfil Socioecon\u00f4mico dos Munic\u00edpios Goianos<\/h3>\t\t\t\t<\/div>\n\t\t\t\t<div class=\"elementor-element elementor-element-bad80e2 elementor-widget elementor-widget-text-editor\" data-id=\"bad80e2\" data-element_type=\"widget\" data-e-type=\"widget\" data-widget_type=\"text-editor.default\">\n\t\t\t\t\t\t\t\t\t<div>Sistema que permite a recupera\u00e7\u00e3o de dados e indicadores dos munic\u00edpios goianos. Cont\u00e9m s\u00e9ries hist\u00f3ricas de vari\u00e1veis reunidas em grandes temas, que podem ser pesquisadas por munic\u00edpios (todos) e regi\u00f5es (regi\u00f5es de planejamento, microrregi\u00f5es e mesorregi\u00f5es) do Estado de Goi\u00e1s. O banco de dados possui atualiza\u00e7\u00e3o constante e sistem\u00e1tica, possibilitando estat\u00edsticas sempre atualizadas.<\/div><p><a class=\"btn btn-primary\" href=\"\/imb\/perfil-socioeconomico-dos-municipios-goianos\/\">Confira nossas publica\u00e7\u00f5es<\/a><\/p>\t\t\t\t\t\t\t\t<\/div>\n\t\t\t\t<\/div>\n\t\t\t\t\t<\/div>\n\t\t\t\t<\/div>\n\t\t<div class=\"elementor-element elementor-element-bf077b5 e-flex e-con-boxed e-con e-parent\" data-id=\"bf077b5\" data-element_type=\"container\" data-e-type=\"container\">\n\t\t\t\t\t<div class=\"e-con-inner\">\n\t\t<div class=\"elementor-element elementor-element-0e6b003 e-con-full e-flex e-con e-child\" data-id=\"0e6b003\" data-element_type=\"container\" data-e-type=\"container\">\n\t\t\t\t<div class=\"elementor-element elementor-element-bf38781 elementor-widget elementor-widget-heading\" data-id=\"bf38781\" data-element_type=\"widget\" data-e-type=\"widget\" data-widget_type=\"heading.default\">\n\t\t\t\t\t<h3 class=\"elementor-heading-title elementor-size-default\">Proje\u00e7\u00e3o da Popula\u00e7\u00e3o<\/h3>\t\t\t\t<\/div>\n\t\t\t\t<div class=\"elementor-element elementor-element-572141c elementor-widget elementor-widget-text-editor\" data-id=\"572141c\" data-element_type=\"widget\" data-e-type=\"widget\" data-widget_type=\"text-editor.default\">\n\t\t\t\t\t\t\t\t\t<div>Proje\u00e7\u00e3o populacional elaborada pelo m\u00e9todo das componentes demogr\u00e1ficas, para os anos de 2011 a 2020, por sexo e idade simples, considerando os 246 munic\u00edpios vigentes em 2010 no estado de Goi\u00e1s.<\/div><p><a class=\"btn btn-primary\" href=\"\/imb\/projecao-da-populacao\/\">Confira nossas publica\u00e7\u00f5es<\/a><\/p>\t\t\t\t\t\t\t\t<\/div>\n\t\t\t\t<\/div>\n\t\t<div class=\"elementor-element elementor-element-63272d1 e-con-full e-flex e-con e-child\" data-id=\"63272d1\" data-element_type=\"container\" data-e-type=\"container\">\n\t\t\t\t<div class=\"elementor-element elementor-element-7035628 elementor-widget elementor-widget-heading\" data-id=\"7035628\" data-element_type=\"widget\" data-e-type=\"widget\" data-widget_type=\"heading.default\">\n\t\t\t\t\t<h3 class=\"elementor-heading-title elementor-size-default\">Regi\u00f5es de Planejamento<\/h3>\t\t\t\t<\/div>\n\t\t\t\t<div class=\"elementor-element elementor-element-13b19c0 elementor-widget elementor-widget-text-editor\" data-id=\"13b19c0\" data-element_type=\"widget\" data-e-type=\"widget\" data-widget_type=\"text-editor.default\">\n\t\t\t\t\t\t\t\t\t<div>Publica\u00e7\u00e3o com informa\u00e7\u00f5es estat\u00edsticas socioecon\u00f4micas relevantes agrupadas por regi\u00f5es de planejamento, de forma a contribuir para a defini\u00e7\u00e3o de pol\u00edticas de desenvolvimento.<\/div><p><a class=\"btn btn-primary\" href=\"\/imb\/regioes-de-planejamento\/\">Confira nossas publica\u00e7\u00f5es<\/a><\/p>\t\t\t\t\t\t\t\t<\/div>\n\t\t\t\t<\/div>\n\t\t\t\t\t<\/div>\n\t\t\t\t<\/div>\n\t\t<div class=\"elementor-element elementor-element-ccc7e01 e-flex e-con-boxed e-con e-parent\" data-id=\"ccc7e01\" data-element_type=\"container\" data-e-type=\"container\">\n\t\t\t\t\t<div class=\"e-con-inner\">\n\t\t<div class=\"elementor-element elementor-element-edbbbde e-con-full e-flex e-con e-child\" data-id=\"edbbbde\" data-element_type=\"container\" data-e-type=\"container\">\n\t\t\t\t<div class=\"elementor-element elementor-element-47162ac elementor-widget elementor-widget-heading\" data-id=\"47162ac\" data-element_type=\"widget\" data-e-type=\"widget\" data-widget_type=\"heading.default\">\n\t\t\t\t\t<h3 class=\"elementor-heading-title elementor-size-default\">S\u00edntese de Indicadores Socioecon\u00f4micos<\/h3>\t\t\t\t<\/div>\n\t\t\t\t<div class=\"elementor-element elementor-element-acd7c80 elementor-widget elementor-widget-text-editor\" data-id=\"acd7c80\" data-element_type=\"widget\" data-e-type=\"widget\" data-widget_type=\"text-editor.default\">\n\t\t\t\t\t\t\t\t\t<p>O objetivo deste estudo \u00e9 apresentar um panorama de alguns temas importantes que s\u00e3o retratados em quase todos os trabalhos do g\u00eanero, bem como reunir informa\u00e7\u00f5es dispersas de tais informa\u00e7\u00f5es.<\/p><p><a class=\"btn btn-primary\" href=\"\/imb\/paineis-de-indicadores\/\">Confira nossas publica\u00e7\u00f5es<\/a><\/p>\t\t\t\t\t\t\t\t<\/div>\n\t\t\t\t<\/div>\n\t\t<div class=\"elementor-element elementor-element-7dbf812 e-con-full e-flex e-con e-child\" data-id=\"7dbf812\" data-element_type=\"container\" data-e-type=\"container\">\n\t\t\t\t<\/div>\n\t\t\t\t\t<\/div>\n\t\t\t\t<\/div>\n\t\t\t\t<\/div>\n\t\t","protected":false},"excerpt":{"rendered":"<p>Publica\u00e7\u00f5es Descontinuadas Publica\u00e7\u00f5es Descontinuadas Caderno de Indicadores O objetivo deste estudo \u00e9 apresentar um panorama de alguns temas importantes que s\u00e3o retratados em quase todos os trabalhos do g\u00eanero, bem como reunir informa\u00e7\u00f5es dispersas de tais informa\u00e7\u00f5es. Confira nossas publica\u00e7\u00f5es Estado de Goi\u00e1s no Contexto Nacional Documento que mostra a performance do Estado de Goi\u00e1s [&hellip;]<\/p>\n","protected":false},"author":7,"featured_media":0,"parent":0,"menu_order":0,"comment_status":"closed","ping_status":"closed","template":"wppb_theme_template","meta":{"footnotes":""},"class_list":["post-11644","page","type-page","status-publish","hentry"],"rttpg_featured_image_url":null,"rttpg_author":{"display_name":"gustavogoncalves","author_link":"https:\/\/goias.gov.br\/imb\/author\/gustavogoncalves\/"},"rttpg_comment":0,"rttpg_category":null,"rttpg_excerpt":"Publica\u00e7\u00f5es Descontinuadas Publica\u00e7\u00f5es Descontinuadas Caderno de Indicadores O objetivo deste estudo \u00e9 apresentar um panorama de alguns temas importantes que s\u00e3o retratados em quase todos os trabalhos do g\u00eanero, bem como reunir informa\u00e7\u00f5es dispersas de tais informa\u00e7\u00f5es. Confira nossas publica\u00e7\u00f5es Estado de Goi\u00e1s no Contexto Nacional Documento que mostra a performance do Estado de Goi\u00e1s&hellip;","_links":{"self":[{"href":"https:\/\/goias.gov.br\/imb\/wp-json\/wp\/v2\/pages\/11644","targetHints":{"allow":["GET"]}}],"collection":[{"href":"https:\/\/goias.gov.br\/imb\/wp-json\/wp\/v2\/pages"}],"about":[{"href":"https:\/\/goias.gov.br\/imb\/wp-json\/wp\/v2\/types\/page"}],"author":[{"embeddable":true,"href":"https:\/\/goias.gov.br\/imb\/wp-json\/wp\/v2\/users\/7"}],"replies":[{"embeddable":true,"href":"https:\/\/goias.gov.br\/imb\/wp-json\/wp\/v2\/comments?post=11644"}],"version-history":[{"count":2,"href":"https:\/\/goias.gov.br\/imb\/wp-json\/wp\/v2\/pages\/11644\/revisions"}],"predecessor-version":[{"id":15907,"href":"https:\/\/goias.gov.br\/imb\/wp-json\/wp\/v2\/pages\/11644\/revisions\/15907"}],"wp:attachment":[{"href":"https:\/\/goias.gov.br\/imb\/wp-json\/wp\/v2\/media?parent=11644"}],"curies":[{"name":"wp","href":"https:\/\/api.w.org\/{rel}","templated":true}]}}