
{"id":11621,"date":"2023-12-13T12:44:11","date_gmt":"2023-12-13T15:44:11","guid":{"rendered":"https:\/\/siteshom.goias.gov.br\/imb\/?page_id=11621"},"modified":"2026-01-23T09:20:58","modified_gmt":"2026-01-23T12:20:58","slug":"produto-interno-bruto-do-brasil-e-ufs","status":"publish","type":"page","link":"https:\/\/goias.gov.br\/imb\/produto-interno-bruto-do-brasil-e-ufs\/","title":{"rendered":"Produto Interno Bruto do Brasil e UFs"},"content":{"rendered":"\t\t<div data-elementor-type=\"wp-page\" data-elementor-id=\"11621\" class=\"elementor elementor-11621\">\n\t\t\t\t<div class=\"elementor-element elementor-element-063ea9b e-flex e-con-boxed e-con e-parent\" data-id=\"063ea9b\" data-element_type=\"container\" data-e-type=\"container\">\n\t\t\t\t\t<div class=\"e-con-inner\">\n\t\t<div class=\"elementor-element elementor-element-2fc7c71 e-con-full e-flex e-con e-child\" data-id=\"2fc7c71\" data-element_type=\"container\" data-e-type=\"container\">\n\t\t\t\t<div class=\"elementor-element elementor-element-b69aada elementor-widget elementor-widget-image\" data-id=\"b69aada\" data-element_type=\"widget\" data-e-type=\"widget\" data-widget_type=\"image.default\">\n\t\t\t\t\t\t\t\t\t\t\t\t\t\t\t\t<a href=\"\/imb\/produto-interno-bruto-do-estado-de-goias\/\">\n\t\t\t\t\t\t\t<img fetchpriority=\"high\" decoding=\"async\" width=\"725\" height=\"363\" src=\"https:\/\/goias.gov.br\/imb\/wp-content\/uploads\/sites\/29\/2023\/12\/Capturadetela2022-11-16195453.png\" class=\"attachment-large size-large wp-image-11606\" alt=\"\" srcset=\"https:\/\/goias.gov.br\/imb\/wp-content\/uploads\/sites\/29\/2023\/12\/Capturadetela2022-11-16195453.png 725w, https:\/\/goias.gov.br\/imb\/wp-content\/uploads\/sites\/29\/2023\/12\/Capturadetela2022-11-16195453-300x150.png 300w\" sizes=\"(max-width: 725px) 100vw, 725px\" \/>\t\t\t\t\t\t\t\t<\/a>\n\t\t\t\t\t\t\t\t\t\t\t\t\t\t\t<\/div>\n\t\t\t\t<div class=\"elementor-element elementor-element-c814b68 elementor-widget elementor-widget-text-editor\" data-id=\"c814b68\" data-element_type=\"widget\" data-e-type=\"widget\" data-widget_type=\"text-editor.default\">\n\t\t\t\t\t\t\t\t\t<p>Produto Interno Bruto do Brasil e das Unidades da Federa\u00e7\u00e3o.<\/p>\t\t\t\t\t\t\t\t<\/div>\n\t\t<a class=\"elementor-element elementor-element-2387b5d e-con-full e-flex e-con e-child\" data-id=\"2387b5d\" data-element_type=\"container\" data-e-type=\"container\" data-settings=\"{&quot;background_background&quot;:&quot;classic&quot;}\" href=\"\/imb\/wp-content\/uploads\/sites\/29\/2023\/12\/brasil-e-ufs-serie-retropola-da-2002-2015.xls\" target=\"_blank\">\n\t\t\t\t<div class=\"elementor-element elementor-element-711c054 elementor-widget elementor-widget-heading\" data-id=\"711c054\" data-element_type=\"widget\" data-e-type=\"widget\" data-widget_type=\"heading.default\">\n\t\t\t\t\t<h5 class=\"elementor-heading-title elementor-size-default\">S\u00e9ries Hist\u00f3ricas<\/h5>\t\t\t\t<\/div>\n\t\t\t\t<\/a>\n\t\t\t\t<\/div>\n\t\t<div class=\"elementor-element elementor-element-154c167 e-con-full e-flex e-con e-child\" data-id=\"154c167\" data-element_type=\"container\" data-e-type=\"container\">\n\t\t\t\t<div class=\"elementor-element elementor-element-3aa2293 elementor-widget elementor-widget-shortcode\" data-id=\"3aa2293\" data-element_type=\"widget\" data-e-type=\"widget\" data-widget_type=\"shortcode.default\">\n\t\t\t\t\t\t\t<div class=\"elementor-shortcode\"><style type='text\/css' media='all'>#rt-tpg-container-147255697 .rt-holder .rt-woo-info .price{color:#0367bf;}body .rt-tpg-container .rt-tpg-isotope-buttons .selected,\n\t\t\t\t\t#rt-tpg-container-147255697 .layout12 .rt-holder:hover .rt-detail,\n\t\t\t\t\t#rt-tpg-container-147255697 .isotope8 .rt-holder:hover .rt-detail,\n\t\t\t\t\t#rt-tpg-container-147255697 .carousel8 .rt-holder:hover .rt-detail,\n\t\t\t\t\t#rt-tpg-container-147255697 .layout13 .rt-holder .overlay .post-info,\n\t\t\t\t\t#rt-tpg-container-147255697 .isotope9 .rt-holder .overlay .post-info,\n\t\t\t\t\t#rt-tpg-container-147255697.rt-tpg-container .layout4 .rt-holder .rt-detail,\n\t\t\t\t\t.rt-modal-147255697 .md-content,\n\t\t\t\t\t.rt-modal-147255697 .md-content > .rt-md-content-holder .rt-md-content,\n\t\t\t\t\t.rt-popup-wrap-147255697.rt-popup-wrap .rt-popup-navigation-wrap,\n\t\t\t\t\t#rt-tpg-container-147255697 .carousel9 .rt-holder .overlay .post-info{background-color:#0367bf;}#rt-tpg-container-147255697 .layout5 .rt-holder .overlay, #rt-tpg-container-147255697 .isotope2 .rt-holder .overlay, #rt-tpg-container-147255697 .carousel2 .rt-holder .overlay,#rt-tpg-container-147255697 .layout15 .rt-holder h3, #rt-tpg-container-147255697 .isotope11 .rt-holder h3, #rt-tpg-container-147255697 .carousel11 .rt-holder h3, #rt-tpg-container-147255697 .layout16 .rt-holder h3,\n\t\t\t\t\t#rt-tpg-container-147255697 .isotope12 .rt-holder h3, #rt-tpg-container-147255697 .carousel12 .rt-holder h3 {background-color:rgba(3,103,191,0.8);}#rt-tpg-container-147255697 .read-more a{border-radius:px;}#rt-tpg-container-147255697 .rt-img-holder img.rt-img-responsive,#rt-tpg-container-147255697 .rt-img-holder,\n\t\t\t\t\t#rt-tpg-container-147255697 .rt-post-overlay .post-img,\n\t\t\t\t\t#rt-tpg-container-147255697 .post-sm .post-img,\n\t\t\t\t\t#rt-tpg-container-147255697 .rt-post-grid .post-img,\n\t\t\t\t\t#rt-tpg-container-147255697 .post-img img {border-radius:px;}<\/style><div class='rt-container-fluid rt-tpg-container tpg-shortcode-main-wrapper ' id='rt-tpg-container-147255697'   data-layout='layout2' data-grid-style='even' data-desktop-col='1'  data-tab-col='1'  data-mobile-col='1' data-sc-id='11624'><div data-title='Loading ...' class='rt-row rt-content-loader   layout2 tpg-even '><div class=\"rt-col-md-12 rt-col-sm-12 rt-col-xs-12 even-grid-item rt-grid-item\" data-id=\"9180\"><div class=\"rt-holder\"><div class=\"rt-row\"><div class='rt-col-xs-12'><div class='rt-detail'><h3 class=\"entry-title\"><a data-id=\"9180\" class=\"\" href=\"https:\/\/goias.gov.br\/imb\/resultados-da-serie-retropolada-brasil-e-unidades-da-federacao\/\">Resultados da S\u00e9rie Retropolada Brasil e Unidades da Federa\u00e7\u00e3o<\/a><\/h3><div class='post-meta-user '><span class='date-meta'><i class='far fa-calendar-alt '><\/i>31 de julho de 2018<\/span><\/div><div class='tpg-excerpt'>Clique aqui para baixar a publica\u00e7\u00e3o: Resultados da S\u00e9rie Retropolada Brasil e Unidades da Federa\u00e7\u00e3o...<\/div><\/div><\/div><\/div><\/div><\/div><div class=\"rt-col-md-12 rt-col-sm-12 rt-col-xs-12 even-grid-item rt-grid-item\" data-id=\"9036\"><div class=\"rt-holder\"><div class=\"rt-row\"><div class='rt-col-xs-12'><div class='rt-detail'><h3 class=\"entry-title\"><a data-id=\"9036\" class=\"\" href=\"https:\/\/goias.gov.br\/imb\/participacao-das-grandes-regioes-e-unidades-da-federacao-no-produto-interno-bruto-a-precos-de-mercado\/\">Participa\u00e7\u00e3o das Grandes Regi\u00f5es e Unidades da Federa\u00e7\u00e3o no Produto Interno Bruto a pre\u00e7os de mercado<\/a><\/h3><div class='post-meta-user '><span class='date-meta'><i class='far fa-calendar-alt '><\/i>31 de julho de 2018<\/span><\/div><div class='tpg-excerpt'>CONTAS REGIONAIS DO BRASIL Participa\u00e7\u00e3o das Grandes Regi\u00f5es e Unidades da Federa\u00e7\u00e3o no Produto Interno...<\/div><\/div><\/div><\/div><\/div><\/div><div class=\"rt-col-md-12 rt-col-sm-12 rt-col-xs-12 even-grid-item rt-grid-item\" data-id=\"9037\"><div class=\"rt-holder\"><div class=\"rt-row\"><div class='rt-col-xs-12'><div class='rt-detail'><h3 class=\"entry-title\"><a data-id=\"9037\" class=\"\" href=\"https:\/\/goias.gov.br\/imb\/serie-encadeada-da-variacao-acumulada-do-produto-interno-bruto-a-preco-de-mercado-segundo-grandes-regiooes-e-unidades-da-federacao\/\">S\u00e9rie encadeada da varia\u00e7\u00e3o acumulada do Produto Interno Bruto a pre\u00e7o de mercado, segundo Grandes Regi\u00f5es e Unidades da Federa\u00e7\u00e3o<\/a><\/h3><div class='post-meta-user '><span class='date-meta'><i class='far fa-calendar-alt '><\/i>31 de julho de 2018<\/span><\/div><div class='tpg-excerpt'>CONTAS REGIONAIS DO BRASIL S\u00e9rie encadeada da varia\u00e7\u00e3o acumulada do Produto Interno Bruto a pre\u00e7o...<\/div><\/div><\/div><\/div><\/div><\/div><div class=\"rt-col-md-12 rt-col-sm-12 rt-col-xs-12 even-grid-item rt-grid-item\" data-id=\"9038\"><div class=\"rt-holder\"><div class=\"rt-row\"><div class='rt-col-xs-12'><div class='rt-detail'><h3 class=\"entry-title\"><a data-id=\"9038\" class=\"\" href=\"https:\/\/goias.gov.br\/imb\/serie-encadeada-da-variacao-acumulada-do-volume-do-valor-adicionado-bruto-a-preco-basico-por-atividades-economicas-brasil-segundo-grandes-regioes-e-unidades-da-federacao\/\">S\u00e9rie encadeada da varia\u00e7\u00e3o acumulada do volume do valor adicionado bruto a pre\u00e7o b\u00e1sico, por atividades econ\u00f4micas, Brasil segundo Grandes Regi\u00f5es e Unidades da Federa\u00e7\u00e3o<\/a><\/h3><div class='post-meta-user '><span class='date-meta'><i class='far fa-calendar-alt '><\/i>31 de julho de 2018<\/span><\/div><div class='tpg-excerpt'>CONTAS REGIONAIS DO BRASIL S\u00e9rie encadeada do volume do valor adicionado bruto a pre\u00e7os b\u00e1sicos...<\/div><\/div><\/div><\/div><\/div><\/div><div class=\"rt-col-md-12 rt-col-sm-12 rt-col-xs-12 even-grid-item rt-grid-item\" data-id=\"9043\"><div class=\"rt-holder\"><div class=\"rt-row\"><div class='rt-col-xs-12'><div class='rt-detail'><h3 class=\"entry-title\"><a data-id=\"9043\" class=\"\" href=\"https:\/\/goias.gov.br\/imb\/participacao-das-grandes-regioes-e-unidades-da-federacao-no-valor-adicionado-bruto-a-preco-basico-do-brasil-por-atividade-economica\/\">Participa\u00e7\u00e3o das Grandes Regi\u00f5es e Unidades da Federa\u00e7\u00e3o no valor adicionado bruto a pre\u00e7o b\u00e1sico do Brasil, por atividade econ\u00f4mica<\/a><\/h3><div class='post-meta-user '><span class='date-meta'><i class='far fa-calendar-alt '><\/i>31 de julho de 2018<\/span><\/div><div class='tpg-excerpt'>CONTAS REGIONAIS DO BRASIL Tabela 6 &#8211; Participa\u00e7\u00e3o das Grandes Regi\u00f5es e Unidades da Federa\u00e7\u00e3o...<\/div><\/div><\/div><\/div><\/div><\/div><div class=\"rt-col-md-12 rt-col-sm-12 rt-col-xs-12 even-grid-item rt-grid-item\" data-id=\"9044\"><div class=\"rt-holder\"><div class=\"rt-row\"><div class='rt-col-xs-12'><div class='rt-detail'><h3 class=\"entry-title\"><a data-id=\"9044\" class=\"\" href=\"https:\/\/goias.gov.br\/imb\/participacao-das-atividades-economicas-no-valor-adicionado-bruto-a-preco-basico-segundo-unidades-da-federacao\/\">Participa\u00e7\u00e3o das atividades econ\u00f4micas no Valor Adicionado Bruto a pre\u00e7o b\u00e1sico, segundo Unidades da Federa\u00e7\u00e3o<\/a><\/h3><div class='post-meta-user '><span class='date-meta'><i class='far fa-calendar-alt '><\/i>31 de julho de 2018<\/span><\/div><div class='tpg-excerpt'>CONTAS REGIONAIS DO BRASIL Participa\u00e7\u00e3o das atividades econ\u00f4micas no valor adicionado bruto&nbsp;a pre\u00e7os b\u00e1sicos, por...<\/div><\/div><\/div><\/div><\/div><\/div><div class=\"rt-col-md-12 rt-col-sm-12 rt-col-xs-12 even-grid-item rt-grid-item\" data-id=\"9032\"><div class=\"rt-holder\"><div class=\"rt-row\"><div class='rt-col-xs-12'><div class='rt-detail'><h3 class=\"entry-title\"><a data-id=\"9032\" class=\"\" href=\"https:\/\/goias.gov.br\/imb\/composicao-do-produto-interno-bruto-a-precos-de-mercado\/\">Composi\u00e7\u00e3o do Produto Interno Bruto a Pre\u00e7os de Mercado<\/a><\/h3><div class='post-meta-user '><span class='date-meta'><i class='far fa-calendar-alt '><\/i>31 de julho de 2018<\/span><\/div><div class='tpg-excerpt'>CONTAS REGIONAIS DO BRASIL Composi\u00e7\u00e3o do Produto Interno Bruto &#8211; Brasil &#8211; 1995-2009 Ano Composi\u00e7\u00e3o...<\/div><\/div><\/div><\/div><\/div><\/div><\/div><\/div><\/div>\n\t\t\t\t\t\t<\/div>\n\t\t\t\t<\/div>\n\t\t\t\t\t<\/div>\n\t\t\t\t<\/div>\n\t\t\t\t<\/div>\n\t\t","protected":false},"excerpt":{"rendered":"<p>Produto Interno Bruto do Brasil e das Unidades da Federa\u00e7\u00e3o. S\u00e9ries Hist\u00f3ricas<\/p>\n","protected":false},"author":7,"featured_media":0,"parent":0,"menu_order":0,"comment_status":"closed","ping_status":"closed","template":"","meta":{"footnotes":""},"class_list":["post-11621","page","type-page","status-publish","hentry"],"rttpg_featured_image_url":null,"rttpg_author":{"display_name":"gustavogoncalves","author_link":"https:\/\/goias.gov.br\/imb\/author\/gustavogoncalves\/"},"rttpg_comment":0,"rttpg_category":"","rttpg_excerpt":"Produto Interno Bruto do Brasil e das Unidades da Federa\u00e7\u00e3o. S\u00e9ries Hist\u00f3ricas","_links":{"self":[{"href":"https:\/\/goias.gov.br\/imb\/wp-json\/wp\/v2\/pages\/11621","targetHints":{"allow":["GET"]}}],"collection":[{"href":"https:\/\/goias.gov.br\/imb\/wp-json\/wp\/v2\/pages"}],"about":[{"href":"https:\/\/goias.gov.br\/imb\/wp-json\/wp\/v2\/types\/page"}],"author":[{"embeddable":true,"href":"https:\/\/goias.gov.br\/imb\/wp-json\/wp\/v2\/users\/7"}],"replies":[{"embeddable":true,"href":"https:\/\/goias.gov.br\/imb\/wp-json\/wp\/v2\/comments?post=11621"}],"version-history":[{"count":2,"href":"https:\/\/goias.gov.br\/imb\/wp-json\/wp\/v2\/pages\/11621\/revisions"}],"predecessor-version":[{"id":16164,"href":"https:\/\/goias.gov.br\/imb\/wp-json\/wp\/v2\/pages\/11621\/revisions\/16164"}],"wp:attachment":[{"href":"https:\/\/goias.gov.br\/imb\/wp-json\/wp\/v2\/media?parent=11621"}],"curies":[{"name":"wp","href":"https:\/\/api.w.org\/{rel}","templated":true}]}}