
{"id":11614,"date":"2023-12-13T11:57:12","date_gmt":"2023-12-13T14:57:12","guid":{"rendered":"https:\/\/siteshom.goias.gov.br\/imb\/?page_id=11614"},"modified":"2026-01-22T11:31:09","modified_gmt":"2026-01-22T14:31:09","slug":"produto-interno-bruto-dos-municipios-goianos","status":"publish","type":"page","link":"https:\/\/goias.gov.br\/imb\/produto-interno-bruto-dos-municipios-goianos\/","title":{"rendered":"Produto Interno Bruto dos Munic\u00edpios Goianos"},"content":{"rendered":"\t\t<div data-elementor-type=\"wp-page\" data-elementor-id=\"11614\" class=\"elementor elementor-11614\">\n\t\t\t\t<div class=\"elementor-element elementor-element-05620a9 e-flex e-con-boxed e-con e-parent\" data-id=\"05620a9\" data-element_type=\"container\" data-e-type=\"container\">\n\t\t\t\t\t<div class=\"e-con-inner\">\n\t\t<div class=\"elementor-element elementor-element-a25fb4a e-con-full e-flex e-con e-child\" data-id=\"a25fb4a\" data-element_type=\"container\" data-e-type=\"container\">\n\t\t\t\t<div class=\"elementor-element elementor-element-3d64ed3 elementor-widget elementor-widget-image\" data-id=\"3d64ed3\" data-element_type=\"widget\" data-e-type=\"widget\" data-widget_type=\"image.default\">\n\t\t\t\t\t\t\t\t\t\t\t\t\t\t\t\t<a href=\"\/imb\/produto-interno-bruto-do-estado-de-goias\/\">\n\t\t\t\t\t\t\t<img fetchpriority=\"high\" decoding=\"async\" width=\"600\" height=\"317\" src=\"https:\/\/goias.gov.br\/imb\/wp-content\/uploads\/sites\/29\/2023\/12\/Capturadetela2022-11-16170101-1.png\" class=\"attachment-large size-large wp-image-11604\" alt=\"\" srcset=\"https:\/\/goias.gov.br\/imb\/wp-content\/uploads\/sites\/29\/2023\/12\/Capturadetela2022-11-16170101-1.png 600w, https:\/\/goias.gov.br\/imb\/wp-content\/uploads\/sites\/29\/2023\/12\/Capturadetela2022-11-16170101-1-300x159.png 300w\" sizes=\"(max-width: 600px) 100vw, 600px\" \/>\t\t\t\t\t\t\t\t<\/a>\n\t\t\t\t\t\t\t\t\t\t\t\t\t\t\t<\/div>\n\t\t\t\t<div class=\"elementor-element elementor-element-33107d5 elementor-widget elementor-widget-text-editor\" data-id=\"33107d5\" data-element_type=\"widget\" data-e-type=\"widget\" data-widget_type=\"text-editor.default\">\n\t\t\t\t\t\t\t\t\t<p>O PIB do Estado de Goi\u00e1s s\u00e3o estat\u00edsticas cujo c\u00e1lculo \u00e9 realizado atrav\u00e9s de parceria Secretaria-Geral da Governadoria\/IMB\/IBGE.<\/p>\t\t\t\t\t\t\t\t<\/div>\n\t\t<a class=\"elementor-element elementor-element-cfece58 e-con-full e-flex e-con e-child\" data-id=\"cfece58\" data-element_type=\"container\" data-e-type=\"container\" data-settings=\"{&quot;background_background&quot;:&quot;classic&quot;}\" href=\"\/imb\/wp-content\/uploads\/sites\/29\/2023\/12\/pib-municipal-metodologia.pdf\" target=\"_blank\">\n\t\t\t\t<div class=\"elementor-element elementor-element-f7b8061 elementor-widget elementor-widget-heading\" data-id=\"f7b8061\" data-element_type=\"widget\" data-e-type=\"widget\" data-widget_type=\"heading.default\">\n\t\t\t\t\t<h5 class=\"elementor-heading-title elementor-size-default\">Notas Metodol\u00f3gicas<\/h5>\t\t\t\t<\/div>\n\t\t\t\t<\/a>\n\t\t\t\t<\/div>\n\t\t<div class=\"elementor-element elementor-element-f1aa8d9 e-con-full e-flex e-con e-child\" data-id=\"f1aa8d9\" data-element_type=\"container\" data-e-type=\"container\">\n\t\t\t\t<div class=\"elementor-element elementor-element-c4a2a78 elementor-widget elementor-widget-shortcode\" data-id=\"c4a2a78\" data-element_type=\"widget\" data-e-type=\"widget\" data-widget_type=\"shortcode.default\">\n\t\t\t\t\t\t\t<div class=\"elementor-shortcode\"><style type='text\/css' media='all'>#rt-tpg-container-37491381 .rt-holder .rt-woo-info .price{color:#0367bf;}body .rt-tpg-container .rt-tpg-isotope-buttons .selected,\n\t\t\t\t\t#rt-tpg-container-37491381 .layout12 .rt-holder:hover .rt-detail,\n\t\t\t\t\t#rt-tpg-container-37491381 .isotope8 .rt-holder:hover .rt-detail,\n\t\t\t\t\t#rt-tpg-container-37491381 .carousel8 .rt-holder:hover .rt-detail,\n\t\t\t\t\t#rt-tpg-container-37491381 .layout13 .rt-holder .overlay .post-info,\n\t\t\t\t\t#rt-tpg-container-37491381 .isotope9 .rt-holder .overlay .post-info,\n\t\t\t\t\t#rt-tpg-container-37491381.rt-tpg-container .layout4 .rt-holder .rt-detail,\n\t\t\t\t\t.rt-modal-37491381 .md-content,\n\t\t\t\t\t.rt-modal-37491381 .md-content > .rt-md-content-holder .rt-md-content,\n\t\t\t\t\t.rt-popup-wrap-37491381.rt-popup-wrap .rt-popup-navigation-wrap,\n\t\t\t\t\t#rt-tpg-container-37491381 .carousel9 .rt-holder .overlay .post-info{background-color:#0367bf;}#rt-tpg-container-37491381 .layout5 .rt-holder .overlay, #rt-tpg-container-37491381 .isotope2 .rt-holder .overlay, #rt-tpg-container-37491381 .carousel2 .rt-holder .overlay,#rt-tpg-container-37491381 .layout15 .rt-holder h3, #rt-tpg-container-37491381 .isotope11 .rt-holder h3, #rt-tpg-container-37491381 .carousel11 .rt-holder h3, #rt-tpg-container-37491381 .layout16 .rt-holder h3,\n\t\t\t\t\t#rt-tpg-container-37491381 .isotope12 .rt-holder h3, #rt-tpg-container-37491381 .carousel12 .rt-holder h3 {background-color:rgba(3,103,191,0.8);}#rt-tpg-container-37491381 .read-more a{border-radius:px;}#rt-tpg-container-37491381 .rt-img-holder img.rt-img-responsive,#rt-tpg-container-37491381 .rt-img-holder,\n\t\t\t\t\t#rt-tpg-container-37491381 .rt-post-overlay .post-img,\n\t\t\t\t\t#rt-tpg-container-37491381 .post-sm .post-img,\n\t\t\t\t\t#rt-tpg-container-37491381 .rt-post-grid .post-img,\n\t\t\t\t\t#rt-tpg-container-37491381 .post-img img {border-radius:px;}<\/style><div class='rt-container-fluid rt-tpg-container tpg-shortcode-main-wrapper ' id='rt-tpg-container-37491381'   data-layout='layout2' data-grid-style='even' data-desktop-col='1'  data-tab-col='1'  data-mobile-col='1' data-sc-id='11617'><div data-title='Loading ...' class='rt-row rt-content-loader   layout2 tpg-even '><div class=\"rt-col-md-12 rt-col-sm-12 rt-col-xs-12 even-grid-item rt-grid-item\" data-id=\"11086\"><div class=\"rt-holder\"><div class=\"rt-row\"><div class='rt-col-sm-2 rt-col-xs-12 '><div class=\"rt-img-holder\"><a data-id='11086' class='' href='https:\/\/goias.gov.br\/imb\/pib-dos-municipios-goianos-de-2020-e-publicado-pelo-imb\/'><img decoding=\"async\" width=\"212\" height=\"300\" src=\"https:\/\/goias.gov.br\/imb\/wp-content\/uploads\/sites\/29\/2022\/12\/WhatsAppImage2022-12-12at08.43.29-268-212x300.jpeg\" class=\"rt-img-responsive \" alt=\"\" \/><\/a><\/div><\/div><div class='rt-col-sm-10 rt-col-xs-12 '><div class='rt-detail'><h3 class=\"entry-title\"><a data-id=\"11086\" class=\"\" href=\"https:\/\/goias.gov.br\/imb\/pib-dos-municipios-goianos-de-2020-e-publicado-pelo-imb\/\">Produto Interno Bruto dos Munic\u00edpios Goianos &#8211; 2020<\/a><\/h3><div class='post-meta-user '><span class='date-meta'>16 de dezembro de 2022<\/span><\/div><div class='tpg-excerpt'>A Secretaria-Geral da Governadoria de Goi\u00e1s, por meio do Instituto Mauro Borges de Estat\u00edsticas e...<\/div><\/div><\/div><\/div><\/div><\/div><div class=\"rt-col-md-12 rt-col-sm-12 rt-col-xs-12 even-grid-item rt-grid-item\" data-id=\"10897\"><div class=\"rt-holder\"><div class=\"rt-row\"><div class='rt-col-sm-2 rt-col-xs-12 '><div class=\"rt-img-holder\"><a data-id='10897' class='' href='https:\/\/goias.gov.br\/imb\/produto-interno-bruto-municipios-goianos-2019-2\/'><img decoding=\"async\" width=\"241\" height=\"300\" src=\"https:\/\/goias.gov.br\/imb\/wp-content\/uploads\/sites\/29\/2021\/12\/pibmun2019-e6b-241x300.png\" class=\"rt-img-responsive \" alt=\"\" \/><\/a><\/div><\/div><div class='rt-col-sm-10 rt-col-xs-12 '><div class='rt-detail'><h3 class=\"entry-title\"><a data-id=\"10897\" class=\"\" href=\"https:\/\/goias.gov.br\/imb\/produto-interno-bruto-municipios-goianos-2019-2\/\">Produto Interno Bruto dos Munic\u00edpios Goianos &#8211; 2019<\/a><\/h3><div class='post-meta-user '><span class='date-meta'>17 de dezembro de 2021<\/span><\/div><div class='tpg-excerpt'>&nbsp; Por meio desta publica\u00e7\u00e3o, divulga-se os resultados consolidados do PIB e PIB per capita...<\/div><\/div><\/div><\/div><\/div><\/div><div class=\"rt-col-md-12 rt-col-sm-12 rt-col-xs-12 even-grid-item rt-grid-item\" data-id=\"10848\"><div class=\"rt-holder\"><div class=\"rt-row\"><div class='rt-col-sm-2 rt-col-xs-12 '><div class=\"rt-img-holder\"><a data-id='10848' class='' href='https:\/\/goias.gov.br\/imb\/produto-interno-bruto-dos-municipios-goianos-2018\/'><img loading=\"lazy\" decoding=\"async\" width=\"212\" height=\"300\" src=\"https:\/\/goias.gov.br\/imb\/wp-content\/uploads\/sites\/29\/2021\/08\/pibmunicipios2018-316-212x300.png\" class=\"rt-img-responsive \" alt=\"\" \/><\/a><\/div><\/div><div class='rt-col-sm-10 rt-col-xs-12 '><div class='rt-detail'><h3 class=\"entry-title\"><a data-id=\"10848\" class=\"\" href=\"https:\/\/goias.gov.br\/imb\/produto-interno-bruto-dos-municipios-goianos-2018\/\">Produto Interno Bruto dos Munic\u00edpios Goianos &#8211; 2018<\/a><\/h3><div class='post-meta-user '><span class='date-meta'>17 de agosto de 2021<\/span><\/div><div class='tpg-excerpt'>&nbsp; Clique aqui para baixar a publica\u00e7\u00e3o: Produto Interno Bruto dos Munic\u00edpios Goianos &#8211; 2018...<\/div><\/div><\/div><\/div><\/div><\/div><div class=\"rt-col-md-12 rt-col-sm-12 rt-col-xs-12 even-grid-item rt-grid-item\" data-id=\"10553\"><div class=\"rt-holder\"><div class=\"rt-row\"><div class='rt-col-sm-2 rt-col-xs-12 '><div class=\"rt-img-holder\"><a data-id='10553' class='' href='https:\/\/goias.gov.br\/imb\/produto-interno-bruto-dos-municipios-goianos-2017-3\/'><img loading=\"lazy\" decoding=\"async\" width=\"212\" height=\"300\" src=\"https:\/\/goias.gov.br\/imb\/wp-content\/uploads\/sites\/29\/2020\/06\/pibmun2017-9c7-212x300.jpg\" class=\"rt-img-responsive \" alt=\"\" \/><\/a><\/div><\/div><div class='rt-col-sm-10 rt-col-xs-12 '><div class='rt-detail'><h3 class=\"entry-title\"><a data-id=\"10553\" class=\"\" href=\"https:\/\/goias.gov.br\/imb\/produto-interno-bruto-dos-municipios-goianos-2017-3\/\">Produto Interno Bruto dos Munic\u00edpios Goianos &#8211; 2017<\/a><\/h3><div class='post-meta-user '><span class='date-meta'>18 de junho de 2020<\/span><\/div><div class='tpg-excerpt'>Clique aqui para baixar a publica\u00e7\u00e3o: Produto Interno Bruto dos Munic\u00edpios Goianos &#8211; 2017 Clique...<\/div><\/div><\/div><\/div><\/div><\/div><div class=\"rt-col-md-12 rt-col-sm-12 rt-col-xs-12 even-grid-item rt-grid-item\" data-id=\"9785\"><div class=\"rt-holder\"><div class=\"rt-row\"><div class='rt-col-sm-2 rt-col-xs-12 '><div class=\"rt-img-holder\"><a data-id='9785' class='' href='https:\/\/goias.gov.br\/imb\/produto-interno-bruto-dos-municipios-goianos-2016\/'><img loading=\"lazy\" decoding=\"async\" width=\"213\" height=\"300\" src=\"https:\/\/goias.gov.br\/imb\/wp-content\/uploads\/sites\/29\/2018\/12\/pibmun2016-a11-213x300.jpg\" class=\"rt-img-responsive \" alt=\"\" \/><\/a><\/div><\/div><div class='rt-col-sm-10 rt-col-xs-12 '><div class='rt-detail'><h3 class=\"entry-title\"><a data-id=\"9785\" class=\"\" href=\"https:\/\/goias.gov.br\/imb\/produto-interno-bruto-dos-municipios-goianos-2016\/\">Produto Interno Bruto dos Munic\u00edpios Goianos &#8211; 2016<\/a><\/h3><div class='post-meta-user '><span class='date-meta'>14 de dezembro de 2018<\/span><\/div><div class='tpg-excerpt'>Clique aqui para baixar a publica\u00e7\u00e3o: Produto Interno Bruto dos Munic\u00edpios Goianos &#8211; 2016 Clique...<\/div><\/div><\/div><\/div><\/div><\/div><div class=\"rt-col-md-12 rt-col-sm-12 rt-col-xs-12 even-grid-item rt-grid-item\" data-id=\"5990\"><div class=\"rt-holder\"><div class=\"rt-row\"><div class='rt-col-sm-2 rt-col-xs-12 '><div class=\"rt-img-holder\"><a data-id='5990' class='' href='https:\/\/goias.gov.br\/imb\/produto-interno-bruto-dos-municipios-goianos-2015\/'><img loading=\"lazy\" decoding=\"async\" width=\"213\" height=\"300\" src=\"https:\/\/goias.gov.br\/imb\/wp-content\/uploads\/sites\/29\/2017\/12\/pibmun2015-e6b-213x300.jpg\" class=\"rt-img-responsive \" alt=\"\" \/><\/a><\/div><\/div><div class='rt-col-sm-10 rt-col-xs-12 '><div class='rt-detail'><h3 class=\"entry-title\"><a data-id=\"5990\" class=\"\" href=\"https:\/\/goias.gov.br\/imb\/produto-interno-bruto-dos-municipios-goianos-2015\/\">Produto Interno Bruto dos Munic\u00edpios Goianos &#8211; 2015<\/a><\/h3><div class='post-meta-user '><span class='date-meta'>14 de dezembro de 2017<\/span><\/div><div class='tpg-excerpt'>Clique aqui para baixar a publica\u00e7\u00e3o: Produto Interno Bruto dos Munic\u00edpios Goianos &#8211; 2015 Clique...<\/div><\/div><\/div><\/div><\/div><\/div><div class=\"rt-col-md-12 rt-col-sm-12 rt-col-xs-12 even-grid-item rt-grid-item\" data-id=\"5993\"><div class=\"rt-holder\"><div class=\"rt-row\"><div class='rt-col-sm-2 rt-col-xs-12 '><div class=\"rt-img-holder\"><a data-id='5993' class='' href='https:\/\/goias.gov.br\/imb\/produto-interno-bruto-dos-municipios-goianos-2014\/'><img loading=\"lazy\" decoding=\"async\" width=\"213\" height=\"300\" src=\"https:\/\/goias.gov.br\/imb\/wp-content\/uploads\/sites\/29\/2015\/12\/pibmun2014-dbd-213x300.jpg\" class=\"rt-img-responsive \" alt=\"\" \/><\/a><\/div><\/div><div class='rt-col-sm-10 rt-col-xs-12 '><div class='rt-detail'><h3 class=\"entry-title\"><a data-id=\"5993\" class=\"\" href=\"https:\/\/goias.gov.br\/imb\/produto-interno-bruto-dos-municipios-goianos-2014\/\">Produto Interno Bruto dos Munic\u00edpios Goianos &#8211; 2014<\/a><\/h3><div class='post-meta-user '><span class='date-meta'>18 de dezembro de 2015<\/span><\/div><div class='tpg-excerpt'>Clique aqui para baixar a publica\u00e7\u00e3o: Produto Interno Bruto dos Munic\u00edpios Goianos &#8211; 2014...<\/div><\/div><\/div><\/div><\/div><\/div><\/div><\/div><\/div>\n\t\t\t\t\t\t<\/div>\n\t\t\t\t<\/div>\n\t\t\t\t\t<\/div>\n\t\t\t\t<\/div>\n\t\t\t\t<\/div>\n\t\t","protected":false},"excerpt":{"rendered":"<p>O PIB do Estado de Goi\u00e1s s\u00e3o estat\u00edsticas cujo c\u00e1lculo \u00e9 realizado atrav\u00e9s de parceria Secretaria-Geral da Governadoria\/IMB\/IBGE. Notas Metodol\u00f3gicas<\/p>\n","protected":false},"author":7,"featured_media":0,"parent":0,"menu_order":0,"comment_status":"closed","ping_status":"closed","template":"","meta":{"footnotes":""},"class_list":["post-11614","page","type-page","status-publish","hentry"],"rttpg_featured_image_url":null,"rttpg_author":{"display_name":"gustavogoncalves","author_link":"https:\/\/goias.gov.br\/imb\/author\/gustavogoncalves\/"},"rttpg_comment":0,"rttpg_category":"","rttpg_excerpt":"O PIB do Estado de Goi\u00e1s s\u00e3o estat\u00edsticas cujo c\u00e1lculo \u00e9 realizado atrav\u00e9s de parceria Secretaria-Geral da Governadoria\/IMB\/IBGE. Notas Metodol\u00f3gicas","_links":{"self":[{"href":"https:\/\/goias.gov.br\/imb\/wp-json\/wp\/v2\/pages\/11614","targetHints":{"allow":["GET"]}}],"collection":[{"href":"https:\/\/goias.gov.br\/imb\/wp-json\/wp\/v2\/pages"}],"about":[{"href":"https:\/\/goias.gov.br\/imb\/wp-json\/wp\/v2\/types\/page"}],"author":[{"embeddable":true,"href":"https:\/\/goias.gov.br\/imb\/wp-json\/wp\/v2\/users\/7"}],"replies":[{"embeddable":true,"href":"https:\/\/goias.gov.br\/imb\/wp-json\/wp\/v2\/comments?post=11614"}],"version-history":[{"count":2,"href":"https:\/\/goias.gov.br\/imb\/wp-json\/wp\/v2\/pages\/11614\/revisions"}],"predecessor-version":[{"id":15931,"href":"https:\/\/goias.gov.br\/imb\/wp-json\/wp\/v2\/pages\/11614\/revisions\/15931"}],"wp:attachment":[{"href":"https:\/\/goias.gov.br\/imb\/wp-json\/wp\/v2\/media?parent=11614"}],"curies":[{"name":"wp","href":"https:\/\/api.w.org\/{rel}","templated":true}]}}