
{"id":11610,"date":"2023-12-13T11:40:42","date_gmt":"2023-12-13T14:40:42","guid":{"rendered":"https:\/\/siteshom.goias.gov.br\/imb\/?page_id=11610"},"modified":"2026-01-23T09:23:41","modified_gmt":"2026-01-23T12:23:41","slug":"produto-interno-bruto-do-estado-de-goias","status":"publish","type":"page","link":"https:\/\/goias.gov.br\/imb\/produto-interno-bruto-do-estado-de-goias\/","title":{"rendered":"Produto Interno Bruto do Estado de Goi\u00e1s"},"content":{"rendered":"\t\t<div data-elementor-type=\"wp-page\" data-elementor-id=\"11610\" class=\"elementor elementor-11610\">\n\t\t\t\t<div class=\"elementor-element elementor-element-274d66f e-flex e-con-boxed e-con e-parent\" data-id=\"274d66f\" data-element_type=\"container\" data-e-type=\"container\">\n\t\t\t\t\t<div class=\"e-con-inner\">\n\t\t<div class=\"elementor-element elementor-element-c43ec4d e-con-full e-flex e-con e-child\" data-id=\"c43ec4d\" data-element_type=\"container\" data-e-type=\"container\">\n\t\t\t\t<div class=\"elementor-element elementor-element-9da1dfe elementor-widget elementor-widget-image\" data-id=\"9da1dfe\" data-element_type=\"widget\" data-e-type=\"widget\" data-widget_type=\"image.default\">\n\t\t\t\t\t\t\t\t\t\t\t\t\t\t\t\t<a href=\"\/imb\/produto-interno-bruto-do-estado-de-goias\/\">\n\t\t\t\t\t\t\t<img fetchpriority=\"high\" decoding=\"async\" width=\"689\" height=\"361\" src=\"https:\/\/goias.gov.br\/imb\/wp-content\/uploads\/sites\/29\/2023\/12\/Capturadetela2022-11-16165400.png\" class=\"attachment-large size-large wp-image-11603\" alt=\"\" srcset=\"https:\/\/goias.gov.br\/imb\/wp-content\/uploads\/sites\/29\/2023\/12\/Capturadetela2022-11-16165400.png 689w, https:\/\/goias.gov.br\/imb\/wp-content\/uploads\/sites\/29\/2023\/12\/Capturadetela2022-11-16165400-300x157.png 300w\" sizes=\"(max-width: 689px) 100vw, 689px\" \/>\t\t\t\t\t\t\t\t<\/a>\n\t\t\t\t\t\t\t\t\t\t\t\t\t\t\t<\/div>\n\t\t\t\t<div class=\"elementor-element elementor-element-cca38b9 elementor-widget elementor-widget-text-editor\" data-id=\"cca38b9\" data-element_type=\"widget\" data-e-type=\"widget\" data-widget_type=\"text-editor.default\">\n\t\t\t\t\t\t\t\t\t<p>O PIB do Estado de Goi\u00e1s s\u00e3o estat\u00edsticas cujo c\u00e1lculo \u00e9 realizado atrav\u00e9s de parceria Secretaria-Geral da Governadoria\/IMB\/IBGE.<\/p>\t\t\t\t\t\t\t\t<\/div>\n\t\t<a class=\"elementor-element elementor-element-6867a85 e-con-full e-flex e-con e-child\" data-id=\"6867a85\" data-element_type=\"container\" data-e-type=\"container\" data-settings=\"{&quot;background_background&quot;:&quot;classic&quot;}\" href=\"\/imb\/wp-content\/uploads\/sites\/29\/2023\/12\/pib-goias-nova-serie-2002-2020.xls\" target=\"_blank\">\n\t\t\t\t<div class=\"elementor-element elementor-element-8b3c999 elementor-widget elementor-widget-heading\" data-id=\"8b3c999\" data-element_type=\"widget\" data-e-type=\"widget\" data-widget_type=\"heading.default\">\n\t\t\t\t\t<h5 class=\"elementor-heading-title elementor-size-default\">S\u00e9ries Hist\u00f3ricas\n<\/h5>\t\t\t\t<\/div>\n\t\t\t\t<\/a>\n\t\t<a class=\"elementor-element elementor-element-c955fac e-con-full e-flex e-con e-child\" data-id=\"c955fac\" data-element_type=\"container\" data-e-type=\"container\" data-settings=\"{&quot;background_background&quot;:&quot;classic&quot;}\" href=\"\/imb\/wp-content\/uploads\/sites\/29\/2023\/12\/metodologia-pib-goias.pdf\" target=\"_blank\">\n\t\t\t\t<div class=\"elementor-element elementor-element-3423a63 elementor-widget elementor-widget-heading\" data-id=\"3423a63\" data-element_type=\"widget\" data-e-type=\"widget\" data-widget_type=\"heading.default\">\n\t\t\t\t\t<h5 class=\"elementor-heading-title elementor-size-default\">Notas Metodol\u00f3gicas<\/h5>\t\t\t\t<\/div>\n\t\t\t\t<\/a>\n\t\t\t\t<\/div>\n\t\t<div class=\"elementor-element elementor-element-f7b5951 e-con-full e-flex e-con e-child\" data-id=\"f7b5951\" data-element_type=\"container\" data-e-type=\"container\">\n\t\t\t\t<div class=\"elementor-element elementor-element-478b8b1 elementor-widget elementor-widget-shortcode\" data-id=\"478b8b1\" data-element_type=\"widget\" data-e-type=\"widget\" data-widget_type=\"shortcode.default\">\n\t\t\t\t\t\t\t<div class=\"elementor-shortcode\"><style type='text\/css' media='all'>#rt-tpg-container-3679708436 .rt-holder .rt-woo-info .price{color:#0367bf;}body .rt-tpg-container .rt-tpg-isotope-buttons .selected,\n\t\t\t\t\t#rt-tpg-container-3679708436 .layout12 .rt-holder:hover .rt-detail,\n\t\t\t\t\t#rt-tpg-container-3679708436 .isotope8 .rt-holder:hover .rt-detail,\n\t\t\t\t\t#rt-tpg-container-3679708436 .carousel8 .rt-holder:hover .rt-detail,\n\t\t\t\t\t#rt-tpg-container-3679708436 .layout13 .rt-holder .overlay .post-info,\n\t\t\t\t\t#rt-tpg-container-3679708436 .isotope9 .rt-holder .overlay .post-info,\n\t\t\t\t\t#rt-tpg-container-3679708436.rt-tpg-container .layout4 .rt-holder .rt-detail,\n\t\t\t\t\t.rt-modal-3679708436 .md-content,\n\t\t\t\t\t.rt-modal-3679708436 .md-content > .rt-md-content-holder .rt-md-content,\n\t\t\t\t\t.rt-popup-wrap-3679708436.rt-popup-wrap .rt-popup-navigation-wrap,\n\t\t\t\t\t#rt-tpg-container-3679708436 .carousel9 .rt-holder .overlay .post-info{background-color:#0367bf;}#rt-tpg-container-3679708436 .layout5 .rt-holder .overlay, #rt-tpg-container-3679708436 .isotope2 .rt-holder .overlay, #rt-tpg-container-3679708436 .carousel2 .rt-holder .overlay,#rt-tpg-container-3679708436 .layout15 .rt-holder h3, #rt-tpg-container-3679708436 .isotope11 .rt-holder h3, #rt-tpg-container-3679708436 .carousel11 .rt-holder h3, #rt-tpg-container-3679708436 .layout16 .rt-holder h3,\n\t\t\t\t\t#rt-tpg-container-3679708436 .isotope12 .rt-holder h3, #rt-tpg-container-3679708436 .carousel12 .rt-holder h3 {background-color:rgba(3,103,191,0.8);}#rt-tpg-container-3679708436 .read-more a{border-radius:px;}#rt-tpg-container-3679708436 .rt-img-holder img.rt-img-responsive,#rt-tpg-container-3679708436 .rt-img-holder,\n\t\t\t\t\t#rt-tpg-container-3679708436 .rt-post-overlay .post-img,\n\t\t\t\t\t#rt-tpg-container-3679708436 .post-sm .post-img,\n\t\t\t\t\t#rt-tpg-container-3679708436 .rt-post-grid .post-img,\n\t\t\t\t\t#rt-tpg-container-3679708436 .post-img img {border-radius:px;}<\/style><div class='rt-container-fluid rt-tpg-container tpg-shortcode-main-wrapper ' id='rt-tpg-container-3679708436'   data-layout='layout2' data-grid-style='even' data-desktop-col='1'  data-tab-col='1'  data-mobile-col='1' data-sc-id='11609'><div data-title='Loading ...' class='rt-row rt-content-loader   layout2 tpg-even '><div class=\"rt-col-md-12 rt-col-sm-12 rt-col-xs-12 even-grid-item rt-grid-item\" data-id=\"11055\"><div class=\"rt-holder\"><div class=\"rt-row\"><div class='rt-col-sm-2 rt-col-xs-12 '><div class=\"rt-img-holder\"><a data-id='11055' class='' href='https:\/\/goias.gov.br\/imb\/produto-interno-bruto-do-estado-de-goias-2020\/'><img decoding=\"async\" width=\"210\" height=\"300\" src=\"https:\/\/goias.gov.br\/imb\/wp-content\/uploads\/sites\/29\/2022\/11\/PIB2020CAPA16104207-f8f-210x300.png\" class=\"rt-img-responsive \" alt=\"\" \/><\/a><\/div><\/div><div class='rt-col-sm-10 rt-col-xs-12 '><div class='rt-detail'><h3 class=\"entry-title\"><a data-id=\"11055\" class=\"\" href=\"https:\/\/goias.gov.br\/imb\/produto-interno-bruto-do-estado-de-goias-2020\/\">Produto Interno Bruto do Estado de Goi\u00e1s &#8211; 2020<\/a><\/h3><div class='post-meta-user '><span class='date-meta'>16 de novembro de 2022<\/span><\/div><div class='tpg-excerpt'>A Secretaria-Geral da Governadoria de Goi\u00e1s, por meio do Instituto Mauro Borges de Estat\u00edsticas e...<\/div><\/div><\/div><\/div><\/div><\/div><div class=\"rt-col-md-12 rt-col-sm-12 rt-col-xs-12 even-grid-item rt-grid-item\" data-id=\"10888\"><div class=\"rt-holder\"><div class=\"rt-row\"><div class='rt-col-sm-2 rt-col-xs-12 '><div class=\"rt-img-holder\"><a data-id='10888' class='' href='https:\/\/goias.gov.br\/imb\/produto-interno-bruto-do-estado-de-goias-2019\/'><img decoding=\"async\" width=\"212\" height=\"300\" src=\"https:\/\/goias.gov.br\/imb\/wp-content\/uploads\/sites\/29\/2021\/11\/pib_mun_2019-ed3-212x300.png\" class=\"rt-img-responsive \" alt=\"\" \/><\/a><\/div><\/div><div class='rt-col-sm-10 rt-col-xs-12 '><div class='rt-detail'><h3 class=\"entry-title\"><a data-id=\"10888\" class=\"\" href=\"https:\/\/goias.gov.br\/imb\/produto-interno-bruto-do-estado-de-goias-2019\/\">Produto Interno Bruto do Estado de Goi\u00e1s &#8211; 2019<\/a><\/h3><div class='post-meta-user '><span class='date-meta'>12 de novembro de 2021<\/span><\/div><div class='tpg-excerpt'>Clique aqui para baixar a publica\u00e7\u00e3o: Produto Interno Bruto do Estado de Goi\u00e1s &#8211; 2019...<\/div><\/div><\/div><\/div><\/div><\/div><div class=\"rt-col-md-12 rt-col-sm-12 rt-col-xs-12 even-grid-item rt-grid-item\" data-id=\"10851\"><div class=\"rt-holder\"><div class=\"rt-row\"><div class='rt-col-sm-2 rt-col-xs-12 '><div class=\"rt-img-holder\"><a data-id='10851' class='' href='https:\/\/goias.gov.br\/imb\/produto-interno-bruto-do-estado-de-goias-2018\/'><img loading=\"lazy\" decoding=\"async\" width=\"208\" height=\"300\" src=\"https:\/\/goias.gov.br\/imb\/wp-content\/uploads\/sites\/29\/2020\/02\/pibestado2018-0a6-208x300.png\" class=\"rt-img-responsive \" alt=\"\" \/><\/a><\/div><\/div><div class='rt-col-sm-10 rt-col-xs-12 '><div class='rt-detail'><h3 class=\"entry-title\"><a data-id=\"10851\" class=\"\" href=\"https:\/\/goias.gov.br\/imb\/produto-interno-bruto-do-estado-de-goias-2018\/\">Produto Interno Bruto do Estado de Goi\u00e1s &#8211; 2018<\/a><\/h3><div class='post-meta-user '><span class='date-meta'>21 de fevereiro de 2020<\/span><\/div><div class='tpg-excerpt'>Clique aqui para baixar a publica\u00e7\u00e3o: Produto Interno Bruto do Estado de Goi\u00e1s &#8211; 2018...<\/div><\/div><\/div><\/div><\/div><\/div><div class=\"rt-col-md-12 rt-col-sm-12 rt-col-xs-12 even-grid-item rt-grid-item\" data-id=\"10224\"><div class=\"rt-holder\"><div class=\"rt-row\"><div class='rt-col-sm-2 rt-col-xs-12 '><div class=\"rt-img-holder\"><a data-id='10224' class='' href='https:\/\/goias.gov.br\/imb\/produto-interno-bruto-do-estado-de-goias-2017\/'><img loading=\"lazy\" decoding=\"async\" width=\"212\" height=\"300\" src=\"https:\/\/goias.gov.br\/imb\/wp-content\/uploads\/sites\/29\/2020\/02\/pibgo2017-070-212x300.jpg\" class=\"rt-img-responsive \" alt=\"\" \/><\/a><\/div><\/div><div class='rt-col-sm-10 rt-col-xs-12 '><div class='rt-detail'><h3 class=\"entry-title\"><a data-id=\"10224\" class=\"\" href=\"https:\/\/goias.gov.br\/imb\/produto-interno-bruto-do-estado-de-goias-2017\/\">Produto Interno Bruto do Estado de Goi\u00e1s &#8211; 2017<\/a><\/h3><div class='post-meta-user '><span class='date-meta'>21 de fevereiro de 2020<\/span><\/div><div class='tpg-excerpt'>Clique aqui para baixar a publica\u00e7\u00e3o: Produto Interno Bruto do Estado de Goi\u00e1s &#8211; 2017...<\/div><\/div><\/div><\/div><\/div><\/div><div class=\"rt-col-md-12 rt-col-sm-12 rt-col-xs-12 even-grid-item rt-grid-item\" data-id=\"9739\"><div class=\"rt-holder\"><div class=\"rt-row\"><div class='rt-col-sm-2 rt-col-xs-12 '><div class=\"rt-img-holder\"><a data-id='9739' class='' href='https:\/\/goias.gov.br\/imb\/produto-interno-bruto-do-estado-de-goias-2016\/'><img loading=\"lazy\" decoding=\"async\" width=\"213\" height=\"300\" src=\"https:\/\/goias.gov.br\/imb\/wp-content\/uploads\/sites\/29\/2018\/11\/pibgo2016-3a6-213x300.jpg\" class=\"rt-img-responsive \" alt=\"\" \/><\/a><\/div><\/div><div class='rt-col-sm-10 rt-col-xs-12 '><div class='rt-detail'><h3 class=\"entry-title\"><a data-id=\"9739\" class=\"\" href=\"https:\/\/goias.gov.br\/imb\/produto-interno-bruto-do-estado-de-goias-2016\/\">Produto Interno Bruto do Estado de Goi\u00e1s &#8211; 2016<\/a><\/h3><div class='post-meta-user '><span class='date-meta'>13 de novembro de 2018<\/span><\/div><div class='tpg-excerpt'>Clique aqui para baixar a publica\u00e7\u00e3o: Produto Interno Bruto do Estado de Goi\u00e1s &#8211; 2016...<\/div><\/div><\/div><\/div><\/div><\/div><div class=\"rt-col-md-12 rt-col-sm-12 rt-col-xs-12 even-grid-item rt-grid-item\" data-id=\"5971\"><div class=\"rt-holder\"><div class=\"rt-row\"><div class='rt-col-sm-2 rt-col-xs-12 '><div class=\"rt-img-holder\"><a data-id='5971' class='' href='https:\/\/goias.gov.br\/imb\/produto-interno-bruto-do-estado-de-goias-2015\/'><img loading=\"lazy\" decoding=\"async\" width=\"215\" height=\"300\" src=\"https:\/\/goias.gov.br\/imb\/wp-content\/uploads\/sites\/29\/2016\/11\/pibgo2015-7dc-215x300.jpg\" class=\"rt-img-responsive \" alt=\"\" \/><\/a><\/div><\/div><div class='rt-col-sm-10 rt-col-xs-12 '><div class='rt-detail'><h3 class=\"entry-title\"><a data-id=\"5971\" class=\"\" href=\"https:\/\/goias.gov.br\/imb\/produto-interno-bruto-do-estado-de-goias-2015\/\">Produto Interno Bruto do Estado de Goi\u00e1s &#8211; 2015<\/a><\/h3><div class='post-meta-user '><span class='date-meta'>28 de novembro de 2016<\/span><\/div><div class='tpg-excerpt'>Clique aqui para baixar a publica\u00e7\u00e3o: Produto Interno Bruto do Estado de Goi\u00e1s &#8211; 2015...<\/div><\/div><\/div><\/div><\/div><\/div><div class=\"rt-col-md-12 rt-col-sm-12 rt-col-xs-12 even-grid-item rt-grid-item\" data-id=\"5974\"><div class=\"rt-holder\"><div class=\"rt-row\"><div class='rt-col-sm-2 rt-col-xs-12 '><div class=\"rt-img-holder\"><a data-id='5974' class='' href='https:\/\/goias.gov.br\/imb\/produto-interno-bruto-do-estado-de-goias-2014\/'><img loading=\"lazy\" decoding=\"async\" width=\"213\" height=\"300\" src=\"https:\/\/goias.gov.br\/imb\/wp-content\/uploads\/sites\/29\/2016\/11\/pibgo2014-40a-213x300.jpg\" class=\"rt-img-responsive \" alt=\"\" \/><\/a><\/div><\/div><div class='rt-col-sm-10 rt-col-xs-12 '><div class='rt-detail'><h3 class=\"entry-title\"><a data-id=\"5974\" class=\"\" href=\"https:\/\/goias.gov.br\/imb\/produto-interno-bruto-do-estado-de-goias-2014\/\">Produto Interno Bruto do Estado de Goi\u00e1s &#8211; 2014<\/a><\/h3><div class='post-meta-user '><span class='date-meta'>22 de novembro de 2016<\/span><\/div><div class='tpg-excerpt'>Clique aqui para baixar a publica\u00e7\u00e3o: Produto Interno Bruto do Estado de Goi\u00e1s &#8211; 2014...<\/div><\/div><\/div><\/div><\/div><\/div><\/div><\/div><\/div>\n\t\t\t\t\t\t<\/div>\n\t\t\t\t<\/div>\n\t\t\t\t\t<\/div>\n\t\t\t\t<\/div>\n\t\t\t\t<\/div>\n\t\t","protected":false},"excerpt":{"rendered":"<p>O PIB do Estado de Goi\u00e1s s\u00e3o estat\u00edsticas cujo c\u00e1lculo \u00e9 realizado atrav\u00e9s de parceria Secretaria-Geral da Governadoria\/IMB\/IBGE. S\u00e9ries Hist\u00f3ricas Notas Metodol\u00f3gicas<\/p>\n","protected":false},"author":7,"featured_media":0,"parent":0,"menu_order":0,"comment_status":"closed","ping_status":"closed","template":"","meta":{"footnotes":""},"class_list":["post-11610","page","type-page","status-publish","hentry"],"rttpg_featured_image_url":null,"rttpg_author":{"display_name":"gustavogoncalves","author_link":"https:\/\/goias.gov.br\/imb\/author\/gustavogoncalves\/"},"rttpg_comment":0,"rttpg_category":"","rttpg_excerpt":"O PIB do Estado de Goi\u00e1s s\u00e3o estat\u00edsticas cujo c\u00e1lculo \u00e9 realizado atrav\u00e9s de parceria Secretaria-Geral da Governadoria\/IMB\/IBGE. S\u00e9ries Hist\u00f3ricas Notas Metodol\u00f3gicas","_links":{"self":[{"href":"https:\/\/goias.gov.br\/imb\/wp-json\/wp\/v2\/pages\/11610","targetHints":{"allow":["GET"]}}],"collection":[{"href":"https:\/\/goias.gov.br\/imb\/wp-json\/wp\/v2\/pages"}],"about":[{"href":"https:\/\/goias.gov.br\/imb\/wp-json\/wp\/v2\/types\/page"}],"author":[{"embeddable":true,"href":"https:\/\/goias.gov.br\/imb\/wp-json\/wp\/v2\/users\/7"}],"replies":[{"embeddable":true,"href":"https:\/\/goias.gov.br\/imb\/wp-json\/wp\/v2\/comments?post=11610"}],"version-history":[{"count":2,"href":"https:\/\/goias.gov.br\/imb\/wp-json\/wp\/v2\/pages\/11610\/revisions"}],"predecessor-version":[{"id":16170,"href":"https:\/\/goias.gov.br\/imb\/wp-json\/wp\/v2\/pages\/11610\/revisions\/16170"}],"wp:attachment":[{"href":"https:\/\/goias.gov.br\/imb\/wp-json\/wp\/v2\/media?parent=11610"}],"curies":[{"name":"wp","href":"https:\/\/api.w.org\/{rel}","templated":true}]}}