
{"id":11593,"date":"2023-12-13T10:34:44","date_gmt":"2023-12-13T13:34:44","guid":{"rendered":"https:\/\/siteshom.goias.gov.br\/imb\/?page_id=11593"},"modified":"2026-01-23T09:01:02","modified_gmt":"2026-01-23T12:01:02","slug":"informes-tecnicos","status":"publish","type":"page","link":"https:\/\/goias.gov.br\/imb\/informes-tecnicos\/","title":{"rendered":"Informes T\u00e9cnicos"},"content":{"rendered":"\t\t<div data-elementor-type=\"wp-page\" data-elementor-id=\"11593\" class=\"elementor elementor-11593\">\n\t\t\t\t<div class=\"elementor-element elementor-element-0778290 e-flex e-con-boxed e-con e-parent\" data-id=\"0778290\" data-element_type=\"container\" data-e-type=\"container\">\n\t\t\t\t\t<div class=\"e-con-inner\">\n\t\t\t\t<div class=\"elementor-element elementor-element-828bc22 elementor-widget elementor-widget-text-editor\" data-id=\"828bc22\" data-element_type=\"widget\" data-e-type=\"widget\" data-widget_type=\"text-editor.default\">\n\t\t\t\t\t\t\t\t\t<h1>Informes T\u00e9cnicos<\/h1>\t\t\t\t\t\t\t\t<\/div>\n\t\t\t\t\t<\/div>\n\t\t\t\t<\/div>\n\t\t<div class=\"elementor-element elementor-element-b55e31e e-flex e-con-boxed e-con e-parent\" data-id=\"b55e31e\" data-element_type=\"container\" data-e-type=\"container\">\n\t\t\t\t\t<div class=\"e-con-inner\">\n\t\t<div class=\"elementor-element elementor-element-bb53463 e-con-full e-flex e-con e-child\" data-id=\"bb53463\" data-element_type=\"container\" data-e-type=\"container\">\n\t\t\t\t<div class=\"elementor-element elementor-element-e913863 elementor-widget elementor-widget-image\" data-id=\"e913863\" data-element_type=\"widget\" data-e-type=\"widget\" data-widget_type=\"image.default\">\n\t\t\t\t\t\t\t\t\t\t\t\t\t\t\t<img fetchpriority=\"high\" decoding=\"async\" width=\"708\" height=\"358\" src=\"https:\/\/goias.gov.br\/imb\/wp-content\/uploads\/sites\/29\/2023\/12\/Capturadetela2022-11-16195846.png\" class=\"attachment-large size-large wp-image-11595\" alt=\"\" srcset=\"https:\/\/goias.gov.br\/imb\/wp-content\/uploads\/sites\/29\/2023\/12\/Capturadetela2022-11-16195846.png 708w, https:\/\/goias.gov.br\/imb\/wp-content\/uploads\/sites\/29\/2023\/12\/Capturadetela2022-11-16195846-300x152.png 300w\" sizes=\"(max-width: 708px) 100vw, 708px\" \/>\t\t\t\t\t\t\t\t\t\t\t\t\t\t\t<\/div>\n\t\t\t\t<div class=\"elementor-element elementor-element-7023ff7 elementor-widget elementor-widget-text-editor\" data-id=\"7023ff7\" data-element_type=\"widget\" data-e-type=\"widget\" data-widget_type=\"text-editor.default\">\n\t\t\t\t\t\t\t\t\t<p>Os Informes T\u00e9cnicos que o IMB passa a disponibilizar s\u00e3o textos onde ser\u00e3o apresentadas, de maneira objetiva e clara, informa\u00e7\u00f5es, an\u00e1lises e estat\u00edsticas sobre assuntos de interesse de seus usu\u00e1rios em geral. Tratam-se de textos breves de r\u00e1pida elabora\u00e7\u00e3o cujo prop\u00f3sito \u00e9 a leitura \u00e1gil sobre temas socioecon\u00f4micos tendo sempre o estado de Goi\u00e1s como foco.<\/p>\t\t\t\t\t\t\t\t<\/div>\n\t\t\t\t<\/div>\n\t\t<div class=\"elementor-element elementor-element-5ad40d9 e-con-full e-flex e-con e-child\" data-id=\"5ad40d9\" data-element_type=\"container\" data-e-type=\"container\">\n\t\t\t\t<div class=\"elementor-element elementor-element-d83d439 elementor-widget elementor-widget-shortcode\" data-id=\"d83d439\" data-element_type=\"widget\" data-e-type=\"widget\" data-widget_type=\"shortcode.default\">\n\t\t\t\t\t\t\t<div class=\"elementor-shortcode\"><style type='text\/css' media='all'>#rt-tpg-container-3591761096 .rt-holder .rt-woo-info .price{color:#0367bf;}body .rt-tpg-container .rt-tpg-isotope-buttons .selected,\n\t\t\t\t\t#rt-tpg-container-3591761096 .layout12 .rt-holder:hover .rt-detail,\n\t\t\t\t\t#rt-tpg-container-3591761096 .isotope8 .rt-holder:hover .rt-detail,\n\t\t\t\t\t#rt-tpg-container-3591761096 .carousel8 .rt-holder:hover .rt-detail,\n\t\t\t\t\t#rt-tpg-container-3591761096 .layout13 .rt-holder .overlay .post-info,\n\t\t\t\t\t#rt-tpg-container-3591761096 .isotope9 .rt-holder .overlay .post-info,\n\t\t\t\t\t#rt-tpg-container-3591761096.rt-tpg-container .layout4 .rt-holder .rt-detail,\n\t\t\t\t\t.rt-modal-3591761096 .md-content,\n\t\t\t\t\t.rt-modal-3591761096 .md-content > .rt-md-content-holder .rt-md-content,\n\t\t\t\t\t.rt-popup-wrap-3591761096.rt-popup-wrap .rt-popup-navigation-wrap,\n\t\t\t\t\t#rt-tpg-container-3591761096 .carousel9 .rt-holder .overlay .post-info{background-color:#0367bf;}#rt-tpg-container-3591761096 .layout5 .rt-holder .overlay, #rt-tpg-container-3591761096 .isotope2 .rt-holder .overlay, #rt-tpg-container-3591761096 .carousel2 .rt-holder .overlay,#rt-tpg-container-3591761096 .layout15 .rt-holder h3, #rt-tpg-container-3591761096 .isotope11 .rt-holder h3, #rt-tpg-container-3591761096 .carousel11 .rt-holder h3, #rt-tpg-container-3591761096 .layout16 .rt-holder h3,\n\t\t\t\t\t#rt-tpg-container-3591761096 .isotope12 .rt-holder h3, #rt-tpg-container-3591761096 .carousel12 .rt-holder h3 {background-color:rgba(3,103,191,0.8);}#rt-tpg-container-3591761096 .read-more a{border-radius:px;}#rt-tpg-container-3591761096 .rt-img-holder img.rt-img-responsive,#rt-tpg-container-3591761096 .rt-img-holder,\n\t\t\t\t\t#rt-tpg-container-3591761096 .rt-post-overlay .post-img,\n\t\t\t\t\t#rt-tpg-container-3591761096 .post-sm .post-img,\n\t\t\t\t\t#rt-tpg-container-3591761096 .rt-post-grid .post-img,\n\t\t\t\t\t#rt-tpg-container-3591761096 .post-img img {border-radius:px;}<\/style><div class='rt-container-fluid rt-tpg-container tpg-shortcode-main-wrapper ' id='rt-tpg-container-3591761096'   data-layout='layout2' data-grid-style='even' data-desktop-col='1'  data-tab-col='1'  data-mobile-col='1' data-sc-id='11598'><div data-title='Loading ...' class='rt-row rt-content-loader   layout2 tpg-even '><div class=\"rt-col-md-12 rt-col-sm-12 rt-col-xs-12 even-grid-item rt-grid-item\" data-id=\"11094\"><div class=\"rt-holder\"><div class=\"rt-row\"><div class='rt-col-xs-12'><div class='rt-detail'><h3 class=\"entry-title\"><a data-id=\"11094\" class=\"\" href=\"https:\/\/goias.gov.br\/imb\/10-deficit-habitacional-com-base-nos-dados-do-cadunico-2021\/\">10 &#8211; D\u00c9FICIT HABITACIONAL COM BASE NOS DADOS DO CAD\u00daNICO 2021<\/a><\/h3><div class='post-meta-user '><span class='date-meta'><i class='far fa-calendar-alt '><\/i>20 de dezembro de 2022<\/span><\/div><div class='tpg-excerpt'>No&nbsp;presente trabalho o&nbsp;Instituto Mauro Borges buscou dar continuidade \u00e0 s\u00e9rie hist\u00f3rica do d\u00e9ficit habitacional baseado...<\/div><\/div><\/div><\/div><\/div><\/div><div class=\"rt-col-md-12 rt-col-sm-12 rt-col-xs-12 even-grid-item rt-grid-item\" data-id=\"11090\"><div class=\"rt-holder\"><div class=\"rt-row\"><div class='rt-col-xs-12'><div class='rt-detail'><h3 class=\"entry-title\"><a data-id=\"11090\" class=\"\" href=\"https:\/\/goias.gov.br\/imb\/9-desigualdade-em-goias-um-diagnostico-em-busca-do-desenvolvimento-sustentavel\/\">9 &#8211; DESIGUALDADE EM GOI\u00c1S: um diagn\u00f3stico em busca do desenvolvimento sustent\u00e1vel<\/a><\/h3><div class='post-meta-user '><span class='date-meta'><i class='far fa-calendar-alt '><\/i>19 de dezembro de 2022<\/span><\/div><div class='tpg-excerpt'>O Instituto Mauro Borges busca&nbsp; nesse tema ao publicar este informe, em&nbsp;revelar o comportamento das...<\/div><\/div><\/div><\/div><\/div><\/div><div class=\"rt-col-md-12 rt-col-sm-12 rt-col-xs-12 even-grid-item rt-grid-item\" data-id=\"11081\"><div class=\"rt-holder\"><div class=\"rt-row\"><div class='rt-col-xs-12'><div class='rt-detail'><h3 class=\"entry-title\"><a data-id=\"11081\" class=\"\" href=\"https:\/\/goias.gov.br\/imb\/8-indice-de-gestao-eficaz-ige\/\">8 &#8211; \u00cdNDICE DE GEST\u00c3O EFICAZ (IGE)<\/a><\/h3><div class='post-meta-user '><span class='date-meta'><i class='far fa-calendar-alt '><\/i>12 de dezembro de 2022<\/span><\/div><div class='tpg-excerpt'>O Instituto Mauro Borges, em parceria com Federa\u00e7\u00e3o Goiana de Munic\u00edpios (FGM), desenvolveu o \u00cdndice...<\/div><\/div><\/div><\/div><\/div><\/div><div class=\"rt-col-md-12 rt-col-sm-12 rt-col-xs-12 even-grid-item rt-grid-item\" data-id=\"11062\"><div class=\"rt-holder\"><div class=\"rt-row\"><div class='rt-col-xs-12'><div class='rt-detail'><h3 class=\"entry-title\"><a data-id=\"11062\" class=\"\" href=\"https:\/\/goias.gov.br\/imb\/7-taxa-de-desemprego-de-longo-prazo-no-estado-de-goias\/\">7 &#8211; TAXA DE DESEMPREGO DE LONGO PRAZO NO ESTADO DE GOI\u00c1S<\/a><\/h3><div class='post-meta-user '><span class='date-meta'><i class='far fa-calendar-alt '><\/i>25 de novembro de 2022<\/span><\/div><div class='tpg-excerpt'>O IMB\/SGG divulga a Taxa de Desemprego de Longo Prazo (TDLP) utilizando os dados trimestrais...<\/div><\/div><\/div><\/div><\/div><\/div><div class=\"rt-col-md-12 rt-col-sm-12 rt-col-xs-12 even-grid-item rt-grid-item\" data-id=\"11064\"><div class=\"rt-holder\"><div class=\"rt-row\"><div class='rt-col-xs-12'><div class='rt-detail'><h3 class=\"entry-title\"><a data-id=\"11064\" class=\"\" href=\"https:\/\/goias.gov.br\/imb\/6-indice-multidimensional-da-carencia-das-familias-imcf-jun-2022\/\">6 &#8211; \u00cdndice Multidimensional da Car\u00eancia das Fam\u00edlias (IMCF) Jun\/2022<\/a><\/h3><div class='post-meta-user '><span class='date-meta'><i class='far fa-calendar-alt '><\/i>25 de novembro de 2022<\/span><\/div><div class='tpg-excerpt'>O Instituto Mauro Borges de Estat\u00edsticas e Estudos Socioecon\u00f4micos (IMB) efetua o c\u00e1lculo do IMCF...<\/div><\/div><\/div><\/div><\/div><\/div><div class=\"rt-col-md-12 rt-col-sm-12 rt-col-xs-12 even-grid-item rt-grid-item\" data-id=\"11042\"><div class=\"rt-holder\"><div class=\"rt-row\"><div class='rt-col-xs-12'><div class='rt-detail'><h3 class=\"entry-title\"><a data-id=\"11042\" class=\"\" href=\"https:\/\/goias.gov.br\/imb\/5-atualizacao-dos-indices-de-prioridade-de-cursos-superiores-para-os-programas-do-governo-do-estado-de-goias\/\">5 &#8211; ATUALIZA\u00c7\u00c3O DOS \u00cdNDICES DE PRIORIDADE DE CURSOS SUPERIORES PARA OS PROGRAMAS DO GOVERNO DO ESTADO DE GOI\u00c1S<\/a><\/h3><div class='post-meta-user '><span class='date-meta'><i class='far fa-calendar-alt '><\/i>1 de novembro de 2022<\/span><\/div><div class='tpg-excerpt'>O Instituto Mauro Borges de estat\u00edstica e estudos socioecon\u00f4micos (IMB), junto com a Funda\u00e7\u00e3o de...<\/div><\/div><\/div><\/div><\/div><\/div><div class=\"rt-col-md-12 rt-col-sm-12 rt-col-xs-12 even-grid-item rt-grid-item\" data-id=\"10982\"><div class=\"rt-holder\"><div class=\"rt-row\"><div class='rt-col-xs-12'><div class='rt-detail'><h3 class=\"entry-title\"><a data-id=\"10982\" class=\"\" href=\"https:\/\/goias.gov.br\/imb\/indice-multidimensional-da-carencia-das-familias-imcf-2\/\">4 &#8211; \u00cdndice Multidimensional da Car\u00eancia das Fam\u00edlias (IMCF) Dez\/2021<\/a><\/h3><div class='post-meta-user '><span class='date-meta'><i class='far fa-calendar-alt '><\/i>7 de julho de 2022<\/span><\/div><div class='tpg-excerpt'>O Instituto Mauro Borges de Estat\u00edsticas e Estudos Socioecon\u00f4micos (IMB) efetua o c\u00e1lculo do IMCF...<\/div><\/div><\/div><\/div><\/div><\/div><div class=\"rt-col-md-12 rt-col-sm-12 rt-col-xs-12 even-grid-item rt-grid-item\" data-id=\"10980\"><div class=\"rt-holder\"><div class=\"rt-row\"><div class='rt-col-xs-12'><div class='rt-detail'><h3 class=\"entry-title\"><a data-id=\"10980\" class=\"\" href=\"https:\/\/goias.gov.br\/imb\/3-criancas-goianas-de-6-e-7-anos-que-nao-sabem-ler-nem-escrever-quais-as-caracteristicas-mais-impactadas-com-a-pandemia-junho-2022\/\">3 &#8211; CRIAN\u00c7AS GOIANAS DE 6 E 7 ANOS QUE N\u00c3O SABEM LER NEM ESCREVER: QUAIS AS CARACTER\u00cdSTICAS MAIS IMPACTADAS COM A PANDEMIA? &#8211; Junho\/2022<\/a><\/h3><div class='post-meta-user '><span class='date-meta'><i class='far fa-calendar-alt '><\/i>2 de julho de 2022<\/span><\/div><div class='tpg-excerpt'>Neste informe t\u00e9cnico verificou-se quais as caracter\u00edsticas socioecon\u00f4micas que foram mais impactadas com o choque...<\/div><\/div><\/div><\/div><\/div><\/div><\/div><div class='rt-pagination-wrap' data-total-pages='21' data-posts-per-page='8' data-type='pagination'  ><div class=\"rt-pagination\" ><ul class=\"pagination-list\"><li class=\"active\"><span>1<\/span><\/li><li><a data-paged='2' href='https:\/\/goias.gov.br\/imb\/wp-json\/wp\/v2\/pages\/11593\/page\/2\/'>2<\/a><\/li><li><a data-paged='3' href='https:\/\/goias.gov.br\/imb\/wp-json\/wp\/v2\/pages\/11593\/page\/3\/'>3<\/a><\/li><li><a data-paged='4' href='https:\/\/goias.gov.br\/imb\/wp-json\/wp\/v2\/pages\/11593\/page\/4\/'>4<\/a><\/li><li><a data-paged='5' href='https:\/\/goias.gov.br\/imb\/wp-json\/wp\/v2\/pages\/11593\/page\/5\/'>5<\/a><\/li><li><a data-paged='2' href=\"https:\/\/goias.gov.br\/imb\/wp-json\/wp\/v2\/pages\/11593\/page\/2\/\"  aria-label='Next'>&rsaquo;<\/a><\/li><li><a data-paged='21' href='https:\/\/goias.gov.br\/imb\/wp-json\/wp\/v2\/pages\/11593\/page\/21\/' aria-label='Last'>&raquo;<\/a><\/li><\/ul><\/div><\/div><\/div><\/div>\n\t\t\t\t\t\t<\/div>\n\t\t\t\t<\/div>\n\t\t\t\t\t<\/div>\n\t\t\t\t<\/div>\n\t\t\t\t<\/div>\n\t\t","protected":false},"excerpt":{"rendered":"<p>Informes T\u00e9cnicos Os Informes T\u00e9cnicos que o IMB passa a disponibilizar s\u00e3o textos onde ser\u00e3o apresentadas, de maneira objetiva e clara, informa\u00e7\u00f5es, an\u00e1lises e estat\u00edsticas sobre assuntos de interesse de seus usu\u00e1rios em geral. Tratam-se de textos breves de r\u00e1pida elabora\u00e7\u00e3o cujo prop\u00f3sito \u00e9 a leitura \u00e1gil sobre temas socioecon\u00f4micos tendo sempre o estado de [&hellip;]<\/p>\n","protected":false},"author":7,"featured_media":0,"parent":0,"menu_order":0,"comment_status":"closed","ping_status":"closed","template":"wppb_theme_template","meta":{"footnotes":""},"class_list":["post-11593","page","type-page","status-publish","hentry"],"rttpg_featured_image_url":null,"rttpg_author":{"display_name":"gustavogoncalves","author_link":"https:\/\/goias.gov.br\/imb\/author\/gustavogoncalves\/"},"rttpg_comment":0,"rttpg_category":"","rttpg_excerpt":"Informes T\u00e9cnicos Os Informes T\u00e9cnicos que o IMB passa a disponibilizar s\u00e3o textos onde ser\u00e3o apresentadas, de maneira objetiva e clara, informa\u00e7\u00f5es, an\u00e1lises e estat\u00edsticas sobre assuntos de interesse de seus usu\u00e1rios em geral. Tratam-se de textos breves de r\u00e1pida elabora\u00e7\u00e3o cujo prop\u00f3sito \u00e9 a leitura \u00e1gil sobre temas socioecon\u00f4micos tendo sempre o estado de&hellip;","_links":{"self":[{"href":"https:\/\/goias.gov.br\/imb\/wp-json\/wp\/v2\/pages\/11593","targetHints":{"allow":["GET"]}}],"collection":[{"href":"https:\/\/goias.gov.br\/imb\/wp-json\/wp\/v2\/pages"}],"about":[{"href":"https:\/\/goias.gov.br\/imb\/wp-json\/wp\/v2\/types\/page"}],"author":[{"embeddable":true,"href":"https:\/\/goias.gov.br\/imb\/wp-json\/wp\/v2\/users\/7"}],"replies":[{"embeddable":true,"href":"https:\/\/goias.gov.br\/imb\/wp-json\/wp\/v2\/comments?post=11593"}],"version-history":[{"count":2,"href":"https:\/\/goias.gov.br\/imb\/wp-json\/wp\/v2\/pages\/11593\/revisions"}],"predecessor-version":[{"id":16128,"href":"https:\/\/goias.gov.br\/imb\/wp-json\/wp\/v2\/pages\/11593\/revisions\/16128"}],"wp:attachment":[{"href":"https:\/\/goias.gov.br\/imb\/wp-json\/wp\/v2\/media?parent=11593"}],"curies":[{"name":"wp","href":"https:\/\/api.w.org\/{rel}","templated":true}]}}