

{"id":99712,"date":"2025-08-25T16:16:40","date_gmt":"2025-08-25T19:16:40","guid":{"rendered":"https:\/\/goias.gov.br\/governo\/?page_id=99712"},"modified":"2026-03-26T16:04:24","modified_gmt":"2026-03-26T19:04:24","slug":"publicacoes-e-estudos","status":"publish","type":"page","link":"https:\/\/goias.gov.br\/governo\/energia\/publicacoes-e-estudos\/","title":{"rendered":"Publica\u00e7\u00f5es e Estudos"},"content":{"rendered":"\t\t<div data-elementor-type=\"wp-page\" data-elementor-id=\"99712\" class=\"elementor elementor-99712\">\n\t\t\t\t<div class=\"elementor-element elementor-element-61b197e e-flex e-con-boxed e-con e-parent\" data-id=\"61b197e\" data-element_type=\"container\" data-e-type=\"container\">\n\t\t\t\t\t<div class=\"e-con-inner\">\n\t\t\t\t<div class=\"elementor-element elementor-element-98ddc42 elementor-widget elementor-widget-n-accordion\" data-id=\"98ddc42\" data-element_type=\"widget\" data-e-type=\"widget\" data-settings=\"{&quot;default_state&quot;:&quot;all_collapsed&quot;,&quot;max_items_expended&quot;:&quot;one&quot;,&quot;n_accordion_animation_duration&quot;:{&quot;unit&quot;:&quot;ms&quot;,&quot;size&quot;:400,&quot;sizes&quot;:[]}}\" data-widget_type=\"nested-accordion.default\">\n\t\t\t\t<div class=\"elementor-widget-container\">\n\t\t\t\t\t\t\t<div class=\"e-n-accordion\" aria-label=\"Accordion. Open links with Enter or Space, close with Escape, and navigate with Arrow Keys\">\n\t\t\t\t\t\t<details id=\"e-n-accordion-item-1600\" class=\"e-n-accordion-item\" >\n\t\t\t\t<summary class=\"e-n-accordion-item-title\" data-accordion-index=\"1\" tabindex=\"0\" aria-expanded=\"false\" aria-controls=\"e-n-accordion-item-1600\" >\n\t\t\t\t\t<span class='e-n-accordion-item-title-header'><div class=\"e-n-accordion-item-title-text\"> Caderno de Estudos \u2013 Caminhos para transi\u00e7\u00e3o energ\u00e9tica em Goi\u00e1s <\/div><\/span>\n\t\t\t\t\t\t\t<span class='e-n-accordion-item-title-icon'>\n\t\t\t<span class='e-opened' ><svg aria-hidden=\"true\" class=\"e-font-icon-svg e-fas-arrow-alt-circle-down\" viewBox=\"0 0 512 512\" xmlns=\"http:\/\/www.w3.org\/2000\/svg\"><path d=\"M504 256c0 137-111 248-248 248S8 393 8 256 119 8 256 8s248 111 248 248zM212 140v116h-70.9c-10.7 0-16.1 13-8.5 20.5l114.9 114.3c4.7 4.7 12.2 4.7 16.9 0l114.9-114.3c7.6-7.6 2.2-20.5-8.5-20.5H300V140c0-6.6-5.4-12-12-12h-64c-6.6 0-12 5.4-12 12z\"><\/path><\/svg><\/span>\n\t\t\t<span class='e-closed'><svg aria-hidden=\"true\" class=\"e-font-icon-svg e-fas-arrow-alt-circle-right\" viewBox=\"0 0 512 512\" xmlns=\"http:\/\/www.w3.org\/2000\/svg\"><path d=\"M256 8c137 0 248 111 248 248S393 504 256 504 8 393 8 256 119 8 256 8zM140 300h116v70.9c0 10.7 13 16.1 20.5 8.5l114.3-114.9c4.7-4.7 4.7-12.2 0-16.9l-114.3-115c-7.6-7.6-20.5-2.2-20.5 8.5V212H140c-6.6 0-12 5.4-12 12v64c0 6.6 5.4 12 12 12z\"><\/path><\/svg><\/span>\n\t\t<\/span>\n\n\t\t\t\t\t\t<\/summary>\n\t\t\t\t<div role=\"region\" aria-labelledby=\"e-n-accordion-item-1600\" class=\"elementor-element elementor-element-60b18e2 e-con-full e-flex e-con e-child\" data-id=\"60b18e2\" data-element_type=\"container\" data-e-type=\"container\">\n\t\t<div role=\"region\" aria-labelledby=\"e-n-accordion-item-1600\" class=\"elementor-element elementor-element-b5f6b5a e-flex e-con-boxed e-con e-child\" data-id=\"b5f6b5a\" data-element_type=\"container\" data-e-type=\"container\">\n\t\t\t\t\t<div class=\"e-con-inner\">\n\t\t\t\t<div class=\"elementor-element elementor-element-0fc1dab elementor-widget elementor-widget-text-editor\" data-id=\"0fc1dab\" data-element_type=\"widget\" data-e-type=\"widget\" data-widget_type=\"text-editor.default\">\n\t\t\t\t<div class=\"elementor-widget-container\">\n\t\t\t\t\t\t\t\t\t<p><\/p>\n<p>O objetivo do caderno \u00e9 incentivar \u00e0 ado\u00e7\u00e3o de pr\u00e1ticas sustent\u00e1veis alinhadas a diretrizes nacionais e internacionais. Foi desenvolvido em parceria com a Funda\u00e7\u00e3o de Amparo \u00e0 Pesquisa do Estado de Goi\u00e1s (Fapeg) e inaugura uma s\u00e9rie de estudos t\u00e9cnicos voltados \u00e0 formula\u00e7\u00e3o de pol\u00edticas p\u00fablicas para a moderniza\u00e7\u00e3o da matriz energ\u00e9tica estadual e a promo\u00e7\u00e3o da sustentabilidade ambiental.<\/p>\n<p> <\/p>\n<p><a href=\"https:\/\/goias.gov.br\/governo\/energia\/caderno-de-estudos-caminhos-para-transicao-energetica-em-goias\/\" target=\"_blank\" rel=\"noreferrer noopener\">Clique aqui e saiba mais<\/a><\/p>\n<p><\/p>\t\t\t\t\t\t\t\t<\/div>\n\t\t\t\t<\/div>\n\t\t\t\t\t<\/div>\n\t\t\t\t<\/div>\n\t\t\t\t<\/div>\n\t\t\t\t\t<\/details>\n\t\t\t\t\t\t<details id=\"e-n-accordion-item-1601\" class=\"e-n-accordion-item\" >\n\t\t\t\t<summary class=\"e-n-accordion-item-title\" data-accordion-index=\"2\" tabindex=\"-1\" aria-expanded=\"false\" aria-controls=\"e-n-accordion-item-1601\" >\n\t\t\t\t\t<span class='e-n-accordion-item-title-header'><div class=\"e-n-accordion-item-title-text\"> \u00d4nibus a Biometano em Goi\u00e1s (CEHTES\/FAPEG) <\/div><\/span>\n\t\t\t\t\t\t\t<span class='e-n-accordion-item-title-icon'>\n\t\t\t<span class='e-opened' ><svg aria-hidden=\"true\" class=\"e-font-icon-svg e-fas-arrow-alt-circle-down\" viewBox=\"0 0 512 512\" xmlns=\"http:\/\/www.w3.org\/2000\/svg\"><path d=\"M504 256c0 137-111 248-248 248S8 393 8 256 119 8 256 8s248 111 248 248zM212 140v116h-70.9c-10.7 0-16.1 13-8.5 20.5l114.9 114.3c4.7 4.7 12.2 4.7 16.9 0l114.9-114.3c7.6-7.6 2.2-20.5-8.5-20.5H300V140c0-6.6-5.4-12-12-12h-64c-6.6 0-12 5.4-12 12z\"><\/path><\/svg><\/span>\n\t\t\t<span class='e-closed'><svg aria-hidden=\"true\" class=\"e-font-icon-svg e-fas-arrow-alt-circle-right\" viewBox=\"0 0 512 512\" xmlns=\"http:\/\/www.w3.org\/2000\/svg\"><path d=\"M256 8c137 0 248 111 248 248S393 504 256 504 8 393 8 256 119 8 256 8zM140 300h116v70.9c0 10.7 13 16.1 20.5 8.5l114.3-114.9c4.7-4.7 4.7-12.2 0-16.9l-114.3-115c-7.6-7.6-20.5-2.2-20.5 8.5V212H140c-6.6 0-12 5.4-12 12v64c0 6.6 5.4 12 12 12z\"><\/path><\/svg><\/span>\n\t\t<\/span>\n\n\t\t\t\t\t\t<\/summary>\n\t\t\t\t<div role=\"region\" aria-labelledby=\"e-n-accordion-item-1601\" class=\"elementor-element elementor-element-9797078 e-con-full e-flex e-con e-child\" data-id=\"9797078\" data-element_type=\"container\" data-e-type=\"container\">\n\t\t<div role=\"region\" aria-labelledby=\"e-n-accordion-item-1601\" class=\"elementor-element elementor-element-defbab2 e-flex e-con-boxed e-con e-child\" data-id=\"defbab2\" data-element_type=\"container\" data-e-type=\"container\">\n\t\t\t\t\t<div class=\"e-con-inner\">\n\t\t\t\t<div class=\"elementor-element elementor-element-a92f81b elementor-widget elementor-widget-text-editor\" data-id=\"a92f81b\" data-element_type=\"widget\" data-e-type=\"widget\" data-widget_type=\"text-editor.default\">\n\t\t\t\t<div class=\"elementor-widget-container\">\n\t\t\t\t\t\t\t\t\t<p><\/p>\n<p>Esta iniciativa se trata de um Estudo de Viabilidade T\u00e9cnica, Econ\u00f4mica e Ambiental com o objetivo de analisar a inser\u00e7\u00e3o do G\u00e1s Natural Veicular (GNV) e do Biometano nos sistemas de transporte coletivo da Regi\u00e3o Metropolitana de Goi\u00e2nia (RMG) e do Entorno do Distrito Federal (EDF).<\/p>\n<p> <\/p>\n<p>Este projeto, executado pelo Centro de Excel\u00eancia em Hidrog\u00eanio e Tecnologias Energ\u00e9ticas Sustent\u00e1veis (CEHTES) e financiado por meio de bolsas de pesquisa em custos diretos para o Governo de Goi\u00e1s, abrangeu a descarboniza\u00e7\u00e3o de frotas, os aspectos t\u00e9cnicos e ambientais da motoriza\u00e7\u00e3o de \u00f4nibus (diesel, GNV e biometano), a estrutura de custos e tributa\u00e7\u00e3o dos sistemas de transporte, cen\u00e1rios comparativos de viabilidade econ\u00f4mica.<\/p>\n<p> <\/p>\n<p>A pesquisa foi finalizada com a entrega de recomenda\u00e7\u00f5es estrat\u00e9gicas voltadas \u00e0 regi\u00e3o. O estudo foi estruturado em quatro produtos:<\/p>\n<p> <\/p>\n<ul class=\"wp-block-list\">\n<li><a href=\"https:\/\/goias.gov.br\/governo\/wp-content\/uploads\/sites\/11\/2025\/10\/Produto-1-Relatorio-de-Viabilidade-Tecnico-Economica_Final_Updated.pdf\" target=\"_blank\" rel=\"noreferrer noopener\">Produto 1 \u2013 Relat\u00f3rio de Viabilidade T\u00e9cnico-Econ\u00f4mica e de Impacto Ambiental<\/a><\/li>\n \n<li><a href=\"https:\/\/goias.gov.br\/governo\/wp-content\/uploads\/sites\/11\/2025\/10\/Produto-2-Relatorio-de-Riscos-e-Recomendacoes-Estrategicas_Updated.pdf\" target=\"_blank\" rel=\"noreferrer noopener\">Produto 2 \u2013 Relat\u00f3rio de Riscos e Recomenda\u00e7\u00f5es Estrat\u00e9gicas<\/a><\/li>\n \n<li><a href=\"https:\/\/goias.gov.br\/governo\/wp-content\/uploads\/sites\/11\/2025\/08\/Produto-3-Relatorio-Impactos-Socioeconomicos_Final_03_02_25.pdf\" target=\"_blank\" rel=\"noreferrer noopener\">Produto 3 \u2013 Relat\u00f3rio de Impacto Socioecon\u00f4mico<\/a><\/li>\n<\/ul>\n<p><\/p>\t\t\t\t\t\t\t\t<\/div>\n\t\t\t\t<\/div>\n\t\t\t\t\t<\/div>\n\t\t\t\t<\/div>\n\t\t\t\t<\/div>\n\t\t\t\t\t<\/details>\n\t\t\t\t\t\t<details id=\"e-n-accordion-item-1602\" class=\"e-n-accordion-item\" >\n\t\t\t\t<summary class=\"e-n-accordion-item-title\" data-accordion-index=\"3\" tabindex=\"-1\" aria-expanded=\"false\" aria-controls=\"e-n-accordion-item-1602\" >\n\t\t\t\t\t<span class='e-n-accordion-item-title-header'><div class=\"e-n-accordion-item-title-text\"> Estudos t\u00e9cnicos para o Plano Estadual de Energia de Goi\u00e1s 2030 (PEEG 2030)  <\/div><\/span>\n\t\t\t\t\t\t\t<span class='e-n-accordion-item-title-icon'>\n\t\t\t<span class='e-opened' ><svg aria-hidden=\"true\" class=\"e-font-icon-svg e-fas-arrow-alt-circle-down\" viewBox=\"0 0 512 512\" xmlns=\"http:\/\/www.w3.org\/2000\/svg\"><path d=\"M504 256c0 137-111 248-248 248S8 393 8 256 119 8 256 8s248 111 248 248zM212 140v116h-70.9c-10.7 0-16.1 13-8.5 20.5l114.9 114.3c4.7 4.7 12.2 4.7 16.9 0l114.9-114.3c7.6-7.6 2.2-20.5-8.5-20.5H300V140c0-6.6-5.4-12-12-12h-64c-6.6 0-12 5.4-12 12z\"><\/path><\/svg><\/span>\n\t\t\t<span class='e-closed'><svg aria-hidden=\"true\" class=\"e-font-icon-svg e-fas-arrow-alt-circle-right\" viewBox=\"0 0 512 512\" xmlns=\"http:\/\/www.w3.org\/2000\/svg\"><path d=\"M256 8c137 0 248 111 248 248S393 504 256 504 8 393 8 256 119 8 256 8zM140 300h116v70.9c0 10.7 13 16.1 20.5 8.5l114.3-114.9c4.7-4.7 4.7-12.2 0-16.9l-114.3-115c-7.6-7.6-20.5-2.2-20.5 8.5V212H140c-6.6 0-12 5.4-12 12v64c0 6.6 5.4 12 12 12z\"><\/path><\/svg><\/span>\n\t\t<\/span>\n\n\t\t\t\t\t\t<\/summary>\n\t\t\t\t<div role=\"region\" aria-labelledby=\"e-n-accordion-item-1602\" class=\"elementor-element elementor-element-837f9eb e-flex e-con-boxed e-con e-child\" data-id=\"837f9eb\" data-element_type=\"container\" data-e-type=\"container\">\n\t\t\t\t\t<div class=\"e-con-inner\">\n\t\t<div role=\"region\" aria-labelledby=\"e-n-accordion-item-1602\" class=\"elementor-element elementor-element-922011b e-con-full e-flex e-con e-child\" data-id=\"922011b\" data-element_type=\"container\" data-e-type=\"container\">\n\t\t\t\t<div class=\"elementor-element elementor-element-3d2f114 elementor-widget elementor-widget-text-editor\" data-id=\"3d2f114\" data-element_type=\"widget\" data-e-type=\"widget\" data-widget_type=\"text-editor.default\">\n\t\t\t\t<div class=\"elementor-widget-container\">\n\t\t\t\t\t\t\t\t\t<p><span class=\"TextRun SCXW120216405 BCX0\" lang=\"PT-BR\" xml:lang=\"PT-BR\" data-contrast=\"auto\"><span class=\"NormalTextRun SCXW120216405 BCX0\">Os\u00a0<\/span><span class=\"NormalTextRun SCXW120216405 BCX0\">estudos<\/span><span class=\"NormalTextRun SCXW120216405 BCX0\">\u00a0<\/span><span class=\"NormalTextRun SCXW120216405 BCX0\">a seguir re\u00fanem estudos t\u00e9cnicos que apoiam a elabora\u00e7\u00e3o do PEEG 2030, desenvolvidos com o apoio do Centro Brasileiro de Infraestrutura (CBIE) Advisory. As an\u00e1lises seguem crit\u00e9rios t\u00e9cnico-cient\u00edficos e boas pr\u00e1ticas de planejamento, com foco no uso eficiente dos recursos energ\u00e9ticos, na moderniza\u00e7\u00e3o da infraestrutura, na amplia\u00e7\u00e3o do acesso \u00e0 energia limpa e na promo\u00e7\u00e3o da sustentabilidade.<\/span><\/span><span class=\"EOP Selected SCXW120216405 BCX0\" data-ccp-props=\"{&quot;134233117&quot;:false,&quot;134233118&quot;:false,&quot;201341983&quot;:0,&quot;335551550&quot;:6,&quot;335551620&quot;:6,&quot;335559685&quot;:0,&quot;335559737&quot;:0,&quot;335559738&quot;:0,&quot;335559739&quot;:160,&quot;335559740&quot;:279}\">\u00a0<\/span><\/p>\n<h5><span class=\"TextRun SCXW6457645 BCX0\" lang=\"PT-BR\" style=\"color: #008000;\" xml:lang=\"PT-BR\" data-contrast=\"auto\"><span class=\"NormalTextRun SCXW6457645 BCX0\">Panorama do Biometano em Goi\u00e1s<\/span><\/span><\/h5>\n<p><span class=\"TextRun SCXW172794720 BCX0\" lang=\"PT-BR\" xml:lang=\"PT-BR\" data-contrast=\"auto\"><span class=\"NormalTextRun SCXW172794720 BCX0\">Este trabalho t<\/span><span class=\"NormalTextRun SCXW172794720 BCX0\">raz uma avalia\u00e7\u00e3o completa sobre tecnologias de produ\u00e7\u00e3o, custos, alternativas de log\u00edstica e o cen\u00e1rio regulat\u00f3rio atual. Al\u00e9m disso, busca incentivar a economia circular, transformando res\u00edduos org\u00e2nicos da agropecu\u00e1ria, ind\u00fastria e cidades em energia limpa, reduzindo a depend\u00eancia de combust\u00edveis f\u00f3sseis e fortalecendo o desenvolvimento regional.<\/span><\/span><span class=\"EOP SCXW172794720 BCX0\" data-ccp-props=\"{}\">\u00a0<\/span><\/p>\n<p><!-- \/wp:paragraph --><!-- wp:paragraph --><\/p>\n<p><!-- \/wp:paragraph --><!-- wp:paragraph --><\/p>\n<p>A pesquisa destaca oportunidades estrat\u00e9gicas para Goi\u00e1s, tais como:<\/p>\n<p><!-- \/wp:paragraph --><!-- wp:list {\"ordered\":true} --><\/p>\n<ul class=\"wp-block-list\"><!-- wp:list-item -->\n<li><strong>Potencial do agroneg\u00f3cio:<\/strong> Aproveitamento de res\u00edduos do setor sucroenerg\u00e9tico e da pecu\u00e1ria para a produ\u00e7\u00e3o de biometano.<\/li>\n<!-- \/wp:list-item --><!-- wp:list-item -->\n<li><strong>Descarboniza\u00e7\u00e3o de frotas<\/strong>: Substitui\u00e7\u00e3o do \u00f3leo diesel por biometano em ve\u00edculos pesados e m\u00e1quinas agr\u00edcolas.<\/li>\n<!-- \/wp:list-item --><!-- wp:list-item -->\n<li><strong>Inova\u00e7\u00e3o log\u00edstica<\/strong>: Uso de &#8220;gasodutos virtuais&#8221; (GNC e GNL) para levar o g\u00e1s renov\u00e1vel a regi\u00f5es que ainda n\u00e3o possuem redes de distribui\u00e7\u00e3o.<\/li>\n<!-- \/wp:list-item --><!-- wp:list-item -->\n<li><strong>Incentivos fiscais:<\/strong> Apoio ao setor por meio de decretos que facilitam novos investimentos e reduzem custos para o consumidor final.<\/li>\n<!-- \/wp:list-item --><\/ul>\n<p><!-- \/wp:list --><!-- wp:paragraph --><\/p>\n<p><a href=\"https:\/\/goias.gov.br\/governo\/wp-content\/uploads\/sites\/11\/2026\/02\/Panorama-do-Biometano-em-Goias.pdf\" target=\"_blank\" rel=\"noreferrer noopener\">Clique aqui e acesse o estudo<\/a><!-- \/wp:paragraph --><\/p>\n<h5><span class=\"TextRun SCXW16876359 BCX0\" lang=\"PT-BR\" style=\"color: #008000;\" xml:lang=\"PT-BR\" data-contrast=\"auto\"><span class=\"NormalTextRun SCXW16876359 BCX0\">Potencial de\u00a0<\/span><span class=\"NormalTextRun SCXW16876359 BCX0\">Produ<\/span><span class=\"NormalTextRun SCXW16876359 BCX0\">\u00e7\u00e3o de SAF no Estado de Goi\u00e1s<\/span><\/span><\/h5>\n<p><span data-contrast=\"auto\">O estudo apresenta uma an\u00e1lise do potencial de produ\u00e7\u00e3o de Combust\u00edveis Sustent\u00e1veis de Avia\u00e7\u00e3o (SAF) em Goi\u00e1s, com avalia\u00e7\u00e3o t\u00e9cnica e econ\u00f4mica da demanda e dos custos, especialmente por meio da rota HEFA e de\u00a0alternativas\u00a0promissoras. Tamb\u00e9m re\u00fane informa\u00e7\u00f5es sobre o agroneg\u00f3cio e an\u00e1lise de pre\u00e7os, contribuindo para avaliar a viabilidade do setor no estado.<\/span><span data-ccp-props=\"{&quot;134233117&quot;:false,&quot;134233118&quot;:false,&quot;335551550&quot;:6,&quot;335551620&quot;:6,&quot;335559738&quot;:240,&quot;335559739&quot;:240}\">\u00a0<\/span><\/p>\n<p><span data-contrast=\"auto\">A pesquisa aponta oportunidades estrat\u00e9gicas para Goi\u00e1s, como:<\/span><span data-ccp-props=\"{&quot;134233117&quot;:false,&quot;134233118&quot;:false,&quot;335551550&quot;:6,&quot;335551620&quot;:6,&quot;335559738&quot;:240,&quot;335559739&quot;:240}\">\u00a0<\/span><\/p>\n<ul>\n<li aria-setsize=\"-1\" data-leveltext=\"\uf0b7\" data-font=\"Symbol\" data-listid=\"1\" data-list-defn-props=\"{&quot;335552541&quot;:1,&quot;335559683&quot;:0,&quot;335559684&quot;:-2,&quot;335559685&quot;:720,&quot;335559991&quot;:360,&quot;469769226&quot;:&quot;Symbol&quot;,&quot;469769242&quot;:[8226],&quot;469777803&quot;:&quot;left&quot;,&quot;469777804&quot;:&quot;\uf0b7&quot;,&quot;469777815&quot;:&quot;hybridMultilevel&quot;}\" data-aria-posinset=\"1\" data-aria-level=\"1\"><b><span data-contrast=\"auto\">Aproveitamento do agroneg\u00f3cio:<\/span><\/b><span data-contrast=\"auto\">\u00a0uso de mat\u00e9rias-primas regionais para a produ\u00e7\u00e3o de SAF;\u00a0<\/span><span data-ccp-props=\"{&quot;134233117&quot;:false,&quot;134233118&quot;:false,&quot;335551550&quot;:6,&quot;335551620&quot;:6,&quot;335559738&quot;:0,&quot;335559739&quot;:0}\">\u00a0<\/span><\/li>\n<li aria-setsize=\"-1\" data-leveltext=\"\uf0b7\" data-font=\"Symbol\" data-listid=\"1\" data-list-defn-props=\"{&quot;335552541&quot;:1,&quot;335559683&quot;:0,&quot;335559684&quot;:-2,&quot;335559685&quot;:720,&quot;335559991&quot;:360,&quot;469769226&quot;:&quot;Symbol&quot;,&quot;469769242&quot;:[8226],&quot;469777803&quot;:&quot;left&quot;,&quot;469777804&quot;:&quot;\uf0b7&quot;,&quot;469777815&quot;:&quot;hybridMultilevel&quot;}\" data-aria-posinset=\"1\" data-aria-level=\"1\"><b><span data-contrast=\"auto\">Rotas tecnol\u00f3gicas:<\/span><\/b><span data-contrast=\"auto\">\u00a0destaque para a HEFA e outras rotas com potencial de desenvolvimento;<\/span><span data-ccp-props=\"{&quot;134233117&quot;:false,&quot;134233118&quot;:false,&quot;335551550&quot;:6,&quot;335551620&quot;:6,&quot;335559738&quot;:0,&quot;335559739&quot;:0}\">\u00a0<\/span><\/li>\n<li aria-setsize=\"-1\" data-leveltext=\"\uf0b7\" data-font=\"Symbol\" data-listid=\"1\" data-list-defn-props=\"{&quot;335552541&quot;:1,&quot;335559683&quot;:0,&quot;335559684&quot;:-2,&quot;335559685&quot;:720,&quot;335559991&quot;:360,&quot;469769226&quot;:&quot;Symbol&quot;,&quot;469769242&quot;:[8226],&quot;469777803&quot;:&quot;left&quot;,&quot;469777804&quot;:&quot;\uf0b7&quot;,&quot;469777815&quot;:&quot;hybridMultilevel&quot;}\" data-aria-posinset=\"1\" data-aria-level=\"1\"><b><span data-contrast=\"auto\">An\u00e1lise de mercado:<\/span><\/b><span data-contrast=\"auto\">\u00a0estimativas de demanda e pre\u00e7os para orientar investimentos;<\/span><span data-ccp-props=\"{&quot;134233117&quot;:false,&quot;134233118&quot;:false,&quot;335551550&quot;:6,&quot;335551620&quot;:6,&quot;335559738&quot;:0,&quot;335559739&quot;:0}\">\u00a0<\/span><\/li>\n<li aria-setsize=\"-1\" data-leveltext=\"\uf0b7\" data-font=\"Symbol\" data-listid=\"1\" data-list-defn-props=\"{&quot;335552541&quot;:1,&quot;335559683&quot;:0,&quot;335559684&quot;:-2,&quot;335559685&quot;:720,&quot;335559991&quot;:360,&quot;469769226&quot;:&quot;Symbol&quot;,&quot;469769242&quot;:[8226],&quot;469777803&quot;:&quot;left&quot;,&quot;469777804&quot;:&quot;\uf0b7&quot;,&quot;469777815&quot;:&quot;hybridMultilevel&quot;}\" data-aria-posinset=\"1\" data-aria-level=\"1\"><b><span data-contrast=\"auto\">Projetos piloto:<\/span><\/b><span data-contrast=\"auto\">\u00a0incentivo \u00e0 implementa\u00e7\u00e3o de iniciativas sustent\u00e1veis no estado;<\/span><span data-ccp-props=\"{&quot;134233117&quot;:false,&quot;134233118&quot;:false,&quot;335551550&quot;:6,&quot;335551620&quot;:6,&quot;335559738&quot;:0,&quot;335559739&quot;:0}\">\u00a0<\/span><\/li>\n<li aria-setsize=\"-1\" data-leveltext=\"\uf0b7\" data-font=\"Symbol\" data-listid=\"1\" data-list-defn-props=\"{&quot;335552541&quot;:1,&quot;335559683&quot;:0,&quot;335559684&quot;:-2,&quot;335559685&quot;:720,&quot;335559991&quot;:360,&quot;469769226&quot;:&quot;Symbol&quot;,&quot;469769242&quot;:[8226],&quot;469777803&quot;:&quot;left&quot;,&quot;469777804&quot;:&quot;\uf0b7&quot;,&quot;469777815&quot;:&quot;hybridMultilevel&quot;}\" data-aria-posinset=\"1\" data-aria-level=\"1\"><b><span data-contrast=\"auto\">Apoio \u00e0 decis\u00e3o p\u00fablica:<\/span><\/b><span data-contrast=\"auto\">\u00a0subs\u00eddios para pol\u00edticas p\u00fablicas e planejamento estrat\u00e9gico do setor.<\/span><span data-ccp-props=\"{&quot;134233117&quot;:false,&quot;134233118&quot;:false,&quot;335551550&quot;:6,&quot;335551620&quot;:6,&quot;335559738&quot;:0,&quot;335559739&quot;:0}\">\u00a0<\/span><\/li>\n<\/ul>\n<p><a href=\"https:\/\/goias.gov.br\/governo\/wp-content\/uploads\/sites\/11\/2026\/03\/Potencial-de-Producao-de-SAF-no-Estado-de-Goias.pdf\" target=\"_blank\" rel=\"noreferrer noopener\">Clique aqui e acesse o estudo<\/a><\/p>\t\t\t\t\t\t\t\t<\/div>\n\t\t\t\t<\/div>\n\t\t\t\t<\/div>\n\t\t\t\t\t<\/div>\n\t\t\t\t<\/div>\n\t\t\t\t\t<\/details>\n\t\t\t\t\t<\/div>\n\t\t\t\t\t\t<\/div>\n\t\t\t\t<\/div>\n\t\t\t\t\t<\/div>\n\t\t\t\t<\/div>\n\t\t<div class=\"elementor-element elementor-element-f8e10a4 e-flex e-con-boxed e-con e-parent\" data-id=\"f8e10a4\" data-element_type=\"container\" data-e-type=\"container\">\n\t\t\t\t\t<div class=\"e-con-inner\">\n\t\t\t\t\t<\/div>\n\t\t\t\t<\/div>\n\t\t\t\t<\/div>\n\t\t","protected":false},"excerpt":{"rendered":"<p>Caderno de Estudos \u2013 Caminhos para transi\u00e7\u00e3o energ\u00e9tica em Goi\u00e1s O objetivo do caderno \u00e9 incentivar \u00e0 ado\u00e7\u00e3o de pr\u00e1ticas sustent\u00e1veis alinhadas a diretrizes nacionais e internacionais. Foi desenvolvido em parceria com a Funda\u00e7\u00e3o de Amparo \u00e0 Pesquisa do Estado de Goi\u00e1s (Fapeg) e inaugura uma s\u00e9rie de estudos t\u00e9cnicos voltados \u00e0 formula\u00e7\u00e3o de pol\u00edticas [&hellip;]<\/p>\n","protected":false},"author":245,"featured_media":0,"parent":60288,"menu_order":0,"comment_status":"closed","ping_status":"closed","template":"","meta":{"footnotes":"","_links_to":"","_links_to_target":""},"class_list":["post-99712","page","type-page","status-publish","hentry"],"rttpg_featured_image_url":null,"rttpg_author":{"display_name":"gabriellabeltrao","author_link":"https:\/\/goias.gov.br\/governo\/author\/gabriellabeltrao\/"},"rttpg_comment":0,"rttpg_category":null,"rttpg_excerpt":"Caderno de Estudos \u2013 Caminhos para transi\u00e7\u00e3o energ\u00e9tica em Goi\u00e1s O objetivo do caderno \u00e9 incentivar \u00e0 ado\u00e7\u00e3o de pr\u00e1ticas sustent\u00e1veis alinhadas a diretrizes nacionais e internacionais. Foi desenvolvido em parceria com a Funda\u00e7\u00e3o de Amparo \u00e0 Pesquisa do Estado de Goi\u00e1s (Fapeg) e inaugura uma s\u00e9rie de estudos t\u00e9cnicos voltados \u00e0 formula\u00e7\u00e3o de pol\u00edticas&hellip;","_links":{"self":[{"href":"https:\/\/goias.gov.br\/governo\/wp-json\/wp\/v2\/pages\/99712","targetHints":{"allow":["GET"]}}],"collection":[{"href":"https:\/\/goias.gov.br\/governo\/wp-json\/wp\/v2\/pages"}],"about":[{"href":"https:\/\/goias.gov.br\/governo\/wp-json\/wp\/v2\/types\/page"}],"author":[{"embeddable":true,"href":"https:\/\/goias.gov.br\/governo\/wp-json\/wp\/v2\/users\/245"}],"replies":[{"embeddable":true,"href":"https:\/\/goias.gov.br\/governo\/wp-json\/wp\/v2\/comments?post=99712"}],"version-history":[{"count":2,"href":"https:\/\/goias.gov.br\/governo\/wp-json\/wp\/v2\/pages\/99712\/revisions"}],"predecessor-version":[{"id":138266,"href":"https:\/\/goias.gov.br\/governo\/wp-json\/wp\/v2\/pages\/99712\/revisions\/138266"}],"up":[{"embeddable":true,"href":"https:\/\/goias.gov.br\/governo\/wp-json\/wp\/v2\/pages\/60288"}],"wp:attachment":[{"href":"https:\/\/goias.gov.br\/governo\/wp-json\/wp\/v2\/media?parent=99712"}],"curies":[{"name":"wp","href":"https:\/\/api.w.org\/{rel}","templated":true}]}}