

{"id":99707,"date":"2025-08-15T14:31:47","date_gmt":"2025-08-15T17:31:47","guid":{"rendered":"https:\/\/goias.gov.br\/governo\/?page_id=99707"},"modified":"2025-09-22T14:21:09","modified_gmt":"2025-09-22T17:21:09","slug":"workshop-de-conectividade-agroindustrial","status":"publish","type":"page","link":"https:\/\/goias.gov.br\/governo\/telecomunicacoes\/workshop-de-conectividade-agroindustrial\/","title":{"rendered":"Workshop de Conectividade Agroindustrial"},"content":{"rendered":"\n<p>A Secretaria-Geral de Governo, por meio da Subsecretaria de Energia, Telecomunica\u00e7\u00f5es e Cidades Inteligentes, convida representantes do setor produtivo, especialistas e gestores p\u00fablicos a participarem do Workshop de Conectividade Agroindustrial, que acontecer\u00e1 em 23 de setembro, no Audit\u00f3rio Jo\u00e3o Bennio, na sede da Fieg.<\/p>\n\n\n\n<p>O encontro tem como prop\u00f3sito discutir os principais desafios e oportunidades da infraestrutura digital no campo, abordando temas como conectividade no meio rural, agro 4.0, inova\u00e7\u00e3o e sustentabilidade.<\/p>\n\n\n\n<h4><span style=\"color: #008000\">Programa\u00e7\u00e3o<\/span><\/h4>\n\n\n\n<p><strong>08h \u2013 Credenciamento e Coffee Break<\/strong><br><br><strong>09h \u2013 Apresenta\u00e7\u00e3o institucional (SGG)<\/strong><\/p>\n\n\n\n<ul>\n<li>Renato Rodrigues de Lyra, Subsecret\u00e1rio de Energia, Telecomunica\u00e7\u00f5es e Cidades Inteligentes<\/li>\n<\/ul>\n\n\n\n<p><strong>09h15 \u2013 Apresenta\u00e7\u00e3o institucional (Fieg)<\/strong><\/p>\n\n\n\n<ul>\n<li>Marduk Duarte, Presidente do Conselho Tem\u00e1tico da Agroind\u00fastria (CTA)<\/li>\n<\/ul>\n\n\n\n<p><strong>09h30 \u2013 Apresenta\u00e7\u00e3o institucional (Seapa) | Agro 4.0 em Goi\u00e1s: panorama e perspectivas em Goi\u00e1s <\/strong><\/p>\n\n\n\n<ul>\n<li>Glaucilene Duarte Carvalho, Subsecret\u00e1ria de Agricultura Familiar, Produ\u00e7\u00e3o Rural e Inclus\u00e3o Produtiva<\/li>\n<\/ul>\n<p><strong>09h45 \u2013 Painel 1 | Do solo \u00e0 tela: o que falta para o Agro 4.0 chegar ao campo?<\/strong><\/p>\n\n\n\n<ul class=\"wp-block-list\">\n<li><strong>Moderadora: <\/strong>Gislaine Balbinot, Diretora-Executiva da Associa\u00e7\u00e3o Brasileira do Agroneg\u00f3cio (ABAG)<\/li>\n\n\n\n<li>Marduk Duarte, Presidente do Conselho Tem\u00e1tico da Agroind\u00fastria (CTA) da Federa\u00e7\u00e3o das Ind\u00fastrias do Estado de Goi\u00e1s (Fieg)<\/li>\n\n\n\n<li>Wesley Fidelis da Silva, Coordenador de Infraestrutura de TI da Jalles Machado<\/li>\n\n\n\n<li>Kaio Reis, Gerente de Contas Estrat\u00e9gicas do Agroneg\u00f3cio da Hughes do Brasil<\/li>\n<\/ul>\n\n\n\n<p><strong>11h \u2013 Painel 02 | Do sinal \u00e0 solu\u00e7\u00e3o: como viabilizar o agro conectado?<\/strong><\/p>\n\n\n\n<ul class=\"wp-block-list\">\n<li><strong>Moderador:<\/strong> Diogo Della Torres, Coordenador de Infraestrutura da Conexis<\/li>\n\n\n\n<li>Jos\u00e9 Roberto Serenini, Head de Vendas IOT\/M2M da Claro<\/li>\n\n\n\n<li>Cleber Rodrigo Affanio, Diretor de Rela\u00e7\u00f5es Institucionais da TIM<\/li>\n\n\n\n<li>Leandro Nazareth Souto, Head de Inova\u00e7\u00e3o e Neg\u00f3cios da Algar<\/li>\n\n\n\n<li>Paulo Aur\u00e9lio Pereira da Silva, Gerente Regional da Anatel nos Estados de Goi\u00e1s, Mato Grosso, Mato Grosso do Sul e Tocantins<\/li>\n<\/ul>\n\n\n\n<p><strong>12h \u2013 Apresenta\u00e7\u00e3o institucional do Centro de Excel\u00eancia em Redes Inteligentes Sem Fio e Servi\u00e7os Avan\u00e7ados (CERISE)<\/strong><\/p>\n\n\n\n<ul>\n<li>Professor Dr. Fl\u00e1vio Henrique Teles Vieira, Diretor do Centro de Excel\u00eancia em Redes Inteligentes Sem Fio e Servi\u00e7os Avan\u00e7ados<\/li>\n<\/ul>\n\n\n\n<p><strong>12h15 \u2013 Encerramento<\/strong><\/p>\n\n\n\n<h4><span style=\"color: #008000\">Inscri\u00e7\u00f5es<\/span><\/h4>\n\n\n\n<p>Fa\u00e7a sua inscri\u00e7\u00e3o pelo <a href=\"https:\/\/www.sympla.com.br\/evento\/workshop-de-conectividade-agroindustrial\/3081239\">Sympla<\/a>.<\/p>\n","protected":false},"excerpt":{"rendered":"<p>A Secretaria-Geral de Governo, por meio da Subsecretaria de Energia, Telecomunica\u00e7\u00f5es e Cidades Inteligentes, convida representantes do setor produtivo, especialistas e gestores p\u00fablicos a participarem do Workshop de Conectividade Agroindustrial, que acontecer\u00e1 em 23 de setembro, no Audit\u00f3rio Jo\u00e3o Bennio, na sede da Fieg. O encontro tem como prop\u00f3sito discutir os principais desafios e oportunidades [&hellip;]<\/p>\n","protected":false},"author":245,"featured_media":100578,"parent":60689,"menu_order":0,"comment_status":"closed","ping_status":"closed","template":"","meta":{"footnotes":"","_links_to":"","_links_to_target":""},"class_list":["post-99707","page","type-page","status-publish","has-post-thumbnail","hentry"],"rttpg_featured_image_url":{"full":["https:\/\/goias.gov.br\/governo\/wp-content\/uploads\/sites\/11\/2025\/08\/BANNER-1-SITE.jpg",14174,4134,false],"landscape":["https:\/\/goias.gov.br\/governo\/wp-content\/uploads\/sites\/11\/2025\/08\/BANNER-1-SITE.jpg",14174,4134,false],"portraits":["https:\/\/goias.gov.br\/governo\/wp-content\/uploads\/sites\/11\/2025\/08\/BANNER-1-SITE.jpg",14174,4134,false],"thumbnail":["https:\/\/goias.gov.br\/governo\/wp-content\/uploads\/sites\/11\/2025\/08\/BANNER-1-SITE-150x150.jpg",150,150,true],"medium":["https:\/\/goias.gov.br\/governo\/wp-content\/uploads\/sites\/11\/2025\/08\/BANNER-1-SITE-300x87.jpg",300,87,true],"large":["https:\/\/goias.gov.br\/governo\/wp-content\/uploads\/sites\/11\/2025\/08\/BANNER-1-SITE-1024x299.jpg",1024,299,true],"1536x1536":["https:\/\/goias.gov.br\/governo\/wp-content\/uploads\/sites\/11\/2025\/08\/BANNER-1-SITE-1536x448.jpg",1536,448,true],"2048x2048":["https:\/\/goias.gov.br\/governo\/wp-content\/uploads\/sites\/11\/2025\/08\/BANNER-1-SITE-2048x597.jpg",2048,597,true]},"rttpg_author":{"display_name":"gabriellabeltrao","author_link":"https:\/\/goias.gov.br\/governo\/author\/gabriellabeltrao\/"},"rttpg_comment":0,"rttpg_category":null,"rttpg_excerpt":"A Secretaria-Geral de Governo, por meio da Subsecretaria de Energia, Telecomunica\u00e7\u00f5es e Cidades Inteligentes, convida representantes do setor produtivo, especialistas e gestores p\u00fablicos a participarem do Workshop de Conectividade Agroindustrial, que acontecer\u00e1 em 23 de setembro, no Audit\u00f3rio Jo\u00e3o Bennio, na sede da Fieg. O encontro tem como prop\u00f3sito discutir os principais desafios e oportunidades&hellip;","_links":{"self":[{"href":"https:\/\/goias.gov.br\/governo\/wp-json\/wp\/v2\/pages\/99707","targetHints":{"allow":["GET"]}}],"collection":[{"href":"https:\/\/goias.gov.br\/governo\/wp-json\/wp\/v2\/pages"}],"about":[{"href":"https:\/\/goias.gov.br\/governo\/wp-json\/wp\/v2\/types\/page"}],"author":[{"embeddable":true,"href":"https:\/\/goias.gov.br\/governo\/wp-json\/wp\/v2\/users\/245"}],"replies":[{"embeddable":true,"href":"https:\/\/goias.gov.br\/governo\/wp-json\/wp\/v2\/comments?post=99707"}],"version-history":[{"count":2,"href":"https:\/\/goias.gov.br\/governo\/wp-json\/wp\/v2\/pages\/99707\/revisions"}],"predecessor-version":[{"id":104252,"href":"https:\/\/goias.gov.br\/governo\/wp-json\/wp\/v2\/pages\/99707\/revisions\/104252"}],"up":[{"embeddable":true,"href":"https:\/\/goias.gov.br\/governo\/wp-json\/wp\/v2\/pages\/60689"}],"wp:featuredmedia":[{"embeddable":true,"href":"https:\/\/goias.gov.br\/governo\/wp-json\/wp\/v2\/media\/100578"}],"wp:attachment":[{"href":"https:\/\/goias.gov.br\/governo\/wp-json\/wp\/v2\/media?parent=99707"}],"curies":[{"name":"wp","href":"https:\/\/api.w.org\/{rel}","templated":true}]}}