

{"id":96012,"date":"2025-08-06T17:27:11","date_gmt":"2025-08-06T20:27:11","guid":{"rendered":"https:\/\/goias.gov.br\/governo\/?page_id=96012"},"modified":"2025-10-30T10:34:05","modified_gmt":"2025-10-30T13:34:05","slug":"conferencia-brasileira-de-bioenergia-e-transicao-energetica","status":"publish","type":"page","link":"https:\/\/goias.gov.br\/governo\/conferencia-brasileira-de-bioenergia-e-transicao-energetica\/","title":{"rendered":"Confer\u00eancia Brasileira de Bioenergia e Transi\u00e7\u00e3o Energ\u00e9tica"},"content":{"rendered":"\n<p>O Governo de Goi\u00e1s, por meio da Subsecretaria de Energia, Telecomunica\u00e7\u00f5es e Cidades Inteligentes, vinculada \u00e0 Secretaria-Geral de Governo, convida lideran\u00e7as do setor energ\u00e9tico, representantes do setor produtivo, academia e sociedade civil para a Confer\u00eancia Brasileira de Bioenergia e Transi\u00e7\u00e3o Energ\u00e9tica, que ser\u00e1 realizada de 14 a 16 de outubro de 2025. O evento acontecer\u00e1 no\u00a0<strong>Audit\u00f3rio Ip\u00ea, localizado na Secretaria de Estado da Educa\u00e7\u00e3o (Seduc)<\/strong>.<\/p>\n\n\n\n<p>O evento surge como um espa\u00e7o estrat\u00e9gico para o alinhamento de pol\u00edticas p\u00fablicas, inova\u00e7\u00e3o e investimentos voltados \u00e0 transi\u00e7\u00e3o energ\u00e9tica. Entre os temas em pauta est\u00e3o a amplia\u00e7\u00e3o do uso do biometano na mobilidade e na ind\u00fastria, pol\u00edticas de incentivo, modelos de neg\u00f3cio e marcos regulat\u00f3rios. Tamb\u00e9m ser\u00e3o discutidas solu\u00e7\u00f5es para expandir a produ\u00e7\u00e3o de biog\u00e1s e de combust\u00edveis avan\u00e7ados, como o hidrog\u00eanio verde e o Combust\u00edvel Sustent\u00e1vel de Avia\u00e7\u00e3o (SAF), contribuindo para a descarboniza\u00e7\u00e3o de setores com altas emiss\u00f5es.<\/p>\n\n\n\n<h4><span style=\"color: #008000\">Programa\u00e7\u00e3o<\/span><\/h4>\n<p><strong>14 de outubro<\/strong><\/p>\n<p>18h30 \u2013 Credenciamento e&nbsp;Coffee Break<br>19h30 \u2013 Abertura<br>20h \u2013 Painel: Plano Estadual de Energia &#8211; Goi\u00e1s 2030<\/p>\n<ul>\n<li>M\u00e1rcio Lago Couto, Superintendente de Pesquisa da Funda\u00e7\u00e3o Get\u00falio Vargas (FGV)<\/li>\n<\/ul>\n<p>20h30 \u2013 Painel: Transi\u00e7\u00e3o Verde<\/p>\n<ul>\n<li>Andrea Vulcanis, Secret\u00e1ria de Estado de Meio Ambiente e Desenvolvimento Sustent\u00e1vel<\/li>\n<\/ul>\n<p>21h \u2013 Painel: Fomentos ao P&amp;D para a Transi\u00e7\u00e3o Energ\u00e9tica<\/p>\n<ul>\n<li>Marcos Fernando Arriel, Presidente da Funda\u00e7\u00e3o de Amparo a Pesquisa (Fapeg)<\/li>\n<\/ul>\n<p><strong>15 de outubro \u2013 Desafios e Oportunidades do GNV, Biometano e Hidrog\u00eanio<\/strong><\/p>\n<p>08h30 \u2013 Credenciamento e Welcome Coffee <br>09h30 \u2013 Abertura<br>09h45 \u2013 Panorama do Biog\u00e1s e Biometano em Goi\u00e1s<\/p>\n<ul>\n<li>Bruno Pascon, S\u00f3cio do Centro Brasileiro de Infraestrutura (CBIE)<\/li>\n<\/ul>\n<p>10h20 \u2013 Mesa Redonda: Estrat\u00e9gias para Potencializar a Produ\u00e7\u00e3o de Biog\u00e1s e Biometano<\/p>\n<ul>\n<li>Luiz Gustavo de Oliveira, Consultor do Instituto 17<\/li>\n<li>Frederico Deivson Ribeiro, Professor e Pesquisador da Universidade Estadual de Goi\u00e1s (UEG)<\/li>\n<li>Mauro Arnaud de Queiros Mattoso, Chefe de Departamento do Complexo Agroalimentar e Biocombust\u00edveis (AI\/DEAGRO)<\/li>\n<\/ul>\n<p>11h20 \u2013 Mesa Redonda: Tecnologias Limpas para o Transporte Pesado: Biometano e Hidrog\u00eanio<\/p>\n<ul>\n<li>Elisa Rodrigues, Head de Agroneg\u00f3cio<\/li>\n<li>Gabriel Kropsch, Fundador da Sinerg\u00e1s<\/li>\n<li>Gustavo Bonini, Diretor Institucional da Scania Latin America<\/li>\n<li>Thais Gomes de Oliveira, Advogada da CIBiog\u00e1s<\/li>\n<\/ul>\n<p>12h \u2013 Intervalo<br>14h \u2013 Mesa Redonda: Oportunidades e Desafios do Hidrog\u00eanio<\/p>\n<ul>\n<li>Eduardo Soriano Lousada, Professor e Pesquisador do Centro de Excel\u00eancia em Hidrog\u00eanio e Tecnologias Energ\u00e9ticas Sustent\u00e1veis (CEHTES)<\/li>\n<li>Daniel Maia Vieira, Diretor da Ag\u00eancia Nacional do Petr\u00f3leo, G\u00e1s Natural e Biocombust\u00edveis (ANP)<\/li>\n<li>Renato Rodrigues de Lyra, Subsecret\u00e1rio de Energia, Telecomunica\u00e7\u00f5es e Cidades Inteligentes<\/li>\n<li>Renato Marques Cabral, Especialista em Novas Solu\u00e7\u00f5es em Eletrifica\u00e7\u00e3o da Eletrobras<\/li>\n<\/ul>\n<p>14h50 \u2013 Mesa Redonda: Avan\u00e7os e Perspectivas para a Mobilidade com GNV e Biometano<\/p>\n<ul>\n<li>Adriano da Rocha Lima, Secret\u00e1rio-Geral de Governo do Estado de Goi\u00e1s<\/li>\n<li>Andr\u00e9 Rocha, Presidente da Federa\u00e7\u00e3o das Ind\u00fastrias do Estado de Goi\u00e1s (Fieg)<\/li>\n<li>Miguel Pricinote, Subsecret\u00e1rio de Pol\u00edticas para Cidades e Transporte<\/li>\n<\/ul>\n<p>15h40 \u2013 Mesa Redonda: Perspectivas e Mercado para Bioenergia no Centro-Oeste, no Brasil e no mundo<\/p>\n<ul>\n<li>Julio Cesar Minelli, Presidente da Associa\u00e7\u00e3o dos Produtores de Biocombust\u00edveis do Brasil (APROBIO)<\/li>\n<li>M\u00e1rcio Lago Couto, Superintendente de \u00d3leo e G\u00e1s da Funda\u00e7\u00e3o Get\u00falio Vargas (FGV)<\/li>\n<li>Andr\u00e9 Arueira, Diretor de Estrat\u00e9gia e Crescimento da Geo Bio g\u00e1s&amp;carbono<\/li>\n<li>Juliana Rangel, Analista de Pesquisa Energ\u00e9tica da Empresa de Pesquisa Energ\u00e9tica (EPE)<\/li>\n<\/ul>\n<p>16h20 \u2013 Encerramento<\/p>\n<p><strong>16 de outubro \u2013 Inova\u00e7\u00e3o Sustent\u00e1vel e Tecnol\u00f3gica: O Futuro dos Biocombust\u00edveis e do Biometano na Transi\u00e7\u00e3o Energ\u00e9tica<\/strong><\/p>\n<p>08h30 \u2013 Credenciamento e Welcome Coffee <br>09h15 \u2013 Abertura<br>09h30 \u2013 Mesa Redonda: Conectando a Cadeia de Valor &#8211; Alavancando o Potencial do Biometano na Ind\u00fastria<\/p>\n<ul>\n<li>Wilson Mozena Leandro, Professor da Universidade Federal de Goi\u00e1s (UFG)<\/li>\n<li>Mariana Oliveira Barbosa, Coordenadora Corporativa Opera\u00e7\u00f5es de Biometano da Atvos<\/li>\n<li>Lorenzo Pianigiani, Diretor Comercial da Sebigas Cotica<\/li>\n<li>Maur\u00edcio Silva, Gerente Comercial de G\u00e1s Liquefeito da White Martins<\/li>\n<\/ul>\n<p>10h20 \u2013 Mesa Redonda: Combust\u00edveis Avan\u00e7ados a partir do Biog\u00e1s: SAF, H2, Metanol Verde e Am\u00f4nia<\/p>\n<ul>\n<li>Diogo Appel Colvero, Professor e Pesquisador da Universidade Federal de Goi\u00e1s (UFG)<\/li>\n<li>Eduardo Tobias, Fundador da Watt Capital<\/li>\n<li>Onofre Andrade, Diretor da CleanSAF \u2013 Avia\u00e7\u00e3o Sustent\u00e1vel<\/li>\n<li>S\u00e9rgio Botelho de Oliveira, Professor e Pesquisador do Centro de Excel\u00eancia em Hidrog\u00eanio e Tecnologias Energ\u00e9ticas Sustent\u00e1veis (CEHTES)<\/li>\n<\/ul>\n<p>11h20 \u2013 Mesa Redonda: Novas Oportunidades Tecnol\u00f3gicas na Produ\u00e7\u00e3o de Biocombust\u00edveis<\/p>\n<ul>\n<li>Bruno Pascon, S\u00f3cio do Centro Brasileiro de Infraestrutura (CBIE)<\/li>\n<li>Christian Gon\u00e7alves Alonso, Diretor-Geral do Centro de Excel\u00eancia em Hidrog\u00eanio e Tecnologias Energ\u00e9ticas Sustent\u00e1veis (CEHTES)<\/li>\n<li>Jorge Vinicius da Silva Neto, Fundador da NovoGas<\/li>\n<li>Saulo Delgado, Gerente de Estrat\u00e9gia e Desenvolvimento de Novos Neg\u00f3cios da bp bioenergy<\/li>\n<\/ul>\n<p>12h \u2013 Intervalo<br>14h \u2013 Mesa Redonda: Certifica\u00e7\u00e3o de Biometano como ativo ESG e Cr\u00e9dito de Carbono<\/p>\n<ul>\n<li>Marisa Maia de Barros, Subsecret\u00e1ria de Energia e Minera\u00e7\u00e3o de S\u00e3o Paulo<\/li>\n<li>Adriana Berti, S\u00f3cia e Head da BlockC<\/li>\n<li>Ciro Galv\u00e3o, Consultor da Valuata<\/li>\n<li>Elisa Guida, Policy Advisor da Associa\u00e7\u00e3o Internacional de Com\u00e9rcio de Emiss\u00f5es (IETA)<\/li>\n<\/ul>\n<p>14h50 \u2013 Casos de Sucesso: Pr\u00e1ticas de Sucesso de Biog\u00e1s e Biometano pelo mundo<\/p>\n<ul>\n<li>Bruno Pascon, S\u00f3cio do Centro Brasileiro de Infraestrutura (CBIE)<\/li>\n<li>Herlon Goelzer de Almeida, Engenheiro Agr\u00f4nomo de Energias Renov\u00e1veis do Instituto de Desenvolvimento Rural (IDR Paran\u00e1)<\/li>\n<li>Renato Steffen, Diretor Financeiro e de Novos Neg\u00f3cios da Albioma<\/li>\n<li>Christian Belt, L\u00edder de Engenharia do Grupo Regenera Energia<\/li>\n<\/ul>\n<p>15h30 \u2013 Encerramento<\/p>\n\n\n\n<p><\/p>\n","protected":false},"excerpt":{"rendered":"<p>O Governo de Goi\u00e1s, por meio da Subsecretaria de Energia, Telecomunica\u00e7\u00f5es e Cidades Inteligentes, vinculada \u00e0 Secretaria-Geral de Governo, convida lideran\u00e7as do setor energ\u00e9tico, representantes do setor produtivo, academia e sociedade civil para a Confer\u00eancia Brasileira de Bioenergia e Transi\u00e7\u00e3o Energ\u00e9tica, que ser\u00e1 realizada de 14 a 16 de outubro de 2025. O evento acontecer\u00e1 [&hellip;]<\/p>\n","protected":false},"author":245,"featured_media":96149,"parent":0,"menu_order":0,"comment_status":"closed","ping_status":"closed","template":"","meta":{"footnotes":"","_links_to":"","_links_to_target":""},"class_list":["post-96012","page","type-page","status-publish","has-post-thumbnail","hentry"],"rttpg_featured_image_url":{"full":["https:\/\/goias.gov.br\/governo\/wp-content\/uploads\/sites\/11\/2025\/08\/BANNER-SITE-CONFERENCIA.png",1200,350,false],"landscape":["https:\/\/goias.gov.br\/governo\/wp-content\/uploads\/sites\/11\/2025\/08\/BANNER-SITE-CONFERENCIA.png",1200,350,false],"portraits":["https:\/\/goias.gov.br\/governo\/wp-content\/uploads\/sites\/11\/2025\/08\/BANNER-SITE-CONFERENCIA.png",1200,350,false],"thumbnail":["https:\/\/goias.gov.br\/governo\/wp-content\/uploads\/sites\/11\/2025\/08\/BANNER-SITE-CONFERENCIA-150x150.png",150,150,true],"medium":["https:\/\/goias.gov.br\/governo\/wp-content\/uploads\/sites\/11\/2025\/08\/BANNER-SITE-CONFERENCIA-300x88.png",300,88,true],"large":["https:\/\/goias.gov.br\/governo\/wp-content\/uploads\/sites\/11\/2025\/08\/BANNER-SITE-CONFERENCIA-1024x299.png",1024,299,true],"1536x1536":["https:\/\/goias.gov.br\/governo\/wp-content\/uploads\/sites\/11\/2025\/08\/BANNER-SITE-CONFERENCIA.png",1200,350,false],"2048x2048":["https:\/\/goias.gov.br\/governo\/wp-content\/uploads\/sites\/11\/2025\/08\/BANNER-SITE-CONFERENCIA.png",1200,350,false]},"rttpg_author":{"display_name":"gabriellabeltrao","author_link":"https:\/\/goias.gov.br\/governo\/author\/gabriellabeltrao\/"},"rttpg_comment":0,"rttpg_category":null,"rttpg_excerpt":"O Governo de Goi\u00e1s, por meio da Subsecretaria de Energia, Telecomunica\u00e7\u00f5es e Cidades Inteligentes, vinculada \u00e0 Secretaria-Geral de Governo, convida lideran\u00e7as do setor energ\u00e9tico, representantes do setor produtivo, academia e sociedade civil para a Confer\u00eancia Brasileira de Bioenergia e Transi\u00e7\u00e3o Energ\u00e9tica, que ser\u00e1 realizada de 14 a 16 de outubro de 2025. O evento acontecer\u00e1&hellip;","_links":{"self":[{"href":"https:\/\/goias.gov.br\/governo\/wp-json\/wp\/v2\/pages\/96012","targetHints":{"allow":["GET"]}}],"collection":[{"href":"https:\/\/goias.gov.br\/governo\/wp-json\/wp\/v2\/pages"}],"about":[{"href":"https:\/\/goias.gov.br\/governo\/wp-json\/wp\/v2\/types\/page"}],"author":[{"embeddable":true,"href":"https:\/\/goias.gov.br\/governo\/wp-json\/wp\/v2\/users\/245"}],"replies":[{"embeddable":true,"href":"https:\/\/goias.gov.br\/governo\/wp-json\/wp\/v2\/comments?post=96012"}],"version-history":[{"count":2,"href":"https:\/\/goias.gov.br\/governo\/wp-json\/wp\/v2\/pages\/96012\/revisions"}],"predecessor-version":[{"id":108565,"href":"https:\/\/goias.gov.br\/governo\/wp-json\/wp\/v2\/pages\/96012\/revisions\/108565"}],"wp:featuredmedia":[{"embeddable":true,"href":"https:\/\/goias.gov.br\/governo\/wp-json\/wp\/v2\/media\/96149"}],"wp:attachment":[{"href":"https:\/\/goias.gov.br\/governo\/wp-json\/wp\/v2\/media?parent=96012"}],"curies":[{"name":"wp","href":"https:\/\/api.w.org\/{rel}","templated":true}]}}