

{"id":9466,"date":"2023-07-20T10:54:06","date_gmt":"2023-07-20T13:54:06","guid":{"rendered":"https:\/\/siteshom.goias.gov.br\/governo\/agenda-de-autoridades\/"},"modified":"2026-04-21T10:25:37","modified_gmt":"2026-04-21T13:25:37","slug":"agenda-de-autoridades","status":"publish","type":"page","link":"https:\/\/goias.gov.br\/governo\/agenda-de-autoridades\/","title":{"rendered":"Agenda de Autoridades"},"content":{"rendered":"<p><strong style='margin-block-end: -1.8rem'><a href='https:\/\/goias.gov.br\/governo\/governador\/'>Governador<\/a><\/strong><br \/>DANIEL ELIAS CARVALHO VILELA<\/p>\n<p><strong style='margin-block-end: -1.8rem'><a href='https:\/\/goias.gov.br\/governo\/chefe-de-gabinete-particular-do-governador\/'>Chefe de Gabinete Particular do Governador<\/a><\/strong><br \/>ALEX GODINHO MARTINS<\/p>\n<p><strong style='margin-block-end: -1.8rem'><a href='https:\/\/goias.gov.br\/governo\/diretor-executivo-estrategico-da-governadoria\/'>Diretor-Executivo Estrat\u00e9gico da Governadoria<\/a><\/strong><br \/>CASSIO OLIVEIRA BARCELOS<\/p>\n<p><strong style='margin-block-end: -1.8rem'><a href='https:\/\/goias.gov.br\/governo\/assessora-da-agenda-executiva-do-governador\/'>Assessora da Agenda Executiva do Governador<\/a><\/strong><br \/>RAFAELA AVELAR DE QUEIROZ<\/p>\n<p><strong style='margin-block-end: -1.8rem'><a href='https:\/\/goias.gov.br\/governo\/secretario-geral-de-governo\/'>Secret\u00e1rio-Geral de Governo<\/a><\/strong><br \/>GEAN CARLO CARVALHO<\/p>\n<p><strong style='margin-block-end: -1.8rem'><a href='https:\/\/goias.gov.br\/governo\/chefe-de-gabinete-da-secretaria-geral-de-governo\/'>Chefe de Gabinete da Secretaria-Geral de Governo<\/a><\/strong><br \/>EDIR LOPES DE OLIVEIRA JUNIOR<\/p>\n<p><strong style='margin-block-end: -1.8rem'><a href='https:\/\/goias.gov.br\/governo\/chefe-da-comunicacao-setorial\/'>Chefe da Comunica\u00e7\u00e3o Setorial<\/a><\/strong><br \/>FAGNER RIBEIRO PINHO<\/p>\n<p><strong style='margin-block-end: -1.8rem'><a href='https:\/\/goias.gov.br\/governo\/chefe-da-procuradoria-setorial\/'>Chefe da Procuradoria Setorial<\/a><\/strong><br \/>DANIEL GARCIA DE OLIVEIRA<\/p>\n<p><strong style='margin-block-end: -1.8rem'><a href='https:\/\/goias.gov.br\/governo\/chefe-de-gabinete-de-assuntos-internacionais\/'>Chefe de Gabinete de Assuntos Internacionais<\/a><\/strong><br \/>GIORDANO SARVIO CAVALCANTE DE SOUZA<\/p>\n<p><strong style='margin-block-end: -1.8rem'><a href='https:\/\/goias.gov.br\/governo\/assessora-especial-de-gestao-institucional\/'>Assessora Especial de Gest\u00e3o Institucional<\/a><\/strong><br \/>DENYSE MENDONCA PORTO<\/p>\n<p><strong style='margin-block-end: -1.8rem'><a href='https:\/\/goias.gov.br\/governo\/assessor-especial-estrategico-da-governadoria-01\/'>Assessor Especial Estrat\u00e9gico da Governadoria (01)<\/a><\/strong><br \/>ABRAHAO HAMU NETO<\/p>\n<p><strong style='margin-block-end: -1.8rem'><a href='https:\/\/goias.gov.br\/governo\/assessor-especial-estrategico-da-governadoria-02\/'>Assessor Especial Estrat\u00e9gico da Governadoria (02)<\/a><\/strong><br \/>ALEXANDRE SILVA DE MAGALHAES<\/p>\n<p><strong style='margin-block-end: -1.8rem'><a href='https:\/\/goias.gov.br\/governo\/assessor-especial-estrategico-da-governadoria-03\/'>Assessor Especial Estrat\u00e9gico da Governadoria (03)<\/a><\/strong><br \/>ANTONIO LEAL AIDAR<\/p>\n<p><strong style='margin-block-end: -1.8rem'><a href='https:\/\/goias.gov.br\/governo\/assessor-especial-estrategico-da-governadoria-04\/'>Assessor Especial Estrat\u00e9gico da Governadoria (04)<\/a><\/strong><br \/>BRENNER TEIXEIRA DE OLIVEIRA<\/p>\n<p><strong style='margin-block-end: -1.8rem'><a href='https:\/\/goias.gov.br\/governo\/assessor-especial-estrategico-da-governadoria-05\/'>Assessor Especial Estrat\u00e9gico da Governadoria (05)<\/a><\/strong><br \/>CLAUDIO MARQUES CHAVEIRO<\/p>\n<p><strong style='margin-block-end: -1.8rem'><a href='https:\/\/goias.gov.br\/governo\/assessor-especial-estrategico-da-governadoria-06\/'>Assessor Especial Estrat\u00e9gico da Governadoria (06)<\/a><\/strong><br \/>CLEITON BENTO EVANGELISTA<\/p>\n<p><strong style='margin-block-end: -1.8rem'><a href='https:\/\/goias.gov.br\/governo\/assessor-especial-estrategico-da-governadoria-08\/'>Assessor Especial Estrat\u00e9gico da Governadoria (08)<\/a><\/strong><br \/>DANILO MELO MENDANHA<\/p>\n<p><strong style='margin-block-end: -1.8rem'><a href='https:\/\/goias.gov.br\/governo\/assessora-especial-estrategica-da-governadoria-09\/'>Assessora Especial Estrat\u00e9gica da Governadoria (09)<\/a><\/strong><br \/>EMILIANA DE AZAMBUJA MELO<\/p>\n<p><strong style='margin-block-end: -1.8rem'><a href='https:\/\/goias.gov.br\/governo\/assessora-especial-estrategica-da-governadoria-10\/'>Assessora Especial Estrat\u00e9gica da Governadoria (10)<\/a><\/strong><br \/>FABIANE BELO GONCALVES MARIANO<\/p>\n<p><strong style='margin-block-end: -1.8rem'><a href='https:\/\/goias.gov.br\/governo\/assessor-especial-estrategico-da-governadoria-12\/'>Assessor Especial Estrat\u00e9gico da Governadoria (12)<\/a><\/strong><br \/>HAROLDO NAVES SOARES<\/p>\n<p><strong style='margin-block-end: -1.8rem'><a href='https:\/\/goias.gov.br\/governo\/assessor-especial-estrategico-da-governadoria-13\/'>Assessor Especial Estrat\u00e9gico da Governadoria (13)<\/a><\/strong><br \/>JEAN CARLO DOS SANTOS<\/p>\n<p><strong style='margin-block-end: -1.8rem'><a href='https:\/\/goias.gov.br\/governo\/assessor-especial-estrategico-da-governadoria-15\/'>Assessor Especial Estrat\u00e9gico da Governadoria (15)<\/a><\/strong><br \/>JOSE DE SOUSA CUNHA<\/p>\n<p><strong style='margin-block-end: -1.8rem'><a href='https:\/\/goias.gov.br\/governo\/assessora-especial-estrategica-da-governadoria-16\/'>Assessora Especial Estrat\u00e9gica da Governadoria (16)<\/a><\/strong><br \/>LUCIANA CORREIA DA SILVA FERREIRA CABRAL<\/p>\n<p><strong style='margin-block-end: -1.8rem'><a href='https:\/\/goias.gov.br\/governo\/assessor-especial-estrategico-da-governadoria-17\/'>Assessor Especial Estrat\u00e9gico da Governadoria (17)<\/a><\/strong><br \/>LUIS CARLOS DA SILVA RATES<\/p>\n<p>LUIZ GUSTAVO ROSA SAMPAIO<\/p>\n<p><strong style='margin-block-end: -1.8rem'><a href='https:\/\/goias.gov.br\/governo\/assessor-especial-estrategico-da-governadoria-18\/'>Assessor Especial Estrat\u00e9gico da Governadoria (18)<\/a><\/strong><br \/>MARCIO COSSERMELLI BITTENCOURT<\/p>\n<p><strong style='margin-block-end: -1.8rem'><a href='https:\/\/goias.gov.br\/governo\/assessora-especial-estrategica-da-governadoria-19\/'>Assessora Especial Estrat\u00e9gica da Governadoria (19)<\/a><\/strong><br \/>MARIANA SILVA MARTINS GIDR\u00c3O MIRANDA<\/p>\n<p><strong style='margin-block-end: -1.8rem'><a href='https:\/\/goias.gov.br\/governo\/assessora-especial-estrategica-da-governadoria-20\/'>Assessora Especial Estrat\u00e9gica da Governadoria (20)<\/a><\/strong><br \/>MEIRY ROSA DE OLIVEIRA<\/p>\n<p><strong style='margin-block-end: -1.8rem'><a href='https:\/\/goias.gov.br\/governo\/assessor-especial-estrategico-da-governadoria-21\/'>Assessor Especial Estrat\u00e9gico da Governadoria (21)<\/a><\/strong><br \/>NEY NOGUEIRA<\/p>\n<p><strong style='margin-block-end: -1.8rem'><a href='https:\/\/goias.gov.br\/governo\/assessor-especial-estrategico-da-governadoria-22\/'>Assessor Especial Estrat\u00e9gico da Governadoria (22)<\/a><\/strong><br \/>RAFAEL ANGELO DO VALLE RAHIF<\/p>\n<p><strong style='margin-block-end: -1.8rem'><a href='https:\/\/goias.gov.br\/governo\/assessor-especial-estrategico-da-governadoria-23\/'>Assessor Especial Estrat\u00e9gico da Governadoria (23)<\/a><\/strong><br \/>ROGERIO CARLOS TRONCOSO CHAVES<\/p>\n<p><strong style='margin-block-end: -1.8rem'><a href='https:\/\/goias.gov.br\/governo\/assessor-especial-estrategico-da-governadoria-24\/'>Assessor Especial Estrat\u00e9gico da Governadoria (24)<\/a><\/strong><br \/>WAGNER EDUARDO CARDOSO<\/p>\n<p><strong style='margin-block-end: -1.8rem'><a href='https:\/\/goias.gov.br\/governo\/assessor-executivo-da-governadoria-01\/'>Assessor Executivo da Governadoria (01)<\/a><\/strong><br \/>FERNANDO FREITAS SILVA<\/p>\n<p><strong style='margin-block-end: -1.8rem'><a href='https:\/\/goias.gov.br\/governo\/assessor-tecnico-01\/'>Assessor T\u00e9cnico (01)<\/a><\/strong><br \/>ALEXANDRE CESAR BATISTA FREIRE<\/p>\n<p><strong style='margin-block-end: -1.8rem'><a href='https:\/\/goias.gov.br\/governo\/assessor-tecnico-02\/'>Assessor T\u00e9cnico (02)<\/a><\/strong><br \/>LIVIA DE VELASCO<\/p>\n<p><strong style='margin-block-end: -1.8rem'><a href='https:\/\/goias.gov.br\/governo\/assessor-tecnico-03\/'>Assessor T\u00e9cnico (03)<\/a><\/strong><br \/>ANDR\u00c9IA MARIA RODRIGUES<\/p>\n<p><strong style='margin-block-end: -1.8rem'><a href='https:\/\/goias.gov.br\/governo\/assessor-tecnico-04\/'>Assessor T\u00e9cnico (04)<\/a><\/strong><br \/>LUCYANNA MARCELLA MELO DE OLIVEIRA<\/p>\n<p><strong style='margin-block-end: -1.8rem'><a href='https:\/\/goias.gov.br\/governo\/assessor-tecnico-05\/'>Assessor T\u00e9cnico (05)<\/a><\/strong><br \/>NARA ABADIA SILVA DIAS GUIOTTI<\/p>\n<p><strong style='margin-block-end: -1.8rem'><a href='https:\/\/goias.gov.br\/governo\/assessor-de-articulacao-estrategica\/'>Assessor de Articula\u00e7\u00e3o Estrat\u00e9gica<\/a><\/strong><br \/>CLAUDIO BIZARRO TINOCO<\/p>\n<p><strong style='margin-block-end: -1.8rem'><a href='https:\/\/goias.gov.br\/governo\/superintendente-de-relacoes-publicas-e-cerimonial\/'>Superintendente de Rela\u00e7\u00f5es P\u00fablicas e Cerimonial<\/a><\/strong><br \/>FRANCISCO DE MOURA JUNIOR<\/p>\n<p><strong style='margin-block-end: -1.8rem'><a href='https:\/\/goias.gov.br\/governo\/superintendente-de-tecnologia-da-informacao\/'>Superintendente de Tecnologia da Informa\u00e7\u00e3o<\/a><\/strong><br \/>MILTON ANTONIO ANANIAS JUNIOR<\/p>\n<p><strong style='margin-block-end: -1.8rem'><a href='https:\/\/goias.gov.br\/governo\/superintendente-de-gestao-integrada\/'>Superintendente de Gest\u00e3o Integrada<\/a><\/strong><br \/>LUCIANO DA COSTA BANDEIRA<\/p>\n<p><strong style='margin-block-end: -1.8rem'><a href='https:\/\/goias.gov.br\/governo\/secretario-adjunto-de-governo\/'>Secret\u00e1rio-Adjunto de Governo<\/a><\/strong><br \/>ALESSANDRO MELO DA SILVA<\/p>\n<p><strong style='margin-block-end: -1.8rem'><a href='https:\/\/goias.gov.br\/governo\/assessora-tecnica-estrategica\/'>Assessora T\u00e9cnica Estrat\u00e9gica<\/a><\/strong><br \/>MARCELA ARAUJO TEIXEIRA<\/p>\n<p><strong style='margin-block-end: -1.8rem'><a href='https:\/\/goias.gov.br\/governo\/assessor-especial-de-assuntos-economicos\/'>Assessor Especial de Assuntos Econ\u00f4micos<\/a><\/strong><br \/>JO\u00c3O BORGES QUEIROZ JUNIOR<\/p>\n<p><strong style='margin-block-end: -1.8rem'><a href='https:\/\/goias.gov.br\/governo\/assessora-tecnica-especial\/'>Assessora T\u00e9cnica Especial<\/a><\/strong><br \/>MARIA LUCIA CORREIA SOARES<\/p>\n<p><strong style='margin-block-end: -1.8rem'><a href='https:\/\/goias.gov.br\/governo\/chefe-do-escritorio-de-projetos-setorial\/'>Chefe do Escrit\u00f3rio de Projetos Setorial<\/a><\/strong><br \/>ISABELLA GONZAGA GUIMARAES SILVA<\/p>\n<p><strong style='margin-block-end: -1.8rem'><a href='https:\/\/goias.gov.br\/governo\/assessor-tecnico-operacional\/'>Assessor T\u00e9cnico Operacional<\/a><\/strong><br \/>ROGERIO FIUME PINHEIRO PIRES<\/p>\n<p><strong style='margin-block-end: -1.8rem'><a href='https:\/\/goias.gov.br\/governo\/superintendente-de-prioridades-governamentais\/'>Superintendente de Prioridades Governamentais<\/a><\/strong><br \/>U\u00c9RICA AGAPITO PEREIRA<\/p>\n<p><strong style='margin-block-end: -1.8rem'><a href='https:\/\/goias.gov.br\/governo\/subsecretario-de-politicas-para-cidades-e-transporte\/'>Subsecret\u00e1rio de Pol\u00edticas para Cidades e Transporte<\/a><\/strong><br \/>MIGUEL ANGELO PRICINOTE<\/p>\n<p><strong style='margin-block-end: -1.8rem'><a href='https:\/\/goias.gov.br\/governo\/superintendente-de-politicas-para-transportes-e-mobilidade\/'>Superintendente de Pol\u00edticas para Transportes e Mobilidade<\/a><\/strong><br \/>CASSIANO DE BRITO ROCHA<\/p>\n<p><strong style='margin-block-end: -1.8rem'><a href='https:\/\/goias.gov.br\/governo\/subsecretario-de-energia-telecomunicacoes-e-cidades-inteligentes\/'>Subsecret\u00e1rio de Energia, Telecomunica\u00e7\u00f5es e Cidades Inteligentes<\/a><\/strong><br \/>RENATO RODRIGUES DE LYRA<\/p>\n<p><strong style='margin-block-end: -1.8rem'><a href='https:\/\/goias.gov.br\/governo\/superintendente-de-energia\/'>Superintendente de Energia<\/a><\/strong><br \/>C\u00c1SSIO PEREIRA VIEIRA<\/p>\n<p><strong style='margin-block-end: -1.8rem'><a href='https:\/\/goias.gov.br\/governo\/superintendente-de-telecomunicacoes-e-cidades-inteligentes\/'>Superintendente de Telecomunica\u00e7\u00f5es e Cidades Inteligentes<\/a><\/strong><br \/>SERGIO RICARDO SIMON NERY<\/p>\n<p><strong style='margin-block-end: -1.8rem'><a href='https:\/\/goias.gov.br\/governo\/superintendente-de-central-de-captacao-de-recursos\/'>Superintendente de Central de Capta\u00e7\u00e3o de Recursos<\/a><\/strong><br \/>RENATA BATISTA LOZANO<\/p>\n<p><strong style='margin-block-end: -1.8rem'><a href='https:\/\/goias.gov.br\/governo\/superintendente-dos-escritorios-de-projetos\/'>Superintendente dos Escrit\u00f3rios de Projetos<\/a><\/strong><br \/>FABIANA DORNELLES DOS SANTOS SOUZA<\/p>\n<p><strong style='margin-block-end: -1.8rem'><a href='https:\/\/goias.gov.br\/governo\/superintendente-de-inovacao-e-monitoramento-de-projetos\/'>Superintendente de Inova\u00e7\u00e3o e Monitoramento de Projetos<\/a><\/strong><br \/>LEONARDO TEIXEIRA QUEIROZ<\/p>\n<p><strong style='margin-block-end: -1.8rem'><a href='https:\/\/goias.gov.br\/governo\/subsecretario-de-tecnologia-da-informacao\/'>Subsecret\u00e1rio de Tecnologia da Informa\u00e7\u00e3o<\/a><\/strong><br \/>MARCIO CESAR PEREIRA<\/p>\n<p><strong style='margin-block-end: -1.8rem'><a href='https:\/\/goias.gov.br\/governo\/superintendente-de-sistemas-e-inovacao\/'>Superintendente de Sistemas e Inova\u00e7\u00e3o<\/a><\/strong><br \/>GUSTAVO VIEIRA TOMAS<\/p>\n<p><strong style='margin-block-end: -1.8rem'><a href='https:\/\/goias.gov.br\/governo\/superintendente-de-operacoes-e-servicos-de-tecnologia-da-informacao\/'>Superintendente de Opera\u00e7\u00f5es e Servi\u00e7os de Tecnologia da Informa\u00e7\u00e3o<\/a><\/strong><br \/>BRUNO CAIADO PARANHOS CARNEIRO<\/p>\n<p><strong style='margin-block-end: -1.8rem'><a href='https:\/\/goias.gov.br\/governo\/superintendente-de-administracao-de-dados-e-inteligencia-analitica\/'>Superintendente de Administra\u00e7\u00e3o de Dados e Intelig\u00eancia Anal\u00edtica<\/a><\/strong><br \/>ALAOR JOSE DA SILVA JUNIOR<\/p>\n<p><strong style='margin-block-end: -1.8rem'><a href='https:\/\/goias.gov.br\/governo\/superintendente-de-governanca-e-contratacoes-de-tic\/'>Superintendente de Governan\u00e7a e Contrata\u00e7\u00f5es de TIC<\/a><\/strong><br \/>BREYNER JACKSON REZENDE MONTEIRO<\/p>\n<p><strong style='margin-block-end: -1.8rem'><a href='https:\/\/goias.gov.br\/governo\/assessora-tecnica\/'>Assessora T\u00e9cnica<\/a><\/strong><br \/>FERNANDA PINTO RODRIGUES<\/p>\n<p><strong style='margin-block-end: -1.8rem'><a href='https:\/\/goias.gov.br\/governo\/diretor-executivo-do-imb\/'>Diretor-Executivo do IMB<\/a><\/strong><br \/>ERIK ALENCAR DE FIGUEIREDO<\/p>\n<p><strong style='margin-block-end: -1.8rem'><a href='https:\/\/goias.gov.br\/governo\/assessor-executivo-do-imb\/'>Assessor-Executivo do IMB<\/a><\/strong><br \/>EV\u00c2NIO MARQUES DE SOUZA J\u00daNIOR<\/p>\n<p><strong style='margin-block-end: -1.8rem'><a href='https:\/\/goias.gov.br\/governo\/assessor-especial-do-imb\/'>Assessor Especial do IMB<\/a><\/strong><br \/>ALEXANDRE RODRIGUES LOURES<\/p>\n<p><strong style='margin-block-end: -1.8rem'><a href='https:\/\/goias.gov.br\/governo\/superintendente-de-inteligencia-de-dados-e-geotecnologias\/'>Superintendente de Intelig\u00eancia de Dados e Geotecnologias<\/a><\/strong><br \/>RUBENS VILLAR SIQUEIRA<\/p>\n<p><strong style='margin-block-end: -1.8rem'><a href='https:\/\/goias.gov.br\/governo\/superintendente-de-estudos-e-avaliacao\/'>Superintendente de Estudos e Avalia\u00e7\u00e3o<\/a><\/strong><br \/>PAULO DOMINGOS DA SILVA MATOS<\/p>\n<p><strong style='margin-block-end: -1.8rem'><a href='https:\/\/goias.gov.br\/governo\/superintendente-de-estudos-e-projecoes-macroeconomicas\/'>Superintendente de Estudos e Proje\u00e7\u00f5es Macroecon\u00f4micas<\/a><\/strong><br \/>SAVIO LUAN DA COSTA OLIVEIRA<\/p>\n","protected":false},"excerpt":{"rendered":"<p>GovernadorDANIEL ELIAS CARVALHO VILELA Chefe de Gabinete Particular do GovernadorALEX GODINHO MARTINS Diretor-Executivo Estrat\u00e9gico da GovernadoriaCASSIO OLIVEIRA BARCELOS Assessora da Agenda Executiva do GovernadorRAFAELA AVELAR DE QUEIROZ Secret\u00e1rio-Geral de GovernoGEAN CARLO CARVALHO Chefe de Gabinete da Secretaria-Geral de GovernoEDIR LOPES DE OLIVEIRA JUNIOR Chefe da Comunica\u00e7\u00e3o SetorialFAGNER RIBEIRO PINHO Chefe da Procuradoria SetorialDANIEL GARCIA DE [&hellip;]<\/p>\n","protected":false},"author":2,"featured_media":0,"parent":0,"menu_order":0,"comment_status":"closed","ping_status":"closed","template":"","meta":{"footnotes":"","_links_to":"","_links_to_target":""},"class_list":["post-9466","page","type-page","status-publish","hentry"],"rttpg_featured_image_url":null,"rttpg_author":{"display_name":"rogerioduarte","author_link":"https:\/\/goias.gov.br\/governo\/author\/rogerioduarte\/"},"rttpg_comment":0,"rttpg_category":null,"rttpg_excerpt":"GovernadorDANIEL ELIAS CARVALHO VILELA Chefe de Gabinete Particular do GovernadorALEX GODINHO MARTINS Diretor-Executivo Estrat\u00e9gico da GovernadoriaCASSIO OLIVEIRA BARCELOS Assessora da Agenda Executiva do GovernadorRAFAELA AVELAR DE QUEIROZ Secret\u00e1rio-Geral de GovernoGEAN CARLO CARVALHO Chefe de Gabinete da Secretaria-Geral de GovernoEDIR LOPES DE OLIVEIRA JUNIOR Chefe da Comunica\u00e7\u00e3o SetorialFAGNER RIBEIRO PINHO Chefe da Procuradoria SetorialDANIEL GARCIA DE&hellip;","_links":{"self":[{"href":"https:\/\/goias.gov.br\/governo\/wp-json\/wp\/v2\/pages\/9466","targetHints":{"allow":["GET"]}}],"collection":[{"href":"https:\/\/goias.gov.br\/governo\/wp-json\/wp\/v2\/pages"}],"about":[{"href":"https:\/\/goias.gov.br\/governo\/wp-json\/wp\/v2\/types\/page"}],"author":[{"embeddable":true,"href":"https:\/\/goias.gov.br\/governo\/wp-json\/wp\/v2\/users\/2"}],"replies":[{"embeddable":true,"href":"https:\/\/goias.gov.br\/governo\/wp-json\/wp\/v2\/comments?post=9466"}],"version-history":[{"count":2,"href":"https:\/\/goias.gov.br\/governo\/wp-json\/wp\/v2\/pages\/9466\/revisions"}],"predecessor-version":[{"id":154374,"href":"https:\/\/goias.gov.br\/governo\/wp-json\/wp\/v2\/pages\/9466\/revisions\/154374"}],"wp:attachment":[{"href":"https:\/\/goias.gov.br\/governo\/wp-json\/wp\/v2\/media?parent=9466"}],"curies":[{"name":"wp","href":"https:\/\/api.w.org\/{rel}","templated":true}]}}