

{"id":94651,"date":"2025-07-24T09:27:49","date_gmt":"2025-07-24T12:27:49","guid":{"rendered":"https:\/\/goias.gov.br\/governo\/?page_id=94651"},"modified":"2026-01-20T14:57:15","modified_gmt":"2026-01-20T17:57:15","slug":"edital-n-02-2025-sgg","status":"publish","type":"page","link":"https:\/\/goias.gov.br\/governo\/editais\/edital-n-02-2025-sgg\/","title":{"rendered":"Edital n\u00ba 02\/2025-SGG \u2013 Chamamento P\u00fablico para Credenciamento"},"content":{"rendered":"\n<p>Edital de chamamento para credenciamento de Empresas de Servi\u00e7os de Conserva\u00e7\u00e3o de Energia (ESCOs) e empresas de engenharia qualificadas, em regime de contrato de risco integrado com concession\u00e1rias de energia el\u00e9trica e o Minist\u00e9rio de Minas e Energia via Empresa Brasileira de Participa\u00e7\u00f5es em Energia Nuclear e Binacional S.A. (ENBPar).<\/p>\n\n\n\n<h4><span style=\"color: #008000;\">Cronograma<\/span><\/h4>\n<ul>\n<li><strong>Publica\u00e7\u00e3o:<\/strong> 24\/07\/2025<\/li>\n<li><strong>Recebimento de propostas:<\/strong> permanente. Empresas podem se credenciar a qualquer momento<\/li>\n<li><strong>Credenciamento e Convoca\u00e7\u00f5es:<\/strong> divulgados periodicamente, conforme homologa\u00e7\u00f5es e reclassifica\u00e7\u00f5es<\/li>\n<\/ul>\n<h4><span style=\"color: #008000;\">Convoca\u00e7\u00f5es<\/span><\/h4>\n<ul>\n<li><a href=\"https:\/\/goias.gov.br\/governo\/wp-content\/uploads\/sites\/11\/2025\/10\/Convocacao-no-5_2025-SGG_SGG_GEE-21171.pdf\" target=\"_blank\" rel=\"noopener\">Convoca\u00e7\u00e3o n\u00ba 5\/2025 &#8211; SGG\/SGG\/GEE-21171<\/a><\/li>\n<li><a href=\"https:\/\/goias.gov.br\/governo\/wp-content\/uploads\/sites\/11\/2025\/10\/SEI-202518037003161-4a-convocacao.pdf\">Convoca\u00e7\u00e3o n\u00ba 4\/2025 &#8211; SGG\/SGG\/GEE-21171<\/a><\/li>\n<li><a href=\"https:\/\/goias.gov.br\/governo\/wp-content\/uploads\/sites\/11\/2025\/10\/3a-convocacao-ESCOs.pdf\">Convoca\u00e7\u00e3o n\u00ba 3\/2025 &#8211; SGG\/SGG\/GEE-21171<\/a><\/li>\n<li><a href=\"https:\/\/goias.gov.br\/governo\/wp-content\/uploads\/sites\/11\/2025\/09\/SEI-202518037003161_Convocacao-2.pdf\" target=\"_blank\" rel=\"noopener\">Convoca\u00e7\u00e3o n\u00ba 2\/2025 &#8211; SGG\/SGG\/GEE-21171<\/a><\/li>\n<li><a href=\"https:\/\/goias.gov.br\/governo\/wp-content\/uploads\/sites\/11\/2025\/09\/SEI-202518037003161_Convocacao-1.pdf\" target=\"_blank\" rel=\"noopener\">Convoca\u00e7\u00e3o n\u00ba 1\/2025 &#8211; SGG\/SGG\/GEE-21171<\/a><\/li>\n<\/ul>\n<h4><span style=\"color: #008000;\">Classifica\u00e7\u00f5es<\/span><\/h4>\n<ul>\n<li><a href=\"https:\/\/goias.gov.br\/governo\/wp-content\/uploads\/sites\/11\/2025\/10\/1aLista-Classificacao.pdf\" target=\"_blank\" rel=\"noopener\">1\u00aa Lista de Classifica\u00e7\u00e3o das Empresas Credenciadas<\/a><\/li>\n<\/ul>\n<h4><span style=\"color: #008000;\">Credenciamentos<\/span><\/h4>\n<ul>\n<li style=\"list-style-type: none;\">\n<ul>\n<li><a href=\"https:\/\/goias.gov.br\/governo\/wp-content\/uploads\/sites\/11\/2025\/10\/2o-Resultado-Final-do-Edital-02-2025-SGG.pdf\" target=\"_blank\" rel=\"noopener\">2\u00ba Resultado Final do Edital n\u00ba 02\/2025-SGG<\/a><\/li>\n<li><a href=\"https:\/\/goias.gov.br\/governo\/wp-content\/uploads\/sites\/11\/2025\/09\/1o-Resultado-final-do-Edital-02-2025-SGG.pdf\" target=\"_blank\" rel=\"noopener\">1\u00ba Resultado Final do Edital n\u00ba 02\/2025-SGG<\/a><\/li>\n<li><a href=\"https:\/\/goias.gov.br\/governo\/wp-content\/uploads\/sites\/11\/2025\/09\/Resultado-Preliminar_SEI-202518037003161.pdf\" target=\"_blank\" rel=\"noopener\">Resultado Preliminar do Edital n\u00ba 02\/2025-SGG<\/a><\/li>\n<\/ul>\n<\/li>\n<\/ul>\n\n\n\n<h4><span style=\"color: #008000\">Documentos<\/span><\/h4>\n\n\n\n<ul>\n<li><a href=\"https:\/\/goias.gov.br\/governo\/wp-content\/uploads\/sites\/11\/2025\/09\/Aviso-de-2a-Retificacao-do-Edital-79003045.pdf\" target=\"_blank\" rel=\"noopener\">Aviso de 2\u00aa retifica\u00e7\u00e3o do Edital<\/a><\/li>\n<li><a href=\"https:\/\/goias.gov.br\/governo\/wp-content\/uploads\/sites\/11\/2025\/09\/Despacho-104-Solicitacao-2a-Retificacao-TR-ESCOS-78947530.pdf\" target=\"_blank\" rel=\"noopener\">Despacho n\u00ba 104\/2025\/SGG\/GEE-21171 (2\u00aa retifica\u00e7\u00e3o ao TR e Edital)<\/a><\/li>\n<li><a href=\"https:\/\/goias.gov.br\/governo\/wp-content\/uploads\/sites\/11\/2025\/09\/SEI-202518037003161_Edital-2a-retificacao.pdf\" target=\"_blank\" rel=\"noopener\">Edital n\u00ba 02\/2025-SGG \u2013 Chamamento P\u00fablico para Credenciamento (<span data-olk-copy-source=\"MessageBody\">Retificado &#8211; 2\u00aa altera\u00e7\u00e3o<\/span>)<\/a><\/li>\n<li><a href=\"https:\/\/goias.gov.br\/governo\/wp-content\/uploads\/sites\/11\/2025\/09\/Termo-de-Referencia-Credenciamento-ESCOs-Retificado-2a-alteracao-78947821.pdf\" target=\"_blank\" rel=\"noopener\">Termo de Refer\u00eancia (Retificado \u2013 2\u00aa altera\u00e7\u00e3o)<\/a><\/li>\n<li><a href=\"https:\/\/goias.gov.br\/governo\/wp-content\/uploads\/sites\/11\/2025\/07\/Anexo-I-do-TR-\u2013-Modelo-de-requerimento-de-credenciamento-e-declaracao-para-habilitacao.pdf\" target=\"_blank\" rel=\"noopener\">Anexo I do TR \u2013 Modelo de requerimento de credenciamento e declara\u00e7\u00e3o para habilita\u00e7\u00e3o<\/a><\/li>\n<li><a href=\"https:\/\/goias.gov.br\/governo\/wp-content\/uploads\/sites\/11\/2025\/07\/Anexo-II-do-TR-\u2013-Relacao-dos-Orgaos-publicos-Participantes-do-Credenciamento.pdf\" target=\"_blank\" rel=\"noopener\">Anexo II do TR \u2013 Rela\u00e7\u00e3o dos \u00d3rg\u00e3os p\u00fablicos Participantes do Credenciamento<\/a><\/li>\n<li><a href=\"https:\/\/goias.gov.br\/governo\/wp-content\/uploads\/sites\/11\/2025\/07\/Anexo-III-\u2013-Modelo-de-Declaracao-de-Visita-Tecnica.pdf\" target=\"_blank\" rel=\"noopener\">Anexo III \u2013 Modelo de Declara\u00e7\u00e3o de Visita T\u00e9cnica<\/a><\/li>\n<li><a href=\"https:\/\/goias.gov.br\/governo\/wp-content\/uploads\/sites\/11\/2025\/07\/Anexo-IV-do-TR-\u2013-Modelo-de-termo-de-compromisso-CPP-Edital-Equatorial-Goias.pdf\" target=\"_blank\" rel=\"noopener\">Anexo IV do TR \u2013 Modelo de termo de compromisso (CPP Edital Equatorial Goi\u00e1s)<\/a><\/li>\n<li><a href=\"https:\/\/goias.gov.br\/governo\/wp-content\/uploads\/sites\/11\/2025\/07\/Anexo-V-do-TR-\u2013-Modelo-de-termo-de-compromisso-\u2013-MV-CPP-Edital-Equatorial-Goias.pdf\" target=\"_blank\" rel=\"noopener\">Anexo V do TR \u2013 Modelo de termo de compromisso \u2013 M&amp;V (CPP Edital Equatorial Goi\u00e1s)<\/a><\/li>\n<li><a href=\"https:\/\/goias.gov.br\/governo\/wp-content\/uploads\/sites\/11\/2025\/07\/Anexo-VI-do-TR-\u2013-Modelo-de-termo-de-cooperacao-tecnica-com-interveniente.pdf\" target=\"_blank\" rel=\"noopener\">Anexo VI do TR \u2013 Modelo de termo de coopera\u00e7\u00e3o t\u00e9cnica com interveniente (CPP Edital Procel &#8220;Energia Zero em Pr\u00e9dios P\u00fablicos\u201d)<\/a><\/li>\n<li><a href=\"https:\/\/goias.gov.br\/governo\/wp-content\/uploads\/sites\/11\/2025\/07\/Anexo-VII-do-TR-\u2013-Modelos-de-declaracoes.pdf\" target=\"_blank\" rel=\"noopener\">Anexo VII do TR \u2013 Modelos de declara\u00e7\u00f5es (CPP Edital Procel &#8220;Energia Zero em Pr\u00e9dios P\u00fablicos\u201d)<\/a><\/li>\n<li><a href=\"https:\/\/goias.gov.br\/governo\/wp-content\/uploads\/sites\/11\/2025\/07\/Anexo-VIII-do-TR-\u2013-Carta-de-apresentacao-da-proposta-tecnica.pdf\" target=\"_blank\" rel=\"noopener\">Anexo VIII do TR \u2013 Carta de apresenta\u00e7\u00e3o da proposta t\u00e9cnica (CPP Edital Procel &#8220;Energia Zero em Pr\u00e9dios P\u00fablicos\u201d)<\/a><\/li>\n<li><a href=\"https:\/\/goias.gov.br\/governo\/wp-content\/uploads\/sites\/11\/2025\/09\/anexoIX_SEI-202518037003161.pdf\" target=\"_blank\" rel=\"noopener\">Anexo IX do TR \u2013 Checklist de Documenta\u00e7\u00e3o de Habilita\u00e7\u00e3o<\/a><\/li>\n<\/ul>\n<h4><span style=\"color: #008000;\">Pedidos de Esclarecimentos<\/span><\/h4>\n<ul>\n<li><a href=\"https:\/\/goias.gov.br\/governo\/wp-content\/uploads\/sites\/11\/2025\/09\/Pedido-de-Esclarecimento-e-Resposta-no-05.pdf\" target=\"_blank\" rel=\"noopener\">Pedido de Esclarecimento e Resposta n\u00ba 05<\/a><\/li>\n<li><a href=\"https:\/\/goias.gov.br\/governo\/wp-content\/uploads\/sites\/11\/2025\/08\/Resposta-pedido-de-Esclarecimento-no-04.pdf\" target=\"_blank\" rel=\"noopener\">Resposta de Esclarecimento n\u00ba 04<\/a><\/li>\n<li><a href=\"https:\/\/goias.gov.br\/governo\/wp-content\/uploads\/sites\/11\/2025\/08\/Pedido-de-Esclarecimento-no-04.pdf\" target=\"_blank\" rel=\"noopener\">Pedido de Esclarecimento n\u00ba 04<\/a><\/li>\n<li><a href=\"https:\/\/goias.gov.br\/governo\/wp-content\/uploads\/sites\/11\/2025\/08\/Resposta-de-Esclarecimento-no-03.pdf\" target=\"_blank\" rel=\"noopener\">Resposta de Esclarecimento n\u00ba 03<\/a><\/li>\n<li><a href=\"https:\/\/goias.gov.br\/governo\/wp-content\/uploads\/sites\/11\/2025\/08\/Pedido-de-Esclarecimento-no-03.pdf\" target=\"_blank\" rel=\"noopener\">Pedido de Esclarecimento n\u00ba 03<\/a><\/li>\n<li><a href=\"https:\/\/goias.gov.br\/governo\/wp-content\/uploads\/sites\/11\/2025\/08\/Resposta-de-Esclarecimento-no-02.pdf\" target=\"_blank\" rel=\"noopener\">Resposta de Esclarecimento n\u00ba 02<\/a><\/li>\n<li><a href=\"https:\/\/goias.gov.br\/governo\/wp-content\/uploads\/sites\/11\/2025\/08\/Pedido-de-Esclarecimento-no-02-b.pdf\" target=\"_blank\" rel=\"noopener\">Pedido de Esclarecimento n\u00ba 02-b<\/a><\/li>\n<li><a href=\"https:\/\/goias.gov.br\/governo\/wp-content\/uploads\/sites\/11\/2025\/08\/Pedido-de-Esclarecimento-no-02-a.pdf\" target=\"_blank\" rel=\"noopener\">Pedido de Esclarecimento n\u00ba 02-a<\/a><\/li>\n<li><a href=\"https:\/\/goias.gov.br\/governo\/wp-content\/uploads\/sites\/11\/2025\/08\/Resposta-de-Esclarecimento-no-01.pdf\" target=\"_blank\" rel=\"noopener\">Resposta de Esclarecimento n\u00ba 01<\/a><\/li>\n<li><a href=\"https:\/\/goias.gov.br\/governo\/wp-content\/uploads\/sites\/11\/2025\/08\/Pedido-de-Esclarecimento-no-01.pdf\" target=\"_blank\" rel=\"noopener\">Pedido de Esclarecimento n\u00ba 01<\/a><\/li>\n<\/ul>\n<h4><span style=\"color: #008000;\">Documentos Anteriores<\/span><\/h4>\n<ul>\n<li><a href=\"https:\/\/goias.gov.br\/governo\/wp-content\/uploads\/sites\/11\/2025\/08\/Aviso-de-Alteracao-do-Edital-e-TR.pdf\" target=\"_blank\" rel=\"noopener\">Aviso de Altera\u00e7\u00e3o do Edital e TR<\/a><\/li>\n<li><a href=\"https:\/\/goias.gov.br\/governo\/wp-content\/uploads\/sites\/11\/2025\/08\/Edital-Retificado-1a-alteracao.pdf\" target=\"_blank\" rel=\"noopener\">Edital n\u00ba 02\/2025-SGG \u2013 Chamamento P\u00fablico para Credenciamento (<span data-olk-copy-source=\"MessageBody\">Retificado<\/span>)<\/a><\/li>\n<li><a href=\"https:\/\/goias.gov.br\/governo\/wp-content\/uploads\/sites\/11\/2025\/08\/Termo-de-Referencia-Retificado-1a-Alteracao.pdf\" target=\"_blank\" rel=\"noopener\">Termo de Refer\u00eancia (Retificado)<\/a><\/li>\n<li><a href=\"https:\/\/goias.gov.br\/governo\/wp-content\/uploads\/sites\/11\/2025\/07\/aviso-de-chamamento-publico-no-02-2025-SGG.pdf\" target=\"_blank\" rel=\"noopener\">Aviso de Chamamento P\u00fablico 02\/2025-SGG<\/a><\/li>\n<li><a href=\"https:\/\/goias.gov.br\/governo\/wp-content\/uploads\/sites\/11\/2025\/07\/Edital-No-02-2025-SGG-CHAMAMENTO-PUBLICO-PARA-CREDENCIAMENTO.pdf\" target=\"_blank\" rel=\"noopener\">Edital n\u00ba 02\/2025-SGG \u2013 Chamamento P\u00fablico para Credenciamento<\/a><\/li>\n<li><a href=\"https:\/\/goias.gov.br\/governo\/wp-content\/uploads\/sites\/11\/2025\/07\/TERMO-DE-REFERENCIA-chamamento-no-02-2025.pdf\" target=\"_blank\" rel=\"noopener\">Termo de Refer\u00eancia (TR)<\/a><\/li>\n<\/ul>\n\n\n\n<h4><span style=\"color: #008000;\">Impactos do credenciamento de ESCOs<\/span><\/h4>\n<p>Este edital integra o <a href=\"https:\/\/goias.gov.br\/governo\/energia\/programa-de-eficiencia-energetica\/\">Programa de Efici\u00eancia Energ\u00e9tica<\/a> e tem como finalidade o credenciamento de Empresas de Servi\u00e7os de Conserva\u00e7\u00e3o de Energia (ESCOs), respons\u00e1veis pela estrutura\u00e7\u00e3o t\u00e9cnica de projetos voltados \u00e0 moderniza\u00e7\u00e3o de edifica\u00e7\u00f5es p\u00fablicas e \u00e0 redu\u00e7\u00e3o do consumo de energia el\u00e9trica.<\/p>\n<p data-start=\"873\" data-end=\"1044\">A atua\u00e7\u00e3o das empresas credenciadas viabiliza a participa\u00e7\u00e3o do Estado em programas de efici\u00eancia energ\u00e9tica e a capta\u00e7\u00e3o de recursos para a implementa\u00e7\u00e3o das iniciativas.<\/p>\n<p><strong>Conte\u00fado relacionado<\/strong><\/p>\n<ul>\n<li><a href=\"https:\/\/goias.gov.br\/governo\/sgg-capta-r-61-milhoes-para-modernizar-predios-publicos-e-reduzir-consumo-de-energia\/\">SGG capta R$ 6,1 milh\u00f5es para modernizar pr\u00e9dios p\u00fablicos e reduzir consumo de energia<\/a><\/li>\n<\/ul>\n<p>\u00a0<\/p>\n","protected":false},"excerpt":{"rendered":"<p>Edital de chamamento para credenciamento de Empresas de Servi\u00e7os de Conserva\u00e7\u00e3o de Energia (ESCOs) e empresas de engenharia qualificadas, em regime de contrato de risco integrado com concession\u00e1rias de energia el\u00e9trica e o Minist\u00e9rio de Minas e Energia via Empresa Brasileira de Participa\u00e7\u00f5es em Energia Nuclear e Binacional S.A. (ENBPar). Cronograma Publica\u00e7\u00e3o: 24\/07\/2025 Recebimento de [&hellip;]<\/p>\n","protected":false},"author":245,"featured_media":0,"parent":15718,"menu_order":0,"comment_status":"closed","ping_status":"closed","template":"","meta":{"footnotes":"","_links_to":"","_links_to_target":""},"class_list":["post-94651","page","type-page","status-publish","hentry"],"rttpg_featured_image_url":null,"rttpg_author":{"display_name":"gabriellabeltrao","author_link":"https:\/\/goias.gov.br\/governo\/author\/gabriellabeltrao\/"},"rttpg_comment":0,"rttpg_category":null,"rttpg_excerpt":"Edital de chamamento para credenciamento de Empresas de Servi\u00e7os de Conserva\u00e7\u00e3o de Energia (ESCOs) e empresas de engenharia qualificadas, em regime de contrato de risco integrado com concession\u00e1rias de energia el\u00e9trica e o Minist\u00e9rio de Minas e Energia via Empresa Brasileira de Participa\u00e7\u00f5es em Energia Nuclear e Binacional S.A. (ENBPar). Cronograma Publica\u00e7\u00e3o: 24\/07\/2025 Recebimento de&hellip;","_links":{"self":[{"href":"https:\/\/goias.gov.br\/governo\/wp-json\/wp\/v2\/pages\/94651","targetHints":{"allow":["GET"]}}],"collection":[{"href":"https:\/\/goias.gov.br\/governo\/wp-json\/wp\/v2\/pages"}],"about":[{"href":"https:\/\/goias.gov.br\/governo\/wp-json\/wp\/v2\/types\/page"}],"author":[{"embeddable":true,"href":"https:\/\/goias.gov.br\/governo\/wp-json\/wp\/v2\/users\/245"}],"replies":[{"embeddable":true,"href":"https:\/\/goias.gov.br\/governo\/wp-json\/wp\/v2\/comments?post=94651"}],"version-history":[{"count":2,"href":"https:\/\/goias.gov.br\/governo\/wp-json\/wp\/v2\/pages\/94651\/revisions"}],"predecessor-version":[{"id":122244,"href":"https:\/\/goias.gov.br\/governo\/wp-json\/wp\/v2\/pages\/94651\/revisions\/122244"}],"up":[{"embeddable":true,"href":"https:\/\/goias.gov.br\/governo\/wp-json\/wp\/v2\/pages\/15718"}],"wp:attachment":[{"href":"https:\/\/goias.gov.br\/governo\/wp-json\/wp\/v2\/media?parent=94651"}],"curies":[{"name":"wp","href":"https:\/\/api.w.org\/{rel}","templated":true}]}}