

{"id":9454,"date":"2023-07-11T18:05:32","date_gmt":"2023-07-11T21:05:32","guid":{"rendered":"https:\/\/siteshom.goias.gov.br\/governo\/?page_id=9454"},"modified":"2026-01-21T14:38:54","modified_gmt":"2026-01-21T17:38:54","slug":"gerador-de-assinatura","status":"publish","type":"page","link":"https:\/\/goias.gov.br\/governo\/gerador-de-assinatura\/","title":{"rendered":"Gerador de Assinatura"},"content":{"rendered":"\t\t<div data-elementor-type=\"wp-page\" data-elementor-id=\"9454\" class=\"elementor elementor-9454\">\n\t\t\t\t<div class=\"elementor-element elementor-element-4291e87 e-flex e-con-boxed e-con e-parent\" data-id=\"4291e87\" data-element_type=\"container\" data-e-type=\"container\">\n\t\t\t\t\t<div class=\"e-con-inner\">\n\t\t\t\t<div class=\"elementor-element elementor-element-e9546ed elementor-widget elementor-widget-html\" data-id=\"e9546ed\" data-element_type=\"widget\" data-e-type=\"widget\" data-widget_type=\"html.default\">\n\t\t\t\t<div class=\"elementor-widget-container\">\n\t\t\t\t\t<!DOCTYPE html>\r\n<html lang=\"en\">\r\n<head>\r\n    <meta charset=\"UTF-8\">\r\n    <meta name=\"viewport\" content=\"width=device-width, initial-scale=1.0\">\r\n    <script src=\"https:\/\/code.jquery.com\/jquery-3.7.0.js\" integrity=\"sha256-JlqSTELeR4TLqP0OG9dxM7yDPqX1ox\/HfgiSLBj8+kM=\" crossorigin=\"anonymous\"><\/script>\r\n    <title>Document<\/title>\r\n\r\n    <style type=\"text\/css\">\r\n        #signature table td {\r\n            border: none;\r\n            padding: 0;\r\n        }\r\n    \r\n        #signature table img {\r\n            padding: 0;\r\n        }\r\n    \r\n        #aplicacao-signature .nav-tabs {\r\n            border-bottom: 3px solid #f6f6f6;\r\n        }\r\n    \r\n        #aplicacao-signature ul.nav-tabs {\r\n            margin-bottom: 0;\r\n        }\r\n    \r\n        #aplicacao-signature div.tab-pane {\r\n            background-color: #f6f6f6;\r\n            padding: 0px 20px;\r\n            border-bottom: 1px solid #ddd;\r\n            border-right: 1px solid #ddd;\r\n            border-left: 1px solid #ddd;\r\n            border-radius: 0 0 4px 4px;\r\n        }\r\n    \r\n        .contrast #aplicacao-signature div.tab-pane,\r\n        .contrast #aplicacao-signature li.active a {\r\n            background: #fff;\r\n        }\r\n    \r\n        #aplicacao-signature .tab-pane li {\r\n            padding-bottom: 10px;\r\n        }\r\n    \r\n        #aplicacao-signature li.active a {\r\n            background: #f6f6f6;\r\n        }\r\n    <\/style>\r\n<\/head>\r\n<body>\r\n    <div class=\"row\">\r\n        <div class=\"span12\">\r\n            <fieldset style=\"margin-top:40px;\">\r\n                <legend>Insira seus dados corporativos e utilize a assinatura gerada ao final do seu e-mail institucional\r\n                <\/legend>\r\n            <\/fieldset>\r\n        <\/div>\r\n    <\/div>\r\n    <div class=\"row\" style=\"display: flex;\">\r\n        <div class=\"span4 size-40\">\r\n            <form id=\"form-signature\"><label for=\"nome\">Nome:<\/label> <br><input class=\"span12\" id=\"nome\"\r\n                    placeholder=\"Nome completo\" type=\"text\" \/><br> <label for=\"cargo\">Cargo ou Fun&ccedil;&atilde;o:<\/label><br>\r\n                <input class=\"span12\" id=\"cargo\" type=\"text\" \/><br> <label for=\"lotacao\">Lota&ccedil;&atilde;o:<\/label><br> <input\r\n                    class=\"span12\" id=\"lotacao\" placeholder=\"Departamento ou Ger\u00eancia\" type=\"text\" \/> <br><label\r\n                    for=\"estrutura\">Estrutura B&aacute;sica:<\/label><br> <input class=\"span12\" id=\"estrutura\"\r\n                    placeholder=\"Superintend\u00eancia ou Diretoria\" type=\"text\" \/> <br><label\r\n                    for=\"orgao\">&Oacute;rg&atilde;o:<\/label> <select class=\"span12\" id=\"orgao\">\r\n                    <option selected=\"selected\" value=\"Selecione\">Selecione<\/option>\r\n                    <option value=\"abc\">ABC - Ag\u00eancia Brasil Central<\/option>\r\n<option value=\"agehab\">Agehab - Ag\u00eancia Goiana de Habita\u00e7\u00e3o<\/option>\r\n<option value=\"agr\">AGR - Ag\u00eancia de Regula\u00e7\u00e3o, Controle e Fiscaliza\u00e7\u00e3o de Servi\u00e7os P\u00fablicos<\/option>\r\n<option value=\"agrodefesa\">AGRODEFESA - Ag\u00eancia Goiana de Defesa Agropecu\u00e1ria<\/option>\r\n<option value=\"bombeiros\">BOMBEIROS - Corpo de Bombeiros<\/option>\r\n<option value=\"secc\">CASA CIVIL - Secretaria de Casa Civil<\/option>\r\n<option value=\"ceasa\">CEASA - Centrais de Abastecimento de Goi\u00e1s S\/A<\/option>\r\n<option value=\"cge\">CGE - Controladoria-Geral do Estado<\/option>\r\n<option value=\"codego\">CODEGO - Companhia de Desenvolvimento Econ\u00f4mico de Goi\u00e1s<\/option>\r\n<option value=\"detran\">DETRAN - Departamento Estadual de Tr\u00e2nsito<\/option>\r\n<option value=\"dgap\">DGAP - Diretoria-Geral de Administra\u00e7\u00e3o Penitenci\u00e1ria<\/option>\r\n<option value=\"seecon\">ECONOMIA - Secretaria da Economia<\/option>\r\n<option value=\"emater\">EMATER - Ag\u00eancia Goiana de Assist\u00eancia T\u00e9cnica, Extens\u00e3o Rural e Pesquisa Agropecu\u00e1ria<\/option>\r\n<option value=\"fapeg\">FAPEG - Funda\u00e7\u00e3o de Amparo \u00e0 Pesquisa<\/option>\r\n<option value=\"gabineteps\">GPS - Gabinete de Pol\u00edticas Sociais<\/option>\r\n<option value=\"goiasgas\">Goi\u00e1s G\u00e1s<\/option>\r\n<option value=\"goiasprev\">GOIASPREV - Goi\u00e1s Previd\u00eancia<\/option>\r\n<option value=\"goiasturismo\">Goi\u00e1s Turismo<\/option>\r\n<option value=\"ipasgo\">IPASGO - Instituto de Assist\u00eancia dos Servidores P\u00fablicos do Estado de Goi\u00e1s<\/option>\r\n<option value=\"juceg\">JUCEG - Junta Comercial de Goi\u00e1s<\/option>\r\n<option value=\"metrobuss\">Metrobus<\/option>\r\n<option value=\"pc\">PC - Pol\u00edcia Civil<\/option>\r\n<option value=\"pge\">PGE - Procuradoria-Geral do Estado<\/option>\r\n<option value=\"pm\">PM - Pol\u00edcia Militar<\/option>\r\n<option value=\"previcom\">PREVICON - Funda\u00e7\u00e3o de Previ\u00eancia Complementar do Brasil Central<\/option>\r\n<option value=\"retomada\">RETOMADA - Secretaria de Estado da Retomada<\/option>\r\n<option value=\"goinfra\">SEINFRA - Secretaria de Estado de Infra Estrutura<\/option>\r\n<option value=\"sead\">SEAD - Secretaria da Administra\u00e7\u00e3o<\/option>\r\n<option value=\"seapa\">SEAPA - Secretaria de Agricultura, Pecu\u00e1ria e Abastecimento<\/option>\r\n<option value=\"secm\">SECAMI - Secretaria de Casa Militar<\/option>\r\n<option value=\"secom\">SECOM - Secretaria de Comunica\u00e7\u00e3o<\/option>\r\n<option value=\"secult\">SECULT - Secretaria de Cultura<\/option>\r\n<option value=\"sedi\">SECTI - Secretaria de Ci\u00eancia, Tecnologia e Inova\u00e7\u00e3o<\/option>\r\n<option value=\"entorno\">SEDF - Secretaria de Estado do Entorno do Distrito Federal<\/option>\r\n<option value=\"seds\">SEDS - Secretaria de Desenvolvimento Social<\/option>\r\n<option value=\"seduc\">SEDUC - Secretaria da Educa\u00e7\u00e3o<\/option>\r\n<option value=\"seel\">SEEL - Secretaria de Esporte e Lazer<\/option>\r\n<option value=\"semad\">SEMAD - Secretaria de Meio Ambiente e Desenvolvimento Sustent\u00e1vel<\/option>\r\n<option value=\"segov\">SERINT - Secretaria Estadual de Rela\u00e7\u00f5es Institucionais<\/option>\r\n<option value=\"ses\">SES -Secretaria da Sa\u00fade<\/option>\r\n<option value=\"sgg\">SGG - Secretaria-Geral de Governo<\/option>\r\n<option value=\"sic\">SIC - Secretaria de Ind\u00fastria, Com\u00e9rcio e Servi\u00e7os<\/option>\r\n<option value=\"ssp\">SSP - Secretaria da Seguran\u00e7a P\u00fablica<\/option>\r\n<option value=\"ueg\">UEG - Universidade Estadual de Goi\u00e1s<\/option>\r\n<option value=\"vice\">Vice-Governadoria<\/option>\r\n                <\/select> <br><label for=\"email\">E-mail:<\/label> <br><input class=\"span12\" id=\"email\"\r\n                    placeholder=\"seuemail@goias.gov.br\" type=\"email\" \/><br> <label for=\"fone\">Telefone:<\/label><br> <input\r\n                    class=\"span12\" id=\"fone\" placeholder=\"(62) 0000-0000 \/ (62) 0000-0000\" type=\"text\" \/>\r\n                <p style=\"text-align: right; margin-top: 15px\"><button class=\"btn btn-success\" id=\"generate\"\r\n                        type=\"button\">Gerar Assinatura<\/button><\/p>\r\n            <\/form>\r\n        <\/div>\r\n    \r\n        <div class=\"span8 size-60\">\r\n            <div class=\"well\" id=\"signature\" style=\"display:table; background: #fff; padding: 20px; width: 100%;\">\r\n                <div class=\"text\" style=\"vertical-align: middle; display:table-cell; height: 480px;\"><span\r\n                        style=\"font-size: 10px;\">exemplo:<\/span>\r\n    \r\n                    <table\r\n                        style=\"font-size: 13.5px; font-family: Calibri, sans-serif; border: none; border-collapse: collapse;\">\r\n                        <tbody>\r\n                            <tr>\r\n                                <td style=\"vertical-align: middle; padding-right: 15px; \"><img decoding=\"async\" alt=\"\"\r\n                                        src=\"\" \/><\/td>\r\n                                <td style=\"vertical-align: middle; min-width: 320px;\"><strong\r\n                                        style=\"font-size: 14.5px;\">NOME COMPLETO<\/strong><br \/>\r\n                                    Cargo ou fun&ccedil;&atilde;o<br \/>\r\n                                    Ger&ecirc;ncia ou departamento<br \/>\r\n                                    Superintend&ecirc;ncia ou diretoria<br \/>\r\n                                    seuemail@goias.gov.br<br \/>\r\n                                    (62) 1234-1234<\/td>\r\n                            <\/tr>\r\n                        <\/tbody>\r\n                    <\/table>\r\n                <\/div>\r\n    \r\n                <div style=\"text-align: right; display: table-row;\"><button class=\"btn btn-primary btn-copy\">Copiar\r\n                        Assinatura<\/button><\/div>\r\n            <\/div>\r\n        <\/div>\r\n    <\/div>\r\n\r\n    <script type=\"text\/javascript\">\r\n        jQuery(function($){\r\n            function copyText (data) {\r\n                var copied = false;\r\n                \r\n                var clipboard = $('<div contenteditable=\"true\"\">' + data + '<\/div>');\r\n                clipboard.css({position : 'absolute', left : '-99999px'});\r\n                \r\n                $('#signature').append(clipboard);\r\n                clipboard.focus();\r\n                try {\r\n                    document.execCommand('selectAll');\r\n                    document.execCommand('copy');\r\n                    copied = true;\r\n                } catch(err) {\r\n                    copied = false;\r\n                }\r\n    \r\n                clipboard.remove();\t\t\r\n                return copied;\r\n            }\r\n    \r\n            function template(name, email, phone, role, leading, direction, agency) {\r\n                var template = '<table style=\"font-size: 13.5px; font-family: Calibri, sans-serif; border: none; border-collapse: collapse;\">';\r\n                template+= '<tr>';\r\n                if (agency) {\r\n                    template+= '<td style=\"vertical-align: middle; padding-right: 15px; \">';\r\n                    template+= '<img decoding=\"async\" alt=\"\" src=\"\/wp-content\/uploads\/sites\/11\/signature\/' + agency + '-21.png\" \/>';\r\n                    template+= '<\/td>';\r\n                }\r\n                template+= '<td style=\"vertical-align: middle; padding-right: 15px;\">';\r\n                if (name) {\r\n                    template+= '<strong style=\"font-size: 14.5px;\">' + name.toUpperCase() + '<\/strong><br \/>';\r\n                }\r\n                if (role) {\r\n                    template+= role + '<br \/>';\r\n                }\r\n                if (leading) {\r\n                    template+= leading + '<br \/>';\r\n                }\r\n                if (direction) {\r\n                    template+= direction + '<br \/>';\r\n                }\r\n                if (email) {\r\n                    template+= email + '<br \/>';\r\n                }\r\n                if (phone) {\r\n                    template+= phone;\r\n                }\r\n                template+= '<\/td>';\r\n                \r\n                \/\/Gif Adicionando neste <td>\r\n                template+= '<td style=\"vertical-align: middle; padding-right: 15px; \"><img decoding=\"async\" alt=\"sing_gif\" src=\"\/wp-content\/uploads\/sites\/11\/signature\/gif-assinatura.gif\" \/><\/td>';\r\n\r\n                template+= '<\/tr>';\r\n                template+= '<\/table>';\r\n                return template;\r\n            }\r\n            \r\n            $('#generate').click(function(){\r\n                console.log('ok');\r\n                $('#signature .text').html(template($('#nome').val(), $('#email').val(), $('#fone').val(), $('#cargo').val(), $('#lotacao').val(), $('#estrutura').val(), $('#orgao').val()));\r\n                $('#signature .btn-copy').html('Copiar Assinatura').removeAttr('disabled');\r\n            });\r\n    \r\n    \r\n            $('#signature .btn-copy').click(function(e){\r\n                if ( copyText( $('#signature .text').html()) ) {\r\n                    $('#signature .btn-copy').html('<i class=\"icon-ok icon-white\"><\/i> Assinatura Copiada').attr('disabled', 'disabled');\r\n                }\r\n            });\r\n        });\r\n    <\/script>\r\n<\/body>\r\n<\/html>\r\n\r\n\t\t\t\t<\/div>\n\t\t\t\t<\/div>\n\t\t\t\t\t<\/div>\n\t\t\t\t<\/div>\n\t\t<div class=\"elementor-element elementor-element-d9e0706 e-flex e-con-boxed e-con e-parent\" data-id=\"d9e0706\" data-element_type=\"container\" data-e-type=\"container\">\n\t\t\t\t\t<div class=\"e-con-inner\">\n\t\t\t\t<div class=\"elementor-element elementor-element-afd2ece e-n-tabs-mobile elementor-widget elementor-widget-n-tabs\" data-id=\"afd2ece\" data-element_type=\"widget\" data-e-type=\"widget\" data-settings=\"{&quot;tabs_justify_horizontal&quot;:&quot;start&quot;,&quot;horizontal_scroll&quot;:&quot;disable&quot;}\" data-widget_type=\"nested-tabs.default\">\n\t\t\t\t<div class=\"elementor-widget-container\">\n\t\t\t\t\t\t\t<div class=\"e-n-tabs\" data-widget-number=\"184364750\" aria-label=\"Abas. Abra itens com &quot;Enter&quot; ou &quot;Espa\u00e7o&quot;, feche com &quot;Escape&quot; e navegue usando as teclas de &quot;Seta&quot;.\">\n\t\t\t<div class=\"e-n-tabs-heading\" role=\"tablist\">\n\t\t\t\t\t<button id=\"e-n-tab-title-1843647501\" data-tab-title-id=\"e-n-tab-title-1843647501\" class=\"e-n-tab-title\" aria-selected=\"true\" data-tab-index=\"1\" role=\"tab\" tabindex=\"0\" aria-controls=\"e-n-tab-content-1843647501\" style=\"--n-tabs-title-order: 1;\">\n\t\t\t\t\t\t<span class=\"e-n-tab-title-text\">\n\t\t\t\tExchange \/ Office 365\t\t\t<\/span>\n\t\t<\/button>\n\t\t\t\t<button id=\"e-n-tab-title-1843647502\" data-tab-title-id=\"e-n-tab-title-1843647502\" class=\"e-n-tab-title\" aria-selected=\"false\" data-tab-index=\"2\" role=\"tab\" tabindex=\"-1\" aria-controls=\"e-n-tab-content-1843647502\" style=\"--n-tabs-title-order: 2;\">\n\t\t\t\t\t\t<span class=\"e-n-tab-title-text\">\n\t\t\t\tZimbra\t\t\t<\/span>\n\t\t<\/button>\n\t\t\t\t\t<\/div>\n\t\t\t<div class=\"e-n-tabs-content\">\n\t\t\t\t<div id=\"e-n-tab-content-1843647501\" role=\"tabpanel\" aria-labelledby=\"e-n-tab-title-1843647501\" data-tab-index=\"1\" style=\"--n-tabs-title-order: 1;\" class=\"e-active elementor-element elementor-element-b95b0f9 e-con-full e-flex e-con e-child\" data-id=\"b95b0f9\" data-element_type=\"container\" data-e-type=\"container\">\n\t\t\t\t<div class=\"elementor-element elementor-element-7f25e4d elementor-widget elementor-widget-text-editor\" data-id=\"7f25e4d\" data-element_type=\"widget\" data-e-type=\"widget\" data-widget_type=\"text-editor.default\">\n\t\t\t\t<div class=\"elementor-widget-container\">\n\t\t\t\t\t\t\t\t\t<ol><li>Preencha o formul\u00e1rio e clique no Bot\u00e3o &#8220;Gerar Assinatura&#8221;.<\/li><li>Clique no bot\u00e3o &#8220;Copiar Assinatura&#8221;.<\/li><li>Acesse seu email pelo\u00a0<a href=\"https:\/\/mail.goias.gov.br\/\" target=\"_blank\" rel=\"noopener\">mail.goias.gov.br<\/a>, clique na engrenagem no canto superior direito (menu de Configura\u00e7\u00f5es), em seguida em &#8220;Op\u00e7\u00f5es&#8221;.<br \/><img decoding=\"async\" src=\"https:\/\/goias.gov.br\/governo\/wp-content\/uploads\/sites\/11\/2023\/09\/assinatura.png\" alt=\"Lista de Itens do menu aberto pela \u00ednico de engrenagem do e-mail\" \/><\/li><li>Clique no item no menu lateral &#8220;Assinatura de email&#8221;<\/li><li>Cole (Ctrl+V) no campo &#8220;Assinatura de email&#8221;<br \/><em>Para que sua assinatura seja inserida em todo e-mail enviado \u00e9 importante marcar a op\u00e7\u00e3o &#8220;Incluir automaticamente minha assinatura em mensagens que eu enviar&#8221;<\/em><\/li><li>Clique em &#8220;Salvar&#8221;.<\/li><\/ol>\t\t\t\t\t\t\t\t<\/div>\n\t\t\t\t<\/div>\n\t\t\t\t<\/div>\n\t\t<div id=\"e-n-tab-content-1843647502\" role=\"tabpanel\" aria-labelledby=\"e-n-tab-title-1843647502\" data-tab-index=\"2\" style=\"--n-tabs-title-order: 2;\" class=\" elementor-element elementor-element-6850cb5 e-con-full e-flex e-con e-child\" data-id=\"6850cb5\" data-element_type=\"container\" data-e-type=\"container\">\n\t\t\t\t<div class=\"elementor-element elementor-element-b86f395 elementor-widget elementor-widget-text-editor\" data-id=\"b86f395\" data-element_type=\"widget\" data-e-type=\"widget\" data-widget_type=\"text-editor.default\">\n\t\t\t\t<div class=\"elementor-widget-container\">\n\t\t\t\t\t\t\t\t\t<ol><li>Preencha o formul\u00e1rio e clique no Bot\u00e3o &#8220;Gerar Assinatura&#8221;.<\/li><li>Clique no bot\u00e3o &#8220;Copiar Assinatura&#8221;.<\/li><li>Acesse seu email Zimbra e selecione a op\u00e7\u00e3o &#8220;Prefer\u00eancias&#8221; e em seguida &#8220;Assinaturas&#8221;.<br \/><img decoding=\"async\" src=\"https:\/\/www.ti.go.gov.br\/images\/assinatura-zimbra.png\" alt=\"Tela de configura\u00e7\u00e3o de assinatura do e-mail zimbra.\" \/><\/li><li>Clique no bot\u00e3o &#8220;Nova assinatura&#8221; e d\u00ea um nome para ela.<\/li><li>Selecione a op\u00e7\u00e3o &#8220;Formatar como HTML&#8221;<\/li><li>Cole a assinatura (Ctrl+V) na \u00e1rea de texto.<br \/><em>Ainda na tela da Assinaturas na op\u00e7\u00e3o Uso de Assinaturas, ser\u00e1 necess\u00e1rio definir qual assinatura ser\u00e1 utilizada para Novas mensagens e Respostas e encaminhamentos.<\/em><\/li><li>Clique em &#8220;Salvar&#8221;.<\/li><\/ol>\t\t\t\t\t\t\t\t<\/div>\n\t\t\t\t<\/div>\n\t\t\t\t<\/div>\n\t\t\t\t\t<\/div>\n\t\t<\/div>\n\t\t\t\t\t\t<\/div>\n\t\t\t\t<\/div>\n\t\t\t\t\t<\/div>\n\t\t\t\t<\/div>\n\t\t\t\t<\/div>\n\t\t","protected":false},"excerpt":{"rendered":"<p>Document Insira seus dados corporativos e utilize a assinatura gerada ao final do seu e-mail institucional Nome: Cargo ou Fun&ccedil;&atilde;o: Lota&ccedil;&atilde;o: Estrutura B&aacute;sica: &Oacute;rg&atilde;o: SelecioneABC &#8211; Ag\u00eancia Brasil CentralAgehab &#8211; Ag\u00eancia Goiana de Habita\u00e7\u00e3oAGR &#8211; Ag\u00eancia de Regula\u00e7\u00e3o, Controle e Fiscaliza\u00e7\u00e3o de Servi\u00e7os P\u00fablicosAGRODEFESA &#8211; Ag\u00eancia Goiana de Defesa Agropecu\u00e1riaBOMBEIROS &#8211; Corpo de BombeirosCASA CIVIL [&hellip;]<\/p>\n","protected":false},"author":1,"featured_media":0,"parent":0,"menu_order":0,"comment_status":"closed","ping_status":"closed","template":"","meta":{"footnotes":"","_links_to":"","_links_to_target":""},"class_list":["post-9454","page","type-page","status-publish","hentry"],"rttpg_featured_image_url":null,"rttpg_author":{"display_name":"wagner.viana","author_link":"https:\/\/goias.gov.br\/governo\/author\/wagner-viana\/"},"rttpg_comment":0,"rttpg_category":null,"rttpg_excerpt":"Document Insira seus dados corporativos e utilize a assinatura gerada ao final do seu e-mail institucional Nome: Cargo ou Fun&ccedil;&atilde;o: Lota&ccedil;&atilde;o: Estrutura B&aacute;sica: &Oacute;rg&atilde;o: SelecioneABC &#8211; Ag\u00eancia Brasil CentralAgehab &#8211; Ag\u00eancia Goiana de Habita\u00e7\u00e3oAGR &#8211; Ag\u00eancia de Regula\u00e7\u00e3o, Controle e Fiscaliza\u00e7\u00e3o de Servi\u00e7os P\u00fablicosAGRODEFESA &#8211; Ag\u00eancia Goiana de Defesa Agropecu\u00e1riaBOMBEIROS &#8211; Corpo de BombeirosCASA CIVIL&hellip;","_links":{"self":[{"href":"https:\/\/goias.gov.br\/governo\/wp-json\/wp\/v2\/pages\/9454","targetHints":{"allow":["GET"]}}],"collection":[{"href":"https:\/\/goias.gov.br\/governo\/wp-json\/wp\/v2\/pages"}],"about":[{"href":"https:\/\/goias.gov.br\/governo\/wp-json\/wp\/v2\/types\/page"}],"author":[{"embeddable":true,"href":"https:\/\/goias.gov.br\/governo\/wp-json\/wp\/v2\/users\/1"}],"replies":[{"embeddable":true,"href":"https:\/\/goias.gov.br\/governo\/wp-json\/wp\/v2\/comments?post=9454"}],"version-history":[{"count":2,"href":"https:\/\/goias.gov.br\/governo\/wp-json\/wp\/v2\/pages\/9454\/revisions"}],"predecessor-version":[{"id":122722,"href":"https:\/\/goias.gov.br\/governo\/wp-json\/wp\/v2\/pages\/9454\/revisions\/122722"}],"wp:attachment":[{"href":"https:\/\/goias.gov.br\/governo\/wp-json\/wp\/v2\/media?parent=9454"}],"curies":[{"name":"wp","href":"https:\/\/api.w.org\/{rel}","templated":true}]}}