

{"id":9420,"date":"2023-07-06T17:11:30","date_gmt":"2023-07-06T20:11:30","guid":{"rendered":"https:\/\/siteshom.goias.gov.br\/governo\/?page_id=9420"},"modified":"2026-01-21T14:50:30","modified_gmt":"2026-01-21T17:50:30","slug":"institucional","status":"publish","type":"page","link":"https:\/\/goias.gov.br\/governo\/institucional\/","title":{"rendered":"Institucional"},"content":{"rendered":"\t\t<div data-elementor-type=\"wp-page\" data-elementor-id=\"9420\" class=\"elementor elementor-9420\">\n\t\t\t\t<div class=\"elementor-element elementor-element-20cb5d9 e-flex e-con-boxed e-con e-parent\" data-id=\"20cb5d9\" data-element_type=\"container\" data-e-type=\"container\">\n\t\t\t\t\t<div class=\"e-con-inner\">\n\t\t<div class=\"elementor-element elementor-element-1dacb45 e-con-full e-flex e-con e-child\" data-id=\"1dacb45\" data-element_type=\"container\" data-e-type=\"container\">\n\t\t\t\t<div class=\"elementor-element elementor-element-8d2f7d6 elementor-widget elementor-widget-shortcode\" data-id=\"8d2f7d6\" data-element_type=\"widget\" data-e-type=\"widget\" data-widget_type=\"shortcode.default\">\n\t\t\t\t<div class=\"elementor-widget-container\">\n\t\t\t\t\t\t\t<div class=\"elementor-shortcode\"><div data-post-id=\"6944\" class=\"insert-page insert-page-6944 \"><h1 class='insert-page-title'>Compet\u00eancias<\/h1><div id=\"texto\">\n<p>Segundo o estabelecido na\u00a0<a href=\"https:\/\/legisla.casacivil.go.gov.br\/pesquisa_legislacao\/106749\/lei-21792\">Lei n\u00ba 21.792, de 16 de fevereiro de 2023,<\/a> e seus incisos:<\/p>\n<h4 class=\"artigo\"><span style=\"color: #008000\">Art. 5\u00ba \u00c0 SGG competem:<\/span><\/h4>\n<p class=\"inciso\">I \u2013 o apoio direto ao Chefe do Poder Executivo estadual no desempenho de suas atribui\u00e7\u00f5es, especialmente o acompanhamento, a coordena\u00e7\u00e3o e a integra\u00e7\u00e3o das a\u00e7\u00f5es governamentais no \u00e2mbito dos \u00f3rg\u00e3os integrantes da Governadoria;<\/p>\n<p class=\"inciso\">II \u2013 a participa\u00e7\u00e3o na formula\u00e7\u00e3o, na execu\u00e7\u00e3o e na avalia\u00e7\u00e3o das diretrizes e das pol\u00edticas para negocia\u00e7\u00f5es internacionais, al\u00e9m do aux\u00edlio na articula\u00e7\u00e3o de a\u00e7\u00f5es dos \u00f3rg\u00e3os e das entidades do Poder Executivo estadual com entes governamentais e n\u00e3o governamentais internacionais, para a celebra\u00e7\u00e3o de acordos, memorandos e\/ou conv\u00eanios;<\/p>\n<p class=\"inciso\">III \u2013 a coordena\u00e7\u00e3o das a\u00e7\u00f5es de diplomacia federativa e assuntos consulares do Estado de Goi\u00e1s, bem como o atendimento a brasileiros e estrangeiros nos limites constitucionais do Estado;<\/p>\n<p class=\"inciso\">IV \u2013 o assessoramento ao Chefe do Poder Executivo estadual e a seus auxiliares designados na promo\u00e7\u00e3o das articula\u00e7\u00f5es intersetorial, transversal e interoperativa entre institui\u00e7\u00f5es governamentais, n\u00e3o governamentais, setor privado e entes federativos, nacionais e internacionais;<\/p>\n<p class=\"inciso\">V \u2013 o aux\u00edlio na articula\u00e7\u00e3o, no \u00e2mbito do Poder Executivo estadual, entre todas as pastas a ele vinculadas para a capta\u00e7\u00e3o de oportunidades e a celebra\u00e7\u00e3o de coopera\u00e7\u00f5es t\u00e9cnicas internacionais bilateral e multilateral;<\/p>\n<p class=\"inciso\">VI \u2013 o planejamento, a coordena\u00e7\u00e3o, a avalia\u00e7\u00e3o, a promo\u00e7\u00e3o e a elabora\u00e7\u00e3o de estudos socioecon\u00f4micos, pesquisas aplicadas, avalia\u00e7\u00f5es, tamb\u00e9m sistemas de monitoramento de pol\u00edticas p\u00fablicas e de proje\u00e7\u00f5es com suporte \u00e0s decis\u00f5es estrat\u00e9gicas, para ofertar subs\u00eddios \u00e0 formula\u00e7\u00e3o de pol\u00edticas estaduais de desenvolvimento com a an\u00e1lise dos cen\u00e1rios macroecon\u00f4micos e das conjunturas mundial, nacional e regional, bem como de suas implica\u00e7\u00f5es na economia local;<\/p>\n<p class=\"inciso\">VII \u2013 a elabora\u00e7\u00e3o, a proposi\u00e7\u00e3o e o acompanhamento da execu\u00e7\u00e3o das pol\u00edticas p\u00fablicas estaduais das cidades, do transporte de passageiros e da mobilidade urbana da Regi\u00e3o Metropolitana de Goi\u00e2nia e da Regi\u00e3o Metropolitana do Entorno do Distrito Federal, al\u00e9m dos terminais rodovi\u00e1rios, bem como a interlocu\u00e7\u00e3o entre as esferas federal, estadual e municipal sobre pol\u00edticas p\u00fablicas, inclusive o acompanhamento, o controle e a fiscaliza\u00e7\u00e3o da qualidade do transporte;<\/p>\n<p class=\"inciso\">VIII \u2013 a elabora\u00e7\u00e3o, a proposi\u00e7\u00e3o e o acompanhamento da execu\u00e7\u00e3o das pol\u00edticas p\u00fablicas estaduais de energia e telecomunica\u00e7\u00f5es no Estado, assim como a interlocu\u00e7\u00e3o entre as esferas federal, estadual e municipal sobre pol\u00edticas p\u00fablicas, inclusive o acompanhamento, o controle e a fiscaliza\u00e7\u00e3o da qualidade dos servi\u00e7os de energia e telecomunica\u00e7\u00f5es;<\/p>\n<p class=\"inciso\">IX \u2013 o planejamento e o monitoramento da implementa\u00e7\u00e3o e execu\u00e7\u00e3o de planos, projetos e atividades de capta\u00e7\u00e3o de recursos pelo Estado de Goi\u00e1s;<\/p>\n<p class=\"inciso\">X \u2013 a realiza\u00e7\u00e3o da governan\u00e7a das a\u00e7\u00f5es, dos projetos e dos programas priorit\u00e1rios do governo do Estado;<\/p>\n<p class=\"inciso\">XI \u2013 a implementa\u00e7\u00e3o, a capacita\u00e7\u00e3o, a sensibiliza\u00e7\u00e3o e a governan\u00e7a dos escrit\u00f3rios de projetos setoriais;<\/p>\n<p class=\"inciso\">XII \u2013 o monitoramento do portf\u00f3lio de projetos, obras e entregas governamentais do Estado;<\/p>\n<p class=\"inciso\">XIII \u2013 a promo\u00e7\u00e3o, a formula\u00e7\u00e3o e a gest\u00e3o da pol\u00edtica estadual de tecnologia da informa\u00e7\u00e3o;<\/p>\n<p class=\"inciso\">XIV \u2013 a promo\u00e7\u00e3o e a implementa\u00e7\u00e3o de pol\u00edticas p\u00fablicas estaduais de incentivo \u00e0 implanta\u00e7\u00e3o de cidades inteligentes no Estado; e<\/p>\n<p class=\"inciso\">XV \u2013 o apoio e o acompanhamento da gest\u00e3o do ensino superior mantido pelo Estado.<\/p>\n<h4 class=\"artigo\"><span style=\"color: #008000\">Art. 6\u00ba Integram a SGG, como \u00f3rg\u00e3os colegiados:<\/span><\/h4>\n<p class=\"inciso\">I \u2013 o Conselho Estadual de Educa\u00e7\u00e3o, vinculado diretamente ao Governador do Estado;<\/p>\n<p class=\"inciso\">II \u2013 o Conselho Estadual do Desenvolvimento Metropolitano de Goi\u00e2nia; e<\/p>\n<p class=\"inciso\">III \u2013 o Conselho de Desenvolvimento Metropolitano do Entorno do Distrito Federal \u2013 CODERME.<\/p>\n<h4 class=\"paragrafo\"><span style=\"color: #008000\">Confira o regulamento da SGG:<\/span><\/h4>\n<ul>\n<li><a href=\"https:\/\/legisla.casacivil.go.gov.br\/pesquisa_legislacao\/108173\/decreto-10355\">Regulamento \u2013 Decreto n\u00ba 10.355, de 5 de Dezembro de 2023<\/a><\/li>\n<\/ul>\n<\/div>\n<ul class='post-meta'>\n<li><span class='post-meta-key'>tpg-post-view-count:<\/span> 848<\/li>\n<li><span class='post-meta-key'>ao_post_optimize:<\/span> a:6:{s:16:\"ao_post_optimize\";s:2:\"on\";s:19:\"ao_post_js_optimize\";s:2:\"on\";s:20:\"ao_post_css_optimize\";s:2:\"on\";s:12:\"ao_post_ccss\";s:2:\"on\";s:16:\"ao_post_lazyload\";s:2:\"on\";s:15:\"ao_post_preload\";s:0:\"\";}<\/li>\n<li><span class='post-meta-key'>rank_math_internal_links_processed:<\/span> 1<\/li>\n<li><span class='post-meta-key'>rank_math_seo_score:<\/span> 12<\/li>\n<\/ul>\n<\/div><\/div>\n\t\t\t\t\t\t<\/div>\n\t\t\t\t<\/div>\n\t\t\t\t<div class=\"elementor-element elementor-element-9e56ce1 elementor-widget elementor-widget-shortcode\" data-id=\"9e56ce1\" data-element_type=\"widget\" data-e-type=\"widget\" data-widget_type=\"shortcode.default\">\n\t\t\t\t<div class=\"elementor-widget-container\">\n\t\t\t\t\t\t\t<div class=\"elementor-shortcode\"><div data-post-id=\"6932\" class=\"insert-page insert-page-6932 \"><h1 class='insert-page-title'>Endere\u00e7os, Telefones, E-mails e Hor\u00e1rios de Atendimento<\/h1><h4><span style=\"color: #008000;\">Secretaria-Geral de Governo | SGG<\/span><\/h4>\n<p><span style=\"color: #000000;\">Rua 82, n\u00ba 400 Ed. Pal\u00e1cio Pedro Ludovico Teixeira, 5\u00ba andar<\/span><br \/>\n<span style=\"color: #000000;\">Setor Central, Goi\u00e2nia\/GO &#8211; CEP: 74.015-908<\/span><br \/>\nE-mail: <a style=\"font-size: revert;\" href=\"mailto:sec.geral@governadoria.go.gov.br\">sec.geral@governadoria.go.gov.br<\/a><br \/>\n<span style=\"color: #000000;\">Telefone: <span style=\"font-size: revert;\"><span style=\"font-weight: 400;\">(62) 3270-8656<br \/>\n<\/span><\/span>Atendimento: 08h \u00e0s 12h e das 14h \u00e0s 18h<\/span><\/p>\n<h4><span style=\"color: #008000;\">Subsecretaria de Tecnologia da Informa\u00e7\u00e3o | STI<\/span><\/h4>\n<p><span style=\"color: #000000;\">Avenida Vereador Jos\u00e9 Monteiro, n\u00ba 2.233, Bloco G<\/span><br \/>\n<span style=\"color: #000000;\">Setor Nova Vila \u2013 Goi\u00e2nia\/GO \u2013 CEP: 74.653-900<\/span><br \/>\nE-mail: <a href=\"mailto:atendimento.sti@goias.gov.br\" target=\"_blank\" rel=\"noopener\">atendimento.sti@goias.gov.br<\/a><br \/>\nSAG: <a href=\"https:\/\/atendimento.sistemas.go.gov.br\/\">https:\/\/atendimento.sistemas.go.gov.br\/<\/a><br \/>\n<span style=\"color: #000000;\">Telefone: (62) 3296-4101 (Chamado)<span style=\"font-size: revert;\"><span style=\"font-weight: 400;\"><br \/>\n<\/span><\/span>Atendimento: 08h \u00e0s 12h e das 14h \u00e0s 18h<\/span><\/p>\n<h4><span style=\"color: #008000;\">Instituto Mauro Borges de Pesquisa e Pol\u00edtica Econ\u00f4mica | IMB<\/span><\/h4>\n<p><span style=\"color: #000000;\">Pra\u00e7a Dr. Pedro Ludovico Teixeira, n\u00ba 26, Antiga Chefatura de Pol\u00edcia<\/span><br \/>\n<span style=\"color: #000000;\">Setor Central, Goi\u00e2nia\/GO &#8211; CEP: 74003-010<\/span><br \/>\n<span style=\"color: #000000;\">E-mail:<\/span> <a href=\"mailto:imb@goias.gov.br\">imb@goias.gov.br<\/a><br \/>\n<span style=\"color: #000000;\">Telefone: <span style=\"font-size: revert;\"><span style=\"font-weight: 400;\">(62) 3270-8661<\/span><\/span><\/span><br \/>\n<span style=\"color: #000000;\">Atendimento: 08h \u00e0s 12h e das 14h \u00e0s 18h<\/span><span style=\"color: #333333;\"><span style=\"font-size: revert;\"><span style=\"font-weight: 400;\"><br \/>\n<\/span><\/span><\/span><\/p>\n<h4><span style=\"color: #008000;\">Conselho Estadual de Educa\u00e7\u00e3o | CEE<\/span><\/h4>\n<p><span style=\"color: #000000;\">Rua 3 esq. com a Rua 23, n\u00ba 63<\/span><br \/>\n<span style=\"color: #000000;\">Setor Central, Goi\u00e2nia\/GO &#8211; CEP: 74.015-120<\/span><br \/>\n<span style=\"color: #000000;\">E-mail:<\/span> <a style=\"font-size: revert;\" href=\"mailto:atendimento.cee@goias.gov.br\">atendimento.cee@goias.gov.br<\/a><br \/>\n<span style=\"color: #000000;\">Telefone: (62) 3270-8622 \/ (62) 3270-8627<\/span><br \/>\n<span style=\"color: #000000;\">Atendimento: 07h30 \u00e0s 17h<\/p>\n<p><\/span><strong>Comunica\u00e7\u00e3o Setorial<\/strong><br \/>\n<span style=\"color: #333333;\"><span style=\"font-size: revert;\"><span style=\"font-weight: 400;\"><span style=\"color: #000000;\">Telefone: (62) 3270-8624 \/ (62) 3270-8625 \/ (62) 3270-8655<\/span><br \/>\n<span style=\"color: #000000;\">E-mail Imprensa:<\/span> <a href=\"mailto:comunicacao.cee@goias.gov.br\">comunicacao.cee@goias.gov.br<\/a><\/span><\/span><\/span><\/p>\n<p><strong>Ouvidoria Setorial<\/strong><br \/>\n<span style=\"color: #333333;\"><span style=\"font-size: revert;\"><span style=\"font-weight: 400;\"><span style=\"color: #000000;\">Telefone: (62) 3270-8656<\/span><\/span><\/span><\/span><br \/>\nE-mail: <a href=\"mailto:ouvidoria.sgg@goias.gov.br\">ouvidoria.sgg@goias.gov.br<\/a><\/p>\n<ul class='post-meta'>\n<li><span class='post-meta-key'>tpg-post-view-count:<\/span> 1666<\/li>\n<li><span class='post-meta-key'>footnotes:<\/span> <\/li>\n<li><span class='post-meta-key'>ao_post_optimize:<\/span> a:6:{s:16:\"ao_post_optimize\";s:2:\"on\";s:19:\"ao_post_js_optimize\";s:2:\"on\";s:20:\"ao_post_css_optimize\";s:2:\"on\";s:12:\"ao_post_ccss\";s:2:\"on\";s:16:\"ao_post_lazyload\";s:2:\"on\";s:15:\"ao_post_preload\";s:0:\"\";}<\/li>\n<li><span class='post-meta-key'>rank_math_seo_score:<\/span> 12<\/li>\n<li><span class='post-meta-key'>rank_math_internal_links_processed:<\/span> 1<\/li>\n<li><span class='post-meta-key'>rank_math_primary_category:<\/span> 372<\/li>\n<\/ul>\n<\/div><\/div>\n\t\t\t\t\t\t<\/div>\n\t\t\t\t<\/div>\n\t\t\t\t<\/div>\n\t\t<div class=\"elementor-element elementor-element-e2ccdfe e-con-full e-flex e-con e-child\" data-id=\"e2ccdfe\" data-element_type=\"container\" data-e-type=\"container\">\n\t\t\t\t<div class=\"elementor-element elementor-element-0c0b7ce elementor-widget elementor-widget-shortcode\" data-id=\"0c0b7ce\" data-element_type=\"widget\" data-e-type=\"widget\" data-widget_type=\"shortcode.default\">\n\t\t\t\t<div class=\"elementor-widget-container\">\n\t\t\t\t\t\t\t<div class=\"elementor-shortcode\"><div data-post-id=\"6941\" class=\"insert-page insert-page-6941 \"><h1 class='insert-page-title'>Secret\u00e1rio<\/h1><p><img fetchpriority=\"high\" fetchpriority=\"high\" decoding=\"async\" class=\"alignnone wp-image-141713 size-full\" src=\"https:\/\/goias.gov.br\/governo\/wp-content\/uploads\/sites\/11\/2018\/07\/Gean-683x1024-1.jpg\" alt=\"\" width=\"683\" height=\"1024\" srcset=\"https:\/\/goias.gov.br\/governo\/wp-content\/uploads\/sites\/11\/2018\/07\/Gean-683x1024-1.jpg 683w, https:\/\/goias.gov.br\/governo\/wp-content\/uploads\/sites\/11\/2018\/07\/Gean-683x1024-1-200x300.jpg 200w\" sizes=\"(max-width: 683px) 100vw, 683px\" \/><\/p>\n<h3><strong><span style=\"color: #008000;\">Gean Carlo Carvalho<br \/>\n<\/span><\/strong><span style=\"font-weight: 400; color: #808080;\">Secret\u00e1rio-Geral de Governo<\/span><\/h3>\n<p>\u00c9 formado em Comunica\u00e7\u00e3o Social pela Universidade Federal de Goi\u00e1s (UFG), com especializa\u00e7\u00e3o em Pesquisa de Opini\u00e3o P\u00fablica pela (PUC Rio). Foi secret\u00e1rio de Comunica\u00e7\u00e3o Social de Goi\u00e1s entre 1995 e 1998, na administra\u00e7\u00e3o do ex-governador Maguito Vilela, cargo que ocupou novamente de fevereiro de 2022 at\u00e9 abril de 2026 na gest\u00e3o do ex-governador Ronaldo Caiado (PSD). Ocupa, hoje, a fun\u00e7\u00e3o de secret\u00e1rio-geral de Governo de Goi\u00e1s, na gest\u00e3o do governador Daniel Vilela (MDB).<\/p>\n<p style=\"text-align: justify;\">\n<ul class='post-meta'>\n<li><span class='post-meta-key'>tpg-post-view-count:<\/span> 1093<\/li>\n<li><span class='post-meta-key'>ao_post_optimize:<\/span> a:6:{s:16:\"ao_post_optimize\";s:2:\"on\";s:19:\"ao_post_js_optimize\";s:2:\"on\";s:20:\"ao_post_css_optimize\";s:2:\"on\";s:12:\"ao_post_ccss\";s:2:\"on\";s:16:\"ao_post_lazyload\";s:2:\"on\";s:15:\"ao_post_preload\";s:0:\"\";}<\/li>\n<li><span class='post-meta-key'>footnotes:<\/span> <\/li>\n<li><span class='post-meta-key'>rank_math_internal_links_processed:<\/span> 1<\/li>\n<li><span class='post-meta-key'>rank_math_og_content_image:<\/span> a:2:{s:5:\"check\";s:32:\"d60df8563be142df8347fb97bb465ad5\";s:6:\"images\";a:1:{i:0;i:60214;}}<\/li>\n<li><span class='post-meta-key'>rank_math_seo_score:<\/span> 5<\/li>\n<\/ul>\n<\/div><\/div>\n\t\t\t\t\t\t<\/div>\n\t\t\t\t<\/div>\n\t\t\t\t<div class=\"elementor-element elementor-element-723a153 elementor-widget elementor-widget-shortcode\" data-id=\"723a153\" data-element_type=\"widget\" data-e-type=\"widget\" data-widget_type=\"shortcode.default\">\n\t\t\t\t<div class=\"elementor-widget-container\">\n\t\t\t\t\t\t\t<div class=\"elementor-shortcode\"><div data-post-id=\"6947\" class=\"insert-page insert-page-6947 \"><h1 class='insert-page-title'>Estrutura Organizacional<\/h1>\n<p><a href=\"https:\/\/goias.gov.br\/administracao\/wp-content\/uploads\/sites\/27\/2019\/07\/SGG-1-1.pdf\"><img decoding=\"async\" class=\"alignnone  wp-image-82272\" src=\"https:\/\/goias.gov.br\/governo\/wp-content\/uploads\/sites\/11\/2018\/07\/SGG-1-1-1-1-300x212.jpg\" alt=\"\" width=\"593\" height=\"419\" srcset=\"https:\/\/goias.gov.br\/governo\/wp-content\/uploads\/sites\/11\/2018\/07\/SGG-1-1-1-1-300x212.jpg 300w, https:\/\/goias.gov.br\/governo\/wp-content\/uploads\/sites\/11\/2018\/07\/SGG-1-1-1-1-1024x724.jpg 1024w, https:\/\/goias.gov.br\/governo\/wp-content\/uploads\/sites\/11\/2018\/07\/SGG-1-1-1-1-768x543.jpg 768w, https:\/\/goias.gov.br\/governo\/wp-content\/uploads\/sites\/11\/2018\/07\/SGG-1-1-1-1-1536x1086.jpg 1536w, https:\/\/goias.gov.br\/governo\/wp-content\/uploads\/sites\/11\/2018\/07\/SGG-1-1-1-1-2048x1448.jpg 2048w\" sizes=\"(max-width: 593px) 100vw, 593px\" \/><\/a><\/p>\n<p>Fonte: \u00a0<a href=\"https:\/\/legisla.casacivil.go.gov.br\/pesquisa_legislacao\/106749\/lei-21792\">Lei n\u00ba 21.792, de 16 de fevereiro de 2023<\/a><\/p>\n<p>Saiba quem s\u00e3o nossos servidores e as fun\u00e7\u00f5es que exercem:<\/p>\n<ul>\n<li><a href=\"https:\/\/goias.gov.br\/governo\/cargos-e-seus-ocupantes\/\">Cargos e seus ocupantes<\/a><\/li>\n<\/ul>\n<h4 class=\"nomarginbottom\"><span style=\"color: #008000;\">Planejamento Estrat\u00e9gico<\/span><\/h4>\n<ul>\n<li><a href=\"https:\/\/goias.gov.br\/governo\/missao-e-valores\/\">Miss\u00e3o, Vis\u00e3o e Valores<\/a><\/li>\n<\/ul>\n<h4 class=\"nomarginbottom\"><span style=\"color: #008000;\">Conhe\u00e7a tamb\u00e9m outras entidades que est\u00e3o jurisdicionadas a SGG:<\/span><\/h4>\n<ul>\n<li><a href=\"https:\/\/goias.gov.br\/metrobus\/\">Metrobus Transporte Coletivo S\/A &#8211; METROBUS<\/a><\/li>\n<li><a href=\"https:\/\/www.goiasgas.com.br\/\">Ag\u00eancia Goiana de G\u00e1s Canalizado S\/A &#8211; GOI\u00c1S G\u00c1S<\/a><\/li>\n<li><a href=\"https:\/\/celgpar.com\/\">Companhia Celg de Participa\u00e7\u00f5es &#8211; CELGPAR<\/a><\/li>\n<li><a href=\"https:\/\/goiastelecom.go.gov.br\/\">Goi\u00e1s Telecomunica\u00e7\u00f5es S\/A &#8211; GOI\u00c1S TELECOM\u00a0<\/a><\/li>\n<li><a href=\"https:\/\/www.ueg.br\/\">Universidade Estadual de Goi\u00e1s &#8211; UEG<\/a><\/li>\n<\/ul>\n<ul class='post-meta'>\n<li><span class='post-meta-key'>tpg-post-view-count:<\/span> 640<\/li>\n<li><span class='post-meta-key'>rank_math_internal_links_processed:<\/span> 1<\/li>\n<li><span class='post-meta-key'>ao_post_optimize:<\/span> a:6:{s:16:\"ao_post_optimize\";s:2:\"on\";s:19:\"ao_post_js_optimize\";s:2:\"on\";s:20:\"ao_post_css_optimize\";s:2:\"on\";s:12:\"ao_post_ccss\";s:2:\"on\";s:16:\"ao_post_lazyload\";s:2:\"on\";s:15:\"ao_post_preload\";s:0:\"\";}<\/li>\n<li><span class='post-meta-key'>rank_math_seo_score:<\/span> 19<\/li>\n<li><span class='post-meta-key'>footnotes:<\/span> <\/li>\n<li><span class='post-meta-key'>rank_math_primary_category:<\/span> 372<\/li>\n<\/ul>\n<\/div><\/div>\n\t\t\t\t\t\t<\/div>\n\t\t\t\t<\/div>\n\t\t\t\t<\/div>\n\t\t\t\t\t<\/div>\n\t\t\t\t<\/div>\n\t\t\t\t<\/div>\n\t\t","protected":false},"excerpt":{"rendered":"","protected":false},"author":1,"featured_media":0,"parent":0,"menu_order":0,"comment_status":"closed","ping_status":"closed","template":"","meta":{"footnotes":"","_links_to":"","_links_to_target":""},"class_list":["post-9420","page","type-page","status-publish","hentry"],"rttpg_featured_image_url":null,"rttpg_author":{"display_name":"wagner.viana","author_link":"https:\/\/goias.gov.br\/governo\/author\/wagner-viana\/"},"rttpg_comment":0,"rttpg_category":"","rttpg_excerpt":null,"_links":{"self":[{"href":"https:\/\/goias.gov.br\/governo\/wp-json\/wp\/v2\/pages\/9420","targetHints":{"allow":["GET"]}}],"collection":[{"href":"https:\/\/goias.gov.br\/governo\/wp-json\/wp\/v2\/pages"}],"about":[{"href":"https:\/\/goias.gov.br\/governo\/wp-json\/wp\/v2\/types\/page"}],"author":[{"embeddable":true,"href":"https:\/\/goias.gov.br\/governo\/wp-json\/wp\/v2\/users\/1"}],"replies":[{"embeddable":true,"href":"https:\/\/goias.gov.br\/governo\/wp-json\/wp\/v2\/comments?post=9420"}],"version-history":[{"count":2,"href":"https:\/\/goias.gov.br\/governo\/wp-json\/wp\/v2\/pages\/9420\/revisions"}],"predecessor-version":[{"id":122887,"href":"https:\/\/goias.gov.br\/governo\/wp-json\/wp\/v2\/pages\/9420\/revisions\/122887"}],"wp:attachment":[{"href":"https:\/\/goias.gov.br\/governo\/wp-json\/wp\/v2\/media?parent=9420"}],"curies":[{"name":"wp","href":"https:\/\/api.w.org\/{rel}","templated":true}]}}